{"id":730,"date":"2019-02-14T18:41:25","date_gmt":"2019-02-14T17:41:25","guid":{"rendered":"http:\/\/116.203.103.232\/umlaut\/?post_type=product&#038;p=730"},"modified":"2023-10-23T11:13:04","modified_gmt":"2023-10-23T09:13:04","slug":"pieces-for-percussion-hannes-lingens-2","status":"publish","type":"product","link":"https:\/\/www.umlautrecords.com\/fr\/produit\/pieces-for-percussion-hannes-lingens-2\/","title":{"rendered":"Pieces for Percussion (LP)"},"content":{"rendered":"<p>Version num\u00e9rique disponible sur <a href=\"https:\/\/umlautrecords.bandcamp.com\/album\/pieces-for-percussion\">Bandcamp<\/a>.<\/p>\n<p><span style=\"font-weight: 400;\">Avec \u201cPieces for Percussion\u201d, le batteur, compositeur et accord\u00e9oniste Hannes Lingens (Die Hochstapler, Musaeum Clausum, Obliq, Konzert Minimal) pr\u00e9sente le premier album sous son nom apr\u00e8s \u201cFour Pieces for Quintet\u201d (insub, 2013).<\/span><\/p>\n<p><span style=\"font-weight: 400;\">Bien qu\u2019elles aient \u00e9t\u00e9 compos\u00e9es sur une p\u00e9riode de six ans et avec des strat\u00e9gies de composition vari\u00e9es, les pi\u00e8ces r\u00e9unies ici ont quelques caract\u00e9ristiques communes : elles explorent toutes une mati\u00e8re tr\u00e8s limit\u00e9e et dans chacune le cadre instrumental est r\u00e9duit \u00e0 un instrument ou type d\u2019instruments. Dans les pi\u00e8ces pour deux et quatre musiciens, toutes les parties sont construites de la m\u00eame mati\u00e8re. Les trois improvisations solo ont de fortes limites conceptuelles : \u201cCymbal I\u201d et \u201cCymbal II\u201d ont \u00e9t\u00e9 enregistr\u00e9es avec des micros extr\u00eamement proches, permettant \u00e0 des d\u00e9tails habituellement d\u00e9pass\u00e9s de remonter \u00e0 la surface. \u201cEarly Spring\u201d a \u00e9t\u00e9 enregistr\u00e9e avec la fen\u00eatre ouverte une journ\u00e9e particuli\u00e8rement chaude au printemps 2012, les sons de percussion sont soigneusement ajout\u00e9s aux bruits distants de la ville qui arrivent par la fen\u00eatre.<\/span><\/p>\n<p><span style=\"font-weight: 400;\">\u201cJ\u2019adore l\u2019irr\u00e9gularit\u00e9 r\u00e9guli\u00e8re des motifs et textures que l\u2019on trouve dans la nature, la forme d\u2019un arbre ou le son de l\u2019eau qui coule sur des rochers dans un ruisseau. Je vois ces pi\u00e8ces comme des images de ces ph\u00e9nom\u00e8nes naturels, quelque chose d\u2019ancien et d\u2019archa\u00efque qui \u00e9tait l\u00e0 bien avant nous et restera probablement bien apr\u00e8s. La dur\u00e9e des performance a \u00e9t\u00e9 d\u00e9finie dans le contexte de ce disque en particulier. Et en ce qui concerne l\u2019instrumentation, je vois ces r\u00e9alisations comme des propositions plut\u00f4t que des affirmations d\u00e9finies\u201d. &#8211; Hannes Lingens, d\u00e9cembre 2018.<\/span><\/p>\n","protected":false},"excerpt":{"rendered":"<p>Version num\u00e9rique disponible sur Bandcamp. Avec \u201cPieces for Percussion\u201d, le batteur, compositeur et accord\u00e9oniste Hannes Lingens (Die Hochstapler, Musaeum Clausum, Obliq, Konzert Minimal)&hellip;<\/p>\n","protected":false},"featured_media":736,"template":"","meta":{"_acf_changed":false},"product_brand":[],"product_cat":[29],"product_tag":[],"class_list":{"0":"post-730","1":"product","2":"type-product","3":"status-publish","4":"has-post-thumbnail","6":"product_cat-album","7":"product_shipping_class-vinyle","9":"first","10":"instock","11":"taxable","12":"shipping-taxable","13":"purchasable","14":"product-type-simple"},"acf":[],"yoast_head":"<!-- This site is optimized with the Yoast SEO plugin v27.0 - https:\/\/yoast.com\/product\/yoast-seo-wordpress\/ -->\n<title>Pieces for Percussion (LP) - Umlaut records<\/title>\n<meta name=\"robots\" content=\"index, follow, max-snippet:-1, max-image-preview:large, max-video-preview:-1\" \/>\n<link rel=\"canonical\" href=\"https:\/\/www.umlautrecords.com\/fr\/produit\/pieces-for-percussion-hannes-lingens-2\/\" \/>\n<meta property=\"og:locale\" content=\"fr_FR\" \/>\n<meta property=\"og:type\" content=\"article\" \/>\n<meta property=\"og:title\" content=\"Pieces for Percussion (LP) - Umlaut records\" \/>\n<meta property=\"og:description\" content=\"Version num\u00e9rique disponible sur Bandcamp. Avec \u201cPieces for Percussion\u201d, le batteur, compositeur et accord\u00e9oniste Hannes Lingens (Die Hochstapler, Musaeum Clausum, Obliq, Konzert Minimal)&hellip;\" \/>\n<meta property=\"og:url\" content=\"https:\/\/www.umlautrecords.com\/fr\/produit\/pieces-for-percussion-hannes-lingens-2\/\" \/>\n<meta property=\"og:site_name\" content=\"Umlaut records\" \/>\n<meta property=\"article:publisher\" content=\"https:\/\/www.facebook.com\/umlautrecords\" \/>\n<meta property=\"article:modified_time\" content=\"2023-10-23T09:13:04+00:00\" \/>\n<meta property=\"og:image\" content=\"https:\/\/www.umlautrecords.com\/wp-content\/uploads\/2020\/06\/pieces-for-percussion-hannes-lingens.jpg\" \/>\n\t<meta property=\"og:image:width\" content=\"1500\" \/>\n\t<meta property=\"og:image:height\" content=\"1500\" \/>\n\t<meta property=\"og:image:type\" content=\"image\/jpeg\" \/>\n<meta name=\"twitter:card\" content=\"summary_large_image\" \/>\n<meta name=\"twitter:label1\" content=\"Dur\u00e9e de lecture estim\u00e9e\" \/>\n\t<meta name=\"twitter:data1\" content=\"2 minutes\" \/>\n<script type=\"application\/ld+json\" class=\"yoast-schema-graph\">{\"@context\":\"https:\/\/schema.org\",\"@graph\":[{\"@type\":\"WebPage\",\"@id\":\"https:\/\/www.umlautrecords.com\/fr\/produit\/pieces-for-percussion-hannes-lingens-2\/\",\"url\":\"https:\/\/www.umlautrecords.com\/fr\/produit\/pieces-for-percussion-hannes-lingens-2\/\",\"name\":\"Pieces for Percussion (LP) - Umlaut records\",\"isPartOf\":{\"@id\":\"https:\/\/www.umlautrecords.com\/fr\/#website\"},\"primaryImageOfPage\":{\"@id\":\"https:\/\/www.umlautrecords.com\/fr\/produit\/pieces-for-percussion-hannes-lingens-2\/#primaryimage\"},\"image\":{\"@id\":\"https:\/\/www.umlautrecords.com\/fr\/produit\/pieces-for-percussion-hannes-lingens-2\/#primaryimage\"},\"thumbnailUrl\":\"https:\/\/www.umlautrecords.com\/wp-content\/uploads\/2020\/06\/pieces-for-percussion-hannes-lingens.jpg\",\"datePublished\":\"2019-02-14T17:41:25+00:00\",\"dateModified\":\"2023-10-23T09:13:04+00:00\",\"breadcrumb\":{\"@id\":\"https:\/\/www.umlautrecords.com\/fr\/produit\/pieces-for-percussion-hannes-lingens-2\/#breadcrumb\"},\"inLanguage\":\"fr-FR\",\"potentialAction\":[{\"@type\":\"ReadAction\",\"target\":[\"https:\/\/www.umlautrecords.com\/fr\/produit\/pieces-for-percussion-hannes-lingens-2\/\"]}]},{\"@type\":\"ImageObject\",\"inLanguage\":\"fr-FR\",\"@id\":\"https:\/\/www.umlautrecords.com\/fr\/produit\/pieces-for-percussion-hannes-lingens-2\/#primaryimage\",\"url\":\"https:\/\/www.umlautrecords.com\/wp-content\/uploads\/2020\/06\/pieces-for-percussion-hannes-lingens.jpg\",\"contentUrl\":\"https:\/\/www.umlautrecords.com\/wp-content\/uploads\/2020\/06\/pieces-for-percussion-hannes-lingens.jpg\",\"width\":1500,\"height\":1500},{\"@type\":\"BreadcrumbList\",\"@id\":\"https:\/\/www.umlautrecords.com\/fr\/produit\/pieces-for-percussion-hannes-lingens-2\/#breadcrumb\",\"itemListElement\":[{\"@type\":\"ListItem\",\"position\":1,\"name\":\"Accueil\",\"item\":\"https:\/\/www.umlautrecords.com\/fr\/\"},{\"@type\":\"ListItem\",\"position\":2,\"name\":\"Catalogue\",\"item\":\"https:\/\/www.umlautrecords.com\/fr\/shop\/\"},{\"@type\":\"ListItem\",\"position\":3,\"name\":\"Pieces for Percussion (LP)\"}]},{\"@type\":\"WebSite\",\"@id\":\"https:\/\/www.umlautrecords.com\/fr\/#website\",\"url\":\"https:\/\/www.umlautrecords.com\/fr\/\",\"name\":\"Umlaut records\",\"description\":\"transformation of sound\",\"publisher\":{\"@id\":\"https:\/\/www.umlautrecords.com\/fr\/#organization\"},\"potentialAction\":[{\"@type\":\"SearchAction\",\"target\":{\"@type\":\"EntryPoint\",\"urlTemplate\":\"https:\/\/www.umlautrecords.com\/fr\/?s={search_term_string}\"},\"query-input\":{\"@type\":\"PropertyValueSpecification\",\"valueRequired\":true,\"valueName\":\"search_term_string\"}}],\"inLanguage\":\"fr-FR\"},{\"@type\":\"Organization\",\"@id\":\"https:\/\/www.umlautrecords.com\/fr\/#organization\",\"name\":\"Umlaut records\",\"url\":\"https:\/\/www.umlautrecords.com\/fr\/\",\"logo\":{\"@type\":\"ImageObject\",\"inLanguage\":\"fr-FR\",\"@id\":\"https:\/\/www.umlautrecords.com\/fr\/#\/schema\/logo\/image\/\",\"url\":\"\",\"contentUrl\":\"\",\"caption\":\"Umlaut records\"},\"image\":{\"@id\":\"https:\/\/www.umlautrecords.com\/fr\/#\/schema\/logo\/image\/\"},\"sameAs\":[\"https:\/\/www.facebook.com\/umlautrecords\",\"https:\/\/www.instagram.com\/umlaut.records\/\",\"https:\/\/www.linkedin.com\/in\/umlaut-records-label-0678b7a4\/\",\"https:\/\/www.youtube.com\/user\/umsight\"]}]}<\/script>\n<!-- \/ Yoast SEO plugin. -->","yoast_head_json":{"title":"Pieces for Percussion (LP) - Umlaut records","robots":{"index":"index","follow":"follow","max-snippet":"max-snippet:-1","max-image-preview":"max-image-preview:large","max-video-preview":"max-video-preview:-1"},"canonical":"https:\/\/www.umlautrecords.com\/fr\/produit\/pieces-for-percussion-hannes-lingens-2\/","og_locale":"fr_FR","og_type":"article","og_title":"Pieces for Percussion (LP) - Umlaut records","og_description":"Version num\u00e9rique disponible sur Bandcamp. Avec \u201cPieces for Percussion\u201d, le batteur, compositeur et accord\u00e9oniste Hannes Lingens (Die Hochstapler, Musaeum Clausum, Obliq, Konzert Minimal)&hellip;","og_url":"https:\/\/www.umlautrecords.com\/fr\/produit\/pieces-for-percussion-hannes-lingens-2\/","og_site_name":"Umlaut records","article_publisher":"https:\/\/www.facebook.com\/umlautrecords","article_modified_time":"2023-10-23T09:13:04+00:00","og_image":[{"width":1500,"height":1500,"url":"https:\/\/www.umlautrecords.com\/wp-content\/uploads\/2020\/06\/pieces-for-percussion-hannes-lingens.jpg","type":"image\/jpeg"}],"twitter_card":"summary_large_image","twitter_misc":{"Dur\u00e9e de lecture estim\u00e9e":"2 minutes"},"schema":{"@context":"https:\/\/schema.org","@graph":[{"@type":"WebPage","@id":"https:\/\/www.umlautrecords.com\/fr\/produit\/pieces-for-percussion-hannes-lingens-2\/","url":"https:\/\/www.umlautrecords.com\/fr\/produit\/pieces-for-percussion-hannes-lingens-2\/","name":"Pieces for Percussion (LP) - Umlaut records","isPartOf":{"@id":"https:\/\/www.umlautrecords.com\/fr\/#website"},"primaryImageOfPage":{"@id":"https:\/\/www.umlautrecords.com\/fr\/produit\/pieces-for-percussion-hannes-lingens-2\/#primaryimage"},"image":{"@id":"https:\/\/www.umlautrecords.com\/fr\/produit\/pieces-for-percussion-hannes-lingens-2\/#primaryimage"},"thumbnailUrl":"https:\/\/www.umlautrecords.com\/wp-content\/uploads\/2020\/06\/pieces-for-percussion-hannes-lingens.jpg","datePublished":"2019-02-14T17:41:25+00:00","dateModified":"2023-10-23T09:13:04+00:00","breadcrumb":{"@id":"https:\/\/www.umlautrecords.com\/fr\/produit\/pieces-for-percussion-hannes-lingens-2\/#breadcrumb"},"inLanguage":"fr-FR","potentialAction":[{"@type":"ReadAction","target":["https:\/\/www.umlautrecords.com\/fr\/produit\/pieces-for-percussion-hannes-lingens-2\/"]}]},{"@type":"ImageObject","inLanguage":"fr-FR","@id":"https:\/\/www.umlautrecords.com\/fr\/produit\/pieces-for-percussion-hannes-lingens-2\/#primaryimage","url":"https:\/\/www.umlautrecords.com\/wp-content\/uploads\/2020\/06\/pieces-for-percussion-hannes-lingens.jpg","contentUrl":"https:\/\/www.umlautrecords.com\/wp-content\/uploads\/2020\/06\/pieces-for-percussion-hannes-lingens.jpg","width":1500,"height":1500},{"@type":"BreadcrumbList","@id":"https:\/\/www.umlautrecords.com\/fr\/produit\/pieces-for-percussion-hannes-lingens-2\/#breadcrumb","itemListElement":[{"@type":"ListItem","position":1,"name":"Accueil","item":"https:\/\/www.umlautrecords.com\/fr\/"},{"@type":"ListItem","position":2,"name":"Catalogue","item":"https:\/\/www.umlautrecords.com\/fr\/shop\/"},{"@type":"ListItem","position":3,"name":"Pieces for Percussion (LP)"}]},{"@type":"WebSite","@id":"https:\/\/www.umlautrecords.com\/fr\/#website","url":"https:\/\/www.umlautrecords.com\/fr\/","name":"Umlaut records","description":"transformation of sound","publisher":{"@id":"https:\/\/www.umlautrecords.com\/fr\/#organization"},"potentialAction":[{"@type":"SearchAction","target":{"@type":"EntryPoint","urlTemplate":"https:\/\/www.umlautrecords.com\/fr\/?s={search_term_string}"},"query-input":{"@type":"PropertyValueSpecification","valueRequired":true,"valueName":"search_term_string"}}],"inLanguage":"fr-FR"},{"@type":"Organization","@id":"https:\/\/www.umlautrecords.com\/fr\/#organization","name":"Umlaut records","url":"https:\/\/www.umlautrecords.com\/fr\/","logo":{"@type":"ImageObject","inLanguage":"fr-FR","@id":"https:\/\/www.umlautrecords.com\/fr\/#\/schema\/logo\/image\/","url":"","contentUrl":"","caption":"Umlaut records"},"image":{"@id":"https:\/\/www.umlautrecords.com\/fr\/#\/schema\/logo\/image\/"},"sameAs":["https:\/\/www.facebook.com\/umlautrecords","https:\/\/www.instagram.com\/umlaut.records\/","https:\/\/www.linkedin.com\/in\/umlaut-records-label-0678b7a4\/","https:\/\/www.youtube.com\/user\/umsight"]}]}},"_links":{"self":[{"href":"https:\/\/www.umlautrecords.com\/fr\/wp-json\/wp\/v2\/product\/730","targetHints":{"allow":["GET"]}}],"collection":[{"href":"https:\/\/www.umlautrecords.com\/fr\/wp-json\/wp\/v2\/product"}],"about":[{"href":"https:\/\/www.umlautrecords.com\/fr\/wp-json\/wp\/v2\/types\/product"}],"wp:featuredmedia":[{"embeddable":true,"href":"https:\/\/www.umlautrecords.com\/fr\/wp-json\/wp\/v2\/media\/736"}],"wp:attachment":[{"href":"https:\/\/www.umlautrecords.com\/fr\/wp-json\/wp\/v2\/media?parent=730"}],"wp:term":[{"taxonomy":"product_brand","embeddable":true,"href":"https:\/\/www.umlautrecords.com\/fr\/wp-json\/wp\/v2\/product_brand?post=730"},{"taxonomy":"product_cat","embeddable":true,"href":"https:\/\/www.umlautrecords.com\/fr\/wp-json\/wp\/v2\/product_cat?post=730"},{"taxonomy":"product_tag","embeddable":true,"href":"https:\/\/www.umlautrecords.com\/fr\/wp-json\/wp\/v2\/product_tag?post=730"}],"curies":[{"name":"wp","href":"https:\/\/api.w.org\/{rel}","templated":true}]}}