{"id":725,"date":"2018-07-19T18:24:35","date_gmt":"2018-07-19T16:24:35","guid":{"rendered":"http:\/\/116.203.103.232\/umlaut\/?post_type=product&#038;p=725"},"modified":"2023-11-21T15:47:10","modified_gmt":"2023-11-21T14:47:10","slug":"toile-etoiles-joris-ruhl-solo-2","status":"publish","type":"product","link":"https:\/\/www.umlautrecords.com\/fr\/produit\/toile-etoiles-joris-ruhl-solo-2\/","title":{"rendered":"Toile \u00c9toiles (Original, Edition Limit\u00e9e)"},"content":{"rendered":"<p>Version num\u00e9rique disponible sur <a href=\"https:\/\/umlautrecords.bandcamp.com\/album\/toile-etoiles\">Bandcamp<\/a>.<\/p>\n<p><span style=\"font-weight: 400;\">Au cours de la longue pi\u00e8ce \u00e9crite et des quatre courtes improvisations qui composent ce disque, le clarinettiste Joris R\u00fchl entreprend une recherche sonore m\u00e9ticuleuse et vivante, pr\u00e9cise et d\u00e9sordonn\u00e9e. En repoussant la technique instrumentale dans des recoins inexplor\u00e9s, il cis\u00e8le et mart\u00e8le, tord, ponce et p\u00e9trit une mati\u00e8re fragile et changeante. Ce go\u00fbt pour une \u201cpo\u00e9sie de la technique\u201d se retrouve dans le choix de la fabrication artisanale de la pochette. Ainsi le plaisir de l\u2019exp\u00e9rimentation sonore s\u2019est prolong\u00e9 par celui de la recherche \u00e0 l\u2019atelier de reliure ; et \u00e0 la vibration de l\u2019anche ont fait \u00e9cho la caresse rugueuse de la toile, le relief sous les doigts des impressions en caract\u00e8res de plomb, le son du beau papier qu\u2019on feuill\u00e8te.<\/span><\/p>\n","protected":false},"excerpt":{"rendered":"<p>Version num\u00e9rique disponible sur Bandcamp. Au cours de la longue pi\u00e8ce \u00e9crite et des quatre courtes improvisations qui composent ce disque, le clarinettiste&hellip;<\/p>\n","protected":false},"featured_media":726,"template":"","meta":{"_acf_changed":false},"product_brand":[],"product_cat":[29],"product_tag":[],"class_list":{"0":"post-725","1":"product","2":"type-product","3":"status-publish","4":"has-post-thumbnail","6":"product_cat-album","7":"product_shipping_class-cd","9":"first","10":"instock","11":"taxable","12":"shipping-taxable","13":"purchasable","14":"product-type-variable"},"acf":[],"yoast_head":"<!-- This site is optimized with the Yoast SEO plugin v27.0 - https:\/\/yoast.com\/product\/yoast-seo-wordpress\/ -->\n<title>Toile \u00c9toiles (Original, Edition Limit\u00e9e) - Umlaut records<\/title>\n<meta name=\"robots\" content=\"index, follow, max-snippet:-1, max-image-preview:large, max-video-preview:-1\" \/>\n<link rel=\"canonical\" href=\"https:\/\/www.umlautrecords.com\/fr\/produit\/toile-etoiles-joris-ruhl-solo-2\/\" \/>\n<meta property=\"og:locale\" content=\"fr_FR\" \/>\n<meta property=\"og:type\" content=\"article\" \/>\n<meta property=\"og:title\" content=\"Toile \u00c9toiles (Original, Edition Limit\u00e9e) - Umlaut records\" \/>\n<meta property=\"og:description\" content=\"Version num\u00e9rique disponible sur Bandcamp. Au cours de la longue pi\u00e8ce \u00e9crite et des quatre courtes improvisations qui composent ce disque, le clarinettiste&hellip;\" \/>\n<meta property=\"og:url\" content=\"https:\/\/www.umlautrecords.com\/fr\/produit\/toile-etoiles-joris-ruhl-solo-2\/\" \/>\n<meta property=\"og:site_name\" content=\"Umlaut records\" \/>\n<meta property=\"article:publisher\" content=\"https:\/\/www.facebook.com\/umlautrecords\" \/>\n<meta property=\"article:modified_time\" content=\"2023-11-21T14:47:10+00:00\" \/>\n<meta property=\"og:image\" content=\"https:\/\/www.umlautrecords.com\/wp-content\/uploads\/2020\/06\/toile-etoiles-joris-ruhl.jpeg\" \/>\n\t<meta property=\"og:image:width\" content=\"2176\" \/>\n\t<meta property=\"og:image:height\" content=\"1973\" \/>\n\t<meta property=\"og:image:type\" content=\"image\/jpeg\" \/>\n<meta name=\"twitter:card\" content=\"summary_large_image\" \/>\n<meta name=\"twitter:label1\" content=\"Dur\u00e9e de lecture estim\u00e9e\" \/>\n\t<meta name=\"twitter:data1\" content=\"1 minute\" \/>\n<script type=\"application\/ld+json\" class=\"yoast-schema-graph\">{\"@context\":\"https:\/\/schema.org\",\"@graph\":[{\"@type\":\"WebPage\",\"@id\":\"https:\/\/www.umlautrecords.com\/fr\/produit\/toile-etoiles-joris-ruhl-solo-2\/\",\"url\":\"https:\/\/www.umlautrecords.com\/fr\/produit\/toile-etoiles-joris-ruhl-solo-2\/\",\"name\":\"Toile \u00c9toiles (Original, Edition Limit\u00e9e) - Umlaut records\",\"isPartOf\":{\"@id\":\"https:\/\/www.umlautrecords.com\/fr\/#website\"},\"primaryImageOfPage\":{\"@id\":\"https:\/\/www.umlautrecords.com\/fr\/produit\/toile-etoiles-joris-ruhl-solo-2\/#primaryimage\"},\"image\":{\"@id\":\"https:\/\/www.umlautrecords.com\/fr\/produit\/toile-etoiles-joris-ruhl-solo-2\/#primaryimage\"},\"thumbnailUrl\":\"https:\/\/www.umlautrecords.com\/wp-content\/uploads\/2020\/06\/toile-etoiles-joris-ruhl.jpeg\",\"datePublished\":\"2018-07-19T16:24:35+00:00\",\"dateModified\":\"2023-11-21T14:47:10+00:00\",\"breadcrumb\":{\"@id\":\"https:\/\/www.umlautrecords.com\/fr\/produit\/toile-etoiles-joris-ruhl-solo-2\/#breadcrumb\"},\"inLanguage\":\"fr-FR\",\"potentialAction\":[{\"@type\":\"ReadAction\",\"target\":[\"https:\/\/www.umlautrecords.com\/fr\/produit\/toile-etoiles-joris-ruhl-solo-2\/\"]}]},{\"@type\":\"ImageObject\",\"inLanguage\":\"fr-FR\",\"@id\":\"https:\/\/www.umlautrecords.com\/fr\/produit\/toile-etoiles-joris-ruhl-solo-2\/#primaryimage\",\"url\":\"https:\/\/www.umlautrecords.com\/wp-content\/uploads\/2020\/06\/toile-etoiles-joris-ruhl.jpeg\",\"contentUrl\":\"https:\/\/www.umlautrecords.com\/wp-content\/uploads\/2020\/06\/toile-etoiles-joris-ruhl.jpeg\",\"width\":2176,\"height\":1973},{\"@type\":\"BreadcrumbList\",\"@id\":\"https:\/\/www.umlautrecords.com\/fr\/produit\/toile-etoiles-joris-ruhl-solo-2\/#breadcrumb\",\"itemListElement\":[{\"@type\":\"ListItem\",\"position\":1,\"name\":\"Accueil\",\"item\":\"https:\/\/www.umlautrecords.com\/fr\/\"},{\"@type\":\"ListItem\",\"position\":2,\"name\":\"Catalogue\",\"item\":\"https:\/\/www.umlautrecords.com\/fr\/shop\/\"},{\"@type\":\"ListItem\",\"position\":3,\"name\":\"Toile \u00c9toiles (Original, Edition Limit\u00e9e)\"}]},{\"@type\":\"WebSite\",\"@id\":\"https:\/\/www.umlautrecords.com\/fr\/#website\",\"url\":\"https:\/\/www.umlautrecords.com\/fr\/\",\"name\":\"Umlaut records\",\"description\":\"transformation of sound\",\"publisher\":{\"@id\":\"https:\/\/www.umlautrecords.com\/fr\/#organization\"},\"potentialAction\":[{\"@type\":\"SearchAction\",\"target\":{\"@type\":\"EntryPoint\",\"urlTemplate\":\"https:\/\/www.umlautrecords.com\/fr\/?s={search_term_string}\"},\"query-input\":{\"@type\":\"PropertyValueSpecification\",\"valueRequired\":true,\"valueName\":\"search_term_string\"}}],\"inLanguage\":\"fr-FR\"},{\"@type\":\"Organization\",\"@id\":\"https:\/\/www.umlautrecords.com\/fr\/#organization\",\"name\":\"Umlaut records\",\"url\":\"https:\/\/www.umlautrecords.com\/fr\/\",\"logo\":{\"@type\":\"ImageObject\",\"inLanguage\":\"fr-FR\",\"@id\":\"https:\/\/www.umlautrecords.com\/fr\/#\/schema\/logo\/image\/\",\"url\":\"\",\"contentUrl\":\"\",\"caption\":\"Umlaut records\"},\"image\":{\"@id\":\"https:\/\/www.umlautrecords.com\/fr\/#\/schema\/logo\/image\/\"},\"sameAs\":[\"https:\/\/www.facebook.com\/umlautrecords\",\"https:\/\/www.instagram.com\/umlaut.records\/\",\"https:\/\/www.linkedin.com\/in\/umlaut-records-label-0678b7a4\/\",\"https:\/\/www.youtube.com\/user\/umsight\"]}]}<\/script>\n<!-- \/ Yoast SEO plugin. -->","yoast_head_json":{"title":"Toile \u00c9toiles (Original, Edition Limit\u00e9e) - Umlaut records","robots":{"index":"index","follow":"follow","max-snippet":"max-snippet:-1","max-image-preview":"max-image-preview:large","max-video-preview":"max-video-preview:-1"},"canonical":"https:\/\/www.umlautrecords.com\/fr\/produit\/toile-etoiles-joris-ruhl-solo-2\/","og_locale":"fr_FR","og_type":"article","og_title":"Toile \u00c9toiles (Original, Edition Limit\u00e9e) - Umlaut records","og_description":"Version num\u00e9rique disponible sur Bandcamp. Au cours de la longue pi\u00e8ce \u00e9crite et des quatre courtes improvisations qui composent ce disque, le clarinettiste&hellip;","og_url":"https:\/\/www.umlautrecords.com\/fr\/produit\/toile-etoiles-joris-ruhl-solo-2\/","og_site_name":"Umlaut records","article_publisher":"https:\/\/www.facebook.com\/umlautrecords","article_modified_time":"2023-11-21T14:47:10+00:00","og_image":[{"width":2176,"height":1973,"url":"https:\/\/www.umlautrecords.com\/wp-content\/uploads\/2020\/06\/toile-etoiles-joris-ruhl.jpeg","type":"image\/jpeg"}],"twitter_card":"summary_large_image","twitter_misc":{"Dur\u00e9e de lecture estim\u00e9e":"1 minute"},"schema":{"@context":"https:\/\/schema.org","@graph":[{"@type":"WebPage","@id":"https:\/\/www.umlautrecords.com\/fr\/produit\/toile-etoiles-joris-ruhl-solo-2\/","url":"https:\/\/www.umlautrecords.com\/fr\/produit\/toile-etoiles-joris-ruhl-solo-2\/","name":"Toile \u00c9toiles (Original, Edition Limit\u00e9e) - Umlaut records","isPartOf":{"@id":"https:\/\/www.umlautrecords.com\/fr\/#website"},"primaryImageOfPage":{"@id":"https:\/\/www.umlautrecords.com\/fr\/produit\/toile-etoiles-joris-ruhl-solo-2\/#primaryimage"},"image":{"@id":"https:\/\/www.umlautrecords.com\/fr\/produit\/toile-etoiles-joris-ruhl-solo-2\/#primaryimage"},"thumbnailUrl":"https:\/\/www.umlautrecords.com\/wp-content\/uploads\/2020\/06\/toile-etoiles-joris-ruhl.jpeg","datePublished":"2018-07-19T16:24:35+00:00","dateModified":"2023-11-21T14:47:10+00:00","breadcrumb":{"@id":"https:\/\/www.umlautrecords.com\/fr\/produit\/toile-etoiles-joris-ruhl-solo-2\/#breadcrumb"},"inLanguage":"fr-FR","potentialAction":[{"@type":"ReadAction","target":["https:\/\/www.umlautrecords.com\/fr\/produit\/toile-etoiles-joris-ruhl-solo-2\/"]}]},{"@type":"ImageObject","inLanguage":"fr-FR","@id":"https:\/\/www.umlautrecords.com\/fr\/produit\/toile-etoiles-joris-ruhl-solo-2\/#primaryimage","url":"https:\/\/www.umlautrecords.com\/wp-content\/uploads\/2020\/06\/toile-etoiles-joris-ruhl.jpeg","contentUrl":"https:\/\/www.umlautrecords.com\/wp-content\/uploads\/2020\/06\/toile-etoiles-joris-ruhl.jpeg","width":2176,"height":1973},{"@type":"BreadcrumbList","@id":"https:\/\/www.umlautrecords.com\/fr\/produit\/toile-etoiles-joris-ruhl-solo-2\/#breadcrumb","itemListElement":[{"@type":"ListItem","position":1,"name":"Accueil","item":"https:\/\/www.umlautrecords.com\/fr\/"},{"@type":"ListItem","position":2,"name":"Catalogue","item":"https:\/\/www.umlautrecords.com\/fr\/shop\/"},{"@type":"ListItem","position":3,"name":"Toile \u00c9toiles (Original, Edition Limit\u00e9e)"}]},{"@type":"WebSite","@id":"https:\/\/www.umlautrecords.com\/fr\/#website","url":"https:\/\/www.umlautrecords.com\/fr\/","name":"Umlaut records","description":"transformation of sound","publisher":{"@id":"https:\/\/www.umlautrecords.com\/fr\/#organization"},"potentialAction":[{"@type":"SearchAction","target":{"@type":"EntryPoint","urlTemplate":"https:\/\/www.umlautrecords.com\/fr\/?s={search_term_string}"},"query-input":{"@type":"PropertyValueSpecification","valueRequired":true,"valueName":"search_term_string"}}],"inLanguage":"fr-FR"},{"@type":"Organization","@id":"https:\/\/www.umlautrecords.com\/fr\/#organization","name":"Umlaut records","url":"https:\/\/www.umlautrecords.com\/fr\/","logo":{"@type":"ImageObject","inLanguage":"fr-FR","@id":"https:\/\/www.umlautrecords.com\/fr\/#\/schema\/logo\/image\/","url":"","contentUrl":"","caption":"Umlaut records"},"image":{"@id":"https:\/\/www.umlautrecords.com\/fr\/#\/schema\/logo\/image\/"},"sameAs":["https:\/\/www.facebook.com\/umlautrecords","https:\/\/www.instagram.com\/umlaut.records\/","https:\/\/www.linkedin.com\/in\/umlaut-records-label-0678b7a4\/","https:\/\/www.youtube.com\/user\/umsight"]}]}},"_links":{"self":[{"href":"https:\/\/www.umlautrecords.com\/fr\/wp-json\/wp\/v2\/product\/725","targetHints":{"allow":["GET"]}}],"collection":[{"href":"https:\/\/www.umlautrecords.com\/fr\/wp-json\/wp\/v2\/product"}],"about":[{"href":"https:\/\/www.umlautrecords.com\/fr\/wp-json\/wp\/v2\/types\/product"}],"wp:featuredmedia":[{"embeddable":true,"href":"https:\/\/www.umlautrecords.com\/fr\/wp-json\/wp\/v2\/media\/726"}],"wp:attachment":[{"href":"https:\/\/www.umlautrecords.com\/fr\/wp-json\/wp\/v2\/media?parent=725"}],"wp:term":[{"taxonomy":"product_brand","embeddable":true,"href":"https:\/\/www.umlautrecords.com\/fr\/wp-json\/wp\/v2\/product_brand?post=725"},{"taxonomy":"product_cat","embeddable":true,"href":"https:\/\/www.umlautrecords.com\/fr\/wp-json\/wp\/v2\/product_cat?post=725"},{"taxonomy":"product_tag","embeddable":true,"href":"https:\/\/www.umlautrecords.com\/fr\/wp-json\/wp\/v2\/product_tag?post=725"}],"curies":[{"name":"wp","href":"https:\/\/api.w.org\/{rel}","templated":true}]}}