{"id":721,"date":"2018-06-15T18:11:37","date_gmt":"2018-06-15T16:11:37","guid":{"rendered":"http:\/\/116.203.103.232\/umlaut\/?post_type=product&#038;p=721"},"modified":"2024-06-04T12:37:51","modified_gmt":"2024-06-04T10:37:51","slug":"nocturnes-sebastien-beliah","status":"publish","type":"product","link":"https:\/\/www.umlautrecords.com\/fr\/produit\/nocturnes-sebastien-beliah\/","title":{"rendered":"Nocturnes (CD)"},"content":{"rendered":"<p>Version num\u00e9rique disponible sur <a href=\"https:\/\/umlautrecords.bandcamp.com\/album\/nocturnes\">Bandcamp<\/a>.<\/p>\n<p><span style=\"font-weight: 400;\">Des sons. Seulement des sons qui habitent l\u2019espace.<\/span><\/p>\n<p><span style=\"font-weight: 400;\">Parfois ils se rencontrent, parfois ils voyagent seuls au travers de l\u2019espace,<\/span><\/p>\n<p><span style=\"font-weight: 400;\">D\u00e9crivant lentement la g\u00e9ographie de l\u2019instrument qui les produit.<\/span><\/p>\n<p><span style=\"font-weight: 400;\">Depuis qu\u2019il a commenc\u00e9 \u00e0 jouer de la contrebasse, S\u00e9bastien Beliah a toujours cherch\u00e9 \u00e0 s\u2019inventer sa propre musique avec cet instrument. C\u2019est pourquoi en marge de son travail dans diff\u00e9rents ensembles de jazz et de musiques improvis\u00e9es (Un Poco Loco, ONCEIM, Umlaut Big Band, Ensemble Hodos), il a toujours conserv\u00e9 un lieu, seul \u00e0 seul avec son instrument, dans lequel d\u00e9velopper ces id\u00e9es personnelles.<\/span><\/p>\n<p><span style=\"font-weight: 400;\">De l\u00e0 est n\u00e9 Nocturnes. Des pi\u00e8ces aux allures simples, au profils \u00e9pur\u00e9s, comme pour mieux inviter l\u2019auditeur \u00e0 entendre les infimes recoins du son de la contrebasse.<\/span><\/p>\n<p>Nocturnes est vendu dans un packaging de luxe constitu\u00e9 d\u2019une enveloppe en papier cartonn\u00e9 et de deux \u00e9tiquettes imprim\u00e9es \u00e0 l\u2019encre. <span style=\"font-weight: 400;\">L\u2019ensemble a \u00e9t\u00e9 r\u00e9alis\u00e9 \u00e0 la main par Robert Sawa et Alicja Magiera \u00e0 l\u2019imprimerie Dom S\u0142\u00f3w \u00e0 Lublin (Pologne).<\/span><\/p>\n","protected":false},"excerpt":{"rendered":"<p>Version num\u00e9rique disponible sur Bandcamp. Des sons. Seulement des sons qui habitent l\u2019espace. Parfois ils se rencontrent, parfois ils voyagent seuls au travers&hellip;<\/p>\n","protected":false},"featured_media":1297,"template":"","meta":{"_acf_changed":false},"product_brand":[],"product_cat":[29],"product_tag":[],"class_list":{"0":"post-721","1":"product","2":"type-product","3":"status-publish","4":"has-post-thumbnail","6":"product_cat-album","7":"product_shipping_class-cd","9":"first","10":"instock","11":"taxable","12":"shipping-taxable","13":"purchasable","14":"product-type-simple"},"acf":[],"yoast_head":"<!-- This site is optimized with the Yoast SEO plugin v27.0 - https:\/\/yoast.com\/product\/yoast-seo-wordpress\/ -->\n<title>Nocturnes (CD) - Umlaut records<\/title>\n<meta name=\"robots\" content=\"index, follow, max-snippet:-1, max-image-preview:large, max-video-preview:-1\" \/>\n<link rel=\"canonical\" href=\"https:\/\/www.umlautrecords.com\/fr\/produit\/nocturnes-sebastien-beliah\/\" \/>\n<meta property=\"og:locale\" content=\"fr_FR\" \/>\n<meta property=\"og:type\" content=\"article\" \/>\n<meta property=\"og:title\" content=\"Nocturnes (CD) - Umlaut records\" \/>\n<meta property=\"og:description\" content=\"Version num\u00e9rique disponible sur Bandcamp. Des sons. Seulement des sons qui habitent l\u2019espace. Parfois ils se rencontrent, parfois ils voyagent seuls au travers&hellip;\" \/>\n<meta property=\"og:url\" content=\"https:\/\/www.umlautrecords.com\/fr\/produit\/nocturnes-sebastien-beliah\/\" \/>\n<meta property=\"og:site_name\" content=\"Umlaut records\" \/>\n<meta property=\"article:publisher\" content=\"https:\/\/www.facebook.com\/umlautrecords\" \/>\n<meta property=\"article:modified_time\" content=\"2024-06-04T10:37:51+00:00\" \/>\n<meta property=\"og:image\" content=\"https:\/\/www.umlautrecords.com\/wp-content\/uploads\/2018\/06\/umlaut-nocturnes-sebastien-beliah-nocturnes-sebastien-beliah-hd.jpg\" \/>\n\t<meta property=\"og:image:width\" content=\"1024\" \/>\n\t<meta property=\"og:image:height\" content=\"1015\" \/>\n\t<meta property=\"og:image:type\" content=\"image\/jpeg\" \/>\n<meta name=\"twitter:card\" content=\"summary_large_image\" \/>\n<meta name=\"twitter:label1\" content=\"Dur\u00e9e de lecture estim\u00e9e\" \/>\n\t<meta name=\"twitter:data1\" content=\"1 minute\" \/>\n<script type=\"application\/ld+json\" class=\"yoast-schema-graph\">{\"@context\":\"https:\/\/schema.org\",\"@graph\":[{\"@type\":\"WebPage\",\"@id\":\"https:\/\/www.umlautrecords.com\/fr\/produit\/nocturnes-sebastien-beliah\/\",\"url\":\"https:\/\/www.umlautrecords.com\/fr\/produit\/nocturnes-sebastien-beliah\/\",\"name\":\"Nocturnes (CD) - Umlaut records\",\"isPartOf\":{\"@id\":\"https:\/\/www.umlautrecords.com\/fr\/#website\"},\"primaryImageOfPage\":{\"@id\":\"https:\/\/www.umlautrecords.com\/fr\/produit\/nocturnes-sebastien-beliah\/#primaryimage\"},\"image\":{\"@id\":\"https:\/\/www.umlautrecords.com\/fr\/produit\/nocturnes-sebastien-beliah\/#primaryimage\"},\"thumbnailUrl\":\"https:\/\/www.umlautrecords.com\/wp-content\/uploads\/2018\/06\/umlaut-nocturnes-sebastien-beliah-nocturnes-sebastien-beliah-hd.jpg\",\"datePublished\":\"2018-06-15T16:11:37+00:00\",\"dateModified\":\"2024-06-04T10:37:51+00:00\",\"breadcrumb\":{\"@id\":\"https:\/\/www.umlautrecords.com\/fr\/produit\/nocturnes-sebastien-beliah\/#breadcrumb\"},\"inLanguage\":\"fr-FR\",\"potentialAction\":[{\"@type\":\"ReadAction\",\"target\":[\"https:\/\/www.umlautrecords.com\/fr\/produit\/nocturnes-sebastien-beliah\/\"]}]},{\"@type\":\"ImageObject\",\"inLanguage\":\"fr-FR\",\"@id\":\"https:\/\/www.umlautrecords.com\/fr\/produit\/nocturnes-sebastien-beliah\/#primaryimage\",\"url\":\"https:\/\/www.umlautrecords.com\/wp-content\/uploads\/2018\/06\/umlaut-nocturnes-sebastien-beliah-nocturnes-sebastien-beliah-hd.jpg\",\"contentUrl\":\"https:\/\/www.umlautrecords.com\/wp-content\/uploads\/2018\/06\/umlaut-nocturnes-sebastien-beliah-nocturnes-sebastien-beliah-hd.jpg\",\"width\":1024,\"height\":1015},{\"@type\":\"BreadcrumbList\",\"@id\":\"https:\/\/www.umlautrecords.com\/fr\/produit\/nocturnes-sebastien-beliah\/#breadcrumb\",\"itemListElement\":[{\"@type\":\"ListItem\",\"position\":1,\"name\":\"Accueil\",\"item\":\"https:\/\/www.umlautrecords.com\/fr\/\"},{\"@type\":\"ListItem\",\"position\":2,\"name\":\"Catalogue\",\"item\":\"https:\/\/www.umlautrecords.com\/fr\/shop\/\"},{\"@type\":\"ListItem\",\"position\":3,\"name\":\"Nocturnes (CD)\"}]},{\"@type\":\"WebSite\",\"@id\":\"https:\/\/www.umlautrecords.com\/fr\/#website\",\"url\":\"https:\/\/www.umlautrecords.com\/fr\/\",\"name\":\"Umlaut records\",\"description\":\"transformation of sound\",\"publisher\":{\"@id\":\"https:\/\/www.umlautrecords.com\/fr\/#organization\"},\"potentialAction\":[{\"@type\":\"SearchAction\",\"target\":{\"@type\":\"EntryPoint\",\"urlTemplate\":\"https:\/\/www.umlautrecords.com\/fr\/?s={search_term_string}\"},\"query-input\":{\"@type\":\"PropertyValueSpecification\",\"valueRequired\":true,\"valueName\":\"search_term_string\"}}],\"inLanguage\":\"fr-FR\"},{\"@type\":\"Organization\",\"@id\":\"https:\/\/www.umlautrecords.com\/fr\/#organization\",\"name\":\"Umlaut records\",\"url\":\"https:\/\/www.umlautrecords.com\/fr\/\",\"logo\":{\"@type\":\"ImageObject\",\"inLanguage\":\"fr-FR\",\"@id\":\"https:\/\/www.umlautrecords.com\/fr\/#\/schema\/logo\/image\/\",\"url\":\"\",\"contentUrl\":\"\",\"caption\":\"Umlaut records\"},\"image\":{\"@id\":\"https:\/\/www.umlautrecords.com\/fr\/#\/schema\/logo\/image\/\"},\"sameAs\":[\"https:\/\/www.facebook.com\/umlautrecords\",\"https:\/\/www.instagram.com\/umlaut.records\/\",\"https:\/\/www.linkedin.com\/in\/umlaut-records-label-0678b7a4\/\",\"https:\/\/www.youtube.com\/user\/umsight\"]}]}<\/script>\n<!-- \/ Yoast SEO plugin. -->","yoast_head_json":{"title":"Nocturnes (CD) - Umlaut records","robots":{"index":"index","follow":"follow","max-snippet":"max-snippet:-1","max-image-preview":"max-image-preview:large","max-video-preview":"max-video-preview:-1"},"canonical":"https:\/\/www.umlautrecords.com\/fr\/produit\/nocturnes-sebastien-beliah\/","og_locale":"fr_FR","og_type":"article","og_title":"Nocturnes (CD) - Umlaut records","og_description":"Version num\u00e9rique disponible sur Bandcamp. Des sons. Seulement des sons qui habitent l\u2019espace. Parfois ils se rencontrent, parfois ils voyagent seuls au travers&hellip;","og_url":"https:\/\/www.umlautrecords.com\/fr\/produit\/nocturnes-sebastien-beliah\/","og_site_name":"Umlaut records","article_publisher":"https:\/\/www.facebook.com\/umlautrecords","article_modified_time":"2024-06-04T10:37:51+00:00","og_image":[{"width":1024,"height":1015,"url":"https:\/\/www.umlautrecords.com\/wp-content\/uploads\/2018\/06\/umlaut-nocturnes-sebastien-beliah-nocturnes-sebastien-beliah-hd.jpg","type":"image\/jpeg"}],"twitter_card":"summary_large_image","twitter_misc":{"Dur\u00e9e de lecture estim\u00e9e":"1 minute"},"schema":{"@context":"https:\/\/schema.org","@graph":[{"@type":"WebPage","@id":"https:\/\/www.umlautrecords.com\/fr\/produit\/nocturnes-sebastien-beliah\/","url":"https:\/\/www.umlautrecords.com\/fr\/produit\/nocturnes-sebastien-beliah\/","name":"Nocturnes (CD) - Umlaut records","isPartOf":{"@id":"https:\/\/www.umlautrecords.com\/fr\/#website"},"primaryImageOfPage":{"@id":"https:\/\/www.umlautrecords.com\/fr\/produit\/nocturnes-sebastien-beliah\/#primaryimage"},"image":{"@id":"https:\/\/www.umlautrecords.com\/fr\/produit\/nocturnes-sebastien-beliah\/#primaryimage"},"thumbnailUrl":"https:\/\/www.umlautrecords.com\/wp-content\/uploads\/2018\/06\/umlaut-nocturnes-sebastien-beliah-nocturnes-sebastien-beliah-hd.jpg","datePublished":"2018-06-15T16:11:37+00:00","dateModified":"2024-06-04T10:37:51+00:00","breadcrumb":{"@id":"https:\/\/www.umlautrecords.com\/fr\/produit\/nocturnes-sebastien-beliah\/#breadcrumb"},"inLanguage":"fr-FR","potentialAction":[{"@type":"ReadAction","target":["https:\/\/www.umlautrecords.com\/fr\/produit\/nocturnes-sebastien-beliah\/"]}]},{"@type":"ImageObject","inLanguage":"fr-FR","@id":"https:\/\/www.umlautrecords.com\/fr\/produit\/nocturnes-sebastien-beliah\/#primaryimage","url":"https:\/\/www.umlautrecords.com\/wp-content\/uploads\/2018\/06\/umlaut-nocturnes-sebastien-beliah-nocturnes-sebastien-beliah-hd.jpg","contentUrl":"https:\/\/www.umlautrecords.com\/wp-content\/uploads\/2018\/06\/umlaut-nocturnes-sebastien-beliah-nocturnes-sebastien-beliah-hd.jpg","width":1024,"height":1015},{"@type":"BreadcrumbList","@id":"https:\/\/www.umlautrecords.com\/fr\/produit\/nocturnes-sebastien-beliah\/#breadcrumb","itemListElement":[{"@type":"ListItem","position":1,"name":"Accueil","item":"https:\/\/www.umlautrecords.com\/fr\/"},{"@type":"ListItem","position":2,"name":"Catalogue","item":"https:\/\/www.umlautrecords.com\/fr\/shop\/"},{"@type":"ListItem","position":3,"name":"Nocturnes (CD)"}]},{"@type":"WebSite","@id":"https:\/\/www.umlautrecords.com\/fr\/#website","url":"https:\/\/www.umlautrecords.com\/fr\/","name":"Umlaut records","description":"transformation of sound","publisher":{"@id":"https:\/\/www.umlautrecords.com\/fr\/#organization"},"potentialAction":[{"@type":"SearchAction","target":{"@type":"EntryPoint","urlTemplate":"https:\/\/www.umlautrecords.com\/fr\/?s={search_term_string}"},"query-input":{"@type":"PropertyValueSpecification","valueRequired":true,"valueName":"search_term_string"}}],"inLanguage":"fr-FR"},{"@type":"Organization","@id":"https:\/\/www.umlautrecords.com\/fr\/#organization","name":"Umlaut records","url":"https:\/\/www.umlautrecords.com\/fr\/","logo":{"@type":"ImageObject","inLanguage":"fr-FR","@id":"https:\/\/www.umlautrecords.com\/fr\/#\/schema\/logo\/image\/","url":"","contentUrl":"","caption":"Umlaut records"},"image":{"@id":"https:\/\/www.umlautrecords.com\/fr\/#\/schema\/logo\/image\/"},"sameAs":["https:\/\/www.facebook.com\/umlautrecords","https:\/\/www.instagram.com\/umlaut.records\/","https:\/\/www.linkedin.com\/in\/umlaut-records-label-0678b7a4\/","https:\/\/www.youtube.com\/user\/umsight"]}]}},"_links":{"self":[{"href":"https:\/\/www.umlautrecords.com\/fr\/wp-json\/wp\/v2\/product\/721","targetHints":{"allow":["GET"]}}],"collection":[{"href":"https:\/\/www.umlautrecords.com\/fr\/wp-json\/wp\/v2\/product"}],"about":[{"href":"https:\/\/www.umlautrecords.com\/fr\/wp-json\/wp\/v2\/types\/product"}],"wp:featuredmedia":[{"embeddable":true,"href":"https:\/\/www.umlautrecords.com\/fr\/wp-json\/wp\/v2\/media\/1297"}],"wp:attachment":[{"href":"https:\/\/www.umlautrecords.com\/fr\/wp-json\/wp\/v2\/media?parent=721"}],"wp:term":[{"taxonomy":"product_brand","embeddable":true,"href":"https:\/\/www.umlautrecords.com\/fr\/wp-json\/wp\/v2\/product_brand?post=721"},{"taxonomy":"product_cat","embeddable":true,"href":"https:\/\/www.umlautrecords.com\/fr\/wp-json\/wp\/v2\/product_cat?post=721"},{"taxonomy":"product_tag","embeddable":true,"href":"https:\/\/www.umlautrecords.com\/fr\/wp-json\/wp\/v2\/product_tag?post=721"}],"curies":[{"name":"wp","href":"https:\/\/api.w.org\/{rel}","templated":true}]}}