{"id":717,"date":"2018-05-24T17:44:31","date_gmt":"2018-05-24T15:44:31","guid":{"rendered":"http:\/\/116.203.103.232\/umlaut\/?post_type=product&#038;p=717"},"modified":"2023-12-26T13:13:17","modified_gmt":"2023-12-26T12:13:17","slug":"musaeum-clausum-cd-musaeum-clausum","status":"publish","type":"product","link":"https:\/\/www.umlautrecords.com\/fr\/produit\/musaeum-clausum-cd-musaeum-clausum\/","title":{"rendered":"Mus\u00e6um Clausum (CD,LP)"},"content":{"rendered":"<p>Version num\u00e9rique disponible sur <a href=\"https:\/\/umlautrecords.bandcamp.com\/album\/mus-um-clausum\">Bandcamp<\/a>.<\/p>\n<p><span style=\"font-weight: 400;\">Mus\u00e6um Clausum est un trio Franco-Allemand avec Louis Laurain au cornet (Die Hochstapler, Umlaut Big Band, ONCEIM, Actuum), Hannes Lingens \u00e0 la batterie (Obliq, Konzert Mimimal) et Sebastien Beliah \u00e0 la contrebasse (Un Poco Loco, Ensemble Hodos, Umlaut Big band). La musique de Mus\u00e6um Clausum est un flux constant sans d\u00e9but ni fin dans lequel chaque instrumentiste trace librement un chemin dans le d\u00e9veloppement de ses id\u00e9es. Il n\u2019y a pas de point de rencontre pr\u00e9d\u00e9fini mais une trame g\u00e9n\u00e9rale qui se dessine au fil du morceau et dans laquelle chaque entit\u00e9 se meut patiemment et ind\u00e9pendamment, pour atteindre parfois un grand degr\u00e9 de complexit\u00e9.<\/span><\/p>\n<p>Le disque est disponible en vinyl 33 tours et en CD.<\/p>\n<p>&nbsp;<\/p>\n","protected":false},"excerpt":{"rendered":"<p>Version num\u00e9rique disponible sur Bandcamp. Mus\u00e6um Clausum est un trio Franco-Allemand avec Louis Laurain au cornet (Die Hochstapler, Umlaut Big Band, ONCEIM, Actuum),&hellip;<\/p>\n","protected":false},"featured_media":802,"template":"","meta":{"_acf_changed":false},"product_brand":[],"product_cat":[29],"product_tag":[],"class_list":{"0":"post-717","1":"product","2":"type-product","3":"status-publish","4":"has-post-thumbnail","6":"product_cat-album","7":"product_shipping_class-cd","9":"first","10":"instock","11":"taxable","12":"shipping-taxable","13":"purchasable","14":"product-type-variable"},"acf":[],"yoast_head":"<!-- This site is optimized with the Yoast SEO plugin v27.0 - https:\/\/yoast.com\/product\/yoast-seo-wordpress\/ -->\n<title>Mus\u00e6um Clausum (CD,LP) - Umlaut records<\/title>\n<meta name=\"robots\" content=\"index, follow, max-snippet:-1, max-image-preview:large, max-video-preview:-1\" \/>\n<link rel=\"canonical\" href=\"https:\/\/www.umlautrecords.com\/fr\/produit\/musaeum-clausum-cd-musaeum-clausum\/\" \/>\n<meta property=\"og:locale\" content=\"fr_FR\" \/>\n<meta property=\"og:type\" content=\"article\" \/>\n<meta property=\"og:title\" content=\"Mus\u00e6um Clausum (CD,LP) - Umlaut records\" \/>\n<meta property=\"og:description\" content=\"Version num\u00e9rique disponible sur Bandcamp. Mus\u00e6um Clausum est un trio Franco-Allemand avec Louis Laurain au cornet (Die Hochstapler, Umlaut Big Band, ONCEIM, Actuum),&hellip;\" \/>\n<meta property=\"og:url\" content=\"https:\/\/www.umlautrecords.com\/fr\/produit\/musaeum-clausum-cd-musaeum-clausum\/\" \/>\n<meta property=\"og:site_name\" content=\"Umlaut records\" \/>\n<meta property=\"article:publisher\" content=\"https:\/\/www.facebook.com\/umlautrecords\" \/>\n<meta property=\"article:modified_time\" content=\"2023-12-26T12:13:17+00:00\" \/>\n<meta property=\"og:image\" content=\"https:\/\/www.umlautrecords.com\/wp-content\/uploads\/2020\/06\/umlaut-musaeum-clausum-cd-musaeum-clausum-musaeum-clausum.jpg\" \/>\n\t<meta property=\"og:image:width\" content=\"1493\" \/>\n\t<meta property=\"og:image:height\" content=\"1524\" \/>\n\t<meta property=\"og:image:type\" content=\"image\/jpeg\" \/>\n<meta name=\"twitter:card\" content=\"summary_large_image\" \/>\n<meta name=\"twitter:label1\" content=\"Dur\u00e9e de lecture estim\u00e9e\" \/>\n\t<meta name=\"twitter:data1\" content=\"1 minute\" \/>\n<script type=\"application\/ld+json\" class=\"yoast-schema-graph\">{\"@context\":\"https:\/\/schema.org\",\"@graph\":[{\"@type\":\"WebPage\",\"@id\":\"https:\/\/www.umlautrecords.com\/fr\/produit\/musaeum-clausum-cd-musaeum-clausum\/\",\"url\":\"https:\/\/www.umlautrecords.com\/fr\/produit\/musaeum-clausum-cd-musaeum-clausum\/\",\"name\":\"Mus\u00e6um Clausum (CD,LP) - Umlaut records\",\"isPartOf\":{\"@id\":\"https:\/\/www.umlautrecords.com\/fr\/#website\"},\"primaryImageOfPage\":{\"@id\":\"https:\/\/www.umlautrecords.com\/fr\/produit\/musaeum-clausum-cd-musaeum-clausum\/#primaryimage\"},\"image\":{\"@id\":\"https:\/\/www.umlautrecords.com\/fr\/produit\/musaeum-clausum-cd-musaeum-clausum\/#primaryimage\"},\"thumbnailUrl\":\"https:\/\/www.umlautrecords.com\/wp-content\/uploads\/2020\/06\/umlaut-musaeum-clausum-cd-musaeum-clausum-musaeum-clausum.jpg\",\"datePublished\":\"2018-05-24T15:44:31+00:00\",\"dateModified\":\"2023-12-26T12:13:17+00:00\",\"breadcrumb\":{\"@id\":\"https:\/\/www.umlautrecords.com\/fr\/produit\/musaeum-clausum-cd-musaeum-clausum\/#breadcrumb\"},\"inLanguage\":\"fr-FR\",\"potentialAction\":[{\"@type\":\"ReadAction\",\"target\":[\"https:\/\/www.umlautrecords.com\/fr\/produit\/musaeum-clausum-cd-musaeum-clausum\/\"]}]},{\"@type\":\"ImageObject\",\"inLanguage\":\"fr-FR\",\"@id\":\"https:\/\/www.umlautrecords.com\/fr\/produit\/musaeum-clausum-cd-musaeum-clausum\/#primaryimage\",\"url\":\"https:\/\/www.umlautrecords.com\/wp-content\/uploads\/2020\/06\/umlaut-musaeum-clausum-cd-musaeum-clausum-musaeum-clausum.jpg\",\"contentUrl\":\"https:\/\/www.umlautrecords.com\/wp-content\/uploads\/2020\/06\/umlaut-musaeum-clausum-cd-musaeum-clausum-musaeum-clausum.jpg\",\"width\":1493,\"height\":1524},{\"@type\":\"BreadcrumbList\",\"@id\":\"https:\/\/www.umlautrecords.com\/fr\/produit\/musaeum-clausum-cd-musaeum-clausum\/#breadcrumb\",\"itemListElement\":[{\"@type\":\"ListItem\",\"position\":1,\"name\":\"Accueil\",\"item\":\"https:\/\/www.umlautrecords.com\/fr\/\"},{\"@type\":\"ListItem\",\"position\":2,\"name\":\"Catalogue\",\"item\":\"https:\/\/www.umlautrecords.com\/fr\/shop\/\"},{\"@type\":\"ListItem\",\"position\":3,\"name\":\"Mus\u00e6um Clausum (CD,LP)\"}]},{\"@type\":\"WebSite\",\"@id\":\"https:\/\/www.umlautrecords.com\/fr\/#website\",\"url\":\"https:\/\/www.umlautrecords.com\/fr\/\",\"name\":\"Umlaut records\",\"description\":\"transformation of sound\",\"publisher\":{\"@id\":\"https:\/\/www.umlautrecords.com\/fr\/#organization\"},\"potentialAction\":[{\"@type\":\"SearchAction\",\"target\":{\"@type\":\"EntryPoint\",\"urlTemplate\":\"https:\/\/www.umlautrecords.com\/fr\/?s={search_term_string}\"},\"query-input\":{\"@type\":\"PropertyValueSpecification\",\"valueRequired\":true,\"valueName\":\"search_term_string\"}}],\"inLanguage\":\"fr-FR\"},{\"@type\":\"Organization\",\"@id\":\"https:\/\/www.umlautrecords.com\/fr\/#organization\",\"name\":\"Umlaut records\",\"url\":\"https:\/\/www.umlautrecords.com\/fr\/\",\"logo\":{\"@type\":\"ImageObject\",\"inLanguage\":\"fr-FR\",\"@id\":\"https:\/\/www.umlautrecords.com\/fr\/#\/schema\/logo\/image\/\",\"url\":\"\",\"contentUrl\":\"\",\"caption\":\"Umlaut records\"},\"image\":{\"@id\":\"https:\/\/www.umlautrecords.com\/fr\/#\/schema\/logo\/image\/\"},\"sameAs\":[\"https:\/\/www.facebook.com\/umlautrecords\",\"https:\/\/www.instagram.com\/umlaut.records\/\",\"https:\/\/www.linkedin.com\/in\/umlaut-records-label-0678b7a4\/\",\"https:\/\/www.youtube.com\/user\/umsight\"]}]}<\/script>\n<!-- \/ Yoast SEO plugin. -->","yoast_head_json":{"title":"Mus\u00e6um Clausum (CD,LP) - Umlaut records","robots":{"index":"index","follow":"follow","max-snippet":"max-snippet:-1","max-image-preview":"max-image-preview:large","max-video-preview":"max-video-preview:-1"},"canonical":"https:\/\/www.umlautrecords.com\/fr\/produit\/musaeum-clausum-cd-musaeum-clausum\/","og_locale":"fr_FR","og_type":"article","og_title":"Mus\u00e6um Clausum (CD,LP) - Umlaut records","og_description":"Version num\u00e9rique disponible sur Bandcamp. Mus\u00e6um Clausum est un trio Franco-Allemand avec Louis Laurain au cornet (Die Hochstapler, Umlaut Big Band, ONCEIM, Actuum),&hellip;","og_url":"https:\/\/www.umlautrecords.com\/fr\/produit\/musaeum-clausum-cd-musaeum-clausum\/","og_site_name":"Umlaut records","article_publisher":"https:\/\/www.facebook.com\/umlautrecords","article_modified_time":"2023-12-26T12:13:17+00:00","og_image":[{"width":1493,"height":1524,"url":"https:\/\/www.umlautrecords.com\/wp-content\/uploads\/2020\/06\/umlaut-musaeum-clausum-cd-musaeum-clausum-musaeum-clausum.jpg","type":"image\/jpeg"}],"twitter_card":"summary_large_image","twitter_misc":{"Dur\u00e9e de lecture estim\u00e9e":"1 minute"},"schema":{"@context":"https:\/\/schema.org","@graph":[{"@type":"WebPage","@id":"https:\/\/www.umlautrecords.com\/fr\/produit\/musaeum-clausum-cd-musaeum-clausum\/","url":"https:\/\/www.umlautrecords.com\/fr\/produit\/musaeum-clausum-cd-musaeum-clausum\/","name":"Mus\u00e6um Clausum (CD,LP) - Umlaut records","isPartOf":{"@id":"https:\/\/www.umlautrecords.com\/fr\/#website"},"primaryImageOfPage":{"@id":"https:\/\/www.umlautrecords.com\/fr\/produit\/musaeum-clausum-cd-musaeum-clausum\/#primaryimage"},"image":{"@id":"https:\/\/www.umlautrecords.com\/fr\/produit\/musaeum-clausum-cd-musaeum-clausum\/#primaryimage"},"thumbnailUrl":"https:\/\/www.umlautrecords.com\/wp-content\/uploads\/2020\/06\/umlaut-musaeum-clausum-cd-musaeum-clausum-musaeum-clausum.jpg","datePublished":"2018-05-24T15:44:31+00:00","dateModified":"2023-12-26T12:13:17+00:00","breadcrumb":{"@id":"https:\/\/www.umlautrecords.com\/fr\/produit\/musaeum-clausum-cd-musaeum-clausum\/#breadcrumb"},"inLanguage":"fr-FR","potentialAction":[{"@type":"ReadAction","target":["https:\/\/www.umlautrecords.com\/fr\/produit\/musaeum-clausum-cd-musaeum-clausum\/"]}]},{"@type":"ImageObject","inLanguage":"fr-FR","@id":"https:\/\/www.umlautrecords.com\/fr\/produit\/musaeum-clausum-cd-musaeum-clausum\/#primaryimage","url":"https:\/\/www.umlautrecords.com\/wp-content\/uploads\/2020\/06\/umlaut-musaeum-clausum-cd-musaeum-clausum-musaeum-clausum.jpg","contentUrl":"https:\/\/www.umlautrecords.com\/wp-content\/uploads\/2020\/06\/umlaut-musaeum-clausum-cd-musaeum-clausum-musaeum-clausum.jpg","width":1493,"height":1524},{"@type":"BreadcrumbList","@id":"https:\/\/www.umlautrecords.com\/fr\/produit\/musaeum-clausum-cd-musaeum-clausum\/#breadcrumb","itemListElement":[{"@type":"ListItem","position":1,"name":"Accueil","item":"https:\/\/www.umlautrecords.com\/fr\/"},{"@type":"ListItem","position":2,"name":"Catalogue","item":"https:\/\/www.umlautrecords.com\/fr\/shop\/"},{"@type":"ListItem","position":3,"name":"Mus\u00e6um Clausum (CD,LP)"}]},{"@type":"WebSite","@id":"https:\/\/www.umlautrecords.com\/fr\/#website","url":"https:\/\/www.umlautrecords.com\/fr\/","name":"Umlaut records","description":"transformation of sound","publisher":{"@id":"https:\/\/www.umlautrecords.com\/fr\/#organization"},"potentialAction":[{"@type":"SearchAction","target":{"@type":"EntryPoint","urlTemplate":"https:\/\/www.umlautrecords.com\/fr\/?s={search_term_string}"},"query-input":{"@type":"PropertyValueSpecification","valueRequired":true,"valueName":"search_term_string"}}],"inLanguage":"fr-FR"},{"@type":"Organization","@id":"https:\/\/www.umlautrecords.com\/fr\/#organization","name":"Umlaut records","url":"https:\/\/www.umlautrecords.com\/fr\/","logo":{"@type":"ImageObject","inLanguage":"fr-FR","@id":"https:\/\/www.umlautrecords.com\/fr\/#\/schema\/logo\/image\/","url":"","contentUrl":"","caption":"Umlaut records"},"image":{"@id":"https:\/\/www.umlautrecords.com\/fr\/#\/schema\/logo\/image\/"},"sameAs":["https:\/\/www.facebook.com\/umlautrecords","https:\/\/www.instagram.com\/umlaut.records\/","https:\/\/www.linkedin.com\/in\/umlaut-records-label-0678b7a4\/","https:\/\/www.youtube.com\/user\/umsight"]}]}},"_links":{"self":[{"href":"https:\/\/www.umlautrecords.com\/fr\/wp-json\/wp\/v2\/product\/717","targetHints":{"allow":["GET"]}}],"collection":[{"href":"https:\/\/www.umlautrecords.com\/fr\/wp-json\/wp\/v2\/product"}],"about":[{"href":"https:\/\/www.umlautrecords.com\/fr\/wp-json\/wp\/v2\/types\/product"}],"wp:featuredmedia":[{"embeddable":true,"href":"https:\/\/www.umlautrecords.com\/fr\/wp-json\/wp\/v2\/media\/802"}],"wp:attachment":[{"href":"https:\/\/www.umlautrecords.com\/fr\/wp-json\/wp\/v2\/media?parent=717"}],"wp:term":[{"taxonomy":"product_brand","embeddable":true,"href":"https:\/\/www.umlautrecords.com\/fr\/wp-json\/wp\/v2\/product_brand?post=717"},{"taxonomy":"product_cat","embeddable":true,"href":"https:\/\/www.umlautrecords.com\/fr\/wp-json\/wp\/v2\/product_cat?post=717"},{"taxonomy":"product_tag","embeddable":true,"href":"https:\/\/www.umlautrecords.com\/fr\/wp-json\/wp\/v2\/product_tag?post=717"}],"curies":[{"name":"wp","href":"https:\/\/api.w.org\/{rel}","templated":true}]}}