{"id":712,"date":"2017-07-26T17:05:39","date_gmt":"2017-07-26T15:05:39","guid":{"rendered":"http:\/\/116.203.103.232\/umlaut\/?post_type=product&#038;p=712"},"modified":"2023-10-23T11:40:30","modified_gmt":"2023-10-23T09:40:30","slug":"new-jazz-imagination-ahmed","status":"publish","type":"product","link":"https:\/\/www.umlautrecords.com\/fr\/produit\/new-jazz-imagination-ahmed\/","title":{"rendered":"New Jazz Imagination (LP)"},"content":{"rendered":"<p>Version num\u00e9rique disponible sur <a href=\"https:\/\/umlautrecords.bandcamp.com\/\">Bandcamp<\/a>.<\/p>\n<p><span style=\"font-weight: 400;\">Quatre des voix les plus caract\u00e9ristiques et cr\u00e9atives aux marges du jazz, imaginent leur chemin \u00e0 l\u2019int\u00e9rieur et autour de la musique et de la philosophie d\u2019Ahmed Abdul-Malik. C\u2019est une musique \u00e0 \u00e9couter, danser et penser. Un nouveau disque jazz, d\u2019un nouveau groupe de jazz.<\/span><\/p>\n<p><span style=\"font-weight: 400;\">[Ahmed] propose une musique autour de la musique d\u2019Ahmed Abdul-Malik. Ils creusent, r\u00e9-habitent et r\u00e9-investissent les documents et les plans fragment\u00e9s, d\u00e9sormais oubli\u00e9s, de sa vision synth\u00e9tique &#8211; au milieu du 20\u00e8me si\u00e8cle &#8211; visant \u00e0 imaginer un nouveau jazz pour le 21\u00e8me si\u00e8cle.<\/span><\/p>\n<p><span style=\"font-weight: 400;\">Ahmed Abdul-Malik (1927-1993) \u00e9tait un contrebassiste, oudiste, compositeur, professeur et philosophe new-yorkais. Potentielle influence de Coltrane et Monk (on imagine), il \u00e9tait aussi un compositeur important \u00e0 part enti\u00e8re. (Tomb\u00e9 dans l\u2019oubli, il a pass\u00e9 ses derni\u00e8res d\u00e9cennies \u00e0 enseigner, se produisant tr\u00e8s peu). Ses albums Jazz Sahara (1958) et East Meets West (1960) fusionnent des \u00e9l\u00e9ments des musiques et pens\u00e9es arabes et est-africaines, sa relation \u00e0 long terme avec l\u2019Islam Sufi, avec le jazz et la pens\u00e9e contemporaine &#8211; d\u2019une mani\u00e8re r\u00e9volutionnaire et vitale. Le r\u00e9sultat est excitant, radical, brut et beau.<\/span><\/p>\n<p><span style=\"font-weight: 400;\">Mais, en plus d\u2019honorer ces traditions, Abdul-Malik a beaucoup invent\u00e9 et imagin\u00e9. Sa vision ambigu\u00eb, synth\u00e9tique et inclusive est l\u2019un des grands projets de l\u2019imagination dans le jazz. Il a m\u00e9lang\u00e9 les sons et les ethnies, les significations et les croyances au grand jour, les pratiques exp\u00e9rimentales sans dogme.<\/span><\/p>\n<p><span style=\"font-weight: 400;\">Et [Ahmed] fait de m\u00eame. Ils visitent et (re)pensent ses compositions et le potentiel de leur processus. Ils jouent les notes, mais les utilisent, ainsi que les id\u00e9es qu\u2019elles transportent, comme des v\u00e9hicules pour leurs imaginations uniques, leurs approches instrumentales et leurs propres id\u00e9es. A travers ses compositions ils r\u00e9-imaginent et re-synth\u00e9tisent, partant de ce qu\u2019ils connaissent vers de nouveaux espaces de cr\u00e9ativit\u00e9.<\/span><\/p>\n","protected":false},"excerpt":{"rendered":"<p>Version num\u00e9rique disponible sur Bandcamp. Quatre des voix les plus caract\u00e9ristiques et cr\u00e9atives aux marges du jazz, imaginent leur chemin \u00e0 l\u2019int\u00e9rieur et&hellip;<\/p>\n","protected":false},"featured_media":713,"template":"","meta":{"_acf_changed":false},"product_brand":[],"product_cat":[29],"product_tag":[],"class_list":{"0":"post-712","1":"product","2":"type-product","3":"status-publish","4":"has-post-thumbnail","6":"product_cat-album","7":"product_shipping_class-vinyle","9":"first","10":"outofstock","11":"taxable","12":"shipping-taxable","13":"purchasable","14":"product-type-simple"},"acf":[],"yoast_head":"<!-- This site is optimized with the Yoast SEO plugin v27.0 - https:\/\/yoast.com\/product\/yoast-seo-wordpress\/ -->\n<title>New Jazz Imagination (LP) - Umlaut records<\/title>\n<meta name=\"robots\" content=\"index, follow, max-snippet:-1, max-image-preview:large, max-video-preview:-1\" \/>\n<link rel=\"canonical\" href=\"https:\/\/www.umlautrecords.com\/fr\/produit\/new-jazz-imagination-ahmed\/\" \/>\n<meta property=\"og:locale\" content=\"fr_FR\" \/>\n<meta property=\"og:type\" content=\"article\" \/>\n<meta property=\"og:title\" content=\"New Jazz Imagination (LP) - Umlaut records\" \/>\n<meta property=\"og:description\" content=\"Version num\u00e9rique disponible sur Bandcamp. Quatre des voix les plus caract\u00e9ristiques et cr\u00e9atives aux marges du jazz, imaginent leur chemin \u00e0 l\u2019int\u00e9rieur et&hellip;\" \/>\n<meta property=\"og:url\" content=\"https:\/\/www.umlautrecords.com\/fr\/produit\/new-jazz-imagination-ahmed\/\" \/>\n<meta property=\"og:site_name\" content=\"Umlaut records\" \/>\n<meta property=\"article:publisher\" content=\"https:\/\/www.facebook.com\/umlautrecords\" \/>\n<meta property=\"article:modified_time\" content=\"2023-10-23T09:40:30+00:00\" \/>\n<meta property=\"og:image\" content=\"https:\/\/www.umlautrecords.com\/wp-content\/uploads\/2020\/06\/ahmed-12x12cm-300dpi.jpg\" \/>\n\t<meta property=\"og:image:width\" content=\"1417\" \/>\n\t<meta property=\"og:image:height\" content=\"1417\" \/>\n\t<meta property=\"og:image:type\" content=\"image\/jpeg\" \/>\n<meta name=\"twitter:card\" content=\"summary_large_image\" \/>\n<meta name=\"twitter:label1\" content=\"Dur\u00e9e de lecture estim\u00e9e\" \/>\n\t<meta name=\"twitter:data1\" content=\"2 minutes\" \/>\n<script type=\"application\/ld+json\" class=\"yoast-schema-graph\">{\"@context\":\"https:\/\/schema.org\",\"@graph\":[{\"@type\":\"WebPage\",\"@id\":\"https:\/\/www.umlautrecords.com\/fr\/produit\/new-jazz-imagination-ahmed\/\",\"url\":\"https:\/\/www.umlautrecords.com\/fr\/produit\/new-jazz-imagination-ahmed\/\",\"name\":\"New Jazz Imagination (LP) - Umlaut records\",\"isPartOf\":{\"@id\":\"https:\/\/www.umlautrecords.com\/fr\/#website\"},\"primaryImageOfPage\":{\"@id\":\"https:\/\/www.umlautrecords.com\/fr\/produit\/new-jazz-imagination-ahmed\/#primaryimage\"},\"image\":{\"@id\":\"https:\/\/www.umlautrecords.com\/fr\/produit\/new-jazz-imagination-ahmed\/#primaryimage\"},\"thumbnailUrl\":\"https:\/\/www.umlautrecords.com\/wp-content\/uploads\/2020\/06\/ahmed-12x12cm-300dpi.jpg\",\"datePublished\":\"2017-07-26T15:05:39+00:00\",\"dateModified\":\"2023-10-23T09:40:30+00:00\",\"breadcrumb\":{\"@id\":\"https:\/\/www.umlautrecords.com\/fr\/produit\/new-jazz-imagination-ahmed\/#breadcrumb\"},\"inLanguage\":\"fr-FR\",\"potentialAction\":[{\"@type\":\"ReadAction\",\"target\":[\"https:\/\/www.umlautrecords.com\/fr\/produit\/new-jazz-imagination-ahmed\/\"]}]},{\"@type\":\"ImageObject\",\"inLanguage\":\"fr-FR\",\"@id\":\"https:\/\/www.umlautrecords.com\/fr\/produit\/new-jazz-imagination-ahmed\/#primaryimage\",\"url\":\"https:\/\/www.umlautrecords.com\/wp-content\/uploads\/2020\/06\/ahmed-12x12cm-300dpi.jpg\",\"contentUrl\":\"https:\/\/www.umlautrecords.com\/wp-content\/uploads\/2020\/06\/ahmed-12x12cm-300dpi.jpg\",\"width\":1417,\"height\":1417},{\"@type\":\"BreadcrumbList\",\"@id\":\"https:\/\/www.umlautrecords.com\/fr\/produit\/new-jazz-imagination-ahmed\/#breadcrumb\",\"itemListElement\":[{\"@type\":\"ListItem\",\"position\":1,\"name\":\"Accueil\",\"item\":\"https:\/\/www.umlautrecords.com\/fr\/\"},{\"@type\":\"ListItem\",\"position\":2,\"name\":\"Catalogue\",\"item\":\"https:\/\/www.umlautrecords.com\/fr\/shop\/\"},{\"@type\":\"ListItem\",\"position\":3,\"name\":\"New Jazz Imagination (LP)\"}]},{\"@type\":\"WebSite\",\"@id\":\"https:\/\/www.umlautrecords.com\/fr\/#website\",\"url\":\"https:\/\/www.umlautrecords.com\/fr\/\",\"name\":\"Umlaut records\",\"description\":\"transformation of sound\",\"publisher\":{\"@id\":\"https:\/\/www.umlautrecords.com\/fr\/#organization\"},\"potentialAction\":[{\"@type\":\"SearchAction\",\"target\":{\"@type\":\"EntryPoint\",\"urlTemplate\":\"https:\/\/www.umlautrecords.com\/fr\/?s={search_term_string}\"},\"query-input\":{\"@type\":\"PropertyValueSpecification\",\"valueRequired\":true,\"valueName\":\"search_term_string\"}}],\"inLanguage\":\"fr-FR\"},{\"@type\":\"Organization\",\"@id\":\"https:\/\/www.umlautrecords.com\/fr\/#organization\",\"name\":\"Umlaut records\",\"url\":\"https:\/\/www.umlautrecords.com\/fr\/\",\"logo\":{\"@type\":\"ImageObject\",\"inLanguage\":\"fr-FR\",\"@id\":\"https:\/\/www.umlautrecords.com\/fr\/#\/schema\/logo\/image\/\",\"url\":\"\",\"contentUrl\":\"\",\"caption\":\"Umlaut records\"},\"image\":{\"@id\":\"https:\/\/www.umlautrecords.com\/fr\/#\/schema\/logo\/image\/\"},\"sameAs\":[\"https:\/\/www.facebook.com\/umlautrecords\",\"https:\/\/www.instagram.com\/umlaut.records\/\",\"https:\/\/www.linkedin.com\/in\/umlaut-records-label-0678b7a4\/\",\"https:\/\/www.youtube.com\/user\/umsight\"]}]}<\/script>\n<!-- \/ Yoast SEO plugin. -->","yoast_head_json":{"title":"New Jazz Imagination (LP) - Umlaut records","robots":{"index":"index","follow":"follow","max-snippet":"max-snippet:-1","max-image-preview":"max-image-preview:large","max-video-preview":"max-video-preview:-1"},"canonical":"https:\/\/www.umlautrecords.com\/fr\/produit\/new-jazz-imagination-ahmed\/","og_locale":"fr_FR","og_type":"article","og_title":"New Jazz Imagination (LP) - Umlaut records","og_description":"Version num\u00e9rique disponible sur Bandcamp. Quatre des voix les plus caract\u00e9ristiques et cr\u00e9atives aux marges du jazz, imaginent leur chemin \u00e0 l\u2019int\u00e9rieur et&hellip;","og_url":"https:\/\/www.umlautrecords.com\/fr\/produit\/new-jazz-imagination-ahmed\/","og_site_name":"Umlaut records","article_publisher":"https:\/\/www.facebook.com\/umlautrecords","article_modified_time":"2023-10-23T09:40:30+00:00","og_image":[{"width":1417,"height":1417,"url":"https:\/\/www.umlautrecords.com\/wp-content\/uploads\/2020\/06\/ahmed-12x12cm-300dpi.jpg","type":"image\/jpeg"}],"twitter_card":"summary_large_image","twitter_misc":{"Dur\u00e9e de lecture estim\u00e9e":"2 minutes"},"schema":{"@context":"https:\/\/schema.org","@graph":[{"@type":"WebPage","@id":"https:\/\/www.umlautrecords.com\/fr\/produit\/new-jazz-imagination-ahmed\/","url":"https:\/\/www.umlautrecords.com\/fr\/produit\/new-jazz-imagination-ahmed\/","name":"New Jazz Imagination (LP) - Umlaut records","isPartOf":{"@id":"https:\/\/www.umlautrecords.com\/fr\/#website"},"primaryImageOfPage":{"@id":"https:\/\/www.umlautrecords.com\/fr\/produit\/new-jazz-imagination-ahmed\/#primaryimage"},"image":{"@id":"https:\/\/www.umlautrecords.com\/fr\/produit\/new-jazz-imagination-ahmed\/#primaryimage"},"thumbnailUrl":"https:\/\/www.umlautrecords.com\/wp-content\/uploads\/2020\/06\/ahmed-12x12cm-300dpi.jpg","datePublished":"2017-07-26T15:05:39+00:00","dateModified":"2023-10-23T09:40:30+00:00","breadcrumb":{"@id":"https:\/\/www.umlautrecords.com\/fr\/produit\/new-jazz-imagination-ahmed\/#breadcrumb"},"inLanguage":"fr-FR","potentialAction":[{"@type":"ReadAction","target":["https:\/\/www.umlautrecords.com\/fr\/produit\/new-jazz-imagination-ahmed\/"]}]},{"@type":"ImageObject","inLanguage":"fr-FR","@id":"https:\/\/www.umlautrecords.com\/fr\/produit\/new-jazz-imagination-ahmed\/#primaryimage","url":"https:\/\/www.umlautrecords.com\/wp-content\/uploads\/2020\/06\/ahmed-12x12cm-300dpi.jpg","contentUrl":"https:\/\/www.umlautrecords.com\/wp-content\/uploads\/2020\/06\/ahmed-12x12cm-300dpi.jpg","width":1417,"height":1417},{"@type":"BreadcrumbList","@id":"https:\/\/www.umlautrecords.com\/fr\/produit\/new-jazz-imagination-ahmed\/#breadcrumb","itemListElement":[{"@type":"ListItem","position":1,"name":"Accueil","item":"https:\/\/www.umlautrecords.com\/fr\/"},{"@type":"ListItem","position":2,"name":"Catalogue","item":"https:\/\/www.umlautrecords.com\/fr\/shop\/"},{"@type":"ListItem","position":3,"name":"New Jazz Imagination (LP)"}]},{"@type":"WebSite","@id":"https:\/\/www.umlautrecords.com\/fr\/#website","url":"https:\/\/www.umlautrecords.com\/fr\/","name":"Umlaut records","description":"transformation of sound","publisher":{"@id":"https:\/\/www.umlautrecords.com\/fr\/#organization"},"potentialAction":[{"@type":"SearchAction","target":{"@type":"EntryPoint","urlTemplate":"https:\/\/www.umlautrecords.com\/fr\/?s={search_term_string}"},"query-input":{"@type":"PropertyValueSpecification","valueRequired":true,"valueName":"search_term_string"}}],"inLanguage":"fr-FR"},{"@type":"Organization","@id":"https:\/\/www.umlautrecords.com\/fr\/#organization","name":"Umlaut records","url":"https:\/\/www.umlautrecords.com\/fr\/","logo":{"@type":"ImageObject","inLanguage":"fr-FR","@id":"https:\/\/www.umlautrecords.com\/fr\/#\/schema\/logo\/image\/","url":"","contentUrl":"","caption":"Umlaut records"},"image":{"@id":"https:\/\/www.umlautrecords.com\/fr\/#\/schema\/logo\/image\/"},"sameAs":["https:\/\/www.facebook.com\/umlautrecords","https:\/\/www.instagram.com\/umlaut.records\/","https:\/\/www.linkedin.com\/in\/umlaut-records-label-0678b7a4\/","https:\/\/www.youtube.com\/user\/umsight"]}]}},"_links":{"self":[{"href":"https:\/\/www.umlautrecords.com\/fr\/wp-json\/wp\/v2\/product\/712","targetHints":{"allow":["GET"]}}],"collection":[{"href":"https:\/\/www.umlautrecords.com\/fr\/wp-json\/wp\/v2\/product"}],"about":[{"href":"https:\/\/www.umlautrecords.com\/fr\/wp-json\/wp\/v2\/types\/product"}],"wp:featuredmedia":[{"embeddable":true,"href":"https:\/\/www.umlautrecords.com\/fr\/wp-json\/wp\/v2\/media\/713"}],"wp:attachment":[{"href":"https:\/\/www.umlautrecords.com\/fr\/wp-json\/wp\/v2\/media?parent=712"}],"wp:term":[{"taxonomy":"product_brand","embeddable":true,"href":"https:\/\/www.umlautrecords.com\/fr\/wp-json\/wp\/v2\/product_brand?post=712"},{"taxonomy":"product_cat","embeddable":true,"href":"https:\/\/www.umlautrecords.com\/fr\/wp-json\/wp\/v2\/product_cat?post=712"},{"taxonomy":"product_tag","embeddable":true,"href":"https:\/\/www.umlautrecords.com\/fr\/wp-json\/wp\/v2\/product_tag?post=712"}],"curies":[{"name":"wp","href":"https:\/\/api.w.org\/{rel}","templated":true}]}}