{"id":710,"date":"2017-06-30T16:52:59","date_gmt":"2017-06-30T14:52:59","guid":{"rendered":"http:\/\/116.203.103.232\/umlaut\/?post_type=product&#038;p=710"},"modified":"2025-07-24T12:12:27","modified_gmt":"2025-07-24T10:12:27","slug":"im-meer-simon-rummel-ensemble","status":"publish","type":"product","link":"https:\/\/www.umlautrecords.com\/fr\/produit\/im-meer-simon-rummel-ensemble\/","title":{"rendered":"Im Meer (CD)"},"content":{"rendered":"<p>Version num\u00e9rique disponible sur <a href=\"https:\/\/umlautrecords.bandcamp.com\/album\/im-meer\">Bandcamp<\/a>.<\/p>\n<p><span style=\"font-weight: 400;\">\u00ab\u00a0Umlaut pr\u00e9sente le second album du Simon Rummel Ensemble. Le disque pr\u00e9c\u00e9dent pouvait \u00eatre qualifi\u00e9 de joie absurde, mais celui-ci &#8211; et c\u2019est compl\u00e8tement diff\u00e9rent &#8211; est plus une absurdit\u00e9 joyeuse. Quand Simon nous a r\u00e9unis pour ce nouveau r\u00e9pertoire, il s\u2019est excus\u00e9 d\u2019avoir manqu\u00e9 de temps pour l\u2019\u00e9crire. Par cons\u00e9quent, comme il l\u2019a dit, il a siffl\u00e9 puis transcrit une m\u00e9lodie de 45 minutes. Donc il y avait 16 pages de monodie, 11 musiciens et 3 jours pour faire de la musique. Bien.<\/span><\/p>\n<p><span style=\"font-weight: 400;\">Apr\u00e8s une premi\u00e8re lecture minutieuse et ardue, on \u00e9tait enhardis. Imaginez la sc\u00e8ne : le violoniste essaye de comprendre s\u2019il doit jouer les notes paires ou impaires, pendant que le synth\u00e9 a d\u00e9cid\u00e9 de passer quelques minutes sur ce lab qui tra\u00eene. Le tuba &#8211; tout le monde est derri\u00e8re lui &#8211; saute une ligne, le sax alto passe \u00e0 la clarinette sans m\u00eame s\u2019emb\u00eater \u00e0 faire la transposition n\u00e9cessaire, et la trompette tient \u00e0 s\u2019assurer que, non, le th\u00e8me de \u201cDixie\u2019s Dilemma\u2019s\u201d n\u2019est pas appropri\u00e9 dans cette histoire.<\/span><\/p>\n<p><span style=\"font-weight: 400;\">Trois jours de travail d\u00e9sob\u00e9issant et chaotique (dans le bon sens), trois jours pass\u00e9s \u00e0 v\u00e9rifier la pertinence de l\u2019impertinence, qui nous ont men\u00e9s \u00e0 cette musique, orchestr\u00e9e, arrang\u00e9e et jou\u00e9e live. Il faut l\u2019\u00e9couter comme on regarderait une \u00e9mission de t\u00e9l\u00e9-r\u00e9alit\u00e9 : apr\u00e8s trois jours \u00e0 vivre ensemble, quel groupe se forme, qui se dissocie des autres, qui parle plus fort, qui n\u2019a pas sorti les poubelles, et pourquoi sont-ils toujours l\u00e0 \u00e0 siffler?\u00a0\u00bb &#8211; Joris R\u00fchl<\/span><\/p>\n","protected":false},"excerpt":{"rendered":"<p>Version num\u00e9rique disponible sur Bandcamp. \u00ab\u00a0Umlaut pr\u00e9sente le second album du Simon Rummel Ensemble. Le disque pr\u00e9c\u00e9dent pouvait \u00eatre qualifi\u00e9 de joie absurde,&hellip;<\/p>\n","protected":false},"featured_media":1233,"template":"","meta":{"_acf_changed":false},"product_brand":[],"product_cat":[29],"product_tag":[],"class_list":{"0":"post-710","1":"product","2":"type-product","3":"status-publish","4":"has-post-thumbnail","6":"product_cat-album","7":"product_shipping_class-cd","9":"first","10":"instock","11":"taxable","12":"shipping-taxable","13":"purchasable","14":"product-type-simple"},"acf":[],"yoast_head":"<!-- This site is optimized with the Yoast SEO plugin v27.0 - https:\/\/yoast.com\/product\/yoast-seo-wordpress\/ -->\n<title>Im Meer (CD) - Umlaut records<\/title>\n<meta name=\"robots\" content=\"index, follow, max-snippet:-1, max-image-preview:large, max-video-preview:-1\" \/>\n<link rel=\"canonical\" href=\"https:\/\/www.umlautrecords.com\/fr\/produit\/im-meer-simon-rummel-ensemble\/\" \/>\n<meta property=\"og:locale\" content=\"fr_FR\" \/>\n<meta property=\"og:type\" content=\"article\" \/>\n<meta property=\"og:title\" content=\"Im Meer (CD) - Umlaut records\" \/>\n<meta property=\"og:description\" content=\"Version num\u00e9rique disponible sur Bandcamp. \u00ab\u00a0Umlaut pr\u00e9sente le second album du Simon Rummel Ensemble. Le disque pr\u00e9c\u00e9dent pouvait \u00eatre qualifi\u00e9 de joie absurde,&hellip;\" \/>\n<meta property=\"og:url\" content=\"https:\/\/www.umlautrecords.com\/fr\/produit\/im-meer-simon-rummel-ensemble\/\" \/>\n<meta property=\"og:site_name\" content=\"Umlaut records\" \/>\n<meta property=\"article:publisher\" content=\"https:\/\/www.facebook.com\/umlautrecords\" \/>\n<meta property=\"article:modified_time\" content=\"2025-07-24T10:12:27+00:00\" \/>\n<meta property=\"og:image\" content=\"https:\/\/www.umlautrecords.com\/wp-content\/uploads\/2017\/06\/umlaut-im-meer-simon-rummel-ensemble-im-meer-hd.jpg\" \/>\n\t<meta property=\"og:image:width\" content=\"1024\" \/>\n\t<meta property=\"og:image:height\" content=\"1024\" \/>\n\t<meta property=\"og:image:type\" content=\"image\/jpeg\" \/>\n<meta name=\"twitter:card\" content=\"summary_large_image\" \/>\n<meta name=\"twitter:label1\" content=\"Dur\u00e9e de lecture estim\u00e9e\" \/>\n\t<meta name=\"twitter:data1\" content=\"1 minute\" \/>\n<script type=\"application\/ld+json\" class=\"yoast-schema-graph\">{\"@context\":\"https:\/\/schema.org\",\"@graph\":[{\"@type\":\"WebPage\",\"@id\":\"https:\/\/www.umlautrecords.com\/fr\/produit\/im-meer-simon-rummel-ensemble\/\",\"url\":\"https:\/\/www.umlautrecords.com\/fr\/produit\/im-meer-simon-rummel-ensemble\/\",\"name\":\"Im Meer (CD) - Umlaut records\",\"isPartOf\":{\"@id\":\"https:\/\/www.umlautrecords.com\/fr\/#website\"},\"primaryImageOfPage\":{\"@id\":\"https:\/\/www.umlautrecords.com\/fr\/produit\/im-meer-simon-rummel-ensemble\/#primaryimage\"},\"image\":{\"@id\":\"https:\/\/www.umlautrecords.com\/fr\/produit\/im-meer-simon-rummel-ensemble\/#primaryimage\"},\"thumbnailUrl\":\"https:\/\/www.umlautrecords.com\/wp-content\/uploads\/2017\/06\/umlaut-im-meer-simon-rummel-ensemble-im-meer-hd.jpg\",\"datePublished\":\"2017-06-30T14:52:59+00:00\",\"dateModified\":\"2025-07-24T10:12:27+00:00\",\"breadcrumb\":{\"@id\":\"https:\/\/www.umlautrecords.com\/fr\/produit\/im-meer-simon-rummel-ensemble\/#breadcrumb\"},\"inLanguage\":\"fr-FR\",\"potentialAction\":[{\"@type\":\"ReadAction\",\"target\":[\"https:\/\/www.umlautrecords.com\/fr\/produit\/im-meer-simon-rummel-ensemble\/\"]}]},{\"@type\":\"ImageObject\",\"inLanguage\":\"fr-FR\",\"@id\":\"https:\/\/www.umlautrecords.com\/fr\/produit\/im-meer-simon-rummel-ensemble\/#primaryimage\",\"url\":\"https:\/\/www.umlautrecords.com\/wp-content\/uploads\/2017\/06\/umlaut-im-meer-simon-rummel-ensemble-im-meer-hd.jpg\",\"contentUrl\":\"https:\/\/www.umlautrecords.com\/wp-content\/uploads\/2017\/06\/umlaut-im-meer-simon-rummel-ensemble-im-meer-hd.jpg\",\"width\":1024,\"height\":1024},{\"@type\":\"BreadcrumbList\",\"@id\":\"https:\/\/www.umlautrecords.com\/fr\/produit\/im-meer-simon-rummel-ensemble\/#breadcrumb\",\"itemListElement\":[{\"@type\":\"ListItem\",\"position\":1,\"name\":\"Accueil\",\"item\":\"https:\/\/www.umlautrecords.com\/fr\/\"},{\"@type\":\"ListItem\",\"position\":2,\"name\":\"Catalogue\",\"item\":\"https:\/\/www.umlautrecords.com\/fr\/shop\/\"},{\"@type\":\"ListItem\",\"position\":3,\"name\":\"Im Meer (CD)\"}]},{\"@type\":\"WebSite\",\"@id\":\"https:\/\/www.umlautrecords.com\/fr\/#website\",\"url\":\"https:\/\/www.umlautrecords.com\/fr\/\",\"name\":\"Umlaut records\",\"description\":\"transformation of sound\",\"publisher\":{\"@id\":\"https:\/\/www.umlautrecords.com\/fr\/#organization\"},\"potentialAction\":[{\"@type\":\"SearchAction\",\"target\":{\"@type\":\"EntryPoint\",\"urlTemplate\":\"https:\/\/www.umlautrecords.com\/fr\/?s={search_term_string}\"},\"query-input\":{\"@type\":\"PropertyValueSpecification\",\"valueRequired\":true,\"valueName\":\"search_term_string\"}}],\"inLanguage\":\"fr-FR\"},{\"@type\":\"Organization\",\"@id\":\"https:\/\/www.umlautrecords.com\/fr\/#organization\",\"name\":\"Umlaut records\",\"url\":\"https:\/\/www.umlautrecords.com\/fr\/\",\"logo\":{\"@type\":\"ImageObject\",\"inLanguage\":\"fr-FR\",\"@id\":\"https:\/\/www.umlautrecords.com\/fr\/#\/schema\/logo\/image\/\",\"url\":\"\",\"contentUrl\":\"\",\"caption\":\"Umlaut records\"},\"image\":{\"@id\":\"https:\/\/www.umlautrecords.com\/fr\/#\/schema\/logo\/image\/\"},\"sameAs\":[\"https:\/\/www.facebook.com\/umlautrecords\",\"https:\/\/www.instagram.com\/umlaut.records\/\",\"https:\/\/www.linkedin.com\/in\/umlaut-records-label-0678b7a4\/\",\"https:\/\/www.youtube.com\/user\/umsight\"]}]}<\/script>\n<!-- \/ Yoast SEO plugin. -->","yoast_head_json":{"title":"Im Meer (CD) - Umlaut records","robots":{"index":"index","follow":"follow","max-snippet":"max-snippet:-1","max-image-preview":"max-image-preview:large","max-video-preview":"max-video-preview:-1"},"canonical":"https:\/\/www.umlautrecords.com\/fr\/produit\/im-meer-simon-rummel-ensemble\/","og_locale":"fr_FR","og_type":"article","og_title":"Im Meer (CD) - Umlaut records","og_description":"Version num\u00e9rique disponible sur Bandcamp. \u00ab\u00a0Umlaut pr\u00e9sente le second album du Simon Rummel Ensemble. Le disque pr\u00e9c\u00e9dent pouvait \u00eatre qualifi\u00e9 de joie absurde,&hellip;","og_url":"https:\/\/www.umlautrecords.com\/fr\/produit\/im-meer-simon-rummel-ensemble\/","og_site_name":"Umlaut records","article_publisher":"https:\/\/www.facebook.com\/umlautrecords","article_modified_time":"2025-07-24T10:12:27+00:00","og_image":[{"width":1024,"height":1024,"url":"https:\/\/www.umlautrecords.com\/wp-content\/uploads\/2017\/06\/umlaut-im-meer-simon-rummel-ensemble-im-meer-hd.jpg","type":"image\/jpeg"}],"twitter_card":"summary_large_image","twitter_misc":{"Dur\u00e9e de lecture estim\u00e9e":"1 minute"},"schema":{"@context":"https:\/\/schema.org","@graph":[{"@type":"WebPage","@id":"https:\/\/www.umlautrecords.com\/fr\/produit\/im-meer-simon-rummel-ensemble\/","url":"https:\/\/www.umlautrecords.com\/fr\/produit\/im-meer-simon-rummel-ensemble\/","name":"Im Meer (CD) - Umlaut records","isPartOf":{"@id":"https:\/\/www.umlautrecords.com\/fr\/#website"},"primaryImageOfPage":{"@id":"https:\/\/www.umlautrecords.com\/fr\/produit\/im-meer-simon-rummel-ensemble\/#primaryimage"},"image":{"@id":"https:\/\/www.umlautrecords.com\/fr\/produit\/im-meer-simon-rummel-ensemble\/#primaryimage"},"thumbnailUrl":"https:\/\/www.umlautrecords.com\/wp-content\/uploads\/2017\/06\/umlaut-im-meer-simon-rummel-ensemble-im-meer-hd.jpg","datePublished":"2017-06-30T14:52:59+00:00","dateModified":"2025-07-24T10:12:27+00:00","breadcrumb":{"@id":"https:\/\/www.umlautrecords.com\/fr\/produit\/im-meer-simon-rummel-ensemble\/#breadcrumb"},"inLanguage":"fr-FR","potentialAction":[{"@type":"ReadAction","target":["https:\/\/www.umlautrecords.com\/fr\/produit\/im-meer-simon-rummel-ensemble\/"]}]},{"@type":"ImageObject","inLanguage":"fr-FR","@id":"https:\/\/www.umlautrecords.com\/fr\/produit\/im-meer-simon-rummel-ensemble\/#primaryimage","url":"https:\/\/www.umlautrecords.com\/wp-content\/uploads\/2017\/06\/umlaut-im-meer-simon-rummel-ensemble-im-meer-hd.jpg","contentUrl":"https:\/\/www.umlautrecords.com\/wp-content\/uploads\/2017\/06\/umlaut-im-meer-simon-rummel-ensemble-im-meer-hd.jpg","width":1024,"height":1024},{"@type":"BreadcrumbList","@id":"https:\/\/www.umlautrecords.com\/fr\/produit\/im-meer-simon-rummel-ensemble\/#breadcrumb","itemListElement":[{"@type":"ListItem","position":1,"name":"Accueil","item":"https:\/\/www.umlautrecords.com\/fr\/"},{"@type":"ListItem","position":2,"name":"Catalogue","item":"https:\/\/www.umlautrecords.com\/fr\/shop\/"},{"@type":"ListItem","position":3,"name":"Im Meer (CD)"}]},{"@type":"WebSite","@id":"https:\/\/www.umlautrecords.com\/fr\/#website","url":"https:\/\/www.umlautrecords.com\/fr\/","name":"Umlaut records","description":"transformation of sound","publisher":{"@id":"https:\/\/www.umlautrecords.com\/fr\/#organization"},"potentialAction":[{"@type":"SearchAction","target":{"@type":"EntryPoint","urlTemplate":"https:\/\/www.umlautrecords.com\/fr\/?s={search_term_string}"},"query-input":{"@type":"PropertyValueSpecification","valueRequired":true,"valueName":"search_term_string"}}],"inLanguage":"fr-FR"},{"@type":"Organization","@id":"https:\/\/www.umlautrecords.com\/fr\/#organization","name":"Umlaut records","url":"https:\/\/www.umlautrecords.com\/fr\/","logo":{"@type":"ImageObject","inLanguage":"fr-FR","@id":"https:\/\/www.umlautrecords.com\/fr\/#\/schema\/logo\/image\/","url":"","contentUrl":"","caption":"Umlaut records"},"image":{"@id":"https:\/\/www.umlautrecords.com\/fr\/#\/schema\/logo\/image\/"},"sameAs":["https:\/\/www.facebook.com\/umlautrecords","https:\/\/www.instagram.com\/umlaut.records\/","https:\/\/www.linkedin.com\/in\/umlaut-records-label-0678b7a4\/","https:\/\/www.youtube.com\/user\/umsight"]}]}},"_links":{"self":[{"href":"https:\/\/www.umlautrecords.com\/fr\/wp-json\/wp\/v2\/product\/710","targetHints":{"allow":["GET"]}}],"collection":[{"href":"https:\/\/www.umlautrecords.com\/fr\/wp-json\/wp\/v2\/product"}],"about":[{"href":"https:\/\/www.umlautrecords.com\/fr\/wp-json\/wp\/v2\/types\/product"}],"wp:featuredmedia":[{"embeddable":true,"href":"https:\/\/www.umlautrecords.com\/fr\/wp-json\/wp\/v2\/media\/1233"}],"wp:attachment":[{"href":"https:\/\/www.umlautrecords.com\/fr\/wp-json\/wp\/v2\/media?parent=710"}],"wp:term":[{"taxonomy":"product_brand","embeddable":true,"href":"https:\/\/www.umlautrecords.com\/fr\/wp-json\/wp\/v2\/product_brand?post=710"},{"taxonomy":"product_cat","embeddable":true,"href":"https:\/\/www.umlautrecords.com\/fr\/wp-json\/wp\/v2\/product_cat?post=710"},{"taxonomy":"product_tag","embeddable":true,"href":"https:\/\/www.umlautrecords.com\/fr\/wp-json\/wp\/v2\/product_tag?post=710"}],"curies":[{"name":"wp","href":"https:\/\/api.w.org\/{rel}","templated":true}]}}