{"id":705,"date":"2017-02-13T15:48:07","date_gmt":"2017-02-13T14:48:07","guid":{"rendered":"http:\/\/116.203.103.232\/umlaut\/?post_type=product&#038;p=705"},"modified":"2023-12-07T12:11:34","modified_gmt":"2023-12-07T11:11:34","slug":"sektion-3-7-neukollner-modelle","status":"publish","type":"product","link":"https:\/\/www.umlautrecords.com\/fr\/produit\/sektion-3-7-neukollner-modelle\/","title":{"rendered":"Sektion 3-7 (double CD)"},"content":{"rendered":"<p>Version num\u00e9rique disponible sur <a href=\"https:\/\/umlautrecords.bandcamp.com\/album\/sektion-3-7\">Bandcamp<\/a>.<\/p>\n<p><span style=\"font-weight: 400;\">Sur ce double CD, faisant suite \u00e0 la sortie r\u00e9cente \u201cSektion 1-2\u201d, Neuk\u00f6llner Modelle est rejoint par le pianiste Alexander Von Schlippenbach. Leur musique suscite des questions sur le swing : comment il entendu aujourd\u2019hui et nous est renvoy\u00e9 historiquement. Dans le livret d\u00e9taill\u00e9 , Bastian Zimmermann fait remarquer que \u201cNeuk\u00f6llner Modelle est peut-\u00eatre la premi\u00e8re tentative s\u00e9rieuse de swinguer \u00e0 nouveau sans jour de standards. Les musiciens d\u00e9veloppent le jazz comme une forme de composition instantan\u00e9e, avec l\u2019\u00e9nergie non seulement du blues mais aussi du bebop, et dans la hi\u00e9rarchie classique d\u2019une section rythmique compos\u00e9e d\u2019une contrebasse et d\u2019une batterie. Cependant, les quatre musiciens viennent des r\u00e9gions du free jazz, de la musique improvis\u00e9e, ou m\u00eame, dans le cas de Johansson, de la performance et de la musique conceptuelle.\u201d<\/span><\/p>\n<p><span style=\"font-weight: 400;\">L\u2019excitation, et l\u00e0 r\u00e9side peut-\u00eatre la clef du swing, est connect\u00e9e \u00e0 la fa\u00e7on dont Neuk\u00f6llner Modelle exprime le positionnement d\u2019id\u00e9es fortes, ind\u00e9pendantes et co-existantes. Leur musique aspire \u00e0 un quelque part commun affirmant leurs suppositions et leurs attentes diff\u00e9rentes.<\/span><\/p>\n","protected":false},"excerpt":{"rendered":"<p>Version num\u00e9rique disponible sur Bandcamp. Sur ce double CD, faisant suite \u00e0 la sortie r\u00e9cente \u201cSektion 1-2\u201d, Neuk\u00f6llner Modelle est rejoint par le&hellip;<\/p>\n","protected":false},"featured_media":706,"template":"","meta":{"_acf_changed":false},"product_brand":[],"product_cat":[29],"product_tag":[],"class_list":{"0":"post-705","1":"product","2":"type-product","3":"status-publish","4":"has-post-thumbnail","6":"product_cat-album","7":"product_shipping_class-double-cd","9":"first","10":"outofstock","11":"taxable","12":"shipping-taxable","13":"purchasable","14":"product-type-simple"},"acf":[],"yoast_head":"<!-- This site is optimized with the Yoast SEO plugin v27.0 - https:\/\/yoast.com\/product\/yoast-seo-wordpress\/ -->\n<title>Sektion 3-7 (double CD) - Umlaut records<\/title>\n<meta name=\"robots\" content=\"index, follow, max-snippet:-1, max-image-preview:large, max-video-preview:-1\" \/>\n<link rel=\"canonical\" href=\"https:\/\/www.umlautrecords.com\/fr\/produit\/sektion-3-7-neukollner-modelle\/\" \/>\n<meta property=\"og:locale\" content=\"fr_FR\" \/>\n<meta property=\"og:type\" content=\"article\" \/>\n<meta property=\"og:title\" content=\"Sektion 3-7 (double CD) - Umlaut records\" \/>\n<meta property=\"og:description\" content=\"Version num\u00e9rique disponible sur Bandcamp. Sur ce double CD, faisant suite \u00e0 la sortie r\u00e9cente \u201cSektion 1-2\u201d, Neuk\u00f6llner Modelle est rejoint par le&hellip;\" \/>\n<meta property=\"og:url\" content=\"https:\/\/www.umlautrecords.com\/fr\/produit\/sektion-3-7-neukollner-modelle\/\" \/>\n<meta property=\"og:site_name\" content=\"Umlaut records\" \/>\n<meta property=\"article:publisher\" content=\"https:\/\/www.facebook.com\/umlautrecords\" \/>\n<meta property=\"article:modified_time\" content=\"2023-12-07T11:11:34+00:00\" \/>\n<meta property=\"og:image\" content=\"https:\/\/www.umlautrecords.com\/wp-content\/uploads\/2020\/06\/sektion-3-7-12x12cm-300dpi.jpg\" \/>\n\t<meta property=\"og:image:width\" content=\"1470\" \/>\n\t<meta property=\"og:image:height\" content=\"1470\" \/>\n\t<meta property=\"og:image:type\" content=\"image\/jpeg\" \/>\n<meta name=\"twitter:card\" content=\"summary_large_image\" \/>\n<meta name=\"twitter:label1\" content=\"Dur\u00e9e de lecture estim\u00e9e\" \/>\n\t<meta name=\"twitter:data1\" content=\"1 minute\" \/>\n<script type=\"application\/ld+json\" class=\"yoast-schema-graph\">{\"@context\":\"https:\/\/schema.org\",\"@graph\":[{\"@type\":\"WebPage\",\"@id\":\"https:\/\/www.umlautrecords.com\/fr\/produit\/sektion-3-7-neukollner-modelle\/\",\"url\":\"https:\/\/www.umlautrecords.com\/fr\/produit\/sektion-3-7-neukollner-modelle\/\",\"name\":\"Sektion 3-7 (double CD) - Umlaut records\",\"isPartOf\":{\"@id\":\"https:\/\/www.umlautrecords.com\/fr\/#website\"},\"primaryImageOfPage\":{\"@id\":\"https:\/\/www.umlautrecords.com\/fr\/produit\/sektion-3-7-neukollner-modelle\/#primaryimage\"},\"image\":{\"@id\":\"https:\/\/www.umlautrecords.com\/fr\/produit\/sektion-3-7-neukollner-modelle\/#primaryimage\"},\"thumbnailUrl\":\"https:\/\/www.umlautrecords.com\/wp-content\/uploads\/2020\/06\/sektion-3-7-12x12cm-300dpi.jpg\",\"datePublished\":\"2017-02-13T14:48:07+00:00\",\"dateModified\":\"2023-12-07T11:11:34+00:00\",\"breadcrumb\":{\"@id\":\"https:\/\/www.umlautrecords.com\/fr\/produit\/sektion-3-7-neukollner-modelle\/#breadcrumb\"},\"inLanguage\":\"fr-FR\",\"potentialAction\":[{\"@type\":\"ReadAction\",\"target\":[\"https:\/\/www.umlautrecords.com\/fr\/produit\/sektion-3-7-neukollner-modelle\/\"]}]},{\"@type\":\"ImageObject\",\"inLanguage\":\"fr-FR\",\"@id\":\"https:\/\/www.umlautrecords.com\/fr\/produit\/sektion-3-7-neukollner-modelle\/#primaryimage\",\"url\":\"https:\/\/www.umlautrecords.com\/wp-content\/uploads\/2020\/06\/sektion-3-7-12x12cm-300dpi.jpg\",\"contentUrl\":\"https:\/\/www.umlautrecords.com\/wp-content\/uploads\/2020\/06\/sektion-3-7-12x12cm-300dpi.jpg\",\"width\":1470,\"height\":1470},{\"@type\":\"BreadcrumbList\",\"@id\":\"https:\/\/www.umlautrecords.com\/fr\/produit\/sektion-3-7-neukollner-modelle\/#breadcrumb\",\"itemListElement\":[{\"@type\":\"ListItem\",\"position\":1,\"name\":\"Accueil\",\"item\":\"https:\/\/www.umlautrecords.com\/fr\/\"},{\"@type\":\"ListItem\",\"position\":2,\"name\":\"Catalogue\",\"item\":\"https:\/\/www.umlautrecords.com\/fr\/shop\/\"},{\"@type\":\"ListItem\",\"position\":3,\"name\":\"Sektion 3-7 (double CD)\"}]},{\"@type\":\"WebSite\",\"@id\":\"https:\/\/www.umlautrecords.com\/fr\/#website\",\"url\":\"https:\/\/www.umlautrecords.com\/fr\/\",\"name\":\"Umlaut records\",\"description\":\"transformation of sound\",\"publisher\":{\"@id\":\"https:\/\/www.umlautrecords.com\/fr\/#organization\"},\"potentialAction\":[{\"@type\":\"SearchAction\",\"target\":{\"@type\":\"EntryPoint\",\"urlTemplate\":\"https:\/\/www.umlautrecords.com\/fr\/?s={search_term_string}\"},\"query-input\":{\"@type\":\"PropertyValueSpecification\",\"valueRequired\":true,\"valueName\":\"search_term_string\"}}],\"inLanguage\":\"fr-FR\"},{\"@type\":\"Organization\",\"@id\":\"https:\/\/www.umlautrecords.com\/fr\/#organization\",\"name\":\"Umlaut records\",\"url\":\"https:\/\/www.umlautrecords.com\/fr\/\",\"logo\":{\"@type\":\"ImageObject\",\"inLanguage\":\"fr-FR\",\"@id\":\"https:\/\/www.umlautrecords.com\/fr\/#\/schema\/logo\/image\/\",\"url\":\"\",\"contentUrl\":\"\",\"caption\":\"Umlaut records\"},\"image\":{\"@id\":\"https:\/\/www.umlautrecords.com\/fr\/#\/schema\/logo\/image\/\"},\"sameAs\":[\"https:\/\/www.facebook.com\/umlautrecords\",\"https:\/\/www.instagram.com\/umlaut.records\/\",\"https:\/\/www.linkedin.com\/in\/umlaut-records-label-0678b7a4\/\",\"https:\/\/www.youtube.com\/user\/umsight\"]}]}<\/script>\n<!-- \/ Yoast SEO plugin. -->","yoast_head_json":{"title":"Sektion 3-7 (double CD) - Umlaut records","robots":{"index":"index","follow":"follow","max-snippet":"max-snippet:-1","max-image-preview":"max-image-preview:large","max-video-preview":"max-video-preview:-1"},"canonical":"https:\/\/www.umlautrecords.com\/fr\/produit\/sektion-3-7-neukollner-modelle\/","og_locale":"fr_FR","og_type":"article","og_title":"Sektion 3-7 (double CD) - Umlaut records","og_description":"Version num\u00e9rique disponible sur Bandcamp. Sur ce double CD, faisant suite \u00e0 la sortie r\u00e9cente \u201cSektion 1-2\u201d, Neuk\u00f6llner Modelle est rejoint par le&hellip;","og_url":"https:\/\/www.umlautrecords.com\/fr\/produit\/sektion-3-7-neukollner-modelle\/","og_site_name":"Umlaut records","article_publisher":"https:\/\/www.facebook.com\/umlautrecords","article_modified_time":"2023-12-07T11:11:34+00:00","og_image":[{"width":1470,"height":1470,"url":"https:\/\/www.umlautrecords.com\/wp-content\/uploads\/2020\/06\/sektion-3-7-12x12cm-300dpi.jpg","type":"image\/jpeg"}],"twitter_card":"summary_large_image","twitter_misc":{"Dur\u00e9e de lecture estim\u00e9e":"1 minute"},"schema":{"@context":"https:\/\/schema.org","@graph":[{"@type":"WebPage","@id":"https:\/\/www.umlautrecords.com\/fr\/produit\/sektion-3-7-neukollner-modelle\/","url":"https:\/\/www.umlautrecords.com\/fr\/produit\/sektion-3-7-neukollner-modelle\/","name":"Sektion 3-7 (double CD) - Umlaut records","isPartOf":{"@id":"https:\/\/www.umlautrecords.com\/fr\/#website"},"primaryImageOfPage":{"@id":"https:\/\/www.umlautrecords.com\/fr\/produit\/sektion-3-7-neukollner-modelle\/#primaryimage"},"image":{"@id":"https:\/\/www.umlautrecords.com\/fr\/produit\/sektion-3-7-neukollner-modelle\/#primaryimage"},"thumbnailUrl":"https:\/\/www.umlautrecords.com\/wp-content\/uploads\/2020\/06\/sektion-3-7-12x12cm-300dpi.jpg","datePublished":"2017-02-13T14:48:07+00:00","dateModified":"2023-12-07T11:11:34+00:00","breadcrumb":{"@id":"https:\/\/www.umlautrecords.com\/fr\/produit\/sektion-3-7-neukollner-modelle\/#breadcrumb"},"inLanguage":"fr-FR","potentialAction":[{"@type":"ReadAction","target":["https:\/\/www.umlautrecords.com\/fr\/produit\/sektion-3-7-neukollner-modelle\/"]}]},{"@type":"ImageObject","inLanguage":"fr-FR","@id":"https:\/\/www.umlautrecords.com\/fr\/produit\/sektion-3-7-neukollner-modelle\/#primaryimage","url":"https:\/\/www.umlautrecords.com\/wp-content\/uploads\/2020\/06\/sektion-3-7-12x12cm-300dpi.jpg","contentUrl":"https:\/\/www.umlautrecords.com\/wp-content\/uploads\/2020\/06\/sektion-3-7-12x12cm-300dpi.jpg","width":1470,"height":1470},{"@type":"BreadcrumbList","@id":"https:\/\/www.umlautrecords.com\/fr\/produit\/sektion-3-7-neukollner-modelle\/#breadcrumb","itemListElement":[{"@type":"ListItem","position":1,"name":"Accueil","item":"https:\/\/www.umlautrecords.com\/fr\/"},{"@type":"ListItem","position":2,"name":"Catalogue","item":"https:\/\/www.umlautrecords.com\/fr\/shop\/"},{"@type":"ListItem","position":3,"name":"Sektion 3-7 (double CD)"}]},{"@type":"WebSite","@id":"https:\/\/www.umlautrecords.com\/fr\/#website","url":"https:\/\/www.umlautrecords.com\/fr\/","name":"Umlaut records","description":"transformation of sound","publisher":{"@id":"https:\/\/www.umlautrecords.com\/fr\/#organization"},"potentialAction":[{"@type":"SearchAction","target":{"@type":"EntryPoint","urlTemplate":"https:\/\/www.umlautrecords.com\/fr\/?s={search_term_string}"},"query-input":{"@type":"PropertyValueSpecification","valueRequired":true,"valueName":"search_term_string"}}],"inLanguage":"fr-FR"},{"@type":"Organization","@id":"https:\/\/www.umlautrecords.com\/fr\/#organization","name":"Umlaut records","url":"https:\/\/www.umlautrecords.com\/fr\/","logo":{"@type":"ImageObject","inLanguage":"fr-FR","@id":"https:\/\/www.umlautrecords.com\/fr\/#\/schema\/logo\/image\/","url":"","contentUrl":"","caption":"Umlaut records"},"image":{"@id":"https:\/\/www.umlautrecords.com\/fr\/#\/schema\/logo\/image\/"},"sameAs":["https:\/\/www.facebook.com\/umlautrecords","https:\/\/www.instagram.com\/umlaut.records\/","https:\/\/www.linkedin.com\/in\/umlaut-records-label-0678b7a4\/","https:\/\/www.youtube.com\/user\/umsight"]}]}},"_links":{"self":[{"href":"https:\/\/www.umlautrecords.com\/fr\/wp-json\/wp\/v2\/product\/705","targetHints":{"allow":["GET"]}}],"collection":[{"href":"https:\/\/www.umlautrecords.com\/fr\/wp-json\/wp\/v2\/product"}],"about":[{"href":"https:\/\/www.umlautrecords.com\/fr\/wp-json\/wp\/v2\/types\/product"}],"wp:featuredmedia":[{"embeddable":true,"href":"https:\/\/www.umlautrecords.com\/fr\/wp-json\/wp\/v2\/media\/706"}],"wp:attachment":[{"href":"https:\/\/www.umlautrecords.com\/fr\/wp-json\/wp\/v2\/media?parent=705"}],"wp:term":[{"taxonomy":"product_brand","embeddable":true,"href":"https:\/\/www.umlautrecords.com\/fr\/wp-json\/wp\/v2\/product_brand?post=705"},{"taxonomy":"product_cat","embeddable":true,"href":"https:\/\/www.umlautrecords.com\/fr\/wp-json\/wp\/v2\/product_cat?post=705"},{"taxonomy":"product_tag","embeddable":true,"href":"https:\/\/www.umlautrecords.com\/fr\/wp-json\/wp\/v2\/product_tag?post=705"}],"curies":[{"name":"wp","href":"https:\/\/api.w.org\/{rel}","templated":true}]}}