{"id":702,"date":"2016-10-07T19:43:57","date_gmt":"2016-10-07T17:43:57","guid":{"rendered":"http:\/\/116.203.103.232\/umlaut\/?post_type=product&#038;p=702"},"modified":"2024-01-22T17:35:48","modified_gmt":"2024-01-22T16:35:48","slug":"lifework-a-unity-1-culture-tradition-assimilation-1950-59-ensemble-hodos","status":"publish","type":"product","link":"https:\/\/www.umlautrecords.com\/fr\/produit\/lifework-a-unity-1-culture-tradition-assimilation-1950-59-ensemble-hodos\/","title":{"rendered":"Lifework : A Unity 1. Culture (Tradition, Assimilation) 1950-59 (CD)"},"content":{"rendered":"<p>Version num\u00e9rique disponible sur <a href=\"https:\/\/umlautrecords.bandcamp.com\/album\/lifework-a-unity-vol-1-culture-tradition-assimilation-1950-1959\">Bandcamp<\/a>.<\/p>\n<p><span style=\"font-weight: 400;\">\u201cLifework : A Unity &#8211; Ensemble Hodos plays Philip Corner\u201d pr\u00e9sente une r\u00e9trospective de l\u2019oeuvre du compositeur am\u00e9ricain Philip Corner. C\u2019est un musicien prolifique riche d\u2019exp\u00e9riences \u00e9clectiques, renforc\u00e9es par son lien fort avec John Cage, Olivier Messiaen, James Tenney, le gamelan javanais, la calligraphie cor\u00e9enne et la musique improvis\u00e9e.<\/span><\/p>\n<p><span style=\"font-weight: 400;\">Son oeuvre est organis\u00e9e chronologiquement et par th\u00e9matique en cinq partie, qui ont \u00e9t\u00e9 utilis\u00e9es comme cadre de travail pour l\u2019Ensemble Hodos. Ce disque pr\u00e9sente la premi\u00e8re p\u00e9riode de l\u2019oeuvre de Philip Corner, couvrant les ann\u00e9es 1950 \u00e0 1959. C\u2019est une p\u00e9riode d\u2019apprentissage pour le compositeur (travaillant aux c\u00f4t\u00e9s de Henry Cowell et Olivier Messiaen), mais aussi le d\u00e9but de ses exp\u00e9rimentations, utilisant le principe d\u2019incertitude pour \u00e9chapper \u00e0 la rigueur de la musique s\u00e9rielle formelle.<\/span><\/p>\n","protected":false},"excerpt":{"rendered":"<p>Version num\u00e9rique disponible sur Bandcamp. \u201cLifework : A Unity &#8211; Ensemble Hodos plays Philip Corner\u201d pr\u00e9sente une r\u00e9trospective de l\u2019oeuvre du compositeur am\u00e9ricain&hellip;<\/p>\n","protected":false},"featured_media":1225,"template":"","meta":{"_acf_changed":false},"product_brand":[],"product_cat":[29],"product_tag":[],"class_list":{"0":"post-702","1":"product","2":"type-product","3":"status-publish","4":"has-post-thumbnail","6":"product_cat-album","7":"product_shipping_class-cd","9":"first","10":"outofstock","11":"taxable","12":"shipping-taxable","13":"purchasable","14":"product-type-simple"},"acf":[],"yoast_head":"<!-- This site is optimized with the Yoast SEO plugin v27.0 - https:\/\/yoast.com\/product\/yoast-seo-wordpress\/ -->\n<title>Lifework : A Unity 1. Culture (Tradition, Assimilation) 1950-59 (CD) - Umlaut records<\/title>\n<meta name=\"robots\" content=\"index, follow, max-snippet:-1, max-image-preview:large, max-video-preview:-1\" \/>\n<link rel=\"canonical\" href=\"https:\/\/www.umlautrecords.com\/fr\/produit\/lifework-a-unity-1-culture-tradition-assimilation-1950-59-ensemble-hodos\/\" \/>\n<meta property=\"og:locale\" content=\"fr_FR\" \/>\n<meta property=\"og:type\" content=\"article\" \/>\n<meta property=\"og:title\" content=\"Lifework : A Unity 1. Culture (Tradition, Assimilation) 1950-59 (CD) - Umlaut records\" \/>\n<meta property=\"og:description\" content=\"Version num\u00e9rique disponible sur Bandcamp. \u201cLifework : A Unity &#8211; Ensemble Hodos plays Philip Corner\u201d pr\u00e9sente une r\u00e9trospective de l\u2019oeuvre du compositeur am\u00e9ricain&hellip;\" \/>\n<meta property=\"og:url\" content=\"https:\/\/www.umlautrecords.com\/fr\/produit\/lifework-a-unity-1-culture-tradition-assimilation-1950-59-ensemble-hodos\/\" \/>\n<meta property=\"og:site_name\" content=\"Umlaut records\" \/>\n<meta property=\"article:publisher\" content=\"https:\/\/www.facebook.com\/umlautrecords\" \/>\n<meta property=\"article:modified_time\" content=\"2024-01-22T16:35:48+00:00\" \/>\n<meta property=\"og:image\" content=\"https:\/\/www.umlautrecords.com\/wp-content\/uploads\/2016\/10\/umlaut-lifework-a-unity-1-culture-tradition-assimilation-1950-59-ensemble-hodos-lifework-a-unity-1.-1950-59-ensemble-hodos-hd.png\" \/>\n\t<meta property=\"og:image:width\" content=\"904\" \/>\n\t<meta property=\"og:image:height\" content=\"815\" \/>\n\t<meta property=\"og:image:type\" content=\"image\/png\" \/>\n<meta name=\"twitter:card\" content=\"summary_large_image\" \/>\n<meta name=\"twitter:label1\" content=\"Dur\u00e9e de lecture estim\u00e9e\" \/>\n\t<meta name=\"twitter:data1\" content=\"1 minute\" \/>\n<script type=\"application\/ld+json\" class=\"yoast-schema-graph\">{\"@context\":\"https:\/\/schema.org\",\"@graph\":[{\"@type\":\"WebPage\",\"@id\":\"https:\/\/www.umlautrecords.com\/fr\/produit\/lifework-a-unity-1-culture-tradition-assimilation-1950-59-ensemble-hodos\/\",\"url\":\"https:\/\/www.umlautrecords.com\/fr\/produit\/lifework-a-unity-1-culture-tradition-assimilation-1950-59-ensemble-hodos\/\",\"name\":\"Lifework : A Unity 1. Culture (Tradition, Assimilation) 1950-59 (CD) - Umlaut records\",\"isPartOf\":{\"@id\":\"https:\/\/www.umlautrecords.com\/fr\/#website\"},\"primaryImageOfPage\":{\"@id\":\"https:\/\/www.umlautrecords.com\/fr\/produit\/lifework-a-unity-1-culture-tradition-assimilation-1950-59-ensemble-hodos\/#primaryimage\"},\"image\":{\"@id\":\"https:\/\/www.umlautrecords.com\/fr\/produit\/lifework-a-unity-1-culture-tradition-assimilation-1950-59-ensemble-hodos\/#primaryimage\"},\"thumbnailUrl\":\"https:\/\/www.umlautrecords.com\/wp-content\/uploads\/2016\/10\/umlaut-lifework-a-unity-1-culture-tradition-assimilation-1950-59-ensemble-hodos-lifework-a-unity-1.-1950-59-ensemble-hodos-hd.png\",\"datePublished\":\"2016-10-07T17:43:57+00:00\",\"dateModified\":\"2024-01-22T16:35:48+00:00\",\"breadcrumb\":{\"@id\":\"https:\/\/www.umlautrecords.com\/fr\/produit\/lifework-a-unity-1-culture-tradition-assimilation-1950-59-ensemble-hodos\/#breadcrumb\"},\"inLanguage\":\"fr-FR\",\"potentialAction\":[{\"@type\":\"ReadAction\",\"target\":[\"https:\/\/www.umlautrecords.com\/fr\/produit\/lifework-a-unity-1-culture-tradition-assimilation-1950-59-ensemble-hodos\/\"]}]},{\"@type\":\"ImageObject\",\"inLanguage\":\"fr-FR\",\"@id\":\"https:\/\/www.umlautrecords.com\/fr\/produit\/lifework-a-unity-1-culture-tradition-assimilation-1950-59-ensemble-hodos\/#primaryimage\",\"url\":\"https:\/\/www.umlautrecords.com\/wp-content\/uploads\/2016\/10\/umlaut-lifework-a-unity-1-culture-tradition-assimilation-1950-59-ensemble-hodos-lifework-a-unity-1.-1950-59-ensemble-hodos-hd.png\",\"contentUrl\":\"https:\/\/www.umlautrecords.com\/wp-content\/uploads\/2016\/10\/umlaut-lifework-a-unity-1-culture-tradition-assimilation-1950-59-ensemble-hodos-lifework-a-unity-1.-1950-59-ensemble-hodos-hd.png\",\"width\":904,\"height\":815},{\"@type\":\"BreadcrumbList\",\"@id\":\"https:\/\/www.umlautrecords.com\/fr\/produit\/lifework-a-unity-1-culture-tradition-assimilation-1950-59-ensemble-hodos\/#breadcrumb\",\"itemListElement\":[{\"@type\":\"ListItem\",\"position\":1,\"name\":\"Accueil\",\"item\":\"https:\/\/www.umlautrecords.com\/fr\/\"},{\"@type\":\"ListItem\",\"position\":2,\"name\":\"Catalogue\",\"item\":\"https:\/\/www.umlautrecords.com\/fr\/shop\/\"},{\"@type\":\"ListItem\",\"position\":3,\"name\":\"Lifework : A Unity 1. Culture (Tradition, Assimilation) 1950-59 (CD)\"}]},{\"@type\":\"WebSite\",\"@id\":\"https:\/\/www.umlautrecords.com\/fr\/#website\",\"url\":\"https:\/\/www.umlautrecords.com\/fr\/\",\"name\":\"Umlaut records\",\"description\":\"transformation of sound\",\"publisher\":{\"@id\":\"https:\/\/www.umlautrecords.com\/fr\/#organization\"},\"potentialAction\":[{\"@type\":\"SearchAction\",\"target\":{\"@type\":\"EntryPoint\",\"urlTemplate\":\"https:\/\/www.umlautrecords.com\/fr\/?s={search_term_string}\"},\"query-input\":{\"@type\":\"PropertyValueSpecification\",\"valueRequired\":true,\"valueName\":\"search_term_string\"}}],\"inLanguage\":\"fr-FR\"},{\"@type\":\"Organization\",\"@id\":\"https:\/\/www.umlautrecords.com\/fr\/#organization\",\"name\":\"Umlaut records\",\"url\":\"https:\/\/www.umlautrecords.com\/fr\/\",\"logo\":{\"@type\":\"ImageObject\",\"inLanguage\":\"fr-FR\",\"@id\":\"https:\/\/www.umlautrecords.com\/fr\/#\/schema\/logo\/image\/\",\"url\":\"\",\"contentUrl\":\"\",\"caption\":\"Umlaut records\"},\"image\":{\"@id\":\"https:\/\/www.umlautrecords.com\/fr\/#\/schema\/logo\/image\/\"},\"sameAs\":[\"https:\/\/www.facebook.com\/umlautrecords\",\"https:\/\/www.instagram.com\/umlaut.records\/\",\"https:\/\/www.linkedin.com\/in\/umlaut-records-label-0678b7a4\/\",\"https:\/\/www.youtube.com\/user\/umsight\"]}]}<\/script>\n<!-- \/ Yoast SEO plugin. -->","yoast_head_json":{"title":"Lifework : A Unity 1. Culture (Tradition, Assimilation) 1950-59 (CD) - Umlaut records","robots":{"index":"index","follow":"follow","max-snippet":"max-snippet:-1","max-image-preview":"max-image-preview:large","max-video-preview":"max-video-preview:-1"},"canonical":"https:\/\/www.umlautrecords.com\/fr\/produit\/lifework-a-unity-1-culture-tradition-assimilation-1950-59-ensemble-hodos\/","og_locale":"fr_FR","og_type":"article","og_title":"Lifework : A Unity 1. Culture (Tradition, Assimilation) 1950-59 (CD) - Umlaut records","og_description":"Version num\u00e9rique disponible sur Bandcamp. \u201cLifework : A Unity &#8211; Ensemble Hodos plays Philip Corner\u201d pr\u00e9sente une r\u00e9trospective de l\u2019oeuvre du compositeur am\u00e9ricain&hellip;","og_url":"https:\/\/www.umlautrecords.com\/fr\/produit\/lifework-a-unity-1-culture-tradition-assimilation-1950-59-ensemble-hodos\/","og_site_name":"Umlaut records","article_publisher":"https:\/\/www.facebook.com\/umlautrecords","article_modified_time":"2024-01-22T16:35:48+00:00","og_image":[{"width":904,"height":815,"url":"https:\/\/www.umlautrecords.com\/wp-content\/uploads\/2016\/10\/umlaut-lifework-a-unity-1-culture-tradition-assimilation-1950-59-ensemble-hodos-lifework-a-unity-1.-1950-59-ensemble-hodos-hd.png","type":"image\/png"}],"twitter_card":"summary_large_image","twitter_misc":{"Dur\u00e9e de lecture estim\u00e9e":"1 minute"},"schema":{"@context":"https:\/\/schema.org","@graph":[{"@type":"WebPage","@id":"https:\/\/www.umlautrecords.com\/fr\/produit\/lifework-a-unity-1-culture-tradition-assimilation-1950-59-ensemble-hodos\/","url":"https:\/\/www.umlautrecords.com\/fr\/produit\/lifework-a-unity-1-culture-tradition-assimilation-1950-59-ensemble-hodos\/","name":"Lifework : A Unity 1. Culture (Tradition, Assimilation) 1950-59 (CD) - Umlaut records","isPartOf":{"@id":"https:\/\/www.umlautrecords.com\/fr\/#website"},"primaryImageOfPage":{"@id":"https:\/\/www.umlautrecords.com\/fr\/produit\/lifework-a-unity-1-culture-tradition-assimilation-1950-59-ensemble-hodos\/#primaryimage"},"image":{"@id":"https:\/\/www.umlautrecords.com\/fr\/produit\/lifework-a-unity-1-culture-tradition-assimilation-1950-59-ensemble-hodos\/#primaryimage"},"thumbnailUrl":"https:\/\/www.umlautrecords.com\/wp-content\/uploads\/2016\/10\/umlaut-lifework-a-unity-1-culture-tradition-assimilation-1950-59-ensemble-hodos-lifework-a-unity-1.-1950-59-ensemble-hodos-hd.png","datePublished":"2016-10-07T17:43:57+00:00","dateModified":"2024-01-22T16:35:48+00:00","breadcrumb":{"@id":"https:\/\/www.umlautrecords.com\/fr\/produit\/lifework-a-unity-1-culture-tradition-assimilation-1950-59-ensemble-hodos\/#breadcrumb"},"inLanguage":"fr-FR","potentialAction":[{"@type":"ReadAction","target":["https:\/\/www.umlautrecords.com\/fr\/produit\/lifework-a-unity-1-culture-tradition-assimilation-1950-59-ensemble-hodos\/"]}]},{"@type":"ImageObject","inLanguage":"fr-FR","@id":"https:\/\/www.umlautrecords.com\/fr\/produit\/lifework-a-unity-1-culture-tradition-assimilation-1950-59-ensemble-hodos\/#primaryimage","url":"https:\/\/www.umlautrecords.com\/wp-content\/uploads\/2016\/10\/umlaut-lifework-a-unity-1-culture-tradition-assimilation-1950-59-ensemble-hodos-lifework-a-unity-1.-1950-59-ensemble-hodos-hd.png","contentUrl":"https:\/\/www.umlautrecords.com\/wp-content\/uploads\/2016\/10\/umlaut-lifework-a-unity-1-culture-tradition-assimilation-1950-59-ensemble-hodos-lifework-a-unity-1.-1950-59-ensemble-hodos-hd.png","width":904,"height":815},{"@type":"BreadcrumbList","@id":"https:\/\/www.umlautrecords.com\/fr\/produit\/lifework-a-unity-1-culture-tradition-assimilation-1950-59-ensemble-hodos\/#breadcrumb","itemListElement":[{"@type":"ListItem","position":1,"name":"Accueil","item":"https:\/\/www.umlautrecords.com\/fr\/"},{"@type":"ListItem","position":2,"name":"Catalogue","item":"https:\/\/www.umlautrecords.com\/fr\/shop\/"},{"@type":"ListItem","position":3,"name":"Lifework : A Unity 1. Culture (Tradition, Assimilation) 1950-59 (CD)"}]},{"@type":"WebSite","@id":"https:\/\/www.umlautrecords.com\/fr\/#website","url":"https:\/\/www.umlautrecords.com\/fr\/","name":"Umlaut records","description":"transformation of sound","publisher":{"@id":"https:\/\/www.umlautrecords.com\/fr\/#organization"},"potentialAction":[{"@type":"SearchAction","target":{"@type":"EntryPoint","urlTemplate":"https:\/\/www.umlautrecords.com\/fr\/?s={search_term_string}"},"query-input":{"@type":"PropertyValueSpecification","valueRequired":true,"valueName":"search_term_string"}}],"inLanguage":"fr-FR"},{"@type":"Organization","@id":"https:\/\/www.umlautrecords.com\/fr\/#organization","name":"Umlaut records","url":"https:\/\/www.umlautrecords.com\/fr\/","logo":{"@type":"ImageObject","inLanguage":"fr-FR","@id":"https:\/\/www.umlautrecords.com\/fr\/#\/schema\/logo\/image\/","url":"","contentUrl":"","caption":"Umlaut records"},"image":{"@id":"https:\/\/www.umlautrecords.com\/fr\/#\/schema\/logo\/image\/"},"sameAs":["https:\/\/www.facebook.com\/umlautrecords","https:\/\/www.instagram.com\/umlaut.records\/","https:\/\/www.linkedin.com\/in\/umlaut-records-label-0678b7a4\/","https:\/\/www.youtube.com\/user\/umsight"]}]}},"_links":{"self":[{"href":"https:\/\/www.umlautrecords.com\/fr\/wp-json\/wp\/v2\/product\/702","targetHints":{"allow":["GET"]}}],"collection":[{"href":"https:\/\/www.umlautrecords.com\/fr\/wp-json\/wp\/v2\/product"}],"about":[{"href":"https:\/\/www.umlautrecords.com\/fr\/wp-json\/wp\/v2\/types\/product"}],"wp:featuredmedia":[{"embeddable":true,"href":"https:\/\/www.umlautrecords.com\/fr\/wp-json\/wp\/v2\/media\/1225"}],"wp:attachment":[{"href":"https:\/\/www.umlautrecords.com\/fr\/wp-json\/wp\/v2\/media?parent=702"}],"wp:term":[{"taxonomy":"product_brand","embeddable":true,"href":"https:\/\/www.umlautrecords.com\/fr\/wp-json\/wp\/v2\/product_brand?post=702"},{"taxonomy":"product_cat","embeddable":true,"href":"https:\/\/www.umlautrecords.com\/fr\/wp-json\/wp\/v2\/product_cat?post=702"},{"taxonomy":"product_tag","embeddable":true,"href":"https:\/\/www.umlautrecords.com\/fr\/wp-json\/wp\/v2\/product_tag?post=702"}],"curies":[{"name":"wp","href":"https:\/\/api.w.org\/{rel}","templated":true}]}}