{"id":657,"date":"2016-09-01T17:10:26","date_gmt":"2016-09-01T15:10:26","guid":{"rendered":"http:\/\/116.203.103.232\/umlaut\/?post_type=product&#038;p=657"},"modified":"2024-01-22T17:34:48","modified_gmt":"2024-01-22T16:34:48","slug":"fenetre-ovale-2eme-volet-fenetre-ovale","status":"publish","type":"product","link":"https:\/\/www.umlautrecords.com\/fr\/produit\/fenetre-ovale-2eme-volet-fenetre-ovale\/","title":{"rendered":"Fen\u00eatre Ovale &#8211; Deuxi\u00e8me Volet (CD)"},"content":{"rendered":"<p>Version num\u00e9rique disponible sur <a href=\"https:\/\/umlautrecords.bandcamp.com\/album\/fen-tre-ovale-deuxi-me-volet\">Bandcamp<\/a>.<\/p>\n<p><span style=\"font-weight: 400;\">Nous sommes heureux de vous pr\u00e9senter le deuxi\u00e8me volet du projet Fen\u00eatre Ovale. Apr\u00e8s un premier disque remarqu\u00e9 qui r\u00e9unissait le compositeur Karl Naegelen et les improvisateurs Eve Risser et Joris R\u00fchl, le groupe s\u2019\u00e9largit au percussionniste Toma Gouband et \u00e0 la violoniste Amaryllis Billet.<\/span><\/p>\n<p><span style=\"font-weight: 400;\">Forts de ces nouvelles possibilit\u00e9s sonores, les musiciens de ce deuxi\u00e8me volet de Fen\u00eatre Ovale prolongent et approfondissent leur qu\u00eate m\u00e9ticuleuse d\u2019une alchimie acoustique qui leur permet de changer un violon, une clarinette, un piano et des percussions en vol d\u2019\u00e9tourneau, en m\u00e9caniques fluides, en temple troglodyte, en or, en plomb. Mystique, triviale, cisel\u00e9e, la musique prend forme dans la tension entre la pr\u00e9cision rigoureuse de l\u2019\u00e9criture et la fragilit\u00e9 palpitante du jeu des instrumentistes que Karl Naegelen prend soin de pr\u00e9server en \u00e9laborant la partition.<\/span><\/p>\n<p><span style=\"font-weight: 400;\">Parmi les douze pi\u00e8ces qui composent ce projet, cinq miniatures forment un sous-ensemble coh\u00e9rent qui a fait l\u2019objet d\u2019une commande de l\u2019\u00e9mission Alla Breve sur France Musique.<\/span><\/p>\n<p><span style=\"font-weight: 400;\">Le nouveau corpus de fen\u00eatre ovale est constitu\u00e9 de petites formes extr\u00eamement contrast\u00e9es, o\u00f9 l\u2019univers le plus m\u00e9canique, voire trivial, c\u00f4toie le son le plus \u00e9pur\u00e9, ou des chorals se m\u00ealent \u00e0 d\u2019\u00e9tranges moteurs sonores faits de craquements et de souffles. En qu\u00eate d\u2019un son plein, granuleux, composite, les musiciens jouent \u00e0 cr\u00e9er la confusion des sources et se jouent des seuils ; les craquements deviennent des tenues, les souffles des cr\u00e9pitements, les rythmes des hauteurs\u2026<\/span><\/p>\n","protected":false},"excerpt":{"rendered":"<p>Version num\u00e9rique disponible sur Bandcamp. Nous sommes heureux de vous pr\u00e9senter le deuxi\u00e8me volet du projet Fen\u00eatre Ovale. Apr\u00e8s un premier disque remarqu\u00e9&hellip;<\/p>\n","protected":false},"featured_media":658,"template":"","meta":{"_acf_changed":false},"product_brand":[],"product_cat":[29],"product_tag":[],"class_list":{"0":"post-657","1":"product","2":"type-product","3":"status-publish","4":"has-post-thumbnail","6":"product_cat-album","7":"product_shipping_class-cd","9":"first","10":"instock","11":"taxable","12":"shipping-taxable","13":"purchasable","14":"product-type-simple"},"acf":[],"yoast_head":"<!-- This site is optimized with the Yoast SEO plugin v27.0 - https:\/\/yoast.com\/product\/yoast-seo-wordpress\/ -->\n<title>Fen\u00eatre Ovale - Deuxi\u00e8me Volet (CD) - Umlaut records<\/title>\n<meta name=\"robots\" content=\"index, follow, max-snippet:-1, max-image-preview:large, max-video-preview:-1\" \/>\n<link rel=\"canonical\" href=\"https:\/\/www.umlautrecords.com\/fr\/produit\/fenetre-ovale-2eme-volet-fenetre-ovale\/\" \/>\n<meta property=\"og:locale\" content=\"fr_FR\" \/>\n<meta property=\"og:type\" content=\"article\" \/>\n<meta property=\"og:title\" content=\"Fen\u00eatre Ovale - Deuxi\u00e8me Volet (CD) - Umlaut records\" \/>\n<meta property=\"og:description\" content=\"Version num\u00e9rique disponible sur Bandcamp. Nous sommes heureux de vous pr\u00e9senter le deuxi\u00e8me volet du projet Fen\u00eatre Ovale. Apr\u00e8s un premier disque remarqu\u00e9&hellip;\" \/>\n<meta property=\"og:url\" content=\"https:\/\/www.umlautrecords.com\/fr\/produit\/fenetre-ovale-2eme-volet-fenetre-ovale\/\" \/>\n<meta property=\"og:site_name\" content=\"Umlaut records\" \/>\n<meta property=\"article:publisher\" content=\"https:\/\/www.facebook.com\/umlautrecords\" \/>\n<meta property=\"article:modified_time\" content=\"2024-01-22T16:34:48+00:00\" \/>\n<meta property=\"og:image\" content=\"https:\/\/www.umlautrecords.com\/wp-content\/uploads\/2020\/06\/Fenetre-Ovale-2e\u0300me-volet-1.jpg\" \/>\n\t<meta property=\"og:image:width\" content=\"828\" \/>\n\t<meta property=\"og:image:height\" content=\"739\" \/>\n\t<meta property=\"og:image:type\" content=\"image\/jpeg\" \/>\n<meta name=\"twitter:card\" content=\"summary_large_image\" \/>\n<meta name=\"twitter:label1\" content=\"Dur\u00e9e de lecture estim\u00e9e\" \/>\n\t<meta name=\"twitter:data1\" content=\"1 minute\" \/>\n<script type=\"application\/ld+json\" class=\"yoast-schema-graph\">{\"@context\":\"https:\/\/schema.org\",\"@graph\":[{\"@type\":\"WebPage\",\"@id\":\"https:\/\/www.umlautrecords.com\/fr\/produit\/fenetre-ovale-2eme-volet-fenetre-ovale\/\",\"url\":\"https:\/\/www.umlautrecords.com\/fr\/produit\/fenetre-ovale-2eme-volet-fenetre-ovale\/\",\"name\":\"Fen\u00eatre Ovale - Deuxi\u00e8me Volet (CD) - Umlaut records\",\"isPartOf\":{\"@id\":\"https:\/\/www.umlautrecords.com\/fr\/#website\"},\"primaryImageOfPage\":{\"@id\":\"https:\/\/www.umlautrecords.com\/fr\/produit\/fenetre-ovale-2eme-volet-fenetre-ovale\/#primaryimage\"},\"image\":{\"@id\":\"https:\/\/www.umlautrecords.com\/fr\/produit\/fenetre-ovale-2eme-volet-fenetre-ovale\/#primaryimage\"},\"thumbnailUrl\":\"https:\/\/www.umlautrecords.com\/wp-content\/uploads\/2020\/06\/Fenetre-Ovale-2e\u0300me-volet-1.jpg\",\"datePublished\":\"2016-09-01T15:10:26+00:00\",\"dateModified\":\"2024-01-22T16:34:48+00:00\",\"breadcrumb\":{\"@id\":\"https:\/\/www.umlautrecords.com\/fr\/produit\/fenetre-ovale-2eme-volet-fenetre-ovale\/#breadcrumb\"},\"inLanguage\":\"fr-FR\",\"potentialAction\":[{\"@type\":\"ReadAction\",\"target\":[\"https:\/\/www.umlautrecords.com\/fr\/produit\/fenetre-ovale-2eme-volet-fenetre-ovale\/\"]}]},{\"@type\":\"ImageObject\",\"inLanguage\":\"fr-FR\",\"@id\":\"https:\/\/www.umlautrecords.com\/fr\/produit\/fenetre-ovale-2eme-volet-fenetre-ovale\/#primaryimage\",\"url\":\"https:\/\/www.umlautrecords.com\/wp-content\/uploads\/2020\/06\/Fenetre-Ovale-2e\u0300me-volet-1.jpg\",\"contentUrl\":\"https:\/\/www.umlautrecords.com\/wp-content\/uploads\/2020\/06\/Fenetre-Ovale-2e\u0300me-volet-1.jpg\",\"width\":828,\"height\":739},{\"@type\":\"BreadcrumbList\",\"@id\":\"https:\/\/www.umlautrecords.com\/fr\/produit\/fenetre-ovale-2eme-volet-fenetre-ovale\/#breadcrumb\",\"itemListElement\":[{\"@type\":\"ListItem\",\"position\":1,\"name\":\"Accueil\",\"item\":\"https:\/\/www.umlautrecords.com\/fr\/\"},{\"@type\":\"ListItem\",\"position\":2,\"name\":\"Catalogue\",\"item\":\"https:\/\/www.umlautrecords.com\/fr\/shop\/\"},{\"@type\":\"ListItem\",\"position\":3,\"name\":\"Fen\u00eatre Ovale &#8211; Deuxi\u00e8me Volet (CD)\"}]},{\"@type\":\"WebSite\",\"@id\":\"https:\/\/www.umlautrecords.com\/fr\/#website\",\"url\":\"https:\/\/www.umlautrecords.com\/fr\/\",\"name\":\"Umlaut records\",\"description\":\"transformation of sound\",\"publisher\":{\"@id\":\"https:\/\/www.umlautrecords.com\/fr\/#organization\"},\"potentialAction\":[{\"@type\":\"SearchAction\",\"target\":{\"@type\":\"EntryPoint\",\"urlTemplate\":\"https:\/\/www.umlautrecords.com\/fr\/?s={search_term_string}\"},\"query-input\":{\"@type\":\"PropertyValueSpecification\",\"valueRequired\":true,\"valueName\":\"search_term_string\"}}],\"inLanguage\":\"fr-FR\"},{\"@type\":\"Organization\",\"@id\":\"https:\/\/www.umlautrecords.com\/fr\/#organization\",\"name\":\"Umlaut records\",\"url\":\"https:\/\/www.umlautrecords.com\/fr\/\",\"logo\":{\"@type\":\"ImageObject\",\"inLanguage\":\"fr-FR\",\"@id\":\"https:\/\/www.umlautrecords.com\/fr\/#\/schema\/logo\/image\/\",\"url\":\"\",\"contentUrl\":\"\",\"caption\":\"Umlaut records\"},\"image\":{\"@id\":\"https:\/\/www.umlautrecords.com\/fr\/#\/schema\/logo\/image\/\"},\"sameAs\":[\"https:\/\/www.facebook.com\/umlautrecords\",\"https:\/\/www.instagram.com\/umlaut.records\/\",\"https:\/\/www.linkedin.com\/in\/umlaut-records-label-0678b7a4\/\",\"https:\/\/www.youtube.com\/user\/umsight\"]}]}<\/script>\n<!-- \/ Yoast SEO plugin. -->","yoast_head_json":{"title":"Fen\u00eatre Ovale - Deuxi\u00e8me Volet (CD) - Umlaut records","robots":{"index":"index","follow":"follow","max-snippet":"max-snippet:-1","max-image-preview":"max-image-preview:large","max-video-preview":"max-video-preview:-1"},"canonical":"https:\/\/www.umlautrecords.com\/fr\/produit\/fenetre-ovale-2eme-volet-fenetre-ovale\/","og_locale":"fr_FR","og_type":"article","og_title":"Fen\u00eatre Ovale - Deuxi\u00e8me Volet (CD) - Umlaut records","og_description":"Version num\u00e9rique disponible sur Bandcamp. Nous sommes heureux de vous pr\u00e9senter le deuxi\u00e8me volet du projet Fen\u00eatre Ovale. Apr\u00e8s un premier disque remarqu\u00e9&hellip;","og_url":"https:\/\/www.umlautrecords.com\/fr\/produit\/fenetre-ovale-2eme-volet-fenetre-ovale\/","og_site_name":"Umlaut records","article_publisher":"https:\/\/www.facebook.com\/umlautrecords","article_modified_time":"2024-01-22T16:34:48+00:00","og_image":[{"width":828,"height":739,"url":"https:\/\/www.umlautrecords.com\/wp-content\/uploads\/2020\/06\/Fenetre-Ovale-2e\u0300me-volet-1.jpg","type":"image\/jpeg"}],"twitter_card":"summary_large_image","twitter_misc":{"Dur\u00e9e de lecture estim\u00e9e":"1 minute"},"schema":{"@context":"https:\/\/schema.org","@graph":[{"@type":"WebPage","@id":"https:\/\/www.umlautrecords.com\/fr\/produit\/fenetre-ovale-2eme-volet-fenetre-ovale\/","url":"https:\/\/www.umlautrecords.com\/fr\/produit\/fenetre-ovale-2eme-volet-fenetre-ovale\/","name":"Fen\u00eatre Ovale - Deuxi\u00e8me Volet (CD) - Umlaut records","isPartOf":{"@id":"https:\/\/www.umlautrecords.com\/fr\/#website"},"primaryImageOfPage":{"@id":"https:\/\/www.umlautrecords.com\/fr\/produit\/fenetre-ovale-2eme-volet-fenetre-ovale\/#primaryimage"},"image":{"@id":"https:\/\/www.umlautrecords.com\/fr\/produit\/fenetre-ovale-2eme-volet-fenetre-ovale\/#primaryimage"},"thumbnailUrl":"https:\/\/www.umlautrecords.com\/wp-content\/uploads\/2020\/06\/Fenetre-Ovale-2e\u0300me-volet-1.jpg","datePublished":"2016-09-01T15:10:26+00:00","dateModified":"2024-01-22T16:34:48+00:00","breadcrumb":{"@id":"https:\/\/www.umlautrecords.com\/fr\/produit\/fenetre-ovale-2eme-volet-fenetre-ovale\/#breadcrumb"},"inLanguage":"fr-FR","potentialAction":[{"@type":"ReadAction","target":["https:\/\/www.umlautrecords.com\/fr\/produit\/fenetre-ovale-2eme-volet-fenetre-ovale\/"]}]},{"@type":"ImageObject","inLanguage":"fr-FR","@id":"https:\/\/www.umlautrecords.com\/fr\/produit\/fenetre-ovale-2eme-volet-fenetre-ovale\/#primaryimage","url":"https:\/\/www.umlautrecords.com\/wp-content\/uploads\/2020\/06\/Fenetre-Ovale-2e\u0300me-volet-1.jpg","contentUrl":"https:\/\/www.umlautrecords.com\/wp-content\/uploads\/2020\/06\/Fenetre-Ovale-2e\u0300me-volet-1.jpg","width":828,"height":739},{"@type":"BreadcrumbList","@id":"https:\/\/www.umlautrecords.com\/fr\/produit\/fenetre-ovale-2eme-volet-fenetre-ovale\/#breadcrumb","itemListElement":[{"@type":"ListItem","position":1,"name":"Accueil","item":"https:\/\/www.umlautrecords.com\/fr\/"},{"@type":"ListItem","position":2,"name":"Catalogue","item":"https:\/\/www.umlautrecords.com\/fr\/shop\/"},{"@type":"ListItem","position":3,"name":"Fen\u00eatre Ovale &#8211; Deuxi\u00e8me Volet (CD)"}]},{"@type":"WebSite","@id":"https:\/\/www.umlautrecords.com\/fr\/#website","url":"https:\/\/www.umlautrecords.com\/fr\/","name":"Umlaut records","description":"transformation of sound","publisher":{"@id":"https:\/\/www.umlautrecords.com\/fr\/#organization"},"potentialAction":[{"@type":"SearchAction","target":{"@type":"EntryPoint","urlTemplate":"https:\/\/www.umlautrecords.com\/fr\/?s={search_term_string}"},"query-input":{"@type":"PropertyValueSpecification","valueRequired":true,"valueName":"search_term_string"}}],"inLanguage":"fr-FR"},{"@type":"Organization","@id":"https:\/\/www.umlautrecords.com\/fr\/#organization","name":"Umlaut records","url":"https:\/\/www.umlautrecords.com\/fr\/","logo":{"@type":"ImageObject","inLanguage":"fr-FR","@id":"https:\/\/www.umlautrecords.com\/fr\/#\/schema\/logo\/image\/","url":"","contentUrl":"","caption":"Umlaut records"},"image":{"@id":"https:\/\/www.umlautrecords.com\/fr\/#\/schema\/logo\/image\/"},"sameAs":["https:\/\/www.facebook.com\/umlautrecords","https:\/\/www.instagram.com\/umlaut.records\/","https:\/\/www.linkedin.com\/in\/umlaut-records-label-0678b7a4\/","https:\/\/www.youtube.com\/user\/umsight"]}]}},"_links":{"self":[{"href":"https:\/\/www.umlautrecords.com\/fr\/wp-json\/wp\/v2\/product\/657","targetHints":{"allow":["GET"]}}],"collection":[{"href":"https:\/\/www.umlautrecords.com\/fr\/wp-json\/wp\/v2\/product"}],"about":[{"href":"https:\/\/www.umlautrecords.com\/fr\/wp-json\/wp\/v2\/types\/product"}],"wp:featuredmedia":[{"embeddable":true,"href":"https:\/\/www.umlautrecords.com\/fr\/wp-json\/wp\/v2\/media\/658"}],"wp:attachment":[{"href":"https:\/\/www.umlautrecords.com\/fr\/wp-json\/wp\/v2\/media?parent=657"}],"wp:term":[{"taxonomy":"product_brand","embeddable":true,"href":"https:\/\/www.umlautrecords.com\/fr\/wp-json\/wp\/v2\/product_brand?post=657"},{"taxonomy":"product_cat","embeddable":true,"href":"https:\/\/www.umlautrecords.com\/fr\/wp-json\/wp\/v2\/product_cat?post=657"},{"taxonomy":"product_tag","embeddable":true,"href":"https:\/\/www.umlautrecords.com\/fr\/wp-json\/wp\/v2\/product_tag?post=657"}],"curies":[{"name":"wp","href":"https:\/\/api.w.org\/{rel}","templated":true}]}}