{"id":655,"date":"2016-05-04T17:07:19","date_gmt":"2016-05-04T15:07:19","guid":{"rendered":"http:\/\/116.203.103.232\/umlaut\/?post_type=product&#038;p=655"},"modified":"2025-07-24T12:12:26","modified_gmt":"2025-07-24T10:12:26","slug":"euro-swing-vol-2-umlaut-big-band","status":"publish","type":"product","link":"https:\/\/www.umlautrecords.com\/fr\/produit\/euro-swing-vol-2-umlaut-big-band\/","title":{"rendered":"Euro Swing Vol.2 (CD)"},"content":{"rendered":"<p>Version num\u00e9rique disponible sur <a href=\"https:\/\/umlautrecords.bandcamp.com\/album\/euro-swing-vol-2\">Bandcamp<\/a>.<\/p>\n<p><span style=\"font-weight: 400;\">Virtuoses et joyeux drilles, les 14 musiciens du Umlaut Big Band, issus pour la plupart de la nouvelle garde du jazz (Un Poco Loco, ONJ, Duke Orchestra) et de l\u2019improvisation europ\u00e9enne (Die Hochstapler, Peeping Tom, Bribes 4, White Desert Orchestra, ONCEIM), c\u00e9l\u00e8brent ensemble depuis 2011 l\u2019\u00e2ge d\u2019or du swing dans la pure tradition des orchestres big band, qu\u2019ils soient mythiques ou injustement oubli\u00e9s.<\/span><\/p>\n<p><span style=\"font-weight: 400;\">Dans \u00ab\u00a0Euro Swing vol.2\u00a0\u00bb, le Umlaut Big Band documente une autre histoire du jazz en Europe entre 1925 et 1940 : celle des passeurs am\u00e9ricains. Alors qu\u2019un premier volet, \u201cEuro Swing\u201d (Umlaut Records, 2015), s\u2019int\u00e9ressait aux compositeurs et arrangeurs europ\u00e9ens, ce nouvel opus se concentre sur le travail de musiciens am\u00e9ricains sur le vieux continent.<\/span><\/p>\n<p><span style=\"font-weight: 400;\">Il s\u2019agit ainsi d\u2019\u00e9clairer le r\u00f4le de passeur que des musiciens comme Benny Carter, Duke Ellington, Sam Wooding, Willie Lewis et Fud Livingston ont pu jouer aux quatre coins de l\u2019Europe. Toujours \u00e0 la recherche d\u2019une musique de r\u00e9pertoire surprenante et pointue, le Umlaut Big Band exhume l\u00e0 encore de superbes tr\u00e9sors oubli\u00e9s dans un CD de 15 morceaux et un livret passionnant.<\/span><\/p>\n<p><span style=\"font-weight: 400;\">\u00ab\u00a0Euro Swing Vol.2\u00a0\u00bb a re\u00e7u le \u201cprix Coup de c\u0153ur Jazz\u201d de la prestigieuse Acad\u00e9mie Charles Cros en novembre 2016.<\/span><\/p>\n","protected":false},"excerpt":{"rendered":"<p>Version num\u00e9rique disponible sur Bandcamp. Virtuoses et joyeux drilles, les 14 musiciens du Umlaut Big Band, issus pour la plupart de la nouvelle&hellip;<\/p>\n","protected":false},"featured_media":1221,"template":"","meta":{"_acf_changed":false},"product_brand":[],"product_cat":[29],"product_tag":[],"class_list":{"0":"post-655","1":"product","2":"type-product","3":"status-publish","4":"has-post-thumbnail","6":"product_cat-album","7":"product_shipping_class-cd","9":"first","10":"outofstock","11":"taxable","12":"shipping-taxable","13":"purchasable","14":"product-type-simple"},"acf":[],"yoast_head":"<!-- This site is optimized with the Yoast SEO plugin v27.0 - https:\/\/yoast.com\/product\/yoast-seo-wordpress\/ -->\n<title>Euro Swing Vol.2 (CD) - Umlaut records<\/title>\n<meta name=\"robots\" content=\"index, follow, max-snippet:-1, max-image-preview:large, max-video-preview:-1\" \/>\n<link rel=\"canonical\" href=\"https:\/\/www.umlautrecords.com\/fr\/produit\/euro-swing-vol-2-umlaut-big-band\/\" \/>\n<meta property=\"og:locale\" content=\"fr_FR\" \/>\n<meta property=\"og:type\" content=\"article\" \/>\n<meta property=\"og:title\" content=\"Euro Swing Vol.2 (CD) - Umlaut records\" \/>\n<meta property=\"og:description\" content=\"Version num\u00e9rique disponible sur Bandcamp. Virtuoses et joyeux drilles, les 14 musiciens du Umlaut Big Band, issus pour la plupart de la nouvelle&hellip;\" \/>\n<meta property=\"og:url\" content=\"https:\/\/www.umlautrecords.com\/fr\/produit\/euro-swing-vol-2-umlaut-big-band\/\" \/>\n<meta property=\"og:site_name\" content=\"Umlaut records\" \/>\n<meta property=\"article:publisher\" content=\"https:\/\/www.facebook.com\/umlautrecords\" \/>\n<meta property=\"article:modified_time\" content=\"2025-07-24T10:12:26+00:00\" \/>\n<meta property=\"og:image\" content=\"https:\/\/www.umlautrecords.com\/wp-content\/uploads\/2016\/05\/umlaut-euro-swing-vol-2-umlaut-big-band-euro-swing-vol.2-umlaut-big-band-hd.jpg\" \/>\n\t<meta property=\"og:image:width\" content=\"884\" \/>\n\t<meta property=\"og:image:height\" content=\"791\" \/>\n\t<meta property=\"og:image:type\" content=\"image\/jpeg\" \/>\n<meta name=\"twitter:card\" content=\"summary_large_image\" \/>\n<meta name=\"twitter:label1\" content=\"Dur\u00e9e de lecture estim\u00e9e\" \/>\n\t<meta name=\"twitter:data1\" content=\"1 minute\" \/>\n<script type=\"application\/ld+json\" class=\"yoast-schema-graph\">{\"@context\":\"https:\/\/schema.org\",\"@graph\":[{\"@type\":\"WebPage\",\"@id\":\"https:\/\/www.umlautrecords.com\/fr\/produit\/euro-swing-vol-2-umlaut-big-band\/\",\"url\":\"https:\/\/www.umlautrecords.com\/fr\/produit\/euro-swing-vol-2-umlaut-big-band\/\",\"name\":\"Euro Swing Vol.2 (CD) - Umlaut records\",\"isPartOf\":{\"@id\":\"https:\/\/www.umlautrecords.com\/fr\/#website\"},\"primaryImageOfPage\":{\"@id\":\"https:\/\/www.umlautrecords.com\/fr\/produit\/euro-swing-vol-2-umlaut-big-band\/#primaryimage\"},\"image\":{\"@id\":\"https:\/\/www.umlautrecords.com\/fr\/produit\/euro-swing-vol-2-umlaut-big-band\/#primaryimage\"},\"thumbnailUrl\":\"https:\/\/www.umlautrecords.com\/wp-content\/uploads\/2016\/05\/umlaut-euro-swing-vol-2-umlaut-big-band-euro-swing-vol.2-umlaut-big-band-hd.jpg\",\"datePublished\":\"2016-05-04T15:07:19+00:00\",\"dateModified\":\"2025-07-24T10:12:26+00:00\",\"breadcrumb\":{\"@id\":\"https:\/\/www.umlautrecords.com\/fr\/produit\/euro-swing-vol-2-umlaut-big-band\/#breadcrumb\"},\"inLanguage\":\"fr-FR\",\"potentialAction\":[{\"@type\":\"ReadAction\",\"target\":[\"https:\/\/www.umlautrecords.com\/fr\/produit\/euro-swing-vol-2-umlaut-big-band\/\"]}]},{\"@type\":\"ImageObject\",\"inLanguage\":\"fr-FR\",\"@id\":\"https:\/\/www.umlautrecords.com\/fr\/produit\/euro-swing-vol-2-umlaut-big-band\/#primaryimage\",\"url\":\"https:\/\/www.umlautrecords.com\/wp-content\/uploads\/2016\/05\/umlaut-euro-swing-vol-2-umlaut-big-band-euro-swing-vol.2-umlaut-big-band-hd.jpg\",\"contentUrl\":\"https:\/\/www.umlautrecords.com\/wp-content\/uploads\/2016\/05\/umlaut-euro-swing-vol-2-umlaut-big-band-euro-swing-vol.2-umlaut-big-band-hd.jpg\",\"width\":884,\"height\":791},{\"@type\":\"BreadcrumbList\",\"@id\":\"https:\/\/www.umlautrecords.com\/fr\/produit\/euro-swing-vol-2-umlaut-big-band\/#breadcrumb\",\"itemListElement\":[{\"@type\":\"ListItem\",\"position\":1,\"name\":\"Accueil\",\"item\":\"https:\/\/www.umlautrecords.com\/fr\/\"},{\"@type\":\"ListItem\",\"position\":2,\"name\":\"Catalogue\",\"item\":\"https:\/\/www.umlautrecords.com\/fr\/shop\/\"},{\"@type\":\"ListItem\",\"position\":3,\"name\":\"Euro Swing Vol.2 (CD)\"}]},{\"@type\":\"WebSite\",\"@id\":\"https:\/\/www.umlautrecords.com\/fr\/#website\",\"url\":\"https:\/\/www.umlautrecords.com\/fr\/\",\"name\":\"Umlaut records\",\"description\":\"transformation of sound\",\"publisher\":{\"@id\":\"https:\/\/www.umlautrecords.com\/fr\/#organization\"},\"potentialAction\":[{\"@type\":\"SearchAction\",\"target\":{\"@type\":\"EntryPoint\",\"urlTemplate\":\"https:\/\/www.umlautrecords.com\/fr\/?s={search_term_string}\"},\"query-input\":{\"@type\":\"PropertyValueSpecification\",\"valueRequired\":true,\"valueName\":\"search_term_string\"}}],\"inLanguage\":\"fr-FR\"},{\"@type\":\"Organization\",\"@id\":\"https:\/\/www.umlautrecords.com\/fr\/#organization\",\"name\":\"Umlaut records\",\"url\":\"https:\/\/www.umlautrecords.com\/fr\/\",\"logo\":{\"@type\":\"ImageObject\",\"inLanguage\":\"fr-FR\",\"@id\":\"https:\/\/www.umlautrecords.com\/fr\/#\/schema\/logo\/image\/\",\"url\":\"\",\"contentUrl\":\"\",\"caption\":\"Umlaut records\"},\"image\":{\"@id\":\"https:\/\/www.umlautrecords.com\/fr\/#\/schema\/logo\/image\/\"},\"sameAs\":[\"https:\/\/www.facebook.com\/umlautrecords\",\"https:\/\/www.instagram.com\/umlaut.records\/\",\"https:\/\/www.linkedin.com\/in\/umlaut-records-label-0678b7a4\/\",\"https:\/\/www.youtube.com\/user\/umsight\"]}]}<\/script>\n<!-- \/ Yoast SEO plugin. -->","yoast_head_json":{"title":"Euro Swing Vol.2 (CD) - Umlaut records","robots":{"index":"index","follow":"follow","max-snippet":"max-snippet:-1","max-image-preview":"max-image-preview:large","max-video-preview":"max-video-preview:-1"},"canonical":"https:\/\/www.umlautrecords.com\/fr\/produit\/euro-swing-vol-2-umlaut-big-band\/","og_locale":"fr_FR","og_type":"article","og_title":"Euro Swing Vol.2 (CD) - Umlaut records","og_description":"Version num\u00e9rique disponible sur Bandcamp. Virtuoses et joyeux drilles, les 14 musiciens du Umlaut Big Band, issus pour la plupart de la nouvelle&hellip;","og_url":"https:\/\/www.umlautrecords.com\/fr\/produit\/euro-swing-vol-2-umlaut-big-band\/","og_site_name":"Umlaut records","article_publisher":"https:\/\/www.facebook.com\/umlautrecords","article_modified_time":"2025-07-24T10:12:26+00:00","og_image":[{"width":884,"height":791,"url":"https:\/\/www.umlautrecords.com\/wp-content\/uploads\/2016\/05\/umlaut-euro-swing-vol-2-umlaut-big-band-euro-swing-vol.2-umlaut-big-band-hd.jpg","type":"image\/jpeg"}],"twitter_card":"summary_large_image","twitter_misc":{"Dur\u00e9e de lecture estim\u00e9e":"1 minute"},"schema":{"@context":"https:\/\/schema.org","@graph":[{"@type":"WebPage","@id":"https:\/\/www.umlautrecords.com\/fr\/produit\/euro-swing-vol-2-umlaut-big-band\/","url":"https:\/\/www.umlautrecords.com\/fr\/produit\/euro-swing-vol-2-umlaut-big-band\/","name":"Euro Swing Vol.2 (CD) - Umlaut records","isPartOf":{"@id":"https:\/\/www.umlautrecords.com\/fr\/#website"},"primaryImageOfPage":{"@id":"https:\/\/www.umlautrecords.com\/fr\/produit\/euro-swing-vol-2-umlaut-big-band\/#primaryimage"},"image":{"@id":"https:\/\/www.umlautrecords.com\/fr\/produit\/euro-swing-vol-2-umlaut-big-band\/#primaryimage"},"thumbnailUrl":"https:\/\/www.umlautrecords.com\/wp-content\/uploads\/2016\/05\/umlaut-euro-swing-vol-2-umlaut-big-band-euro-swing-vol.2-umlaut-big-band-hd.jpg","datePublished":"2016-05-04T15:07:19+00:00","dateModified":"2025-07-24T10:12:26+00:00","breadcrumb":{"@id":"https:\/\/www.umlautrecords.com\/fr\/produit\/euro-swing-vol-2-umlaut-big-band\/#breadcrumb"},"inLanguage":"fr-FR","potentialAction":[{"@type":"ReadAction","target":["https:\/\/www.umlautrecords.com\/fr\/produit\/euro-swing-vol-2-umlaut-big-band\/"]}]},{"@type":"ImageObject","inLanguage":"fr-FR","@id":"https:\/\/www.umlautrecords.com\/fr\/produit\/euro-swing-vol-2-umlaut-big-band\/#primaryimage","url":"https:\/\/www.umlautrecords.com\/wp-content\/uploads\/2016\/05\/umlaut-euro-swing-vol-2-umlaut-big-band-euro-swing-vol.2-umlaut-big-band-hd.jpg","contentUrl":"https:\/\/www.umlautrecords.com\/wp-content\/uploads\/2016\/05\/umlaut-euro-swing-vol-2-umlaut-big-band-euro-swing-vol.2-umlaut-big-band-hd.jpg","width":884,"height":791},{"@type":"BreadcrumbList","@id":"https:\/\/www.umlautrecords.com\/fr\/produit\/euro-swing-vol-2-umlaut-big-band\/#breadcrumb","itemListElement":[{"@type":"ListItem","position":1,"name":"Accueil","item":"https:\/\/www.umlautrecords.com\/fr\/"},{"@type":"ListItem","position":2,"name":"Catalogue","item":"https:\/\/www.umlautrecords.com\/fr\/shop\/"},{"@type":"ListItem","position":3,"name":"Euro Swing Vol.2 (CD)"}]},{"@type":"WebSite","@id":"https:\/\/www.umlautrecords.com\/fr\/#website","url":"https:\/\/www.umlautrecords.com\/fr\/","name":"Umlaut records","description":"transformation of sound","publisher":{"@id":"https:\/\/www.umlautrecords.com\/fr\/#organization"},"potentialAction":[{"@type":"SearchAction","target":{"@type":"EntryPoint","urlTemplate":"https:\/\/www.umlautrecords.com\/fr\/?s={search_term_string}"},"query-input":{"@type":"PropertyValueSpecification","valueRequired":true,"valueName":"search_term_string"}}],"inLanguage":"fr-FR"},{"@type":"Organization","@id":"https:\/\/www.umlautrecords.com\/fr\/#organization","name":"Umlaut records","url":"https:\/\/www.umlautrecords.com\/fr\/","logo":{"@type":"ImageObject","inLanguage":"fr-FR","@id":"https:\/\/www.umlautrecords.com\/fr\/#\/schema\/logo\/image\/","url":"","contentUrl":"","caption":"Umlaut records"},"image":{"@id":"https:\/\/www.umlautrecords.com\/fr\/#\/schema\/logo\/image\/"},"sameAs":["https:\/\/www.facebook.com\/umlautrecords","https:\/\/www.instagram.com\/umlaut.records\/","https:\/\/www.linkedin.com\/in\/umlaut-records-label-0678b7a4\/","https:\/\/www.youtube.com\/user\/umsight"]}]}},"_links":{"self":[{"href":"https:\/\/www.umlautrecords.com\/fr\/wp-json\/wp\/v2\/product\/655","targetHints":{"allow":["GET"]}}],"collection":[{"href":"https:\/\/www.umlautrecords.com\/fr\/wp-json\/wp\/v2\/product"}],"about":[{"href":"https:\/\/www.umlautrecords.com\/fr\/wp-json\/wp\/v2\/types\/product"}],"wp:featuredmedia":[{"embeddable":true,"href":"https:\/\/www.umlautrecords.com\/fr\/wp-json\/wp\/v2\/media\/1221"}],"wp:attachment":[{"href":"https:\/\/www.umlautrecords.com\/fr\/wp-json\/wp\/v2\/media?parent=655"}],"wp:term":[{"taxonomy":"product_brand","embeddable":true,"href":"https:\/\/www.umlautrecords.com\/fr\/wp-json\/wp\/v2\/product_brand?post=655"},{"taxonomy":"product_cat","embeddable":true,"href":"https:\/\/www.umlautrecords.com\/fr\/wp-json\/wp\/v2\/product_cat?post=655"},{"taxonomy":"product_tag","embeddable":true,"href":"https:\/\/www.umlautrecords.com\/fr\/wp-json\/wp\/v2\/product_tag?post=655"}],"curies":[{"name":"wp","href":"https:\/\/api.w.org\/{rel}","templated":true}]}}