{"id":651,"date":"2016-02-24T16:54:24","date_gmt":"2016-02-24T15:54:24","guid":{"rendered":"http:\/\/116.203.103.232\/umlaut\/?post_type=product&#038;p=651"},"modified":"2023-10-23T11:46:35","modified_gmt":"2023-10-23T09:46:35","slug":"sound-of-drums-antonin-gerbal-solo","status":"publish","type":"product","link":"https:\/\/www.umlautrecords.com\/fr\/produit\/sound-of-drums-antonin-gerbal-solo\/","title":{"rendered":"Sound Of Drums (CD)"},"content":{"rendered":"<p>Version num\u00e9rique disponible sur <a href=\"https:\/\/umlautrecords.bandcamp.com\/album\/sound-of-drums\">Bandcamp<\/a>.<\/p>\n<p><span style=\"font-weight: 400;\">\u00ab\u00a0Sound of Drums\u00a0\u00bb est fait de peau, de bois et de m\u00e9tal. Il r\u00e9sulte d\u2019un travail m\u00e9ticuleux questionnant l\u2019unit\u00e9 de la batterie, faisant de chacun de ses \u00e9l\u00e9ments un centre irr\u00e9el et archa\u00efque. Une harmonie fissur\u00e9e sourd, ouvrant des espaces mentaux comme autant de s\u00e9quences possibles, sans v\u00e9ritable objet. L\u2019ancien saisit alors le pr\u00e9sent d\u2019un seul mouvement. Il revient sur ses pas.<\/span><\/p>\n","protected":false},"excerpt":{"rendered":"<p>Version num\u00e9rique disponible sur Bandcamp. \u00ab\u00a0Sound of Drums\u00a0\u00bb est fait de peau, de bois et de m\u00e9tal. Il r\u00e9sulte d\u2019un travail m\u00e9ticuleux questionnant&hellip;<\/p>\n","protected":false},"featured_media":1216,"template":"","meta":{"_acf_changed":false},"product_brand":[],"product_cat":[29],"product_tag":[],"class_list":{"0":"post-651","1":"product","2":"type-product","3":"status-publish","4":"has-post-thumbnail","6":"product_cat-album","7":"product_shipping_class-cd","9":"first","10":"instock","11":"taxable","12":"shipping-taxable","13":"purchasable","14":"product-type-simple"},"acf":[],"yoast_head":"<!-- This site is optimized with the Yoast SEO plugin v27.0 - https:\/\/yoast.com\/product\/yoast-seo-wordpress\/ -->\n<title>Sound Of Drums (CD) - Umlaut records<\/title>\n<meta name=\"robots\" content=\"index, follow, max-snippet:-1, max-image-preview:large, max-video-preview:-1\" \/>\n<link rel=\"canonical\" href=\"https:\/\/www.umlautrecords.com\/fr\/produit\/sound-of-drums-antonin-gerbal-solo\/\" \/>\n<meta property=\"og:locale\" content=\"fr_FR\" \/>\n<meta property=\"og:type\" content=\"article\" \/>\n<meta property=\"og:title\" content=\"Sound Of Drums (CD) - Umlaut records\" \/>\n<meta property=\"og:description\" content=\"Version num\u00e9rique disponible sur Bandcamp. \u00ab\u00a0Sound of Drums\u00a0\u00bb est fait de peau, de bois et de m\u00e9tal. Il r\u00e9sulte d\u2019un travail m\u00e9ticuleux questionnant&hellip;\" \/>\n<meta property=\"og:url\" content=\"https:\/\/www.umlautrecords.com\/fr\/produit\/sound-of-drums-antonin-gerbal-solo\/\" \/>\n<meta property=\"og:site_name\" content=\"Umlaut records\" \/>\n<meta property=\"article:publisher\" content=\"https:\/\/www.facebook.com\/umlautrecords\" \/>\n<meta property=\"article:modified_time\" content=\"2023-10-23T09:46:35+00:00\" \/>\n<meta property=\"og:image\" content=\"https:\/\/www.umlautrecords.com\/wp-content\/uploads\/2016\/02\/umlaut-sound-of-drums-antonin-gerbal-sound-of-drums-antonin-gerbal-hd.png\" \/>\n\t<meta property=\"og:image:width\" content=\"994\" \/>\n\t<meta property=\"og:image:height\" content=\"904\" \/>\n\t<meta property=\"og:image:type\" content=\"image\/png\" \/>\n<meta name=\"twitter:card\" content=\"summary_large_image\" \/>\n<script type=\"application\/ld+json\" class=\"yoast-schema-graph\">{\"@context\":\"https:\/\/schema.org\",\"@graph\":[{\"@type\":\"WebPage\",\"@id\":\"https:\/\/www.umlautrecords.com\/fr\/produit\/sound-of-drums-antonin-gerbal-solo\/\",\"url\":\"https:\/\/www.umlautrecords.com\/fr\/produit\/sound-of-drums-antonin-gerbal-solo\/\",\"name\":\"Sound Of Drums (CD) - Umlaut records\",\"isPartOf\":{\"@id\":\"https:\/\/www.umlautrecords.com\/fr\/#website\"},\"primaryImageOfPage\":{\"@id\":\"https:\/\/www.umlautrecords.com\/fr\/produit\/sound-of-drums-antonin-gerbal-solo\/#primaryimage\"},\"image\":{\"@id\":\"https:\/\/www.umlautrecords.com\/fr\/produit\/sound-of-drums-antonin-gerbal-solo\/#primaryimage\"},\"thumbnailUrl\":\"https:\/\/www.umlautrecords.com\/wp-content\/uploads\/2016\/02\/umlaut-sound-of-drums-antonin-gerbal-sound-of-drums-antonin-gerbal-hd.png\",\"datePublished\":\"2016-02-24T15:54:24+00:00\",\"dateModified\":\"2023-10-23T09:46:35+00:00\",\"breadcrumb\":{\"@id\":\"https:\/\/www.umlautrecords.com\/fr\/produit\/sound-of-drums-antonin-gerbal-solo\/#breadcrumb\"},\"inLanguage\":\"fr-FR\",\"potentialAction\":[{\"@type\":\"ReadAction\",\"target\":[\"https:\/\/www.umlautrecords.com\/fr\/produit\/sound-of-drums-antonin-gerbal-solo\/\"]}]},{\"@type\":\"ImageObject\",\"inLanguage\":\"fr-FR\",\"@id\":\"https:\/\/www.umlautrecords.com\/fr\/produit\/sound-of-drums-antonin-gerbal-solo\/#primaryimage\",\"url\":\"https:\/\/www.umlautrecords.com\/wp-content\/uploads\/2016\/02\/umlaut-sound-of-drums-antonin-gerbal-sound-of-drums-antonin-gerbal-hd.png\",\"contentUrl\":\"https:\/\/www.umlautrecords.com\/wp-content\/uploads\/2016\/02\/umlaut-sound-of-drums-antonin-gerbal-sound-of-drums-antonin-gerbal-hd.png\",\"width\":994,\"height\":904},{\"@type\":\"BreadcrumbList\",\"@id\":\"https:\/\/www.umlautrecords.com\/fr\/produit\/sound-of-drums-antonin-gerbal-solo\/#breadcrumb\",\"itemListElement\":[{\"@type\":\"ListItem\",\"position\":1,\"name\":\"Accueil\",\"item\":\"https:\/\/www.umlautrecords.com\/fr\/\"},{\"@type\":\"ListItem\",\"position\":2,\"name\":\"Catalogue\",\"item\":\"https:\/\/www.umlautrecords.com\/fr\/shop\/\"},{\"@type\":\"ListItem\",\"position\":3,\"name\":\"Sound Of Drums (CD)\"}]},{\"@type\":\"WebSite\",\"@id\":\"https:\/\/www.umlautrecords.com\/fr\/#website\",\"url\":\"https:\/\/www.umlautrecords.com\/fr\/\",\"name\":\"Umlaut records\",\"description\":\"transformation of sound\",\"publisher\":{\"@id\":\"https:\/\/www.umlautrecords.com\/fr\/#organization\"},\"potentialAction\":[{\"@type\":\"SearchAction\",\"target\":{\"@type\":\"EntryPoint\",\"urlTemplate\":\"https:\/\/www.umlautrecords.com\/fr\/?s={search_term_string}\"},\"query-input\":{\"@type\":\"PropertyValueSpecification\",\"valueRequired\":true,\"valueName\":\"search_term_string\"}}],\"inLanguage\":\"fr-FR\"},{\"@type\":\"Organization\",\"@id\":\"https:\/\/www.umlautrecords.com\/fr\/#organization\",\"name\":\"Umlaut records\",\"url\":\"https:\/\/www.umlautrecords.com\/fr\/\",\"logo\":{\"@type\":\"ImageObject\",\"inLanguage\":\"fr-FR\",\"@id\":\"https:\/\/www.umlautrecords.com\/fr\/#\/schema\/logo\/image\/\",\"url\":\"\",\"contentUrl\":\"\",\"caption\":\"Umlaut records\"},\"image\":{\"@id\":\"https:\/\/www.umlautrecords.com\/fr\/#\/schema\/logo\/image\/\"},\"sameAs\":[\"https:\/\/www.facebook.com\/umlautrecords\",\"https:\/\/www.instagram.com\/umlaut.records\/\",\"https:\/\/www.linkedin.com\/in\/umlaut-records-label-0678b7a4\/\",\"https:\/\/www.youtube.com\/user\/umsight\"]}]}<\/script>\n<!-- \/ Yoast SEO plugin. -->","yoast_head_json":{"title":"Sound Of Drums (CD) - Umlaut records","robots":{"index":"index","follow":"follow","max-snippet":"max-snippet:-1","max-image-preview":"max-image-preview:large","max-video-preview":"max-video-preview:-1"},"canonical":"https:\/\/www.umlautrecords.com\/fr\/produit\/sound-of-drums-antonin-gerbal-solo\/","og_locale":"fr_FR","og_type":"article","og_title":"Sound Of Drums (CD) - Umlaut records","og_description":"Version num\u00e9rique disponible sur Bandcamp. \u00ab\u00a0Sound of Drums\u00a0\u00bb est fait de peau, de bois et de m\u00e9tal. Il r\u00e9sulte d\u2019un travail m\u00e9ticuleux questionnant&hellip;","og_url":"https:\/\/www.umlautrecords.com\/fr\/produit\/sound-of-drums-antonin-gerbal-solo\/","og_site_name":"Umlaut records","article_publisher":"https:\/\/www.facebook.com\/umlautrecords","article_modified_time":"2023-10-23T09:46:35+00:00","og_image":[{"width":994,"height":904,"url":"https:\/\/www.umlautrecords.com\/wp-content\/uploads\/2016\/02\/umlaut-sound-of-drums-antonin-gerbal-sound-of-drums-antonin-gerbal-hd.png","type":"image\/png"}],"twitter_card":"summary_large_image","schema":{"@context":"https:\/\/schema.org","@graph":[{"@type":"WebPage","@id":"https:\/\/www.umlautrecords.com\/fr\/produit\/sound-of-drums-antonin-gerbal-solo\/","url":"https:\/\/www.umlautrecords.com\/fr\/produit\/sound-of-drums-antonin-gerbal-solo\/","name":"Sound Of Drums (CD) - Umlaut records","isPartOf":{"@id":"https:\/\/www.umlautrecords.com\/fr\/#website"},"primaryImageOfPage":{"@id":"https:\/\/www.umlautrecords.com\/fr\/produit\/sound-of-drums-antonin-gerbal-solo\/#primaryimage"},"image":{"@id":"https:\/\/www.umlautrecords.com\/fr\/produit\/sound-of-drums-antonin-gerbal-solo\/#primaryimage"},"thumbnailUrl":"https:\/\/www.umlautrecords.com\/wp-content\/uploads\/2016\/02\/umlaut-sound-of-drums-antonin-gerbal-sound-of-drums-antonin-gerbal-hd.png","datePublished":"2016-02-24T15:54:24+00:00","dateModified":"2023-10-23T09:46:35+00:00","breadcrumb":{"@id":"https:\/\/www.umlautrecords.com\/fr\/produit\/sound-of-drums-antonin-gerbal-solo\/#breadcrumb"},"inLanguage":"fr-FR","potentialAction":[{"@type":"ReadAction","target":["https:\/\/www.umlautrecords.com\/fr\/produit\/sound-of-drums-antonin-gerbal-solo\/"]}]},{"@type":"ImageObject","inLanguage":"fr-FR","@id":"https:\/\/www.umlautrecords.com\/fr\/produit\/sound-of-drums-antonin-gerbal-solo\/#primaryimage","url":"https:\/\/www.umlautrecords.com\/wp-content\/uploads\/2016\/02\/umlaut-sound-of-drums-antonin-gerbal-sound-of-drums-antonin-gerbal-hd.png","contentUrl":"https:\/\/www.umlautrecords.com\/wp-content\/uploads\/2016\/02\/umlaut-sound-of-drums-antonin-gerbal-sound-of-drums-antonin-gerbal-hd.png","width":994,"height":904},{"@type":"BreadcrumbList","@id":"https:\/\/www.umlautrecords.com\/fr\/produit\/sound-of-drums-antonin-gerbal-solo\/#breadcrumb","itemListElement":[{"@type":"ListItem","position":1,"name":"Accueil","item":"https:\/\/www.umlautrecords.com\/fr\/"},{"@type":"ListItem","position":2,"name":"Catalogue","item":"https:\/\/www.umlautrecords.com\/fr\/shop\/"},{"@type":"ListItem","position":3,"name":"Sound Of Drums (CD)"}]},{"@type":"WebSite","@id":"https:\/\/www.umlautrecords.com\/fr\/#website","url":"https:\/\/www.umlautrecords.com\/fr\/","name":"Umlaut records","description":"transformation of sound","publisher":{"@id":"https:\/\/www.umlautrecords.com\/fr\/#organization"},"potentialAction":[{"@type":"SearchAction","target":{"@type":"EntryPoint","urlTemplate":"https:\/\/www.umlautrecords.com\/fr\/?s={search_term_string}"},"query-input":{"@type":"PropertyValueSpecification","valueRequired":true,"valueName":"search_term_string"}}],"inLanguage":"fr-FR"},{"@type":"Organization","@id":"https:\/\/www.umlautrecords.com\/fr\/#organization","name":"Umlaut records","url":"https:\/\/www.umlautrecords.com\/fr\/","logo":{"@type":"ImageObject","inLanguage":"fr-FR","@id":"https:\/\/www.umlautrecords.com\/fr\/#\/schema\/logo\/image\/","url":"","contentUrl":"","caption":"Umlaut records"},"image":{"@id":"https:\/\/www.umlautrecords.com\/fr\/#\/schema\/logo\/image\/"},"sameAs":["https:\/\/www.facebook.com\/umlautrecords","https:\/\/www.instagram.com\/umlaut.records\/","https:\/\/www.linkedin.com\/in\/umlaut-records-label-0678b7a4\/","https:\/\/www.youtube.com\/user\/umsight"]}]}},"_links":{"self":[{"href":"https:\/\/www.umlautrecords.com\/fr\/wp-json\/wp\/v2\/product\/651","targetHints":{"allow":["GET"]}}],"collection":[{"href":"https:\/\/www.umlautrecords.com\/fr\/wp-json\/wp\/v2\/product"}],"about":[{"href":"https:\/\/www.umlautrecords.com\/fr\/wp-json\/wp\/v2\/types\/product"}],"wp:featuredmedia":[{"embeddable":true,"href":"https:\/\/www.umlautrecords.com\/fr\/wp-json\/wp\/v2\/media\/1216"}],"wp:attachment":[{"href":"https:\/\/www.umlautrecords.com\/fr\/wp-json\/wp\/v2\/media?parent=651"}],"wp:term":[{"taxonomy":"product_brand","embeddable":true,"href":"https:\/\/www.umlautrecords.com\/fr\/wp-json\/wp\/v2\/product_brand?post=651"},{"taxonomy":"product_cat","embeddable":true,"href":"https:\/\/www.umlautrecords.com\/fr\/wp-json\/wp\/v2\/product_cat?post=651"},{"taxonomy":"product_tag","embeddable":true,"href":"https:\/\/www.umlautrecords.com\/fr\/wp-json\/wp\/v2\/product_tag?post=651"}],"curies":[{"name":"wp","href":"https:\/\/api.w.org\/{rel}","templated":true}]}}