{"id":645,"date":"2015-08-27T16:40:07","date_gmt":"2015-08-27T14:40:07","guid":{"rendered":"http:\/\/116.203.103.232\/umlaut\/?post_type=product&#038;p=645"},"modified":"2023-06-13T15:43:06","modified_gmt":"2023-06-13T13:43:06","slug":"nature-in-its-inscrutability-strikes-back-%d8%a7%d8%b3%d9%85","status":"publish","type":"product","link":"https:\/\/www.umlautrecords.com\/fr\/produit\/nature-in-its-inscrutability-strikes-back-%d8%a7%d8%b3%d9%85\/","title":{"rendered":"Nature in its Inscrutability Strikes Back (CD)"},"content":{"rendered":"<p><span style=\"font-weight: 400;\">Un titre tir\u00e9 d\u2019une strophe du pianiste su\u00e9dois Per Henrik Wallin : Naturen i sin outgrundlighet sl\u00e5r tillbaka (La nature par son imp\u00e9n\u00e9trabilit\u00e9 se d\u00e9fend).<\/span><\/p>\n<p><span style=\"font-weight: 400;\">La musique de \u0627\u0633\u0645, par\u00a0 son imp\u00e9n\u00e9trabilit\u00e9, se d\u00e9fend \u00e0 travers l\u2019entit\u00e9 de ce CD. Acoustiquement, le trio cr\u00e9e des formes abstraites proche de la musique contemporaine \u00e9crite avec des sons qui \u00e9voquent les trios jazz traditionnels. Le groove qui appara\u00eet dans la musique est dense, ext\u00e8me, mais toujours calme. La musique est un flux continu de courant \u00e0 haute tension.<\/span><\/p>\n","protected":false},"excerpt":{"rendered":"<p>Un titre tir\u00e9 d\u2019une strophe du pianiste su\u00e9dois Per Henrik Wallin : Naturen i sin outgrundlighet sl\u00e5r tillbaka (La nature par son imp\u00e9n\u00e9trabilit\u00e9&hellip;<\/p>\n","protected":false},"featured_media":646,"template":"","meta":{"_acf_changed":false},"product_brand":[],"product_cat":[29],"product_tag":[],"class_list":{"0":"post-645","1":"product","2":"type-product","3":"status-publish","4":"has-post-thumbnail","6":"product_cat-album","7":"product_shipping_class-cd","9":"first","10":"outofstock","11":"taxable","12":"shipping-taxable","13":"purchasable","14":"product-type-simple"},"acf":[],"yoast_head":"<!-- This site is optimized with the Yoast SEO plugin v27.0 - https:\/\/yoast.com\/product\/yoast-seo-wordpress\/ -->\n<title>Nature in its Inscrutability Strikes Back (CD) - Umlaut records<\/title>\n<meta name=\"robots\" content=\"index, follow, max-snippet:-1, max-image-preview:large, max-video-preview:-1\" \/>\n<link rel=\"canonical\" href=\"https:\/\/www.umlautrecords.com\/fr\/produit\/nature-in-its-inscrutability-strikes-back-%d8%a7%d8%b3%d9%85\/\" \/>\n<meta property=\"og:locale\" content=\"fr_FR\" \/>\n<meta property=\"og:type\" content=\"article\" \/>\n<meta property=\"og:title\" content=\"Nature in its Inscrutability Strikes Back (CD) - Umlaut records\" \/>\n<meta property=\"og:description\" content=\"Un titre tir\u00e9 d\u2019une strophe du pianiste su\u00e9dois Per Henrik Wallin : Naturen i sin outgrundlighet sl\u00e5r tillbaka (La nature par son imp\u00e9n\u00e9trabilit\u00e9&hellip;\" \/>\n<meta property=\"og:url\" content=\"https:\/\/www.umlautrecords.com\/fr\/produit\/nature-in-its-inscrutability-strikes-back-%d8%a7%d8%b3%d9%85\/\" \/>\n<meta property=\"og:site_name\" content=\"Umlaut records\" \/>\n<meta property=\"article:publisher\" content=\"https:\/\/www.facebook.com\/umlautrecords\" \/>\n<meta property=\"article:modified_time\" content=\"2023-06-13T13:43:06+00:00\" \/>\n<meta property=\"og:image\" content=\"https:\/\/www.umlautrecords.com\/wp-content\/uploads\/2020\/06\/nature-in-its-12x12cm-300dpi.jpg\" \/>\n\t<meta property=\"og:image:width\" content=\"1417\" \/>\n\t<meta property=\"og:image:height\" content=\"1417\" \/>\n\t<meta property=\"og:image:type\" content=\"image\/jpeg\" \/>\n<meta name=\"twitter:card\" content=\"summary_large_image\" \/>\n<script type=\"application\/ld+json\" class=\"yoast-schema-graph\">{\"@context\":\"https:\/\/schema.org\",\"@graph\":[{\"@type\":\"WebPage\",\"@id\":\"https:\/\/www.umlautrecords.com\/fr\/produit\/nature-in-its-inscrutability-strikes-back-%d8%a7%d8%b3%d9%85\/\",\"url\":\"https:\/\/www.umlautrecords.com\/fr\/produit\/nature-in-its-inscrutability-strikes-back-%d8%a7%d8%b3%d9%85\/\",\"name\":\"Nature in its Inscrutability Strikes Back (CD) - Umlaut records\",\"isPartOf\":{\"@id\":\"https:\/\/www.umlautrecords.com\/fr\/#website\"},\"primaryImageOfPage\":{\"@id\":\"https:\/\/www.umlautrecords.com\/fr\/produit\/nature-in-its-inscrutability-strikes-back-%d8%a7%d8%b3%d9%85\/#primaryimage\"},\"image\":{\"@id\":\"https:\/\/www.umlautrecords.com\/fr\/produit\/nature-in-its-inscrutability-strikes-back-%d8%a7%d8%b3%d9%85\/#primaryimage\"},\"thumbnailUrl\":\"https:\/\/www.umlautrecords.com\/wp-content\/uploads\/2020\/06\/nature-in-its-12x12cm-300dpi.jpg\",\"datePublished\":\"2015-08-27T14:40:07+00:00\",\"dateModified\":\"2023-06-13T13:43:06+00:00\",\"breadcrumb\":{\"@id\":\"https:\/\/www.umlautrecords.com\/fr\/produit\/nature-in-its-inscrutability-strikes-back-%d8%a7%d8%b3%d9%85\/#breadcrumb\"},\"inLanguage\":\"fr-FR\",\"potentialAction\":[{\"@type\":\"ReadAction\",\"target\":[\"https:\/\/www.umlautrecords.com\/fr\/produit\/nature-in-its-inscrutability-strikes-back-%d8%a7%d8%b3%d9%85\/\"]}]},{\"@type\":\"ImageObject\",\"inLanguage\":\"fr-FR\",\"@id\":\"https:\/\/www.umlautrecords.com\/fr\/produit\/nature-in-its-inscrutability-strikes-back-%d8%a7%d8%b3%d9%85\/#primaryimage\",\"url\":\"https:\/\/www.umlautrecords.com\/wp-content\/uploads\/2020\/06\/nature-in-its-12x12cm-300dpi.jpg\",\"contentUrl\":\"https:\/\/www.umlautrecords.com\/wp-content\/uploads\/2020\/06\/nature-in-its-12x12cm-300dpi.jpg\",\"width\":1417,\"height\":1417},{\"@type\":\"BreadcrumbList\",\"@id\":\"https:\/\/www.umlautrecords.com\/fr\/produit\/nature-in-its-inscrutability-strikes-back-%d8%a7%d8%b3%d9%85\/#breadcrumb\",\"itemListElement\":[{\"@type\":\"ListItem\",\"position\":1,\"name\":\"Accueil\",\"item\":\"https:\/\/www.umlautrecords.com\/fr\/\"},{\"@type\":\"ListItem\",\"position\":2,\"name\":\"Catalogue\",\"item\":\"https:\/\/www.umlautrecords.com\/fr\/shop\/\"},{\"@type\":\"ListItem\",\"position\":3,\"name\":\"Nature in its Inscrutability Strikes Back (CD)\"}]},{\"@type\":\"WebSite\",\"@id\":\"https:\/\/www.umlautrecords.com\/fr\/#website\",\"url\":\"https:\/\/www.umlautrecords.com\/fr\/\",\"name\":\"Umlaut records\",\"description\":\"transformation of sound\",\"publisher\":{\"@id\":\"https:\/\/www.umlautrecords.com\/fr\/#organization\"},\"potentialAction\":[{\"@type\":\"SearchAction\",\"target\":{\"@type\":\"EntryPoint\",\"urlTemplate\":\"https:\/\/www.umlautrecords.com\/fr\/?s={search_term_string}\"},\"query-input\":{\"@type\":\"PropertyValueSpecification\",\"valueRequired\":true,\"valueName\":\"search_term_string\"}}],\"inLanguage\":\"fr-FR\"},{\"@type\":\"Organization\",\"@id\":\"https:\/\/www.umlautrecords.com\/fr\/#organization\",\"name\":\"Umlaut records\",\"url\":\"https:\/\/www.umlautrecords.com\/fr\/\",\"logo\":{\"@type\":\"ImageObject\",\"inLanguage\":\"fr-FR\",\"@id\":\"https:\/\/www.umlautrecords.com\/fr\/#\/schema\/logo\/image\/\",\"url\":\"\",\"contentUrl\":\"\",\"caption\":\"Umlaut records\"},\"image\":{\"@id\":\"https:\/\/www.umlautrecords.com\/fr\/#\/schema\/logo\/image\/\"},\"sameAs\":[\"https:\/\/www.facebook.com\/umlautrecords\",\"https:\/\/www.instagram.com\/umlaut.records\/\",\"https:\/\/www.linkedin.com\/in\/umlaut-records-label-0678b7a4\/\",\"https:\/\/www.youtube.com\/user\/umsight\"]}]}<\/script>\n<!-- \/ Yoast SEO plugin. -->","yoast_head_json":{"title":"Nature in its Inscrutability Strikes Back (CD) - Umlaut records","robots":{"index":"index","follow":"follow","max-snippet":"max-snippet:-1","max-image-preview":"max-image-preview:large","max-video-preview":"max-video-preview:-1"},"canonical":"https:\/\/www.umlautrecords.com\/fr\/produit\/nature-in-its-inscrutability-strikes-back-%d8%a7%d8%b3%d9%85\/","og_locale":"fr_FR","og_type":"article","og_title":"Nature in its Inscrutability Strikes Back (CD) - Umlaut records","og_description":"Un titre tir\u00e9 d\u2019une strophe du pianiste su\u00e9dois Per Henrik Wallin : Naturen i sin outgrundlighet sl\u00e5r tillbaka (La nature par son imp\u00e9n\u00e9trabilit\u00e9&hellip;","og_url":"https:\/\/www.umlautrecords.com\/fr\/produit\/nature-in-its-inscrutability-strikes-back-%d8%a7%d8%b3%d9%85\/","og_site_name":"Umlaut records","article_publisher":"https:\/\/www.facebook.com\/umlautrecords","article_modified_time":"2023-06-13T13:43:06+00:00","og_image":[{"width":1417,"height":1417,"url":"https:\/\/www.umlautrecords.com\/wp-content\/uploads\/2020\/06\/nature-in-its-12x12cm-300dpi.jpg","type":"image\/jpeg"}],"twitter_card":"summary_large_image","schema":{"@context":"https:\/\/schema.org","@graph":[{"@type":"WebPage","@id":"https:\/\/www.umlautrecords.com\/fr\/produit\/nature-in-its-inscrutability-strikes-back-%d8%a7%d8%b3%d9%85\/","url":"https:\/\/www.umlautrecords.com\/fr\/produit\/nature-in-its-inscrutability-strikes-back-%d8%a7%d8%b3%d9%85\/","name":"Nature in its Inscrutability Strikes Back (CD) - Umlaut records","isPartOf":{"@id":"https:\/\/www.umlautrecords.com\/fr\/#website"},"primaryImageOfPage":{"@id":"https:\/\/www.umlautrecords.com\/fr\/produit\/nature-in-its-inscrutability-strikes-back-%d8%a7%d8%b3%d9%85\/#primaryimage"},"image":{"@id":"https:\/\/www.umlautrecords.com\/fr\/produit\/nature-in-its-inscrutability-strikes-back-%d8%a7%d8%b3%d9%85\/#primaryimage"},"thumbnailUrl":"https:\/\/www.umlautrecords.com\/wp-content\/uploads\/2020\/06\/nature-in-its-12x12cm-300dpi.jpg","datePublished":"2015-08-27T14:40:07+00:00","dateModified":"2023-06-13T13:43:06+00:00","breadcrumb":{"@id":"https:\/\/www.umlautrecords.com\/fr\/produit\/nature-in-its-inscrutability-strikes-back-%d8%a7%d8%b3%d9%85\/#breadcrumb"},"inLanguage":"fr-FR","potentialAction":[{"@type":"ReadAction","target":["https:\/\/www.umlautrecords.com\/fr\/produit\/nature-in-its-inscrutability-strikes-back-%d8%a7%d8%b3%d9%85\/"]}]},{"@type":"ImageObject","inLanguage":"fr-FR","@id":"https:\/\/www.umlautrecords.com\/fr\/produit\/nature-in-its-inscrutability-strikes-back-%d8%a7%d8%b3%d9%85\/#primaryimage","url":"https:\/\/www.umlautrecords.com\/wp-content\/uploads\/2020\/06\/nature-in-its-12x12cm-300dpi.jpg","contentUrl":"https:\/\/www.umlautrecords.com\/wp-content\/uploads\/2020\/06\/nature-in-its-12x12cm-300dpi.jpg","width":1417,"height":1417},{"@type":"BreadcrumbList","@id":"https:\/\/www.umlautrecords.com\/fr\/produit\/nature-in-its-inscrutability-strikes-back-%d8%a7%d8%b3%d9%85\/#breadcrumb","itemListElement":[{"@type":"ListItem","position":1,"name":"Accueil","item":"https:\/\/www.umlautrecords.com\/fr\/"},{"@type":"ListItem","position":2,"name":"Catalogue","item":"https:\/\/www.umlautrecords.com\/fr\/shop\/"},{"@type":"ListItem","position":3,"name":"Nature in its Inscrutability Strikes Back (CD)"}]},{"@type":"WebSite","@id":"https:\/\/www.umlautrecords.com\/fr\/#website","url":"https:\/\/www.umlautrecords.com\/fr\/","name":"Umlaut records","description":"transformation of sound","publisher":{"@id":"https:\/\/www.umlautrecords.com\/fr\/#organization"},"potentialAction":[{"@type":"SearchAction","target":{"@type":"EntryPoint","urlTemplate":"https:\/\/www.umlautrecords.com\/fr\/?s={search_term_string}"},"query-input":{"@type":"PropertyValueSpecification","valueRequired":true,"valueName":"search_term_string"}}],"inLanguage":"fr-FR"},{"@type":"Organization","@id":"https:\/\/www.umlautrecords.com\/fr\/#organization","name":"Umlaut records","url":"https:\/\/www.umlautrecords.com\/fr\/","logo":{"@type":"ImageObject","inLanguage":"fr-FR","@id":"https:\/\/www.umlautrecords.com\/fr\/#\/schema\/logo\/image\/","url":"","contentUrl":"","caption":"Umlaut records"},"image":{"@id":"https:\/\/www.umlautrecords.com\/fr\/#\/schema\/logo\/image\/"},"sameAs":["https:\/\/www.facebook.com\/umlautrecords","https:\/\/www.instagram.com\/umlaut.records\/","https:\/\/www.linkedin.com\/in\/umlaut-records-label-0678b7a4\/","https:\/\/www.youtube.com\/user\/umsight"]}]}},"_links":{"self":[{"href":"https:\/\/www.umlautrecords.com\/fr\/wp-json\/wp\/v2\/product\/645","targetHints":{"allow":["GET"]}}],"collection":[{"href":"https:\/\/www.umlautrecords.com\/fr\/wp-json\/wp\/v2\/product"}],"about":[{"href":"https:\/\/www.umlautrecords.com\/fr\/wp-json\/wp\/v2\/types\/product"}],"wp:featuredmedia":[{"embeddable":true,"href":"https:\/\/www.umlautrecords.com\/fr\/wp-json\/wp\/v2\/media\/646"}],"wp:attachment":[{"href":"https:\/\/www.umlautrecords.com\/fr\/wp-json\/wp\/v2\/media?parent=645"}],"wp:term":[{"taxonomy":"product_brand","embeddable":true,"href":"https:\/\/www.umlautrecords.com\/fr\/wp-json\/wp\/v2\/product_brand?post=645"},{"taxonomy":"product_cat","embeddable":true,"href":"https:\/\/www.umlautrecords.com\/fr\/wp-json\/wp\/v2\/product_cat?post=645"},{"taxonomy":"product_tag","embeddable":true,"href":"https:\/\/www.umlautrecords.com\/fr\/wp-json\/wp\/v2\/product_tag?post=645"}],"curies":[{"name":"wp","href":"https:\/\/api.w.org\/{rel}","templated":true}]}}