{"id":639,"date":"2015-06-15T16:21:55","date_gmt":"2015-06-15T14:21:55","guid":{"rendered":"http:\/\/116.203.103.232\/umlaut\/?post_type=product&#038;p=639"},"modified":"2023-10-23T11:49:35","modified_gmt":"2023-10-23T09:49:35","slug":"euro-swing-vol-1-umlaut-big-band","status":"publish","type":"product","link":"https:\/\/www.umlautrecords.com\/fr\/produit\/euro-swing-vol-1-umlaut-big-band\/","title":{"rendered":"Euro Swing Vol.1 (CD)"},"content":{"rendered":"<p><span style=\"font-weight: 400;\">Pour son nouvel album, le big band a choisi de se focaliser plus pr\u00e8s de la maison, sur les d\u00e9buts du jazz en Europe (1925-1940). Apr\u00e8s une recherche historique m\u00e9ticuleuse et des transcriptions d\u2019enregistrements, Pierre-Antoine Badaroux et son orchestre ont construit un nouveau r\u00e9pertoire bas\u00e9 sur le travail des musiciens europ\u00e9ens qui ont d\u00e9couvert et se sont appropri\u00e9 le jazz.<\/span><\/p>\n<p><span style=\"font-weight: 400;\">Ces 17 morceaux accompagn\u00e9s d\u2019un livret fascinant (en fran\u00e7ais et en anglais) nous racontent l\u2019incroyable histoire de la naissance du jazz sur ce nouveau territoire \u00e0 une \u00e9poque tr\u00e8s particuli\u00e8re, et font vivre une musique qui a fait notre histoire du jazz.<\/span><\/p>\n<p><span style=\"font-weight: 400;\">D\u00e9couvrez des compositions d\u2019URSS, d\u2019Espagne ou de Tch\u00e9coslovaquie! Et peut-\u00eatre, parmi d\u2019autres, vous re-d\u00e9couvrirez le swing du pianiste anglais Jack Hylton, du saxophoniste belge Fud Candrix ou du tromboniste fran\u00e7ais puis californien L\u00e9o Vauchant.<\/span><\/p>\n<p><span style=\"font-weight: 400;\">Les 14 musiciens talentueux et festifs du Umlaut Big Band, issus de la nouvelle sc\u00e8ne jazz (ONJ) et\/ou de l\u2019avant-garde de l&rsquo;improvisation europ\u00e9enne (Peeping Tom, Zoor), se sont rassembl\u00e9s en 2011 pour c\u00e9l\u00e9brer avec son public extatique l\u2019\u00e9nergie des bons vieux swing bands.<\/span><\/p>\n","protected":false},"excerpt":{"rendered":"<p>Pour son nouvel album, le big band a choisi de se focaliser plus pr\u00e8s de la maison, sur les d\u00e9buts du jazz en&hellip;<\/p>\n","protected":false},"featured_media":1479,"template":"","meta":{"_acf_changed":false},"product_brand":[],"product_cat":[29],"product_tag":[],"class_list":{"0":"post-639","1":"product","2":"type-product","3":"status-publish","4":"has-post-thumbnail","6":"product_cat-album","7":"product_shipping_class-cd","9":"first","10":"outofstock","11":"taxable","12":"shipping-taxable","13":"purchasable","14":"product-type-simple"},"acf":[],"yoast_head":"<!-- This site is optimized with the Yoast SEO plugin v27.0 - https:\/\/yoast.com\/product\/yoast-seo-wordpress\/ -->\n<title>Euro Swing Vol.1 (CD) - Umlaut records<\/title>\n<meta name=\"robots\" content=\"index, follow, max-snippet:-1, max-image-preview:large, max-video-preview:-1\" \/>\n<link rel=\"canonical\" href=\"https:\/\/www.umlautrecords.com\/fr\/produit\/euro-swing-vol-1-umlaut-big-band\/\" \/>\n<meta property=\"og:locale\" content=\"fr_FR\" \/>\n<meta property=\"og:type\" content=\"article\" \/>\n<meta property=\"og:title\" content=\"Euro Swing Vol.1 (CD) - Umlaut records\" \/>\n<meta property=\"og:description\" content=\"Pour son nouvel album, le big band a choisi de se focaliser plus pr\u00e8s de la maison, sur les d\u00e9buts du jazz en&hellip;\" \/>\n<meta property=\"og:url\" content=\"https:\/\/www.umlautrecords.com\/fr\/produit\/euro-swing-vol-1-umlaut-big-band\/\" \/>\n<meta property=\"og:site_name\" content=\"Umlaut records\" \/>\n<meta property=\"article:publisher\" content=\"https:\/\/www.facebook.com\/umlautrecords\" \/>\n<meta property=\"article:modified_time\" content=\"2023-10-23T09:49:35+00:00\" \/>\n<meta property=\"og:image\" content=\"https:\/\/www.umlautrecords.com\/wp-content\/uploads\/2015\/06\/umlaut-euro-swing-vol-1-umlaut-big-band-euro-swing-cover-final-hd.png\" \/>\n\t<meta property=\"og:image:width\" content=\"642\" \/>\n\t<meta property=\"og:image:height\" content=\"576\" \/>\n\t<meta property=\"og:image:type\" content=\"image\/png\" \/>\n<meta name=\"twitter:card\" content=\"summary_large_image\" \/>\n<meta name=\"twitter:label1\" content=\"Dur\u00e9e de lecture estim\u00e9e\" \/>\n\t<meta name=\"twitter:data1\" content=\"1 minute\" \/>\n<script type=\"application\/ld+json\" class=\"yoast-schema-graph\">{\"@context\":\"https:\/\/schema.org\",\"@graph\":[{\"@type\":\"WebPage\",\"@id\":\"https:\/\/www.umlautrecords.com\/fr\/produit\/euro-swing-vol-1-umlaut-big-band\/\",\"url\":\"https:\/\/www.umlautrecords.com\/fr\/produit\/euro-swing-vol-1-umlaut-big-band\/\",\"name\":\"Euro Swing Vol.1 (CD) - Umlaut records\",\"isPartOf\":{\"@id\":\"https:\/\/www.umlautrecords.com\/fr\/#website\"},\"primaryImageOfPage\":{\"@id\":\"https:\/\/www.umlautrecords.com\/fr\/produit\/euro-swing-vol-1-umlaut-big-band\/#primaryimage\"},\"image\":{\"@id\":\"https:\/\/www.umlautrecords.com\/fr\/produit\/euro-swing-vol-1-umlaut-big-band\/#primaryimage\"},\"thumbnailUrl\":\"https:\/\/www.umlautrecords.com\/wp-content\/uploads\/2015\/06\/umlaut-euro-swing-vol-1-umlaut-big-band-euro-swing-cover-final-hd.png\",\"datePublished\":\"2015-06-15T14:21:55+00:00\",\"dateModified\":\"2023-10-23T09:49:35+00:00\",\"breadcrumb\":{\"@id\":\"https:\/\/www.umlautrecords.com\/fr\/produit\/euro-swing-vol-1-umlaut-big-band\/#breadcrumb\"},\"inLanguage\":\"fr-FR\",\"potentialAction\":[{\"@type\":\"ReadAction\",\"target\":[\"https:\/\/www.umlautrecords.com\/fr\/produit\/euro-swing-vol-1-umlaut-big-band\/\"]}]},{\"@type\":\"ImageObject\",\"inLanguage\":\"fr-FR\",\"@id\":\"https:\/\/www.umlautrecords.com\/fr\/produit\/euro-swing-vol-1-umlaut-big-band\/#primaryimage\",\"url\":\"https:\/\/www.umlautrecords.com\/wp-content\/uploads\/2015\/06\/umlaut-euro-swing-vol-1-umlaut-big-band-euro-swing-cover-final-hd.png\",\"contentUrl\":\"https:\/\/www.umlautrecords.com\/wp-content\/uploads\/2015\/06\/umlaut-euro-swing-vol-1-umlaut-big-band-euro-swing-cover-final-hd.png\",\"width\":642,\"height\":576},{\"@type\":\"BreadcrumbList\",\"@id\":\"https:\/\/www.umlautrecords.com\/fr\/produit\/euro-swing-vol-1-umlaut-big-band\/#breadcrumb\",\"itemListElement\":[{\"@type\":\"ListItem\",\"position\":1,\"name\":\"Accueil\",\"item\":\"https:\/\/www.umlautrecords.com\/fr\/\"},{\"@type\":\"ListItem\",\"position\":2,\"name\":\"Catalogue\",\"item\":\"https:\/\/www.umlautrecords.com\/fr\/shop\/\"},{\"@type\":\"ListItem\",\"position\":3,\"name\":\"Euro Swing Vol.1 (CD)\"}]},{\"@type\":\"WebSite\",\"@id\":\"https:\/\/www.umlautrecords.com\/fr\/#website\",\"url\":\"https:\/\/www.umlautrecords.com\/fr\/\",\"name\":\"Umlaut records\",\"description\":\"transformation of sound\",\"publisher\":{\"@id\":\"https:\/\/www.umlautrecords.com\/fr\/#organization\"},\"potentialAction\":[{\"@type\":\"SearchAction\",\"target\":{\"@type\":\"EntryPoint\",\"urlTemplate\":\"https:\/\/www.umlautrecords.com\/fr\/?s={search_term_string}\"},\"query-input\":{\"@type\":\"PropertyValueSpecification\",\"valueRequired\":true,\"valueName\":\"search_term_string\"}}],\"inLanguage\":\"fr-FR\"},{\"@type\":\"Organization\",\"@id\":\"https:\/\/www.umlautrecords.com\/fr\/#organization\",\"name\":\"Umlaut records\",\"url\":\"https:\/\/www.umlautrecords.com\/fr\/\",\"logo\":{\"@type\":\"ImageObject\",\"inLanguage\":\"fr-FR\",\"@id\":\"https:\/\/www.umlautrecords.com\/fr\/#\/schema\/logo\/image\/\",\"url\":\"\",\"contentUrl\":\"\",\"caption\":\"Umlaut records\"},\"image\":{\"@id\":\"https:\/\/www.umlautrecords.com\/fr\/#\/schema\/logo\/image\/\"},\"sameAs\":[\"https:\/\/www.facebook.com\/umlautrecords\",\"https:\/\/www.instagram.com\/umlaut.records\/\",\"https:\/\/www.linkedin.com\/in\/umlaut-records-label-0678b7a4\/\",\"https:\/\/www.youtube.com\/user\/umsight\"]}]}<\/script>\n<!-- \/ Yoast SEO plugin. -->","yoast_head_json":{"title":"Euro Swing Vol.1 (CD) - Umlaut records","robots":{"index":"index","follow":"follow","max-snippet":"max-snippet:-1","max-image-preview":"max-image-preview:large","max-video-preview":"max-video-preview:-1"},"canonical":"https:\/\/www.umlautrecords.com\/fr\/produit\/euro-swing-vol-1-umlaut-big-band\/","og_locale":"fr_FR","og_type":"article","og_title":"Euro Swing Vol.1 (CD) - Umlaut records","og_description":"Pour son nouvel album, le big band a choisi de se focaliser plus pr\u00e8s de la maison, sur les d\u00e9buts du jazz en&hellip;","og_url":"https:\/\/www.umlautrecords.com\/fr\/produit\/euro-swing-vol-1-umlaut-big-band\/","og_site_name":"Umlaut records","article_publisher":"https:\/\/www.facebook.com\/umlautrecords","article_modified_time":"2023-10-23T09:49:35+00:00","og_image":[{"width":642,"height":576,"url":"https:\/\/www.umlautrecords.com\/wp-content\/uploads\/2015\/06\/umlaut-euro-swing-vol-1-umlaut-big-band-euro-swing-cover-final-hd.png","type":"image\/png"}],"twitter_card":"summary_large_image","twitter_misc":{"Dur\u00e9e de lecture estim\u00e9e":"1 minute"},"schema":{"@context":"https:\/\/schema.org","@graph":[{"@type":"WebPage","@id":"https:\/\/www.umlautrecords.com\/fr\/produit\/euro-swing-vol-1-umlaut-big-band\/","url":"https:\/\/www.umlautrecords.com\/fr\/produit\/euro-swing-vol-1-umlaut-big-band\/","name":"Euro Swing Vol.1 (CD) - Umlaut records","isPartOf":{"@id":"https:\/\/www.umlautrecords.com\/fr\/#website"},"primaryImageOfPage":{"@id":"https:\/\/www.umlautrecords.com\/fr\/produit\/euro-swing-vol-1-umlaut-big-band\/#primaryimage"},"image":{"@id":"https:\/\/www.umlautrecords.com\/fr\/produit\/euro-swing-vol-1-umlaut-big-band\/#primaryimage"},"thumbnailUrl":"https:\/\/www.umlautrecords.com\/wp-content\/uploads\/2015\/06\/umlaut-euro-swing-vol-1-umlaut-big-band-euro-swing-cover-final-hd.png","datePublished":"2015-06-15T14:21:55+00:00","dateModified":"2023-10-23T09:49:35+00:00","breadcrumb":{"@id":"https:\/\/www.umlautrecords.com\/fr\/produit\/euro-swing-vol-1-umlaut-big-band\/#breadcrumb"},"inLanguage":"fr-FR","potentialAction":[{"@type":"ReadAction","target":["https:\/\/www.umlautrecords.com\/fr\/produit\/euro-swing-vol-1-umlaut-big-band\/"]}]},{"@type":"ImageObject","inLanguage":"fr-FR","@id":"https:\/\/www.umlautrecords.com\/fr\/produit\/euro-swing-vol-1-umlaut-big-band\/#primaryimage","url":"https:\/\/www.umlautrecords.com\/wp-content\/uploads\/2015\/06\/umlaut-euro-swing-vol-1-umlaut-big-band-euro-swing-cover-final-hd.png","contentUrl":"https:\/\/www.umlautrecords.com\/wp-content\/uploads\/2015\/06\/umlaut-euro-swing-vol-1-umlaut-big-band-euro-swing-cover-final-hd.png","width":642,"height":576},{"@type":"BreadcrumbList","@id":"https:\/\/www.umlautrecords.com\/fr\/produit\/euro-swing-vol-1-umlaut-big-band\/#breadcrumb","itemListElement":[{"@type":"ListItem","position":1,"name":"Accueil","item":"https:\/\/www.umlautrecords.com\/fr\/"},{"@type":"ListItem","position":2,"name":"Catalogue","item":"https:\/\/www.umlautrecords.com\/fr\/shop\/"},{"@type":"ListItem","position":3,"name":"Euro Swing Vol.1 (CD)"}]},{"@type":"WebSite","@id":"https:\/\/www.umlautrecords.com\/fr\/#website","url":"https:\/\/www.umlautrecords.com\/fr\/","name":"Umlaut records","description":"transformation of sound","publisher":{"@id":"https:\/\/www.umlautrecords.com\/fr\/#organization"},"potentialAction":[{"@type":"SearchAction","target":{"@type":"EntryPoint","urlTemplate":"https:\/\/www.umlautrecords.com\/fr\/?s={search_term_string}"},"query-input":{"@type":"PropertyValueSpecification","valueRequired":true,"valueName":"search_term_string"}}],"inLanguage":"fr-FR"},{"@type":"Organization","@id":"https:\/\/www.umlautrecords.com\/fr\/#organization","name":"Umlaut records","url":"https:\/\/www.umlautrecords.com\/fr\/","logo":{"@type":"ImageObject","inLanguage":"fr-FR","@id":"https:\/\/www.umlautrecords.com\/fr\/#\/schema\/logo\/image\/","url":"","contentUrl":"","caption":"Umlaut records"},"image":{"@id":"https:\/\/www.umlautrecords.com\/fr\/#\/schema\/logo\/image\/"},"sameAs":["https:\/\/www.facebook.com\/umlautrecords","https:\/\/www.instagram.com\/umlaut.records\/","https:\/\/www.linkedin.com\/in\/umlaut-records-label-0678b7a4\/","https:\/\/www.youtube.com\/user\/umsight"]}]}},"_links":{"self":[{"href":"https:\/\/www.umlautrecords.com\/fr\/wp-json\/wp\/v2\/product\/639","targetHints":{"allow":["GET"]}}],"collection":[{"href":"https:\/\/www.umlautrecords.com\/fr\/wp-json\/wp\/v2\/product"}],"about":[{"href":"https:\/\/www.umlautrecords.com\/fr\/wp-json\/wp\/v2\/types\/product"}],"wp:featuredmedia":[{"embeddable":true,"href":"https:\/\/www.umlautrecords.com\/fr\/wp-json\/wp\/v2\/media\/1479"}],"wp:attachment":[{"href":"https:\/\/www.umlautrecords.com\/fr\/wp-json\/wp\/v2\/media?parent=639"}],"wp:term":[{"taxonomy":"product_brand","embeddable":true,"href":"https:\/\/www.umlautrecords.com\/fr\/wp-json\/wp\/v2\/product_brand?post=639"},{"taxonomy":"product_cat","embeddable":true,"href":"https:\/\/www.umlautrecords.com\/fr\/wp-json\/wp\/v2\/product_cat?post=639"},{"taxonomy":"product_tag","embeddable":true,"href":"https:\/\/www.umlautrecords.com\/fr\/wp-json\/wp\/v2\/product_tag?post=639"}],"curies":[{"name":"wp","href":"https:\/\/api.w.org\/{rel}","templated":true}]}}