{"id":633,"date":"2015-01-11T15:56:56","date_gmt":"2015-01-11T14:56:56","guid":{"rendered":"http:\/\/116.203.103.232\/umlaut\/?post_type=product&#038;p=633"},"modified":"2024-04-04T15:43:17","modified_gmt":"2024-04-04T13:43:17","slug":"life-work-a-unity-3-mind-instruction-pages-with-examples-precisions-added-to-freedom-1972-89-ensemble-hodos","status":"publish","type":"product","link":"https:\/\/www.umlautrecords.com\/fr\/produit\/life-work-a-unity-3-mind-instruction-pages-with-examples-precisions-added-to-freedom-1972-89-ensemble-hodos\/","title":{"rendered":"Lifework : A Unity 3. Mind (Instruction Pages With Examples ; Precisions Added To Freedom) 1972-89 (CD)"},"content":{"rendered":"<p><span style=\"font-weight: 400;\">Version num\u00e9rique disponible sur <a href=\"https:\/\/umlautrecords.bandcamp.com\/album\/lifework-a-unity-3-mind-instruction-pages-with-examples-precisions-added-to-freedom-1972-89\">Bandcamp<\/a>.<\/span><\/p>\n<p><span style=\"font-weight: 400;\">Le projet \u201cLifework : A Unity\u201d est un aper\u00e7u de la musique de Philip Corner, interpr\u00e9t\u00e9e par l&rsquo;Ensemble Hodos, et couvrant les cinq p\u00e9riodes de la musique de Mr Corner sur cinq CDs \u00e0 para\u00eetre successivement.<\/span><\/p>\n<p><span style=\"font-weight: 400;\">Ce CD est le 3\u00e8me volume &#8211; et 2\u00e8me \u00e0 para\u00eetre &#8211; de ce projet. Le disque couvre les ann\u00e9es 1972-1989, des ann\u00e9es qui ont vu Corner commencer \u00e0 enseigner la th\u00e9orie musicale au Livingston College. Un retour \u00e0 une pens\u00e9e analytique \u00e9tait alors n\u00e9cessaire, co\u00efncidant avec sa participation au tout premier Gamelan d\u00e9di\u00e9 \u00e0 jouer de la nouvelle musique. Corner a ensuite commenc\u00e9 son incroyable s\u00e9rie de 463 pi\u00e8ces pour Gamelan, toutes creusant de diff\u00e9rentes mani\u00e8res les relations entre hauteurs et dur\u00e9es.<\/span><\/p>\n<p><span style=\"font-weight: 400;\">Le CD est accompagn\u00e9 d\u2019un livret avec de nombreux commentaires de Philip Corner et des extraits de partitions.<\/span><\/p>\n","protected":false},"excerpt":{"rendered":"<p>Version num\u00e9rique disponible sur Bandcamp. Le projet \u201cLifework : A Unity\u201d est un aper\u00e7u de la musique de Philip Corner, interpr\u00e9t\u00e9e par l&rsquo;Ensemble&hellip;<\/p>\n","protected":false},"featured_media":1465,"template":"","meta":{"_acf_changed":false},"product_brand":[],"product_cat":[29],"product_tag":[],"class_list":{"0":"post-633","1":"product","2":"type-product","3":"status-publish","4":"has-post-thumbnail","6":"product_cat-album","7":"product_shipping_class-cd","9":"first","10":"instock","11":"taxable","12":"shipping-taxable","13":"purchasable","14":"product-type-simple"},"acf":[],"yoast_head":"<!-- This site is optimized with the Yoast SEO plugin v27.0 - https:\/\/yoast.com\/product\/yoast-seo-wordpress\/ -->\n<title>Lifework : A Unity 3. Mind (Instruction Pages With Examples ; Precisions Added To Freedom) 1972-89 (CD) - Umlaut records<\/title>\n<meta name=\"robots\" content=\"index, follow, max-snippet:-1, max-image-preview:large, max-video-preview:-1\" \/>\n<link rel=\"canonical\" href=\"https:\/\/www.umlautrecords.com\/fr\/produit\/life-work-a-unity-3-mind-instruction-pages-with-examples-precisions-added-to-freedom-1972-89-ensemble-hodos\/\" \/>\n<meta property=\"og:locale\" content=\"fr_FR\" \/>\n<meta property=\"og:type\" content=\"article\" \/>\n<meta property=\"og:title\" content=\"Lifework : A Unity 3. Mind (Instruction Pages With Examples ; Precisions Added To Freedom) 1972-89 (CD) - Umlaut records\" \/>\n<meta property=\"og:description\" content=\"Version num\u00e9rique disponible sur Bandcamp. Le projet \u201cLifework : A Unity\u201d est un aper\u00e7u de la musique de Philip Corner, interpr\u00e9t\u00e9e par l&rsquo;Ensemble&hellip;\" \/>\n<meta property=\"og:url\" content=\"https:\/\/www.umlautrecords.com\/fr\/produit\/life-work-a-unity-3-mind-instruction-pages-with-examples-precisions-added-to-freedom-1972-89-ensemble-hodos\/\" \/>\n<meta property=\"og:site_name\" content=\"Umlaut records\" \/>\n<meta property=\"article:publisher\" content=\"https:\/\/www.facebook.com\/umlautrecords\" \/>\n<meta property=\"article:modified_time\" content=\"2024-04-04T13:43:17+00:00\" \/>\n<meta property=\"og:image\" content=\"https:\/\/www.umlautrecords.com\/wp-content\/uploads\/2015\/01\/umlaut-lifework-a-unity-3-mind-instruction-pages-with-examples-precisions-added-to-freedom-1972-89-ensemble-hodos-life-work-a-unity-3-1972-89-hd.png\" \/>\n\t<meta property=\"og:image:width\" content=\"624\" \/>\n\t<meta property=\"og:image:height\" content=\"558\" \/>\n\t<meta property=\"og:image:type\" content=\"image\/png\" \/>\n<meta name=\"twitter:card\" content=\"summary_large_image\" \/>\n<meta name=\"twitter:label1\" content=\"Dur\u00e9e de lecture estim\u00e9e\" \/>\n\t<meta name=\"twitter:data1\" content=\"1 minute\" \/>\n<script type=\"application\/ld+json\" class=\"yoast-schema-graph\">{\"@context\":\"https:\/\/schema.org\",\"@graph\":[{\"@type\":\"WebPage\",\"@id\":\"https:\/\/www.umlautrecords.com\/fr\/produit\/life-work-a-unity-3-mind-instruction-pages-with-examples-precisions-added-to-freedom-1972-89-ensemble-hodos\/\",\"url\":\"https:\/\/www.umlautrecords.com\/fr\/produit\/life-work-a-unity-3-mind-instruction-pages-with-examples-precisions-added-to-freedom-1972-89-ensemble-hodos\/\",\"name\":\"Lifework : A Unity 3. Mind (Instruction Pages With Examples ; Precisions Added To Freedom) 1972-89 (CD) - Umlaut records\",\"isPartOf\":{\"@id\":\"https:\/\/www.umlautrecords.com\/fr\/#website\"},\"primaryImageOfPage\":{\"@id\":\"https:\/\/www.umlautrecords.com\/fr\/produit\/life-work-a-unity-3-mind-instruction-pages-with-examples-precisions-added-to-freedom-1972-89-ensemble-hodos\/#primaryimage\"},\"image\":{\"@id\":\"https:\/\/www.umlautrecords.com\/fr\/produit\/life-work-a-unity-3-mind-instruction-pages-with-examples-precisions-added-to-freedom-1972-89-ensemble-hodos\/#primaryimage\"},\"thumbnailUrl\":\"https:\/\/www.umlautrecords.com\/wp-content\/uploads\/2015\/01\/umlaut-lifework-a-unity-3-mind-instruction-pages-with-examples-precisions-added-to-freedom-1972-89-ensemble-hodos-life-work-a-unity-3-1972-89-hd.png\",\"datePublished\":\"2015-01-11T14:56:56+00:00\",\"dateModified\":\"2024-04-04T13:43:17+00:00\",\"breadcrumb\":{\"@id\":\"https:\/\/www.umlautrecords.com\/fr\/produit\/life-work-a-unity-3-mind-instruction-pages-with-examples-precisions-added-to-freedom-1972-89-ensemble-hodos\/#breadcrumb\"},\"inLanguage\":\"fr-FR\",\"potentialAction\":[{\"@type\":\"ReadAction\",\"target\":[\"https:\/\/www.umlautrecords.com\/fr\/produit\/life-work-a-unity-3-mind-instruction-pages-with-examples-precisions-added-to-freedom-1972-89-ensemble-hodos\/\"]}]},{\"@type\":\"ImageObject\",\"inLanguage\":\"fr-FR\",\"@id\":\"https:\/\/www.umlautrecords.com\/fr\/produit\/life-work-a-unity-3-mind-instruction-pages-with-examples-precisions-added-to-freedom-1972-89-ensemble-hodos\/#primaryimage\",\"url\":\"https:\/\/www.umlautrecords.com\/wp-content\/uploads\/2015\/01\/umlaut-lifework-a-unity-3-mind-instruction-pages-with-examples-precisions-added-to-freedom-1972-89-ensemble-hodos-life-work-a-unity-3-1972-89-hd.png\",\"contentUrl\":\"https:\/\/www.umlautrecords.com\/wp-content\/uploads\/2015\/01\/umlaut-lifework-a-unity-3-mind-instruction-pages-with-examples-precisions-added-to-freedom-1972-89-ensemble-hodos-life-work-a-unity-3-1972-89-hd.png\",\"width\":624,\"height\":558},{\"@type\":\"BreadcrumbList\",\"@id\":\"https:\/\/www.umlautrecords.com\/fr\/produit\/life-work-a-unity-3-mind-instruction-pages-with-examples-precisions-added-to-freedom-1972-89-ensemble-hodos\/#breadcrumb\",\"itemListElement\":[{\"@type\":\"ListItem\",\"position\":1,\"name\":\"Accueil\",\"item\":\"https:\/\/www.umlautrecords.com\/fr\/\"},{\"@type\":\"ListItem\",\"position\":2,\"name\":\"Catalogue\",\"item\":\"https:\/\/www.umlautrecords.com\/fr\/shop\/\"},{\"@type\":\"ListItem\",\"position\":3,\"name\":\"Lifework : A Unity 3. Mind (Instruction Pages With Examples ; Precisions Added To Freedom) 1972-89 (CD)\"}]},{\"@type\":\"WebSite\",\"@id\":\"https:\/\/www.umlautrecords.com\/fr\/#website\",\"url\":\"https:\/\/www.umlautrecords.com\/fr\/\",\"name\":\"Umlaut records\",\"description\":\"transformation of sound\",\"publisher\":{\"@id\":\"https:\/\/www.umlautrecords.com\/fr\/#organization\"},\"potentialAction\":[{\"@type\":\"SearchAction\",\"target\":{\"@type\":\"EntryPoint\",\"urlTemplate\":\"https:\/\/www.umlautrecords.com\/fr\/?s={search_term_string}\"},\"query-input\":{\"@type\":\"PropertyValueSpecification\",\"valueRequired\":true,\"valueName\":\"search_term_string\"}}],\"inLanguage\":\"fr-FR\"},{\"@type\":\"Organization\",\"@id\":\"https:\/\/www.umlautrecords.com\/fr\/#organization\",\"name\":\"Umlaut records\",\"url\":\"https:\/\/www.umlautrecords.com\/fr\/\",\"logo\":{\"@type\":\"ImageObject\",\"inLanguage\":\"fr-FR\",\"@id\":\"https:\/\/www.umlautrecords.com\/fr\/#\/schema\/logo\/image\/\",\"url\":\"\",\"contentUrl\":\"\",\"caption\":\"Umlaut records\"},\"image\":{\"@id\":\"https:\/\/www.umlautrecords.com\/fr\/#\/schema\/logo\/image\/\"},\"sameAs\":[\"https:\/\/www.facebook.com\/umlautrecords\",\"https:\/\/www.instagram.com\/umlaut.records\/\",\"https:\/\/www.linkedin.com\/in\/umlaut-records-label-0678b7a4\/\",\"https:\/\/www.youtube.com\/user\/umsight\"]}]}<\/script>\n<!-- \/ Yoast SEO plugin. -->","yoast_head_json":{"title":"Lifework : A Unity 3. Mind (Instruction Pages With Examples ; Precisions Added To Freedom) 1972-89 (CD) - Umlaut records","robots":{"index":"index","follow":"follow","max-snippet":"max-snippet:-1","max-image-preview":"max-image-preview:large","max-video-preview":"max-video-preview:-1"},"canonical":"https:\/\/www.umlautrecords.com\/fr\/produit\/life-work-a-unity-3-mind-instruction-pages-with-examples-precisions-added-to-freedom-1972-89-ensemble-hodos\/","og_locale":"fr_FR","og_type":"article","og_title":"Lifework : A Unity 3. Mind (Instruction Pages With Examples ; Precisions Added To Freedom) 1972-89 (CD) - Umlaut records","og_description":"Version num\u00e9rique disponible sur Bandcamp. Le projet \u201cLifework : A Unity\u201d est un aper\u00e7u de la musique de Philip Corner, interpr\u00e9t\u00e9e par l&rsquo;Ensemble&hellip;","og_url":"https:\/\/www.umlautrecords.com\/fr\/produit\/life-work-a-unity-3-mind-instruction-pages-with-examples-precisions-added-to-freedom-1972-89-ensemble-hodos\/","og_site_name":"Umlaut records","article_publisher":"https:\/\/www.facebook.com\/umlautrecords","article_modified_time":"2024-04-04T13:43:17+00:00","og_image":[{"width":624,"height":558,"url":"https:\/\/www.umlautrecords.com\/wp-content\/uploads\/2015\/01\/umlaut-lifework-a-unity-3-mind-instruction-pages-with-examples-precisions-added-to-freedom-1972-89-ensemble-hodos-life-work-a-unity-3-1972-89-hd.png","type":"image\/png"}],"twitter_card":"summary_large_image","twitter_misc":{"Dur\u00e9e de lecture estim\u00e9e":"1 minute"},"schema":{"@context":"https:\/\/schema.org","@graph":[{"@type":"WebPage","@id":"https:\/\/www.umlautrecords.com\/fr\/produit\/life-work-a-unity-3-mind-instruction-pages-with-examples-precisions-added-to-freedom-1972-89-ensemble-hodos\/","url":"https:\/\/www.umlautrecords.com\/fr\/produit\/life-work-a-unity-3-mind-instruction-pages-with-examples-precisions-added-to-freedom-1972-89-ensemble-hodos\/","name":"Lifework : A Unity 3. Mind (Instruction Pages With Examples ; Precisions Added To Freedom) 1972-89 (CD) - Umlaut records","isPartOf":{"@id":"https:\/\/www.umlautrecords.com\/fr\/#website"},"primaryImageOfPage":{"@id":"https:\/\/www.umlautrecords.com\/fr\/produit\/life-work-a-unity-3-mind-instruction-pages-with-examples-precisions-added-to-freedom-1972-89-ensemble-hodos\/#primaryimage"},"image":{"@id":"https:\/\/www.umlautrecords.com\/fr\/produit\/life-work-a-unity-3-mind-instruction-pages-with-examples-precisions-added-to-freedom-1972-89-ensemble-hodos\/#primaryimage"},"thumbnailUrl":"https:\/\/www.umlautrecords.com\/wp-content\/uploads\/2015\/01\/umlaut-lifework-a-unity-3-mind-instruction-pages-with-examples-precisions-added-to-freedom-1972-89-ensemble-hodos-life-work-a-unity-3-1972-89-hd.png","datePublished":"2015-01-11T14:56:56+00:00","dateModified":"2024-04-04T13:43:17+00:00","breadcrumb":{"@id":"https:\/\/www.umlautrecords.com\/fr\/produit\/life-work-a-unity-3-mind-instruction-pages-with-examples-precisions-added-to-freedom-1972-89-ensemble-hodos\/#breadcrumb"},"inLanguage":"fr-FR","potentialAction":[{"@type":"ReadAction","target":["https:\/\/www.umlautrecords.com\/fr\/produit\/life-work-a-unity-3-mind-instruction-pages-with-examples-precisions-added-to-freedom-1972-89-ensemble-hodos\/"]}]},{"@type":"ImageObject","inLanguage":"fr-FR","@id":"https:\/\/www.umlautrecords.com\/fr\/produit\/life-work-a-unity-3-mind-instruction-pages-with-examples-precisions-added-to-freedom-1972-89-ensemble-hodos\/#primaryimage","url":"https:\/\/www.umlautrecords.com\/wp-content\/uploads\/2015\/01\/umlaut-lifework-a-unity-3-mind-instruction-pages-with-examples-precisions-added-to-freedom-1972-89-ensemble-hodos-life-work-a-unity-3-1972-89-hd.png","contentUrl":"https:\/\/www.umlautrecords.com\/wp-content\/uploads\/2015\/01\/umlaut-lifework-a-unity-3-mind-instruction-pages-with-examples-precisions-added-to-freedom-1972-89-ensemble-hodos-life-work-a-unity-3-1972-89-hd.png","width":624,"height":558},{"@type":"BreadcrumbList","@id":"https:\/\/www.umlautrecords.com\/fr\/produit\/life-work-a-unity-3-mind-instruction-pages-with-examples-precisions-added-to-freedom-1972-89-ensemble-hodos\/#breadcrumb","itemListElement":[{"@type":"ListItem","position":1,"name":"Accueil","item":"https:\/\/www.umlautrecords.com\/fr\/"},{"@type":"ListItem","position":2,"name":"Catalogue","item":"https:\/\/www.umlautrecords.com\/fr\/shop\/"},{"@type":"ListItem","position":3,"name":"Lifework : A Unity 3. Mind (Instruction Pages With Examples ; Precisions Added To Freedom) 1972-89 (CD)"}]},{"@type":"WebSite","@id":"https:\/\/www.umlautrecords.com\/fr\/#website","url":"https:\/\/www.umlautrecords.com\/fr\/","name":"Umlaut records","description":"transformation of sound","publisher":{"@id":"https:\/\/www.umlautrecords.com\/fr\/#organization"},"potentialAction":[{"@type":"SearchAction","target":{"@type":"EntryPoint","urlTemplate":"https:\/\/www.umlautrecords.com\/fr\/?s={search_term_string}"},"query-input":{"@type":"PropertyValueSpecification","valueRequired":true,"valueName":"search_term_string"}}],"inLanguage":"fr-FR"},{"@type":"Organization","@id":"https:\/\/www.umlautrecords.com\/fr\/#organization","name":"Umlaut records","url":"https:\/\/www.umlautrecords.com\/fr\/","logo":{"@type":"ImageObject","inLanguage":"fr-FR","@id":"https:\/\/www.umlautrecords.com\/fr\/#\/schema\/logo\/image\/","url":"","contentUrl":"","caption":"Umlaut records"},"image":{"@id":"https:\/\/www.umlautrecords.com\/fr\/#\/schema\/logo\/image\/"},"sameAs":["https:\/\/www.facebook.com\/umlautrecords","https:\/\/www.instagram.com\/umlaut.records\/","https:\/\/www.linkedin.com\/in\/umlaut-records-label-0678b7a4\/","https:\/\/www.youtube.com\/user\/umsight"]}]}},"_links":{"self":[{"href":"https:\/\/www.umlautrecords.com\/fr\/wp-json\/wp\/v2\/product\/633","targetHints":{"allow":["GET"]}}],"collection":[{"href":"https:\/\/www.umlautrecords.com\/fr\/wp-json\/wp\/v2\/product"}],"about":[{"href":"https:\/\/www.umlautrecords.com\/fr\/wp-json\/wp\/v2\/types\/product"}],"wp:featuredmedia":[{"embeddable":true,"href":"https:\/\/www.umlautrecords.com\/fr\/wp-json\/wp\/v2\/media\/1465"}],"wp:attachment":[{"href":"https:\/\/www.umlautrecords.com\/fr\/wp-json\/wp\/v2\/media?parent=633"}],"wp:term":[{"taxonomy":"product_brand","embeddable":true,"href":"https:\/\/www.umlautrecords.com\/fr\/wp-json\/wp\/v2\/product_brand?post=633"},{"taxonomy":"product_cat","embeddable":true,"href":"https:\/\/www.umlautrecords.com\/fr\/wp-json\/wp\/v2\/product_cat?post=633"},{"taxonomy":"product_tag","embeddable":true,"href":"https:\/\/www.umlautrecords.com\/fr\/wp-json\/wp\/v2\/product_tag?post=633"}],"curies":[{"name":"wp","href":"https:\/\/api.w.org\/{rel}","templated":true}]}}