{"id":615,"date":"2013-10-01T14:32:56","date_gmt":"2013-10-01T12:32:56","guid":{"rendered":"http:\/\/116.203.103.232\/umlaut\/?post_type=product&#038;p=615"},"modified":"2025-07-24T12:12:26","modified_gmt":"2025-07-24T10:12:26","slug":"nelsons-jacket-umlaut-big-band","status":"publish","type":"product","link":"https:\/\/www.umlautrecords.com\/fr\/produit\/nelsons-jacket-umlaut-big-band\/","title":{"rendered":"Nelson&rsquo;s Jacket (4 LPs)"},"content":{"rendered":"<p><span style=\"font-weight: 400;\">Con\u00e7u comme un portrait de cinq arrangeurs\/compositeurs en 4 vinyls 10\u201d, ce coffret pr\u00e9sente des chef-d\u2019oeuvres du Swing des ann\u00e9es 30 interpr\u00e9t\u00e9s par la jeune g\u00e9n\u00e9ration de la sc\u00e8ne europ\u00e9enne d\u2019improvisation. La musique des g\u00e9nies : Gene Gifford, John Nesbitt, Will Hudson, Benny Carter et Mary-Lou Williams!<\/span><\/p>\n","protected":false},"excerpt":{"rendered":"<p>Con\u00e7u comme un portrait de cinq arrangeurs\/compositeurs en 4 vinyls 10\u201d, ce coffret pr\u00e9sente des chef-d\u2019oeuvres du Swing des ann\u00e9es 30 interpr\u00e9t\u00e9s par&hellip;<\/p>\n","protected":false},"featured_media":1179,"template":"","meta":{"_acf_changed":false},"product_brand":[],"product_cat":[29],"product_tag":[],"class_list":{"0":"post-615","1":"product","2":"type-product","3":"status-publish","4":"has-post-thumbnail","6":"product_cat-album","7":"product_shipping_class-vinyle","9":"first","10":"outofstock","11":"taxable","12":"shipping-taxable","13":"purchasable","14":"product-type-simple"},"acf":[],"yoast_head":"<!-- This site is optimized with the Yoast SEO plugin v27.0 - https:\/\/yoast.com\/product\/yoast-seo-wordpress\/ -->\n<title>Nelson&#039;s Jacket (4 LPs) - Umlaut records<\/title>\n<meta name=\"robots\" content=\"index, follow, max-snippet:-1, max-image-preview:large, max-video-preview:-1\" \/>\n<link rel=\"canonical\" href=\"https:\/\/www.umlautrecords.com\/fr\/produit\/nelsons-jacket-umlaut-big-band\/\" \/>\n<meta property=\"og:locale\" content=\"fr_FR\" \/>\n<meta property=\"og:type\" content=\"article\" \/>\n<meta property=\"og:title\" content=\"Nelson&#039;s Jacket (4 LPs) - Umlaut records\" \/>\n<meta property=\"og:description\" content=\"Con\u00e7u comme un portrait de cinq arrangeurs\/compositeurs en 4 vinyls 10\u201d, ce coffret pr\u00e9sente des chef-d\u2019oeuvres du Swing des ann\u00e9es 30 interpr\u00e9t\u00e9s par&hellip;\" \/>\n<meta property=\"og:url\" content=\"https:\/\/www.umlautrecords.com\/fr\/produit\/nelsons-jacket-umlaut-big-band\/\" \/>\n<meta property=\"og:site_name\" content=\"Umlaut records\" \/>\n<meta property=\"article:publisher\" content=\"https:\/\/www.facebook.com\/umlautrecords\" \/>\n<meta property=\"article:modified_time\" content=\"2025-07-24T10:12:26+00:00\" \/>\n<meta property=\"og:image\" content=\"https:\/\/www.umlautrecords.com\/wp-content\/uploads\/2013\/10\/umlaut-nelsons-jacket-umlaut-big-band-nelsonjacket.jpg\" \/>\n\t<meta property=\"og:image:width\" content=\"503\" \/>\n\t<meta property=\"og:image:height\" content=\"504\" \/>\n\t<meta property=\"og:image:type\" content=\"image\/jpeg\" \/>\n<meta name=\"twitter:card\" content=\"summary_large_image\" \/>\n<script type=\"application\/ld+json\" class=\"yoast-schema-graph\">{\"@context\":\"https:\/\/schema.org\",\"@graph\":[{\"@type\":\"WebPage\",\"@id\":\"https:\/\/www.umlautrecords.com\/fr\/produit\/nelsons-jacket-umlaut-big-band\/\",\"url\":\"https:\/\/www.umlautrecords.com\/fr\/produit\/nelsons-jacket-umlaut-big-band\/\",\"name\":\"Nelson's Jacket (4 LPs) - Umlaut records\",\"isPartOf\":{\"@id\":\"https:\/\/www.umlautrecords.com\/fr\/#website\"},\"primaryImageOfPage\":{\"@id\":\"https:\/\/www.umlautrecords.com\/fr\/produit\/nelsons-jacket-umlaut-big-band\/#primaryimage\"},\"image\":{\"@id\":\"https:\/\/www.umlautrecords.com\/fr\/produit\/nelsons-jacket-umlaut-big-band\/#primaryimage\"},\"thumbnailUrl\":\"https:\/\/www.umlautrecords.com\/wp-content\/uploads\/2013\/10\/umlaut-nelsons-jacket-umlaut-big-band-nelsonjacket.jpg\",\"datePublished\":\"2013-10-01T12:32:56+00:00\",\"dateModified\":\"2025-07-24T10:12:26+00:00\",\"breadcrumb\":{\"@id\":\"https:\/\/www.umlautrecords.com\/fr\/produit\/nelsons-jacket-umlaut-big-band\/#breadcrumb\"},\"inLanguage\":\"fr-FR\",\"potentialAction\":[{\"@type\":\"ReadAction\",\"target\":[\"https:\/\/www.umlautrecords.com\/fr\/produit\/nelsons-jacket-umlaut-big-band\/\"]}]},{\"@type\":\"ImageObject\",\"inLanguage\":\"fr-FR\",\"@id\":\"https:\/\/www.umlautrecords.com\/fr\/produit\/nelsons-jacket-umlaut-big-band\/#primaryimage\",\"url\":\"https:\/\/www.umlautrecords.com\/wp-content\/uploads\/2013\/10\/umlaut-nelsons-jacket-umlaut-big-band-nelsonjacket.jpg\",\"contentUrl\":\"https:\/\/www.umlautrecords.com\/wp-content\/uploads\/2013\/10\/umlaut-nelsons-jacket-umlaut-big-band-nelsonjacket.jpg\",\"width\":503,\"height\":504},{\"@type\":\"BreadcrumbList\",\"@id\":\"https:\/\/www.umlautrecords.com\/fr\/produit\/nelsons-jacket-umlaut-big-band\/#breadcrumb\",\"itemListElement\":[{\"@type\":\"ListItem\",\"position\":1,\"name\":\"Accueil\",\"item\":\"https:\/\/www.umlautrecords.com\/fr\/\"},{\"@type\":\"ListItem\",\"position\":2,\"name\":\"Catalogue\",\"item\":\"https:\/\/www.umlautrecords.com\/fr\/shop\/\"},{\"@type\":\"ListItem\",\"position\":3,\"name\":\"Nelson&#8217;s Jacket (4 LPs)\"}]},{\"@type\":\"WebSite\",\"@id\":\"https:\/\/www.umlautrecords.com\/fr\/#website\",\"url\":\"https:\/\/www.umlautrecords.com\/fr\/\",\"name\":\"Umlaut records\",\"description\":\"transformation of sound\",\"publisher\":{\"@id\":\"https:\/\/www.umlautrecords.com\/fr\/#organization\"},\"potentialAction\":[{\"@type\":\"SearchAction\",\"target\":{\"@type\":\"EntryPoint\",\"urlTemplate\":\"https:\/\/www.umlautrecords.com\/fr\/?s={search_term_string}\"},\"query-input\":{\"@type\":\"PropertyValueSpecification\",\"valueRequired\":true,\"valueName\":\"search_term_string\"}}],\"inLanguage\":\"fr-FR\"},{\"@type\":\"Organization\",\"@id\":\"https:\/\/www.umlautrecords.com\/fr\/#organization\",\"name\":\"Umlaut records\",\"url\":\"https:\/\/www.umlautrecords.com\/fr\/\",\"logo\":{\"@type\":\"ImageObject\",\"inLanguage\":\"fr-FR\",\"@id\":\"https:\/\/www.umlautrecords.com\/fr\/#\/schema\/logo\/image\/\",\"url\":\"\",\"contentUrl\":\"\",\"caption\":\"Umlaut records\"},\"image\":{\"@id\":\"https:\/\/www.umlautrecords.com\/fr\/#\/schema\/logo\/image\/\"},\"sameAs\":[\"https:\/\/www.facebook.com\/umlautrecords\",\"https:\/\/www.instagram.com\/umlaut.records\/\",\"https:\/\/www.linkedin.com\/in\/umlaut-records-label-0678b7a4\/\",\"https:\/\/www.youtube.com\/user\/umsight\"]}]}<\/script>\n<!-- \/ Yoast SEO plugin. -->","yoast_head_json":{"title":"Nelson's Jacket (4 LPs) - Umlaut records","robots":{"index":"index","follow":"follow","max-snippet":"max-snippet:-1","max-image-preview":"max-image-preview:large","max-video-preview":"max-video-preview:-1"},"canonical":"https:\/\/www.umlautrecords.com\/fr\/produit\/nelsons-jacket-umlaut-big-band\/","og_locale":"fr_FR","og_type":"article","og_title":"Nelson's Jacket (4 LPs) - Umlaut records","og_description":"Con\u00e7u comme un portrait de cinq arrangeurs\/compositeurs en 4 vinyls 10\u201d, ce coffret pr\u00e9sente des chef-d\u2019oeuvres du Swing des ann\u00e9es 30 interpr\u00e9t\u00e9s par&hellip;","og_url":"https:\/\/www.umlautrecords.com\/fr\/produit\/nelsons-jacket-umlaut-big-band\/","og_site_name":"Umlaut records","article_publisher":"https:\/\/www.facebook.com\/umlautrecords","article_modified_time":"2025-07-24T10:12:26+00:00","og_image":[{"width":503,"height":504,"url":"https:\/\/www.umlautrecords.com\/wp-content\/uploads\/2013\/10\/umlaut-nelsons-jacket-umlaut-big-band-nelsonjacket.jpg","type":"image\/jpeg"}],"twitter_card":"summary_large_image","schema":{"@context":"https:\/\/schema.org","@graph":[{"@type":"WebPage","@id":"https:\/\/www.umlautrecords.com\/fr\/produit\/nelsons-jacket-umlaut-big-band\/","url":"https:\/\/www.umlautrecords.com\/fr\/produit\/nelsons-jacket-umlaut-big-band\/","name":"Nelson's Jacket (4 LPs) - Umlaut records","isPartOf":{"@id":"https:\/\/www.umlautrecords.com\/fr\/#website"},"primaryImageOfPage":{"@id":"https:\/\/www.umlautrecords.com\/fr\/produit\/nelsons-jacket-umlaut-big-band\/#primaryimage"},"image":{"@id":"https:\/\/www.umlautrecords.com\/fr\/produit\/nelsons-jacket-umlaut-big-band\/#primaryimage"},"thumbnailUrl":"https:\/\/www.umlautrecords.com\/wp-content\/uploads\/2013\/10\/umlaut-nelsons-jacket-umlaut-big-band-nelsonjacket.jpg","datePublished":"2013-10-01T12:32:56+00:00","dateModified":"2025-07-24T10:12:26+00:00","breadcrumb":{"@id":"https:\/\/www.umlautrecords.com\/fr\/produit\/nelsons-jacket-umlaut-big-band\/#breadcrumb"},"inLanguage":"fr-FR","potentialAction":[{"@type":"ReadAction","target":["https:\/\/www.umlautrecords.com\/fr\/produit\/nelsons-jacket-umlaut-big-band\/"]}]},{"@type":"ImageObject","inLanguage":"fr-FR","@id":"https:\/\/www.umlautrecords.com\/fr\/produit\/nelsons-jacket-umlaut-big-band\/#primaryimage","url":"https:\/\/www.umlautrecords.com\/wp-content\/uploads\/2013\/10\/umlaut-nelsons-jacket-umlaut-big-band-nelsonjacket.jpg","contentUrl":"https:\/\/www.umlautrecords.com\/wp-content\/uploads\/2013\/10\/umlaut-nelsons-jacket-umlaut-big-band-nelsonjacket.jpg","width":503,"height":504},{"@type":"BreadcrumbList","@id":"https:\/\/www.umlautrecords.com\/fr\/produit\/nelsons-jacket-umlaut-big-band\/#breadcrumb","itemListElement":[{"@type":"ListItem","position":1,"name":"Accueil","item":"https:\/\/www.umlautrecords.com\/fr\/"},{"@type":"ListItem","position":2,"name":"Catalogue","item":"https:\/\/www.umlautrecords.com\/fr\/shop\/"},{"@type":"ListItem","position":3,"name":"Nelson&#8217;s Jacket (4 LPs)"}]},{"@type":"WebSite","@id":"https:\/\/www.umlautrecords.com\/fr\/#website","url":"https:\/\/www.umlautrecords.com\/fr\/","name":"Umlaut records","description":"transformation of sound","publisher":{"@id":"https:\/\/www.umlautrecords.com\/fr\/#organization"},"potentialAction":[{"@type":"SearchAction","target":{"@type":"EntryPoint","urlTemplate":"https:\/\/www.umlautrecords.com\/fr\/?s={search_term_string}"},"query-input":{"@type":"PropertyValueSpecification","valueRequired":true,"valueName":"search_term_string"}}],"inLanguage":"fr-FR"},{"@type":"Organization","@id":"https:\/\/www.umlautrecords.com\/fr\/#organization","name":"Umlaut records","url":"https:\/\/www.umlautrecords.com\/fr\/","logo":{"@type":"ImageObject","inLanguage":"fr-FR","@id":"https:\/\/www.umlautrecords.com\/fr\/#\/schema\/logo\/image\/","url":"","contentUrl":"","caption":"Umlaut records"},"image":{"@id":"https:\/\/www.umlautrecords.com\/fr\/#\/schema\/logo\/image\/"},"sameAs":["https:\/\/www.facebook.com\/umlautrecords","https:\/\/www.instagram.com\/umlaut.records\/","https:\/\/www.linkedin.com\/in\/umlaut-records-label-0678b7a4\/","https:\/\/www.youtube.com\/user\/umsight"]}]}},"_links":{"self":[{"href":"https:\/\/www.umlautrecords.com\/fr\/wp-json\/wp\/v2\/product\/615","targetHints":{"allow":["GET"]}}],"collection":[{"href":"https:\/\/www.umlautrecords.com\/fr\/wp-json\/wp\/v2\/product"}],"about":[{"href":"https:\/\/www.umlautrecords.com\/fr\/wp-json\/wp\/v2\/types\/product"}],"wp:featuredmedia":[{"embeddable":true,"href":"https:\/\/www.umlautrecords.com\/fr\/wp-json\/wp\/v2\/media\/1179"}],"wp:attachment":[{"href":"https:\/\/www.umlautrecords.com\/fr\/wp-json\/wp\/v2\/media?parent=615"}],"wp:term":[{"taxonomy":"product_brand","embeddable":true,"href":"https:\/\/www.umlautrecords.com\/fr\/wp-json\/wp\/v2\/product_brand?post=615"},{"taxonomy":"product_cat","embeddable":true,"href":"https:\/\/www.umlautrecords.com\/fr\/wp-json\/wp\/v2\/product_cat?post=615"},{"taxonomy":"product_tag","embeddable":true,"href":"https:\/\/www.umlautrecords.com\/fr\/wp-json\/wp\/v2\/product_tag?post=615"}],"curies":[{"name":"wp","href":"https:\/\/api.w.org\/{rel}","templated":true}]}}