{"id":612,"date":"2012-09-26T14:29:24","date_gmt":"2012-09-26T12:29:24","guid":{"rendered":"http:\/\/116.203.103.232\/umlaut\/?post_type=product&#038;p=612"},"modified":"2023-10-23T12:32:23","modified_gmt":"2023-10-23T10:32:23","slug":"linge-michel-doneda-joris-ruhl","status":"publish","type":"product","link":"https:\/\/www.umlautrecords.com\/fr\/produit\/linge-michel-doneda-joris-ruhl\/","title":{"rendered":"Linge (CD)"},"content":{"rendered":"<p>Version num\u00e9rique disponible sur <a href=\"https:\/\/umlautrecords.bandcamp.com\/album\/linge\">Bandcamp<\/a>.<\/p>\n<p><span style=\"font-weight: 400;\">Le Linge est l&rsquo;ancienne ferme de mes grands-parents, dans les Vosges. C&rsquo;est l\u00e0, dans le grenier \u00e0 foin dentel\u00e9 de nids de gu\u00eape abandonn\u00e9s, plein de vieille paille, de rumeurs et de souvenirs, dans une atmosph\u00e8re \u00e9paisse de chaleur et de poussi\u00e8re que nous avons jou\u00e9 pendant trois jours.<br \/>\n<\/span><span style=\"font-weight: 400;\">Sans \u00e9laborer de concept, sans pr\u00e9m\u00e9ditation ni regrets, nous nous sommes concentr\u00e9s sur l&rsquo;instant qui passait, et puis sur le suivant.<\/span><\/p>\n<p><span style=\"font-weight: 400;\">La grosse charpente a craqu\u00e9 avec \u00e9l\u00e9gance quand une bourrasque l&rsquo;a sollicit\u00e9e, et les cloches de l&rsquo;\u00e9glise ont bien voulu apporter la juste faute de go\u00fbt pour conclure l&rsquo;enregistrement. Nous avons mang\u00e9 du munster et regard\u00e9 les \u00e9toiles.<\/span><\/p>\n","protected":false},"excerpt":{"rendered":"<p>Version num\u00e9rique disponible sur Bandcamp. Le Linge est l&rsquo;ancienne ferme de mes grands-parents, dans les Vosges. C&rsquo;est l\u00e0, dans le grenier \u00e0 foin&hellip;<\/p>\n","protected":false},"featured_media":614,"template":"","meta":{"_acf_changed":false},"product_brand":[],"product_cat":[29],"product_tag":[],"class_list":{"0":"post-612","1":"product","2":"type-product","3":"status-publish","4":"has-post-thumbnail","6":"product_cat-album","7":"product_shipping_class-cd","9":"first","10":"outofstock","11":"taxable","12":"shipping-taxable","13":"purchasable","14":"product-type-simple"},"acf":[],"yoast_head":"<!-- This site is optimized with the Yoast SEO plugin v27.0 - https:\/\/yoast.com\/product\/yoast-seo-wordpress\/ -->\n<title>Linge (CD) - Umlaut records<\/title>\n<meta name=\"robots\" content=\"index, follow, max-snippet:-1, max-image-preview:large, max-video-preview:-1\" \/>\n<link rel=\"canonical\" href=\"https:\/\/www.umlautrecords.com\/fr\/produit\/linge-michel-doneda-joris-ruhl\/\" \/>\n<meta property=\"og:locale\" content=\"fr_FR\" \/>\n<meta property=\"og:type\" content=\"article\" \/>\n<meta property=\"og:title\" content=\"Linge (CD) - Umlaut records\" \/>\n<meta property=\"og:description\" content=\"Version num\u00e9rique disponible sur Bandcamp. Le Linge est l&rsquo;ancienne ferme de mes grands-parents, dans les Vosges. C&rsquo;est l\u00e0, dans le grenier \u00e0 foin&hellip;\" \/>\n<meta property=\"og:url\" content=\"https:\/\/www.umlautrecords.com\/fr\/produit\/linge-michel-doneda-joris-ruhl\/\" \/>\n<meta property=\"og:site_name\" content=\"Umlaut records\" \/>\n<meta property=\"article:publisher\" content=\"https:\/\/www.facebook.com\/umlautrecords\" \/>\n<meta property=\"article:modified_time\" content=\"2023-10-23T10:32:23+00:00\" \/>\n<meta property=\"og:image\" content=\"https:\/\/www.umlautrecords.com\/wp-content\/uploads\/2020\/06\/linge.jpg\" \/>\n\t<meta property=\"og:image:width\" content=\"1112\" \/>\n\t<meta property=\"og:image:height\" content=\"1008\" \/>\n\t<meta property=\"og:image:type\" content=\"image\/jpeg\" \/>\n<meta name=\"twitter:card\" content=\"summary_large_image\" \/>\n<meta name=\"twitter:label1\" content=\"Dur\u00e9e de lecture estim\u00e9e\" \/>\n\t<meta name=\"twitter:data1\" content=\"1 minute\" \/>\n<script type=\"application\/ld+json\" class=\"yoast-schema-graph\">{\"@context\":\"https:\/\/schema.org\",\"@graph\":[{\"@type\":\"WebPage\",\"@id\":\"https:\/\/www.umlautrecords.com\/fr\/produit\/linge-michel-doneda-joris-ruhl\/\",\"url\":\"https:\/\/www.umlautrecords.com\/fr\/produit\/linge-michel-doneda-joris-ruhl\/\",\"name\":\"Linge (CD) - Umlaut records\",\"isPartOf\":{\"@id\":\"https:\/\/www.umlautrecords.com\/fr\/#website\"},\"primaryImageOfPage\":{\"@id\":\"https:\/\/www.umlautrecords.com\/fr\/produit\/linge-michel-doneda-joris-ruhl\/#primaryimage\"},\"image\":{\"@id\":\"https:\/\/www.umlautrecords.com\/fr\/produit\/linge-michel-doneda-joris-ruhl\/#primaryimage\"},\"thumbnailUrl\":\"https:\/\/www.umlautrecords.com\/wp-content\/uploads\/2020\/06\/linge.jpg\",\"datePublished\":\"2012-09-26T12:29:24+00:00\",\"dateModified\":\"2023-10-23T10:32:23+00:00\",\"breadcrumb\":{\"@id\":\"https:\/\/www.umlautrecords.com\/fr\/produit\/linge-michel-doneda-joris-ruhl\/#breadcrumb\"},\"inLanguage\":\"fr-FR\",\"potentialAction\":[{\"@type\":\"ReadAction\",\"target\":[\"https:\/\/www.umlautrecords.com\/fr\/produit\/linge-michel-doneda-joris-ruhl\/\"]}]},{\"@type\":\"ImageObject\",\"inLanguage\":\"fr-FR\",\"@id\":\"https:\/\/www.umlautrecords.com\/fr\/produit\/linge-michel-doneda-joris-ruhl\/#primaryimage\",\"url\":\"https:\/\/www.umlautrecords.com\/wp-content\/uploads\/2020\/06\/linge.jpg\",\"contentUrl\":\"https:\/\/www.umlautrecords.com\/wp-content\/uploads\/2020\/06\/linge.jpg\",\"width\":1112,\"height\":1008},{\"@type\":\"BreadcrumbList\",\"@id\":\"https:\/\/www.umlautrecords.com\/fr\/produit\/linge-michel-doneda-joris-ruhl\/#breadcrumb\",\"itemListElement\":[{\"@type\":\"ListItem\",\"position\":1,\"name\":\"Accueil\",\"item\":\"https:\/\/www.umlautrecords.com\/fr\/\"},{\"@type\":\"ListItem\",\"position\":2,\"name\":\"Catalogue\",\"item\":\"https:\/\/www.umlautrecords.com\/fr\/shop\/\"},{\"@type\":\"ListItem\",\"position\":3,\"name\":\"Linge (CD)\"}]},{\"@type\":\"WebSite\",\"@id\":\"https:\/\/www.umlautrecords.com\/fr\/#website\",\"url\":\"https:\/\/www.umlautrecords.com\/fr\/\",\"name\":\"Umlaut records\",\"description\":\"transformation of sound\",\"publisher\":{\"@id\":\"https:\/\/www.umlautrecords.com\/fr\/#organization\"},\"potentialAction\":[{\"@type\":\"SearchAction\",\"target\":{\"@type\":\"EntryPoint\",\"urlTemplate\":\"https:\/\/www.umlautrecords.com\/fr\/?s={search_term_string}\"},\"query-input\":{\"@type\":\"PropertyValueSpecification\",\"valueRequired\":true,\"valueName\":\"search_term_string\"}}],\"inLanguage\":\"fr-FR\"},{\"@type\":\"Organization\",\"@id\":\"https:\/\/www.umlautrecords.com\/fr\/#organization\",\"name\":\"Umlaut records\",\"url\":\"https:\/\/www.umlautrecords.com\/fr\/\",\"logo\":{\"@type\":\"ImageObject\",\"inLanguage\":\"fr-FR\",\"@id\":\"https:\/\/www.umlautrecords.com\/fr\/#\/schema\/logo\/image\/\",\"url\":\"\",\"contentUrl\":\"\",\"caption\":\"Umlaut records\"},\"image\":{\"@id\":\"https:\/\/www.umlautrecords.com\/fr\/#\/schema\/logo\/image\/\"},\"sameAs\":[\"https:\/\/www.facebook.com\/umlautrecords\",\"https:\/\/www.instagram.com\/umlaut.records\/\",\"https:\/\/www.linkedin.com\/in\/umlaut-records-label-0678b7a4\/\",\"https:\/\/www.youtube.com\/user\/umsight\"]}]}<\/script>\n<!-- \/ Yoast SEO plugin. -->","yoast_head_json":{"title":"Linge (CD) - Umlaut records","robots":{"index":"index","follow":"follow","max-snippet":"max-snippet:-1","max-image-preview":"max-image-preview:large","max-video-preview":"max-video-preview:-1"},"canonical":"https:\/\/www.umlautrecords.com\/fr\/produit\/linge-michel-doneda-joris-ruhl\/","og_locale":"fr_FR","og_type":"article","og_title":"Linge (CD) - Umlaut records","og_description":"Version num\u00e9rique disponible sur Bandcamp. Le Linge est l&rsquo;ancienne ferme de mes grands-parents, dans les Vosges. C&rsquo;est l\u00e0, dans le grenier \u00e0 foin&hellip;","og_url":"https:\/\/www.umlautrecords.com\/fr\/produit\/linge-michel-doneda-joris-ruhl\/","og_site_name":"Umlaut records","article_publisher":"https:\/\/www.facebook.com\/umlautrecords","article_modified_time":"2023-10-23T10:32:23+00:00","og_image":[{"width":1112,"height":1008,"url":"https:\/\/www.umlautrecords.com\/wp-content\/uploads\/2020\/06\/linge.jpg","type":"image\/jpeg"}],"twitter_card":"summary_large_image","twitter_misc":{"Dur\u00e9e de lecture estim\u00e9e":"1 minute"},"schema":{"@context":"https:\/\/schema.org","@graph":[{"@type":"WebPage","@id":"https:\/\/www.umlautrecords.com\/fr\/produit\/linge-michel-doneda-joris-ruhl\/","url":"https:\/\/www.umlautrecords.com\/fr\/produit\/linge-michel-doneda-joris-ruhl\/","name":"Linge (CD) - Umlaut records","isPartOf":{"@id":"https:\/\/www.umlautrecords.com\/fr\/#website"},"primaryImageOfPage":{"@id":"https:\/\/www.umlautrecords.com\/fr\/produit\/linge-michel-doneda-joris-ruhl\/#primaryimage"},"image":{"@id":"https:\/\/www.umlautrecords.com\/fr\/produit\/linge-michel-doneda-joris-ruhl\/#primaryimage"},"thumbnailUrl":"https:\/\/www.umlautrecords.com\/wp-content\/uploads\/2020\/06\/linge.jpg","datePublished":"2012-09-26T12:29:24+00:00","dateModified":"2023-10-23T10:32:23+00:00","breadcrumb":{"@id":"https:\/\/www.umlautrecords.com\/fr\/produit\/linge-michel-doneda-joris-ruhl\/#breadcrumb"},"inLanguage":"fr-FR","potentialAction":[{"@type":"ReadAction","target":["https:\/\/www.umlautrecords.com\/fr\/produit\/linge-michel-doneda-joris-ruhl\/"]}]},{"@type":"ImageObject","inLanguage":"fr-FR","@id":"https:\/\/www.umlautrecords.com\/fr\/produit\/linge-michel-doneda-joris-ruhl\/#primaryimage","url":"https:\/\/www.umlautrecords.com\/wp-content\/uploads\/2020\/06\/linge.jpg","contentUrl":"https:\/\/www.umlautrecords.com\/wp-content\/uploads\/2020\/06\/linge.jpg","width":1112,"height":1008},{"@type":"BreadcrumbList","@id":"https:\/\/www.umlautrecords.com\/fr\/produit\/linge-michel-doneda-joris-ruhl\/#breadcrumb","itemListElement":[{"@type":"ListItem","position":1,"name":"Accueil","item":"https:\/\/www.umlautrecords.com\/fr\/"},{"@type":"ListItem","position":2,"name":"Catalogue","item":"https:\/\/www.umlautrecords.com\/fr\/shop\/"},{"@type":"ListItem","position":3,"name":"Linge (CD)"}]},{"@type":"WebSite","@id":"https:\/\/www.umlautrecords.com\/fr\/#website","url":"https:\/\/www.umlautrecords.com\/fr\/","name":"Umlaut records","description":"transformation of sound","publisher":{"@id":"https:\/\/www.umlautrecords.com\/fr\/#organization"},"potentialAction":[{"@type":"SearchAction","target":{"@type":"EntryPoint","urlTemplate":"https:\/\/www.umlautrecords.com\/fr\/?s={search_term_string}"},"query-input":{"@type":"PropertyValueSpecification","valueRequired":true,"valueName":"search_term_string"}}],"inLanguage":"fr-FR"},{"@type":"Organization","@id":"https:\/\/www.umlautrecords.com\/fr\/#organization","name":"Umlaut records","url":"https:\/\/www.umlautrecords.com\/fr\/","logo":{"@type":"ImageObject","inLanguage":"fr-FR","@id":"https:\/\/www.umlautrecords.com\/fr\/#\/schema\/logo\/image\/","url":"","contentUrl":"","caption":"Umlaut records"},"image":{"@id":"https:\/\/www.umlautrecords.com\/fr\/#\/schema\/logo\/image\/"},"sameAs":["https:\/\/www.facebook.com\/umlautrecords","https:\/\/www.instagram.com\/umlaut.records\/","https:\/\/www.linkedin.com\/in\/umlaut-records-label-0678b7a4\/","https:\/\/www.youtube.com\/user\/umsight"]}]}},"_links":{"self":[{"href":"https:\/\/www.umlautrecords.com\/fr\/wp-json\/wp\/v2\/product\/612","targetHints":{"allow":["GET"]}}],"collection":[{"href":"https:\/\/www.umlautrecords.com\/fr\/wp-json\/wp\/v2\/product"}],"about":[{"href":"https:\/\/www.umlautrecords.com\/fr\/wp-json\/wp\/v2\/types\/product"}],"wp:featuredmedia":[{"embeddable":true,"href":"https:\/\/www.umlautrecords.com\/fr\/wp-json\/wp\/v2\/media\/614"}],"wp:attachment":[{"href":"https:\/\/www.umlautrecords.com\/fr\/wp-json\/wp\/v2\/media?parent=612"}],"wp:term":[{"taxonomy":"product_brand","embeddable":true,"href":"https:\/\/www.umlautrecords.com\/fr\/wp-json\/wp\/v2\/product_brand?post=612"},{"taxonomy":"product_cat","embeddable":true,"href":"https:\/\/www.umlautrecords.com\/fr\/wp-json\/wp\/v2\/product_cat?post=612"},{"taxonomy":"product_tag","embeddable":true,"href":"https:\/\/www.umlautrecords.com\/fr\/wp-json\/wp\/v2\/product_tag?post=612"}],"curies":[{"name":"wp","href":"https:\/\/api.w.org\/{rel}","templated":true}]}}