{"id":610,"date":"2012-02-28T12:31:53","date_gmt":"2012-02-28T11:31:53","guid":{"rendered":"http:\/\/116.203.103.232\/umlaut\/?post_type=product&#038;p=610"},"modified":"2023-12-26T13:02:33","modified_gmt":"2023-12-26T12:02:33","slug":"fenetre-ovale-1er-volet-fenetre-ovale","status":"publish","type":"product","link":"https:\/\/www.umlautrecords.com\/fr\/produit\/fenetre-ovale-1er-volet-fenetre-ovale\/","title":{"rendered":"Fen\u00eatre Ovale (CD)"},"content":{"rendered":"<p>Version num\u00e9rique disponible sur <a href=\"https:\/\/umlautrecords.bandcamp.com\/album\/fen-tre-ovale\">Bandcamp<\/a>.<\/p>\n<p><span style=\"font-weight: 400;\">Karl Naegelen et le duo Risser-R\u00fchl partagent un int\u00e9r\u00eat commun pour la recherche de nouveaux sons et illusions sonores.<\/span><\/p>\n<p><span style=\"font-weight: 400;\">Cr\u00e9er une confusion des sources, sugg\u00e9rer des espaces acoustiques vari\u00e9s, \u00e9voquer le son d\u2019une machine \u00e0 coudre ou d\u2019une bande d\u2019arr\u00eat d\u2019urgence, transformer un son de frottement en souffle et un souffle en grincement, c\u2019est ce genre d\u2019envie irr\u00e9pressible qui a stimul\u00e9 leur recherche collective.<\/span><\/p>\n<p>Le piano \u00e0 queue a d\u00fb devenir un instrument \u00e0 vent et la clarinette un instrument \u00e0 eau ; la pianiste a d\u00fb jouer des percussions sur une fl\u00fbte et le clarinettiste a d\u00fb jouer de la fl\u00fbte de pan avec une orgue \u00e0 bouche laotian ; on a d\u00fb teste des bols aux diam\u00e8tres vari\u00e9s et des carr\u00e9s de velours de diff\u00e9rentes \u00e9paisseurs, favoriser des batteries \u00e0 moiti\u00e9 vides pour le vibro, d\u00e9rouler une bobine de cuivre d\u2019un moteur \u00e9lectrique pour obtenir un cable \u00e0 l\u2019\u00e9paisseur ad\u00e9quate. D\u2019inventions en d\u00e9couvertes, de surprises en d\u00e9sillusions, ce projet est aussi li\u00e9 \u00e0 l\u2019absurde, excitante et alchimique qu\u00eate de nouvelles tonalit\u00e9s.<\/p>\n","protected":false},"excerpt":{"rendered":"<p>Version num\u00e9rique disponible sur Bandcamp. Karl Naegelen et le duo Risser-R\u00fchl partagent un int\u00e9r\u00eat commun pour la recherche de nouveaux sons et illusions&hellip;<\/p>\n","protected":false},"featured_media":611,"template":"","meta":{"_acf_changed":false},"product_brand":[],"product_cat":[29],"product_tag":[],"class_list":{"0":"post-610","1":"product","2":"type-product","3":"status-publish","4":"has-post-thumbnail","6":"product_cat-album","7":"product_shipping_class-cd","9":"first","10":"instock","11":"taxable","12":"shipping-taxable","13":"purchasable","14":"product-type-simple"},"acf":[],"yoast_head":"<!-- This site is optimized with the Yoast SEO plugin v27.0 - https:\/\/yoast.com\/product\/yoast-seo-wordpress\/ -->\n<title>Fen\u00eatre Ovale (CD) - Umlaut records<\/title>\n<meta name=\"robots\" content=\"index, follow, max-snippet:-1, max-image-preview:large, max-video-preview:-1\" \/>\n<link rel=\"canonical\" href=\"https:\/\/www.umlautrecords.com\/fr\/produit\/fenetre-ovale-1er-volet-fenetre-ovale\/\" \/>\n<meta property=\"og:locale\" content=\"fr_FR\" \/>\n<meta property=\"og:type\" content=\"article\" \/>\n<meta property=\"og:title\" content=\"Fen\u00eatre Ovale (CD) - Umlaut records\" \/>\n<meta property=\"og:description\" content=\"Version num\u00e9rique disponible sur Bandcamp. Karl Naegelen et le duo Risser-R\u00fchl partagent un int\u00e9r\u00eat commun pour la recherche de nouveaux sons et illusions&hellip;\" \/>\n<meta property=\"og:url\" content=\"https:\/\/www.umlautrecords.com\/fr\/produit\/fenetre-ovale-1er-volet-fenetre-ovale\/\" \/>\n<meta property=\"og:site_name\" content=\"Umlaut records\" \/>\n<meta property=\"article:publisher\" content=\"https:\/\/www.facebook.com\/umlautrecords\" \/>\n<meta property=\"article:modified_time\" content=\"2023-12-26T12:02:33+00:00\" \/>\n<meta property=\"og:image\" content=\"https:\/\/www.umlautrecords.com\/wp-content\/uploads\/2020\/06\/Fenetre-Ovale-1er-volet-1.jpg\" \/>\n\t<meta property=\"og:image:width\" content=\"1707\" \/>\n\t<meta property=\"og:image:height\" content=\"1518\" \/>\n\t<meta property=\"og:image:type\" content=\"image\/jpeg\" \/>\n<meta name=\"twitter:card\" content=\"summary_large_image\" \/>\n<meta name=\"twitter:label1\" content=\"Dur\u00e9e de lecture estim\u00e9e\" \/>\n\t<meta name=\"twitter:data1\" content=\"1 minute\" \/>\n<script type=\"application\/ld+json\" class=\"yoast-schema-graph\">{\"@context\":\"https:\/\/schema.org\",\"@graph\":[{\"@type\":\"WebPage\",\"@id\":\"https:\/\/www.umlautrecords.com\/fr\/produit\/fenetre-ovale-1er-volet-fenetre-ovale\/\",\"url\":\"https:\/\/www.umlautrecords.com\/fr\/produit\/fenetre-ovale-1er-volet-fenetre-ovale\/\",\"name\":\"Fen\u00eatre Ovale (CD) - Umlaut records\",\"isPartOf\":{\"@id\":\"https:\/\/www.umlautrecords.com\/fr\/#website\"},\"primaryImageOfPage\":{\"@id\":\"https:\/\/www.umlautrecords.com\/fr\/produit\/fenetre-ovale-1er-volet-fenetre-ovale\/#primaryimage\"},\"image\":{\"@id\":\"https:\/\/www.umlautrecords.com\/fr\/produit\/fenetre-ovale-1er-volet-fenetre-ovale\/#primaryimage\"},\"thumbnailUrl\":\"https:\/\/www.umlautrecords.com\/wp-content\/uploads\/2020\/06\/Fenetre-Ovale-1er-volet-1.jpg\",\"datePublished\":\"2012-02-28T11:31:53+00:00\",\"dateModified\":\"2023-12-26T12:02:33+00:00\",\"breadcrumb\":{\"@id\":\"https:\/\/www.umlautrecords.com\/fr\/produit\/fenetre-ovale-1er-volet-fenetre-ovale\/#breadcrumb\"},\"inLanguage\":\"fr-FR\",\"potentialAction\":[{\"@type\":\"ReadAction\",\"target\":[\"https:\/\/www.umlautrecords.com\/fr\/produit\/fenetre-ovale-1er-volet-fenetre-ovale\/\"]}]},{\"@type\":\"ImageObject\",\"inLanguage\":\"fr-FR\",\"@id\":\"https:\/\/www.umlautrecords.com\/fr\/produit\/fenetre-ovale-1er-volet-fenetre-ovale\/#primaryimage\",\"url\":\"https:\/\/www.umlautrecords.com\/wp-content\/uploads\/2020\/06\/Fenetre-Ovale-1er-volet-1.jpg\",\"contentUrl\":\"https:\/\/www.umlautrecords.com\/wp-content\/uploads\/2020\/06\/Fenetre-Ovale-1er-volet-1.jpg\",\"width\":1707,\"height\":1518},{\"@type\":\"BreadcrumbList\",\"@id\":\"https:\/\/www.umlautrecords.com\/fr\/produit\/fenetre-ovale-1er-volet-fenetre-ovale\/#breadcrumb\",\"itemListElement\":[{\"@type\":\"ListItem\",\"position\":1,\"name\":\"Accueil\",\"item\":\"https:\/\/www.umlautrecords.com\/fr\/\"},{\"@type\":\"ListItem\",\"position\":2,\"name\":\"Catalogue\",\"item\":\"https:\/\/www.umlautrecords.com\/fr\/shop\/\"},{\"@type\":\"ListItem\",\"position\":3,\"name\":\"Fen\u00eatre Ovale (CD)\"}]},{\"@type\":\"WebSite\",\"@id\":\"https:\/\/www.umlautrecords.com\/fr\/#website\",\"url\":\"https:\/\/www.umlautrecords.com\/fr\/\",\"name\":\"Umlaut records\",\"description\":\"transformation of sound\",\"publisher\":{\"@id\":\"https:\/\/www.umlautrecords.com\/fr\/#organization\"},\"potentialAction\":[{\"@type\":\"SearchAction\",\"target\":{\"@type\":\"EntryPoint\",\"urlTemplate\":\"https:\/\/www.umlautrecords.com\/fr\/?s={search_term_string}\"},\"query-input\":{\"@type\":\"PropertyValueSpecification\",\"valueRequired\":true,\"valueName\":\"search_term_string\"}}],\"inLanguage\":\"fr-FR\"},{\"@type\":\"Organization\",\"@id\":\"https:\/\/www.umlautrecords.com\/fr\/#organization\",\"name\":\"Umlaut records\",\"url\":\"https:\/\/www.umlautrecords.com\/fr\/\",\"logo\":{\"@type\":\"ImageObject\",\"inLanguage\":\"fr-FR\",\"@id\":\"https:\/\/www.umlautrecords.com\/fr\/#\/schema\/logo\/image\/\",\"url\":\"\",\"contentUrl\":\"\",\"caption\":\"Umlaut records\"},\"image\":{\"@id\":\"https:\/\/www.umlautrecords.com\/fr\/#\/schema\/logo\/image\/\"},\"sameAs\":[\"https:\/\/www.facebook.com\/umlautrecords\",\"https:\/\/www.instagram.com\/umlaut.records\/\",\"https:\/\/www.linkedin.com\/in\/umlaut-records-label-0678b7a4\/\",\"https:\/\/www.youtube.com\/user\/umsight\"]}]}<\/script>\n<!-- \/ Yoast SEO plugin. -->","yoast_head_json":{"title":"Fen\u00eatre Ovale (CD) - Umlaut records","robots":{"index":"index","follow":"follow","max-snippet":"max-snippet:-1","max-image-preview":"max-image-preview:large","max-video-preview":"max-video-preview:-1"},"canonical":"https:\/\/www.umlautrecords.com\/fr\/produit\/fenetre-ovale-1er-volet-fenetre-ovale\/","og_locale":"fr_FR","og_type":"article","og_title":"Fen\u00eatre Ovale (CD) - Umlaut records","og_description":"Version num\u00e9rique disponible sur Bandcamp. Karl Naegelen et le duo Risser-R\u00fchl partagent un int\u00e9r\u00eat commun pour la recherche de nouveaux sons et illusions&hellip;","og_url":"https:\/\/www.umlautrecords.com\/fr\/produit\/fenetre-ovale-1er-volet-fenetre-ovale\/","og_site_name":"Umlaut records","article_publisher":"https:\/\/www.facebook.com\/umlautrecords","article_modified_time":"2023-12-26T12:02:33+00:00","og_image":[{"width":1707,"height":1518,"url":"https:\/\/www.umlautrecords.com\/wp-content\/uploads\/2020\/06\/Fenetre-Ovale-1er-volet-1.jpg","type":"image\/jpeg"}],"twitter_card":"summary_large_image","twitter_misc":{"Dur\u00e9e de lecture estim\u00e9e":"1 minute"},"schema":{"@context":"https:\/\/schema.org","@graph":[{"@type":"WebPage","@id":"https:\/\/www.umlautrecords.com\/fr\/produit\/fenetre-ovale-1er-volet-fenetre-ovale\/","url":"https:\/\/www.umlautrecords.com\/fr\/produit\/fenetre-ovale-1er-volet-fenetre-ovale\/","name":"Fen\u00eatre Ovale (CD) - Umlaut records","isPartOf":{"@id":"https:\/\/www.umlautrecords.com\/fr\/#website"},"primaryImageOfPage":{"@id":"https:\/\/www.umlautrecords.com\/fr\/produit\/fenetre-ovale-1er-volet-fenetre-ovale\/#primaryimage"},"image":{"@id":"https:\/\/www.umlautrecords.com\/fr\/produit\/fenetre-ovale-1er-volet-fenetre-ovale\/#primaryimage"},"thumbnailUrl":"https:\/\/www.umlautrecords.com\/wp-content\/uploads\/2020\/06\/Fenetre-Ovale-1er-volet-1.jpg","datePublished":"2012-02-28T11:31:53+00:00","dateModified":"2023-12-26T12:02:33+00:00","breadcrumb":{"@id":"https:\/\/www.umlautrecords.com\/fr\/produit\/fenetre-ovale-1er-volet-fenetre-ovale\/#breadcrumb"},"inLanguage":"fr-FR","potentialAction":[{"@type":"ReadAction","target":["https:\/\/www.umlautrecords.com\/fr\/produit\/fenetre-ovale-1er-volet-fenetre-ovale\/"]}]},{"@type":"ImageObject","inLanguage":"fr-FR","@id":"https:\/\/www.umlautrecords.com\/fr\/produit\/fenetre-ovale-1er-volet-fenetre-ovale\/#primaryimage","url":"https:\/\/www.umlautrecords.com\/wp-content\/uploads\/2020\/06\/Fenetre-Ovale-1er-volet-1.jpg","contentUrl":"https:\/\/www.umlautrecords.com\/wp-content\/uploads\/2020\/06\/Fenetre-Ovale-1er-volet-1.jpg","width":1707,"height":1518},{"@type":"BreadcrumbList","@id":"https:\/\/www.umlautrecords.com\/fr\/produit\/fenetre-ovale-1er-volet-fenetre-ovale\/#breadcrumb","itemListElement":[{"@type":"ListItem","position":1,"name":"Accueil","item":"https:\/\/www.umlautrecords.com\/fr\/"},{"@type":"ListItem","position":2,"name":"Catalogue","item":"https:\/\/www.umlautrecords.com\/fr\/shop\/"},{"@type":"ListItem","position":3,"name":"Fen\u00eatre Ovale (CD)"}]},{"@type":"WebSite","@id":"https:\/\/www.umlautrecords.com\/fr\/#website","url":"https:\/\/www.umlautrecords.com\/fr\/","name":"Umlaut records","description":"transformation of sound","publisher":{"@id":"https:\/\/www.umlautrecords.com\/fr\/#organization"},"potentialAction":[{"@type":"SearchAction","target":{"@type":"EntryPoint","urlTemplate":"https:\/\/www.umlautrecords.com\/fr\/?s={search_term_string}"},"query-input":{"@type":"PropertyValueSpecification","valueRequired":true,"valueName":"search_term_string"}}],"inLanguage":"fr-FR"},{"@type":"Organization","@id":"https:\/\/www.umlautrecords.com\/fr\/#organization","name":"Umlaut records","url":"https:\/\/www.umlautrecords.com\/fr\/","logo":{"@type":"ImageObject","inLanguage":"fr-FR","@id":"https:\/\/www.umlautrecords.com\/fr\/#\/schema\/logo\/image\/","url":"","contentUrl":"","caption":"Umlaut records"},"image":{"@id":"https:\/\/www.umlautrecords.com\/fr\/#\/schema\/logo\/image\/"},"sameAs":["https:\/\/www.facebook.com\/umlautrecords","https:\/\/www.instagram.com\/umlaut.records\/","https:\/\/www.linkedin.com\/in\/umlaut-records-label-0678b7a4\/","https:\/\/www.youtube.com\/user\/umsight"]}]}},"_links":{"self":[{"href":"https:\/\/www.umlautrecords.com\/fr\/wp-json\/wp\/v2\/product\/610","targetHints":{"allow":["GET"]}}],"collection":[{"href":"https:\/\/www.umlautrecords.com\/fr\/wp-json\/wp\/v2\/product"}],"about":[{"href":"https:\/\/www.umlautrecords.com\/fr\/wp-json\/wp\/v2\/types\/product"}],"wp:featuredmedia":[{"embeddable":true,"href":"https:\/\/www.umlautrecords.com\/fr\/wp-json\/wp\/v2\/media\/611"}],"wp:attachment":[{"href":"https:\/\/www.umlautrecords.com\/fr\/wp-json\/wp\/v2\/media?parent=610"}],"wp:term":[{"taxonomy":"product_brand","embeddable":true,"href":"https:\/\/www.umlautrecords.com\/fr\/wp-json\/wp\/v2\/product_brand?post=610"},{"taxonomy":"product_cat","embeddable":true,"href":"https:\/\/www.umlautrecords.com\/fr\/wp-json\/wp\/v2\/product_cat?post=610"},{"taxonomy":"product_tag","embeddable":true,"href":"https:\/\/www.umlautrecords.com\/fr\/wp-json\/wp\/v2\/product_tag?post=610"}],"curies":[{"name":"wp","href":"https:\/\/api.w.org\/{rel}","templated":true}]}}