{"id":608,"date":"2012-02-24T12:30:10","date_gmt":"2012-02-24T11:30:10","guid":{"rendered":"http:\/\/116.203.103.232\/umlaut\/?post_type=product&#038;p=608"},"modified":"2023-10-23T12:35:48","modified_gmt":"2023-10-23T10:35:48","slug":"the-new-songs-the-new-songs","status":"publish","type":"product","link":"https:\/\/www.umlautrecords.com\/fr\/produit\/the-new-songs-the-new-songs\/","title":{"rendered":"The New Songs (CD)"},"content":{"rendered":"<p><span style=\"font-weight: 400;\">The New Songs vous invitent \u00e0 vivre une musique \u00e0 la conscience du son unique et d\u00e9licate. Avec la voix, le piano pr\u00e9par\u00e9, la guitare pr\u00e9par\u00e9, la guitare baroque, la cithare et des objets vari\u00e9s, ils cr\u00e9ent un version tr\u00e8s personnelle de comment une chanson peut se construire, se jouer et sonner tout en restant une chanson.<\/span><\/p>\n","protected":false},"excerpt":{"rendered":"<p>The New Songs vous invitent \u00e0 vivre une musique \u00e0 la conscience du son unique et d\u00e9licate. Avec la voix, le piano pr\u00e9par\u00e9,&hellip;<\/p>\n","protected":false},"featured_media":609,"template":"","meta":{"_acf_changed":false},"product_brand":[],"product_cat":[29],"product_tag":[],"class_list":{"0":"post-608","1":"product","2":"type-product","3":"status-publish","4":"has-post-thumbnail","6":"product_cat-album","7":"product_shipping_class-cd","9":"first","10":"outofstock","11":"taxable","12":"shipping-taxable","13":"purchasable","14":"product-type-simple"},"acf":[],"yoast_head":"<!-- This site is optimized with the Yoast SEO plugin v27.0 - https:\/\/yoast.com\/product\/yoast-seo-wordpress\/ -->\n<title>The New Songs (CD) - Umlaut records<\/title>\n<meta name=\"robots\" content=\"index, follow, max-snippet:-1, max-image-preview:large, max-video-preview:-1\" \/>\n<link rel=\"canonical\" href=\"https:\/\/www.umlautrecords.com\/fr\/produit\/the-new-songs-the-new-songs\/\" \/>\n<meta property=\"og:locale\" content=\"fr_FR\" \/>\n<meta property=\"og:type\" content=\"article\" \/>\n<meta property=\"og:title\" content=\"The New Songs (CD) - Umlaut records\" \/>\n<meta property=\"og:description\" content=\"The New Songs vous invitent \u00e0 vivre une musique \u00e0 la conscience du son unique et d\u00e9licate. Avec la voix, le piano pr\u00e9par\u00e9,&hellip;\" \/>\n<meta property=\"og:url\" content=\"https:\/\/www.umlautrecords.com\/fr\/produit\/the-new-songs-the-new-songs\/\" \/>\n<meta property=\"og:site_name\" content=\"Umlaut records\" \/>\n<meta property=\"article:publisher\" content=\"https:\/\/www.facebook.com\/umlautrecords\" \/>\n<meta property=\"article:modified_time\" content=\"2023-10-23T10:35:48+00:00\" \/>\n<meta property=\"og:image\" content=\"https:\/\/www.umlautrecords.com\/wp-content\/uploads\/2020\/06\/thenewsongs.jpg\" \/>\n\t<meta property=\"og:image:width\" content=\"1680\" \/>\n\t<meta property=\"og:image:height\" content=\"1680\" \/>\n\t<meta property=\"og:image:type\" content=\"image\/jpeg\" \/>\n<meta name=\"twitter:card\" content=\"summary_large_image\" \/>\n<script type=\"application\/ld+json\" class=\"yoast-schema-graph\">{\"@context\":\"https:\/\/schema.org\",\"@graph\":[{\"@type\":\"WebPage\",\"@id\":\"https:\/\/www.umlautrecords.com\/fr\/produit\/the-new-songs-the-new-songs\/\",\"url\":\"https:\/\/www.umlautrecords.com\/fr\/produit\/the-new-songs-the-new-songs\/\",\"name\":\"The New Songs (CD) - Umlaut records\",\"isPartOf\":{\"@id\":\"https:\/\/www.umlautrecords.com\/fr\/#website\"},\"primaryImageOfPage\":{\"@id\":\"https:\/\/www.umlautrecords.com\/fr\/produit\/the-new-songs-the-new-songs\/#primaryimage\"},\"image\":{\"@id\":\"https:\/\/www.umlautrecords.com\/fr\/produit\/the-new-songs-the-new-songs\/#primaryimage\"},\"thumbnailUrl\":\"https:\/\/www.umlautrecords.com\/wp-content\/uploads\/2020\/06\/thenewsongs.jpg\",\"datePublished\":\"2012-02-24T11:30:10+00:00\",\"dateModified\":\"2023-10-23T10:35:48+00:00\",\"breadcrumb\":{\"@id\":\"https:\/\/www.umlautrecords.com\/fr\/produit\/the-new-songs-the-new-songs\/#breadcrumb\"},\"inLanguage\":\"fr-FR\",\"potentialAction\":[{\"@type\":\"ReadAction\",\"target\":[\"https:\/\/www.umlautrecords.com\/fr\/produit\/the-new-songs-the-new-songs\/\"]}]},{\"@type\":\"ImageObject\",\"inLanguage\":\"fr-FR\",\"@id\":\"https:\/\/www.umlautrecords.com\/fr\/produit\/the-new-songs-the-new-songs\/#primaryimage\",\"url\":\"https:\/\/www.umlautrecords.com\/wp-content\/uploads\/2020\/06\/thenewsongs.jpg\",\"contentUrl\":\"https:\/\/www.umlautrecords.com\/wp-content\/uploads\/2020\/06\/thenewsongs.jpg\",\"width\":1680,\"height\":1680},{\"@type\":\"BreadcrumbList\",\"@id\":\"https:\/\/www.umlautrecords.com\/fr\/produit\/the-new-songs-the-new-songs\/#breadcrumb\",\"itemListElement\":[{\"@type\":\"ListItem\",\"position\":1,\"name\":\"Accueil\",\"item\":\"https:\/\/www.umlautrecords.com\/fr\/\"},{\"@type\":\"ListItem\",\"position\":2,\"name\":\"Catalogue\",\"item\":\"https:\/\/www.umlautrecords.com\/fr\/shop\/\"},{\"@type\":\"ListItem\",\"position\":3,\"name\":\"The New Songs (CD)\"}]},{\"@type\":\"WebSite\",\"@id\":\"https:\/\/www.umlautrecords.com\/fr\/#website\",\"url\":\"https:\/\/www.umlautrecords.com\/fr\/\",\"name\":\"Umlaut records\",\"description\":\"transformation of sound\",\"publisher\":{\"@id\":\"https:\/\/www.umlautrecords.com\/fr\/#organization\"},\"potentialAction\":[{\"@type\":\"SearchAction\",\"target\":{\"@type\":\"EntryPoint\",\"urlTemplate\":\"https:\/\/www.umlautrecords.com\/fr\/?s={search_term_string}\"},\"query-input\":{\"@type\":\"PropertyValueSpecification\",\"valueRequired\":true,\"valueName\":\"search_term_string\"}}],\"inLanguage\":\"fr-FR\"},{\"@type\":\"Organization\",\"@id\":\"https:\/\/www.umlautrecords.com\/fr\/#organization\",\"name\":\"Umlaut records\",\"url\":\"https:\/\/www.umlautrecords.com\/fr\/\",\"logo\":{\"@type\":\"ImageObject\",\"inLanguage\":\"fr-FR\",\"@id\":\"https:\/\/www.umlautrecords.com\/fr\/#\/schema\/logo\/image\/\",\"url\":\"\",\"contentUrl\":\"\",\"caption\":\"Umlaut records\"},\"image\":{\"@id\":\"https:\/\/www.umlautrecords.com\/fr\/#\/schema\/logo\/image\/\"},\"sameAs\":[\"https:\/\/www.facebook.com\/umlautrecords\",\"https:\/\/www.instagram.com\/umlaut.records\/\",\"https:\/\/www.linkedin.com\/in\/umlaut-records-label-0678b7a4\/\",\"https:\/\/www.youtube.com\/user\/umsight\"]}]}<\/script>\n<!-- \/ Yoast SEO plugin. -->","yoast_head_json":{"title":"The New Songs (CD) - Umlaut records","robots":{"index":"index","follow":"follow","max-snippet":"max-snippet:-1","max-image-preview":"max-image-preview:large","max-video-preview":"max-video-preview:-1"},"canonical":"https:\/\/www.umlautrecords.com\/fr\/produit\/the-new-songs-the-new-songs\/","og_locale":"fr_FR","og_type":"article","og_title":"The New Songs (CD) - Umlaut records","og_description":"The New Songs vous invitent \u00e0 vivre une musique \u00e0 la conscience du son unique et d\u00e9licate. Avec la voix, le piano pr\u00e9par\u00e9,&hellip;","og_url":"https:\/\/www.umlautrecords.com\/fr\/produit\/the-new-songs-the-new-songs\/","og_site_name":"Umlaut records","article_publisher":"https:\/\/www.facebook.com\/umlautrecords","article_modified_time":"2023-10-23T10:35:48+00:00","og_image":[{"width":1680,"height":1680,"url":"https:\/\/www.umlautrecords.com\/wp-content\/uploads\/2020\/06\/thenewsongs.jpg","type":"image\/jpeg"}],"twitter_card":"summary_large_image","schema":{"@context":"https:\/\/schema.org","@graph":[{"@type":"WebPage","@id":"https:\/\/www.umlautrecords.com\/fr\/produit\/the-new-songs-the-new-songs\/","url":"https:\/\/www.umlautrecords.com\/fr\/produit\/the-new-songs-the-new-songs\/","name":"The New Songs (CD) - Umlaut records","isPartOf":{"@id":"https:\/\/www.umlautrecords.com\/fr\/#website"},"primaryImageOfPage":{"@id":"https:\/\/www.umlautrecords.com\/fr\/produit\/the-new-songs-the-new-songs\/#primaryimage"},"image":{"@id":"https:\/\/www.umlautrecords.com\/fr\/produit\/the-new-songs-the-new-songs\/#primaryimage"},"thumbnailUrl":"https:\/\/www.umlautrecords.com\/wp-content\/uploads\/2020\/06\/thenewsongs.jpg","datePublished":"2012-02-24T11:30:10+00:00","dateModified":"2023-10-23T10:35:48+00:00","breadcrumb":{"@id":"https:\/\/www.umlautrecords.com\/fr\/produit\/the-new-songs-the-new-songs\/#breadcrumb"},"inLanguage":"fr-FR","potentialAction":[{"@type":"ReadAction","target":["https:\/\/www.umlautrecords.com\/fr\/produit\/the-new-songs-the-new-songs\/"]}]},{"@type":"ImageObject","inLanguage":"fr-FR","@id":"https:\/\/www.umlautrecords.com\/fr\/produit\/the-new-songs-the-new-songs\/#primaryimage","url":"https:\/\/www.umlautrecords.com\/wp-content\/uploads\/2020\/06\/thenewsongs.jpg","contentUrl":"https:\/\/www.umlautrecords.com\/wp-content\/uploads\/2020\/06\/thenewsongs.jpg","width":1680,"height":1680},{"@type":"BreadcrumbList","@id":"https:\/\/www.umlautrecords.com\/fr\/produit\/the-new-songs-the-new-songs\/#breadcrumb","itemListElement":[{"@type":"ListItem","position":1,"name":"Accueil","item":"https:\/\/www.umlautrecords.com\/fr\/"},{"@type":"ListItem","position":2,"name":"Catalogue","item":"https:\/\/www.umlautrecords.com\/fr\/shop\/"},{"@type":"ListItem","position":3,"name":"The New Songs (CD)"}]},{"@type":"WebSite","@id":"https:\/\/www.umlautrecords.com\/fr\/#website","url":"https:\/\/www.umlautrecords.com\/fr\/","name":"Umlaut records","description":"transformation of sound","publisher":{"@id":"https:\/\/www.umlautrecords.com\/fr\/#organization"},"potentialAction":[{"@type":"SearchAction","target":{"@type":"EntryPoint","urlTemplate":"https:\/\/www.umlautrecords.com\/fr\/?s={search_term_string}"},"query-input":{"@type":"PropertyValueSpecification","valueRequired":true,"valueName":"search_term_string"}}],"inLanguage":"fr-FR"},{"@type":"Organization","@id":"https:\/\/www.umlautrecords.com\/fr\/#organization","name":"Umlaut records","url":"https:\/\/www.umlautrecords.com\/fr\/","logo":{"@type":"ImageObject","inLanguage":"fr-FR","@id":"https:\/\/www.umlautrecords.com\/fr\/#\/schema\/logo\/image\/","url":"","contentUrl":"","caption":"Umlaut records"},"image":{"@id":"https:\/\/www.umlautrecords.com\/fr\/#\/schema\/logo\/image\/"},"sameAs":["https:\/\/www.facebook.com\/umlautrecords","https:\/\/www.instagram.com\/umlaut.records\/","https:\/\/www.linkedin.com\/in\/umlaut-records-label-0678b7a4\/","https:\/\/www.youtube.com\/user\/umsight"]}]}},"_links":{"self":[{"href":"https:\/\/www.umlautrecords.com\/fr\/wp-json\/wp\/v2\/product\/608","targetHints":{"allow":["GET"]}}],"collection":[{"href":"https:\/\/www.umlautrecords.com\/fr\/wp-json\/wp\/v2\/product"}],"about":[{"href":"https:\/\/www.umlautrecords.com\/fr\/wp-json\/wp\/v2\/types\/product"}],"wp:featuredmedia":[{"embeddable":true,"href":"https:\/\/www.umlautrecords.com\/fr\/wp-json\/wp\/v2\/media\/609"}],"wp:attachment":[{"href":"https:\/\/www.umlautrecords.com\/fr\/wp-json\/wp\/v2\/media?parent=608"}],"wp:term":[{"taxonomy":"product_brand","embeddable":true,"href":"https:\/\/www.umlautrecords.com\/fr\/wp-json\/wp\/v2\/product_brand?post=608"},{"taxonomy":"product_cat","embeddable":true,"href":"https:\/\/www.umlautrecords.com\/fr\/wp-json\/wp\/v2\/product_cat?post=608"},{"taxonomy":"product_tag","embeddable":true,"href":"https:\/\/www.umlautrecords.com\/fr\/wp-json\/wp\/v2\/product_tag?post=608"}],"curies":[{"name":"wp","href":"https:\/\/api.w.org\/{rel}","templated":true}]}}