{"id":604,"date":"2012-08-01T12:18:53","date_gmt":"2012-08-01T10:18:53","guid":{"rendered":"http:\/\/116.203.103.232\/umlaut\/?post_type=product&#038;p=604"},"modified":"2023-06-13T15:47:51","modified_gmt":"2023-06-13T13:47:51","slug":"composition-no-6-pierre-antoine-badaroux","status":"publish","type":"product","link":"https:\/\/www.umlautrecords.com\/fr\/produit\/composition-no-6-pierre-antoine-badaroux\/","title":{"rendered":"Composition No.6 (CD)"},"content":{"rendered":"<p>Version num\u00e9rique disponible sur <a href=\"https:\/\/umlautrecords.bandcamp.com\/album\/composition-n-6\">Bandcamp<\/a>.<\/p>\n<p><span style=\"font-weight: 400;\">Cette premi\u00e8re parution de Pierre-Antoine Badaroux pr\u00e9sente une composition originale de 45 minutes. Un travail en cours bas\u00e9 sur des id\u00e9es tr\u00e8s simples, un monde sonore en soi. Profond\u00e9ment ancr\u00e9 dans les id\u00e9es de rythmiques jazz et dans la tradition des partitions ouvertes, cette pi\u00e8ce m\u00e9lange improvisation et composition d\u2019une mani\u00e8re assez unique. Cette performance &#8211; une parmi une infinit\u00e9 de possibilit\u00e9s &#8211; donne \u00e0 l\u2019auditeur un aper\u00e7u de la voix du compositeur, mais aussi de l\u2019approche tr\u00e8s particuli\u00e8re des jeunes musiciens de ce sextet, tous tr\u00e8s actifs sur les sc\u00e8nes europ\u00e9ennes de musique contemporaine.<\/span><\/p>\n<p><iframe loading=\"lazy\" title=\"Composition No.6 - Track 7 by Umlaut Records Label\" width=\"900\" height=\"400\" scrolling=\"no\" frameborder=\"no\" src=\"https:\/\/w.soundcloud.com\/player\/?visual=true&#038;url=https%3A%2F%2Fapi.soundcloud.com%2Ftracks%2F832811821&#038;show_artwork=true&#038;maxwidth=900&#038;maxheight=1000&#038;dnt=1&#038;in=umlaut-records%2Fsets%2Fcomposition-no-6\"><\/iframe><\/p>\n","protected":false},"excerpt":{"rendered":"<p>Version num\u00e9rique disponible sur Bandcamp. Cette premi\u00e8re parution de Pierre-Antoine Badaroux pr\u00e9sente une composition originale de 45 minutes. Un travail en cours bas\u00e9&hellip;<\/p>\n","protected":false},"featured_media":1416,"template":"","meta":{"_acf_changed":false},"product_brand":[],"product_cat":[29],"product_tag":[],"class_list":{"0":"post-604","1":"product","2":"type-product","3":"status-publish","4":"has-post-thumbnail","6":"product_cat-album","7":"product_shipping_class-cd","9":"first","10":"instock","11":"taxable","12":"shipping-taxable","13":"purchasable","14":"product-type-simple"},"acf":[],"yoast_head":"<!-- This site is optimized with the Yoast SEO plugin v27.0 - https:\/\/yoast.com\/product\/yoast-seo-wordpress\/ -->\n<title>Composition No.6 (CD) - Umlaut records<\/title>\n<meta name=\"robots\" content=\"index, follow, max-snippet:-1, max-image-preview:large, max-video-preview:-1\" \/>\n<link rel=\"canonical\" href=\"https:\/\/www.umlautrecords.com\/fr\/produit\/composition-no-6-pierre-antoine-badaroux\/\" \/>\n<meta property=\"og:locale\" content=\"fr_FR\" \/>\n<meta property=\"og:type\" content=\"article\" \/>\n<meta property=\"og:title\" content=\"Composition No.6 (CD) - Umlaut records\" \/>\n<meta property=\"og:description\" content=\"Version num\u00e9rique disponible sur Bandcamp. Cette premi\u00e8re parution de Pierre-Antoine Badaroux pr\u00e9sente une composition originale de 45 minutes. Un travail en cours bas\u00e9&hellip;\" \/>\n<meta property=\"og:url\" content=\"https:\/\/www.umlautrecords.com\/fr\/produit\/composition-no-6-pierre-antoine-badaroux\/\" \/>\n<meta property=\"og:site_name\" content=\"Umlaut records\" \/>\n<meta property=\"article:publisher\" content=\"https:\/\/www.facebook.com\/umlautrecords\" \/>\n<meta property=\"article:modified_time\" content=\"2023-06-13T13:47:51+00:00\" \/>\n<meta property=\"og:image\" content=\"https:\/\/www.umlautrecords.com\/wp-content\/uploads\/2012\/08\/umlaut-composition-no-6-pierre-antoine-badaroux-composition-no.6-hd.jpg\" \/>\n\t<meta property=\"og:image:width\" content=\"486\" \/>\n\t<meta property=\"og:image:height\" content=\"432\" \/>\n\t<meta property=\"og:image:type\" content=\"image\/jpeg\" \/>\n<meta name=\"twitter:card\" content=\"summary_large_image\" \/>\n<meta name=\"twitter:label1\" content=\"Dur\u00e9e de lecture estim\u00e9e\" \/>\n\t<meta name=\"twitter:data1\" content=\"1 minute\" \/>\n<script type=\"application\/ld+json\" class=\"yoast-schema-graph\">{\"@context\":\"https:\/\/schema.org\",\"@graph\":[{\"@type\":\"WebPage\",\"@id\":\"https:\/\/www.umlautrecords.com\/fr\/produit\/composition-no-6-pierre-antoine-badaroux\/\",\"url\":\"https:\/\/www.umlautrecords.com\/fr\/produit\/composition-no-6-pierre-antoine-badaroux\/\",\"name\":\"Composition No.6 (CD) - Umlaut records\",\"isPartOf\":{\"@id\":\"https:\/\/www.umlautrecords.com\/fr\/#website\"},\"primaryImageOfPage\":{\"@id\":\"https:\/\/www.umlautrecords.com\/fr\/produit\/composition-no-6-pierre-antoine-badaroux\/#primaryimage\"},\"image\":{\"@id\":\"https:\/\/www.umlautrecords.com\/fr\/produit\/composition-no-6-pierre-antoine-badaroux\/#primaryimage\"},\"thumbnailUrl\":\"https:\/\/www.umlautrecords.com\/wp-content\/uploads\/2012\/08\/umlaut-composition-no-6-pierre-antoine-badaroux-composition-no.6-hd.jpg\",\"datePublished\":\"2012-08-01T10:18:53+00:00\",\"dateModified\":\"2023-06-13T13:47:51+00:00\",\"breadcrumb\":{\"@id\":\"https:\/\/www.umlautrecords.com\/fr\/produit\/composition-no-6-pierre-antoine-badaroux\/#breadcrumb\"},\"inLanguage\":\"fr-FR\",\"potentialAction\":[{\"@type\":\"ReadAction\",\"target\":[\"https:\/\/www.umlautrecords.com\/fr\/produit\/composition-no-6-pierre-antoine-badaroux\/\"]}]},{\"@type\":\"ImageObject\",\"inLanguage\":\"fr-FR\",\"@id\":\"https:\/\/www.umlautrecords.com\/fr\/produit\/composition-no-6-pierre-antoine-badaroux\/#primaryimage\",\"url\":\"https:\/\/www.umlautrecords.com\/wp-content\/uploads\/2012\/08\/umlaut-composition-no-6-pierre-antoine-badaroux-composition-no.6-hd.jpg\",\"contentUrl\":\"https:\/\/www.umlautrecords.com\/wp-content\/uploads\/2012\/08\/umlaut-composition-no-6-pierre-antoine-badaroux-composition-no.6-hd.jpg\",\"width\":486,\"height\":432},{\"@type\":\"BreadcrumbList\",\"@id\":\"https:\/\/www.umlautrecords.com\/fr\/produit\/composition-no-6-pierre-antoine-badaroux\/#breadcrumb\",\"itemListElement\":[{\"@type\":\"ListItem\",\"position\":1,\"name\":\"Accueil\",\"item\":\"https:\/\/www.umlautrecords.com\/fr\/\"},{\"@type\":\"ListItem\",\"position\":2,\"name\":\"Catalogue\",\"item\":\"https:\/\/www.umlautrecords.com\/fr\/shop\/\"},{\"@type\":\"ListItem\",\"position\":3,\"name\":\"Composition No.6 (CD)\"}]},{\"@type\":\"WebSite\",\"@id\":\"https:\/\/www.umlautrecords.com\/fr\/#website\",\"url\":\"https:\/\/www.umlautrecords.com\/fr\/\",\"name\":\"Umlaut records\",\"description\":\"transformation of sound\",\"publisher\":{\"@id\":\"https:\/\/www.umlautrecords.com\/fr\/#organization\"},\"potentialAction\":[{\"@type\":\"SearchAction\",\"target\":{\"@type\":\"EntryPoint\",\"urlTemplate\":\"https:\/\/www.umlautrecords.com\/fr\/?s={search_term_string}\"},\"query-input\":{\"@type\":\"PropertyValueSpecification\",\"valueRequired\":true,\"valueName\":\"search_term_string\"}}],\"inLanguage\":\"fr-FR\"},{\"@type\":\"Organization\",\"@id\":\"https:\/\/www.umlautrecords.com\/fr\/#organization\",\"name\":\"Umlaut records\",\"url\":\"https:\/\/www.umlautrecords.com\/fr\/\",\"logo\":{\"@type\":\"ImageObject\",\"inLanguage\":\"fr-FR\",\"@id\":\"https:\/\/www.umlautrecords.com\/fr\/#\/schema\/logo\/image\/\",\"url\":\"\",\"contentUrl\":\"\",\"caption\":\"Umlaut records\"},\"image\":{\"@id\":\"https:\/\/www.umlautrecords.com\/fr\/#\/schema\/logo\/image\/\"},\"sameAs\":[\"https:\/\/www.facebook.com\/umlautrecords\",\"https:\/\/www.instagram.com\/umlaut.records\/\",\"https:\/\/www.linkedin.com\/in\/umlaut-records-label-0678b7a4\/\",\"https:\/\/www.youtube.com\/user\/umsight\"]}]}<\/script>\n<!-- \/ Yoast SEO plugin. -->","yoast_head_json":{"title":"Composition No.6 (CD) - Umlaut records","robots":{"index":"index","follow":"follow","max-snippet":"max-snippet:-1","max-image-preview":"max-image-preview:large","max-video-preview":"max-video-preview:-1"},"canonical":"https:\/\/www.umlautrecords.com\/fr\/produit\/composition-no-6-pierre-antoine-badaroux\/","og_locale":"fr_FR","og_type":"article","og_title":"Composition No.6 (CD) - Umlaut records","og_description":"Version num\u00e9rique disponible sur Bandcamp. Cette premi\u00e8re parution de Pierre-Antoine Badaroux pr\u00e9sente une composition originale de 45 minutes. Un travail en cours bas\u00e9&hellip;","og_url":"https:\/\/www.umlautrecords.com\/fr\/produit\/composition-no-6-pierre-antoine-badaroux\/","og_site_name":"Umlaut records","article_publisher":"https:\/\/www.facebook.com\/umlautrecords","article_modified_time":"2023-06-13T13:47:51+00:00","og_image":[{"width":486,"height":432,"url":"https:\/\/www.umlautrecords.com\/wp-content\/uploads\/2012\/08\/umlaut-composition-no-6-pierre-antoine-badaroux-composition-no.6-hd.jpg","type":"image\/jpeg"}],"twitter_card":"summary_large_image","twitter_misc":{"Dur\u00e9e de lecture estim\u00e9e":"1 minute"},"schema":{"@context":"https:\/\/schema.org","@graph":[{"@type":"WebPage","@id":"https:\/\/www.umlautrecords.com\/fr\/produit\/composition-no-6-pierre-antoine-badaroux\/","url":"https:\/\/www.umlautrecords.com\/fr\/produit\/composition-no-6-pierre-antoine-badaroux\/","name":"Composition No.6 (CD) - Umlaut records","isPartOf":{"@id":"https:\/\/www.umlautrecords.com\/fr\/#website"},"primaryImageOfPage":{"@id":"https:\/\/www.umlautrecords.com\/fr\/produit\/composition-no-6-pierre-antoine-badaroux\/#primaryimage"},"image":{"@id":"https:\/\/www.umlautrecords.com\/fr\/produit\/composition-no-6-pierre-antoine-badaroux\/#primaryimage"},"thumbnailUrl":"https:\/\/www.umlautrecords.com\/wp-content\/uploads\/2012\/08\/umlaut-composition-no-6-pierre-antoine-badaroux-composition-no.6-hd.jpg","datePublished":"2012-08-01T10:18:53+00:00","dateModified":"2023-06-13T13:47:51+00:00","breadcrumb":{"@id":"https:\/\/www.umlautrecords.com\/fr\/produit\/composition-no-6-pierre-antoine-badaroux\/#breadcrumb"},"inLanguage":"fr-FR","potentialAction":[{"@type":"ReadAction","target":["https:\/\/www.umlautrecords.com\/fr\/produit\/composition-no-6-pierre-antoine-badaroux\/"]}]},{"@type":"ImageObject","inLanguage":"fr-FR","@id":"https:\/\/www.umlautrecords.com\/fr\/produit\/composition-no-6-pierre-antoine-badaroux\/#primaryimage","url":"https:\/\/www.umlautrecords.com\/wp-content\/uploads\/2012\/08\/umlaut-composition-no-6-pierre-antoine-badaroux-composition-no.6-hd.jpg","contentUrl":"https:\/\/www.umlautrecords.com\/wp-content\/uploads\/2012\/08\/umlaut-composition-no-6-pierre-antoine-badaroux-composition-no.6-hd.jpg","width":486,"height":432},{"@type":"BreadcrumbList","@id":"https:\/\/www.umlautrecords.com\/fr\/produit\/composition-no-6-pierre-antoine-badaroux\/#breadcrumb","itemListElement":[{"@type":"ListItem","position":1,"name":"Accueil","item":"https:\/\/www.umlautrecords.com\/fr\/"},{"@type":"ListItem","position":2,"name":"Catalogue","item":"https:\/\/www.umlautrecords.com\/fr\/shop\/"},{"@type":"ListItem","position":3,"name":"Composition No.6 (CD)"}]},{"@type":"WebSite","@id":"https:\/\/www.umlautrecords.com\/fr\/#website","url":"https:\/\/www.umlautrecords.com\/fr\/","name":"Umlaut records","description":"transformation of sound","publisher":{"@id":"https:\/\/www.umlautrecords.com\/fr\/#organization"},"potentialAction":[{"@type":"SearchAction","target":{"@type":"EntryPoint","urlTemplate":"https:\/\/www.umlautrecords.com\/fr\/?s={search_term_string}"},"query-input":{"@type":"PropertyValueSpecification","valueRequired":true,"valueName":"search_term_string"}}],"inLanguage":"fr-FR"},{"@type":"Organization","@id":"https:\/\/www.umlautrecords.com\/fr\/#organization","name":"Umlaut records","url":"https:\/\/www.umlautrecords.com\/fr\/","logo":{"@type":"ImageObject","inLanguage":"fr-FR","@id":"https:\/\/www.umlautrecords.com\/fr\/#\/schema\/logo\/image\/","url":"","contentUrl":"","caption":"Umlaut records"},"image":{"@id":"https:\/\/www.umlautrecords.com\/fr\/#\/schema\/logo\/image\/"},"sameAs":["https:\/\/www.facebook.com\/umlautrecords","https:\/\/www.instagram.com\/umlaut.records\/","https:\/\/www.linkedin.com\/in\/umlaut-records-label-0678b7a4\/","https:\/\/www.youtube.com\/user\/umsight"]}]}},"_links":{"self":[{"href":"https:\/\/www.umlautrecords.com\/fr\/wp-json\/wp\/v2\/product\/604","targetHints":{"allow":["GET"]}}],"collection":[{"href":"https:\/\/www.umlautrecords.com\/fr\/wp-json\/wp\/v2\/product"}],"about":[{"href":"https:\/\/www.umlautrecords.com\/fr\/wp-json\/wp\/v2\/types\/product"}],"wp:featuredmedia":[{"embeddable":true,"href":"https:\/\/www.umlautrecords.com\/fr\/wp-json\/wp\/v2\/media\/1416"}],"wp:attachment":[{"href":"https:\/\/www.umlautrecords.com\/fr\/wp-json\/wp\/v2\/media?parent=604"}],"wp:term":[{"taxonomy":"product_brand","embeddable":true,"href":"https:\/\/www.umlautrecords.com\/fr\/wp-json\/wp\/v2\/product_brand?post=604"},{"taxonomy":"product_cat","embeddable":true,"href":"https:\/\/www.umlautrecords.com\/fr\/wp-json\/wp\/v2\/product_cat?post=604"},{"taxonomy":"product_tag","embeddable":true,"href":"https:\/\/www.umlautrecords.com\/fr\/wp-json\/wp\/v2\/product_tag?post=604"}],"curies":[{"name":"wp","href":"https:\/\/api.w.org\/{rel}","templated":true}]}}