{"id":583,"date":"2015-11-05T16:10:20","date_gmt":"2015-11-05T15:10:20","guid":{"rendered":"http:\/\/116.203.103.232\/umlaut\/?post_type=product&#038;p=583"},"modified":"2025-07-24T12:12:25","modified_gmt":"2025-07-24T10:12:25","slug":"the-music-of-alvin-p-buckley-die-hochstapler","status":"publish","type":"product","link":"https:\/\/www.umlautrecords.com\/fr\/produit\/the-music-of-alvin-p-buckley-die-hochstapler\/","title":{"rendered":"The Music of Alvin P. Buckley (CD)"},"content":{"rendered":"<p>Version num\u00e9rique disponible sur <a href=\"https:\/\/umlautrecords.bandcamp.com\/album\/the-music-of-alvin-p-buckley\">Bandcamp<\/a>.<\/p>\n<p><span style=\"font-weight: 400;\">\u201cThe early crowd tends to dig your Radio Cologne sound. Later on we really swing.\u201d &#8211; Thomas Pynchon, \u201cThe Crying of Lot 49\u201c 1999<\/span><\/p>\n<p><span style=\"font-weight: 400;\">\u201cLe musicien est au son ce que le ver est \u00e0 la pomme.\u201d\u00a0 &#8211; From Alvin P. Buckley\u2019s Journal, ca. 1963<\/span><\/p>\n<p><span style=\"font-weight: 400;\">Faisant suite au succ\u00e8s de leur double CD \u201cThe Braxtornette Project\u201d (Umlaut Records 2013), le quartet Italo-Franco-Allemand Die Hochstapler (les imposteurs) pr\u00e9sentent un travail innovant autour des \u00e9crits de l\u2019exceptionnel musicien et math\u00e9maticien Alvin P. Buckley.<\/span><\/p>\n<p><span style=\"font-weight: 400;\">A la fois pionnier de la recherche scientifique (th\u00e9orie des probabilit\u00e9s) et musicien versatile de Chicago, Buckley a arr\u00eat\u00e9 sa carri\u00e8re de musicien apr\u00e8s une rencontre \u00e9piphanique avec Stockhausen \u00e0 Paris, mais a continu\u00e9 \u00e0 \u00e9crire dans son journal ses id\u00e9es de jeux musicaux, de structures et de strat\u00e9gies pour la composition collective, ainsi que des fragments m\u00e9lodiques et de courts aphorismes philosophiques.\u00a0<\/span><\/p>\n<p><span style=\"font-weight: 400;\">A partir de ce journal et en se refusant toute utilisation de notation, le quartet se sert de po\u00e9sie, de jeux de carte, d\u2019alphabets et d\u2019autres sources d\u2019inspiration pour cr\u00e9er la grammaire du discours hochstaplerique.<\/span><\/p>\n<p><span style=\"font-weight: 400;\">Quatre voix ind\u00e9pendantes, libres de sugg\u00e9rer, de pr\u00e9tendre, d\u2019accepter, de refuser ou d\u2019ignorer \u00e0 tout moment du jeu, construisent collectivement une rh\u00e9torique, remplie d\u2019indices et de r\u00e9f\u00e9rences, espi\u00e8gle et toujours mouvante.<\/span><\/p>\n","protected":false},"excerpt":{"rendered":"<p>Version num\u00e9rique disponible sur Bandcamp. \u201cThe early crowd tends to dig your Radio Cologne sound. Later on we really swing.\u201d &#8211; Thomas Pynchon,&hellip;<\/p>\n","protected":false},"featured_media":584,"template":"","meta":{"_acf_changed":false},"product_brand":[],"product_cat":[29],"product_tag":[],"class_list":{"0":"post-583","1":"product","2":"type-product","3":"status-publish","4":"has-post-thumbnail","6":"product_cat-album","7":"product_shipping_class-cd","9":"first","10":"outofstock","11":"taxable","12":"shipping-taxable","13":"purchasable","14":"product-type-simple"},"acf":[],"yoast_head":"<!-- This site is optimized with the Yoast SEO plugin v27.0 - https:\/\/yoast.com\/product\/yoast-seo-wordpress\/ -->\n<title>The Music of Alvin P. Buckley (CD) - Umlaut records<\/title>\n<meta name=\"robots\" content=\"index, follow, max-snippet:-1, max-image-preview:large, max-video-preview:-1\" \/>\n<link rel=\"canonical\" href=\"https:\/\/www.umlautrecords.com\/fr\/produit\/the-music-of-alvin-p-buckley-die-hochstapler\/\" \/>\n<meta property=\"og:locale\" content=\"fr_FR\" \/>\n<meta property=\"og:type\" content=\"article\" \/>\n<meta property=\"og:title\" content=\"The Music of Alvin P. Buckley (CD) - Umlaut records\" \/>\n<meta property=\"og:description\" content=\"Version num\u00e9rique disponible sur Bandcamp. \u201cThe early crowd tends to dig your Radio Cologne sound. Later on we really swing.\u201d &#8211; Thomas Pynchon,&hellip;\" \/>\n<meta property=\"og:url\" content=\"https:\/\/www.umlautrecords.com\/fr\/produit\/the-music-of-alvin-p-buckley-die-hochstapler\/\" \/>\n<meta property=\"og:site_name\" content=\"Umlaut records\" \/>\n<meta property=\"article:publisher\" content=\"https:\/\/www.facebook.com\/umlautrecords\" \/>\n<meta property=\"article:modified_time\" content=\"2025-07-24T10:12:25+00:00\" \/>\n<meta property=\"og:image\" content=\"https:\/\/www.umlautrecords.com\/wp-content\/uploads\/2020\/06\/die-hochstapler-the-music-of-alvin-buckley.jpg\" \/>\n\t<meta property=\"og:image:width\" content=\"1465\" \/>\n\t<meta property=\"og:image:height\" content=\"1479\" \/>\n\t<meta property=\"og:image:type\" content=\"image\/jpeg\" \/>\n<meta name=\"twitter:card\" content=\"summary_large_image\" \/>\n<meta name=\"twitter:label1\" content=\"Dur\u00e9e de lecture estim\u00e9e\" \/>\n\t<meta name=\"twitter:data1\" content=\"1 minute\" \/>\n<script type=\"application\/ld+json\" class=\"yoast-schema-graph\">{\"@context\":\"https:\/\/schema.org\",\"@graph\":[{\"@type\":\"WebPage\",\"@id\":\"https:\/\/www.umlautrecords.com\/fr\/produit\/the-music-of-alvin-p-buckley-die-hochstapler\/\",\"url\":\"https:\/\/www.umlautrecords.com\/fr\/produit\/the-music-of-alvin-p-buckley-die-hochstapler\/\",\"name\":\"The Music of Alvin P. Buckley (CD) - Umlaut records\",\"isPartOf\":{\"@id\":\"https:\/\/www.umlautrecords.com\/fr\/#website\"},\"primaryImageOfPage\":{\"@id\":\"https:\/\/www.umlautrecords.com\/fr\/produit\/the-music-of-alvin-p-buckley-die-hochstapler\/#primaryimage\"},\"image\":{\"@id\":\"https:\/\/www.umlautrecords.com\/fr\/produit\/the-music-of-alvin-p-buckley-die-hochstapler\/#primaryimage\"},\"thumbnailUrl\":\"https:\/\/www.umlautrecords.com\/wp-content\/uploads\/2020\/06\/die-hochstapler-the-music-of-alvin-buckley.jpg\",\"datePublished\":\"2015-11-05T15:10:20+00:00\",\"dateModified\":\"2025-07-24T10:12:25+00:00\",\"breadcrumb\":{\"@id\":\"https:\/\/www.umlautrecords.com\/fr\/produit\/the-music-of-alvin-p-buckley-die-hochstapler\/#breadcrumb\"},\"inLanguage\":\"fr-FR\",\"potentialAction\":[{\"@type\":\"ReadAction\",\"target\":[\"https:\/\/www.umlautrecords.com\/fr\/produit\/the-music-of-alvin-p-buckley-die-hochstapler\/\"]}]},{\"@type\":\"ImageObject\",\"inLanguage\":\"fr-FR\",\"@id\":\"https:\/\/www.umlautrecords.com\/fr\/produit\/the-music-of-alvin-p-buckley-die-hochstapler\/#primaryimage\",\"url\":\"https:\/\/www.umlautrecords.com\/wp-content\/uploads\/2020\/06\/die-hochstapler-the-music-of-alvin-buckley.jpg\",\"contentUrl\":\"https:\/\/www.umlautrecords.com\/wp-content\/uploads\/2020\/06\/die-hochstapler-the-music-of-alvin-buckley.jpg\",\"width\":1465,\"height\":1479},{\"@type\":\"BreadcrumbList\",\"@id\":\"https:\/\/www.umlautrecords.com\/fr\/produit\/the-music-of-alvin-p-buckley-die-hochstapler\/#breadcrumb\",\"itemListElement\":[{\"@type\":\"ListItem\",\"position\":1,\"name\":\"Accueil\",\"item\":\"https:\/\/www.umlautrecords.com\/fr\/\"},{\"@type\":\"ListItem\",\"position\":2,\"name\":\"Catalogue\",\"item\":\"https:\/\/www.umlautrecords.com\/fr\/shop\/\"},{\"@type\":\"ListItem\",\"position\":3,\"name\":\"The Music of Alvin P. Buckley (CD)\"}]},{\"@type\":\"WebSite\",\"@id\":\"https:\/\/www.umlautrecords.com\/fr\/#website\",\"url\":\"https:\/\/www.umlautrecords.com\/fr\/\",\"name\":\"Umlaut records\",\"description\":\"transformation of sound\",\"publisher\":{\"@id\":\"https:\/\/www.umlautrecords.com\/fr\/#organization\"},\"potentialAction\":[{\"@type\":\"SearchAction\",\"target\":{\"@type\":\"EntryPoint\",\"urlTemplate\":\"https:\/\/www.umlautrecords.com\/fr\/?s={search_term_string}\"},\"query-input\":{\"@type\":\"PropertyValueSpecification\",\"valueRequired\":true,\"valueName\":\"search_term_string\"}}],\"inLanguage\":\"fr-FR\"},{\"@type\":\"Organization\",\"@id\":\"https:\/\/www.umlautrecords.com\/fr\/#organization\",\"name\":\"Umlaut records\",\"url\":\"https:\/\/www.umlautrecords.com\/fr\/\",\"logo\":{\"@type\":\"ImageObject\",\"inLanguage\":\"fr-FR\",\"@id\":\"https:\/\/www.umlautrecords.com\/fr\/#\/schema\/logo\/image\/\",\"url\":\"\",\"contentUrl\":\"\",\"caption\":\"Umlaut records\"},\"image\":{\"@id\":\"https:\/\/www.umlautrecords.com\/fr\/#\/schema\/logo\/image\/\"},\"sameAs\":[\"https:\/\/www.facebook.com\/umlautrecords\",\"https:\/\/www.instagram.com\/umlaut.records\/\",\"https:\/\/www.linkedin.com\/in\/umlaut-records-label-0678b7a4\/\",\"https:\/\/www.youtube.com\/user\/umsight\"]}]}<\/script>\n<!-- \/ Yoast SEO plugin. -->","yoast_head_json":{"title":"The Music of Alvin P. Buckley (CD) - Umlaut records","robots":{"index":"index","follow":"follow","max-snippet":"max-snippet:-1","max-image-preview":"max-image-preview:large","max-video-preview":"max-video-preview:-1"},"canonical":"https:\/\/www.umlautrecords.com\/fr\/produit\/the-music-of-alvin-p-buckley-die-hochstapler\/","og_locale":"fr_FR","og_type":"article","og_title":"The Music of Alvin P. Buckley (CD) - Umlaut records","og_description":"Version num\u00e9rique disponible sur Bandcamp. \u201cThe early crowd tends to dig your Radio Cologne sound. Later on we really swing.\u201d &#8211; Thomas Pynchon,&hellip;","og_url":"https:\/\/www.umlautrecords.com\/fr\/produit\/the-music-of-alvin-p-buckley-die-hochstapler\/","og_site_name":"Umlaut records","article_publisher":"https:\/\/www.facebook.com\/umlautrecords","article_modified_time":"2025-07-24T10:12:25+00:00","og_image":[{"width":1465,"height":1479,"url":"https:\/\/www.umlautrecords.com\/wp-content\/uploads\/2020\/06\/die-hochstapler-the-music-of-alvin-buckley.jpg","type":"image\/jpeg"}],"twitter_card":"summary_large_image","twitter_misc":{"Dur\u00e9e de lecture estim\u00e9e":"1 minute"},"schema":{"@context":"https:\/\/schema.org","@graph":[{"@type":"WebPage","@id":"https:\/\/www.umlautrecords.com\/fr\/produit\/the-music-of-alvin-p-buckley-die-hochstapler\/","url":"https:\/\/www.umlautrecords.com\/fr\/produit\/the-music-of-alvin-p-buckley-die-hochstapler\/","name":"The Music of Alvin P. Buckley (CD) - Umlaut records","isPartOf":{"@id":"https:\/\/www.umlautrecords.com\/fr\/#website"},"primaryImageOfPage":{"@id":"https:\/\/www.umlautrecords.com\/fr\/produit\/the-music-of-alvin-p-buckley-die-hochstapler\/#primaryimage"},"image":{"@id":"https:\/\/www.umlautrecords.com\/fr\/produit\/the-music-of-alvin-p-buckley-die-hochstapler\/#primaryimage"},"thumbnailUrl":"https:\/\/www.umlautrecords.com\/wp-content\/uploads\/2020\/06\/die-hochstapler-the-music-of-alvin-buckley.jpg","datePublished":"2015-11-05T15:10:20+00:00","dateModified":"2025-07-24T10:12:25+00:00","breadcrumb":{"@id":"https:\/\/www.umlautrecords.com\/fr\/produit\/the-music-of-alvin-p-buckley-die-hochstapler\/#breadcrumb"},"inLanguage":"fr-FR","potentialAction":[{"@type":"ReadAction","target":["https:\/\/www.umlautrecords.com\/fr\/produit\/the-music-of-alvin-p-buckley-die-hochstapler\/"]}]},{"@type":"ImageObject","inLanguage":"fr-FR","@id":"https:\/\/www.umlautrecords.com\/fr\/produit\/the-music-of-alvin-p-buckley-die-hochstapler\/#primaryimage","url":"https:\/\/www.umlautrecords.com\/wp-content\/uploads\/2020\/06\/die-hochstapler-the-music-of-alvin-buckley.jpg","contentUrl":"https:\/\/www.umlautrecords.com\/wp-content\/uploads\/2020\/06\/die-hochstapler-the-music-of-alvin-buckley.jpg","width":1465,"height":1479},{"@type":"BreadcrumbList","@id":"https:\/\/www.umlautrecords.com\/fr\/produit\/the-music-of-alvin-p-buckley-die-hochstapler\/#breadcrumb","itemListElement":[{"@type":"ListItem","position":1,"name":"Accueil","item":"https:\/\/www.umlautrecords.com\/fr\/"},{"@type":"ListItem","position":2,"name":"Catalogue","item":"https:\/\/www.umlautrecords.com\/fr\/shop\/"},{"@type":"ListItem","position":3,"name":"The Music of Alvin P. Buckley (CD)"}]},{"@type":"WebSite","@id":"https:\/\/www.umlautrecords.com\/fr\/#website","url":"https:\/\/www.umlautrecords.com\/fr\/","name":"Umlaut records","description":"transformation of sound","publisher":{"@id":"https:\/\/www.umlautrecords.com\/fr\/#organization"},"potentialAction":[{"@type":"SearchAction","target":{"@type":"EntryPoint","urlTemplate":"https:\/\/www.umlautrecords.com\/fr\/?s={search_term_string}"},"query-input":{"@type":"PropertyValueSpecification","valueRequired":true,"valueName":"search_term_string"}}],"inLanguage":"fr-FR"},{"@type":"Organization","@id":"https:\/\/www.umlautrecords.com\/fr\/#organization","name":"Umlaut records","url":"https:\/\/www.umlautrecords.com\/fr\/","logo":{"@type":"ImageObject","inLanguage":"fr-FR","@id":"https:\/\/www.umlautrecords.com\/fr\/#\/schema\/logo\/image\/","url":"","contentUrl":"","caption":"Umlaut records"},"image":{"@id":"https:\/\/www.umlautrecords.com\/fr\/#\/schema\/logo\/image\/"},"sameAs":["https:\/\/www.facebook.com\/umlautrecords","https:\/\/www.instagram.com\/umlaut.records\/","https:\/\/www.linkedin.com\/in\/umlaut-records-label-0678b7a4\/","https:\/\/www.youtube.com\/user\/umsight"]}]}},"_links":{"self":[{"href":"https:\/\/www.umlautrecords.com\/fr\/wp-json\/wp\/v2\/product\/583","targetHints":{"allow":["GET"]}}],"collection":[{"href":"https:\/\/www.umlautrecords.com\/fr\/wp-json\/wp\/v2\/product"}],"about":[{"href":"https:\/\/www.umlautrecords.com\/fr\/wp-json\/wp\/v2\/types\/product"}],"wp:featuredmedia":[{"embeddable":true,"href":"https:\/\/www.umlautrecords.com\/fr\/wp-json\/wp\/v2\/media\/584"}],"wp:attachment":[{"href":"https:\/\/www.umlautrecords.com\/fr\/wp-json\/wp\/v2\/media?parent=583"}],"wp:term":[{"taxonomy":"product_brand","embeddable":true,"href":"https:\/\/www.umlautrecords.com\/fr\/wp-json\/wp\/v2\/product_brand?post=583"},{"taxonomy":"product_cat","embeddable":true,"href":"https:\/\/www.umlautrecords.com\/fr\/wp-json\/wp\/v2\/product_cat?post=583"},{"taxonomy":"product_tag","embeddable":true,"href":"https:\/\/www.umlautrecords.com\/fr\/wp-json\/wp\/v2\/product_tag?post=583"}],"curies":[{"name":"wp","href":"https:\/\/api.w.org\/{rel}","templated":true}]}}