{"id":578,"date":"2013-10-23T16:03:12","date_gmt":"2013-10-23T14:03:12","guid":{"rendered":"http:\/\/116.203.103.232\/umlaut\/?post_type=product&#038;p=578"},"modified":"2024-04-18T14:25:16","modified_gmt":"2024-04-18T12:25:16","slug":"the-braxtornette-project-die-hochstapler","status":"publish","type":"product","link":"https:\/\/www.umlautrecords.com\/fr\/produit\/the-braxtornette-project-die-hochstapler\/","title":{"rendered":"The Braxtornette Project (CD)"},"content":{"rendered":"<p><span style=\"font-weight: 400;\">Cet enregistrement pr\u00e9sente l\u2019\u00e9volution de notre travail des deux derni\u00e8res ann\u00e9es en quatre parties sur 2 CDs.<\/span><\/p>\n<p>La premi\u00e8re partie peut \u00eatre vue comme le point de d\u00e9part, avec une approche \u201cclassique\u201d des deux compositeurs, avec leurs compositions les plus jazzistiques.<\/p>\n<p><span style=\"font-weight: 400;\">La seconde partie est une longue \u201csuite\u201d, combinant des id\u00e9es tr\u00e8s diff\u00e9rents mais avec une structure pr\u00e9-d\u00e9finie, s\u2019\u00e9loignant de la structure conventionnelle th\u00e8me-solo-th\u00e8me, superposant des compositions et explorant la formation du quartet en une unit\u00e9 improvis\u00e9e.<\/span><\/p>\n<p><span style=\"font-weight: 400;\">La troisi\u00e8me partie est une structure ouverte, avec des collages et des jeux, dans lesquels le mat\u00e9riel tr\u00e8s concret des compositions devient abstrait, un jeu de temps, de longueur et de vitesse, de r\u00e9p\u00e9titions et de singularit\u00e9s, o\u00f9 la simplicit\u00e9 des \u201cr\u00e8gles\u201d nous autorise \u00e0 \u00eatre de plus en plus libres.<\/span><\/p>\n<p><span style=\"font-weight: 400;\">La derni\u00e8re partie a \u00e9t\u00e9 enregistr\u00e9e au Umlaut Berlin Festival 2013, augmentant le groupe avec le super quartet Peeping Tom, un hommage aux compositions pour grand ensemble de Ornette Coleman et d\u2019Anthony Braxton.<br \/>\n<\/span><span style=\"font-weight: 400;\"><br \/>\nAmusez-vous bien!<\/span><\/p>\n","protected":false},"excerpt":{"rendered":"<p>Cet enregistrement pr\u00e9sente l\u2019\u00e9volution de notre travail des deux derni\u00e8res ann\u00e9es en quatre parties sur 2 CDs. La premi\u00e8re partie peut \u00eatre vue&hellip;<\/p>\n","protected":false},"featured_media":582,"template":"","meta":{"_acf_changed":false},"product_brand":[],"product_cat":[29],"product_tag":[],"class_list":{"0":"post-578","1":"product","2":"type-product","3":"status-publish","4":"has-post-thumbnail","6":"product_cat-album","7":"product_shipping_class-cd","9":"first","10":"outofstock","11":"taxable","12":"shipping-taxable","13":"purchasable","14":"product-type-simple"},"acf":[],"yoast_head":"<!-- This site is optimized with the Yoast SEO plugin v27.0 - https:\/\/yoast.com\/product\/yoast-seo-wordpress\/ -->\n<title>The Braxtornette Project (CD) - Umlaut records<\/title>\n<meta name=\"robots\" content=\"index, follow, max-snippet:-1, max-image-preview:large, max-video-preview:-1\" \/>\n<link rel=\"canonical\" href=\"https:\/\/www.umlautrecords.com\/fr\/produit\/the-braxtornette-project-die-hochstapler\/\" \/>\n<meta property=\"og:locale\" content=\"fr_FR\" \/>\n<meta property=\"og:type\" content=\"article\" \/>\n<meta property=\"og:title\" content=\"The Braxtornette Project (CD) - Umlaut records\" \/>\n<meta property=\"og:description\" content=\"Cet enregistrement pr\u00e9sente l\u2019\u00e9volution de notre travail des deux derni\u00e8res ann\u00e9es en quatre parties sur 2 CDs. La premi\u00e8re partie peut \u00eatre vue&hellip;\" \/>\n<meta property=\"og:url\" content=\"https:\/\/www.umlautrecords.com\/fr\/produit\/the-braxtornette-project-die-hochstapler\/\" \/>\n<meta property=\"og:site_name\" content=\"Umlaut records\" \/>\n<meta property=\"article:publisher\" content=\"https:\/\/www.facebook.com\/umlautrecords\" \/>\n<meta property=\"article:modified_time\" content=\"2024-04-18T12:25:16+00:00\" \/>\n<meta property=\"og:image\" content=\"https:\/\/www.umlautrecords.com\/wp-content\/uploads\/2020\/06\/die-hochstapler-the-braxtornette-project.jpg\" \/>\n\t<meta property=\"og:image:width\" content=\"1479\" \/>\n\t<meta property=\"og:image:height\" content=\"1479\" \/>\n\t<meta property=\"og:image:type\" content=\"image\/jpeg\" \/>\n<meta name=\"twitter:card\" content=\"summary_large_image\" \/>\n<meta name=\"twitter:label1\" content=\"Dur\u00e9e de lecture estim\u00e9e\" \/>\n\t<meta name=\"twitter:data1\" content=\"1 minute\" \/>\n<script type=\"application\/ld+json\" class=\"yoast-schema-graph\">{\"@context\":\"https:\/\/schema.org\",\"@graph\":[{\"@type\":\"WebPage\",\"@id\":\"https:\/\/www.umlautrecords.com\/fr\/produit\/the-braxtornette-project-die-hochstapler\/\",\"url\":\"https:\/\/www.umlautrecords.com\/fr\/produit\/the-braxtornette-project-die-hochstapler\/\",\"name\":\"The Braxtornette Project (CD) - Umlaut records\",\"isPartOf\":{\"@id\":\"https:\/\/www.umlautrecords.com\/fr\/#website\"},\"primaryImageOfPage\":{\"@id\":\"https:\/\/www.umlautrecords.com\/fr\/produit\/the-braxtornette-project-die-hochstapler\/#primaryimage\"},\"image\":{\"@id\":\"https:\/\/www.umlautrecords.com\/fr\/produit\/the-braxtornette-project-die-hochstapler\/#primaryimage\"},\"thumbnailUrl\":\"https:\/\/www.umlautrecords.com\/wp-content\/uploads\/2020\/06\/die-hochstapler-the-braxtornette-project.jpg\",\"datePublished\":\"2013-10-23T14:03:12+00:00\",\"dateModified\":\"2024-04-18T12:25:16+00:00\",\"breadcrumb\":{\"@id\":\"https:\/\/www.umlautrecords.com\/fr\/produit\/the-braxtornette-project-die-hochstapler\/#breadcrumb\"},\"inLanguage\":\"fr-FR\",\"potentialAction\":[{\"@type\":\"ReadAction\",\"target\":[\"https:\/\/www.umlautrecords.com\/fr\/produit\/the-braxtornette-project-die-hochstapler\/\"]}]},{\"@type\":\"ImageObject\",\"inLanguage\":\"fr-FR\",\"@id\":\"https:\/\/www.umlautrecords.com\/fr\/produit\/the-braxtornette-project-die-hochstapler\/#primaryimage\",\"url\":\"https:\/\/www.umlautrecords.com\/wp-content\/uploads\/2020\/06\/die-hochstapler-the-braxtornette-project.jpg\",\"contentUrl\":\"https:\/\/www.umlautrecords.com\/wp-content\/uploads\/2020\/06\/die-hochstapler-the-braxtornette-project.jpg\",\"width\":1479,\"height\":1479},{\"@type\":\"BreadcrumbList\",\"@id\":\"https:\/\/www.umlautrecords.com\/fr\/produit\/the-braxtornette-project-die-hochstapler\/#breadcrumb\",\"itemListElement\":[{\"@type\":\"ListItem\",\"position\":1,\"name\":\"Accueil\",\"item\":\"https:\/\/www.umlautrecords.com\/fr\/\"},{\"@type\":\"ListItem\",\"position\":2,\"name\":\"Catalogue\",\"item\":\"https:\/\/www.umlautrecords.com\/fr\/shop\/\"},{\"@type\":\"ListItem\",\"position\":3,\"name\":\"The Braxtornette Project (CD)\"}]},{\"@type\":\"WebSite\",\"@id\":\"https:\/\/www.umlautrecords.com\/fr\/#website\",\"url\":\"https:\/\/www.umlautrecords.com\/fr\/\",\"name\":\"Umlaut records\",\"description\":\"transformation of sound\",\"publisher\":{\"@id\":\"https:\/\/www.umlautrecords.com\/fr\/#organization\"},\"potentialAction\":[{\"@type\":\"SearchAction\",\"target\":{\"@type\":\"EntryPoint\",\"urlTemplate\":\"https:\/\/www.umlautrecords.com\/fr\/?s={search_term_string}\"},\"query-input\":{\"@type\":\"PropertyValueSpecification\",\"valueRequired\":true,\"valueName\":\"search_term_string\"}}],\"inLanguage\":\"fr-FR\"},{\"@type\":\"Organization\",\"@id\":\"https:\/\/www.umlautrecords.com\/fr\/#organization\",\"name\":\"Umlaut records\",\"url\":\"https:\/\/www.umlautrecords.com\/fr\/\",\"logo\":{\"@type\":\"ImageObject\",\"inLanguage\":\"fr-FR\",\"@id\":\"https:\/\/www.umlautrecords.com\/fr\/#\/schema\/logo\/image\/\",\"url\":\"\",\"contentUrl\":\"\",\"caption\":\"Umlaut records\"},\"image\":{\"@id\":\"https:\/\/www.umlautrecords.com\/fr\/#\/schema\/logo\/image\/\"},\"sameAs\":[\"https:\/\/www.facebook.com\/umlautrecords\",\"https:\/\/www.instagram.com\/umlaut.records\/\",\"https:\/\/www.linkedin.com\/in\/umlaut-records-label-0678b7a4\/\",\"https:\/\/www.youtube.com\/user\/umsight\"]}]}<\/script>\n<!-- \/ Yoast SEO plugin. -->","yoast_head_json":{"title":"The Braxtornette Project (CD) - Umlaut records","robots":{"index":"index","follow":"follow","max-snippet":"max-snippet:-1","max-image-preview":"max-image-preview:large","max-video-preview":"max-video-preview:-1"},"canonical":"https:\/\/www.umlautrecords.com\/fr\/produit\/the-braxtornette-project-die-hochstapler\/","og_locale":"fr_FR","og_type":"article","og_title":"The Braxtornette Project (CD) - Umlaut records","og_description":"Cet enregistrement pr\u00e9sente l\u2019\u00e9volution de notre travail des deux derni\u00e8res ann\u00e9es en quatre parties sur 2 CDs. La premi\u00e8re partie peut \u00eatre vue&hellip;","og_url":"https:\/\/www.umlautrecords.com\/fr\/produit\/the-braxtornette-project-die-hochstapler\/","og_site_name":"Umlaut records","article_publisher":"https:\/\/www.facebook.com\/umlautrecords","article_modified_time":"2024-04-18T12:25:16+00:00","og_image":[{"width":1479,"height":1479,"url":"https:\/\/www.umlautrecords.com\/wp-content\/uploads\/2020\/06\/die-hochstapler-the-braxtornette-project.jpg","type":"image\/jpeg"}],"twitter_card":"summary_large_image","twitter_misc":{"Dur\u00e9e de lecture estim\u00e9e":"1 minute"},"schema":{"@context":"https:\/\/schema.org","@graph":[{"@type":"WebPage","@id":"https:\/\/www.umlautrecords.com\/fr\/produit\/the-braxtornette-project-die-hochstapler\/","url":"https:\/\/www.umlautrecords.com\/fr\/produit\/the-braxtornette-project-die-hochstapler\/","name":"The Braxtornette Project (CD) - Umlaut records","isPartOf":{"@id":"https:\/\/www.umlautrecords.com\/fr\/#website"},"primaryImageOfPage":{"@id":"https:\/\/www.umlautrecords.com\/fr\/produit\/the-braxtornette-project-die-hochstapler\/#primaryimage"},"image":{"@id":"https:\/\/www.umlautrecords.com\/fr\/produit\/the-braxtornette-project-die-hochstapler\/#primaryimage"},"thumbnailUrl":"https:\/\/www.umlautrecords.com\/wp-content\/uploads\/2020\/06\/die-hochstapler-the-braxtornette-project.jpg","datePublished":"2013-10-23T14:03:12+00:00","dateModified":"2024-04-18T12:25:16+00:00","breadcrumb":{"@id":"https:\/\/www.umlautrecords.com\/fr\/produit\/the-braxtornette-project-die-hochstapler\/#breadcrumb"},"inLanguage":"fr-FR","potentialAction":[{"@type":"ReadAction","target":["https:\/\/www.umlautrecords.com\/fr\/produit\/the-braxtornette-project-die-hochstapler\/"]}]},{"@type":"ImageObject","inLanguage":"fr-FR","@id":"https:\/\/www.umlautrecords.com\/fr\/produit\/the-braxtornette-project-die-hochstapler\/#primaryimage","url":"https:\/\/www.umlautrecords.com\/wp-content\/uploads\/2020\/06\/die-hochstapler-the-braxtornette-project.jpg","contentUrl":"https:\/\/www.umlautrecords.com\/wp-content\/uploads\/2020\/06\/die-hochstapler-the-braxtornette-project.jpg","width":1479,"height":1479},{"@type":"BreadcrumbList","@id":"https:\/\/www.umlautrecords.com\/fr\/produit\/the-braxtornette-project-die-hochstapler\/#breadcrumb","itemListElement":[{"@type":"ListItem","position":1,"name":"Accueil","item":"https:\/\/www.umlautrecords.com\/fr\/"},{"@type":"ListItem","position":2,"name":"Catalogue","item":"https:\/\/www.umlautrecords.com\/fr\/shop\/"},{"@type":"ListItem","position":3,"name":"The Braxtornette Project (CD)"}]},{"@type":"WebSite","@id":"https:\/\/www.umlautrecords.com\/fr\/#website","url":"https:\/\/www.umlautrecords.com\/fr\/","name":"Umlaut records","description":"transformation of sound","publisher":{"@id":"https:\/\/www.umlautrecords.com\/fr\/#organization"},"potentialAction":[{"@type":"SearchAction","target":{"@type":"EntryPoint","urlTemplate":"https:\/\/www.umlautrecords.com\/fr\/?s={search_term_string}"},"query-input":{"@type":"PropertyValueSpecification","valueRequired":true,"valueName":"search_term_string"}}],"inLanguage":"fr-FR"},{"@type":"Organization","@id":"https:\/\/www.umlautrecords.com\/fr\/#organization","name":"Umlaut records","url":"https:\/\/www.umlautrecords.com\/fr\/","logo":{"@type":"ImageObject","inLanguage":"fr-FR","@id":"https:\/\/www.umlautrecords.com\/fr\/#\/schema\/logo\/image\/","url":"","contentUrl":"","caption":"Umlaut records"},"image":{"@id":"https:\/\/www.umlautrecords.com\/fr\/#\/schema\/logo\/image\/"},"sameAs":["https:\/\/www.facebook.com\/umlautrecords","https:\/\/www.instagram.com\/umlaut.records\/","https:\/\/www.linkedin.com\/in\/umlaut-records-label-0678b7a4\/","https:\/\/www.youtube.com\/user\/umsight"]}]}},"_links":{"self":[{"href":"https:\/\/www.umlautrecords.com\/fr\/wp-json\/wp\/v2\/product\/578","targetHints":{"allow":["GET"]}}],"collection":[{"href":"https:\/\/www.umlautrecords.com\/fr\/wp-json\/wp\/v2\/product"}],"about":[{"href":"https:\/\/www.umlautrecords.com\/fr\/wp-json\/wp\/v2\/types\/product"}],"wp:featuredmedia":[{"embeddable":true,"href":"https:\/\/www.umlautrecords.com\/fr\/wp-json\/wp\/v2\/media\/582"}],"wp:attachment":[{"href":"https:\/\/www.umlautrecords.com\/fr\/wp-json\/wp\/v2\/media?parent=578"}],"wp:term":[{"taxonomy":"product_brand","embeddable":true,"href":"https:\/\/www.umlautrecords.com\/fr\/wp-json\/wp\/v2\/product_brand?post=578"},{"taxonomy":"product_cat","embeddable":true,"href":"https:\/\/www.umlautrecords.com\/fr\/wp-json\/wp\/v2\/product_cat?post=578"},{"taxonomy":"product_tag","embeddable":true,"href":"https:\/\/www.umlautrecords.com\/fr\/wp-json\/wp\/v2\/product_tag?post=578"}],"curies":[{"name":"wp","href":"https:\/\/api.w.org\/{rel}","templated":true}]}}