{"id":576,"date":"2015-02-23T15:52:14","date_gmt":"2015-02-23T14:52:14","guid":{"rendered":"http:\/\/116.203.103.232\/umlaut\/?post_type=product&#038;p=576"},"modified":"2025-07-24T12:12:26","modified_gmt":"2025-07-24T10:12:26","slug":"changes-ii-hannes-buder","status":"publish","type":"product","link":"https:\/\/www.umlautrecords.com\/fr\/produit\/changes-ii-hannes-buder\/","title":{"rendered":"Changes II (LP)"},"content":{"rendered":"<p><span style=\"font-weight: 400;\">Version num\u00e9rique disponible sur <a href=\"https:\/\/umlautrecords.bandcamp.com\/album\/changes-ii-2\">Bandcamp<\/a>.<\/span><\/p>\n<p><span style=\"font-weight: 400;\">Avec ce LP solo, le guitariste Hannes Buder poursuit sa collaboration avec Umlaut Records suite \u00e0 la sortie en 2013 de [ro] en duo avec Hannes Lingens. La musique trouve son pendant avec cette couverture \u00e0 la beaut\u00e9 \u00e9trange, une nouvelle contribution de Michal Fuchs.<\/span><\/p>\n<p><span style=\"font-weight: 400;\">Cela fait presque dix ans que Buder a produit son premier album solo : \u201copenyoureyescloseyoureyes\u201d. En dix ans le musicien bas\u00e9 \u00e0 Berlin a fait quelques centaines de concerts solos autour du monde, collabor\u00e9 avec une longue liste d\u2019improvisateurs, compos\u00e9 pour des grands et petits ensembles et sorti plusieurs CDs avec diff\u00e9rents groupes et projets. Nombre de ces influences se retrouvent dans la musique enregistr\u00e9e sur ce disque.<\/span><\/p>\n<p><span style=\"font-weight: 400;\">Le CD pr\u00e9sente des compositions et des improvisations du guitariste, ainsi qu\u2019une collection de chansons du folklore allemand peu connues, qui deviennent des morceaux de blues abstraits entre les mains de Buder. Apparemment simple, la musique d\u00e9voile une complexit\u00e9 stup\u00e9fiante plus on l\u2019\u00e9coute. Bien que la plupart de ces morceaux aient \u00e9t\u00e9 enregistr\u00e9s en une seule prise sans montage, ce travail est le r\u00e9sultat d\u2019une longue recherche, d\u2019une s\u00e9rie de tentatives et d\u2019erreurs jusqu\u2019\u00e0 obtenir les conditions satisfaisantes pour produire ce discours clair et sinc\u00e8re.<\/span><\/p>\n<p><span style=\"font-weight: 400;\">Pour exprimer son propos, Buder utilise des moyens vari\u00e9s : non seulement il compl\u00e8te sa guitare Hebert Wurlitzer 1950 d\u2019un archet de violon, d\u2019effets et de pr\u00e9parations, mais il utilise aussi une fl\u00fbte et un vieil harmonium.<br \/>\n<\/span><span style=\"font-weight: 400;\">Dans sa pure honn\u00eatet\u00e9, sa clart\u00e9 et sa maturit\u00e9, cet enregistrement rappelle les g\u00e9niaux albums de guitare solo de John Fahey, Fred Frith, Derek Bailey, Loren Connors. On assiste au dialogue d\u2019un artiste avec son instrument, lui-m\u00eame \u00e9tant autant auditeur que nous. Dans l\u2019intimit\u00e9 de cette conversation, la musique nous parvient sans filtre, pure. &#8211; Hannes Lingens, janvier 2015.<\/span><\/p>\n","protected":false},"excerpt":{"rendered":"<p>Version num\u00e9rique disponible sur Bandcamp. Avec ce LP solo, le guitariste Hannes Buder poursuit sa collaboration avec Umlaut Records suite \u00e0 la sortie&hellip;<\/p>\n","protected":false},"featured_media":577,"template":"","meta":{"_acf_changed":false},"product_brand":[],"product_cat":[29],"product_tag":[],"class_list":{"0":"post-576","1":"product","2":"type-product","3":"status-publish","4":"has-post-thumbnail","6":"product_cat-album","7":"product_shipping_class-vinyle","9":"first","10":"outofstock","11":"taxable","12":"shipping-taxable","13":"purchasable","14":"product-type-simple"},"acf":[],"yoast_head":"<!-- This site is optimized with the Yoast SEO plugin v27.0 - https:\/\/yoast.com\/product\/yoast-seo-wordpress\/ -->\n<title>Changes II (LP) - Umlaut records<\/title>\n<meta name=\"robots\" content=\"index, follow, max-snippet:-1, max-image-preview:large, max-video-preview:-1\" \/>\n<link rel=\"canonical\" href=\"https:\/\/www.umlautrecords.com\/fr\/produit\/changes-ii-hannes-buder\/\" \/>\n<meta property=\"og:locale\" content=\"fr_FR\" \/>\n<meta property=\"og:type\" content=\"article\" \/>\n<meta property=\"og:title\" content=\"Changes II (LP) - Umlaut records\" \/>\n<meta property=\"og:description\" content=\"Version num\u00e9rique disponible sur Bandcamp. Avec ce LP solo, le guitariste Hannes Buder poursuit sa collaboration avec Umlaut Records suite \u00e0 la sortie&hellip;\" \/>\n<meta property=\"og:url\" content=\"https:\/\/www.umlautrecords.com\/fr\/produit\/changes-ii-hannes-buder\/\" \/>\n<meta property=\"og:site_name\" content=\"Umlaut records\" \/>\n<meta property=\"article:publisher\" content=\"https:\/\/www.facebook.com\/umlautrecords\" \/>\n<meta property=\"article:modified_time\" content=\"2025-07-24T10:12:26+00:00\" \/>\n<meta property=\"og:image\" content=\"https:\/\/www.umlautrecords.com\/wp-content\/uploads\/2020\/06\/changes-ii-hannes-buder.jpg\" \/>\n\t<meta property=\"og:image:width\" content=\"1772\" \/>\n\t<meta property=\"og:image:height\" content=\"1772\" \/>\n\t<meta property=\"og:image:type\" content=\"image\/jpeg\" \/>\n<meta name=\"twitter:card\" content=\"summary_large_image\" \/>\n<meta name=\"twitter:label1\" content=\"Dur\u00e9e de lecture estim\u00e9e\" \/>\n\t<meta name=\"twitter:data1\" content=\"2 minutes\" \/>\n<script type=\"application\/ld+json\" class=\"yoast-schema-graph\">{\"@context\":\"https:\/\/schema.org\",\"@graph\":[{\"@type\":\"WebPage\",\"@id\":\"https:\/\/www.umlautrecords.com\/fr\/produit\/changes-ii-hannes-buder\/\",\"url\":\"https:\/\/www.umlautrecords.com\/fr\/produit\/changes-ii-hannes-buder\/\",\"name\":\"Changes II (LP) - Umlaut records\",\"isPartOf\":{\"@id\":\"https:\/\/www.umlautrecords.com\/fr\/#website\"},\"primaryImageOfPage\":{\"@id\":\"https:\/\/www.umlautrecords.com\/fr\/produit\/changes-ii-hannes-buder\/#primaryimage\"},\"image\":{\"@id\":\"https:\/\/www.umlautrecords.com\/fr\/produit\/changes-ii-hannes-buder\/#primaryimage\"},\"thumbnailUrl\":\"https:\/\/www.umlautrecords.com\/wp-content\/uploads\/2020\/06\/changes-ii-hannes-buder.jpg\",\"datePublished\":\"2015-02-23T14:52:14+00:00\",\"dateModified\":\"2025-07-24T10:12:26+00:00\",\"breadcrumb\":{\"@id\":\"https:\/\/www.umlautrecords.com\/fr\/produit\/changes-ii-hannes-buder\/#breadcrumb\"},\"inLanguage\":\"fr-FR\",\"potentialAction\":[{\"@type\":\"ReadAction\",\"target\":[\"https:\/\/www.umlautrecords.com\/fr\/produit\/changes-ii-hannes-buder\/\"]}]},{\"@type\":\"ImageObject\",\"inLanguage\":\"fr-FR\",\"@id\":\"https:\/\/www.umlautrecords.com\/fr\/produit\/changes-ii-hannes-buder\/#primaryimage\",\"url\":\"https:\/\/www.umlautrecords.com\/wp-content\/uploads\/2020\/06\/changes-ii-hannes-buder.jpg\",\"contentUrl\":\"https:\/\/www.umlautrecords.com\/wp-content\/uploads\/2020\/06\/changes-ii-hannes-buder.jpg\",\"width\":1772,\"height\":1772,\"caption\":\"Changes II\"},{\"@type\":\"BreadcrumbList\",\"@id\":\"https:\/\/www.umlautrecords.com\/fr\/produit\/changes-ii-hannes-buder\/#breadcrumb\",\"itemListElement\":[{\"@type\":\"ListItem\",\"position\":1,\"name\":\"Accueil\",\"item\":\"https:\/\/www.umlautrecords.com\/fr\/\"},{\"@type\":\"ListItem\",\"position\":2,\"name\":\"Catalogue\",\"item\":\"https:\/\/www.umlautrecords.com\/fr\/shop\/\"},{\"@type\":\"ListItem\",\"position\":3,\"name\":\"Changes II (LP)\"}]},{\"@type\":\"WebSite\",\"@id\":\"https:\/\/www.umlautrecords.com\/fr\/#website\",\"url\":\"https:\/\/www.umlautrecords.com\/fr\/\",\"name\":\"Umlaut records\",\"description\":\"transformation of sound\",\"publisher\":{\"@id\":\"https:\/\/www.umlautrecords.com\/fr\/#organization\"},\"potentialAction\":[{\"@type\":\"SearchAction\",\"target\":{\"@type\":\"EntryPoint\",\"urlTemplate\":\"https:\/\/www.umlautrecords.com\/fr\/?s={search_term_string}\"},\"query-input\":{\"@type\":\"PropertyValueSpecification\",\"valueRequired\":true,\"valueName\":\"search_term_string\"}}],\"inLanguage\":\"fr-FR\"},{\"@type\":\"Organization\",\"@id\":\"https:\/\/www.umlautrecords.com\/fr\/#organization\",\"name\":\"Umlaut records\",\"url\":\"https:\/\/www.umlautrecords.com\/fr\/\",\"logo\":{\"@type\":\"ImageObject\",\"inLanguage\":\"fr-FR\",\"@id\":\"https:\/\/www.umlautrecords.com\/fr\/#\/schema\/logo\/image\/\",\"url\":\"\",\"contentUrl\":\"\",\"caption\":\"Umlaut records\"},\"image\":{\"@id\":\"https:\/\/www.umlautrecords.com\/fr\/#\/schema\/logo\/image\/\"},\"sameAs\":[\"https:\/\/www.facebook.com\/umlautrecords\",\"https:\/\/www.instagram.com\/umlaut.records\/\",\"https:\/\/www.linkedin.com\/in\/umlaut-records-label-0678b7a4\/\",\"https:\/\/www.youtube.com\/user\/umsight\"]}]}<\/script>\n<!-- \/ Yoast SEO plugin. -->","yoast_head_json":{"title":"Changes II (LP) - Umlaut records","robots":{"index":"index","follow":"follow","max-snippet":"max-snippet:-1","max-image-preview":"max-image-preview:large","max-video-preview":"max-video-preview:-1"},"canonical":"https:\/\/www.umlautrecords.com\/fr\/produit\/changes-ii-hannes-buder\/","og_locale":"fr_FR","og_type":"article","og_title":"Changes II (LP) - Umlaut records","og_description":"Version num\u00e9rique disponible sur Bandcamp. Avec ce LP solo, le guitariste Hannes Buder poursuit sa collaboration avec Umlaut Records suite \u00e0 la sortie&hellip;","og_url":"https:\/\/www.umlautrecords.com\/fr\/produit\/changes-ii-hannes-buder\/","og_site_name":"Umlaut records","article_publisher":"https:\/\/www.facebook.com\/umlautrecords","article_modified_time":"2025-07-24T10:12:26+00:00","og_image":[{"width":1772,"height":1772,"url":"https:\/\/www.umlautrecords.com\/wp-content\/uploads\/2020\/06\/changes-ii-hannes-buder.jpg","type":"image\/jpeg"}],"twitter_card":"summary_large_image","twitter_misc":{"Dur\u00e9e de lecture estim\u00e9e":"2 minutes"},"schema":{"@context":"https:\/\/schema.org","@graph":[{"@type":"WebPage","@id":"https:\/\/www.umlautrecords.com\/fr\/produit\/changes-ii-hannes-buder\/","url":"https:\/\/www.umlautrecords.com\/fr\/produit\/changes-ii-hannes-buder\/","name":"Changes II (LP) - Umlaut records","isPartOf":{"@id":"https:\/\/www.umlautrecords.com\/fr\/#website"},"primaryImageOfPage":{"@id":"https:\/\/www.umlautrecords.com\/fr\/produit\/changes-ii-hannes-buder\/#primaryimage"},"image":{"@id":"https:\/\/www.umlautrecords.com\/fr\/produit\/changes-ii-hannes-buder\/#primaryimage"},"thumbnailUrl":"https:\/\/www.umlautrecords.com\/wp-content\/uploads\/2020\/06\/changes-ii-hannes-buder.jpg","datePublished":"2015-02-23T14:52:14+00:00","dateModified":"2025-07-24T10:12:26+00:00","breadcrumb":{"@id":"https:\/\/www.umlautrecords.com\/fr\/produit\/changes-ii-hannes-buder\/#breadcrumb"},"inLanguage":"fr-FR","potentialAction":[{"@type":"ReadAction","target":["https:\/\/www.umlautrecords.com\/fr\/produit\/changes-ii-hannes-buder\/"]}]},{"@type":"ImageObject","inLanguage":"fr-FR","@id":"https:\/\/www.umlautrecords.com\/fr\/produit\/changes-ii-hannes-buder\/#primaryimage","url":"https:\/\/www.umlautrecords.com\/wp-content\/uploads\/2020\/06\/changes-ii-hannes-buder.jpg","contentUrl":"https:\/\/www.umlautrecords.com\/wp-content\/uploads\/2020\/06\/changes-ii-hannes-buder.jpg","width":1772,"height":1772,"caption":"Changes II"},{"@type":"BreadcrumbList","@id":"https:\/\/www.umlautrecords.com\/fr\/produit\/changes-ii-hannes-buder\/#breadcrumb","itemListElement":[{"@type":"ListItem","position":1,"name":"Accueil","item":"https:\/\/www.umlautrecords.com\/fr\/"},{"@type":"ListItem","position":2,"name":"Catalogue","item":"https:\/\/www.umlautrecords.com\/fr\/shop\/"},{"@type":"ListItem","position":3,"name":"Changes II (LP)"}]},{"@type":"WebSite","@id":"https:\/\/www.umlautrecords.com\/fr\/#website","url":"https:\/\/www.umlautrecords.com\/fr\/","name":"Umlaut records","description":"transformation of sound","publisher":{"@id":"https:\/\/www.umlautrecords.com\/fr\/#organization"},"potentialAction":[{"@type":"SearchAction","target":{"@type":"EntryPoint","urlTemplate":"https:\/\/www.umlautrecords.com\/fr\/?s={search_term_string}"},"query-input":{"@type":"PropertyValueSpecification","valueRequired":true,"valueName":"search_term_string"}}],"inLanguage":"fr-FR"},{"@type":"Organization","@id":"https:\/\/www.umlautrecords.com\/fr\/#organization","name":"Umlaut records","url":"https:\/\/www.umlautrecords.com\/fr\/","logo":{"@type":"ImageObject","inLanguage":"fr-FR","@id":"https:\/\/www.umlautrecords.com\/fr\/#\/schema\/logo\/image\/","url":"","contentUrl":"","caption":"Umlaut records"},"image":{"@id":"https:\/\/www.umlautrecords.com\/fr\/#\/schema\/logo\/image\/"},"sameAs":["https:\/\/www.facebook.com\/umlautrecords","https:\/\/www.instagram.com\/umlaut.records\/","https:\/\/www.linkedin.com\/in\/umlaut-records-label-0678b7a4\/","https:\/\/www.youtube.com\/user\/umsight"]}]}},"_links":{"self":[{"href":"https:\/\/www.umlautrecords.com\/fr\/wp-json\/wp\/v2\/product\/576","targetHints":{"allow":["GET"]}}],"collection":[{"href":"https:\/\/www.umlautrecords.com\/fr\/wp-json\/wp\/v2\/product"}],"about":[{"href":"https:\/\/www.umlautrecords.com\/fr\/wp-json\/wp\/v2\/types\/product"}],"wp:featuredmedia":[{"embeddable":true,"href":"https:\/\/www.umlautrecords.com\/fr\/wp-json\/wp\/v2\/media\/577"}],"wp:attachment":[{"href":"https:\/\/www.umlautrecords.com\/fr\/wp-json\/wp\/v2\/media?parent=576"}],"wp:term":[{"taxonomy":"product_brand","embeddable":true,"href":"https:\/\/www.umlautrecords.com\/fr\/wp-json\/wp\/v2\/product_brand?post=576"},{"taxonomy":"product_cat","embeddable":true,"href":"https:\/\/www.umlautrecords.com\/fr\/wp-json\/wp\/v2\/product_cat?post=576"},{"taxonomy":"product_tag","embeddable":true,"href":"https:\/\/www.umlautrecords.com\/fr\/wp-json\/wp\/v2\/product_tag?post=576"}],"curies":[{"name":"wp","href":"https:\/\/api.w.org\/{rel}","templated":true}]}}