{"id":573,"date":"2018-11-22T15:10:08","date_gmt":"2018-11-22T14:10:08","guid":{"rendered":"http:\/\/116.203.103.232\/umlaut\/?post_type=product&#038;p=573"},"modified":"2024-03-12T15:18:26","modified_gmt":"2024-03-12T14:18:26","slug":"the-quick-brown-fox-jumps-over-the-lazy-dog-cd-die-hochstapler-copie","status":"publish","type":"product","link":"https:\/\/www.umlautrecords.com\/fr\/produit\/the-quick-brown-fox-jumps-over-the-lazy-dog-cd-die-hochstapler-copie\/","title":{"rendered":"The Quick Brown Fox Jumps Over the Lazy Dog (CD,LP)"},"content":{"rendered":"<p>Version num\u00e9rique disponible sur <a href=\"https:\/\/umlautrecords.bandcamp.com\/album\/the-quick-brown-fox-jumps-over-the-lazy-dog\">Bandcamp<\/a>.<\/p>\n<p><span style=\"font-weight: 400;\">Apr\u00e8s s\u2019\u00eatre consacr\u00e9s aux concepts d\u2019Anthony Braxton et d\u2019Ornette Coleman et invent\u00e9 l\u2019alter ego collectif Alvin P. Buckley comme cerveau de leur deuxi\u00e8me album, Die Hochstapler a officiellement d\u00e9clar\u00e9 la mort d\u2019Alvin P. avec ce troisi\u00e8me album, et est arriv\u00e9 \u00e0 une musique enti\u00e8rement leurs.<\/span><\/p>\n<p><span style=\"font-weight: 400;\">Le titre est tir\u00e9 d\u2019un exercice litt\u00e9raire qui consiste \u00e0 construire une phrase comprenant toutes les lettres de l\u2019alphabet. Ce n\u2019est pas une coincidence, car quatre des six morceaux pr\u00e9sent\u00e9s ici sont bas\u00e9s sur une alphabet musical d\u00e9velopp\u00e9 collectivement. Il ne faut cependant pas s\u2019attendre \u00e0 un exercice aride : la musique va de la romance rustique de \u201cDear Margherita\u201d en passant par \u201cThe Music of Alvin P. Buckley\u201d et l\u2019\u00e9tonnamment s\u00e9rieuse \u201cThe Fox\u201d jusqu\u2019\u00e0 la zeniforme \u201cAPB is dead\u201d. Les deux derniers morceaux sont deux moiti\u00e9s de l\u2019Opus Magnum de Die Hochstapler \u201cPrima &#8211; Di Prima\u201d, une contemplation \u00e0 quatre de plus d\u2019une demi-heure sur la notion de cause \u00e0 effet.<\/span><\/p>\n","protected":false},"excerpt":{"rendered":"<p>Version num\u00e9rique disponible sur Bandcamp. Apr\u00e8s s\u2019\u00eatre consacr\u00e9s aux concepts d\u2019Anthony Braxton et d\u2019Ornette Coleman et invent\u00e9 l\u2019alter ego collectif Alvin P. Buckley&hellip;<\/p>\n","protected":false},"featured_media":334,"template":"","meta":{"_acf_changed":false},"product_brand":[],"product_cat":[29],"product_tag":[],"class_list":{"0":"post-573","1":"product","2":"type-product","3":"status-publish","4":"has-post-thumbnail","6":"product_cat-album","7":"product_shipping_class-cd","9":"first","10":"instock","11":"taxable","12":"shipping-taxable","13":"purchasable","14":"product-type-variable"},"acf":[],"yoast_head":"<!-- This site is optimized with the Yoast SEO plugin v27.0 - https:\/\/yoast.com\/product\/yoast-seo-wordpress\/ -->\n<title>The Quick Brown Fox Jumps Over the Lazy Dog (CD,LP) - Umlaut records<\/title>\n<meta name=\"robots\" content=\"index, follow, max-snippet:-1, max-image-preview:large, max-video-preview:-1\" \/>\n<link rel=\"canonical\" href=\"https:\/\/www.umlautrecords.com\/fr\/produit\/the-quick-brown-fox-jumps-over-the-lazy-dog-cd-die-hochstapler-copie\/\" \/>\n<meta property=\"og:locale\" content=\"fr_FR\" \/>\n<meta property=\"og:type\" content=\"article\" \/>\n<meta property=\"og:title\" content=\"The Quick Brown Fox Jumps Over the Lazy Dog (CD,LP) - Umlaut records\" \/>\n<meta property=\"og:description\" content=\"Version num\u00e9rique disponible sur Bandcamp. Apr\u00e8s s\u2019\u00eatre consacr\u00e9s aux concepts d\u2019Anthony Braxton et d\u2019Ornette Coleman et invent\u00e9 l\u2019alter ego collectif Alvin P. Buckley&hellip;\" \/>\n<meta property=\"og:url\" content=\"https:\/\/www.umlautrecords.com\/fr\/produit\/the-quick-brown-fox-jumps-over-the-lazy-dog-cd-die-hochstapler-copie\/\" \/>\n<meta property=\"og:site_name\" content=\"Umlaut records\" \/>\n<meta property=\"article:publisher\" content=\"https:\/\/www.facebook.com\/umlautrecords\" \/>\n<meta property=\"article:modified_time\" content=\"2024-03-12T14:18:26+00:00\" \/>\n<meta property=\"og:image\" content=\"https:\/\/www.umlautrecords.com\/wp-content\/uploads\/2020\/04\/the-quick-brown-fox-front-72dpi-768x768.jpg\" \/>\n\t<meta property=\"og:image:width\" content=\"768\" \/>\n\t<meta property=\"og:image:height\" content=\"768\" \/>\n\t<meta property=\"og:image:type\" content=\"image\/jpeg\" \/>\n<meta name=\"twitter:card\" content=\"summary_large_image\" \/>\n<meta name=\"twitter:label1\" content=\"Dur\u00e9e de lecture estim\u00e9e\" \/>\n\t<meta name=\"twitter:data1\" content=\"1 minute\" \/>\n<script type=\"application\/ld+json\" class=\"yoast-schema-graph\">{\"@context\":\"https:\/\/schema.org\",\"@graph\":[{\"@type\":\"WebPage\",\"@id\":\"https:\/\/www.umlautrecords.com\/fr\/produit\/the-quick-brown-fox-jumps-over-the-lazy-dog-cd-die-hochstapler-copie\/\",\"url\":\"https:\/\/www.umlautrecords.com\/fr\/produit\/the-quick-brown-fox-jumps-over-the-lazy-dog-cd-die-hochstapler-copie\/\",\"name\":\"The Quick Brown Fox Jumps Over the Lazy Dog (CD,LP) - Umlaut records\",\"isPartOf\":{\"@id\":\"https:\/\/www.umlautrecords.com\/fr\/#website\"},\"primaryImageOfPage\":{\"@id\":\"https:\/\/www.umlautrecords.com\/fr\/produit\/the-quick-brown-fox-jumps-over-the-lazy-dog-cd-die-hochstapler-copie\/#primaryimage\"},\"image\":{\"@id\":\"https:\/\/www.umlautrecords.com\/fr\/produit\/the-quick-brown-fox-jumps-over-the-lazy-dog-cd-die-hochstapler-copie\/#primaryimage\"},\"thumbnailUrl\":\"https:\/\/www.umlautrecords.com\/wp-content\/uploads\/2020\/04\/the-quick-brown-fox-front-72dpi-768x768.jpg\",\"datePublished\":\"2018-11-22T14:10:08+00:00\",\"dateModified\":\"2024-03-12T14:18:26+00:00\",\"breadcrumb\":{\"@id\":\"https:\/\/www.umlautrecords.com\/fr\/produit\/the-quick-brown-fox-jumps-over-the-lazy-dog-cd-die-hochstapler-copie\/#breadcrumb\"},\"inLanguage\":\"fr-FR\",\"potentialAction\":[{\"@type\":\"ReadAction\",\"target\":[\"https:\/\/www.umlautrecords.com\/fr\/produit\/the-quick-brown-fox-jumps-over-the-lazy-dog-cd-die-hochstapler-copie\/\"]}]},{\"@type\":\"ImageObject\",\"inLanguage\":\"fr-FR\",\"@id\":\"https:\/\/www.umlautrecords.com\/fr\/produit\/the-quick-brown-fox-jumps-over-the-lazy-dog-cd-die-hochstapler-copie\/#primaryimage\",\"url\":\"https:\/\/www.umlautrecords.com\/wp-content\/uploads\/2020\/04\/the-quick-brown-fox-front-72dpi-768x768.jpg\",\"contentUrl\":\"https:\/\/www.umlautrecords.com\/wp-content\/uploads\/2020\/04\/the-quick-brown-fox-front-72dpi-768x768.jpg\",\"width\":768,\"height\":768},{\"@type\":\"BreadcrumbList\",\"@id\":\"https:\/\/www.umlautrecords.com\/fr\/produit\/the-quick-brown-fox-jumps-over-the-lazy-dog-cd-die-hochstapler-copie\/#breadcrumb\",\"itemListElement\":[{\"@type\":\"ListItem\",\"position\":1,\"name\":\"Accueil\",\"item\":\"https:\/\/www.umlautrecords.com\/fr\/\"},{\"@type\":\"ListItem\",\"position\":2,\"name\":\"Catalogue\",\"item\":\"https:\/\/www.umlautrecords.com\/fr\/shop\/\"},{\"@type\":\"ListItem\",\"position\":3,\"name\":\"The Quick Brown Fox Jumps Over the Lazy Dog (CD,LP)\"}]},{\"@type\":\"WebSite\",\"@id\":\"https:\/\/www.umlautrecords.com\/fr\/#website\",\"url\":\"https:\/\/www.umlautrecords.com\/fr\/\",\"name\":\"Umlaut records\",\"description\":\"transformation of sound\",\"publisher\":{\"@id\":\"https:\/\/www.umlautrecords.com\/fr\/#organization\"},\"potentialAction\":[{\"@type\":\"SearchAction\",\"target\":{\"@type\":\"EntryPoint\",\"urlTemplate\":\"https:\/\/www.umlautrecords.com\/fr\/?s={search_term_string}\"},\"query-input\":{\"@type\":\"PropertyValueSpecification\",\"valueRequired\":true,\"valueName\":\"search_term_string\"}}],\"inLanguage\":\"fr-FR\"},{\"@type\":\"Organization\",\"@id\":\"https:\/\/www.umlautrecords.com\/fr\/#organization\",\"name\":\"Umlaut records\",\"url\":\"https:\/\/www.umlautrecords.com\/fr\/\",\"logo\":{\"@type\":\"ImageObject\",\"inLanguage\":\"fr-FR\",\"@id\":\"https:\/\/www.umlautrecords.com\/fr\/#\/schema\/logo\/image\/\",\"url\":\"\",\"contentUrl\":\"\",\"caption\":\"Umlaut records\"},\"image\":{\"@id\":\"https:\/\/www.umlautrecords.com\/fr\/#\/schema\/logo\/image\/\"},\"sameAs\":[\"https:\/\/www.facebook.com\/umlautrecords\",\"https:\/\/www.instagram.com\/umlaut.records\/\",\"https:\/\/www.linkedin.com\/in\/umlaut-records-label-0678b7a4\/\",\"https:\/\/www.youtube.com\/user\/umsight\"]}]}<\/script>\n<!-- \/ Yoast SEO plugin. -->","yoast_head_json":{"title":"The Quick Brown Fox Jumps Over the Lazy Dog (CD,LP) - Umlaut records","robots":{"index":"index","follow":"follow","max-snippet":"max-snippet:-1","max-image-preview":"max-image-preview:large","max-video-preview":"max-video-preview:-1"},"canonical":"https:\/\/www.umlautrecords.com\/fr\/produit\/the-quick-brown-fox-jumps-over-the-lazy-dog-cd-die-hochstapler-copie\/","og_locale":"fr_FR","og_type":"article","og_title":"The Quick Brown Fox Jumps Over the Lazy Dog (CD,LP) - Umlaut records","og_description":"Version num\u00e9rique disponible sur Bandcamp. Apr\u00e8s s\u2019\u00eatre consacr\u00e9s aux concepts d\u2019Anthony Braxton et d\u2019Ornette Coleman et invent\u00e9 l\u2019alter ego collectif Alvin P. Buckley&hellip;","og_url":"https:\/\/www.umlautrecords.com\/fr\/produit\/the-quick-brown-fox-jumps-over-the-lazy-dog-cd-die-hochstapler-copie\/","og_site_name":"Umlaut records","article_publisher":"https:\/\/www.facebook.com\/umlautrecords","article_modified_time":"2024-03-12T14:18:26+00:00","og_image":[{"width":768,"height":768,"url":"https:\/\/www.umlautrecords.com\/wp-content\/uploads\/2020\/04\/the-quick-brown-fox-front-72dpi-768x768.jpg","type":"image\/jpeg"}],"twitter_card":"summary_large_image","twitter_misc":{"Dur\u00e9e de lecture estim\u00e9e":"1 minute"},"schema":{"@context":"https:\/\/schema.org","@graph":[{"@type":"WebPage","@id":"https:\/\/www.umlautrecords.com\/fr\/produit\/the-quick-brown-fox-jumps-over-the-lazy-dog-cd-die-hochstapler-copie\/","url":"https:\/\/www.umlautrecords.com\/fr\/produit\/the-quick-brown-fox-jumps-over-the-lazy-dog-cd-die-hochstapler-copie\/","name":"The Quick Brown Fox Jumps Over the Lazy Dog (CD,LP) - Umlaut records","isPartOf":{"@id":"https:\/\/www.umlautrecords.com\/fr\/#website"},"primaryImageOfPage":{"@id":"https:\/\/www.umlautrecords.com\/fr\/produit\/the-quick-brown-fox-jumps-over-the-lazy-dog-cd-die-hochstapler-copie\/#primaryimage"},"image":{"@id":"https:\/\/www.umlautrecords.com\/fr\/produit\/the-quick-brown-fox-jumps-over-the-lazy-dog-cd-die-hochstapler-copie\/#primaryimage"},"thumbnailUrl":"https:\/\/www.umlautrecords.com\/wp-content\/uploads\/2020\/04\/the-quick-brown-fox-front-72dpi-768x768.jpg","datePublished":"2018-11-22T14:10:08+00:00","dateModified":"2024-03-12T14:18:26+00:00","breadcrumb":{"@id":"https:\/\/www.umlautrecords.com\/fr\/produit\/the-quick-brown-fox-jumps-over-the-lazy-dog-cd-die-hochstapler-copie\/#breadcrumb"},"inLanguage":"fr-FR","potentialAction":[{"@type":"ReadAction","target":["https:\/\/www.umlautrecords.com\/fr\/produit\/the-quick-brown-fox-jumps-over-the-lazy-dog-cd-die-hochstapler-copie\/"]}]},{"@type":"ImageObject","inLanguage":"fr-FR","@id":"https:\/\/www.umlautrecords.com\/fr\/produit\/the-quick-brown-fox-jumps-over-the-lazy-dog-cd-die-hochstapler-copie\/#primaryimage","url":"https:\/\/www.umlautrecords.com\/wp-content\/uploads\/2020\/04\/the-quick-brown-fox-front-72dpi-768x768.jpg","contentUrl":"https:\/\/www.umlautrecords.com\/wp-content\/uploads\/2020\/04\/the-quick-brown-fox-front-72dpi-768x768.jpg","width":768,"height":768},{"@type":"BreadcrumbList","@id":"https:\/\/www.umlautrecords.com\/fr\/produit\/the-quick-brown-fox-jumps-over-the-lazy-dog-cd-die-hochstapler-copie\/#breadcrumb","itemListElement":[{"@type":"ListItem","position":1,"name":"Accueil","item":"https:\/\/www.umlautrecords.com\/fr\/"},{"@type":"ListItem","position":2,"name":"Catalogue","item":"https:\/\/www.umlautrecords.com\/fr\/shop\/"},{"@type":"ListItem","position":3,"name":"The Quick Brown Fox Jumps Over the Lazy Dog (CD,LP)"}]},{"@type":"WebSite","@id":"https:\/\/www.umlautrecords.com\/fr\/#website","url":"https:\/\/www.umlautrecords.com\/fr\/","name":"Umlaut records","description":"transformation of sound","publisher":{"@id":"https:\/\/www.umlautrecords.com\/fr\/#organization"},"potentialAction":[{"@type":"SearchAction","target":{"@type":"EntryPoint","urlTemplate":"https:\/\/www.umlautrecords.com\/fr\/?s={search_term_string}"},"query-input":{"@type":"PropertyValueSpecification","valueRequired":true,"valueName":"search_term_string"}}],"inLanguage":"fr-FR"},{"@type":"Organization","@id":"https:\/\/www.umlautrecords.com\/fr\/#organization","name":"Umlaut records","url":"https:\/\/www.umlautrecords.com\/fr\/","logo":{"@type":"ImageObject","inLanguage":"fr-FR","@id":"https:\/\/www.umlautrecords.com\/fr\/#\/schema\/logo\/image\/","url":"","contentUrl":"","caption":"Umlaut records"},"image":{"@id":"https:\/\/www.umlautrecords.com\/fr\/#\/schema\/logo\/image\/"},"sameAs":["https:\/\/www.facebook.com\/umlautrecords","https:\/\/www.instagram.com\/umlaut.records\/","https:\/\/www.linkedin.com\/in\/umlaut-records-label-0678b7a4\/","https:\/\/www.youtube.com\/user\/umsight"]}]}},"_links":{"self":[{"href":"https:\/\/www.umlautrecords.com\/fr\/wp-json\/wp\/v2\/product\/573","targetHints":{"allow":["GET"]}}],"collection":[{"href":"https:\/\/www.umlautrecords.com\/fr\/wp-json\/wp\/v2\/product"}],"about":[{"href":"https:\/\/www.umlautrecords.com\/fr\/wp-json\/wp\/v2\/types\/product"}],"wp:featuredmedia":[{"embeddable":true,"href":"https:\/\/www.umlautrecords.com\/fr\/wp-json\/wp\/v2\/media\/334"}],"wp:attachment":[{"href":"https:\/\/www.umlautrecords.com\/fr\/wp-json\/wp\/v2\/media?parent=573"}],"wp:term":[{"taxonomy":"product_brand","embeddable":true,"href":"https:\/\/www.umlautrecords.com\/fr\/wp-json\/wp\/v2\/product_brand?post=573"},{"taxonomy":"product_cat","embeddable":true,"href":"https:\/\/www.umlautrecords.com\/fr\/wp-json\/wp\/v2\/product_cat?post=573"},{"taxonomy":"product_tag","embeddable":true,"href":"https:\/\/www.umlautrecords.com\/fr\/wp-json\/wp\/v2\/product_tag?post=573"}],"curies":[{"name":"wp","href":"https:\/\/api.w.org\/{rel}","templated":true}]}}