{"id":5479,"date":"2025-04-24T12:05:59","date_gmt":"2025-04-24T10:05:59","guid":{"rendered":"https:\/\/www.umlautrecords.com\/?post_type=product&#038;p=5479"},"modified":"2025-07-24T12:12:27","modified_gmt":"2025-07-24T10:12:27","slug":"katapult-cd","status":"publish","type":"product","link":"https:\/\/www.umlautrecords.com\/fr\/produit\/katapult-cd\/","title":{"rendered":"Katapult (LP)"},"content":{"rendered":"<p>Cet album est disponible en pr\u00e9vente sur notre <a href=\"https:\/\/umlautrecords.bandcamp.com\/album\/katapult\">bandcamp<\/a>.<\/p>\n<p class=\"p1\" style=\"text-align: left;\">En avril 2020, Pierre Borel se met \u00e0 travailler intens\u00e9ment le solo, d\u2019abord au saxophone, puis en int\u00e9grant plusieurs \u00e9l\u00e9ments de percussion. L\u2019id\u00e9e de l\u2019 \u00ab\u00a0homme-orchestre\u00a0\u00bb l\u2019 attire de plus en plus, il commence \u00e0 explorer les infinies possibilit\u00e9s et contraintes qu\u2019impliquent de jouer simultan\u00e9ment du saxophone et de la batterie. Les probl\u00e9matiques de coordination propre \u00e0 la batterie se compliquent d\u2019autant plus avec le saxophone. Cinq parties du corps sont maintenant sollicit\u00e9es: main droite, pied droit, main gauche, pied gauche, bouche. Les r\u00e8gles de base sont donc :<\/p>\n<p class=\"p1\" style=\"text-align: left;\">Saxophone jou\u00e9 uniquement \u00e0 la bouche, les quatre membres sont disponibles pour la batterie.<\/p>\n<p class=\"p1\" style=\"text-align: left;\">Bouche et main gauche au saxophone, il reste la main droite et les deux pieds pour la batterie.<\/p>\n<p class=\"p1\" style=\"text-align: left;\">Bouche, main gauche et main droite au saxophone, la batterie se limitera aux pieds.<\/p>\n<p class=\"p1\" style=\"text-align: left;\">Ce dispositif est un petit orchestre en soi, un \u00ab\u00a0one-band\u00a0\u00bb qui permet de travailler avec une multiplicit\u00e9 de sons et de timbres. Ajouter ou soustraire des \u00e9l\u00e9ments. Utiliser le saxophone comme instrument de percussion. Utiliser la batterie comme surface r\u00e9verb\u00e9rante. Jouer sur le frottement des fr\u00e9quences. Masquer des sons. Redoubler les impacts. Faire apparaitre un rythme. Explorer des impasses.Tenter d\u2019en sortir. Synchroniser et dissocier. Brouiller les attentes et les questionnements de l&rsquo;auditeur : s\u2019agit-il d&rsquo;un saxophone et d&rsquo;une batterie ou d&rsquo;une hybridation des deux ? Joue-t-il avec, pour ou contre lui- m\u00eame ? C\u2019est un solo ou un duo ? Ces questions et probl\u00e9matiques traversent les quatre titres de cet album, sous diff\u00e9rentes formes et jamais compl\u00e8tement r\u00e9solues.<\/p>\n<p class=\"p1\" style=\"text-align: left;\">Katapult commence par une pause : \u00ab\u00a0Kurze Pause Zum Rauchen\u00a0\u00bb, une pr\u00e9sentation de la main gauche, de la main droite, du pied droit et de la bouche. Le pied gauche est momentan\u00e9ment absent. Les deux morceaux suivants, \u00ab\u00a0Sol Si R\u00e9 Tchak Boom\u00a0\u00bb et \u00ab\u00a0R\u00e9 Si Sol Boom Tchak\u00a0\u00bb, constituent le c\u0153ur de l&rsquo;album. Deux explorations diff\u00e9rentes d&rsquo;un territoire similaire, deux longues plages d\u2019aventures improvis\u00e9es. Les titres font r\u00e9f\u00e9rence \u00e0 Solsir\u00e9pifpan, l&rsquo;un des premiers \u00ab\u00a0homme-orchestre\u00a0\u00bb fran\u00e7ais du d\u00e9but du XIXe si\u00e8cle. \u00ab\u00a0For J.C.\u00a0\u00bb est d\u00e9di\u00e9 au batteur de Chicago Jerome Cooper.<\/p>\n<p class=\"p1\" style=\"text-align: left;\">Tout ce que vous entendez sur Katapult est jou\u00e9 en direct.<\/p>\n","protected":false},"excerpt":{"rendered":"<p>Cet album est disponible en pr\u00e9vente sur notre bandcamp. En avril 2020, Pierre Borel se met \u00e0 travailler intens\u00e9ment le solo, d\u2019abord au&hellip;<\/p>\n","protected":false},"featured_media":5480,"template":"","meta":{"_acf_changed":false},"product_brand":[],"product_cat":[29],"product_tag":[],"class_list":{"0":"post-5479","1":"product","2":"type-product","3":"status-publish","4":"has-post-thumbnail","6":"product_cat-album","7":"product_shipping_class-cd","9":"first","10":"outofstock","11":"taxable","12":"shipping-taxable","13":"purchasable","14":"product-type-simple"},"acf":[],"yoast_head":"<!-- This site is optimized with the Yoast SEO plugin v27.0 - https:\/\/yoast.com\/product\/yoast-seo-wordpress\/ -->\n<title>Katapult (LP) - Umlaut records<\/title>\n<meta name=\"robots\" content=\"index, follow, max-snippet:-1, max-image-preview:large, max-video-preview:-1\" \/>\n<link rel=\"canonical\" href=\"https:\/\/www.umlautrecords.com\/fr\/produit\/katapult-cd\/\" \/>\n<meta property=\"og:locale\" content=\"fr_FR\" \/>\n<meta property=\"og:type\" content=\"article\" \/>\n<meta property=\"og:title\" content=\"Katapult (LP) - Umlaut records\" \/>\n<meta property=\"og:description\" content=\"Cet album est disponible en pr\u00e9vente sur notre bandcamp. En avril 2020, Pierre Borel se met \u00e0 travailler intens\u00e9ment le solo, d\u2019abord au&hellip;\" \/>\n<meta property=\"og:url\" content=\"https:\/\/www.umlautrecords.com\/fr\/produit\/katapult-cd\/\" \/>\n<meta property=\"og:site_name\" content=\"Umlaut records\" \/>\n<meta property=\"article:publisher\" content=\"https:\/\/www.facebook.com\/umlautrecords\" \/>\n<meta property=\"article:modified_time\" content=\"2025-07-24T10:12:27+00:00\" \/>\n<meta property=\"og:image\" content=\"https:\/\/www.umlautrecords.com\/wp-content\/uploads\/2025\/04\/umlaut-katapult-cd-katapult-1024x1024.png\" \/>\n\t<meta property=\"og:image:width\" content=\"1024\" \/>\n\t<meta property=\"og:image:height\" content=\"1024\" \/>\n\t<meta property=\"og:image:type\" content=\"image\/png\" \/>\n<meta name=\"twitter:card\" content=\"summary_large_image\" \/>\n<meta name=\"twitter:label1\" content=\"Dur\u00e9e de lecture estim\u00e9e\" \/>\n\t<meta name=\"twitter:data1\" content=\"2 minutes\" \/>\n<script type=\"application\/ld+json\" class=\"yoast-schema-graph\">{\"@context\":\"https:\/\/schema.org\",\"@graph\":[{\"@type\":\"WebPage\",\"@id\":\"https:\/\/www.umlautrecords.com\/fr\/produit\/katapult-cd\/\",\"url\":\"https:\/\/www.umlautrecords.com\/fr\/produit\/katapult-cd\/\",\"name\":\"Katapult (LP) - Umlaut records\",\"isPartOf\":{\"@id\":\"https:\/\/www.umlautrecords.com\/fr\/#website\"},\"primaryImageOfPage\":{\"@id\":\"https:\/\/www.umlautrecords.com\/fr\/produit\/katapult-cd\/#primaryimage\"},\"image\":{\"@id\":\"https:\/\/www.umlautrecords.com\/fr\/produit\/katapult-cd\/#primaryimage\"},\"thumbnailUrl\":\"https:\/\/www.umlautrecords.com\/wp-content\/uploads\/2025\/04\/umlaut-katapult-cd-katapult.png\",\"datePublished\":\"2025-04-24T10:05:59+00:00\",\"dateModified\":\"2025-07-24T10:12:27+00:00\",\"breadcrumb\":{\"@id\":\"https:\/\/www.umlautrecords.com\/fr\/produit\/katapult-cd\/#breadcrumb\"},\"inLanguage\":\"fr-FR\",\"potentialAction\":[{\"@type\":\"ReadAction\",\"target\":[\"https:\/\/www.umlautrecords.com\/fr\/produit\/katapult-cd\/\"]}]},{\"@type\":\"ImageObject\",\"inLanguage\":\"fr-FR\",\"@id\":\"https:\/\/www.umlautrecords.com\/fr\/produit\/katapult-cd\/#primaryimage\",\"url\":\"https:\/\/www.umlautrecords.com\/wp-content\/uploads\/2025\/04\/umlaut-katapult-cd-katapult.png\",\"contentUrl\":\"https:\/\/www.umlautrecords.com\/wp-content\/uploads\/2025\/04\/umlaut-katapult-cd-katapult.png\",\"width\":1400,\"height\":1400},{\"@type\":\"BreadcrumbList\",\"@id\":\"https:\/\/www.umlautrecords.com\/fr\/produit\/katapult-cd\/#breadcrumb\",\"itemListElement\":[{\"@type\":\"ListItem\",\"position\":1,\"name\":\"Accueil\",\"item\":\"https:\/\/www.umlautrecords.com\/fr\/\"},{\"@type\":\"ListItem\",\"position\":2,\"name\":\"Catalogue\",\"item\":\"https:\/\/www.umlautrecords.com\/fr\/shop\/\"},{\"@type\":\"ListItem\",\"position\":3,\"name\":\"Katapult (LP)\"}]},{\"@type\":\"WebSite\",\"@id\":\"https:\/\/www.umlautrecords.com\/fr\/#website\",\"url\":\"https:\/\/www.umlautrecords.com\/fr\/\",\"name\":\"Umlaut records\",\"description\":\"transformation of sound\",\"publisher\":{\"@id\":\"https:\/\/www.umlautrecords.com\/fr\/#organization\"},\"potentialAction\":[{\"@type\":\"SearchAction\",\"target\":{\"@type\":\"EntryPoint\",\"urlTemplate\":\"https:\/\/www.umlautrecords.com\/fr\/?s={search_term_string}\"},\"query-input\":{\"@type\":\"PropertyValueSpecification\",\"valueRequired\":true,\"valueName\":\"search_term_string\"}}],\"inLanguage\":\"fr-FR\"},{\"@type\":\"Organization\",\"@id\":\"https:\/\/www.umlautrecords.com\/fr\/#organization\",\"name\":\"Umlaut records\",\"url\":\"https:\/\/www.umlautrecords.com\/fr\/\",\"logo\":{\"@type\":\"ImageObject\",\"inLanguage\":\"fr-FR\",\"@id\":\"https:\/\/www.umlautrecords.com\/fr\/#\/schema\/logo\/image\/\",\"url\":\"\",\"contentUrl\":\"\",\"caption\":\"Umlaut records\"},\"image\":{\"@id\":\"https:\/\/www.umlautrecords.com\/fr\/#\/schema\/logo\/image\/\"},\"sameAs\":[\"https:\/\/www.facebook.com\/umlautrecords\",\"https:\/\/www.instagram.com\/umlaut.records\/\",\"https:\/\/www.linkedin.com\/in\/umlaut-records-label-0678b7a4\/\",\"https:\/\/www.youtube.com\/user\/umsight\"]}]}<\/script>\n<!-- \/ Yoast SEO plugin. -->","yoast_head_json":{"title":"Katapult (LP) - Umlaut records","robots":{"index":"index","follow":"follow","max-snippet":"max-snippet:-1","max-image-preview":"max-image-preview:large","max-video-preview":"max-video-preview:-1"},"canonical":"https:\/\/www.umlautrecords.com\/fr\/produit\/katapult-cd\/","og_locale":"fr_FR","og_type":"article","og_title":"Katapult (LP) - Umlaut records","og_description":"Cet album est disponible en pr\u00e9vente sur notre bandcamp. En avril 2020, Pierre Borel se met \u00e0 travailler intens\u00e9ment le solo, d\u2019abord au&hellip;","og_url":"https:\/\/www.umlautrecords.com\/fr\/produit\/katapult-cd\/","og_site_name":"Umlaut records","article_publisher":"https:\/\/www.facebook.com\/umlautrecords","article_modified_time":"2025-07-24T10:12:27+00:00","og_image":[{"width":1024,"height":1024,"url":"https:\/\/www.umlautrecords.com\/wp-content\/uploads\/2025\/04\/umlaut-katapult-cd-katapult-1024x1024.png","type":"image\/png"}],"twitter_card":"summary_large_image","twitter_misc":{"Dur\u00e9e de lecture estim\u00e9e":"2 minutes"},"schema":{"@context":"https:\/\/schema.org","@graph":[{"@type":"WebPage","@id":"https:\/\/www.umlautrecords.com\/fr\/produit\/katapult-cd\/","url":"https:\/\/www.umlautrecords.com\/fr\/produit\/katapult-cd\/","name":"Katapult (LP) - Umlaut records","isPartOf":{"@id":"https:\/\/www.umlautrecords.com\/fr\/#website"},"primaryImageOfPage":{"@id":"https:\/\/www.umlautrecords.com\/fr\/produit\/katapult-cd\/#primaryimage"},"image":{"@id":"https:\/\/www.umlautrecords.com\/fr\/produit\/katapult-cd\/#primaryimage"},"thumbnailUrl":"https:\/\/www.umlautrecords.com\/wp-content\/uploads\/2025\/04\/umlaut-katapult-cd-katapult.png","datePublished":"2025-04-24T10:05:59+00:00","dateModified":"2025-07-24T10:12:27+00:00","breadcrumb":{"@id":"https:\/\/www.umlautrecords.com\/fr\/produit\/katapult-cd\/#breadcrumb"},"inLanguage":"fr-FR","potentialAction":[{"@type":"ReadAction","target":["https:\/\/www.umlautrecords.com\/fr\/produit\/katapult-cd\/"]}]},{"@type":"ImageObject","inLanguage":"fr-FR","@id":"https:\/\/www.umlautrecords.com\/fr\/produit\/katapult-cd\/#primaryimage","url":"https:\/\/www.umlautrecords.com\/wp-content\/uploads\/2025\/04\/umlaut-katapult-cd-katapult.png","contentUrl":"https:\/\/www.umlautrecords.com\/wp-content\/uploads\/2025\/04\/umlaut-katapult-cd-katapult.png","width":1400,"height":1400},{"@type":"BreadcrumbList","@id":"https:\/\/www.umlautrecords.com\/fr\/produit\/katapult-cd\/#breadcrumb","itemListElement":[{"@type":"ListItem","position":1,"name":"Accueil","item":"https:\/\/www.umlautrecords.com\/fr\/"},{"@type":"ListItem","position":2,"name":"Catalogue","item":"https:\/\/www.umlautrecords.com\/fr\/shop\/"},{"@type":"ListItem","position":3,"name":"Katapult (LP)"}]},{"@type":"WebSite","@id":"https:\/\/www.umlautrecords.com\/fr\/#website","url":"https:\/\/www.umlautrecords.com\/fr\/","name":"Umlaut records","description":"transformation of sound","publisher":{"@id":"https:\/\/www.umlautrecords.com\/fr\/#organization"},"potentialAction":[{"@type":"SearchAction","target":{"@type":"EntryPoint","urlTemplate":"https:\/\/www.umlautrecords.com\/fr\/?s={search_term_string}"},"query-input":{"@type":"PropertyValueSpecification","valueRequired":true,"valueName":"search_term_string"}}],"inLanguage":"fr-FR"},{"@type":"Organization","@id":"https:\/\/www.umlautrecords.com\/fr\/#organization","name":"Umlaut records","url":"https:\/\/www.umlautrecords.com\/fr\/","logo":{"@type":"ImageObject","inLanguage":"fr-FR","@id":"https:\/\/www.umlautrecords.com\/fr\/#\/schema\/logo\/image\/","url":"","contentUrl":"","caption":"Umlaut records"},"image":{"@id":"https:\/\/www.umlautrecords.com\/fr\/#\/schema\/logo\/image\/"},"sameAs":["https:\/\/www.facebook.com\/umlautrecords","https:\/\/www.instagram.com\/umlaut.records\/","https:\/\/www.linkedin.com\/in\/umlaut-records-label-0678b7a4\/","https:\/\/www.youtube.com\/user\/umsight"]}]}},"_links":{"self":[{"href":"https:\/\/www.umlautrecords.com\/fr\/wp-json\/wp\/v2\/product\/5479","targetHints":{"allow":["GET"]}}],"collection":[{"href":"https:\/\/www.umlautrecords.com\/fr\/wp-json\/wp\/v2\/product"}],"about":[{"href":"https:\/\/www.umlautrecords.com\/fr\/wp-json\/wp\/v2\/types\/product"}],"wp:featuredmedia":[{"embeddable":true,"href":"https:\/\/www.umlautrecords.com\/fr\/wp-json\/wp\/v2\/media\/5480"}],"wp:attachment":[{"href":"https:\/\/www.umlautrecords.com\/fr\/wp-json\/wp\/v2\/media?parent=5479"}],"wp:term":[{"taxonomy":"product_brand","embeddable":true,"href":"https:\/\/www.umlautrecords.com\/fr\/wp-json\/wp\/v2\/product_brand?post=5479"},{"taxonomy":"product_cat","embeddable":true,"href":"https:\/\/www.umlautrecords.com\/fr\/wp-json\/wp\/v2\/product_cat?post=5479"},{"taxonomy":"product_tag","embeddable":true,"href":"https:\/\/www.umlautrecords.com\/fr\/wp-json\/wp\/v2\/product_tag?post=5479"}],"curies":[{"name":"wp","href":"https:\/\/api.w.org\/{rel}","templated":true}]}}