{"id":471,"date":"2011-05-22T14:32:43","date_gmt":"2011-05-22T12:32:43","guid":{"rendered":"http:\/\/116.203.103.232\/umlaut\/?post_type=product&#038;p=471"},"modified":"2025-07-24T12:12:27","modified_gmt":"2025-07-24T10:12:27","slug":"1974-2004-per-henrik-wallin-sven-ake-johansson","status":"publish","type":"product","link":"https:\/\/www.umlautrecords.com\/fr\/produit\/1974-2004-per-henrik-wallin-sven-ake-johansson\/","title":{"rendered":"1974-2004 (4 CDs)"},"content":{"rendered":"<p>Version num\u00e9rique disponible sur <a href=\"https:\/\/umlautrecords.bandcamp.com\/album\/1974-2004\">Bandcamp<\/a>.<\/p>\n<p><span style=\"font-weight: 400;\">Edition unique d\u2019un coffret de 4 CDs, comprenant de rares enregistrements des pionniers su\u00e9dois du free jazz et de la musique improvis\u00e9e, ainsi qu\u2019un livret de 28 pages avec de nombreux textes et photos, des lettres et des dessins des artistes qui vous conduisent \u00e0 travers trente ans de d\u00e9veloppement musical continu. Ce coffret rend hommage \u00e0 la grande oeuvre du pianiste Per Henrik Wallin, d\u00e9c\u00e9d\u00e9 en 2005.<\/span><\/p>\n<p><span style=\"font-weight: 400;\">\u201cPer Henrik Wallin et Sven-Ake Johansson, n\u00e9s respectivement \u00e0 Karlsborg en 1946 et \u00e0 Mariestad en 1943, sont, selon ma compr\u00e9hension musicale, deux des improvisateurs les plus uniques en Su\u00e8de, un jugement de valeur que je suis pr\u00eat \u00e0 \u00e9tendre \u00e0 toute l\u2019Europe &#8211; au moins. Cela vaut pour chacun d\u2019entre eux s\u00e9par\u00e9ment et pour les deux ensemble. Ils ont contribu\u00e9 \u00e0 bouleverser la musique improvis\u00e9e, probablement bien plus que la plupart des autres musiciens su\u00e9dois. Bien que je n\u2019aime pas la hi\u00e9rarchie et les tops ten, on doit quand m\u00eame garder cela en t\u00eate avant tout\u201d &#8211; Thomas Millroth.<\/span><\/p>\n<p><span style=\"font-weight: 400;\">\u201cCette production contribue non seulement \u00e0 documenter un part importante de l\u2019histoire su\u00e9doise et europ\u00e9enne du jazz et de la musique improvis\u00e9e, mais c\u2019est aussi un coffret port\u00e9 avec affection dans le futur des nouvelles g\u00e9n\u00e9rations d\u2019artistes inventifs.\u201d &#8211; Joel Grip.<\/span><\/p>\n","protected":false},"excerpt":{"rendered":"<p>Version num\u00e9rique disponible sur Bandcamp. Edition unique d\u2019un coffret de 4 CDs, comprenant de rares enregistrements des pionniers su\u00e9dois du free jazz et&hellip;<\/p>\n","protected":false},"featured_media":661,"template":"","meta":{"_acf_changed":false},"product_brand":[],"product_cat":[29],"product_tag":[],"class_list":{"0":"post-471","1":"product","2":"type-product","3":"status-publish","4":"has-post-thumbnail","6":"product_cat-album","7":"product_shipping_class-double-cd","9":"first","10":"outofstock","11":"taxable","12":"shipping-taxable","13":"purchasable","14":"product-type-simple"},"acf":[],"yoast_head":"<!-- This site is optimized with the Yoast SEO plugin v27.0 - https:\/\/yoast.com\/product\/yoast-seo-wordpress\/ -->\n<title>1974-2004 (4 CDs) - Umlaut records<\/title>\n<meta name=\"robots\" content=\"index, follow, max-snippet:-1, max-image-preview:large, max-video-preview:-1\" \/>\n<link rel=\"canonical\" href=\"https:\/\/www.umlautrecords.com\/fr\/produit\/1974-2004-per-henrik-wallin-sven-ake-johansson\/\" \/>\n<meta property=\"og:locale\" content=\"fr_FR\" \/>\n<meta property=\"og:type\" content=\"article\" \/>\n<meta property=\"og:title\" content=\"1974-2004 (4 CDs) - Umlaut records\" \/>\n<meta property=\"og:description\" content=\"Version num\u00e9rique disponible sur Bandcamp. Edition unique d\u2019un coffret de 4 CDs, comprenant de rares enregistrements des pionniers su\u00e9dois du free jazz et&hellip;\" \/>\n<meta property=\"og:url\" content=\"https:\/\/www.umlautrecords.com\/fr\/produit\/1974-2004-per-henrik-wallin-sven-ake-johansson\/\" \/>\n<meta property=\"og:site_name\" content=\"Umlaut records\" \/>\n<meta property=\"article:publisher\" content=\"https:\/\/www.facebook.com\/umlautrecords\" \/>\n<meta property=\"article:modified_time\" content=\"2025-07-24T10:12:27+00:00\" \/>\n<meta property=\"og:image\" content=\"https:\/\/www.umlautrecords.com\/wp-content\/uploads\/2011\/05\/11-14-phw-12x12cm-300dpi.jpg\" \/>\n\t<meta property=\"og:image:width\" content=\"1417\" \/>\n\t<meta property=\"og:image:height\" content=\"1417\" \/>\n\t<meta property=\"og:image:type\" content=\"image\/jpeg\" \/>\n<meta name=\"twitter:card\" content=\"summary_large_image\" \/>\n<meta name=\"twitter:label1\" content=\"Dur\u00e9e de lecture estim\u00e9e\" \/>\n\t<meta name=\"twitter:data1\" content=\"1 minute\" \/>\n<script type=\"application\/ld+json\" class=\"yoast-schema-graph\">{\"@context\":\"https:\/\/schema.org\",\"@graph\":[{\"@type\":\"WebPage\",\"@id\":\"https:\/\/www.umlautrecords.com\/fr\/produit\/1974-2004-per-henrik-wallin-sven-ake-johansson\/\",\"url\":\"https:\/\/www.umlautrecords.com\/fr\/produit\/1974-2004-per-henrik-wallin-sven-ake-johansson\/\",\"name\":\"1974-2004 (4 CDs) - Umlaut records\",\"isPartOf\":{\"@id\":\"https:\/\/www.umlautrecords.com\/fr\/#website\"},\"primaryImageOfPage\":{\"@id\":\"https:\/\/www.umlautrecords.com\/fr\/produit\/1974-2004-per-henrik-wallin-sven-ake-johansson\/#primaryimage\"},\"image\":{\"@id\":\"https:\/\/www.umlautrecords.com\/fr\/produit\/1974-2004-per-henrik-wallin-sven-ake-johansson\/#primaryimage\"},\"thumbnailUrl\":\"https:\/\/www.umlautrecords.com\/wp-content\/uploads\/2011\/05\/11-14-phw-12x12cm-300dpi.jpg\",\"datePublished\":\"2011-05-22T12:32:43+00:00\",\"dateModified\":\"2025-07-24T10:12:27+00:00\",\"breadcrumb\":{\"@id\":\"https:\/\/www.umlautrecords.com\/fr\/produit\/1974-2004-per-henrik-wallin-sven-ake-johansson\/#breadcrumb\"},\"inLanguage\":\"fr-FR\",\"potentialAction\":[{\"@type\":\"ReadAction\",\"target\":[\"https:\/\/www.umlautrecords.com\/fr\/produit\/1974-2004-per-henrik-wallin-sven-ake-johansson\/\"]}]},{\"@type\":\"ImageObject\",\"inLanguage\":\"fr-FR\",\"@id\":\"https:\/\/www.umlautrecords.com\/fr\/produit\/1974-2004-per-henrik-wallin-sven-ake-johansson\/#primaryimage\",\"url\":\"https:\/\/www.umlautrecords.com\/wp-content\/uploads\/2011\/05\/11-14-phw-12x12cm-300dpi.jpg\",\"contentUrl\":\"https:\/\/www.umlautrecords.com\/wp-content\/uploads\/2011\/05\/11-14-phw-12x12cm-300dpi.jpg\",\"width\":1417,\"height\":1417},{\"@type\":\"BreadcrumbList\",\"@id\":\"https:\/\/www.umlautrecords.com\/fr\/produit\/1974-2004-per-henrik-wallin-sven-ake-johansson\/#breadcrumb\",\"itemListElement\":[{\"@type\":\"ListItem\",\"position\":1,\"name\":\"Accueil\",\"item\":\"https:\/\/www.umlautrecords.com\/fr\/\"},{\"@type\":\"ListItem\",\"position\":2,\"name\":\"Catalogue\",\"item\":\"https:\/\/www.umlautrecords.com\/fr\/shop\/\"},{\"@type\":\"ListItem\",\"position\":3,\"name\":\"1974-2004 (4 CDs)\"}]},{\"@type\":\"WebSite\",\"@id\":\"https:\/\/www.umlautrecords.com\/fr\/#website\",\"url\":\"https:\/\/www.umlautrecords.com\/fr\/\",\"name\":\"Umlaut records\",\"description\":\"transformation of sound\",\"publisher\":{\"@id\":\"https:\/\/www.umlautrecords.com\/fr\/#organization\"},\"potentialAction\":[{\"@type\":\"SearchAction\",\"target\":{\"@type\":\"EntryPoint\",\"urlTemplate\":\"https:\/\/www.umlautrecords.com\/fr\/?s={search_term_string}\"},\"query-input\":{\"@type\":\"PropertyValueSpecification\",\"valueRequired\":true,\"valueName\":\"search_term_string\"}}],\"inLanguage\":\"fr-FR\"},{\"@type\":\"Organization\",\"@id\":\"https:\/\/www.umlautrecords.com\/fr\/#organization\",\"name\":\"Umlaut records\",\"url\":\"https:\/\/www.umlautrecords.com\/fr\/\",\"logo\":{\"@type\":\"ImageObject\",\"inLanguage\":\"fr-FR\",\"@id\":\"https:\/\/www.umlautrecords.com\/fr\/#\/schema\/logo\/image\/\",\"url\":\"\",\"contentUrl\":\"\",\"caption\":\"Umlaut records\"},\"image\":{\"@id\":\"https:\/\/www.umlautrecords.com\/fr\/#\/schema\/logo\/image\/\"},\"sameAs\":[\"https:\/\/www.facebook.com\/umlautrecords\",\"https:\/\/www.instagram.com\/umlaut.records\/\",\"https:\/\/www.linkedin.com\/in\/umlaut-records-label-0678b7a4\/\",\"https:\/\/www.youtube.com\/user\/umsight\"]}]}<\/script>\n<!-- \/ Yoast SEO plugin. -->","yoast_head_json":{"title":"1974-2004 (4 CDs) - Umlaut records","robots":{"index":"index","follow":"follow","max-snippet":"max-snippet:-1","max-image-preview":"max-image-preview:large","max-video-preview":"max-video-preview:-1"},"canonical":"https:\/\/www.umlautrecords.com\/fr\/produit\/1974-2004-per-henrik-wallin-sven-ake-johansson\/","og_locale":"fr_FR","og_type":"article","og_title":"1974-2004 (4 CDs) - Umlaut records","og_description":"Version num\u00e9rique disponible sur Bandcamp. Edition unique d\u2019un coffret de 4 CDs, comprenant de rares enregistrements des pionniers su\u00e9dois du free jazz et&hellip;","og_url":"https:\/\/www.umlautrecords.com\/fr\/produit\/1974-2004-per-henrik-wallin-sven-ake-johansson\/","og_site_name":"Umlaut records","article_publisher":"https:\/\/www.facebook.com\/umlautrecords","article_modified_time":"2025-07-24T10:12:27+00:00","og_image":[{"width":1417,"height":1417,"url":"https:\/\/www.umlautrecords.com\/wp-content\/uploads\/2011\/05\/11-14-phw-12x12cm-300dpi.jpg","type":"image\/jpeg"}],"twitter_card":"summary_large_image","twitter_misc":{"Dur\u00e9e de lecture estim\u00e9e":"1 minute"},"schema":{"@context":"https:\/\/schema.org","@graph":[{"@type":"WebPage","@id":"https:\/\/www.umlautrecords.com\/fr\/produit\/1974-2004-per-henrik-wallin-sven-ake-johansson\/","url":"https:\/\/www.umlautrecords.com\/fr\/produit\/1974-2004-per-henrik-wallin-sven-ake-johansson\/","name":"1974-2004 (4 CDs) - Umlaut records","isPartOf":{"@id":"https:\/\/www.umlautrecords.com\/fr\/#website"},"primaryImageOfPage":{"@id":"https:\/\/www.umlautrecords.com\/fr\/produit\/1974-2004-per-henrik-wallin-sven-ake-johansson\/#primaryimage"},"image":{"@id":"https:\/\/www.umlautrecords.com\/fr\/produit\/1974-2004-per-henrik-wallin-sven-ake-johansson\/#primaryimage"},"thumbnailUrl":"https:\/\/www.umlautrecords.com\/wp-content\/uploads\/2011\/05\/11-14-phw-12x12cm-300dpi.jpg","datePublished":"2011-05-22T12:32:43+00:00","dateModified":"2025-07-24T10:12:27+00:00","breadcrumb":{"@id":"https:\/\/www.umlautrecords.com\/fr\/produit\/1974-2004-per-henrik-wallin-sven-ake-johansson\/#breadcrumb"},"inLanguage":"fr-FR","potentialAction":[{"@type":"ReadAction","target":["https:\/\/www.umlautrecords.com\/fr\/produit\/1974-2004-per-henrik-wallin-sven-ake-johansson\/"]}]},{"@type":"ImageObject","inLanguage":"fr-FR","@id":"https:\/\/www.umlautrecords.com\/fr\/produit\/1974-2004-per-henrik-wallin-sven-ake-johansson\/#primaryimage","url":"https:\/\/www.umlautrecords.com\/wp-content\/uploads\/2011\/05\/11-14-phw-12x12cm-300dpi.jpg","contentUrl":"https:\/\/www.umlautrecords.com\/wp-content\/uploads\/2011\/05\/11-14-phw-12x12cm-300dpi.jpg","width":1417,"height":1417},{"@type":"BreadcrumbList","@id":"https:\/\/www.umlautrecords.com\/fr\/produit\/1974-2004-per-henrik-wallin-sven-ake-johansson\/#breadcrumb","itemListElement":[{"@type":"ListItem","position":1,"name":"Accueil","item":"https:\/\/www.umlautrecords.com\/fr\/"},{"@type":"ListItem","position":2,"name":"Catalogue","item":"https:\/\/www.umlautrecords.com\/fr\/shop\/"},{"@type":"ListItem","position":3,"name":"1974-2004 (4 CDs)"}]},{"@type":"WebSite","@id":"https:\/\/www.umlautrecords.com\/fr\/#website","url":"https:\/\/www.umlautrecords.com\/fr\/","name":"Umlaut records","description":"transformation of sound","publisher":{"@id":"https:\/\/www.umlautrecords.com\/fr\/#organization"},"potentialAction":[{"@type":"SearchAction","target":{"@type":"EntryPoint","urlTemplate":"https:\/\/www.umlautrecords.com\/fr\/?s={search_term_string}"},"query-input":{"@type":"PropertyValueSpecification","valueRequired":true,"valueName":"search_term_string"}}],"inLanguage":"fr-FR"},{"@type":"Organization","@id":"https:\/\/www.umlautrecords.com\/fr\/#organization","name":"Umlaut records","url":"https:\/\/www.umlautrecords.com\/fr\/","logo":{"@type":"ImageObject","inLanguage":"fr-FR","@id":"https:\/\/www.umlautrecords.com\/fr\/#\/schema\/logo\/image\/","url":"","contentUrl":"","caption":"Umlaut records"},"image":{"@id":"https:\/\/www.umlautrecords.com\/fr\/#\/schema\/logo\/image\/"},"sameAs":["https:\/\/www.facebook.com\/umlautrecords","https:\/\/www.instagram.com\/umlaut.records\/","https:\/\/www.linkedin.com\/in\/umlaut-records-label-0678b7a4\/","https:\/\/www.youtube.com\/user\/umsight"]}]}},"_links":{"self":[{"href":"https:\/\/www.umlautrecords.com\/fr\/wp-json\/wp\/v2\/product\/471","targetHints":{"allow":["GET"]}}],"collection":[{"href":"https:\/\/www.umlautrecords.com\/fr\/wp-json\/wp\/v2\/product"}],"about":[{"href":"https:\/\/www.umlautrecords.com\/fr\/wp-json\/wp\/v2\/types\/product"}],"wp:featuredmedia":[{"embeddable":true,"href":"https:\/\/www.umlautrecords.com\/fr\/wp-json\/wp\/v2\/media\/661"}],"wp:attachment":[{"href":"https:\/\/www.umlautrecords.com\/fr\/wp-json\/wp\/v2\/media?parent=471"}],"wp:term":[{"taxonomy":"product_brand","embeddable":true,"href":"https:\/\/www.umlautrecords.com\/fr\/wp-json\/wp\/v2\/product_brand?post=471"},{"taxonomy":"product_cat","embeddable":true,"href":"https:\/\/www.umlautrecords.com\/fr\/wp-json\/wp\/v2\/product_cat?post=471"},{"taxonomy":"product_tag","embeddable":true,"href":"https:\/\/www.umlautrecords.com\/fr\/wp-json\/wp\/v2\/product_tag?post=471"}],"curies":[{"name":"wp","href":"https:\/\/api.w.org\/{rel}","templated":true}]}}