{"id":465,"date":"2010-02-01T10:41:23","date_gmt":"2010-02-01T09:41:23","guid":{"rendered":"http:\/\/116.203.103.232\/umlaut\/?post_type=product&#038;p=465"},"modified":"2025-07-24T12:12:26","modified_gmt":"2025-07-24T10:12:26","slug":"split-7-hannes-lingens-et-pierre-borel","status":"publish","type":"product","link":"https:\/\/www.umlautrecords.com\/fr\/produit\/split-7-hannes-lingens-et-pierre-borel\/","title":{"rendered":"Split 7\u2019\u2019 (CD)"},"content":{"rendered":"<p><span style=\"font-weight: 400;\">Murmur &#8211; <\/span><span style=\"font-weight: 400;\">Hannes Lingens, caisse claire<br \/>\n<\/span>Le terme anglais \u201cmurmur\u201d se traduit en allemand par \u201cmureln\u201d, qui veut aussi dire \u201cbilles\u201d. Ces petites billes de verre courant le long du rebord de ma caisse claire dans cette pi\u00e8ce cache les v\u00e9ritables changements dans la musique. Comme les murmures de quelqu\u2019un, ces changements sont durs \u00e0 suivre exactement, avec le son constant de la rotation toujours en premier plan. Il me semblait logique de sortir cette pi\u00e8ce sur vinyl, la platine elle-m\u00eame faisant penser \u00e0 l\u2019id\u00e9e de rotation.<\/p>\n<p><span style=\"font-weight: 400;\">No Rest for the Astronaut &#8211; <\/span>Pierre Borel, saxophone<br \/>\nJ\u2019ai enregistr\u00e9 ce solo en septembre 2009. 2 jours d\u2019enregistrement dans ma cave, environ 15 solos, chacun de maximum 7 min (format de 7 pouces). Le mat\u00e9riel utilis\u00e9 \u00e9tait d\u00e9fini d\u2019avance, et seule l\u2019organisation du mat\u00e9riel \u00e9tait improvis\u00e9e. Ce qui m\u2019int\u00e9resse dans ce processus, c\u2019est les relations entre ces diff\u00e9rents \u00e9l\u00e9ments, la mani\u00e8re dont ils interagissent (donc la r\u00e9p\u00e9tition joue un r\u00f4le important, le m\u00eame son revenant dans un contexte diff\u00e9rent, sous un jour diff\u00e9rent) et l\u2019organisation formelle de ces \u00e9l\u00e9ments.<br \/>\n<span style=\"font-weight: 400;\">Le solo choisi au final, \u00e9tait celui qui me semblait le moins contr\u00f4l\u00e9 et le plus \u00e9loign\u00e9 du concept initial, ce qui lui donnait un charme particulier.<br \/>\n<\/span><span style=\"font-weight: 400;\">Merci \u00e0 Nicolas Lefort pour le visuel \u00e9trange et le titre de ma pi\u00e8ce.<\/span><\/p>\n","protected":false},"excerpt":{"rendered":"<p>Murmur &#8211; Hannes Lingens, caisse claire Le terme anglais \u201cmurmur\u201d se traduit en allemand par \u201cmureln\u201d, qui veut aussi dire \u201cbilles\u201d. Ces petites&hellip;<\/p>\n","protected":false},"featured_media":1352,"template":"","meta":{"_acf_changed":false},"product_brand":[],"product_cat":[29],"product_tag":[],"class_list":{"0":"post-465","1":"product","2":"type-product","3":"status-publish","4":"has-post-thumbnail","6":"product_cat-album","7":"product_shipping_class-vinyle","9":"first","10":"outofstock","11":"taxable","12":"shipping-taxable","13":"purchasable","14":"product-type-simple"},"acf":[],"yoast_head":"<!-- This site is optimized with the Yoast SEO plugin v27.0 - https:\/\/yoast.com\/product\/yoast-seo-wordpress\/ -->\n<title>Split 7\u2019\u2019 (CD) - Umlaut records<\/title>\n<meta name=\"robots\" content=\"index, follow, max-snippet:-1, max-image-preview:large, max-video-preview:-1\" \/>\n<link rel=\"canonical\" href=\"https:\/\/www.umlautrecords.com\/fr\/produit\/split-7-hannes-lingens-et-pierre-borel\/\" \/>\n<meta property=\"og:locale\" content=\"fr_FR\" \/>\n<meta property=\"og:type\" content=\"article\" \/>\n<meta property=\"og:title\" content=\"Split 7\u2019\u2019 (CD) - Umlaut records\" \/>\n<meta property=\"og:description\" content=\"Murmur &#8211; Hannes Lingens, caisse claire Le terme anglais \u201cmurmur\u201d se traduit en allemand par \u201cmureln\u201d, qui veut aussi dire \u201cbilles\u201d. Ces petites&hellip;\" \/>\n<meta property=\"og:url\" content=\"https:\/\/www.umlautrecords.com\/fr\/produit\/split-7-hannes-lingens-et-pierre-borel\/\" \/>\n<meta property=\"og:site_name\" content=\"Umlaut records\" \/>\n<meta property=\"article:publisher\" content=\"https:\/\/www.facebook.com\/umlautrecords\" \/>\n<meta property=\"article:modified_time\" content=\"2025-07-24T10:12:26+00:00\" \/>\n<meta property=\"og:image\" content=\"https:\/\/www.umlautrecords.com\/wp-content\/uploads\/2010\/02\/umlaut-split-7-split-722-hannes-lingens-et-pierre-borel-hd.jpg\" \/>\n\t<meta property=\"og:image:width\" content=\"1024\" \/>\n\t<meta property=\"og:image:height\" content=\"1015\" \/>\n\t<meta property=\"og:image:type\" content=\"image\/jpeg\" \/>\n<meta name=\"twitter:card\" content=\"summary_large_image\" \/>\n<meta name=\"twitter:label1\" content=\"Dur\u00e9e de lecture estim\u00e9e\" \/>\n\t<meta name=\"twitter:data1\" content=\"1 minute\" \/>\n<script type=\"application\/ld+json\" class=\"yoast-schema-graph\">{\"@context\":\"https:\/\/schema.org\",\"@graph\":[{\"@type\":\"WebPage\",\"@id\":\"https:\/\/www.umlautrecords.com\/fr\/produit\/split-7-hannes-lingens-et-pierre-borel\/\",\"url\":\"https:\/\/www.umlautrecords.com\/fr\/produit\/split-7-hannes-lingens-et-pierre-borel\/\",\"name\":\"Split 7\u2019\u2019 (CD) - Umlaut records\",\"isPartOf\":{\"@id\":\"https:\/\/www.umlautrecords.com\/fr\/#website\"},\"primaryImageOfPage\":{\"@id\":\"https:\/\/www.umlautrecords.com\/fr\/produit\/split-7-hannes-lingens-et-pierre-borel\/#primaryimage\"},\"image\":{\"@id\":\"https:\/\/www.umlautrecords.com\/fr\/produit\/split-7-hannes-lingens-et-pierre-borel\/#primaryimage\"},\"thumbnailUrl\":\"https:\/\/www.umlautrecords.com\/wp-content\/uploads\/2010\/02\/umlaut-split-7-split-722-hannes-lingens-et-pierre-borel-hd.jpg\",\"datePublished\":\"2010-02-01T09:41:23+00:00\",\"dateModified\":\"2025-07-24T10:12:26+00:00\",\"breadcrumb\":{\"@id\":\"https:\/\/www.umlautrecords.com\/fr\/produit\/split-7-hannes-lingens-et-pierre-borel\/#breadcrumb\"},\"inLanguage\":\"fr-FR\",\"potentialAction\":[{\"@type\":\"ReadAction\",\"target\":[\"https:\/\/www.umlautrecords.com\/fr\/produit\/split-7-hannes-lingens-et-pierre-borel\/\"]}]},{\"@type\":\"ImageObject\",\"inLanguage\":\"fr-FR\",\"@id\":\"https:\/\/www.umlautrecords.com\/fr\/produit\/split-7-hannes-lingens-et-pierre-borel\/#primaryimage\",\"url\":\"https:\/\/www.umlautrecords.com\/wp-content\/uploads\/2010\/02\/umlaut-split-7-split-722-hannes-lingens-et-pierre-borel-hd.jpg\",\"contentUrl\":\"https:\/\/www.umlautrecords.com\/wp-content\/uploads\/2010\/02\/umlaut-split-7-split-722-hannes-lingens-et-pierre-borel-hd.jpg\",\"width\":1024,\"height\":1015},{\"@type\":\"BreadcrumbList\",\"@id\":\"https:\/\/www.umlautrecords.com\/fr\/produit\/split-7-hannes-lingens-et-pierre-borel\/#breadcrumb\",\"itemListElement\":[{\"@type\":\"ListItem\",\"position\":1,\"name\":\"Accueil\",\"item\":\"https:\/\/www.umlautrecords.com\/fr\/\"},{\"@type\":\"ListItem\",\"position\":2,\"name\":\"Catalogue\",\"item\":\"https:\/\/www.umlautrecords.com\/fr\/shop\/\"},{\"@type\":\"ListItem\",\"position\":3,\"name\":\"Split 7\u2019\u2019 (CD)\"}]},{\"@type\":\"WebSite\",\"@id\":\"https:\/\/www.umlautrecords.com\/fr\/#website\",\"url\":\"https:\/\/www.umlautrecords.com\/fr\/\",\"name\":\"Umlaut records\",\"description\":\"transformation of sound\",\"publisher\":{\"@id\":\"https:\/\/www.umlautrecords.com\/fr\/#organization\"},\"potentialAction\":[{\"@type\":\"SearchAction\",\"target\":{\"@type\":\"EntryPoint\",\"urlTemplate\":\"https:\/\/www.umlautrecords.com\/fr\/?s={search_term_string}\"},\"query-input\":{\"@type\":\"PropertyValueSpecification\",\"valueRequired\":true,\"valueName\":\"search_term_string\"}}],\"inLanguage\":\"fr-FR\"},{\"@type\":\"Organization\",\"@id\":\"https:\/\/www.umlautrecords.com\/fr\/#organization\",\"name\":\"Umlaut records\",\"url\":\"https:\/\/www.umlautrecords.com\/fr\/\",\"logo\":{\"@type\":\"ImageObject\",\"inLanguage\":\"fr-FR\",\"@id\":\"https:\/\/www.umlautrecords.com\/fr\/#\/schema\/logo\/image\/\",\"url\":\"\",\"contentUrl\":\"\",\"caption\":\"Umlaut records\"},\"image\":{\"@id\":\"https:\/\/www.umlautrecords.com\/fr\/#\/schema\/logo\/image\/\"},\"sameAs\":[\"https:\/\/www.facebook.com\/umlautrecords\",\"https:\/\/www.instagram.com\/umlaut.records\/\",\"https:\/\/www.linkedin.com\/in\/umlaut-records-label-0678b7a4\/\",\"https:\/\/www.youtube.com\/user\/umsight\"]}]}<\/script>\n<!-- \/ Yoast SEO plugin. -->","yoast_head_json":{"title":"Split 7\u2019\u2019 (CD) - Umlaut records","robots":{"index":"index","follow":"follow","max-snippet":"max-snippet:-1","max-image-preview":"max-image-preview:large","max-video-preview":"max-video-preview:-1"},"canonical":"https:\/\/www.umlautrecords.com\/fr\/produit\/split-7-hannes-lingens-et-pierre-borel\/","og_locale":"fr_FR","og_type":"article","og_title":"Split 7\u2019\u2019 (CD) - Umlaut records","og_description":"Murmur &#8211; Hannes Lingens, caisse claire Le terme anglais \u201cmurmur\u201d se traduit en allemand par \u201cmureln\u201d, qui veut aussi dire \u201cbilles\u201d. Ces petites&hellip;","og_url":"https:\/\/www.umlautrecords.com\/fr\/produit\/split-7-hannes-lingens-et-pierre-borel\/","og_site_name":"Umlaut records","article_publisher":"https:\/\/www.facebook.com\/umlautrecords","article_modified_time":"2025-07-24T10:12:26+00:00","og_image":[{"width":1024,"height":1015,"url":"https:\/\/www.umlautrecords.com\/wp-content\/uploads\/2010\/02\/umlaut-split-7-split-722-hannes-lingens-et-pierre-borel-hd.jpg","type":"image\/jpeg"}],"twitter_card":"summary_large_image","twitter_misc":{"Dur\u00e9e de lecture estim\u00e9e":"1 minute"},"schema":{"@context":"https:\/\/schema.org","@graph":[{"@type":"WebPage","@id":"https:\/\/www.umlautrecords.com\/fr\/produit\/split-7-hannes-lingens-et-pierre-borel\/","url":"https:\/\/www.umlautrecords.com\/fr\/produit\/split-7-hannes-lingens-et-pierre-borel\/","name":"Split 7\u2019\u2019 (CD) - Umlaut records","isPartOf":{"@id":"https:\/\/www.umlautrecords.com\/fr\/#website"},"primaryImageOfPage":{"@id":"https:\/\/www.umlautrecords.com\/fr\/produit\/split-7-hannes-lingens-et-pierre-borel\/#primaryimage"},"image":{"@id":"https:\/\/www.umlautrecords.com\/fr\/produit\/split-7-hannes-lingens-et-pierre-borel\/#primaryimage"},"thumbnailUrl":"https:\/\/www.umlautrecords.com\/wp-content\/uploads\/2010\/02\/umlaut-split-7-split-722-hannes-lingens-et-pierre-borel-hd.jpg","datePublished":"2010-02-01T09:41:23+00:00","dateModified":"2025-07-24T10:12:26+00:00","breadcrumb":{"@id":"https:\/\/www.umlautrecords.com\/fr\/produit\/split-7-hannes-lingens-et-pierre-borel\/#breadcrumb"},"inLanguage":"fr-FR","potentialAction":[{"@type":"ReadAction","target":["https:\/\/www.umlautrecords.com\/fr\/produit\/split-7-hannes-lingens-et-pierre-borel\/"]}]},{"@type":"ImageObject","inLanguage":"fr-FR","@id":"https:\/\/www.umlautrecords.com\/fr\/produit\/split-7-hannes-lingens-et-pierre-borel\/#primaryimage","url":"https:\/\/www.umlautrecords.com\/wp-content\/uploads\/2010\/02\/umlaut-split-7-split-722-hannes-lingens-et-pierre-borel-hd.jpg","contentUrl":"https:\/\/www.umlautrecords.com\/wp-content\/uploads\/2010\/02\/umlaut-split-7-split-722-hannes-lingens-et-pierre-borel-hd.jpg","width":1024,"height":1015},{"@type":"BreadcrumbList","@id":"https:\/\/www.umlautrecords.com\/fr\/produit\/split-7-hannes-lingens-et-pierre-borel\/#breadcrumb","itemListElement":[{"@type":"ListItem","position":1,"name":"Accueil","item":"https:\/\/www.umlautrecords.com\/fr\/"},{"@type":"ListItem","position":2,"name":"Catalogue","item":"https:\/\/www.umlautrecords.com\/fr\/shop\/"},{"@type":"ListItem","position":3,"name":"Split 7\u2019\u2019 (CD)"}]},{"@type":"WebSite","@id":"https:\/\/www.umlautrecords.com\/fr\/#website","url":"https:\/\/www.umlautrecords.com\/fr\/","name":"Umlaut records","description":"transformation of sound","publisher":{"@id":"https:\/\/www.umlautrecords.com\/fr\/#organization"},"potentialAction":[{"@type":"SearchAction","target":{"@type":"EntryPoint","urlTemplate":"https:\/\/www.umlautrecords.com\/fr\/?s={search_term_string}"},"query-input":{"@type":"PropertyValueSpecification","valueRequired":true,"valueName":"search_term_string"}}],"inLanguage":"fr-FR"},{"@type":"Organization","@id":"https:\/\/www.umlautrecords.com\/fr\/#organization","name":"Umlaut records","url":"https:\/\/www.umlautrecords.com\/fr\/","logo":{"@type":"ImageObject","inLanguage":"fr-FR","@id":"https:\/\/www.umlautrecords.com\/fr\/#\/schema\/logo\/image\/","url":"","contentUrl":"","caption":"Umlaut records"},"image":{"@id":"https:\/\/www.umlautrecords.com\/fr\/#\/schema\/logo\/image\/"},"sameAs":["https:\/\/www.facebook.com\/umlautrecords","https:\/\/www.instagram.com\/umlaut.records\/","https:\/\/www.linkedin.com\/in\/umlaut-records-label-0678b7a4\/","https:\/\/www.youtube.com\/user\/umsight"]}]}},"_links":{"self":[{"href":"https:\/\/www.umlautrecords.com\/fr\/wp-json\/wp\/v2\/product\/465","targetHints":{"allow":["GET"]}}],"collection":[{"href":"https:\/\/www.umlautrecords.com\/fr\/wp-json\/wp\/v2\/product"}],"about":[{"href":"https:\/\/www.umlautrecords.com\/fr\/wp-json\/wp\/v2\/types\/product"}],"wp:featuredmedia":[{"embeddable":true,"href":"https:\/\/www.umlautrecords.com\/fr\/wp-json\/wp\/v2\/media\/1352"}],"wp:attachment":[{"href":"https:\/\/www.umlautrecords.com\/fr\/wp-json\/wp\/v2\/media?parent=465"}],"wp:term":[{"taxonomy":"product_brand","embeddable":true,"href":"https:\/\/www.umlautrecords.com\/fr\/wp-json\/wp\/v2\/product_brand?post=465"},{"taxonomy":"product_cat","embeddable":true,"href":"https:\/\/www.umlautrecords.com\/fr\/wp-json\/wp\/v2\/product_cat?post=465"},{"taxonomy":"product_tag","embeddable":true,"href":"https:\/\/www.umlautrecords.com\/fr\/wp-json\/wp\/v2\/product_tag?post=465"}],"curies":[{"name":"wp","href":"https:\/\/api.w.org\/{rel}","templated":true}]}}