{"id":4649,"date":"2023-07-05T17:59:47","date_gmt":"2023-07-05T15:59:47","guid":{"rendered":"https:\/\/www.umlautrecords.com\/?post_type=product&#038;p=4649"},"modified":"2024-04-04T15:40:56","modified_gmt":"2024-04-04T13:40:56","slug":"feuilles-cd","status":"publish","type":"product","link":"https:\/\/www.umlautrecords.com\/fr\/produit\/feuilles-cd\/","title":{"rendered":"Feuilles (CD)"},"content":{"rendered":"<p>Version num\u00e9rique disponible sur <span style=\"text-decoration: underline;\"><a href=\"https:\/\/umlautrecords.bandcamp.com\/album\/feuilles\">Bandcamp<\/a><\/span>.<\/p>\n<p>Avec <i>Feuilles<\/i>, le compositeur et clarinettiste Joris R\u00fchl propose une immersion sonore dans un paysage min\u00e9ral et a\u00e9rien, \u00e9pur\u00e9 et cependant chatoyant.<\/p>\n<p class=\"p1\">Fin connaisseur de la clarinette, qu&rsquo;il explore dans des modes de jeu en friche &#8211; et en particulier dans les sons multiphoniques &#8211; Joris R\u00fchl \u00e9tend ici l\u2019exp\u00e9rimentation sonore \u00e0 l\u2019accord\u00e9on et aux percussions, et associe les timbres et les textures avec la m\u00e9ticulosit\u00e9 et le plaisir d\u2019un gastronome.<\/p>\n<p class=\"p1\">Pour <i>Feuilles<\/i>, il s\u2019entoure du clarinettiste Xavier Charles, de l\u2019accord\u00e9oniste Jonas Kocher et du percussionniste Toma Gouband, trois musiciens improvisateurs, chacun porteur d\u2019un univers sonore fort et singulier. Ils se glissent ici avec beaucoup de justesse dans le r\u00f4le d\u2019interpr\u00e8te et colorent avec bonheur la proposition \u00e9crite.<\/p>\n<p class=\"p1\">Le galet, le feuillage, la peau, le m\u00e9tal du percussionniste sculptent les vibrations m\u00eal\u00e9es des anches des trois autres musiciens, au cours d\u2019une excursion acoustique en quatre grandes \u00e9tapes et autant d\u2019exp\u00e9riences pour les oreilles.<\/p>\n<p class=\"p1\">Dans sa forme et dans son esprit,\u00a0<i>Feuilles<\/i>\u00a0est un \u00e9loge \u00e0 la lenteur, au d\u00e9tail, \u00e0 la variation permanente : une m\u00e9ditation v\u00e9g\u00e9tale.<\/p>\n<p class=\"p1\"><i>Feuilles<\/i> est disponible en format audio mais \u00e9galement en vid\u00e9o, l\u2019enregistrement ayant fait l\u2019objet d\u2019une captation.<\/p>\n","protected":false},"excerpt":{"rendered":"<p>SORTIE LE 29 SEPTEMBRE 2023<\/p>\n","protected":false},"featured_media":4650,"template":"","meta":{"_acf_changed":false},"product_brand":[],"product_cat":[29],"product_tag":[],"class_list":{"0":"post-4649","1":"product","2":"type-product","3":"status-publish","4":"has-post-thumbnail","6":"product_cat-album","7":"product_shipping_class-cd","9":"first","10":"instock","11":"taxable","12":"shipping-taxable","13":"purchasable","14":"product-type-simple"},"acf":[],"yoast_head":"<!-- This site is optimized with the Yoast SEO plugin v27.0 - https:\/\/yoast.com\/product\/yoast-seo-wordpress\/ -->\n<title>Feuilles (CD) - Umlaut records<\/title>\n<meta name=\"robots\" content=\"index, follow, max-snippet:-1, max-image-preview:large, max-video-preview:-1\" \/>\n<link rel=\"canonical\" href=\"https:\/\/www.umlautrecords.com\/fr\/produit\/feuilles-cd\/\" \/>\n<meta property=\"og:locale\" content=\"fr_FR\" \/>\n<meta property=\"og:type\" content=\"article\" \/>\n<meta property=\"og:title\" content=\"Feuilles (CD) - Umlaut records\" \/>\n<meta property=\"og:description\" content=\"SORTIE LE 29 SEPTEMBRE 2023\" \/>\n<meta property=\"og:url\" content=\"https:\/\/www.umlautrecords.com\/fr\/produit\/feuilles-cd\/\" \/>\n<meta property=\"og:site_name\" content=\"Umlaut records\" \/>\n<meta property=\"article:publisher\" content=\"https:\/\/www.facebook.com\/umlautrecords\" \/>\n<meta property=\"article:modified_time\" content=\"2024-04-04T13:40:56+00:00\" \/>\n<meta property=\"og:image\" content=\"https:\/\/www.umlautrecords.com\/wp-content\/uploads\/2023\/07\/umlaut-feuilles-cd-feuilles-cover.jpg\" \/>\n\t<meta property=\"og:image:width\" content=\"1655\" \/>\n\t<meta property=\"og:image:height\" content=\"1477\" \/>\n\t<meta property=\"og:image:type\" content=\"image\/jpeg\" \/>\n<meta name=\"twitter:card\" content=\"summary_large_image\" \/>\n<meta name=\"twitter:label1\" content=\"Dur\u00e9e de lecture estim\u00e9e\" \/>\n\t<meta name=\"twitter:data1\" content=\"1 minute\" \/>\n<script type=\"application\/ld+json\" class=\"yoast-schema-graph\">{\"@context\":\"https:\/\/schema.org\",\"@graph\":[{\"@type\":\"WebPage\",\"@id\":\"https:\/\/www.umlautrecords.com\/fr\/produit\/feuilles-cd\/\",\"url\":\"https:\/\/www.umlautrecords.com\/fr\/produit\/feuilles-cd\/\",\"name\":\"Feuilles (CD) - Umlaut records\",\"isPartOf\":{\"@id\":\"https:\/\/www.umlautrecords.com\/fr\/#website\"},\"primaryImageOfPage\":{\"@id\":\"https:\/\/www.umlautrecords.com\/fr\/produit\/feuilles-cd\/#primaryimage\"},\"image\":{\"@id\":\"https:\/\/www.umlautrecords.com\/fr\/produit\/feuilles-cd\/#primaryimage\"},\"thumbnailUrl\":\"https:\/\/www.umlautrecords.com\/wp-content\/uploads\/2023\/07\/umlaut-feuilles-cd-feuilles-cover.jpg\",\"datePublished\":\"2023-07-05T15:59:47+00:00\",\"dateModified\":\"2024-04-04T13:40:56+00:00\",\"breadcrumb\":{\"@id\":\"https:\/\/www.umlautrecords.com\/fr\/produit\/feuilles-cd\/#breadcrumb\"},\"inLanguage\":\"fr-FR\",\"potentialAction\":[{\"@type\":\"ReadAction\",\"target\":[\"https:\/\/www.umlautrecords.com\/fr\/produit\/feuilles-cd\/\"]}]},{\"@type\":\"ImageObject\",\"inLanguage\":\"fr-FR\",\"@id\":\"https:\/\/www.umlautrecords.com\/fr\/produit\/feuilles-cd\/#primaryimage\",\"url\":\"https:\/\/www.umlautrecords.com\/wp-content\/uploads\/2023\/07\/umlaut-feuilles-cd-feuilles-cover.jpg\",\"contentUrl\":\"https:\/\/www.umlautrecords.com\/wp-content\/uploads\/2023\/07\/umlaut-feuilles-cd-feuilles-cover.jpg\",\"width\":1655,\"height\":1477},{\"@type\":\"BreadcrumbList\",\"@id\":\"https:\/\/www.umlautrecords.com\/fr\/produit\/feuilles-cd\/#breadcrumb\",\"itemListElement\":[{\"@type\":\"ListItem\",\"position\":1,\"name\":\"Accueil\",\"item\":\"https:\/\/www.umlautrecords.com\/fr\/\"},{\"@type\":\"ListItem\",\"position\":2,\"name\":\"Catalogue\",\"item\":\"https:\/\/www.umlautrecords.com\/fr\/shop\/\"},{\"@type\":\"ListItem\",\"position\":3,\"name\":\"Feuilles (CD)\"}]},{\"@type\":\"WebSite\",\"@id\":\"https:\/\/www.umlautrecords.com\/fr\/#website\",\"url\":\"https:\/\/www.umlautrecords.com\/fr\/\",\"name\":\"Umlaut records\",\"description\":\"transformation of sound\",\"publisher\":{\"@id\":\"https:\/\/www.umlautrecords.com\/fr\/#organization\"},\"potentialAction\":[{\"@type\":\"SearchAction\",\"target\":{\"@type\":\"EntryPoint\",\"urlTemplate\":\"https:\/\/www.umlautrecords.com\/fr\/?s={search_term_string}\"},\"query-input\":{\"@type\":\"PropertyValueSpecification\",\"valueRequired\":true,\"valueName\":\"search_term_string\"}}],\"inLanguage\":\"fr-FR\"},{\"@type\":\"Organization\",\"@id\":\"https:\/\/www.umlautrecords.com\/fr\/#organization\",\"name\":\"Umlaut records\",\"url\":\"https:\/\/www.umlautrecords.com\/fr\/\",\"logo\":{\"@type\":\"ImageObject\",\"inLanguage\":\"fr-FR\",\"@id\":\"https:\/\/www.umlautrecords.com\/fr\/#\/schema\/logo\/image\/\",\"url\":\"\",\"contentUrl\":\"\",\"caption\":\"Umlaut records\"},\"image\":{\"@id\":\"https:\/\/www.umlautrecords.com\/fr\/#\/schema\/logo\/image\/\"},\"sameAs\":[\"https:\/\/www.facebook.com\/umlautrecords\",\"https:\/\/www.instagram.com\/umlaut.records\/\",\"https:\/\/www.linkedin.com\/in\/umlaut-records-label-0678b7a4\/\",\"https:\/\/www.youtube.com\/user\/umsight\"]}]}<\/script>\n<!-- \/ Yoast SEO plugin. -->","yoast_head_json":{"title":"Feuilles (CD) - Umlaut records","robots":{"index":"index","follow":"follow","max-snippet":"max-snippet:-1","max-image-preview":"max-image-preview:large","max-video-preview":"max-video-preview:-1"},"canonical":"https:\/\/www.umlautrecords.com\/fr\/produit\/feuilles-cd\/","og_locale":"fr_FR","og_type":"article","og_title":"Feuilles (CD) - Umlaut records","og_description":"SORTIE LE 29 SEPTEMBRE 2023","og_url":"https:\/\/www.umlautrecords.com\/fr\/produit\/feuilles-cd\/","og_site_name":"Umlaut records","article_publisher":"https:\/\/www.facebook.com\/umlautrecords","article_modified_time":"2024-04-04T13:40:56+00:00","og_image":[{"width":1655,"height":1477,"url":"https:\/\/www.umlautrecords.com\/wp-content\/uploads\/2023\/07\/umlaut-feuilles-cd-feuilles-cover.jpg","type":"image\/jpeg"}],"twitter_card":"summary_large_image","twitter_misc":{"Dur\u00e9e de lecture estim\u00e9e":"1 minute"},"schema":{"@context":"https:\/\/schema.org","@graph":[{"@type":"WebPage","@id":"https:\/\/www.umlautrecords.com\/fr\/produit\/feuilles-cd\/","url":"https:\/\/www.umlautrecords.com\/fr\/produit\/feuilles-cd\/","name":"Feuilles (CD) - Umlaut records","isPartOf":{"@id":"https:\/\/www.umlautrecords.com\/fr\/#website"},"primaryImageOfPage":{"@id":"https:\/\/www.umlautrecords.com\/fr\/produit\/feuilles-cd\/#primaryimage"},"image":{"@id":"https:\/\/www.umlautrecords.com\/fr\/produit\/feuilles-cd\/#primaryimage"},"thumbnailUrl":"https:\/\/www.umlautrecords.com\/wp-content\/uploads\/2023\/07\/umlaut-feuilles-cd-feuilles-cover.jpg","datePublished":"2023-07-05T15:59:47+00:00","dateModified":"2024-04-04T13:40:56+00:00","breadcrumb":{"@id":"https:\/\/www.umlautrecords.com\/fr\/produit\/feuilles-cd\/#breadcrumb"},"inLanguage":"fr-FR","potentialAction":[{"@type":"ReadAction","target":["https:\/\/www.umlautrecords.com\/fr\/produit\/feuilles-cd\/"]}]},{"@type":"ImageObject","inLanguage":"fr-FR","@id":"https:\/\/www.umlautrecords.com\/fr\/produit\/feuilles-cd\/#primaryimage","url":"https:\/\/www.umlautrecords.com\/wp-content\/uploads\/2023\/07\/umlaut-feuilles-cd-feuilles-cover.jpg","contentUrl":"https:\/\/www.umlautrecords.com\/wp-content\/uploads\/2023\/07\/umlaut-feuilles-cd-feuilles-cover.jpg","width":1655,"height":1477},{"@type":"BreadcrumbList","@id":"https:\/\/www.umlautrecords.com\/fr\/produit\/feuilles-cd\/#breadcrumb","itemListElement":[{"@type":"ListItem","position":1,"name":"Accueil","item":"https:\/\/www.umlautrecords.com\/fr\/"},{"@type":"ListItem","position":2,"name":"Catalogue","item":"https:\/\/www.umlautrecords.com\/fr\/shop\/"},{"@type":"ListItem","position":3,"name":"Feuilles (CD)"}]},{"@type":"WebSite","@id":"https:\/\/www.umlautrecords.com\/fr\/#website","url":"https:\/\/www.umlautrecords.com\/fr\/","name":"Umlaut records","description":"transformation of sound","publisher":{"@id":"https:\/\/www.umlautrecords.com\/fr\/#organization"},"potentialAction":[{"@type":"SearchAction","target":{"@type":"EntryPoint","urlTemplate":"https:\/\/www.umlautrecords.com\/fr\/?s={search_term_string}"},"query-input":{"@type":"PropertyValueSpecification","valueRequired":true,"valueName":"search_term_string"}}],"inLanguage":"fr-FR"},{"@type":"Organization","@id":"https:\/\/www.umlautrecords.com\/fr\/#organization","name":"Umlaut records","url":"https:\/\/www.umlautrecords.com\/fr\/","logo":{"@type":"ImageObject","inLanguage":"fr-FR","@id":"https:\/\/www.umlautrecords.com\/fr\/#\/schema\/logo\/image\/","url":"","contentUrl":"","caption":"Umlaut records"},"image":{"@id":"https:\/\/www.umlautrecords.com\/fr\/#\/schema\/logo\/image\/"},"sameAs":["https:\/\/www.facebook.com\/umlautrecords","https:\/\/www.instagram.com\/umlaut.records\/","https:\/\/www.linkedin.com\/in\/umlaut-records-label-0678b7a4\/","https:\/\/www.youtube.com\/user\/umsight"]}]}},"_links":{"self":[{"href":"https:\/\/www.umlautrecords.com\/fr\/wp-json\/wp\/v2\/product\/4649","targetHints":{"allow":["GET"]}}],"collection":[{"href":"https:\/\/www.umlautrecords.com\/fr\/wp-json\/wp\/v2\/product"}],"about":[{"href":"https:\/\/www.umlautrecords.com\/fr\/wp-json\/wp\/v2\/types\/product"}],"wp:featuredmedia":[{"embeddable":true,"href":"https:\/\/www.umlautrecords.com\/fr\/wp-json\/wp\/v2\/media\/4650"}],"wp:attachment":[{"href":"https:\/\/www.umlautrecords.com\/fr\/wp-json\/wp\/v2\/media?parent=4649"}],"wp:term":[{"taxonomy":"product_brand","embeddable":true,"href":"https:\/\/www.umlautrecords.com\/fr\/wp-json\/wp\/v2\/product_brand?post=4649"},{"taxonomy":"product_cat","embeddable":true,"href":"https:\/\/www.umlautrecords.com\/fr\/wp-json\/wp\/v2\/product_cat?post=4649"},{"taxonomy":"product_tag","embeddable":true,"href":"https:\/\/www.umlautrecords.com\/fr\/wp-json\/wp\/v2\/product_tag?post=4649"}],"curies":[{"name":"wp","href":"https:\/\/api.w.org\/{rel}","templated":true}]}}