{"id":463,"date":"2010-05-10T17:24:27","date_gmt":"2010-05-10T15:24:27","guid":{"rendered":"http:\/\/116.203.103.232\/umlaut\/?post_type=product&#038;p=463"},"modified":"2025-07-24T12:12:27","modified_gmt":"2025-07-24T10:12:27","slug":"kege-sno-keijser-barn-grip-strid","status":"publish","type":"product","link":"https:\/\/www.umlautrecords.com\/fr\/produit\/kege-sno-keijser-barn-grip-strid\/","title":{"rendered":"Kege Sn\u00f6 (CD)"},"content":{"rendered":"<p>Version num\u00e9rique disponible sur <a href=\"https:\/\/umlautrecords.bandcamp.com\/album\/kege-sn\">Bandcamp<\/a>.<\/p>\n<p><span style=\"font-weight: 400;\">Kege Sn\u00f6 a \u00e9t\u00e9 cr\u00e9\u00e9 pour le festival Hagenfesten 2006 \u00e0 Dala-Floda, Su\u00e8de. Ils jouent une musique ouverte laissant la place \u00e0 une communication \u00e9nerg\u00e9tique et pr\u00e9cise. Roland Keijser (1944-2019), un saxophoniste v\u00e9t\u00e9ran \u00e9poustouflant, a \u00e9t\u00e9 un pionnier en Su\u00e8de, prenant part au premier mouvement vers les formes libres et la musique progressive dans les ann\u00e9es 60 et 70, et plus tard trouvant des chemins r\u00e9volutionnaires pour la musique folk su\u00e9doise. Les compositions de Keijser dans les ann\u00e9es 60 posent les structures ouvertes pour la musique de Kege Sn\u00f6. Raymond Strid, l\u2019un des percussionniste improvisateurs les plus demand\u00e9s aujourd\u2019hui &#8211; il joue avec Barry Guy, Marilyn Crispell, Jo\u00eblle L\u00e9andre, Mata Gustafsson pour n\u2019en nommer que quelques uns &#8211; ajoute une nouvelle dimension \u00e0 la musique de Kege Sn\u00f6. Une nouvelle g\u00e9n\u00e9ration rencontre une plus ancienne. Niklas Barn\u00f6 est un personnage connu de la sc\u00e8ne scandinave jazz et musique improvis\u00e9e. Expressionniste et intense, son jeu est honn\u00eate d\u2019une mani\u00e8re tr\u00e8s originale. Joel Grip, un contrebassiste vigoureux et libre, joue un grand r\u00f4le dans les nouvelles sc\u00e8nes de musique improvis\u00e9e en Europe, entendu dans des groupes comme Je Suis!, Snus et Peeping Tom.<\/span><\/p>\n<p>&nbsp;<\/p>\n","protected":false},"excerpt":{"rendered":"<p>Version num\u00e9rique disponible sur Bandcamp. Kege Sn\u00f6 a \u00e9t\u00e9 cr\u00e9\u00e9 pour le festival Hagenfesten 2006 \u00e0 Dala-Floda, Su\u00e8de. Ils jouent une musique ouverte&hellip;<\/p>\n","protected":false},"featured_media":669,"template":"","meta":{"_acf_changed":false},"product_brand":[],"product_cat":[29],"product_tag":[],"class_list":{"0":"post-463","1":"product","2":"type-product","3":"status-publish","4":"has-post-thumbnail","6":"product_cat-album","7":"product_shipping_class-cd","9":"first","10":"outofstock","11":"taxable","12":"shipping-taxable","13":"purchasable","14":"product-type-simple"},"acf":[],"yoast_head":"<!-- This site is optimized with the Yoast SEO plugin v27.0 - https:\/\/yoast.com\/product\/yoast-seo-wordpress\/ -->\n<title>Kege Sn\u00f6 (CD) - Umlaut records<\/title>\n<meta name=\"robots\" content=\"index, follow, max-snippet:-1, max-image-preview:large, max-video-preview:-1\" \/>\n<link rel=\"canonical\" href=\"https:\/\/www.umlautrecords.com\/fr\/produit\/kege-sno-keijser-barn-grip-strid\/\" \/>\n<meta property=\"og:locale\" content=\"fr_FR\" \/>\n<meta property=\"og:type\" content=\"article\" \/>\n<meta property=\"og:title\" content=\"Kege Sn\u00f6 (CD) - Umlaut records\" \/>\n<meta property=\"og:description\" content=\"Version num\u00e9rique disponible sur Bandcamp. Kege Sn\u00f6 a \u00e9t\u00e9 cr\u00e9\u00e9 pour le festival Hagenfesten 2006 \u00e0 Dala-Floda, Su\u00e8de. Ils jouent une musique ouverte&hellip;\" \/>\n<meta property=\"og:url\" content=\"https:\/\/www.umlautrecords.com\/fr\/produit\/kege-sno-keijser-barn-grip-strid\/\" \/>\n<meta property=\"og:site_name\" content=\"Umlaut records\" \/>\n<meta property=\"article:publisher\" content=\"https:\/\/www.facebook.com\/umlautrecords\" \/>\n<meta property=\"article:modified_time\" content=\"2025-07-24T10:12:27+00:00\" \/>\n<meta property=\"og:image\" content=\"https:\/\/www.umlautrecords.com\/wp-content\/uploads\/2010\/05\/templetekscdr.jpg\" \/>\n\t<meta property=\"og:image:width\" content=\"2560\" \/>\n\t<meta property=\"og:image:height\" content=\"2560\" \/>\n\t<meta property=\"og:image:type\" content=\"image\/jpeg\" \/>\n<meta name=\"twitter:card\" content=\"summary_large_image\" \/>\n<meta name=\"twitter:label1\" content=\"Dur\u00e9e de lecture estim\u00e9e\" \/>\n\t<meta name=\"twitter:data1\" content=\"1 minute\" \/>\n<script type=\"application\/ld+json\" class=\"yoast-schema-graph\">{\"@context\":\"https:\/\/schema.org\",\"@graph\":[{\"@type\":\"WebPage\",\"@id\":\"https:\/\/www.umlautrecords.com\/fr\/produit\/kege-sno-keijser-barn-grip-strid\/\",\"url\":\"https:\/\/www.umlautrecords.com\/fr\/produit\/kege-sno-keijser-barn-grip-strid\/\",\"name\":\"Kege Sn\u00f6 (CD) - Umlaut records\",\"isPartOf\":{\"@id\":\"https:\/\/www.umlautrecords.com\/fr\/#website\"},\"primaryImageOfPage\":{\"@id\":\"https:\/\/www.umlautrecords.com\/fr\/produit\/kege-sno-keijser-barn-grip-strid\/#primaryimage\"},\"image\":{\"@id\":\"https:\/\/www.umlautrecords.com\/fr\/produit\/kege-sno-keijser-barn-grip-strid\/#primaryimage\"},\"thumbnailUrl\":\"https:\/\/www.umlautrecords.com\/wp-content\/uploads\/2010\/05\/templetekscdr.jpg\",\"datePublished\":\"2010-05-10T15:24:27+00:00\",\"dateModified\":\"2025-07-24T10:12:27+00:00\",\"breadcrumb\":{\"@id\":\"https:\/\/www.umlautrecords.com\/fr\/produit\/kege-sno-keijser-barn-grip-strid\/#breadcrumb\"},\"inLanguage\":\"fr-FR\",\"potentialAction\":[{\"@type\":\"ReadAction\",\"target\":[\"https:\/\/www.umlautrecords.com\/fr\/produit\/kege-sno-keijser-barn-grip-strid\/\"]}]},{\"@type\":\"ImageObject\",\"inLanguage\":\"fr-FR\",\"@id\":\"https:\/\/www.umlautrecords.com\/fr\/produit\/kege-sno-keijser-barn-grip-strid\/#primaryimage\",\"url\":\"https:\/\/www.umlautrecords.com\/wp-content\/uploads\/2010\/05\/templetekscdr.jpg\",\"contentUrl\":\"https:\/\/www.umlautrecords.com\/wp-content\/uploads\/2010\/05\/templetekscdr.jpg\",\"width\":2560,\"height\":2560},{\"@type\":\"BreadcrumbList\",\"@id\":\"https:\/\/www.umlautrecords.com\/fr\/produit\/kege-sno-keijser-barn-grip-strid\/#breadcrumb\",\"itemListElement\":[{\"@type\":\"ListItem\",\"position\":1,\"name\":\"Accueil\",\"item\":\"https:\/\/www.umlautrecords.com\/fr\/\"},{\"@type\":\"ListItem\",\"position\":2,\"name\":\"Catalogue\",\"item\":\"https:\/\/www.umlautrecords.com\/fr\/shop\/\"},{\"@type\":\"ListItem\",\"position\":3,\"name\":\"Kege Sn\u00f6 (CD)\"}]},{\"@type\":\"WebSite\",\"@id\":\"https:\/\/www.umlautrecords.com\/fr\/#website\",\"url\":\"https:\/\/www.umlautrecords.com\/fr\/\",\"name\":\"Umlaut records\",\"description\":\"transformation of sound\",\"publisher\":{\"@id\":\"https:\/\/www.umlautrecords.com\/fr\/#organization\"},\"potentialAction\":[{\"@type\":\"SearchAction\",\"target\":{\"@type\":\"EntryPoint\",\"urlTemplate\":\"https:\/\/www.umlautrecords.com\/fr\/?s={search_term_string}\"},\"query-input\":{\"@type\":\"PropertyValueSpecification\",\"valueRequired\":true,\"valueName\":\"search_term_string\"}}],\"inLanguage\":\"fr-FR\"},{\"@type\":\"Organization\",\"@id\":\"https:\/\/www.umlautrecords.com\/fr\/#organization\",\"name\":\"Umlaut records\",\"url\":\"https:\/\/www.umlautrecords.com\/fr\/\",\"logo\":{\"@type\":\"ImageObject\",\"inLanguage\":\"fr-FR\",\"@id\":\"https:\/\/www.umlautrecords.com\/fr\/#\/schema\/logo\/image\/\",\"url\":\"\",\"contentUrl\":\"\",\"caption\":\"Umlaut records\"},\"image\":{\"@id\":\"https:\/\/www.umlautrecords.com\/fr\/#\/schema\/logo\/image\/\"},\"sameAs\":[\"https:\/\/www.facebook.com\/umlautrecords\",\"https:\/\/www.instagram.com\/umlaut.records\/\",\"https:\/\/www.linkedin.com\/in\/umlaut-records-label-0678b7a4\/\",\"https:\/\/www.youtube.com\/user\/umsight\"]}]}<\/script>\n<!-- \/ Yoast SEO plugin. -->","yoast_head_json":{"title":"Kege Sn\u00f6 (CD) - Umlaut records","robots":{"index":"index","follow":"follow","max-snippet":"max-snippet:-1","max-image-preview":"max-image-preview:large","max-video-preview":"max-video-preview:-1"},"canonical":"https:\/\/www.umlautrecords.com\/fr\/produit\/kege-sno-keijser-barn-grip-strid\/","og_locale":"fr_FR","og_type":"article","og_title":"Kege Sn\u00f6 (CD) - Umlaut records","og_description":"Version num\u00e9rique disponible sur Bandcamp. Kege Sn\u00f6 a \u00e9t\u00e9 cr\u00e9\u00e9 pour le festival Hagenfesten 2006 \u00e0 Dala-Floda, Su\u00e8de. Ils jouent une musique ouverte&hellip;","og_url":"https:\/\/www.umlautrecords.com\/fr\/produit\/kege-sno-keijser-barn-grip-strid\/","og_site_name":"Umlaut records","article_publisher":"https:\/\/www.facebook.com\/umlautrecords","article_modified_time":"2025-07-24T10:12:27+00:00","og_image":[{"width":2560,"height":2560,"url":"https:\/\/www.umlautrecords.com\/wp-content\/uploads\/2010\/05\/templetekscdr.jpg","type":"image\/jpeg"}],"twitter_card":"summary_large_image","twitter_misc":{"Dur\u00e9e de lecture estim\u00e9e":"1 minute"},"schema":{"@context":"https:\/\/schema.org","@graph":[{"@type":"WebPage","@id":"https:\/\/www.umlautrecords.com\/fr\/produit\/kege-sno-keijser-barn-grip-strid\/","url":"https:\/\/www.umlautrecords.com\/fr\/produit\/kege-sno-keijser-barn-grip-strid\/","name":"Kege Sn\u00f6 (CD) - Umlaut records","isPartOf":{"@id":"https:\/\/www.umlautrecords.com\/fr\/#website"},"primaryImageOfPage":{"@id":"https:\/\/www.umlautrecords.com\/fr\/produit\/kege-sno-keijser-barn-grip-strid\/#primaryimage"},"image":{"@id":"https:\/\/www.umlautrecords.com\/fr\/produit\/kege-sno-keijser-barn-grip-strid\/#primaryimage"},"thumbnailUrl":"https:\/\/www.umlautrecords.com\/wp-content\/uploads\/2010\/05\/templetekscdr.jpg","datePublished":"2010-05-10T15:24:27+00:00","dateModified":"2025-07-24T10:12:27+00:00","breadcrumb":{"@id":"https:\/\/www.umlautrecords.com\/fr\/produit\/kege-sno-keijser-barn-grip-strid\/#breadcrumb"},"inLanguage":"fr-FR","potentialAction":[{"@type":"ReadAction","target":["https:\/\/www.umlautrecords.com\/fr\/produit\/kege-sno-keijser-barn-grip-strid\/"]}]},{"@type":"ImageObject","inLanguage":"fr-FR","@id":"https:\/\/www.umlautrecords.com\/fr\/produit\/kege-sno-keijser-barn-grip-strid\/#primaryimage","url":"https:\/\/www.umlautrecords.com\/wp-content\/uploads\/2010\/05\/templetekscdr.jpg","contentUrl":"https:\/\/www.umlautrecords.com\/wp-content\/uploads\/2010\/05\/templetekscdr.jpg","width":2560,"height":2560},{"@type":"BreadcrumbList","@id":"https:\/\/www.umlautrecords.com\/fr\/produit\/kege-sno-keijser-barn-grip-strid\/#breadcrumb","itemListElement":[{"@type":"ListItem","position":1,"name":"Accueil","item":"https:\/\/www.umlautrecords.com\/fr\/"},{"@type":"ListItem","position":2,"name":"Catalogue","item":"https:\/\/www.umlautrecords.com\/fr\/shop\/"},{"@type":"ListItem","position":3,"name":"Kege Sn\u00f6 (CD)"}]},{"@type":"WebSite","@id":"https:\/\/www.umlautrecords.com\/fr\/#website","url":"https:\/\/www.umlautrecords.com\/fr\/","name":"Umlaut records","description":"transformation of sound","publisher":{"@id":"https:\/\/www.umlautrecords.com\/fr\/#organization"},"potentialAction":[{"@type":"SearchAction","target":{"@type":"EntryPoint","urlTemplate":"https:\/\/www.umlautrecords.com\/fr\/?s={search_term_string}"},"query-input":{"@type":"PropertyValueSpecification","valueRequired":true,"valueName":"search_term_string"}}],"inLanguage":"fr-FR"},{"@type":"Organization","@id":"https:\/\/www.umlautrecords.com\/fr\/#organization","name":"Umlaut records","url":"https:\/\/www.umlautrecords.com\/fr\/","logo":{"@type":"ImageObject","inLanguage":"fr-FR","@id":"https:\/\/www.umlautrecords.com\/fr\/#\/schema\/logo\/image\/","url":"","contentUrl":"","caption":"Umlaut records"},"image":{"@id":"https:\/\/www.umlautrecords.com\/fr\/#\/schema\/logo\/image\/"},"sameAs":["https:\/\/www.facebook.com\/umlautrecords","https:\/\/www.instagram.com\/umlaut.records\/","https:\/\/www.linkedin.com\/in\/umlaut-records-label-0678b7a4\/","https:\/\/www.youtube.com\/user\/umsight"]}]}},"_links":{"self":[{"href":"https:\/\/www.umlautrecords.com\/fr\/wp-json\/wp\/v2\/product\/463","targetHints":{"allow":["GET"]}}],"collection":[{"href":"https:\/\/www.umlautrecords.com\/fr\/wp-json\/wp\/v2\/product"}],"about":[{"href":"https:\/\/www.umlautrecords.com\/fr\/wp-json\/wp\/v2\/types\/product"}],"wp:featuredmedia":[{"embeddable":true,"href":"https:\/\/www.umlautrecords.com\/fr\/wp-json\/wp\/v2\/media\/669"}],"wp:attachment":[{"href":"https:\/\/www.umlautrecords.com\/fr\/wp-json\/wp\/v2\/media?parent=463"}],"wp:term":[{"taxonomy":"product_brand","embeddable":true,"href":"https:\/\/www.umlautrecords.com\/fr\/wp-json\/wp\/v2\/product_brand?post=463"},{"taxonomy":"product_cat","embeddable":true,"href":"https:\/\/www.umlautrecords.com\/fr\/wp-json\/wp\/v2\/product_cat?post=463"},{"taxonomy":"product_tag","embeddable":true,"href":"https:\/\/www.umlautrecords.com\/fr\/wp-json\/wp\/v2\/product_tag?post=463"}],"curies":[{"name":"wp","href":"https:\/\/api.w.org\/{rel}","templated":true}]}}