{"id":461,"date":"2010-05-01T17:05:29","date_gmt":"2010-05-01T15:05:29","guid":{"rendered":"http:\/\/116.203.103.232\/umlaut\/?post_type=product&#038;p=461"},"modified":"2025-07-24T12:12:27","modified_gmt":"2025-07-24T10:12:27","slug":"03-r-mutt","status":"publish","type":"product","link":"https:\/\/www.umlautrecords.com\/fr\/produit\/03-r-mutt\/","title":{"rendered":"#03 (CD)"},"content":{"rendered":"<p>Version num\u00e9rique disponible sur <a href=\"https:\/\/umlautrecords.bandcamp.com\/album\/03\">Bandcamp<\/a>.<\/p>\n<p><span style=\"font-weight: 400;\">La musique ne commence ni ne finit jamais, l\u2019\u00e9quilibre se trouve entre les choses, sur un socle toujours instable. L\u2019instabilit\u00e9 &#8211; des diff\u00e9rentes couches sans cesse en mouvement, se croisant, se confondant elles-m\u00eame, confuses, s\u2019annulant les unes les autres &#8211; r\u00e9v\u00e8le de nouvelles ap\u00e9riodicit\u00e9s, le rythme ap\u00e9riodique laissant entrer le rythme p\u00e9riodique. L\u2019auditeur suit un chemin \u00e0 travers les buissons, comprenant ce qu\u2019il peut, cr\u00e9ant sa propre r\u00e9alit\u00e9, une r\u00e9alit\u00e9.<\/span><\/p>\n","protected":false},"excerpt":{"rendered":"<p>Version num\u00e9rique disponible sur Bandcamp. La musique ne commence ni ne finit jamais, l\u2019\u00e9quilibre se trouve entre les choses, sur un socle toujours&hellip;<\/p>\n","protected":false},"featured_media":1361,"template":"","meta":{"_acf_changed":false},"product_brand":[],"product_cat":[29],"product_tag":[],"class_list":{"0":"post-461","1":"product","2":"type-product","3":"status-publish","4":"has-post-thumbnail","6":"product_cat-album","7":"product_shipping_class-cd","9":"first","10":"outofstock","11":"taxable","12":"shipping-taxable","13":"purchasable","14":"product-type-simple"},"acf":[],"yoast_head":"<!-- This site is optimized with the Yoast SEO plugin v27.0 - https:\/\/yoast.com\/product\/yoast-seo-wordpress\/ -->\n<title>#03 (CD) - Umlaut records<\/title>\n<meta name=\"robots\" content=\"index, follow, max-snippet:-1, max-image-preview:large, max-video-preview:-1\" \/>\n<link rel=\"canonical\" href=\"https:\/\/www.umlautrecords.com\/fr\/produit\/03-r-mutt\/\" \/>\n<meta property=\"og:locale\" content=\"fr_FR\" \/>\n<meta property=\"og:type\" content=\"article\" \/>\n<meta property=\"og:title\" content=\"#03 (CD) - Umlaut records\" \/>\n<meta property=\"og:description\" content=\"Version num\u00e9rique disponible sur Bandcamp. La musique ne commence ni ne finit jamais, l\u2019\u00e9quilibre se trouve entre les choses, sur un socle toujours&hellip;\" \/>\n<meta property=\"og:url\" content=\"https:\/\/www.umlautrecords.com\/fr\/produit\/03-r-mutt\/\" \/>\n<meta property=\"og:site_name\" content=\"Umlaut records\" \/>\n<meta property=\"article:publisher\" content=\"https:\/\/www.facebook.com\/umlautrecords\" \/>\n<meta property=\"article:modified_time\" content=\"2025-07-24T10:12:27+00:00\" \/>\n<meta property=\"og:image\" content=\"https:\/\/www.umlautrecords.com\/wp-content\/uploads\/2010\/05\/umlaut-03-r-mutt-r.mutt03-hd-1.jpg\" \/>\n\t<meta property=\"og:image:width\" content=\"425\" \/>\n\t<meta property=\"og:image:height\" content=\"389\" \/>\n\t<meta property=\"og:image:type\" content=\"image\/jpeg\" \/>\n<meta name=\"twitter:card\" content=\"summary_large_image\" \/>\n<script type=\"application\/ld+json\" class=\"yoast-schema-graph\">{\"@context\":\"https:\/\/schema.org\",\"@graph\":[{\"@type\":\"WebPage\",\"@id\":\"https:\/\/www.umlautrecords.com\/fr\/produit\/03-r-mutt\/\",\"url\":\"https:\/\/www.umlautrecords.com\/fr\/produit\/03-r-mutt\/\",\"name\":\"#03 (CD) - Umlaut records\",\"isPartOf\":{\"@id\":\"https:\/\/www.umlautrecords.com\/fr\/#website\"},\"primaryImageOfPage\":{\"@id\":\"https:\/\/www.umlautrecords.com\/fr\/produit\/03-r-mutt\/#primaryimage\"},\"image\":{\"@id\":\"https:\/\/www.umlautrecords.com\/fr\/produit\/03-r-mutt\/#primaryimage\"},\"thumbnailUrl\":\"https:\/\/www.umlautrecords.com\/wp-content\/uploads\/2010\/05\/umlaut-03-r-mutt-r.mutt03-hd-1.jpg\",\"datePublished\":\"2010-05-01T15:05:29+00:00\",\"dateModified\":\"2025-07-24T10:12:27+00:00\",\"breadcrumb\":{\"@id\":\"https:\/\/www.umlautrecords.com\/fr\/produit\/03-r-mutt\/#breadcrumb\"},\"inLanguage\":\"fr-FR\",\"potentialAction\":[{\"@type\":\"ReadAction\",\"target\":[\"https:\/\/www.umlautrecords.com\/fr\/produit\/03-r-mutt\/\"]}]},{\"@type\":\"ImageObject\",\"inLanguage\":\"fr-FR\",\"@id\":\"https:\/\/www.umlautrecords.com\/fr\/produit\/03-r-mutt\/#primaryimage\",\"url\":\"https:\/\/www.umlautrecords.com\/wp-content\/uploads\/2010\/05\/umlaut-03-r-mutt-r.mutt03-hd-1.jpg\",\"contentUrl\":\"https:\/\/www.umlautrecords.com\/wp-content\/uploads\/2010\/05\/umlaut-03-r-mutt-r.mutt03-hd-1.jpg\",\"width\":425,\"height\":389},{\"@type\":\"BreadcrumbList\",\"@id\":\"https:\/\/www.umlautrecords.com\/fr\/produit\/03-r-mutt\/#breadcrumb\",\"itemListElement\":[{\"@type\":\"ListItem\",\"position\":1,\"name\":\"Accueil\",\"item\":\"https:\/\/www.umlautrecords.com\/fr\/\"},{\"@type\":\"ListItem\",\"position\":2,\"name\":\"Catalogue\",\"item\":\"https:\/\/www.umlautrecords.com\/fr\/shop\/\"},{\"@type\":\"ListItem\",\"position\":3,\"name\":\"#03 (CD)\"}]},{\"@type\":\"WebSite\",\"@id\":\"https:\/\/www.umlautrecords.com\/fr\/#website\",\"url\":\"https:\/\/www.umlautrecords.com\/fr\/\",\"name\":\"Umlaut records\",\"description\":\"transformation of sound\",\"publisher\":{\"@id\":\"https:\/\/www.umlautrecords.com\/fr\/#organization\"},\"potentialAction\":[{\"@type\":\"SearchAction\",\"target\":{\"@type\":\"EntryPoint\",\"urlTemplate\":\"https:\/\/www.umlautrecords.com\/fr\/?s={search_term_string}\"},\"query-input\":{\"@type\":\"PropertyValueSpecification\",\"valueRequired\":true,\"valueName\":\"search_term_string\"}}],\"inLanguage\":\"fr-FR\"},{\"@type\":\"Organization\",\"@id\":\"https:\/\/www.umlautrecords.com\/fr\/#organization\",\"name\":\"Umlaut records\",\"url\":\"https:\/\/www.umlautrecords.com\/fr\/\",\"logo\":{\"@type\":\"ImageObject\",\"inLanguage\":\"fr-FR\",\"@id\":\"https:\/\/www.umlautrecords.com\/fr\/#\/schema\/logo\/image\/\",\"url\":\"\",\"contentUrl\":\"\",\"caption\":\"Umlaut records\"},\"image\":{\"@id\":\"https:\/\/www.umlautrecords.com\/fr\/#\/schema\/logo\/image\/\"},\"sameAs\":[\"https:\/\/www.facebook.com\/umlautrecords\",\"https:\/\/www.instagram.com\/umlaut.records\/\",\"https:\/\/www.linkedin.com\/in\/umlaut-records-label-0678b7a4\/\",\"https:\/\/www.youtube.com\/user\/umsight\"]}]}<\/script>\n<!-- \/ Yoast SEO plugin. -->","yoast_head_json":{"title":"#03 (CD) - Umlaut records","robots":{"index":"index","follow":"follow","max-snippet":"max-snippet:-1","max-image-preview":"max-image-preview:large","max-video-preview":"max-video-preview:-1"},"canonical":"https:\/\/www.umlautrecords.com\/fr\/produit\/03-r-mutt\/","og_locale":"fr_FR","og_type":"article","og_title":"#03 (CD) - Umlaut records","og_description":"Version num\u00e9rique disponible sur Bandcamp. La musique ne commence ni ne finit jamais, l\u2019\u00e9quilibre se trouve entre les choses, sur un socle toujours&hellip;","og_url":"https:\/\/www.umlautrecords.com\/fr\/produit\/03-r-mutt\/","og_site_name":"Umlaut records","article_publisher":"https:\/\/www.facebook.com\/umlautrecords","article_modified_time":"2025-07-24T10:12:27+00:00","og_image":[{"width":425,"height":389,"url":"https:\/\/www.umlautrecords.com\/wp-content\/uploads\/2010\/05\/umlaut-03-r-mutt-r.mutt03-hd-1.jpg","type":"image\/jpeg"}],"twitter_card":"summary_large_image","schema":{"@context":"https:\/\/schema.org","@graph":[{"@type":"WebPage","@id":"https:\/\/www.umlautrecords.com\/fr\/produit\/03-r-mutt\/","url":"https:\/\/www.umlautrecords.com\/fr\/produit\/03-r-mutt\/","name":"#03 (CD) - Umlaut records","isPartOf":{"@id":"https:\/\/www.umlautrecords.com\/fr\/#website"},"primaryImageOfPage":{"@id":"https:\/\/www.umlautrecords.com\/fr\/produit\/03-r-mutt\/#primaryimage"},"image":{"@id":"https:\/\/www.umlautrecords.com\/fr\/produit\/03-r-mutt\/#primaryimage"},"thumbnailUrl":"https:\/\/www.umlautrecords.com\/wp-content\/uploads\/2010\/05\/umlaut-03-r-mutt-r.mutt03-hd-1.jpg","datePublished":"2010-05-01T15:05:29+00:00","dateModified":"2025-07-24T10:12:27+00:00","breadcrumb":{"@id":"https:\/\/www.umlautrecords.com\/fr\/produit\/03-r-mutt\/#breadcrumb"},"inLanguage":"fr-FR","potentialAction":[{"@type":"ReadAction","target":["https:\/\/www.umlautrecords.com\/fr\/produit\/03-r-mutt\/"]}]},{"@type":"ImageObject","inLanguage":"fr-FR","@id":"https:\/\/www.umlautrecords.com\/fr\/produit\/03-r-mutt\/#primaryimage","url":"https:\/\/www.umlautrecords.com\/wp-content\/uploads\/2010\/05\/umlaut-03-r-mutt-r.mutt03-hd-1.jpg","contentUrl":"https:\/\/www.umlautrecords.com\/wp-content\/uploads\/2010\/05\/umlaut-03-r-mutt-r.mutt03-hd-1.jpg","width":425,"height":389},{"@type":"BreadcrumbList","@id":"https:\/\/www.umlautrecords.com\/fr\/produit\/03-r-mutt\/#breadcrumb","itemListElement":[{"@type":"ListItem","position":1,"name":"Accueil","item":"https:\/\/www.umlautrecords.com\/fr\/"},{"@type":"ListItem","position":2,"name":"Catalogue","item":"https:\/\/www.umlautrecords.com\/fr\/shop\/"},{"@type":"ListItem","position":3,"name":"#03 (CD)"}]},{"@type":"WebSite","@id":"https:\/\/www.umlautrecords.com\/fr\/#website","url":"https:\/\/www.umlautrecords.com\/fr\/","name":"Umlaut records","description":"transformation of sound","publisher":{"@id":"https:\/\/www.umlautrecords.com\/fr\/#organization"},"potentialAction":[{"@type":"SearchAction","target":{"@type":"EntryPoint","urlTemplate":"https:\/\/www.umlautrecords.com\/fr\/?s={search_term_string}"},"query-input":{"@type":"PropertyValueSpecification","valueRequired":true,"valueName":"search_term_string"}}],"inLanguage":"fr-FR"},{"@type":"Organization","@id":"https:\/\/www.umlautrecords.com\/fr\/#organization","name":"Umlaut records","url":"https:\/\/www.umlautrecords.com\/fr\/","logo":{"@type":"ImageObject","inLanguage":"fr-FR","@id":"https:\/\/www.umlautrecords.com\/fr\/#\/schema\/logo\/image\/","url":"","contentUrl":"","caption":"Umlaut records"},"image":{"@id":"https:\/\/www.umlautrecords.com\/fr\/#\/schema\/logo\/image\/"},"sameAs":["https:\/\/www.facebook.com\/umlautrecords","https:\/\/www.instagram.com\/umlaut.records\/","https:\/\/www.linkedin.com\/in\/umlaut-records-label-0678b7a4\/","https:\/\/www.youtube.com\/user\/umsight"]}]}},"_links":{"self":[{"href":"https:\/\/www.umlautrecords.com\/fr\/wp-json\/wp\/v2\/product\/461","targetHints":{"allow":["GET"]}}],"collection":[{"href":"https:\/\/www.umlautrecords.com\/fr\/wp-json\/wp\/v2\/product"}],"about":[{"href":"https:\/\/www.umlautrecords.com\/fr\/wp-json\/wp\/v2\/types\/product"}],"wp:featuredmedia":[{"embeddable":true,"href":"https:\/\/www.umlautrecords.com\/fr\/wp-json\/wp\/v2\/media\/1361"}],"wp:attachment":[{"href":"https:\/\/www.umlautrecords.com\/fr\/wp-json\/wp\/v2\/media?parent=461"}],"wp:term":[{"taxonomy":"product_brand","embeddable":true,"href":"https:\/\/www.umlautrecords.com\/fr\/wp-json\/wp\/v2\/product_brand?post=461"},{"taxonomy":"product_cat","embeddable":true,"href":"https:\/\/www.umlautrecords.com\/fr\/wp-json\/wp\/v2\/product_cat?post=461"},{"taxonomy":"product_tag","embeddable":true,"href":"https:\/\/www.umlautrecords.com\/fr\/wp-json\/wp\/v2\/product_tag?post=461"}],"curies":[{"name":"wp","href":"https:\/\/api.w.org\/{rel}","templated":true}]}}