{"id":450,"date":"2007-12-11T16:23:25","date_gmt":"2007-12-11T15:23:25","guid":{"rendered":"http:\/\/116.203.103.232\/umlaut\/?post_type=product&#038;p=450"},"modified":"2025-07-24T12:12:27","modified_gmt":"2025-07-24T10:12:27","slug":"the-violencestring-shelly-blake-plock","status":"publish","type":"product","link":"https:\/\/www.umlautrecords.com\/fr\/produit\/the-violencestring-shelly-blake-plock\/","title":{"rendered":"The Violencestring (CD)"},"content":{"rendered":"<p>Version num\u00e9rique disponible sur <a href=\"https:\/\/umlautrecords.bandcamp.com\/album\/the-violencestring\">Bandcamp<\/a>.<\/p>\n<p><span style=\"font-weight: 400;\">Shelly Blake-Plock et son directeur musical Joel Grip ont r\u00e9uni une distribution internationale incluant le ph\u00e9nom\u00e8ne parisien Eve Risser, le trompettiste bas\u00e9 \u00e0 Stockholm Niklas Barn\u00f6, le clarinettiste John Dierker, le violoniste Ryan Dorsey, les batteurs Lyle Kissack et Ben McConnell, et Jessica Riefler, Carly Ptak, Twig Harper, Lawrence Lanahan ainsi que d\u2019autres voix pour enregistrer un album qui m\u00eale l\u2019exp\u00e9rimentation radicale en improvisation libre du 21\u00e8me si\u00e8cle \u00e0 la tradition de narration et d\u2019incarnation de personnages du 19\u00e8me si\u00e8cle. Il est produit par Shelly Blake-Plock et Matthew H Welch.<\/span><\/p>\n<p><span style=\"font-weight: 400;\">Une oeuvre \u00e9clectique compos\u00e9e de styles allant du quasi-jazz maltsch \u00e0 des pi\u00e8ces improvis\u00e9es de musique de chambre au art rock bruyant, \u201cThe Violencestring\u201d est bas\u00e9 sur une nouvelle victorienne de Sabine Baring-Gould. Elle raconte l\u2019histoire d\u2019une jeune gar\u00e7on dont le voeux le plus cher est d\u2019apprendre \u00e0 jouer du violon. H\u00e9las, quand on a des parents loup-garous, les cours de musique ne sont pas au programme.<\/span><\/p>\n<p><span style=\"font-weight: 400;\">Blake-Plock et Welch ont enregistr\u00e9 l\u2019album dans un manoir abandonn\u00e9 de Baltimore. Les racines lo-fi de Shelly et son point de vue unique sur l\u2019\u00e9dition sonore transpara\u00eet fortement dans le projet. Il a appel\u00e9 \u201cson r\u00e9ductif\u201d son proc\u00e9d\u00e9 qui consiste \u00e0 enregistrer live un mur d\u2019instruments &#8211; certains avec une petite arm\u00e9e de micros et d\u2019autres directement dans la console. C\u2019est ensuite dans le studio de mixage qu\u2019est prise la d\u00e9cision de tailler dans l\u2019enregistrement afin de trouver la musique et les sons les plus essentiels pour mettre en avant la narration. Au lieu de lisser le montage, Shelly laisse les bords aiguis\u00e9s et autorise son et espace \u00e0 appara\u00eetre et dispara\u00eetre d\u2019une mani\u00e8re tr\u00e8s directe et brute. Les r\u00e9sidus et les restes cach\u00e9s de son \u00e9mergent alors comme d\u2019un palimpseste.<\/span><\/p>\n","protected":false},"excerpt":{"rendered":"<p>Version num\u00e9rique disponible sur Bandcamp. Shelly Blake-Plock et son directeur musical Joel Grip ont r\u00e9uni une distribution internationale incluant le ph\u00e9nom\u00e8ne parisien Eve&hellip;<\/p>\n","protected":false},"featured_media":664,"template":"","meta":{"_acf_changed":false},"product_brand":[],"product_cat":[29],"product_tag":[],"class_list":{"0":"post-450","1":"product","2":"type-product","3":"status-publish","4":"has-post-thumbnail","6":"product_cat-album","7":"product_shipping_class-cd","9":"first","10":"outofstock","11":"taxable","12":"shipping-taxable","13":"purchasable","14":"product-type-simple"},"acf":[],"yoast_head":"<!-- This site is optimized with the Yoast SEO plugin v27.0 - https:\/\/yoast.com\/product\/yoast-seo-wordpress\/ -->\n<title>The Violencestring (CD) - Umlaut records<\/title>\n<meta name=\"robots\" content=\"index, follow, max-snippet:-1, max-image-preview:large, max-video-preview:-1\" \/>\n<link rel=\"canonical\" href=\"https:\/\/www.umlautrecords.com\/fr\/produit\/the-violencestring-shelly-blake-plock\/\" \/>\n<meta property=\"og:locale\" content=\"fr_FR\" \/>\n<meta property=\"og:type\" content=\"article\" \/>\n<meta property=\"og:title\" content=\"The Violencestring (CD) - Umlaut records\" \/>\n<meta property=\"og:description\" content=\"Version num\u00e9rique disponible sur Bandcamp. Shelly Blake-Plock et son directeur musical Joel Grip ont r\u00e9uni une distribution internationale incluant le ph\u00e9nom\u00e8ne parisien Eve&hellip;\" \/>\n<meta property=\"og:url\" content=\"https:\/\/www.umlautrecords.com\/fr\/produit\/the-violencestring-shelly-blake-plock\/\" \/>\n<meta property=\"og:site_name\" content=\"Umlaut records\" \/>\n<meta property=\"article:publisher\" content=\"https:\/\/www.facebook.com\/umlautrecords\" \/>\n<meta property=\"article:modified_time\" content=\"2025-07-24T10:12:27+00:00\" \/>\n<meta property=\"og:image\" content=\"https:\/\/www.umlautrecords.com\/wp-content\/uploads\/2007\/12\/violencestring-12x12cm-300dpi.jpg\" \/>\n\t<meta property=\"og:image:width\" content=\"1459\" \/>\n\t<meta property=\"og:image:height\" content=\"1459\" \/>\n\t<meta property=\"og:image:type\" content=\"image\/jpeg\" \/>\n<meta name=\"twitter:card\" content=\"summary_large_image\" \/>\n<meta name=\"twitter:label1\" content=\"Dur\u00e9e de lecture estim\u00e9e\" \/>\n\t<meta name=\"twitter:data1\" content=\"2 minutes\" \/>\n<script type=\"application\/ld+json\" class=\"yoast-schema-graph\">{\"@context\":\"https:\/\/schema.org\",\"@graph\":[{\"@type\":\"WebPage\",\"@id\":\"https:\/\/www.umlautrecords.com\/fr\/produit\/the-violencestring-shelly-blake-plock\/\",\"url\":\"https:\/\/www.umlautrecords.com\/fr\/produit\/the-violencestring-shelly-blake-plock\/\",\"name\":\"The Violencestring (CD) - Umlaut records\",\"isPartOf\":{\"@id\":\"https:\/\/www.umlautrecords.com\/fr\/#website\"},\"primaryImageOfPage\":{\"@id\":\"https:\/\/www.umlautrecords.com\/fr\/produit\/the-violencestring-shelly-blake-plock\/#primaryimage\"},\"image\":{\"@id\":\"https:\/\/www.umlautrecords.com\/fr\/produit\/the-violencestring-shelly-blake-plock\/#primaryimage\"},\"thumbnailUrl\":\"https:\/\/www.umlautrecords.com\/wp-content\/uploads\/2007\/12\/violencestring-12x12cm-300dpi.jpg\",\"datePublished\":\"2007-12-11T15:23:25+00:00\",\"dateModified\":\"2025-07-24T10:12:27+00:00\",\"breadcrumb\":{\"@id\":\"https:\/\/www.umlautrecords.com\/fr\/produit\/the-violencestring-shelly-blake-plock\/#breadcrumb\"},\"inLanguage\":\"fr-FR\",\"potentialAction\":[{\"@type\":\"ReadAction\",\"target\":[\"https:\/\/www.umlautrecords.com\/fr\/produit\/the-violencestring-shelly-blake-plock\/\"]}]},{\"@type\":\"ImageObject\",\"inLanguage\":\"fr-FR\",\"@id\":\"https:\/\/www.umlautrecords.com\/fr\/produit\/the-violencestring-shelly-blake-plock\/#primaryimage\",\"url\":\"https:\/\/www.umlautrecords.com\/wp-content\/uploads\/2007\/12\/violencestring-12x12cm-300dpi.jpg\",\"contentUrl\":\"https:\/\/www.umlautrecords.com\/wp-content\/uploads\/2007\/12\/violencestring-12x12cm-300dpi.jpg\",\"width\":1459,\"height\":1459},{\"@type\":\"BreadcrumbList\",\"@id\":\"https:\/\/www.umlautrecords.com\/fr\/produit\/the-violencestring-shelly-blake-plock\/#breadcrumb\",\"itemListElement\":[{\"@type\":\"ListItem\",\"position\":1,\"name\":\"Accueil\",\"item\":\"https:\/\/www.umlautrecords.com\/fr\/\"},{\"@type\":\"ListItem\",\"position\":2,\"name\":\"Catalogue\",\"item\":\"https:\/\/www.umlautrecords.com\/fr\/shop\/\"},{\"@type\":\"ListItem\",\"position\":3,\"name\":\"The Violencestring (CD)\"}]},{\"@type\":\"WebSite\",\"@id\":\"https:\/\/www.umlautrecords.com\/fr\/#website\",\"url\":\"https:\/\/www.umlautrecords.com\/fr\/\",\"name\":\"Umlaut records\",\"description\":\"transformation of sound\",\"publisher\":{\"@id\":\"https:\/\/www.umlautrecords.com\/fr\/#organization\"},\"potentialAction\":[{\"@type\":\"SearchAction\",\"target\":{\"@type\":\"EntryPoint\",\"urlTemplate\":\"https:\/\/www.umlautrecords.com\/fr\/?s={search_term_string}\"},\"query-input\":{\"@type\":\"PropertyValueSpecification\",\"valueRequired\":true,\"valueName\":\"search_term_string\"}}],\"inLanguage\":\"fr-FR\"},{\"@type\":\"Organization\",\"@id\":\"https:\/\/www.umlautrecords.com\/fr\/#organization\",\"name\":\"Umlaut records\",\"url\":\"https:\/\/www.umlautrecords.com\/fr\/\",\"logo\":{\"@type\":\"ImageObject\",\"inLanguage\":\"fr-FR\",\"@id\":\"https:\/\/www.umlautrecords.com\/fr\/#\/schema\/logo\/image\/\",\"url\":\"\",\"contentUrl\":\"\",\"caption\":\"Umlaut records\"},\"image\":{\"@id\":\"https:\/\/www.umlautrecords.com\/fr\/#\/schema\/logo\/image\/\"},\"sameAs\":[\"https:\/\/www.facebook.com\/umlautrecords\",\"https:\/\/www.instagram.com\/umlaut.records\/\",\"https:\/\/www.linkedin.com\/in\/umlaut-records-label-0678b7a4\/\",\"https:\/\/www.youtube.com\/user\/umsight\"]}]}<\/script>\n<!-- \/ Yoast SEO plugin. -->","yoast_head_json":{"title":"The Violencestring (CD) - Umlaut records","robots":{"index":"index","follow":"follow","max-snippet":"max-snippet:-1","max-image-preview":"max-image-preview:large","max-video-preview":"max-video-preview:-1"},"canonical":"https:\/\/www.umlautrecords.com\/fr\/produit\/the-violencestring-shelly-blake-plock\/","og_locale":"fr_FR","og_type":"article","og_title":"The Violencestring (CD) - Umlaut records","og_description":"Version num\u00e9rique disponible sur Bandcamp. Shelly Blake-Plock et son directeur musical Joel Grip ont r\u00e9uni une distribution internationale incluant le ph\u00e9nom\u00e8ne parisien Eve&hellip;","og_url":"https:\/\/www.umlautrecords.com\/fr\/produit\/the-violencestring-shelly-blake-plock\/","og_site_name":"Umlaut records","article_publisher":"https:\/\/www.facebook.com\/umlautrecords","article_modified_time":"2025-07-24T10:12:27+00:00","og_image":[{"width":1459,"height":1459,"url":"https:\/\/www.umlautrecords.com\/wp-content\/uploads\/2007\/12\/violencestring-12x12cm-300dpi.jpg","type":"image\/jpeg"}],"twitter_card":"summary_large_image","twitter_misc":{"Dur\u00e9e de lecture estim\u00e9e":"2 minutes"},"schema":{"@context":"https:\/\/schema.org","@graph":[{"@type":"WebPage","@id":"https:\/\/www.umlautrecords.com\/fr\/produit\/the-violencestring-shelly-blake-plock\/","url":"https:\/\/www.umlautrecords.com\/fr\/produit\/the-violencestring-shelly-blake-plock\/","name":"The Violencestring (CD) - Umlaut records","isPartOf":{"@id":"https:\/\/www.umlautrecords.com\/fr\/#website"},"primaryImageOfPage":{"@id":"https:\/\/www.umlautrecords.com\/fr\/produit\/the-violencestring-shelly-blake-plock\/#primaryimage"},"image":{"@id":"https:\/\/www.umlautrecords.com\/fr\/produit\/the-violencestring-shelly-blake-plock\/#primaryimage"},"thumbnailUrl":"https:\/\/www.umlautrecords.com\/wp-content\/uploads\/2007\/12\/violencestring-12x12cm-300dpi.jpg","datePublished":"2007-12-11T15:23:25+00:00","dateModified":"2025-07-24T10:12:27+00:00","breadcrumb":{"@id":"https:\/\/www.umlautrecords.com\/fr\/produit\/the-violencestring-shelly-blake-plock\/#breadcrumb"},"inLanguage":"fr-FR","potentialAction":[{"@type":"ReadAction","target":["https:\/\/www.umlautrecords.com\/fr\/produit\/the-violencestring-shelly-blake-plock\/"]}]},{"@type":"ImageObject","inLanguage":"fr-FR","@id":"https:\/\/www.umlautrecords.com\/fr\/produit\/the-violencestring-shelly-blake-plock\/#primaryimage","url":"https:\/\/www.umlautrecords.com\/wp-content\/uploads\/2007\/12\/violencestring-12x12cm-300dpi.jpg","contentUrl":"https:\/\/www.umlautrecords.com\/wp-content\/uploads\/2007\/12\/violencestring-12x12cm-300dpi.jpg","width":1459,"height":1459},{"@type":"BreadcrumbList","@id":"https:\/\/www.umlautrecords.com\/fr\/produit\/the-violencestring-shelly-blake-plock\/#breadcrumb","itemListElement":[{"@type":"ListItem","position":1,"name":"Accueil","item":"https:\/\/www.umlautrecords.com\/fr\/"},{"@type":"ListItem","position":2,"name":"Catalogue","item":"https:\/\/www.umlautrecords.com\/fr\/shop\/"},{"@type":"ListItem","position":3,"name":"The Violencestring (CD)"}]},{"@type":"WebSite","@id":"https:\/\/www.umlautrecords.com\/fr\/#website","url":"https:\/\/www.umlautrecords.com\/fr\/","name":"Umlaut records","description":"transformation of sound","publisher":{"@id":"https:\/\/www.umlautrecords.com\/fr\/#organization"},"potentialAction":[{"@type":"SearchAction","target":{"@type":"EntryPoint","urlTemplate":"https:\/\/www.umlautrecords.com\/fr\/?s={search_term_string}"},"query-input":{"@type":"PropertyValueSpecification","valueRequired":true,"valueName":"search_term_string"}}],"inLanguage":"fr-FR"},{"@type":"Organization","@id":"https:\/\/www.umlautrecords.com\/fr\/#organization","name":"Umlaut records","url":"https:\/\/www.umlautrecords.com\/fr\/","logo":{"@type":"ImageObject","inLanguage":"fr-FR","@id":"https:\/\/www.umlautrecords.com\/fr\/#\/schema\/logo\/image\/","url":"","contentUrl":"","caption":"Umlaut records"},"image":{"@id":"https:\/\/www.umlautrecords.com\/fr\/#\/schema\/logo\/image\/"},"sameAs":["https:\/\/www.facebook.com\/umlautrecords","https:\/\/www.instagram.com\/umlaut.records\/","https:\/\/www.linkedin.com\/in\/umlaut-records-label-0678b7a4\/","https:\/\/www.youtube.com\/user\/umsight"]}]}},"_links":{"self":[{"href":"https:\/\/www.umlautrecords.com\/fr\/wp-json\/wp\/v2\/product\/450","targetHints":{"allow":["GET"]}}],"collection":[{"href":"https:\/\/www.umlautrecords.com\/fr\/wp-json\/wp\/v2\/product"}],"about":[{"href":"https:\/\/www.umlautrecords.com\/fr\/wp-json\/wp\/v2\/types\/product"}],"wp:featuredmedia":[{"embeddable":true,"href":"https:\/\/www.umlautrecords.com\/fr\/wp-json\/wp\/v2\/media\/664"}],"wp:attachment":[{"href":"https:\/\/www.umlautrecords.com\/fr\/wp-json\/wp\/v2\/media?parent=450"}],"wp:term":[{"taxonomy":"product_brand","embeddable":true,"href":"https:\/\/www.umlautrecords.com\/fr\/wp-json\/wp\/v2\/product_brand?post=450"},{"taxonomy":"product_cat","embeddable":true,"href":"https:\/\/www.umlautrecords.com\/fr\/wp-json\/wp\/v2\/product_cat?post=450"},{"taxonomy":"product_tag","embeddable":true,"href":"https:\/\/www.umlautrecords.com\/fr\/wp-json\/wp\/v2\/product_tag?post=450"}],"curies":[{"name":"wp","href":"https:\/\/api.w.org\/{rel}","templated":true}]}}