{"id":434,"date":"2005-05-03T00:00:50","date_gmt":"2005-05-02T22:00:50","guid":{"rendered":"http:\/\/116.203.103.232\/umlaut\/?post_type=product&#038;p=434"},"modified":"2025-07-24T12:12:26","modified_gmt":"2025-07-24T10:12:26","slug":"wolfwalk-corpulent","status":"publish","type":"product","link":"https:\/\/www.umlautrecords.com\/fr\/produit\/wolfwalk-corpulent\/","title":{"rendered":"Wolfwalk (CD)"},"content":{"rendered":"<p>\u201c Les sept compositions originales, qui se fondent presque en une longue pi\u00e8ce de 51 minutes, se distinguent par le son sombre, mena\u00e7ant et inquisiteur du saxophone de Thomas, associ\u00e9 \u00e0 la basse forte et pleine de Grip et aux douces explosions de Gray. S\u2019\u00e9coutant attentivement les uns les autres, le trio emm\u00e8ne la musique l\u00e0 o\u00f9 les guide leur impulsion &#8211; le lointain, et pourtant toujours accessible royaume du jazz. Wolfwalk est \u00e0 la pointe. Les grands fans de jazz trouveront cette musique inspirante.\u201d &#8211; Ollie Bivens, All About Jazz<\/p>\n<p>\u201cCorpulent est le nom de ce groupe, mais il ne d\u00e9crit que partiellement leur musique. On pourrait qualifier de \u201ccorpulent\u201d\u00a0 le son de la basse de Joel Grip, mais ce ne serait qu\u2019\u00e0 moiti\u00e9 vrai. Au centre du gros son de Joel, est un coeur beau, riche et transparent. On pourrait qualifier de \u201ccorpulent\u201d la largeur du beat avec lequel jouent ces musiciens. Mais encore une fois ce ne serait qu\u2019\u00e0 moiti\u00e9 vrai puisque ces musiciens placent leurs id\u00e9es dans des parties tr\u00e8s sp\u00e9cifiques du beat, aussi bien collectivement qu\u2019individuellement. Au bout du compte, Corpulent ne d\u00e9crit pas vraiment bien l\u2019exp\u00e9rience de l\u2019\u00e9coute. SI \u00e7a n\u2019apparaissait pas sur la pochette du CD, je n\u2019en parlerais pas. Seule la musique serait importante. Ce disque est la rencontre entre l\u2019un des grands saxophonistes t\u00e9nor du jazz, Gary Thomas, et deux tr\u00e8s bons et tr\u00e8s jeunes musiciens, Joel Grip et Devin Gray. Quand j\u2019\u00e9coute ce CD, je n\u2019entends pas la grande disparit\u00e9 d\u2019\u00e2ge et d\u2019exp\u00e9rience entre les musiciens. Je n\u2019entends que la cr\u00e9ativit\u00e9, la concentration, et l\u2019objectif commun qu\u2019ils ont investi dans ce disque. Je vous encourage vivement \u00e0 vous offrir une gourmandise avec cette musique. Elle devrait vous laisser repu, mais avec une envie intacte. Et le mieux c\u2019est que la seule chose qui grossira est votre appr\u00e9ciation de ces trois musiciens, et le corps de la musique qu\u2019ils ont cr\u00e9\u00e9.\u201d &#8211; Michael Formanek (extrait du livret)<\/p>\n","protected":false},"excerpt":{"rendered":"<p>\u201c Les sept compositions originales, qui se fondent presque en une longue pi\u00e8ce de 51 minutes, se distinguent par le son sombre, mena\u00e7ant&hellip;<\/p>\n","protected":false},"featured_media":662,"template":"","meta":{"_acf_changed":false},"product_brand":[],"product_cat":[29],"product_tag":[],"class_list":{"0":"post-434","1":"product","2":"type-product","3":"status-publish","4":"has-post-thumbnail","6":"product_cat-album","7":"product_shipping_class-cd","9":"first","10":"outofstock","11":"taxable","12":"shipping-taxable","13":"purchasable","14":"product-type-simple"},"acf":[],"yoast_head":"<!-- This site is optimized with the Yoast SEO plugin v27.0 - https:\/\/yoast.com\/product\/yoast-seo-wordpress\/ -->\n<title>Wolfwalk (CD) - Umlaut records<\/title>\n<meta name=\"robots\" content=\"index, follow, max-snippet:-1, max-image-preview:large, max-video-preview:-1\" \/>\n<link rel=\"canonical\" href=\"https:\/\/www.umlautrecords.com\/fr\/produit\/wolfwalk-corpulent\/\" \/>\n<meta property=\"og:locale\" content=\"fr_FR\" \/>\n<meta property=\"og:type\" content=\"article\" \/>\n<meta property=\"og:title\" content=\"Wolfwalk (CD) - Umlaut records\" \/>\n<meta property=\"og:description\" content=\"\u201c Les sept compositions originales, qui se fondent presque en une longue pi\u00e8ce de 51 minutes, se distinguent par le son sombre, mena\u00e7ant&hellip;\" \/>\n<meta property=\"og:url\" content=\"https:\/\/www.umlautrecords.com\/fr\/produit\/wolfwalk-corpulent\/\" \/>\n<meta property=\"og:site_name\" content=\"Umlaut records\" \/>\n<meta property=\"article:publisher\" content=\"https:\/\/www.facebook.com\/umlautrecords\" \/>\n<meta property=\"article:modified_time\" content=\"2025-07-24T10:12:26+00:00\" \/>\n<meta property=\"og:image\" content=\"https:\/\/www.umlautrecords.com\/wp-content\/uploads\/2005\/05\/wolfwalk120x120mm_300dpi.jpg\" \/>\n\t<meta property=\"og:image:width\" content=\"1458\" \/>\n\t<meta property=\"og:image:height\" content=\"1458\" \/>\n\t<meta property=\"og:image:type\" content=\"image\/jpeg\" \/>\n<meta name=\"twitter:card\" content=\"summary_large_image\" \/>\n<meta name=\"twitter:label1\" content=\"Dur\u00e9e de lecture estim\u00e9e\" \/>\n\t<meta name=\"twitter:data1\" content=\"2 minutes\" \/>\n<script type=\"application\/ld+json\" class=\"yoast-schema-graph\">{\"@context\":\"https:\/\/schema.org\",\"@graph\":[{\"@type\":\"WebPage\",\"@id\":\"https:\/\/www.umlautrecords.com\/fr\/produit\/wolfwalk-corpulent\/\",\"url\":\"https:\/\/www.umlautrecords.com\/fr\/produit\/wolfwalk-corpulent\/\",\"name\":\"Wolfwalk (CD) - Umlaut records\",\"isPartOf\":{\"@id\":\"https:\/\/www.umlautrecords.com\/fr\/#website\"},\"primaryImageOfPage\":{\"@id\":\"https:\/\/www.umlautrecords.com\/fr\/produit\/wolfwalk-corpulent\/#primaryimage\"},\"image\":{\"@id\":\"https:\/\/www.umlautrecords.com\/fr\/produit\/wolfwalk-corpulent\/#primaryimage\"},\"thumbnailUrl\":\"https:\/\/www.umlautrecords.com\/wp-content\/uploads\/2005\/05\/wolfwalk120x120mm_300dpi.jpg\",\"datePublished\":\"2005-05-02T22:00:50+00:00\",\"dateModified\":\"2025-07-24T10:12:26+00:00\",\"breadcrumb\":{\"@id\":\"https:\/\/www.umlautrecords.com\/fr\/produit\/wolfwalk-corpulent\/#breadcrumb\"},\"inLanguage\":\"fr-FR\",\"potentialAction\":[{\"@type\":\"ReadAction\",\"target\":[\"https:\/\/www.umlautrecords.com\/fr\/produit\/wolfwalk-corpulent\/\"]}]},{\"@type\":\"ImageObject\",\"inLanguage\":\"fr-FR\",\"@id\":\"https:\/\/www.umlautrecords.com\/fr\/produit\/wolfwalk-corpulent\/#primaryimage\",\"url\":\"https:\/\/www.umlautrecords.com\/wp-content\/uploads\/2005\/05\/wolfwalk120x120mm_300dpi.jpg\",\"contentUrl\":\"https:\/\/www.umlautrecords.com\/wp-content\/uploads\/2005\/05\/wolfwalk120x120mm_300dpi.jpg\",\"width\":1458,\"height\":1458},{\"@type\":\"BreadcrumbList\",\"@id\":\"https:\/\/www.umlautrecords.com\/fr\/produit\/wolfwalk-corpulent\/#breadcrumb\",\"itemListElement\":[{\"@type\":\"ListItem\",\"position\":1,\"name\":\"Accueil\",\"item\":\"https:\/\/www.umlautrecords.com\/fr\/\"},{\"@type\":\"ListItem\",\"position\":2,\"name\":\"Catalogue\",\"item\":\"https:\/\/www.umlautrecords.com\/fr\/shop\/\"},{\"@type\":\"ListItem\",\"position\":3,\"name\":\"Wolfwalk (CD)\"}]},{\"@type\":\"WebSite\",\"@id\":\"https:\/\/www.umlautrecords.com\/fr\/#website\",\"url\":\"https:\/\/www.umlautrecords.com\/fr\/\",\"name\":\"Umlaut records\",\"description\":\"transformation of sound\",\"publisher\":{\"@id\":\"https:\/\/www.umlautrecords.com\/fr\/#organization\"},\"potentialAction\":[{\"@type\":\"SearchAction\",\"target\":{\"@type\":\"EntryPoint\",\"urlTemplate\":\"https:\/\/www.umlautrecords.com\/fr\/?s={search_term_string}\"},\"query-input\":{\"@type\":\"PropertyValueSpecification\",\"valueRequired\":true,\"valueName\":\"search_term_string\"}}],\"inLanguage\":\"fr-FR\"},{\"@type\":\"Organization\",\"@id\":\"https:\/\/www.umlautrecords.com\/fr\/#organization\",\"name\":\"Umlaut records\",\"url\":\"https:\/\/www.umlautrecords.com\/fr\/\",\"logo\":{\"@type\":\"ImageObject\",\"inLanguage\":\"fr-FR\",\"@id\":\"https:\/\/www.umlautrecords.com\/fr\/#\/schema\/logo\/image\/\",\"url\":\"\",\"contentUrl\":\"\",\"caption\":\"Umlaut records\"},\"image\":{\"@id\":\"https:\/\/www.umlautrecords.com\/fr\/#\/schema\/logo\/image\/\"},\"sameAs\":[\"https:\/\/www.facebook.com\/umlautrecords\",\"https:\/\/www.instagram.com\/umlaut.records\/\",\"https:\/\/www.linkedin.com\/in\/umlaut-records-label-0678b7a4\/\",\"https:\/\/www.youtube.com\/user\/umsight\"]}]}<\/script>\n<!-- \/ Yoast SEO plugin. -->","yoast_head_json":{"title":"Wolfwalk (CD) - Umlaut records","robots":{"index":"index","follow":"follow","max-snippet":"max-snippet:-1","max-image-preview":"max-image-preview:large","max-video-preview":"max-video-preview:-1"},"canonical":"https:\/\/www.umlautrecords.com\/fr\/produit\/wolfwalk-corpulent\/","og_locale":"fr_FR","og_type":"article","og_title":"Wolfwalk (CD) - Umlaut records","og_description":"\u201c Les sept compositions originales, qui se fondent presque en une longue pi\u00e8ce de 51 minutes, se distinguent par le son sombre, mena\u00e7ant&hellip;","og_url":"https:\/\/www.umlautrecords.com\/fr\/produit\/wolfwalk-corpulent\/","og_site_name":"Umlaut records","article_publisher":"https:\/\/www.facebook.com\/umlautrecords","article_modified_time":"2025-07-24T10:12:26+00:00","og_image":[{"width":1458,"height":1458,"url":"https:\/\/www.umlautrecords.com\/wp-content\/uploads\/2005\/05\/wolfwalk120x120mm_300dpi.jpg","type":"image\/jpeg"}],"twitter_card":"summary_large_image","twitter_misc":{"Dur\u00e9e de lecture estim\u00e9e":"2 minutes"},"schema":{"@context":"https:\/\/schema.org","@graph":[{"@type":"WebPage","@id":"https:\/\/www.umlautrecords.com\/fr\/produit\/wolfwalk-corpulent\/","url":"https:\/\/www.umlautrecords.com\/fr\/produit\/wolfwalk-corpulent\/","name":"Wolfwalk (CD) - Umlaut records","isPartOf":{"@id":"https:\/\/www.umlautrecords.com\/fr\/#website"},"primaryImageOfPage":{"@id":"https:\/\/www.umlautrecords.com\/fr\/produit\/wolfwalk-corpulent\/#primaryimage"},"image":{"@id":"https:\/\/www.umlautrecords.com\/fr\/produit\/wolfwalk-corpulent\/#primaryimage"},"thumbnailUrl":"https:\/\/www.umlautrecords.com\/wp-content\/uploads\/2005\/05\/wolfwalk120x120mm_300dpi.jpg","datePublished":"2005-05-02T22:00:50+00:00","dateModified":"2025-07-24T10:12:26+00:00","breadcrumb":{"@id":"https:\/\/www.umlautrecords.com\/fr\/produit\/wolfwalk-corpulent\/#breadcrumb"},"inLanguage":"fr-FR","potentialAction":[{"@type":"ReadAction","target":["https:\/\/www.umlautrecords.com\/fr\/produit\/wolfwalk-corpulent\/"]}]},{"@type":"ImageObject","inLanguage":"fr-FR","@id":"https:\/\/www.umlautrecords.com\/fr\/produit\/wolfwalk-corpulent\/#primaryimage","url":"https:\/\/www.umlautrecords.com\/wp-content\/uploads\/2005\/05\/wolfwalk120x120mm_300dpi.jpg","contentUrl":"https:\/\/www.umlautrecords.com\/wp-content\/uploads\/2005\/05\/wolfwalk120x120mm_300dpi.jpg","width":1458,"height":1458},{"@type":"BreadcrumbList","@id":"https:\/\/www.umlautrecords.com\/fr\/produit\/wolfwalk-corpulent\/#breadcrumb","itemListElement":[{"@type":"ListItem","position":1,"name":"Accueil","item":"https:\/\/www.umlautrecords.com\/fr\/"},{"@type":"ListItem","position":2,"name":"Catalogue","item":"https:\/\/www.umlautrecords.com\/fr\/shop\/"},{"@type":"ListItem","position":3,"name":"Wolfwalk (CD)"}]},{"@type":"WebSite","@id":"https:\/\/www.umlautrecords.com\/fr\/#website","url":"https:\/\/www.umlautrecords.com\/fr\/","name":"Umlaut records","description":"transformation of sound","publisher":{"@id":"https:\/\/www.umlautrecords.com\/fr\/#organization"},"potentialAction":[{"@type":"SearchAction","target":{"@type":"EntryPoint","urlTemplate":"https:\/\/www.umlautrecords.com\/fr\/?s={search_term_string}"},"query-input":{"@type":"PropertyValueSpecification","valueRequired":true,"valueName":"search_term_string"}}],"inLanguage":"fr-FR"},{"@type":"Organization","@id":"https:\/\/www.umlautrecords.com\/fr\/#organization","name":"Umlaut records","url":"https:\/\/www.umlautrecords.com\/fr\/","logo":{"@type":"ImageObject","inLanguage":"fr-FR","@id":"https:\/\/www.umlautrecords.com\/fr\/#\/schema\/logo\/image\/","url":"","contentUrl":"","caption":"Umlaut records"},"image":{"@id":"https:\/\/www.umlautrecords.com\/fr\/#\/schema\/logo\/image\/"},"sameAs":["https:\/\/www.facebook.com\/umlautrecords","https:\/\/www.instagram.com\/umlaut.records\/","https:\/\/www.linkedin.com\/in\/umlaut-records-label-0678b7a4\/","https:\/\/www.youtube.com\/user\/umsight"]}]}},"_links":{"self":[{"href":"https:\/\/www.umlautrecords.com\/fr\/wp-json\/wp\/v2\/product\/434","targetHints":{"allow":["GET"]}}],"collection":[{"href":"https:\/\/www.umlautrecords.com\/fr\/wp-json\/wp\/v2\/product"}],"about":[{"href":"https:\/\/www.umlautrecords.com\/fr\/wp-json\/wp\/v2\/types\/product"}],"wp:featuredmedia":[{"embeddable":true,"href":"https:\/\/www.umlautrecords.com\/fr\/wp-json\/wp\/v2\/media\/662"}],"wp:attachment":[{"href":"https:\/\/www.umlautrecords.com\/fr\/wp-json\/wp\/v2\/media?parent=434"}],"wp:term":[{"taxonomy":"product_brand","embeddable":true,"href":"https:\/\/www.umlautrecords.com\/fr\/wp-json\/wp\/v2\/product_brand?post=434"},{"taxonomy":"product_cat","embeddable":true,"href":"https:\/\/www.umlautrecords.com\/fr\/wp-json\/wp\/v2\/product_cat?post=434"},{"taxonomy":"product_tag","embeddable":true,"href":"https:\/\/www.umlautrecords.com\/fr\/wp-json\/wp\/v2\/product_tag?post=434"}],"curies":[{"name":"wp","href":"https:\/\/api.w.org\/{rel}","templated":true}]}}