{"id":4151,"date":"2023-01-23T12:19:52","date_gmt":"2023-01-23T11:19:52","guid":{"rendered":"https:\/\/www.umlautrecords.com\/?post_type=product&#038;p=4151"},"modified":"2024-07-30T17:22:55","modified_gmt":"2024-07-30T15:22:55","slug":"encore-double-cd","status":"publish","type":"product","link":"https:\/\/www.umlautrecords.com\/fr\/produit\/encore-double-cd\/","title":{"rendered":"Encore (double CD)"},"content":{"rendered":"<p>Version num\u00e9rique disponible sur <span style=\"text-decoration: underline;\"><a href=\"https:\/\/umlautrecords.bandcamp.com\/album\/encore\">Bandcamp<\/a><\/span>.<\/p>\n<p class=\"p1\">Apr\u00e8s l\u2019album <i>Calques <\/i>enregistr\u00e9 en concert, Novembre revient avec <i>Encore<\/i>, un double disque enregistr\u00e9 en studio, fruit d\u2019une longue maturation quant \u00e0 la forme, la composition et le jeu.<span class=\"Apple-converted-space\">\u00a0<\/span><\/p>\n<p class=\"p1\">Comme ils aiment \u00e0 le faire depuis plus de dix ans, Romain Clerc Renaud et Antonin Tri Hoang ont construit une forme po\u00e9tique complexe, faite de multiples allers-retours entre des th\u00e8mes simples et doux (<i>Encore<\/i>, <i>Petit Matelot<\/i>) ou tr\u00e8s v\u00e9loces (<i>LetCo<\/i>, <i>Klaxon<\/i>) ; entre des pi\u00e8ces tr\u00e8s courtes (<i>Miniatures<\/i>) et de grands d\u00e9veloppements (<i>Continuum<\/i>). Tout s\u2019agence par le jeu des contrastes et des r\u00e9sonances : un morceau s&rsquo;interrompt pour se poursuivre plus tard (<i>Please wait<\/i>), un motif se m\u00e9tamorphose \u00e0 force de r\u00e9p\u00e9titions (<i>Encore<\/i>), une pi\u00e8ce est rejou\u00e9e, mais le plus vite possible (<i>Letco Flash<\/i>).<span class=\"Apple-converted-space\">\u00a0<\/span><\/p>\n<p class=\"p1\">Le deuxi\u00e8me disque de l\u2019album illustre une autre face de l&rsquo;art du montage. Marc Baron a capt\u00e9 Novembre, en plein travail pour <i>Encore<\/i>, en utilisant les mat\u00e9riaux et les techniques les plus vari\u00e9es (magn\u00e9tophone, hydrophone, prise de son \u00e0 la perche, ressort, boucles de bandes magn\u00e9tiques). Avec cette r\u00e9colte il a construit une pi\u00e8ce \u00e9lectroacoustique qui d\u00e9tourne, amplifie et transforme la musique de Novembre.<\/p>\n","protected":false},"excerpt":{"rendered":"<p>Version num\u00e9rique disponible sur Bandcamp. Apr\u00e8s l\u2019album Calques enregistr\u00e9 en concert, Novembre revient avec Encore, un double disque enregistr\u00e9 en studio, fruit d\u2019une&hellip;<\/p>\n","protected":false},"featured_media":4156,"template":"","meta":{"_acf_changed":false},"product_brand":[],"product_cat":[29],"product_tag":[],"class_list":{"0":"post-4151","1":"product","2":"type-product","3":"status-publish","4":"has-post-thumbnail","6":"product_cat-album","7":"product_shipping_class-cd","9":"first","10":"instock","11":"taxable","12":"shipping-taxable","13":"purchasable","14":"product-type-simple"},"acf":[],"yoast_head":"<!-- This site is optimized with the Yoast SEO plugin v27.0 - https:\/\/yoast.com\/product\/yoast-seo-wordpress\/ -->\n<title>Encore (double CD) - Umlaut records<\/title>\n<meta name=\"robots\" content=\"index, follow, max-snippet:-1, max-image-preview:large, max-video-preview:-1\" \/>\n<link rel=\"canonical\" href=\"https:\/\/www.umlautrecords.com\/fr\/produit\/encore-double-cd\/\" \/>\n<meta property=\"og:locale\" content=\"fr_FR\" \/>\n<meta property=\"og:type\" content=\"article\" \/>\n<meta property=\"og:title\" content=\"Encore (double CD) - Umlaut records\" \/>\n<meta property=\"og:description\" content=\"Version num\u00e9rique disponible sur Bandcamp. Apr\u00e8s l\u2019album Calques enregistr\u00e9 en concert, Novembre revient avec Encore, un double disque enregistr\u00e9 en studio, fruit d\u2019une&hellip;\" \/>\n<meta property=\"og:url\" content=\"https:\/\/www.umlautrecords.com\/fr\/produit\/encore-double-cd\/\" \/>\n<meta property=\"og:site_name\" content=\"Umlaut records\" \/>\n<meta property=\"article:publisher\" content=\"https:\/\/www.facebook.com\/umlautrecords\" \/>\n<meta property=\"article:modified_time\" content=\"2024-07-30T15:22:55+00:00\" \/>\n<meta property=\"og:image\" content=\"https:\/\/www.umlautrecords.com\/wp-content\/uploads\/2023\/01\/umlaut-encore-double-cd-encore-cover-carre.jpeg\" \/>\n\t<meta property=\"og:image:width\" content=\"1400\" \/>\n\t<meta property=\"og:image:height\" content=\"1400\" \/>\n\t<meta property=\"og:image:type\" content=\"image\/jpeg\" \/>\n<meta name=\"twitter:card\" content=\"summary_large_image\" \/>\n<meta name=\"twitter:label1\" content=\"Dur\u00e9e de lecture estim\u00e9e\" \/>\n\t<meta name=\"twitter:data1\" content=\"1 minute\" \/>\n<script type=\"application\/ld+json\" class=\"yoast-schema-graph\">{\"@context\":\"https:\/\/schema.org\",\"@graph\":[{\"@type\":\"WebPage\",\"@id\":\"https:\/\/www.umlautrecords.com\/fr\/produit\/encore-double-cd\/\",\"url\":\"https:\/\/www.umlautrecords.com\/fr\/produit\/encore-double-cd\/\",\"name\":\"Encore (double CD) - Umlaut records\",\"isPartOf\":{\"@id\":\"https:\/\/www.umlautrecords.com\/fr\/#website\"},\"primaryImageOfPage\":{\"@id\":\"https:\/\/www.umlautrecords.com\/fr\/produit\/encore-double-cd\/#primaryimage\"},\"image\":{\"@id\":\"https:\/\/www.umlautrecords.com\/fr\/produit\/encore-double-cd\/#primaryimage\"},\"thumbnailUrl\":\"https:\/\/www.umlautrecords.com\/wp-content\/uploads\/2023\/01\/umlaut-encore-double-cd-encore-cover-carre.jpeg\",\"datePublished\":\"2023-01-23T11:19:52+00:00\",\"dateModified\":\"2024-07-30T15:22:55+00:00\",\"breadcrumb\":{\"@id\":\"https:\/\/www.umlautrecords.com\/fr\/produit\/encore-double-cd\/#breadcrumb\"},\"inLanguage\":\"fr-FR\",\"potentialAction\":[{\"@type\":\"ReadAction\",\"target\":[\"https:\/\/www.umlautrecords.com\/fr\/produit\/encore-double-cd\/\"]}]},{\"@type\":\"ImageObject\",\"inLanguage\":\"fr-FR\",\"@id\":\"https:\/\/www.umlautrecords.com\/fr\/produit\/encore-double-cd\/#primaryimage\",\"url\":\"https:\/\/www.umlautrecords.com\/wp-content\/uploads\/2023\/01\/umlaut-encore-double-cd-encore-cover-carre.jpeg\",\"contentUrl\":\"https:\/\/www.umlautrecords.com\/wp-content\/uploads\/2023\/01\/umlaut-encore-double-cd-encore-cover-carre.jpeg\",\"width\":1400,\"height\":1400},{\"@type\":\"BreadcrumbList\",\"@id\":\"https:\/\/www.umlautrecords.com\/fr\/produit\/encore-double-cd\/#breadcrumb\",\"itemListElement\":[{\"@type\":\"ListItem\",\"position\":1,\"name\":\"Accueil\",\"item\":\"https:\/\/www.umlautrecords.com\/fr\/\"},{\"@type\":\"ListItem\",\"position\":2,\"name\":\"Catalogue\",\"item\":\"https:\/\/www.umlautrecords.com\/fr\/shop\/\"},{\"@type\":\"ListItem\",\"position\":3,\"name\":\"Encore (double CD)\"}]},{\"@type\":\"WebSite\",\"@id\":\"https:\/\/www.umlautrecords.com\/fr\/#website\",\"url\":\"https:\/\/www.umlautrecords.com\/fr\/\",\"name\":\"Umlaut records\",\"description\":\"transformation of sound\",\"publisher\":{\"@id\":\"https:\/\/www.umlautrecords.com\/fr\/#organization\"},\"potentialAction\":[{\"@type\":\"SearchAction\",\"target\":{\"@type\":\"EntryPoint\",\"urlTemplate\":\"https:\/\/www.umlautrecords.com\/fr\/?s={search_term_string}\"},\"query-input\":{\"@type\":\"PropertyValueSpecification\",\"valueRequired\":true,\"valueName\":\"search_term_string\"}}],\"inLanguage\":\"fr-FR\"},{\"@type\":\"Organization\",\"@id\":\"https:\/\/www.umlautrecords.com\/fr\/#organization\",\"name\":\"Umlaut records\",\"url\":\"https:\/\/www.umlautrecords.com\/fr\/\",\"logo\":{\"@type\":\"ImageObject\",\"inLanguage\":\"fr-FR\",\"@id\":\"https:\/\/www.umlautrecords.com\/fr\/#\/schema\/logo\/image\/\",\"url\":\"\",\"contentUrl\":\"\",\"caption\":\"Umlaut records\"},\"image\":{\"@id\":\"https:\/\/www.umlautrecords.com\/fr\/#\/schema\/logo\/image\/\"},\"sameAs\":[\"https:\/\/www.facebook.com\/umlautrecords\",\"https:\/\/www.instagram.com\/umlaut.records\/\",\"https:\/\/www.linkedin.com\/in\/umlaut-records-label-0678b7a4\/\",\"https:\/\/www.youtube.com\/user\/umsight\"]}]}<\/script>\n<!-- \/ Yoast SEO plugin. -->","yoast_head_json":{"title":"Encore (double CD) - Umlaut records","robots":{"index":"index","follow":"follow","max-snippet":"max-snippet:-1","max-image-preview":"max-image-preview:large","max-video-preview":"max-video-preview:-1"},"canonical":"https:\/\/www.umlautrecords.com\/fr\/produit\/encore-double-cd\/","og_locale":"fr_FR","og_type":"article","og_title":"Encore (double CD) - Umlaut records","og_description":"Version num\u00e9rique disponible sur Bandcamp. Apr\u00e8s l\u2019album Calques enregistr\u00e9 en concert, Novembre revient avec Encore, un double disque enregistr\u00e9 en studio, fruit d\u2019une&hellip;","og_url":"https:\/\/www.umlautrecords.com\/fr\/produit\/encore-double-cd\/","og_site_name":"Umlaut records","article_publisher":"https:\/\/www.facebook.com\/umlautrecords","article_modified_time":"2024-07-30T15:22:55+00:00","og_image":[{"width":1400,"height":1400,"url":"https:\/\/www.umlautrecords.com\/wp-content\/uploads\/2023\/01\/umlaut-encore-double-cd-encore-cover-carre.jpeg","type":"image\/jpeg"}],"twitter_card":"summary_large_image","twitter_misc":{"Dur\u00e9e de lecture estim\u00e9e":"1 minute"},"schema":{"@context":"https:\/\/schema.org","@graph":[{"@type":"WebPage","@id":"https:\/\/www.umlautrecords.com\/fr\/produit\/encore-double-cd\/","url":"https:\/\/www.umlautrecords.com\/fr\/produit\/encore-double-cd\/","name":"Encore (double CD) - Umlaut records","isPartOf":{"@id":"https:\/\/www.umlautrecords.com\/fr\/#website"},"primaryImageOfPage":{"@id":"https:\/\/www.umlautrecords.com\/fr\/produit\/encore-double-cd\/#primaryimage"},"image":{"@id":"https:\/\/www.umlautrecords.com\/fr\/produit\/encore-double-cd\/#primaryimage"},"thumbnailUrl":"https:\/\/www.umlautrecords.com\/wp-content\/uploads\/2023\/01\/umlaut-encore-double-cd-encore-cover-carre.jpeg","datePublished":"2023-01-23T11:19:52+00:00","dateModified":"2024-07-30T15:22:55+00:00","breadcrumb":{"@id":"https:\/\/www.umlautrecords.com\/fr\/produit\/encore-double-cd\/#breadcrumb"},"inLanguage":"fr-FR","potentialAction":[{"@type":"ReadAction","target":["https:\/\/www.umlautrecords.com\/fr\/produit\/encore-double-cd\/"]}]},{"@type":"ImageObject","inLanguage":"fr-FR","@id":"https:\/\/www.umlautrecords.com\/fr\/produit\/encore-double-cd\/#primaryimage","url":"https:\/\/www.umlautrecords.com\/wp-content\/uploads\/2023\/01\/umlaut-encore-double-cd-encore-cover-carre.jpeg","contentUrl":"https:\/\/www.umlautrecords.com\/wp-content\/uploads\/2023\/01\/umlaut-encore-double-cd-encore-cover-carre.jpeg","width":1400,"height":1400},{"@type":"BreadcrumbList","@id":"https:\/\/www.umlautrecords.com\/fr\/produit\/encore-double-cd\/#breadcrumb","itemListElement":[{"@type":"ListItem","position":1,"name":"Accueil","item":"https:\/\/www.umlautrecords.com\/fr\/"},{"@type":"ListItem","position":2,"name":"Catalogue","item":"https:\/\/www.umlautrecords.com\/fr\/shop\/"},{"@type":"ListItem","position":3,"name":"Encore (double CD)"}]},{"@type":"WebSite","@id":"https:\/\/www.umlautrecords.com\/fr\/#website","url":"https:\/\/www.umlautrecords.com\/fr\/","name":"Umlaut records","description":"transformation of sound","publisher":{"@id":"https:\/\/www.umlautrecords.com\/fr\/#organization"},"potentialAction":[{"@type":"SearchAction","target":{"@type":"EntryPoint","urlTemplate":"https:\/\/www.umlautrecords.com\/fr\/?s={search_term_string}"},"query-input":{"@type":"PropertyValueSpecification","valueRequired":true,"valueName":"search_term_string"}}],"inLanguage":"fr-FR"},{"@type":"Organization","@id":"https:\/\/www.umlautrecords.com\/fr\/#organization","name":"Umlaut records","url":"https:\/\/www.umlautrecords.com\/fr\/","logo":{"@type":"ImageObject","inLanguage":"fr-FR","@id":"https:\/\/www.umlautrecords.com\/fr\/#\/schema\/logo\/image\/","url":"","contentUrl":"","caption":"Umlaut records"},"image":{"@id":"https:\/\/www.umlautrecords.com\/fr\/#\/schema\/logo\/image\/"},"sameAs":["https:\/\/www.facebook.com\/umlautrecords","https:\/\/www.instagram.com\/umlaut.records\/","https:\/\/www.linkedin.com\/in\/umlaut-records-label-0678b7a4\/","https:\/\/www.youtube.com\/user\/umsight"]}]}},"_links":{"self":[{"href":"https:\/\/www.umlautrecords.com\/fr\/wp-json\/wp\/v2\/product\/4151","targetHints":{"allow":["GET"]}}],"collection":[{"href":"https:\/\/www.umlautrecords.com\/fr\/wp-json\/wp\/v2\/product"}],"about":[{"href":"https:\/\/www.umlautrecords.com\/fr\/wp-json\/wp\/v2\/types\/product"}],"wp:featuredmedia":[{"embeddable":true,"href":"https:\/\/www.umlautrecords.com\/fr\/wp-json\/wp\/v2\/media\/4156"}],"wp:attachment":[{"href":"https:\/\/www.umlautrecords.com\/fr\/wp-json\/wp\/v2\/media?parent=4151"}],"wp:term":[{"taxonomy":"product_brand","embeddable":true,"href":"https:\/\/www.umlautrecords.com\/fr\/wp-json\/wp\/v2\/product_brand?post=4151"},{"taxonomy":"product_cat","embeddable":true,"href":"https:\/\/www.umlautrecords.com\/fr\/wp-json\/wp\/v2\/product_cat?post=4151"},{"taxonomy":"product_tag","embeddable":true,"href":"https:\/\/www.umlautrecords.com\/fr\/wp-json\/wp\/v2\/product_tag?post=4151"}],"curies":[{"name":"wp","href":"https:\/\/api.w.org\/{rel}","templated":true}]}}