{"id":3917,"date":"2022-06-08T14:36:36","date_gmt":"2022-06-08T12:36:36","guid":{"rendered":"https:\/\/www.umlautrecords.com\/?post_type=product&#038;p=3917"},"modified":"2023-10-23T11:06:26","modified_gmt":"2023-10-23T09:06:26","slug":"unbelievable-weather-digital","status":"publish","type":"product","link":"https:\/\/www.umlautrecords.com\/fr\/produit\/unbelievable-weather-digital\/","title":{"rendered":"Unbelievable Weather (digital)"},"content":{"rendered":"<p>Sortie le 02 septembre 2022 : sortie digitale uniquement, \u00e0 t\u00e9l\u00e9charger sur <a href=\"https:\/\/umlautrecords.bandcamp.com\/album\/unbelievable-weather\">Bandcamp<\/a>.<\/p>\n<p class=\"p1\">Form\u00e9 en 2018, le trio \u00e0 cordes Eponj est profond\u00e9ment ancr\u00e9 dans le mouvement \u00e9nergique qui a contribu\u00e9 ces derni\u00e8res ann\u00e9es \u00e0 \u00e9largir les horizons de la musique cr\u00e9ative \u00e0 Berlin. Prenant part aux aventures des r\u00e9alit\u00e9s<span class=\"Apple-converted-space\">\u00a0 <\/span>nouvelles que sont Klub Demboh et Au Topsi Pohl, et collaborant avec de nombreux musiciens tels que Tristan Honsinger et Michael Zerang, Eponj a fa\u00e7onn\u00e9 son propre langage bas\u00e9 sur les sons, les mouvements et les mots.<\/p>\n<p class=\"p1\">Cette session d\u2019enregistrement capture le trio jouant de mani\u00e8re spontan\u00e9e<span class=\"Apple-converted-space\">\u00a0 <\/span>tout son r\u00e9pertoire : chansons, sketches, dialogues et jeux apparaissent dans un flot d\u2019improvisation joyeuse et interrogative, \u00e0 la recherche du myst\u00e8re de sa propre tradition.<\/p>\n","protected":false},"excerpt":{"rendered":"<p>SORTIE LE 02 SEPTEMBRE 2022<\/p>\n","protected":false},"featured_media":3918,"template":"","meta":{"_acf_changed":false},"product_brand":[],"product_cat":[29,318],"product_tag":[],"class_list":{"0":"post-3917","1":"product","2":"type-product","3":"status-publish","4":"has-post-thumbnail","6":"product_cat-album","7":"product_cat-topsi-series","9":"first","10":"instock","11":"taxable","12":"shipping-taxable","13":"purchasable","14":"product-type-simple"},"acf":[],"yoast_head":"<!-- This site is optimized with the Yoast SEO plugin v27.0 - https:\/\/yoast.com\/product\/yoast-seo-wordpress\/ -->\n<title>Unbelievable Weather (digital) - Umlaut records<\/title>\n<meta name=\"robots\" content=\"index, follow, max-snippet:-1, max-image-preview:large, max-video-preview:-1\" \/>\n<link rel=\"canonical\" href=\"https:\/\/www.umlautrecords.com\/fr\/produit\/unbelievable-weather-digital\/\" \/>\n<meta property=\"og:locale\" content=\"fr_FR\" \/>\n<meta property=\"og:type\" content=\"article\" \/>\n<meta property=\"og:title\" content=\"Unbelievable Weather (digital) - Umlaut records\" \/>\n<meta property=\"og:description\" content=\"SORTIE LE 02 SEPTEMBRE 2022\" \/>\n<meta property=\"og:url\" content=\"https:\/\/www.umlautrecords.com\/fr\/produit\/unbelievable-weather-digital\/\" \/>\n<meta property=\"og:site_name\" content=\"Umlaut records\" \/>\n<meta property=\"article:publisher\" content=\"https:\/\/www.facebook.com\/umlautrecords\" \/>\n<meta property=\"article:modified_time\" content=\"2023-10-23T09:06:26+00:00\" \/>\n<meta property=\"og:image\" content=\"https:\/\/www.umlautrecords.com\/wp-content\/uploads\/2022\/06\/umlaut-unbelievable-weather-digital-unbelievable-weather-cover-1024x1024.jpg\" \/>\n\t<meta property=\"og:image:width\" content=\"1024\" \/>\n\t<meta property=\"og:image:height\" content=\"1024\" \/>\n\t<meta property=\"og:image:type\" content=\"image\/jpeg\" \/>\n<meta name=\"twitter:card\" content=\"summary_large_image\" \/>\n<meta name=\"twitter:label1\" content=\"Dur\u00e9e de lecture estim\u00e9e\" \/>\n\t<meta name=\"twitter:data1\" content=\"1 minute\" \/>\n<script type=\"application\/ld+json\" class=\"yoast-schema-graph\">{\"@context\":\"https:\/\/schema.org\",\"@graph\":[{\"@type\":\"WebPage\",\"@id\":\"https:\/\/www.umlautrecords.com\/fr\/produit\/unbelievable-weather-digital\/\",\"url\":\"https:\/\/www.umlautrecords.com\/fr\/produit\/unbelievable-weather-digital\/\",\"name\":\"Unbelievable Weather (digital) - Umlaut records\",\"isPartOf\":{\"@id\":\"https:\/\/www.umlautrecords.com\/fr\/#website\"},\"primaryImageOfPage\":{\"@id\":\"https:\/\/www.umlautrecords.com\/fr\/produit\/unbelievable-weather-digital\/#primaryimage\"},\"image\":{\"@id\":\"https:\/\/www.umlautrecords.com\/fr\/produit\/unbelievable-weather-digital\/#primaryimage\"},\"thumbnailUrl\":\"https:\/\/www.umlautrecords.com\/wp-content\/uploads\/2022\/06\/umlaut-unbelievable-weather-digital-unbelievable-weather-cover.jpg\",\"datePublished\":\"2022-06-08T12:36:36+00:00\",\"dateModified\":\"2023-10-23T09:06:26+00:00\",\"breadcrumb\":{\"@id\":\"https:\/\/www.umlautrecords.com\/fr\/produit\/unbelievable-weather-digital\/#breadcrumb\"},\"inLanguage\":\"fr-FR\",\"potentialAction\":[{\"@type\":\"ReadAction\",\"target\":[\"https:\/\/www.umlautrecords.com\/fr\/produit\/unbelievable-weather-digital\/\"]}]},{\"@type\":\"ImageObject\",\"inLanguage\":\"fr-FR\",\"@id\":\"https:\/\/www.umlautrecords.com\/fr\/produit\/unbelievable-weather-digital\/#primaryimage\",\"url\":\"https:\/\/www.umlautrecords.com\/wp-content\/uploads\/2022\/06\/umlaut-unbelievable-weather-digital-unbelievable-weather-cover.jpg\",\"contentUrl\":\"https:\/\/www.umlautrecords.com\/wp-content\/uploads\/2022\/06\/umlaut-unbelievable-weather-digital-unbelievable-weather-cover.jpg\",\"width\":1976,\"height\":1977,\"caption\":\"Unbelievable Weather\"},{\"@type\":\"BreadcrumbList\",\"@id\":\"https:\/\/www.umlautrecords.com\/fr\/produit\/unbelievable-weather-digital\/#breadcrumb\",\"itemListElement\":[{\"@type\":\"ListItem\",\"position\":1,\"name\":\"Accueil\",\"item\":\"https:\/\/www.umlautrecords.com\/fr\/\"},{\"@type\":\"ListItem\",\"position\":2,\"name\":\"Catalogue\",\"item\":\"https:\/\/www.umlautrecords.com\/fr\/shop\/\"},{\"@type\":\"ListItem\",\"position\":3,\"name\":\"Unbelievable Weather (digital)\"}]},{\"@type\":\"WebSite\",\"@id\":\"https:\/\/www.umlautrecords.com\/fr\/#website\",\"url\":\"https:\/\/www.umlautrecords.com\/fr\/\",\"name\":\"Umlaut records\",\"description\":\"transformation of sound\",\"publisher\":{\"@id\":\"https:\/\/www.umlautrecords.com\/fr\/#organization\"},\"potentialAction\":[{\"@type\":\"SearchAction\",\"target\":{\"@type\":\"EntryPoint\",\"urlTemplate\":\"https:\/\/www.umlautrecords.com\/fr\/?s={search_term_string}\"},\"query-input\":{\"@type\":\"PropertyValueSpecification\",\"valueRequired\":true,\"valueName\":\"search_term_string\"}}],\"inLanguage\":\"fr-FR\"},{\"@type\":\"Organization\",\"@id\":\"https:\/\/www.umlautrecords.com\/fr\/#organization\",\"name\":\"Umlaut records\",\"url\":\"https:\/\/www.umlautrecords.com\/fr\/\",\"logo\":{\"@type\":\"ImageObject\",\"inLanguage\":\"fr-FR\",\"@id\":\"https:\/\/www.umlautrecords.com\/fr\/#\/schema\/logo\/image\/\",\"url\":\"\",\"contentUrl\":\"\",\"caption\":\"Umlaut records\"},\"image\":{\"@id\":\"https:\/\/www.umlautrecords.com\/fr\/#\/schema\/logo\/image\/\"},\"sameAs\":[\"https:\/\/www.facebook.com\/umlautrecords\",\"https:\/\/www.instagram.com\/umlaut.records\/\",\"https:\/\/www.linkedin.com\/in\/umlaut-records-label-0678b7a4\/\",\"https:\/\/www.youtube.com\/user\/umsight\"]}]}<\/script>\n<!-- \/ Yoast SEO plugin. -->","yoast_head_json":{"title":"Unbelievable Weather (digital) - Umlaut records","robots":{"index":"index","follow":"follow","max-snippet":"max-snippet:-1","max-image-preview":"max-image-preview:large","max-video-preview":"max-video-preview:-1"},"canonical":"https:\/\/www.umlautrecords.com\/fr\/produit\/unbelievable-weather-digital\/","og_locale":"fr_FR","og_type":"article","og_title":"Unbelievable Weather (digital) - Umlaut records","og_description":"SORTIE LE 02 SEPTEMBRE 2022","og_url":"https:\/\/www.umlautrecords.com\/fr\/produit\/unbelievable-weather-digital\/","og_site_name":"Umlaut records","article_publisher":"https:\/\/www.facebook.com\/umlautrecords","article_modified_time":"2023-10-23T09:06:26+00:00","og_image":[{"width":1024,"height":1024,"url":"https:\/\/www.umlautrecords.com\/wp-content\/uploads\/2022\/06\/umlaut-unbelievable-weather-digital-unbelievable-weather-cover-1024x1024.jpg","type":"image\/jpeg"}],"twitter_card":"summary_large_image","twitter_misc":{"Dur\u00e9e de lecture estim\u00e9e":"1 minute"},"schema":{"@context":"https:\/\/schema.org","@graph":[{"@type":"WebPage","@id":"https:\/\/www.umlautrecords.com\/fr\/produit\/unbelievable-weather-digital\/","url":"https:\/\/www.umlautrecords.com\/fr\/produit\/unbelievable-weather-digital\/","name":"Unbelievable Weather (digital) - Umlaut records","isPartOf":{"@id":"https:\/\/www.umlautrecords.com\/fr\/#website"},"primaryImageOfPage":{"@id":"https:\/\/www.umlautrecords.com\/fr\/produit\/unbelievable-weather-digital\/#primaryimage"},"image":{"@id":"https:\/\/www.umlautrecords.com\/fr\/produit\/unbelievable-weather-digital\/#primaryimage"},"thumbnailUrl":"https:\/\/www.umlautrecords.com\/wp-content\/uploads\/2022\/06\/umlaut-unbelievable-weather-digital-unbelievable-weather-cover.jpg","datePublished":"2022-06-08T12:36:36+00:00","dateModified":"2023-10-23T09:06:26+00:00","breadcrumb":{"@id":"https:\/\/www.umlautrecords.com\/fr\/produit\/unbelievable-weather-digital\/#breadcrumb"},"inLanguage":"fr-FR","potentialAction":[{"@type":"ReadAction","target":["https:\/\/www.umlautrecords.com\/fr\/produit\/unbelievable-weather-digital\/"]}]},{"@type":"ImageObject","inLanguage":"fr-FR","@id":"https:\/\/www.umlautrecords.com\/fr\/produit\/unbelievable-weather-digital\/#primaryimage","url":"https:\/\/www.umlautrecords.com\/wp-content\/uploads\/2022\/06\/umlaut-unbelievable-weather-digital-unbelievable-weather-cover.jpg","contentUrl":"https:\/\/www.umlautrecords.com\/wp-content\/uploads\/2022\/06\/umlaut-unbelievable-weather-digital-unbelievable-weather-cover.jpg","width":1976,"height":1977,"caption":"Unbelievable Weather"},{"@type":"BreadcrumbList","@id":"https:\/\/www.umlautrecords.com\/fr\/produit\/unbelievable-weather-digital\/#breadcrumb","itemListElement":[{"@type":"ListItem","position":1,"name":"Accueil","item":"https:\/\/www.umlautrecords.com\/fr\/"},{"@type":"ListItem","position":2,"name":"Catalogue","item":"https:\/\/www.umlautrecords.com\/fr\/shop\/"},{"@type":"ListItem","position":3,"name":"Unbelievable Weather (digital)"}]},{"@type":"WebSite","@id":"https:\/\/www.umlautrecords.com\/fr\/#website","url":"https:\/\/www.umlautrecords.com\/fr\/","name":"Umlaut records","description":"transformation of sound","publisher":{"@id":"https:\/\/www.umlautrecords.com\/fr\/#organization"},"potentialAction":[{"@type":"SearchAction","target":{"@type":"EntryPoint","urlTemplate":"https:\/\/www.umlautrecords.com\/fr\/?s={search_term_string}"},"query-input":{"@type":"PropertyValueSpecification","valueRequired":true,"valueName":"search_term_string"}}],"inLanguage":"fr-FR"},{"@type":"Organization","@id":"https:\/\/www.umlautrecords.com\/fr\/#organization","name":"Umlaut records","url":"https:\/\/www.umlautrecords.com\/fr\/","logo":{"@type":"ImageObject","inLanguage":"fr-FR","@id":"https:\/\/www.umlautrecords.com\/fr\/#\/schema\/logo\/image\/","url":"","contentUrl":"","caption":"Umlaut records"},"image":{"@id":"https:\/\/www.umlautrecords.com\/fr\/#\/schema\/logo\/image\/"},"sameAs":["https:\/\/www.facebook.com\/umlautrecords","https:\/\/www.instagram.com\/umlaut.records\/","https:\/\/www.linkedin.com\/in\/umlaut-records-label-0678b7a4\/","https:\/\/www.youtube.com\/user\/umsight"]}]}},"_links":{"self":[{"href":"https:\/\/www.umlautrecords.com\/fr\/wp-json\/wp\/v2\/product\/3917","targetHints":{"allow":["GET"]}}],"collection":[{"href":"https:\/\/www.umlautrecords.com\/fr\/wp-json\/wp\/v2\/product"}],"about":[{"href":"https:\/\/www.umlautrecords.com\/fr\/wp-json\/wp\/v2\/types\/product"}],"wp:featuredmedia":[{"embeddable":true,"href":"https:\/\/www.umlautrecords.com\/fr\/wp-json\/wp\/v2\/media\/3918"}],"wp:attachment":[{"href":"https:\/\/www.umlautrecords.com\/fr\/wp-json\/wp\/v2\/media?parent=3917"}],"wp:term":[{"taxonomy":"product_brand","embeddable":true,"href":"https:\/\/www.umlautrecords.com\/fr\/wp-json\/wp\/v2\/product_brand?post=3917"},{"taxonomy":"product_cat","embeddable":true,"href":"https:\/\/www.umlautrecords.com\/fr\/wp-json\/wp\/v2\/product_cat?post=3917"},{"taxonomy":"product_tag","embeddable":true,"href":"https:\/\/www.umlautrecords.com\/fr\/wp-json\/wp\/v2\/product_tag?post=3917"}],"curies":[{"name":"wp","href":"https:\/\/api.w.org\/{rel}","templated":true}]}}