{"id":3901,"date":"2022-06-14T11:06:31","date_gmt":"2022-06-14T09:06:31","guid":{"rendered":"https:\/\/www.umlautrecords.com\/?post_type=product&#038;p=3901"},"modified":"2025-07-24T12:12:27","modified_gmt":"2025-07-24T10:12:27","slug":"the-strange-adventures-of-jesper-klint-double-lp","status":"publish","type":"product","link":"https:\/\/www.umlautrecords.com\/fr\/produit\/the-strange-adventures-of-jesper-klint-double-lp\/","title":{"rendered":"The Strange Adventures of Jesper Klint (double LP)"},"content":{"rendered":"<p class=\"p1\">Version num\u00e9rique disponible sur <a href=\"https:\/\/umlautrecords.bandcamp.com\/album\/the-strange-adventures-of-jesper-klint\">Bandcamp<\/a>.<\/p>\n<p>A la suite de leur premier album <a href=\"https:\/\/www.umlautrecords.com\/produit\/elastic-bricks-lp\/\">Elastic Bricks<\/a><i> <\/i>(Umlaut Records, 2022), qui explorait de nouvelles possibilit\u00e9s au sein du format de la chanson standard, le trio O\u00f9at sort un double LP de la musique du pianiste su\u00e9dois Per Henrik Wallin. <i>The Strange Adventures of Jesper Klint<\/i> r\u00e9veille et revitalise les id\u00e9es et les sons l\u00e9gendaires des enregistrements en trio de Wallin, sortis sous le titre <i>Coyote<\/i> (Dragon 320).<\/p>\n<p class=\"p1\">Per Henrik Wallin (1946-2005) \u00e9tait un pianiste, jazzman et compositeur su\u00e9dois, qui questionnait activement son environnement avec une forme composite et libre de cr\u00e9ation musicale &#8211; notamment en trio. Dans sa maison d\u2019enfance \u00e0 Karlsborg, il est inspir\u00e9 par les \u00e9clats soudains des premiers grands du jazz comme Art Tatum et Fats Waller. Tr\u00e8s vite, il joue du swing dans les caf\u00e9s (avec entre autres Sven-\u00c5ke Johansson) tout en poursuivant des \u00e9tudes de philosophie. Inspir\u00e9 par la litt\u00e9rature, l\u2019id\u00e9e d\u2019une expression personnelle, et le timing du bebop et du free jazz, ses propres groupes sont reconnus \u00e0 partir des ann\u00e9es 70 pour leur son in\u00e9puisable et leur \u00e9nergie obstin\u00e9e. La touche pr\u00e9cise, et donc risqu\u00e9e, du clavier et la profonde compr\u00e9hension des r\u00e9pertoires jazz et classique que l\u2019on entend dans sa musique (sans exclure l\u2019humour) sont de v\u00e9ritables guides, affichant les moyens in\u00e9vitables et \u00e9ternels de faire une musique fid\u00e8le \u00e0 son expression personnelle. R\u00e9sistant \u00e0 l\u2019attraction de la musique populaire industrialis\u00e9e et des politiques culturelles stup\u00e9fiantes, sa musique \u00e9tait en constante confrontation avec les auditeurs et leur environnement. Elle interrogeait, mais qui \u00eates-vous donc?<\/p>\n<p class=\"p1\">Peu de personnes en dehors de la Su\u00e8de connaissent Per Henrik Wallin. Le trio O\u00f9at joue sa musique en raison de sa capacit\u00e9 \u00e0 d\u00e9clencher la complexit\u00e9 vitale du jazz en g\u00e9n\u00e9ral, et en esp\u00e9rant que la pr\u00e9sentation de cette musique permettra la d\u00e9couverte et la reconnaissance de ce ma\u00eetre plus ou moins oubli\u00e9.<\/p>\n<p class=\"p1\">\u00ab O\u00f9at parvient non seulement \u00e0 interpr\u00e9ter la musique originale avec curiosit\u00e9 et pr\u00e9cision, mais aussi \u00e0 faire avancer la musique, et \u00e0 s\u2019approprier les compositions. Ce groupe est \u00e9galement un r\u00e9gal \u00e0 regarder live, o\u00f9 leur complicit\u00e9 et leur pure musicalit\u00e9 sont \u00e9videntes et contagieuses \u00bb\u00a0Famille de Per Henrik Wallin, extrait du livret.<\/p>\n","protected":false},"excerpt":{"rendered":"<p>SORTIE LE 26 NOVEMBRE 2022<\/p>\n","protected":false},"featured_media":3902,"template":"","meta":{"_acf_changed":false},"product_brand":[],"product_cat":[29,318],"product_tag":[],"class_list":{"0":"post-3901","1":"product","2":"type-product","3":"status-publish","4":"has-post-thumbnail","6":"product_cat-album","7":"product_cat-topsi-series","8":"product_shipping_class-vinyle","10":"first","11":"outofstock","12":"taxable","13":"shipping-taxable","14":"purchasable","15":"product-type-simple"},"acf":[],"yoast_head":"<!-- This site is optimized with the Yoast SEO plugin v27.0 - https:\/\/yoast.com\/product\/yoast-seo-wordpress\/ -->\n<title>The Strange Adventures of Jesper Klint (double LP) - Umlaut records<\/title>\n<meta name=\"robots\" content=\"index, follow, max-snippet:-1, max-image-preview:large, max-video-preview:-1\" \/>\n<link rel=\"canonical\" href=\"https:\/\/www.umlautrecords.com\/fr\/produit\/the-strange-adventures-of-jesper-klint-double-lp\/\" \/>\n<meta property=\"og:locale\" content=\"fr_FR\" \/>\n<meta property=\"og:type\" content=\"article\" \/>\n<meta property=\"og:title\" content=\"The Strange Adventures of Jesper Klint (double LP) - Umlaut records\" \/>\n<meta property=\"og:description\" content=\"SORTIE LE 26 NOVEMBRE 2022\" \/>\n<meta property=\"og:url\" content=\"https:\/\/www.umlautrecords.com\/fr\/produit\/the-strange-adventures-of-jesper-klint-double-lp\/\" \/>\n<meta property=\"og:site_name\" content=\"Umlaut records\" \/>\n<meta property=\"article:publisher\" content=\"https:\/\/www.facebook.com\/umlautrecords\" \/>\n<meta property=\"article:modified_time\" content=\"2025-07-24T10:12:27+00:00\" \/>\n<meta property=\"og:image\" content=\"https:\/\/www.umlautrecords.com\/wp-content\/uploads\/2022\/06\/umlaut-the-strange-adventures-of-jesper-klint-double-lp-the-strange-adventures-of-jesper-klint-cover.jpeg\" \/>\n\t<meta property=\"og:image:width\" content=\"1515\" \/>\n\t<meta property=\"og:image:height\" content=\"1500\" \/>\n\t<meta property=\"og:image:type\" content=\"image\/jpeg\" \/>\n<meta name=\"twitter:card\" content=\"summary_large_image\" \/>\n<meta name=\"twitter:label1\" content=\"Dur\u00e9e de lecture estim\u00e9e\" \/>\n\t<meta name=\"twitter:data1\" content=\"2 minutes\" \/>\n<script type=\"application\/ld+json\" class=\"yoast-schema-graph\">{\"@context\":\"https:\/\/schema.org\",\"@graph\":[{\"@type\":\"WebPage\",\"@id\":\"https:\/\/www.umlautrecords.com\/fr\/produit\/the-strange-adventures-of-jesper-klint-double-lp\/\",\"url\":\"https:\/\/www.umlautrecords.com\/fr\/produit\/the-strange-adventures-of-jesper-klint-double-lp\/\",\"name\":\"The Strange Adventures of Jesper Klint (double LP) - Umlaut records\",\"isPartOf\":{\"@id\":\"https:\/\/www.umlautrecords.com\/fr\/#website\"},\"primaryImageOfPage\":{\"@id\":\"https:\/\/www.umlautrecords.com\/fr\/produit\/the-strange-adventures-of-jesper-klint-double-lp\/#primaryimage\"},\"image\":{\"@id\":\"https:\/\/www.umlautrecords.com\/fr\/produit\/the-strange-adventures-of-jesper-klint-double-lp\/#primaryimage\"},\"thumbnailUrl\":\"https:\/\/www.umlautrecords.com\/wp-content\/uploads\/2022\/06\/umlaut-the-strange-adventures-of-jesper-klint-double-lp-the-strange-adventures-of-jesper-klint-cover.jpeg\",\"datePublished\":\"2022-06-14T09:06:31+00:00\",\"dateModified\":\"2025-07-24T10:12:27+00:00\",\"breadcrumb\":{\"@id\":\"https:\/\/www.umlautrecords.com\/fr\/produit\/the-strange-adventures-of-jesper-klint-double-lp\/#breadcrumb\"},\"inLanguage\":\"fr-FR\",\"potentialAction\":[{\"@type\":\"ReadAction\",\"target\":[\"https:\/\/www.umlautrecords.com\/fr\/produit\/the-strange-adventures-of-jesper-klint-double-lp\/\"]}]},{\"@type\":\"ImageObject\",\"inLanguage\":\"fr-FR\",\"@id\":\"https:\/\/www.umlautrecords.com\/fr\/produit\/the-strange-adventures-of-jesper-klint-double-lp\/#primaryimage\",\"url\":\"https:\/\/www.umlautrecords.com\/wp-content\/uploads\/2022\/06\/umlaut-the-strange-adventures-of-jesper-klint-double-lp-the-strange-adventures-of-jesper-klint-cover.jpeg\",\"contentUrl\":\"https:\/\/www.umlautrecords.com\/wp-content\/uploads\/2022\/06\/umlaut-the-strange-adventures-of-jesper-klint-double-lp-the-strange-adventures-of-jesper-klint-cover.jpeg\",\"width\":1515,\"height\":1500,\"caption\":\"The Strange Adventures of Jesper Klint\"},{\"@type\":\"BreadcrumbList\",\"@id\":\"https:\/\/www.umlautrecords.com\/fr\/produit\/the-strange-adventures-of-jesper-klint-double-lp\/#breadcrumb\",\"itemListElement\":[{\"@type\":\"ListItem\",\"position\":1,\"name\":\"Accueil\",\"item\":\"https:\/\/www.umlautrecords.com\/fr\/\"},{\"@type\":\"ListItem\",\"position\":2,\"name\":\"Catalogue\",\"item\":\"https:\/\/www.umlautrecords.com\/fr\/shop\/\"},{\"@type\":\"ListItem\",\"position\":3,\"name\":\"The Strange Adventures of Jesper Klint (double LP)\"}]},{\"@type\":\"WebSite\",\"@id\":\"https:\/\/www.umlautrecords.com\/fr\/#website\",\"url\":\"https:\/\/www.umlautrecords.com\/fr\/\",\"name\":\"Umlaut records\",\"description\":\"transformation of sound\",\"publisher\":{\"@id\":\"https:\/\/www.umlautrecords.com\/fr\/#organization\"},\"potentialAction\":[{\"@type\":\"SearchAction\",\"target\":{\"@type\":\"EntryPoint\",\"urlTemplate\":\"https:\/\/www.umlautrecords.com\/fr\/?s={search_term_string}\"},\"query-input\":{\"@type\":\"PropertyValueSpecification\",\"valueRequired\":true,\"valueName\":\"search_term_string\"}}],\"inLanguage\":\"fr-FR\"},{\"@type\":\"Organization\",\"@id\":\"https:\/\/www.umlautrecords.com\/fr\/#organization\",\"name\":\"Umlaut records\",\"url\":\"https:\/\/www.umlautrecords.com\/fr\/\",\"logo\":{\"@type\":\"ImageObject\",\"inLanguage\":\"fr-FR\",\"@id\":\"https:\/\/www.umlautrecords.com\/fr\/#\/schema\/logo\/image\/\",\"url\":\"\",\"contentUrl\":\"\",\"caption\":\"Umlaut records\"},\"image\":{\"@id\":\"https:\/\/www.umlautrecords.com\/fr\/#\/schema\/logo\/image\/\"},\"sameAs\":[\"https:\/\/www.facebook.com\/umlautrecords\",\"https:\/\/www.instagram.com\/umlaut.records\/\",\"https:\/\/www.linkedin.com\/in\/umlaut-records-label-0678b7a4\/\",\"https:\/\/www.youtube.com\/user\/umsight\"]}]}<\/script>\n<!-- \/ Yoast SEO plugin. -->","yoast_head_json":{"title":"The Strange Adventures of Jesper Klint (double LP) - Umlaut records","robots":{"index":"index","follow":"follow","max-snippet":"max-snippet:-1","max-image-preview":"max-image-preview:large","max-video-preview":"max-video-preview:-1"},"canonical":"https:\/\/www.umlautrecords.com\/fr\/produit\/the-strange-adventures-of-jesper-klint-double-lp\/","og_locale":"fr_FR","og_type":"article","og_title":"The Strange Adventures of Jesper Klint (double LP) - Umlaut records","og_description":"SORTIE LE 26 NOVEMBRE 2022","og_url":"https:\/\/www.umlautrecords.com\/fr\/produit\/the-strange-adventures-of-jesper-klint-double-lp\/","og_site_name":"Umlaut records","article_publisher":"https:\/\/www.facebook.com\/umlautrecords","article_modified_time":"2025-07-24T10:12:27+00:00","og_image":[{"width":1515,"height":1500,"url":"https:\/\/www.umlautrecords.com\/wp-content\/uploads\/2022\/06\/umlaut-the-strange-adventures-of-jesper-klint-double-lp-the-strange-adventures-of-jesper-klint-cover.jpeg","type":"image\/jpeg"}],"twitter_card":"summary_large_image","twitter_misc":{"Dur\u00e9e de lecture estim\u00e9e":"2 minutes"},"schema":{"@context":"https:\/\/schema.org","@graph":[{"@type":"WebPage","@id":"https:\/\/www.umlautrecords.com\/fr\/produit\/the-strange-adventures-of-jesper-klint-double-lp\/","url":"https:\/\/www.umlautrecords.com\/fr\/produit\/the-strange-adventures-of-jesper-klint-double-lp\/","name":"The Strange Adventures of Jesper Klint (double LP) - Umlaut records","isPartOf":{"@id":"https:\/\/www.umlautrecords.com\/fr\/#website"},"primaryImageOfPage":{"@id":"https:\/\/www.umlautrecords.com\/fr\/produit\/the-strange-adventures-of-jesper-klint-double-lp\/#primaryimage"},"image":{"@id":"https:\/\/www.umlautrecords.com\/fr\/produit\/the-strange-adventures-of-jesper-klint-double-lp\/#primaryimage"},"thumbnailUrl":"https:\/\/www.umlautrecords.com\/wp-content\/uploads\/2022\/06\/umlaut-the-strange-adventures-of-jesper-klint-double-lp-the-strange-adventures-of-jesper-klint-cover.jpeg","datePublished":"2022-06-14T09:06:31+00:00","dateModified":"2025-07-24T10:12:27+00:00","breadcrumb":{"@id":"https:\/\/www.umlautrecords.com\/fr\/produit\/the-strange-adventures-of-jesper-klint-double-lp\/#breadcrumb"},"inLanguage":"fr-FR","potentialAction":[{"@type":"ReadAction","target":["https:\/\/www.umlautrecords.com\/fr\/produit\/the-strange-adventures-of-jesper-klint-double-lp\/"]}]},{"@type":"ImageObject","inLanguage":"fr-FR","@id":"https:\/\/www.umlautrecords.com\/fr\/produit\/the-strange-adventures-of-jesper-klint-double-lp\/#primaryimage","url":"https:\/\/www.umlautrecords.com\/wp-content\/uploads\/2022\/06\/umlaut-the-strange-adventures-of-jesper-klint-double-lp-the-strange-adventures-of-jesper-klint-cover.jpeg","contentUrl":"https:\/\/www.umlautrecords.com\/wp-content\/uploads\/2022\/06\/umlaut-the-strange-adventures-of-jesper-klint-double-lp-the-strange-adventures-of-jesper-klint-cover.jpeg","width":1515,"height":1500,"caption":"The Strange Adventures of Jesper Klint"},{"@type":"BreadcrumbList","@id":"https:\/\/www.umlautrecords.com\/fr\/produit\/the-strange-adventures-of-jesper-klint-double-lp\/#breadcrumb","itemListElement":[{"@type":"ListItem","position":1,"name":"Accueil","item":"https:\/\/www.umlautrecords.com\/fr\/"},{"@type":"ListItem","position":2,"name":"Catalogue","item":"https:\/\/www.umlautrecords.com\/fr\/shop\/"},{"@type":"ListItem","position":3,"name":"The Strange Adventures of Jesper Klint (double LP)"}]},{"@type":"WebSite","@id":"https:\/\/www.umlautrecords.com\/fr\/#website","url":"https:\/\/www.umlautrecords.com\/fr\/","name":"Umlaut records","description":"transformation of sound","publisher":{"@id":"https:\/\/www.umlautrecords.com\/fr\/#organization"},"potentialAction":[{"@type":"SearchAction","target":{"@type":"EntryPoint","urlTemplate":"https:\/\/www.umlautrecords.com\/fr\/?s={search_term_string}"},"query-input":{"@type":"PropertyValueSpecification","valueRequired":true,"valueName":"search_term_string"}}],"inLanguage":"fr-FR"},{"@type":"Organization","@id":"https:\/\/www.umlautrecords.com\/fr\/#organization","name":"Umlaut records","url":"https:\/\/www.umlautrecords.com\/fr\/","logo":{"@type":"ImageObject","inLanguage":"fr-FR","@id":"https:\/\/www.umlautrecords.com\/fr\/#\/schema\/logo\/image\/","url":"","contentUrl":"","caption":"Umlaut records"},"image":{"@id":"https:\/\/www.umlautrecords.com\/fr\/#\/schema\/logo\/image\/"},"sameAs":["https:\/\/www.facebook.com\/umlautrecords","https:\/\/www.instagram.com\/umlaut.records\/","https:\/\/www.linkedin.com\/in\/umlaut-records-label-0678b7a4\/","https:\/\/www.youtube.com\/user\/umsight"]}]}},"_links":{"self":[{"href":"https:\/\/www.umlautrecords.com\/fr\/wp-json\/wp\/v2\/product\/3901","targetHints":{"allow":["GET"]}}],"collection":[{"href":"https:\/\/www.umlautrecords.com\/fr\/wp-json\/wp\/v2\/product"}],"about":[{"href":"https:\/\/www.umlautrecords.com\/fr\/wp-json\/wp\/v2\/types\/product"}],"wp:featuredmedia":[{"embeddable":true,"href":"https:\/\/www.umlautrecords.com\/fr\/wp-json\/wp\/v2\/media\/3902"}],"wp:attachment":[{"href":"https:\/\/www.umlautrecords.com\/fr\/wp-json\/wp\/v2\/media?parent=3901"}],"wp:term":[{"taxonomy":"product_brand","embeddable":true,"href":"https:\/\/www.umlautrecords.com\/fr\/wp-json\/wp\/v2\/product_brand?post=3901"},{"taxonomy":"product_cat","embeddable":true,"href":"https:\/\/www.umlautrecords.com\/fr\/wp-json\/wp\/v2\/product_cat?post=3901"},{"taxonomy":"product_tag","embeddable":true,"href":"https:\/\/www.umlautrecords.com\/fr\/wp-json\/wp\/v2\/product_tag?post=3901"}],"curies":[{"name":"wp","href":"https:\/\/api.w.org\/{rel}","templated":true}]}}