{"id":3879,"date":"2022-06-09T18:10:10","date_gmt":"2022-06-09T16:10:10","guid":{"rendered":"https:\/\/www.umlautrecords.com\/?post_type=product&#038;p=3879"},"modified":"2024-01-22T17:41:56","modified_gmt":"2024-01-22T16:41:56","slug":"within","status":"publish","type":"product","link":"https:\/\/www.umlautrecords.com\/fr\/produit\/within\/","title":{"rendered":"Within (CD)"},"content":{"rendered":"<p>Version num\u00e9rique et bundle Beauty Lies + Within disponibles sur <a href=\"https:\/\/umlautrecords.bandcamp.com\/album\/within\">Bandcamp<\/a>.<\/p>\n<p class=\"p1\">Les quatri\u00e8mes et cinqui\u00e8mes albums de Die Hochstapler (Les Imposteurs) repr\u00e9sentent les deux faces d\u2019une m\u00eame pi\u00e8ce\u00a0: enregistr\u00e9s dans le cadre de leur r\u00e9sidence de f\u00e9vrier 2022 \u00e0 la d\u00e9sormais l\u00e9gendaire salle berlinoise Au Topsi Pohl, le groupe livre le diner, accompagn\u00e9 de sa recette. <i>Beauty Lies<\/i> donne \u00e0 entendre (presque) tout le mat\u00e9riel compos\u00e9 et d\u00e9velopp\u00e9 collectivement que le quartet utilise pour concocter le menu \u00e0 deux plats de <i>Within<\/i>. Tandis que ce dernier documente la musique jou\u00e9e le soir devant un public intimiste et enthousiaste, le premier montre le m\u00eame groupe dans la m\u00eame salle l&rsquo;apr\u00e8s-midi, sans public et presque sans aucune improvisation. Cataloguant m\u00e9thodiquement leurs compositions, ils d\u00e9voilent les ingr\u00e9dients de la nuit \u00e0 venir.<span class=\"Apple-converted-space\">\u00a0<\/span><\/p>\n<p class=\"p3\">Le quartet puise son inspiration dans toute la riche tradition du jazz, de la musique improvis\u00e9e et de la culture orale. En concert, leur abandon de la notation et l&rsquo;utilisation entre autres de structures de jeux, d\u2019alphabets invent\u00e9s et du code morse leur permettent d&rsquo;atteindre un haut degr\u00e9 de complexit\u00e9, sautant d&rsquo;un morceau \u00e0 l&rsquo;autre ou les superposant, composant en temps r\u00e9el, tout en conservant l\u2019attitude joyeuse des joueurs de cartes.<\/p>\n","protected":false},"excerpt":{"rendered":"<p>SORTIE LE 15 SEPTEMBRE 2022<\/p>\n","protected":false},"featured_media":3880,"template":"","meta":{"_acf_changed":false},"product_brand":[],"product_cat":[29,318],"product_tag":[],"class_list":{"0":"post-3879","1":"product","2":"type-product","3":"status-publish","4":"has-post-thumbnail","6":"product_cat-album","7":"product_cat-topsi-series","8":"product_shipping_class-cd","10":"first","11":"instock","12":"taxable","13":"shipping-taxable","14":"purchasable","15":"product-type-simple"},"acf":[],"yoast_head":"<!-- This site is optimized with the Yoast SEO plugin v27.0 - https:\/\/yoast.com\/product\/yoast-seo-wordpress\/ -->\n<title>Within (CD) - Umlaut records<\/title>\n<meta name=\"robots\" content=\"index, follow, max-snippet:-1, max-image-preview:large, max-video-preview:-1\" \/>\n<link rel=\"canonical\" href=\"https:\/\/www.umlautrecords.com\/fr\/produit\/within\/\" \/>\n<meta property=\"og:locale\" content=\"fr_FR\" \/>\n<meta property=\"og:type\" content=\"article\" \/>\n<meta property=\"og:title\" content=\"Within (CD) - Umlaut records\" \/>\n<meta property=\"og:description\" content=\"SORTIE LE 15 SEPTEMBRE 2022\" \/>\n<meta property=\"og:url\" content=\"https:\/\/www.umlautrecords.com\/fr\/produit\/within\/\" \/>\n<meta property=\"og:site_name\" content=\"Umlaut records\" \/>\n<meta property=\"article:publisher\" content=\"https:\/\/www.facebook.com\/umlautrecords\" \/>\n<meta property=\"article:modified_time\" content=\"2024-01-22T16:41:56+00:00\" \/>\n<meta property=\"og:image\" content=\"https:\/\/www.umlautrecords.com\/wp-content\/uploads\/2022\/06\/umlaut-within-within-front-carre.jpg\" \/>\n\t<meta property=\"og:image:width\" content=\"1471\" \/>\n\t<meta property=\"og:image:height\" content=\"1471\" \/>\n\t<meta property=\"og:image:type\" content=\"image\/jpeg\" \/>\n<meta name=\"twitter:card\" content=\"summary_large_image\" \/>\n<meta name=\"twitter:label1\" content=\"Dur\u00e9e de lecture estim\u00e9e\" \/>\n\t<meta name=\"twitter:data1\" content=\"2 minutes\" \/>\n<script type=\"application\/ld+json\" class=\"yoast-schema-graph\">{\"@context\":\"https:\/\/schema.org\",\"@graph\":[{\"@type\":\"WebPage\",\"@id\":\"https:\/\/www.umlautrecords.com\/fr\/produit\/within\/\",\"url\":\"https:\/\/www.umlautrecords.com\/fr\/produit\/within\/\",\"name\":\"Within (CD) - Umlaut records\",\"isPartOf\":{\"@id\":\"https:\/\/www.umlautrecords.com\/fr\/#website\"},\"primaryImageOfPage\":{\"@id\":\"https:\/\/www.umlautrecords.com\/fr\/produit\/within\/#primaryimage\"},\"image\":{\"@id\":\"https:\/\/www.umlautrecords.com\/fr\/produit\/within\/#primaryimage\"},\"thumbnailUrl\":\"https:\/\/www.umlautrecords.com\/wp-content\/uploads\/2022\/06\/umlaut-within-within-front-carre.jpg\",\"datePublished\":\"2022-06-09T16:10:10+00:00\",\"dateModified\":\"2024-01-22T16:41:56+00:00\",\"breadcrumb\":{\"@id\":\"https:\/\/www.umlautrecords.com\/fr\/produit\/within\/#breadcrumb\"},\"inLanguage\":\"fr-FR\",\"potentialAction\":[{\"@type\":\"ReadAction\",\"target\":[\"https:\/\/www.umlautrecords.com\/fr\/produit\/within\/\"]}]},{\"@type\":\"ImageObject\",\"inLanguage\":\"fr-FR\",\"@id\":\"https:\/\/www.umlautrecords.com\/fr\/produit\/within\/#primaryimage\",\"url\":\"https:\/\/www.umlautrecords.com\/wp-content\/uploads\/2022\/06\/umlaut-within-within-front-carre.jpg\",\"contentUrl\":\"https:\/\/www.umlautrecords.com\/wp-content\/uploads\/2022\/06\/umlaut-within-within-front-carre.jpg\",\"width\":1471,\"height\":1471,\"caption\":\"Within\"},{\"@type\":\"BreadcrumbList\",\"@id\":\"https:\/\/www.umlautrecords.com\/fr\/produit\/within\/#breadcrumb\",\"itemListElement\":[{\"@type\":\"ListItem\",\"position\":1,\"name\":\"Accueil\",\"item\":\"https:\/\/www.umlautrecords.com\/fr\/\"},{\"@type\":\"ListItem\",\"position\":2,\"name\":\"Catalogue\",\"item\":\"https:\/\/www.umlautrecords.com\/fr\/shop\/\"},{\"@type\":\"ListItem\",\"position\":3,\"name\":\"Within (CD)\"}]},{\"@type\":\"WebSite\",\"@id\":\"https:\/\/www.umlautrecords.com\/fr\/#website\",\"url\":\"https:\/\/www.umlautrecords.com\/fr\/\",\"name\":\"Umlaut records\",\"description\":\"transformation of sound\",\"publisher\":{\"@id\":\"https:\/\/www.umlautrecords.com\/fr\/#organization\"},\"potentialAction\":[{\"@type\":\"SearchAction\",\"target\":{\"@type\":\"EntryPoint\",\"urlTemplate\":\"https:\/\/www.umlautrecords.com\/fr\/?s={search_term_string}\"},\"query-input\":{\"@type\":\"PropertyValueSpecification\",\"valueRequired\":true,\"valueName\":\"search_term_string\"}}],\"inLanguage\":\"fr-FR\"},{\"@type\":\"Organization\",\"@id\":\"https:\/\/www.umlautrecords.com\/fr\/#organization\",\"name\":\"Umlaut records\",\"url\":\"https:\/\/www.umlautrecords.com\/fr\/\",\"logo\":{\"@type\":\"ImageObject\",\"inLanguage\":\"fr-FR\",\"@id\":\"https:\/\/www.umlautrecords.com\/fr\/#\/schema\/logo\/image\/\",\"url\":\"\",\"contentUrl\":\"\",\"caption\":\"Umlaut records\"},\"image\":{\"@id\":\"https:\/\/www.umlautrecords.com\/fr\/#\/schema\/logo\/image\/\"},\"sameAs\":[\"https:\/\/www.facebook.com\/umlautrecords\",\"https:\/\/www.instagram.com\/umlaut.records\/\",\"https:\/\/www.linkedin.com\/in\/umlaut-records-label-0678b7a4\/\",\"https:\/\/www.youtube.com\/user\/umsight\"]}]}<\/script>\n<!-- \/ Yoast SEO plugin. -->","yoast_head_json":{"title":"Within (CD) - Umlaut records","robots":{"index":"index","follow":"follow","max-snippet":"max-snippet:-1","max-image-preview":"max-image-preview:large","max-video-preview":"max-video-preview:-1"},"canonical":"https:\/\/www.umlautrecords.com\/fr\/produit\/within\/","og_locale":"fr_FR","og_type":"article","og_title":"Within (CD) - Umlaut records","og_description":"SORTIE LE 15 SEPTEMBRE 2022","og_url":"https:\/\/www.umlautrecords.com\/fr\/produit\/within\/","og_site_name":"Umlaut records","article_publisher":"https:\/\/www.facebook.com\/umlautrecords","article_modified_time":"2024-01-22T16:41:56+00:00","og_image":[{"width":1471,"height":1471,"url":"https:\/\/www.umlautrecords.com\/wp-content\/uploads\/2022\/06\/umlaut-within-within-front-carre.jpg","type":"image\/jpeg"}],"twitter_card":"summary_large_image","twitter_misc":{"Dur\u00e9e de lecture estim\u00e9e":"2 minutes"},"schema":{"@context":"https:\/\/schema.org","@graph":[{"@type":"WebPage","@id":"https:\/\/www.umlautrecords.com\/fr\/produit\/within\/","url":"https:\/\/www.umlautrecords.com\/fr\/produit\/within\/","name":"Within (CD) - Umlaut records","isPartOf":{"@id":"https:\/\/www.umlautrecords.com\/fr\/#website"},"primaryImageOfPage":{"@id":"https:\/\/www.umlautrecords.com\/fr\/produit\/within\/#primaryimage"},"image":{"@id":"https:\/\/www.umlautrecords.com\/fr\/produit\/within\/#primaryimage"},"thumbnailUrl":"https:\/\/www.umlautrecords.com\/wp-content\/uploads\/2022\/06\/umlaut-within-within-front-carre.jpg","datePublished":"2022-06-09T16:10:10+00:00","dateModified":"2024-01-22T16:41:56+00:00","breadcrumb":{"@id":"https:\/\/www.umlautrecords.com\/fr\/produit\/within\/#breadcrumb"},"inLanguage":"fr-FR","potentialAction":[{"@type":"ReadAction","target":["https:\/\/www.umlautrecords.com\/fr\/produit\/within\/"]}]},{"@type":"ImageObject","inLanguage":"fr-FR","@id":"https:\/\/www.umlautrecords.com\/fr\/produit\/within\/#primaryimage","url":"https:\/\/www.umlautrecords.com\/wp-content\/uploads\/2022\/06\/umlaut-within-within-front-carre.jpg","contentUrl":"https:\/\/www.umlautrecords.com\/wp-content\/uploads\/2022\/06\/umlaut-within-within-front-carre.jpg","width":1471,"height":1471,"caption":"Within"},{"@type":"BreadcrumbList","@id":"https:\/\/www.umlautrecords.com\/fr\/produit\/within\/#breadcrumb","itemListElement":[{"@type":"ListItem","position":1,"name":"Accueil","item":"https:\/\/www.umlautrecords.com\/fr\/"},{"@type":"ListItem","position":2,"name":"Catalogue","item":"https:\/\/www.umlautrecords.com\/fr\/shop\/"},{"@type":"ListItem","position":3,"name":"Within (CD)"}]},{"@type":"WebSite","@id":"https:\/\/www.umlautrecords.com\/fr\/#website","url":"https:\/\/www.umlautrecords.com\/fr\/","name":"Umlaut records","description":"transformation of sound","publisher":{"@id":"https:\/\/www.umlautrecords.com\/fr\/#organization"},"potentialAction":[{"@type":"SearchAction","target":{"@type":"EntryPoint","urlTemplate":"https:\/\/www.umlautrecords.com\/fr\/?s={search_term_string}"},"query-input":{"@type":"PropertyValueSpecification","valueRequired":true,"valueName":"search_term_string"}}],"inLanguage":"fr-FR"},{"@type":"Organization","@id":"https:\/\/www.umlautrecords.com\/fr\/#organization","name":"Umlaut records","url":"https:\/\/www.umlautrecords.com\/fr\/","logo":{"@type":"ImageObject","inLanguage":"fr-FR","@id":"https:\/\/www.umlautrecords.com\/fr\/#\/schema\/logo\/image\/","url":"","contentUrl":"","caption":"Umlaut records"},"image":{"@id":"https:\/\/www.umlautrecords.com\/fr\/#\/schema\/logo\/image\/"},"sameAs":["https:\/\/www.facebook.com\/umlautrecords","https:\/\/www.instagram.com\/umlaut.records\/","https:\/\/www.linkedin.com\/in\/umlaut-records-label-0678b7a4\/","https:\/\/www.youtube.com\/user\/umsight"]}]}},"_links":{"self":[{"href":"https:\/\/www.umlautrecords.com\/fr\/wp-json\/wp\/v2\/product\/3879","targetHints":{"allow":["GET"]}}],"collection":[{"href":"https:\/\/www.umlautrecords.com\/fr\/wp-json\/wp\/v2\/product"}],"about":[{"href":"https:\/\/www.umlautrecords.com\/fr\/wp-json\/wp\/v2\/types\/product"}],"wp:featuredmedia":[{"embeddable":true,"href":"https:\/\/www.umlautrecords.com\/fr\/wp-json\/wp\/v2\/media\/3880"}],"wp:attachment":[{"href":"https:\/\/www.umlautrecords.com\/fr\/wp-json\/wp\/v2\/media?parent=3879"}],"wp:term":[{"taxonomy":"product_brand","embeddable":true,"href":"https:\/\/www.umlautrecords.com\/fr\/wp-json\/wp\/v2\/product_brand?post=3879"},{"taxonomy":"product_cat","embeddable":true,"href":"https:\/\/www.umlautrecords.com\/fr\/wp-json\/wp\/v2\/product_cat?post=3879"},{"taxonomy":"product_tag","embeddable":true,"href":"https:\/\/www.umlautrecords.com\/fr\/wp-json\/wp\/v2\/product_tag?post=3879"}],"curies":[{"name":"wp","href":"https:\/\/api.w.org\/{rel}","templated":true}]}}