{"id":3790,"date":"2022-06-10T18:30:32","date_gmt":"2022-06-10T16:30:32","guid":{"rendered":"https:\/\/www.umlautrecords.com\/?post_type=product&#038;p=3790"},"modified":"2023-11-21T15:32:46","modified_gmt":"2023-11-21T14:32:46","slug":"nachthund","status":"publish","type":"product","link":"https:\/\/www.umlautrecords.com\/fr\/produit\/nachthund\/","title":{"rendered":"Nachthund (LP + CD \u00e0 l&rsquo;int\u00e9rieur)"},"content":{"rendered":"<p>Version num\u00e9rique disponible sur <a href=\"https:\/\/umlautrecords.bandcamp.com\/album\/nachthund\"><span style=\"text-decoration: underline;\">Bandcamp<\/span><\/a>.<\/p>\n<p>Nachthund marque la seconde sortie solo de Hannes Lingens sur Umlaut Records, apre\u0300s Pieces for Percussion (2018).<\/p>\n<p>Comme son pre\u0301de\u0301cesseur, Nachthund privile\u0301gie aux accents percussifs les sons continus : \u00ab Nacht \u00bb est un montage de couches pre\u0301-enregistre\u0301es de sons de roulements et de balais principalement, tandis que \u00ab Hund \u00bb and \u00ab Manatee \u00bb ont e\u0301te\u0301 enregistre\u0301es en une seule prise, en utilisant une cymbale, joue\u0301e dans l\u2019une avec des mailloches et dans l\u2018autre avec un archet de contrebasse. Des techniques de prise de son en grande proximite\u0301 et de jeu tre\u0300s doux sont utilise\u0301es tout au long de l\u2019album pour explorer les sons de l\u2019inte\u0301rieur du corps des instruments.<\/p>\n<p>Avec la sensibilite\u0301 des micros re\u0301gle\u0301e au maximum, l\u2019enregistrement devait avoir lieu la nuit afin d\u2019e\u0301viter tout bruit exte\u0301rieur. Sur \u00ab Hund \u00bb, on peut entendre un chien aboyer au plus profond de la vague de la cymbale a\u0300 l\u2019archet, ce qui ajoute une sensation d\u2019espace re\u0301el dans une musique qui &#8211; en raison de ses dynamiques de\u0301routantes et de son absence d\u2019accentuation rythmique &#8211; offre autrement peu d\u2019orientation.<\/p>\n<p>Edition limite\u0301e de 200 LPs. CD avec morceau bonus a\u0300 l\u2019inte\u0301rieur.<\/p>\n","protected":false},"excerpt":{"rendered":"<p>SORTIE LE 7 OCTOBRE 2022<\/p>\n","protected":false},"featured_media":3791,"template":"","meta":{"_acf_changed":false},"product_brand":[],"product_cat":[29],"product_tag":[],"class_list":{"0":"post-3790","1":"product","2":"type-product","3":"status-publish","4":"has-post-thumbnail","6":"product_cat-album","7":"product_shipping_class-vinyle","9":"first","10":"instock","11":"taxable","12":"shipping-taxable","13":"purchasable","14":"product-type-simple"},"acf":[],"yoast_head":"<!-- This site is optimized with the Yoast SEO plugin v27.0 - https:\/\/yoast.com\/product\/yoast-seo-wordpress\/ -->\n<title>Nachthund (LP + CD \u00e0 l&#039;int\u00e9rieur) - Umlaut records<\/title>\n<meta name=\"robots\" content=\"index, follow, max-snippet:-1, max-image-preview:large, max-video-preview:-1\" \/>\n<link rel=\"canonical\" href=\"https:\/\/www.umlautrecords.com\/fr\/produit\/nachthund\/\" \/>\n<meta property=\"og:locale\" content=\"fr_FR\" \/>\n<meta property=\"og:type\" content=\"article\" \/>\n<meta property=\"og:title\" content=\"Nachthund (LP + CD \u00e0 l&#039;int\u00e9rieur) - Umlaut records\" \/>\n<meta property=\"og:description\" content=\"SORTIE LE 7 OCTOBRE 2022\" \/>\n<meta property=\"og:url\" content=\"https:\/\/www.umlautrecords.com\/fr\/produit\/nachthund\/\" \/>\n<meta property=\"og:site_name\" content=\"Umlaut records\" \/>\n<meta property=\"article:publisher\" content=\"https:\/\/www.facebook.com\/umlautrecords\" \/>\n<meta property=\"article:modified_time\" content=\"2023-11-21T14:32:46+00:00\" \/>\n<meta property=\"og:image\" content=\"https:\/\/www.umlautrecords.com\/wp-content\/uploads\/2022\/05\/umlaut-nachthund-nachthund-cover-scaled.jpg\" \/>\n\t<meta property=\"og:image:width\" content=\"2532\" \/>\n\t<meta property=\"og:image:height\" content=\"2560\" \/>\n\t<meta property=\"og:image:type\" content=\"image\/jpeg\" \/>\n<meta name=\"twitter:card\" content=\"summary_large_image\" \/>\n<meta name=\"twitter:label1\" content=\"Dur\u00e9e de lecture estim\u00e9e\" \/>\n\t<meta name=\"twitter:data1\" content=\"1 minute\" \/>\n<script type=\"application\/ld+json\" class=\"yoast-schema-graph\">{\"@context\":\"https:\/\/schema.org\",\"@graph\":[{\"@type\":\"WebPage\",\"@id\":\"https:\/\/www.umlautrecords.com\/fr\/produit\/nachthund\/\",\"url\":\"https:\/\/www.umlautrecords.com\/fr\/produit\/nachthund\/\",\"name\":\"Nachthund (LP + CD \u00e0 l'int\u00e9rieur) - Umlaut records\",\"isPartOf\":{\"@id\":\"https:\/\/www.umlautrecords.com\/fr\/#website\"},\"primaryImageOfPage\":{\"@id\":\"https:\/\/www.umlautrecords.com\/fr\/produit\/nachthund\/#primaryimage\"},\"image\":{\"@id\":\"https:\/\/www.umlautrecords.com\/fr\/produit\/nachthund\/#primaryimage\"},\"thumbnailUrl\":\"https:\/\/www.umlautrecords.com\/wp-content\/uploads\/2022\/05\/umlaut-nachthund-nachthund-cover-scaled.jpg\",\"datePublished\":\"2022-06-10T16:30:32+00:00\",\"dateModified\":\"2023-11-21T14:32:46+00:00\",\"breadcrumb\":{\"@id\":\"https:\/\/www.umlautrecords.com\/fr\/produit\/nachthund\/#breadcrumb\"},\"inLanguage\":\"fr-FR\",\"potentialAction\":[{\"@type\":\"ReadAction\",\"target\":[\"https:\/\/www.umlautrecords.com\/fr\/produit\/nachthund\/\"]}]},{\"@type\":\"ImageObject\",\"inLanguage\":\"fr-FR\",\"@id\":\"https:\/\/www.umlautrecords.com\/fr\/produit\/nachthund\/#primaryimage\",\"url\":\"https:\/\/www.umlautrecords.com\/wp-content\/uploads\/2022\/05\/umlaut-nachthund-nachthund-cover-scaled.jpg\",\"contentUrl\":\"https:\/\/www.umlautrecords.com\/wp-content\/uploads\/2022\/05\/umlaut-nachthund-nachthund-cover-scaled.jpg\",\"width\":2532,\"height\":2560},{\"@type\":\"BreadcrumbList\",\"@id\":\"https:\/\/www.umlautrecords.com\/fr\/produit\/nachthund\/#breadcrumb\",\"itemListElement\":[{\"@type\":\"ListItem\",\"position\":1,\"name\":\"Accueil\",\"item\":\"https:\/\/www.umlautrecords.com\/fr\/\"},{\"@type\":\"ListItem\",\"position\":2,\"name\":\"Catalogue\",\"item\":\"https:\/\/www.umlautrecords.com\/fr\/shop\/\"},{\"@type\":\"ListItem\",\"position\":3,\"name\":\"Nachthund (LP + CD \u00e0 l&#8217;int\u00e9rieur)\"}]},{\"@type\":\"WebSite\",\"@id\":\"https:\/\/www.umlautrecords.com\/fr\/#website\",\"url\":\"https:\/\/www.umlautrecords.com\/fr\/\",\"name\":\"Umlaut records\",\"description\":\"transformation of sound\",\"publisher\":{\"@id\":\"https:\/\/www.umlautrecords.com\/fr\/#organization\"},\"potentialAction\":[{\"@type\":\"SearchAction\",\"target\":{\"@type\":\"EntryPoint\",\"urlTemplate\":\"https:\/\/www.umlautrecords.com\/fr\/?s={search_term_string}\"},\"query-input\":{\"@type\":\"PropertyValueSpecification\",\"valueRequired\":true,\"valueName\":\"search_term_string\"}}],\"inLanguage\":\"fr-FR\"},{\"@type\":\"Organization\",\"@id\":\"https:\/\/www.umlautrecords.com\/fr\/#organization\",\"name\":\"Umlaut records\",\"url\":\"https:\/\/www.umlautrecords.com\/fr\/\",\"logo\":{\"@type\":\"ImageObject\",\"inLanguage\":\"fr-FR\",\"@id\":\"https:\/\/www.umlautrecords.com\/fr\/#\/schema\/logo\/image\/\",\"url\":\"\",\"contentUrl\":\"\",\"caption\":\"Umlaut records\"},\"image\":{\"@id\":\"https:\/\/www.umlautrecords.com\/fr\/#\/schema\/logo\/image\/\"},\"sameAs\":[\"https:\/\/www.facebook.com\/umlautrecords\",\"https:\/\/www.instagram.com\/umlaut.records\/\",\"https:\/\/www.linkedin.com\/in\/umlaut-records-label-0678b7a4\/\",\"https:\/\/www.youtube.com\/user\/umsight\"]}]}<\/script>\n<!-- \/ Yoast SEO plugin. -->","yoast_head_json":{"title":"Nachthund (LP + CD \u00e0 l'int\u00e9rieur) - Umlaut records","robots":{"index":"index","follow":"follow","max-snippet":"max-snippet:-1","max-image-preview":"max-image-preview:large","max-video-preview":"max-video-preview:-1"},"canonical":"https:\/\/www.umlautrecords.com\/fr\/produit\/nachthund\/","og_locale":"fr_FR","og_type":"article","og_title":"Nachthund (LP + CD \u00e0 l'int\u00e9rieur) - Umlaut records","og_description":"SORTIE LE 7 OCTOBRE 2022","og_url":"https:\/\/www.umlautrecords.com\/fr\/produit\/nachthund\/","og_site_name":"Umlaut records","article_publisher":"https:\/\/www.facebook.com\/umlautrecords","article_modified_time":"2023-11-21T14:32:46+00:00","og_image":[{"width":2532,"height":2560,"url":"https:\/\/www.umlautrecords.com\/wp-content\/uploads\/2022\/05\/umlaut-nachthund-nachthund-cover-scaled.jpg","type":"image\/jpeg"}],"twitter_card":"summary_large_image","twitter_misc":{"Dur\u00e9e de lecture estim\u00e9e":"1 minute"},"schema":{"@context":"https:\/\/schema.org","@graph":[{"@type":"WebPage","@id":"https:\/\/www.umlautrecords.com\/fr\/produit\/nachthund\/","url":"https:\/\/www.umlautrecords.com\/fr\/produit\/nachthund\/","name":"Nachthund (LP + CD \u00e0 l'int\u00e9rieur) - Umlaut records","isPartOf":{"@id":"https:\/\/www.umlautrecords.com\/fr\/#website"},"primaryImageOfPage":{"@id":"https:\/\/www.umlautrecords.com\/fr\/produit\/nachthund\/#primaryimage"},"image":{"@id":"https:\/\/www.umlautrecords.com\/fr\/produit\/nachthund\/#primaryimage"},"thumbnailUrl":"https:\/\/www.umlautrecords.com\/wp-content\/uploads\/2022\/05\/umlaut-nachthund-nachthund-cover-scaled.jpg","datePublished":"2022-06-10T16:30:32+00:00","dateModified":"2023-11-21T14:32:46+00:00","breadcrumb":{"@id":"https:\/\/www.umlautrecords.com\/fr\/produit\/nachthund\/#breadcrumb"},"inLanguage":"fr-FR","potentialAction":[{"@type":"ReadAction","target":["https:\/\/www.umlautrecords.com\/fr\/produit\/nachthund\/"]}]},{"@type":"ImageObject","inLanguage":"fr-FR","@id":"https:\/\/www.umlautrecords.com\/fr\/produit\/nachthund\/#primaryimage","url":"https:\/\/www.umlautrecords.com\/wp-content\/uploads\/2022\/05\/umlaut-nachthund-nachthund-cover-scaled.jpg","contentUrl":"https:\/\/www.umlautrecords.com\/wp-content\/uploads\/2022\/05\/umlaut-nachthund-nachthund-cover-scaled.jpg","width":2532,"height":2560},{"@type":"BreadcrumbList","@id":"https:\/\/www.umlautrecords.com\/fr\/produit\/nachthund\/#breadcrumb","itemListElement":[{"@type":"ListItem","position":1,"name":"Accueil","item":"https:\/\/www.umlautrecords.com\/fr\/"},{"@type":"ListItem","position":2,"name":"Catalogue","item":"https:\/\/www.umlautrecords.com\/fr\/shop\/"},{"@type":"ListItem","position":3,"name":"Nachthund (LP + CD \u00e0 l&#8217;int\u00e9rieur)"}]},{"@type":"WebSite","@id":"https:\/\/www.umlautrecords.com\/fr\/#website","url":"https:\/\/www.umlautrecords.com\/fr\/","name":"Umlaut records","description":"transformation of sound","publisher":{"@id":"https:\/\/www.umlautrecords.com\/fr\/#organization"},"potentialAction":[{"@type":"SearchAction","target":{"@type":"EntryPoint","urlTemplate":"https:\/\/www.umlautrecords.com\/fr\/?s={search_term_string}"},"query-input":{"@type":"PropertyValueSpecification","valueRequired":true,"valueName":"search_term_string"}}],"inLanguage":"fr-FR"},{"@type":"Organization","@id":"https:\/\/www.umlautrecords.com\/fr\/#organization","name":"Umlaut records","url":"https:\/\/www.umlautrecords.com\/fr\/","logo":{"@type":"ImageObject","inLanguage":"fr-FR","@id":"https:\/\/www.umlautrecords.com\/fr\/#\/schema\/logo\/image\/","url":"","contentUrl":"","caption":"Umlaut records"},"image":{"@id":"https:\/\/www.umlautrecords.com\/fr\/#\/schema\/logo\/image\/"},"sameAs":["https:\/\/www.facebook.com\/umlautrecords","https:\/\/www.instagram.com\/umlaut.records\/","https:\/\/www.linkedin.com\/in\/umlaut-records-label-0678b7a4\/","https:\/\/www.youtube.com\/user\/umsight"]}]}},"_links":{"self":[{"href":"https:\/\/www.umlautrecords.com\/fr\/wp-json\/wp\/v2\/product\/3790","targetHints":{"allow":["GET"]}}],"collection":[{"href":"https:\/\/www.umlautrecords.com\/fr\/wp-json\/wp\/v2\/product"}],"about":[{"href":"https:\/\/www.umlautrecords.com\/fr\/wp-json\/wp\/v2\/types\/product"}],"wp:featuredmedia":[{"embeddable":true,"href":"https:\/\/www.umlautrecords.com\/fr\/wp-json\/wp\/v2\/media\/3791"}],"wp:attachment":[{"href":"https:\/\/www.umlautrecords.com\/fr\/wp-json\/wp\/v2\/media?parent=3790"}],"wp:term":[{"taxonomy":"product_brand","embeddable":true,"href":"https:\/\/www.umlautrecords.com\/fr\/wp-json\/wp\/v2\/product_brand?post=3790"},{"taxonomy":"product_cat","embeddable":true,"href":"https:\/\/www.umlautrecords.com\/fr\/wp-json\/wp\/v2\/product_cat?post=3790"},{"taxonomy":"product_tag","embeddable":true,"href":"https:\/\/www.umlautrecords.com\/fr\/wp-json\/wp\/v2\/product_tag?post=3790"}],"curies":[{"name":"wp","href":"https:\/\/api.w.org\/{rel}","templated":true}]}}