{"id":335,"date":"2016-04-07T22:00:43","date_gmt":"2016-04-07T20:00:43","guid":{"rendered":"http:\/\/116.203.103.232\/umlaut\/?post_type=product&#038;p=335"},"modified":"2025-07-24T12:12:27","modified_gmt":"2025-07-24T10:12:27","slug":"nichts-fur-alle","status":"publish","type":"product","link":"https:\/\/www.umlautrecords.com\/fr\/produit\/nichts-fur-alle\/","title":{"rendered":"Nichts F\u00fcr Alle (CD)"},"content":{"rendered":"<p>Version num\u00e9rique disponible sur <a href=\"https:\/\/umlautrecords.bandcamp.com\/album\/nichts-f-r-alle\">Bandcamp<\/a>.<\/p>\n<p>\u201cLe CD \u00abNichts F\u00fcr Alle\u00bb par le Simon Rummel Ensemble contient de la musique que je consid\u00e8re comme distrayante et joyeuse. Ces compositions sont le r\u00e9sultat d\u2019un processus laissant toute la place \u00e0 l\u2019imagination et l\u2019exp\u00e9rimentation, auquel tous les membres de l\u2019ensemble ont particip\u00e9, gr\u00e2ce \u00e0 leurs esprits inventifs, et au cours de plusieurs ann\u00e9es.\u201d &#8211; Simon Rummel<\/p>\n<p>Cologne est une terre historique des musiques exp\u00e9rimentales, de la plus douteuse \u00e0 la plus l\u00e9gitime. C\u2019est encore le cas aujourd\u2019hui, avec notamment une sc\u00e8ne de jazz et de musiques improvis\u00e9es particuli\u00e8rement foisonnante. Simon Rummel en est assur\u00e9ment le repr\u00e9sentant le plus d\u00e9routant et le plus excitant, le plus futile et donc le plus utile, le plus absurde et donc le plus important.<\/p>\n<p>\u00ab\u00a0Soyons s\u00e9rieux, \u00e0 l\u2019heure grave o\u00f9 la plan\u00e8te enti\u00e8re tremble \u00e0 l\u2019id\u00e9e qu\u2019un homme aussi mal coiff\u00e9 que Donald Trump s\u2019empare de la pr\u00e9sidence des Etats-Unis, \u00e0 l\u2019heure sombre o\u00f9 le moustique zyka menace les plus-values immobili\u00e8res li\u00e9es \u00e0 la bonne tenue des Jeux Olympiques au Br\u00e9sil, est-il vraiment de bon ton d\u2019\u00e9crire du jazz en majeur et \u00e0 trois temps ?<br \/>\nEn toute impunit\u00e9, Simon Rummel ne s\u2019est pas content\u00e9 de cr\u00e9er cet orchestre \u00e0 l\u2019instrumentation qui aurait sans doute disconvenu \u00e0 Hector Berlioz, il a aussi mis les musiciens dans une situation o\u00f9 tout semble pouvoir advenir et o\u00f9 beaucoup de choses adviennent effectivement , o\u00f9 la musique est si l\u00e9g\u00e8re qu\u2019elle en devient volage, bifurquant \u00e0 tout moment et r\u00e9v\u00e9lant derri\u00e8re le virage un solo d\u2019\u00e9lectronique vocale low- fi, un tango d\u00e9guis\u00e9 en baluche, une improvisation bruitiste raffin\u00e9e, un public lyrique et exalt\u00e9 et, de loin en loin, quelque d\u00e9licieuse gracieuset\u00e9.\u00a0\u00bb &#8211; Joris R\u00fchl<\/p>\n","protected":false},"excerpt":{"rendered":"<p>Version num\u00e9rique disponible sur Bandcamp. \u201cLe CD \u00abNichts F\u00fcr Alle\u00bb par le Simon Rummel Ensemble contient de la musique que je consid\u00e8re comme&hellip;<\/p>\n","protected":false},"featured_media":696,"template":"","meta":{"_acf_changed":false},"product_brand":[],"product_cat":[29],"product_tag":[],"class_list":{"0":"post-335","1":"product","2":"type-product","3":"status-publish","4":"has-post-thumbnail","6":"product_cat-album","7":"product_shipping_class-cd","9":"first","10":"instock","11":"taxable","12":"shipping-taxable","13":"purchasable","14":"product-type-simple"},"acf":[],"yoast_head":"<!-- This site is optimized with the Yoast SEO plugin v27.0 - https:\/\/yoast.com\/product\/yoast-seo-wordpress\/ -->\n<title>Nichts F\u00fcr Alle (CD) - Umlaut records<\/title>\n<meta name=\"robots\" content=\"index, follow, max-snippet:-1, max-image-preview:large, max-video-preview:-1\" \/>\n<link rel=\"canonical\" href=\"https:\/\/www.umlautrecords.com\/fr\/produit\/nichts-fur-alle\/\" \/>\n<meta property=\"og:locale\" content=\"fr_FR\" \/>\n<meta property=\"og:type\" content=\"article\" \/>\n<meta property=\"og:title\" content=\"Nichts F\u00fcr Alle (CD) - Umlaut records\" \/>\n<meta property=\"og:description\" content=\"Version num\u00e9rique disponible sur Bandcamp. \u201cLe CD \u00abNichts F\u00fcr Alle\u00bb par le Simon Rummel Ensemble contient de la musique que je consid\u00e8re comme&hellip;\" \/>\n<meta property=\"og:url\" content=\"https:\/\/www.umlautrecords.com\/fr\/produit\/nichts-fur-alle\/\" \/>\n<meta property=\"og:site_name\" content=\"Umlaut records\" \/>\n<meta property=\"article:publisher\" content=\"https:\/\/www.facebook.com\/umlautrecords\" \/>\n<meta property=\"article:modified_time\" content=\"2025-07-24T10:12:27+00:00\" \/>\n<meta property=\"og:image\" content=\"https:\/\/www.umlautrecords.com\/wp-content\/uploads\/2020\/04\/nichts_fuer_alle_huelle.jpg\" \/>\n\t<meta property=\"og:image:width\" content=\"1047\" \/>\n\t<meta property=\"og:image:height\" content=\"1037\" \/>\n\t<meta property=\"og:image:type\" content=\"image\/jpeg\" \/>\n<meta name=\"twitter:card\" content=\"summary_large_image\" \/>\n<meta name=\"twitter:label1\" content=\"Dur\u00e9e de lecture estim\u00e9e\" \/>\n\t<meta name=\"twitter:data1\" content=\"2 minutes\" \/>\n<script type=\"application\/ld+json\" class=\"yoast-schema-graph\">{\"@context\":\"https:\/\/schema.org\",\"@graph\":[{\"@type\":\"WebPage\",\"@id\":\"https:\/\/www.umlautrecords.com\/fr\/produit\/nichts-fur-alle\/\",\"url\":\"https:\/\/www.umlautrecords.com\/fr\/produit\/nichts-fur-alle\/\",\"name\":\"Nichts F\u00fcr Alle (CD) - Umlaut records\",\"isPartOf\":{\"@id\":\"https:\/\/www.umlautrecords.com\/fr\/#website\"},\"primaryImageOfPage\":{\"@id\":\"https:\/\/www.umlautrecords.com\/fr\/produit\/nichts-fur-alle\/#primaryimage\"},\"image\":{\"@id\":\"https:\/\/www.umlautrecords.com\/fr\/produit\/nichts-fur-alle\/#primaryimage\"},\"thumbnailUrl\":\"https:\/\/www.umlautrecords.com\/wp-content\/uploads\/2020\/04\/nichts_fuer_alle_huelle.jpg\",\"datePublished\":\"2016-04-07T20:00:43+00:00\",\"dateModified\":\"2025-07-24T10:12:27+00:00\",\"breadcrumb\":{\"@id\":\"https:\/\/www.umlautrecords.com\/fr\/produit\/nichts-fur-alle\/#breadcrumb\"},\"inLanguage\":\"fr-FR\",\"potentialAction\":[{\"@type\":\"ReadAction\",\"target\":[\"https:\/\/www.umlautrecords.com\/fr\/produit\/nichts-fur-alle\/\"]}]},{\"@type\":\"ImageObject\",\"inLanguage\":\"fr-FR\",\"@id\":\"https:\/\/www.umlautrecords.com\/fr\/produit\/nichts-fur-alle\/#primaryimage\",\"url\":\"https:\/\/www.umlautrecords.com\/wp-content\/uploads\/2020\/04\/nichts_fuer_alle_huelle.jpg\",\"contentUrl\":\"https:\/\/www.umlautrecords.com\/wp-content\/uploads\/2020\/04\/nichts_fuer_alle_huelle.jpg\",\"width\":1047,\"height\":1037},{\"@type\":\"BreadcrumbList\",\"@id\":\"https:\/\/www.umlautrecords.com\/fr\/produit\/nichts-fur-alle\/#breadcrumb\",\"itemListElement\":[{\"@type\":\"ListItem\",\"position\":1,\"name\":\"Accueil\",\"item\":\"https:\/\/www.umlautrecords.com\/fr\/\"},{\"@type\":\"ListItem\",\"position\":2,\"name\":\"Catalogue\",\"item\":\"https:\/\/www.umlautrecords.com\/fr\/shop\/\"},{\"@type\":\"ListItem\",\"position\":3,\"name\":\"Nichts F\u00fcr Alle (CD)\"}]},{\"@type\":\"WebSite\",\"@id\":\"https:\/\/www.umlautrecords.com\/fr\/#website\",\"url\":\"https:\/\/www.umlautrecords.com\/fr\/\",\"name\":\"Umlaut records\",\"description\":\"transformation of sound\",\"publisher\":{\"@id\":\"https:\/\/www.umlautrecords.com\/fr\/#organization\"},\"potentialAction\":[{\"@type\":\"SearchAction\",\"target\":{\"@type\":\"EntryPoint\",\"urlTemplate\":\"https:\/\/www.umlautrecords.com\/fr\/?s={search_term_string}\"},\"query-input\":{\"@type\":\"PropertyValueSpecification\",\"valueRequired\":true,\"valueName\":\"search_term_string\"}}],\"inLanguage\":\"fr-FR\"},{\"@type\":\"Organization\",\"@id\":\"https:\/\/www.umlautrecords.com\/fr\/#organization\",\"name\":\"Umlaut records\",\"url\":\"https:\/\/www.umlautrecords.com\/fr\/\",\"logo\":{\"@type\":\"ImageObject\",\"inLanguage\":\"fr-FR\",\"@id\":\"https:\/\/www.umlautrecords.com\/fr\/#\/schema\/logo\/image\/\",\"url\":\"\",\"contentUrl\":\"\",\"caption\":\"Umlaut records\"},\"image\":{\"@id\":\"https:\/\/www.umlautrecords.com\/fr\/#\/schema\/logo\/image\/\"},\"sameAs\":[\"https:\/\/www.facebook.com\/umlautrecords\",\"https:\/\/www.instagram.com\/umlaut.records\/\",\"https:\/\/www.linkedin.com\/in\/umlaut-records-label-0678b7a4\/\",\"https:\/\/www.youtube.com\/user\/umsight\"]}]}<\/script>\n<!-- \/ Yoast SEO plugin. -->","yoast_head_json":{"title":"Nichts F\u00fcr Alle (CD) - Umlaut records","robots":{"index":"index","follow":"follow","max-snippet":"max-snippet:-1","max-image-preview":"max-image-preview:large","max-video-preview":"max-video-preview:-1"},"canonical":"https:\/\/www.umlautrecords.com\/fr\/produit\/nichts-fur-alle\/","og_locale":"fr_FR","og_type":"article","og_title":"Nichts F\u00fcr Alle (CD) - Umlaut records","og_description":"Version num\u00e9rique disponible sur Bandcamp. \u201cLe CD \u00abNichts F\u00fcr Alle\u00bb par le Simon Rummel Ensemble contient de la musique que je consid\u00e8re comme&hellip;","og_url":"https:\/\/www.umlautrecords.com\/fr\/produit\/nichts-fur-alle\/","og_site_name":"Umlaut records","article_publisher":"https:\/\/www.facebook.com\/umlautrecords","article_modified_time":"2025-07-24T10:12:27+00:00","og_image":[{"width":1047,"height":1037,"url":"https:\/\/www.umlautrecords.com\/wp-content\/uploads\/2020\/04\/nichts_fuer_alle_huelle.jpg","type":"image\/jpeg"}],"twitter_card":"summary_large_image","twitter_misc":{"Dur\u00e9e de lecture estim\u00e9e":"2 minutes"},"schema":{"@context":"https:\/\/schema.org","@graph":[{"@type":"WebPage","@id":"https:\/\/www.umlautrecords.com\/fr\/produit\/nichts-fur-alle\/","url":"https:\/\/www.umlautrecords.com\/fr\/produit\/nichts-fur-alle\/","name":"Nichts F\u00fcr Alle (CD) - Umlaut records","isPartOf":{"@id":"https:\/\/www.umlautrecords.com\/fr\/#website"},"primaryImageOfPage":{"@id":"https:\/\/www.umlautrecords.com\/fr\/produit\/nichts-fur-alle\/#primaryimage"},"image":{"@id":"https:\/\/www.umlautrecords.com\/fr\/produit\/nichts-fur-alle\/#primaryimage"},"thumbnailUrl":"https:\/\/www.umlautrecords.com\/wp-content\/uploads\/2020\/04\/nichts_fuer_alle_huelle.jpg","datePublished":"2016-04-07T20:00:43+00:00","dateModified":"2025-07-24T10:12:27+00:00","breadcrumb":{"@id":"https:\/\/www.umlautrecords.com\/fr\/produit\/nichts-fur-alle\/#breadcrumb"},"inLanguage":"fr-FR","potentialAction":[{"@type":"ReadAction","target":["https:\/\/www.umlautrecords.com\/fr\/produit\/nichts-fur-alle\/"]}]},{"@type":"ImageObject","inLanguage":"fr-FR","@id":"https:\/\/www.umlautrecords.com\/fr\/produit\/nichts-fur-alle\/#primaryimage","url":"https:\/\/www.umlautrecords.com\/wp-content\/uploads\/2020\/04\/nichts_fuer_alle_huelle.jpg","contentUrl":"https:\/\/www.umlautrecords.com\/wp-content\/uploads\/2020\/04\/nichts_fuer_alle_huelle.jpg","width":1047,"height":1037},{"@type":"BreadcrumbList","@id":"https:\/\/www.umlautrecords.com\/fr\/produit\/nichts-fur-alle\/#breadcrumb","itemListElement":[{"@type":"ListItem","position":1,"name":"Accueil","item":"https:\/\/www.umlautrecords.com\/fr\/"},{"@type":"ListItem","position":2,"name":"Catalogue","item":"https:\/\/www.umlautrecords.com\/fr\/shop\/"},{"@type":"ListItem","position":3,"name":"Nichts F\u00fcr Alle (CD)"}]},{"@type":"WebSite","@id":"https:\/\/www.umlautrecords.com\/fr\/#website","url":"https:\/\/www.umlautrecords.com\/fr\/","name":"Umlaut records","description":"transformation of sound","publisher":{"@id":"https:\/\/www.umlautrecords.com\/fr\/#organization"},"potentialAction":[{"@type":"SearchAction","target":{"@type":"EntryPoint","urlTemplate":"https:\/\/www.umlautrecords.com\/fr\/?s={search_term_string}"},"query-input":{"@type":"PropertyValueSpecification","valueRequired":true,"valueName":"search_term_string"}}],"inLanguage":"fr-FR"},{"@type":"Organization","@id":"https:\/\/www.umlautrecords.com\/fr\/#organization","name":"Umlaut records","url":"https:\/\/www.umlautrecords.com\/fr\/","logo":{"@type":"ImageObject","inLanguage":"fr-FR","@id":"https:\/\/www.umlautrecords.com\/fr\/#\/schema\/logo\/image\/","url":"","contentUrl":"","caption":"Umlaut records"},"image":{"@id":"https:\/\/www.umlautrecords.com\/fr\/#\/schema\/logo\/image\/"},"sameAs":["https:\/\/www.facebook.com\/umlautrecords","https:\/\/www.instagram.com\/umlaut.records\/","https:\/\/www.linkedin.com\/in\/umlaut-records-label-0678b7a4\/","https:\/\/www.youtube.com\/user\/umsight"]}]}},"_links":{"self":[{"href":"https:\/\/www.umlautrecords.com\/fr\/wp-json\/wp\/v2\/product\/335","targetHints":{"allow":["GET"]}}],"collection":[{"href":"https:\/\/www.umlautrecords.com\/fr\/wp-json\/wp\/v2\/product"}],"about":[{"href":"https:\/\/www.umlautrecords.com\/fr\/wp-json\/wp\/v2\/types\/product"}],"wp:featuredmedia":[{"embeddable":true,"href":"https:\/\/www.umlautrecords.com\/fr\/wp-json\/wp\/v2\/media\/696"}],"wp:attachment":[{"href":"https:\/\/www.umlautrecords.com\/fr\/wp-json\/wp\/v2\/media?parent=335"}],"wp:term":[{"taxonomy":"product_brand","embeddable":true,"href":"https:\/\/www.umlautrecords.com\/fr\/wp-json\/wp\/v2\/product_brand?post=335"},{"taxonomy":"product_cat","embeddable":true,"href":"https:\/\/www.umlautrecords.com\/fr\/wp-json\/wp\/v2\/product_cat?post=335"},{"taxonomy":"product_tag","embeddable":true,"href":"https:\/\/www.umlautrecords.com\/fr\/wp-json\/wp\/v2\/product_tag?post=335"}],"curies":[{"name":"wp","href":"https:\/\/api.w.org\/{rel}","templated":true}]}}