{"id":2789,"date":"2021-06-02T13:13:50","date_gmt":"2021-06-02T11:13:50","guid":{"rendered":"https:\/\/www.umlautrecords.com\/?post_type=product&#038;p=2789"},"modified":"2024-07-30T17:27:46","modified_gmt":"2024-07-30T15:27:46","slug":"superklang-umlaut-records","status":"publish","type":"product","link":"https:\/\/www.umlautrecords.com\/fr\/produit\/superklang-umlaut-records\/","title":{"rendered":"Superklang (CD)"},"content":{"rendered":"<p>Version num\u00e9rique disponible sur\u00a0<a href=\"https:\/\/umlautrecords.bandcamp.com\/album\/superklang\">Bandcamp<\/a>.<\/p>\n<p class=\"p1\">&#8230;Alors tous deux s&rsquo;arr\u00eat\u00e8rent sur le bord de la route&#8230;<span class=\"Apple-converted-space\">\u00a0<\/span><\/p>\n<p class=\"p1\">Tout en \u00e9poussetant leurs manteaux pour faire tomber la poussi\u00e8re du chemin, ils regardaient en arri\u00e8re vers les prairies fertiles dont ils avaient cueilli les fleurs. Quinze ans d\u00e9j\u00e0 \u00e0 jouer ensemble\u00a0! Sylvain Lem\u00eatre et Fr\u00e9d\u00e9ric Aurier, form\u00e9s \u00e0 l&rsquo;\u00e9cole classique, acquis \u00e0 la cause contemporaine, curieux des musiques du monde entier, Fred et Sylvain voulurent \u00e9crire la partition qui leur ressemblerait. Interpr\u00e8tes, compositeurs et improvisateurs, ils rassembl\u00e8rent les semences qu&rsquo;ils avaient patiemment engrang\u00e9es\u00a0: th\u00e9\u00e2tre musical et pop \u00e9lectro, bourr\u00e9es \u00e0 cinq ou sept temps, Ligeti et Machaut, ce qui est en bas comme ce qui est en haut&#8230; Ils empoign\u00e8rent le zarb et le violon, le nyckelharpa,<span class=\"Apple-converted-space\">\u00a0 <\/span>le tambour sur cadre et les bols tib\u00e9tains, ils trouv\u00e8rent aussi sur le talus une tige filet\u00e9e et un pendule de Newton\u00a0: SuperKlang \u00e9tait n\u00e9\u00a0!<\/p>\n<p class=\"p1\">Ils tourn\u00e8rent ensuite le regard vers l&rsquo;avant&#8230; l&rsquo;horizon \u00e9tait loin&#8230; ils se remirent en route\u00a0!<\/p>\n","protected":false},"excerpt":{"rendered":"<p>Version num\u00e9rique disponible sur\u00a0Bandcamp. &#8230;Alors tous deux s&rsquo;arr\u00eat\u00e8rent sur le bord de la route&#8230;\u00a0 Tout en \u00e9poussetant leurs manteaux pour faire tomber la&hellip;<\/p>\n","protected":false},"featured_media":2790,"template":"","meta":{"_acf_changed":false},"product_brand":[],"product_cat":[29],"product_tag":[],"class_list":{"0":"post-2789","1":"product","2":"type-product","3":"status-publish","4":"has-post-thumbnail","6":"product_cat-album","7":"product_shipping_class-cd","9":"first","10":"instock","11":"taxable","12":"shipping-taxable","13":"purchasable","14":"product-type-simple"},"acf":[],"yoast_head":"<!-- This site is optimized with the Yoast SEO plugin v27.0 - https:\/\/yoast.com\/product\/yoast-seo-wordpress\/ -->\n<title>Umlaut Records : Superklang - Sylvain Lem\u00eatre &amp; Fr\u00e9d\u00e9ric Aurier<\/title>\n<meta name=\"description\" content=\"Le nouveau disque &quot;Superklang&quot; du duo de Fr\u00e9d\u00e9ric Aurier (violon, nyckelharpa, voix) et Sylvail Lem\u00eatre (percussions, zarb, voix)\" \/>\n<meta name=\"robots\" content=\"index, follow, max-snippet:-1, max-image-preview:large, max-video-preview:-1\" \/>\n<link rel=\"canonical\" href=\"https:\/\/www.umlautrecords.com\/fr\/produit\/superklang-umlaut-records\/\" \/>\n<meta property=\"og:locale\" content=\"fr_FR\" \/>\n<meta property=\"og:type\" content=\"article\" \/>\n<meta property=\"og:title\" content=\"Umlaut Records : Superklang - Sylvain Lem\u00eatre &amp; Fr\u00e9d\u00e9ric Aurier\" \/>\n<meta property=\"og:description\" content=\"Le nouveau disque &quot;Superklang&quot; du duo de Fr\u00e9d\u00e9ric Aurier (violon, nyckelharpa, voix) et Sylvail Lem\u00eatre (percussions, zarb, voix)\" \/>\n<meta property=\"og:url\" content=\"https:\/\/www.umlautrecords.com\/fr\/produit\/superklang-umlaut-records\/\" \/>\n<meta property=\"og:site_name\" content=\"Umlaut records\" \/>\n<meta property=\"article:publisher\" content=\"https:\/\/www.facebook.com\/umlautrecords\" \/>\n<meta property=\"article:modified_time\" content=\"2024-07-30T15:27:46+00:00\" \/>\n<meta property=\"og:image\" content=\"https:\/\/www.umlautrecords.com\/wp-content\/uploads\/2021\/06\/umlaut-superklang-superklang-pochette-web.png\" \/>\n\t<meta property=\"og:image:width\" content=\"1010\" \/>\n\t<meta property=\"og:image:height\" content=\"1010\" \/>\n\t<meta property=\"og:image:type\" content=\"image\/png\" \/>\n<meta name=\"twitter:card\" content=\"summary_large_image\" \/>\n<meta name=\"twitter:label1\" content=\"Dur\u00e9e de lecture estim\u00e9e\" \/>\n\t<meta name=\"twitter:data1\" content=\"1 minute\" \/>\n<script type=\"application\/ld+json\" class=\"yoast-schema-graph\">{\"@context\":\"https:\/\/schema.org\",\"@graph\":[{\"@type\":\"WebPage\",\"@id\":\"https:\/\/www.umlautrecords.com\/fr\/produit\/superklang-umlaut-records\/\",\"url\":\"https:\/\/www.umlautrecords.com\/fr\/produit\/superklang-umlaut-records\/\",\"name\":\"Umlaut Records : Superklang - Sylvain Lem\u00eatre & Fr\u00e9d\u00e9ric Aurier\",\"isPartOf\":{\"@id\":\"https:\/\/www.umlautrecords.com\/fr\/#website\"},\"primaryImageOfPage\":{\"@id\":\"https:\/\/www.umlautrecords.com\/fr\/produit\/superklang-umlaut-records\/#primaryimage\"},\"image\":{\"@id\":\"https:\/\/www.umlautrecords.com\/fr\/produit\/superklang-umlaut-records\/#primaryimage\"},\"thumbnailUrl\":\"https:\/\/www.umlautrecords.com\/wp-content\/uploads\/2021\/06\/umlaut-superklang-superklang-pochette-web.png\",\"datePublished\":\"2021-06-02T11:13:50+00:00\",\"dateModified\":\"2024-07-30T15:27:46+00:00\",\"description\":\"Le nouveau disque \\\"Superklang\\\" du duo de Fr\u00e9d\u00e9ric Aurier (violon, nyckelharpa, voix) et Sylvail Lem\u00eatre (percussions, zarb, voix)\",\"breadcrumb\":{\"@id\":\"https:\/\/www.umlautrecords.com\/fr\/produit\/superklang-umlaut-records\/#breadcrumb\"},\"inLanguage\":\"fr-FR\",\"potentialAction\":[{\"@type\":\"ReadAction\",\"target\":[\"https:\/\/www.umlautrecords.com\/fr\/produit\/superklang-umlaut-records\/\"]}]},{\"@type\":\"ImageObject\",\"inLanguage\":\"fr-FR\",\"@id\":\"https:\/\/www.umlautrecords.com\/fr\/produit\/superklang-umlaut-records\/#primaryimage\",\"url\":\"https:\/\/www.umlautrecords.com\/wp-content\/uploads\/2021\/06\/umlaut-superklang-superklang-pochette-web.png\",\"contentUrl\":\"https:\/\/www.umlautrecords.com\/wp-content\/uploads\/2021\/06\/umlaut-superklang-superklang-pochette-web.png\",\"width\":1010,\"height\":1010,\"caption\":\"Superklang\"},{\"@type\":\"BreadcrumbList\",\"@id\":\"https:\/\/www.umlautrecords.com\/fr\/produit\/superklang-umlaut-records\/#breadcrumb\",\"itemListElement\":[{\"@type\":\"ListItem\",\"position\":1,\"name\":\"Accueil\",\"item\":\"https:\/\/www.umlautrecords.com\/fr\/\"},{\"@type\":\"ListItem\",\"position\":2,\"name\":\"Catalogue\",\"item\":\"https:\/\/www.umlautrecords.com\/fr\/shop\/\"},{\"@type\":\"ListItem\",\"position\":3,\"name\":\"Superklang (CD)\"}]},{\"@type\":\"WebSite\",\"@id\":\"https:\/\/www.umlautrecords.com\/fr\/#website\",\"url\":\"https:\/\/www.umlautrecords.com\/fr\/\",\"name\":\"Umlaut records\",\"description\":\"transformation of sound\",\"publisher\":{\"@id\":\"https:\/\/www.umlautrecords.com\/fr\/#organization\"},\"potentialAction\":[{\"@type\":\"SearchAction\",\"target\":{\"@type\":\"EntryPoint\",\"urlTemplate\":\"https:\/\/www.umlautrecords.com\/fr\/?s={search_term_string}\"},\"query-input\":{\"@type\":\"PropertyValueSpecification\",\"valueRequired\":true,\"valueName\":\"search_term_string\"}}],\"inLanguage\":\"fr-FR\"},{\"@type\":\"Organization\",\"@id\":\"https:\/\/www.umlautrecords.com\/fr\/#organization\",\"name\":\"Umlaut records\",\"url\":\"https:\/\/www.umlautrecords.com\/fr\/\",\"logo\":{\"@type\":\"ImageObject\",\"inLanguage\":\"fr-FR\",\"@id\":\"https:\/\/www.umlautrecords.com\/fr\/#\/schema\/logo\/image\/\",\"url\":\"\",\"contentUrl\":\"\",\"caption\":\"Umlaut records\"},\"image\":{\"@id\":\"https:\/\/www.umlautrecords.com\/fr\/#\/schema\/logo\/image\/\"},\"sameAs\":[\"https:\/\/www.facebook.com\/umlautrecords\",\"https:\/\/www.instagram.com\/umlaut.records\/\",\"https:\/\/www.linkedin.com\/in\/umlaut-records-label-0678b7a4\/\",\"https:\/\/www.youtube.com\/user\/umsight\"]}]}<\/script>\n<!-- \/ Yoast SEO plugin. -->","yoast_head_json":{"title":"Umlaut Records : Superklang - Sylvain Lem\u00eatre & Fr\u00e9d\u00e9ric Aurier","description":"Le nouveau disque \"Superklang\" du duo de Fr\u00e9d\u00e9ric Aurier (violon, nyckelharpa, voix) et Sylvail Lem\u00eatre (percussions, zarb, voix)","robots":{"index":"index","follow":"follow","max-snippet":"max-snippet:-1","max-image-preview":"max-image-preview:large","max-video-preview":"max-video-preview:-1"},"canonical":"https:\/\/www.umlautrecords.com\/fr\/produit\/superklang-umlaut-records\/","og_locale":"fr_FR","og_type":"article","og_title":"Umlaut Records : Superklang - Sylvain Lem\u00eatre & Fr\u00e9d\u00e9ric Aurier","og_description":"Le nouveau disque \"Superklang\" du duo de Fr\u00e9d\u00e9ric Aurier (violon, nyckelharpa, voix) et Sylvail Lem\u00eatre (percussions, zarb, voix)","og_url":"https:\/\/www.umlautrecords.com\/fr\/produit\/superklang-umlaut-records\/","og_site_name":"Umlaut records","article_publisher":"https:\/\/www.facebook.com\/umlautrecords","article_modified_time":"2024-07-30T15:27:46+00:00","og_image":[{"width":1010,"height":1010,"url":"https:\/\/www.umlautrecords.com\/wp-content\/uploads\/2021\/06\/umlaut-superklang-superklang-pochette-web.png","type":"image\/png"}],"twitter_card":"summary_large_image","twitter_misc":{"Dur\u00e9e de lecture estim\u00e9e":"1 minute"},"schema":{"@context":"https:\/\/schema.org","@graph":[{"@type":"WebPage","@id":"https:\/\/www.umlautrecords.com\/fr\/produit\/superklang-umlaut-records\/","url":"https:\/\/www.umlautrecords.com\/fr\/produit\/superklang-umlaut-records\/","name":"Umlaut Records : Superklang - Sylvain Lem\u00eatre & Fr\u00e9d\u00e9ric Aurier","isPartOf":{"@id":"https:\/\/www.umlautrecords.com\/fr\/#website"},"primaryImageOfPage":{"@id":"https:\/\/www.umlautrecords.com\/fr\/produit\/superklang-umlaut-records\/#primaryimage"},"image":{"@id":"https:\/\/www.umlautrecords.com\/fr\/produit\/superklang-umlaut-records\/#primaryimage"},"thumbnailUrl":"https:\/\/www.umlautrecords.com\/wp-content\/uploads\/2021\/06\/umlaut-superklang-superklang-pochette-web.png","datePublished":"2021-06-02T11:13:50+00:00","dateModified":"2024-07-30T15:27:46+00:00","description":"Le nouveau disque \"Superklang\" du duo de Fr\u00e9d\u00e9ric Aurier (violon, nyckelharpa, voix) et Sylvail Lem\u00eatre (percussions, zarb, voix)","breadcrumb":{"@id":"https:\/\/www.umlautrecords.com\/fr\/produit\/superklang-umlaut-records\/#breadcrumb"},"inLanguage":"fr-FR","potentialAction":[{"@type":"ReadAction","target":["https:\/\/www.umlautrecords.com\/fr\/produit\/superklang-umlaut-records\/"]}]},{"@type":"ImageObject","inLanguage":"fr-FR","@id":"https:\/\/www.umlautrecords.com\/fr\/produit\/superklang-umlaut-records\/#primaryimage","url":"https:\/\/www.umlautrecords.com\/wp-content\/uploads\/2021\/06\/umlaut-superklang-superklang-pochette-web.png","contentUrl":"https:\/\/www.umlautrecords.com\/wp-content\/uploads\/2021\/06\/umlaut-superklang-superklang-pochette-web.png","width":1010,"height":1010,"caption":"Superklang"},{"@type":"BreadcrumbList","@id":"https:\/\/www.umlautrecords.com\/fr\/produit\/superklang-umlaut-records\/#breadcrumb","itemListElement":[{"@type":"ListItem","position":1,"name":"Accueil","item":"https:\/\/www.umlautrecords.com\/fr\/"},{"@type":"ListItem","position":2,"name":"Catalogue","item":"https:\/\/www.umlautrecords.com\/fr\/shop\/"},{"@type":"ListItem","position":3,"name":"Superklang (CD)"}]},{"@type":"WebSite","@id":"https:\/\/www.umlautrecords.com\/fr\/#website","url":"https:\/\/www.umlautrecords.com\/fr\/","name":"Umlaut records","description":"transformation of sound","publisher":{"@id":"https:\/\/www.umlautrecords.com\/fr\/#organization"},"potentialAction":[{"@type":"SearchAction","target":{"@type":"EntryPoint","urlTemplate":"https:\/\/www.umlautrecords.com\/fr\/?s={search_term_string}"},"query-input":{"@type":"PropertyValueSpecification","valueRequired":true,"valueName":"search_term_string"}}],"inLanguage":"fr-FR"},{"@type":"Organization","@id":"https:\/\/www.umlautrecords.com\/fr\/#organization","name":"Umlaut records","url":"https:\/\/www.umlautrecords.com\/fr\/","logo":{"@type":"ImageObject","inLanguage":"fr-FR","@id":"https:\/\/www.umlautrecords.com\/fr\/#\/schema\/logo\/image\/","url":"","contentUrl":"","caption":"Umlaut records"},"image":{"@id":"https:\/\/www.umlautrecords.com\/fr\/#\/schema\/logo\/image\/"},"sameAs":["https:\/\/www.facebook.com\/umlautrecords","https:\/\/www.instagram.com\/umlaut.records\/","https:\/\/www.linkedin.com\/in\/umlaut-records-label-0678b7a4\/","https:\/\/www.youtube.com\/user\/umsight"]}]}},"_links":{"self":[{"href":"https:\/\/www.umlautrecords.com\/fr\/wp-json\/wp\/v2\/product\/2789","targetHints":{"allow":["GET"]}}],"collection":[{"href":"https:\/\/www.umlautrecords.com\/fr\/wp-json\/wp\/v2\/product"}],"about":[{"href":"https:\/\/www.umlautrecords.com\/fr\/wp-json\/wp\/v2\/types\/product"}],"wp:featuredmedia":[{"embeddable":true,"href":"https:\/\/www.umlautrecords.com\/fr\/wp-json\/wp\/v2\/media\/2790"}],"wp:attachment":[{"href":"https:\/\/www.umlautrecords.com\/fr\/wp-json\/wp\/v2\/media?parent=2789"}],"wp:term":[{"taxonomy":"product_brand","embeddable":true,"href":"https:\/\/www.umlautrecords.com\/fr\/wp-json\/wp\/v2\/product_brand?post=2789"},{"taxonomy":"product_cat","embeddable":true,"href":"https:\/\/www.umlautrecords.com\/fr\/wp-json\/wp\/v2\/product_cat?post=2789"},{"taxonomy":"product_tag","embeddable":true,"href":"https:\/\/www.umlautrecords.com\/fr\/wp-json\/wp\/v2\/product_tag?post=2789"}],"curies":[{"name":"wp","href":"https:\/\/api.w.org\/{rel}","templated":true}]}}