{"id":2772,"date":"2021-05-10T16:40:47","date_gmt":"2021-05-10T14:40:47","guid":{"rendered":"https:\/\/www.umlautrecords.com\/?post_type=product&#038;p=2772"},"modified":"2024-06-27T10:44:59","modified_gmt":"2024-06-27T08:44:59","slug":"japanese-flower-umlaut-records","status":"publish","type":"product","link":"https:\/\/www.umlautrecords.com\/fr\/produit\/japanese-flower-umlaut-records\/","title":{"rendered":"Japanese Flower (LP)"},"content":{"rendered":"<p class=\"p1\">Pour faire suite \u00e0 leur album <i>Nature in its inscrutability strikes back<\/i> (Umlaut Records 2015), l\u2019inclassable trio europ\u00e9en [ISM] publie deux nouveaux enregistrements capt\u00e9s lors d\u2019une session studio \u00e0 Tokyo en novembre 2018. Le premier volet intitul\u00e9 <i>Metaphor<\/i> est sorti sur CD au printemps 2019 tandis que le second volet \u2013 le LP <i>Japanese Flower<\/i> \u2013 sera disponible en juin 2021.<\/p>\n<p class=\"p1\">Dans ce dense et aventureux diptyque, la section rythmique du groupe [Ahmed] expose et propulse une musique peupl\u00e9e de fictions sonores qui pulv\u00e9risent les habitudes d\u2019\u00e9coute propres au format du trio jazz. Tant\u00f4t polyphonique, m\u00e9ditative, puls\u00e9e et r\u00e9p\u00e9titive, abstraite ou hypnotique, la musique de [ISM] se veut brute, directe, labyrinthique, mais toujours ancr\u00e9e dans une mati\u00e8re sonore imm\u00e9diate \u2014 constitu\u00e9e de ruptures abruptes et de continuit\u00e9s renouvel\u00e9es. \u00c0 l\u2019image des compositions florales de l\u2019artiste d\u2019ikebana Junichi Kakizaki, cette musique s\u2019\u00e9coute \u00ab comme une fleur \u00bb et d\u00e9voile pas \u00e0 pas une secr\u00e8te unit\u00e9 o\u00f9 le travail de l\u2019improvisation intensifie chacun de ses moments.<\/p>\n<p class=\"p1\">[ISM] est un nom \u00e9crit \u00e0 l\u2019encre. Une course \u00e0 travers la musique cr\u00e9ative europ\u00e9enne. Un aller-retour, Berlin \u2013 Oxford, via Paris. [ISM] est constitu\u00e9 de Pat, Joel et Antonin dans un silence en pointill\u00e9s sans nom v\u00e9ritable. Sur le plan acoustique, le trio cr\u00e9e des formes abstraites proches de la musique contemporaine \u00e9crite, mais avec des sons rappelant les anciens trios de jazz traditionnels. Le groove qui appara\u00eet dans cette musique est dense, extr\u00eame mais toujours d\u00e9tendu. Pour une musique sous haute tension. En arabe, <span class=\"s1\">\u0627\u0633\u0645<\/span> [ISM] est un moyen de connecter diff\u00e9rents mondes culturels et imaginaires. <span class=\"s1\">\u0627\u0633\u0645<\/span> [ISM] est un mot qui veut dire <i>Le Nom<\/i>.<\/p>\n<p>Sortie pr\u00e9vue le 30 juin 2021. Vous pouvez d\u00e8s maintenant commander le LP en pr\u00e9-vente sur <a href=\"https:\/\/umlautrecords.bandcamp.com\/album\/japanese-flower\">notre Bandcamp<\/a>.<\/p>\n","protected":false},"excerpt":{"rendered":"<p>Pour faire suite \u00e0 leur album Nature in its inscrutability strikes back (Umlaut Records 2015), l\u2019inclassable trio europ\u00e9en [ISM] publie deux nouveaux enregistrements&hellip;<\/p>\n","protected":false},"featured_media":2773,"template":"","meta":{"_acf_changed":false},"product_brand":[],"product_cat":[29],"product_tag":[],"class_list":{"0":"post-2772","1":"product","2":"type-product","3":"status-publish","4":"has-post-thumbnail","6":"product_cat-album","7":"product_shipping_class-vinyle","9":"first","10":"outofstock","11":"taxable","12":"shipping-taxable","13":"purchasable","14":"product-type-simple"},"acf":[],"yoast_head":"<!-- This site is optimized with the Yoast SEO plugin v27.0 - https:\/\/yoast.com\/product\/yoast-seo-wordpress\/ -->\n<title>Umlaut Records : Japanese Flower - [ISM]<\/title>\n<meta name=\"description\" content=\"Un trio inclassable compos\u00e9 de Pat Thomas, Joel Grip et Antonin Gerbal. [ISM] est un nom \u00e9crit \u00e0 l\u2019encre qui veut dire &quot;le nom&quot;.\" \/>\n<meta name=\"robots\" content=\"index, follow, max-snippet:-1, max-image-preview:large, max-video-preview:-1\" \/>\n<link rel=\"canonical\" href=\"https:\/\/www.umlautrecords.com\/fr\/produit\/japanese-flower-umlaut-records\/\" \/>\n<meta property=\"og:locale\" content=\"fr_FR\" \/>\n<meta property=\"og:type\" content=\"article\" \/>\n<meta property=\"og:title\" content=\"Umlaut Records : Japanese Flower - [ISM]\" \/>\n<meta property=\"og:description\" content=\"Un trio inclassable compos\u00e9 de Pat Thomas, Joel Grip et Antonin Gerbal. [ISM] est un nom \u00e9crit \u00e0 l\u2019encre qui veut dire &quot;le nom&quot;.\" \/>\n<meta property=\"og:url\" content=\"https:\/\/www.umlautrecords.com\/fr\/produit\/japanese-flower-umlaut-records\/\" \/>\n<meta property=\"og:site_name\" content=\"Umlaut records\" \/>\n<meta property=\"article:publisher\" content=\"https:\/\/www.facebook.com\/umlautrecords\" \/>\n<meta property=\"article:modified_time\" content=\"2024-06-27T08:44:59+00:00\" \/>\n<meta property=\"og:image\" content=\"https:\/\/www.umlautrecords.com\/wp-content\/uploads\/2021\/05\/umlaut-japanese-flower-japanese-flowers-cover.png\" \/>\n\t<meta property=\"og:image:width\" content=\"1526\" \/>\n\t<meta property=\"og:image:height\" content=\"1526\" \/>\n\t<meta property=\"og:image:type\" content=\"image\/png\" \/>\n<meta name=\"twitter:card\" content=\"summary_large_image\" \/>\n<meta name=\"twitter:label1\" content=\"Dur\u00e9e de lecture estim\u00e9e\" \/>\n\t<meta name=\"twitter:data1\" content=\"2 minutes\" \/>\n<script type=\"application\/ld+json\" class=\"yoast-schema-graph\">{\"@context\":\"https:\/\/schema.org\",\"@graph\":[{\"@type\":\"WebPage\",\"@id\":\"https:\/\/www.umlautrecords.com\/fr\/produit\/japanese-flower-umlaut-records\/\",\"url\":\"https:\/\/www.umlautrecords.com\/fr\/produit\/japanese-flower-umlaut-records\/\",\"name\":\"Umlaut Records : Japanese Flower - [ISM]\",\"isPartOf\":{\"@id\":\"https:\/\/www.umlautrecords.com\/fr\/#website\"},\"primaryImageOfPage\":{\"@id\":\"https:\/\/www.umlautrecords.com\/fr\/produit\/japanese-flower-umlaut-records\/#primaryimage\"},\"image\":{\"@id\":\"https:\/\/www.umlautrecords.com\/fr\/produit\/japanese-flower-umlaut-records\/#primaryimage\"},\"thumbnailUrl\":\"https:\/\/www.umlautrecords.com\/wp-content\/uploads\/2021\/05\/umlaut-japanese-flower-japanese-flowers-cover.png\",\"datePublished\":\"2021-05-10T14:40:47+00:00\",\"dateModified\":\"2024-06-27T08:44:59+00:00\",\"description\":\"Un trio inclassable compos\u00e9 de Pat Thomas, Joel Grip et Antonin Gerbal. [ISM] est un nom \u00e9crit \u00e0 l\u2019encre qui veut dire \\\"le nom\\\".\",\"breadcrumb\":{\"@id\":\"https:\/\/www.umlautrecords.com\/fr\/produit\/japanese-flower-umlaut-records\/#breadcrumb\"},\"inLanguage\":\"fr-FR\",\"potentialAction\":[{\"@type\":\"ReadAction\",\"target\":[\"https:\/\/www.umlautrecords.com\/fr\/produit\/japanese-flower-umlaut-records\/\"]}]},{\"@type\":\"ImageObject\",\"inLanguage\":\"fr-FR\",\"@id\":\"https:\/\/www.umlautrecords.com\/fr\/produit\/japanese-flower-umlaut-records\/#primaryimage\",\"url\":\"https:\/\/www.umlautrecords.com\/wp-content\/uploads\/2021\/05\/umlaut-japanese-flower-japanese-flowers-cover.png\",\"contentUrl\":\"https:\/\/www.umlautrecords.com\/wp-content\/uploads\/2021\/05\/umlaut-japanese-flower-japanese-flowers-cover.png\",\"width\":1526,\"height\":1526,\"caption\":\"Japanese Flower\"},{\"@type\":\"BreadcrumbList\",\"@id\":\"https:\/\/www.umlautrecords.com\/fr\/produit\/japanese-flower-umlaut-records\/#breadcrumb\",\"itemListElement\":[{\"@type\":\"ListItem\",\"position\":1,\"name\":\"Accueil\",\"item\":\"https:\/\/www.umlautrecords.com\/fr\/\"},{\"@type\":\"ListItem\",\"position\":2,\"name\":\"Catalogue\",\"item\":\"https:\/\/www.umlautrecords.com\/fr\/shop\/\"},{\"@type\":\"ListItem\",\"position\":3,\"name\":\"Japanese Flower (LP)\"}]},{\"@type\":\"WebSite\",\"@id\":\"https:\/\/www.umlautrecords.com\/fr\/#website\",\"url\":\"https:\/\/www.umlautrecords.com\/fr\/\",\"name\":\"Umlaut records\",\"description\":\"transformation of sound\",\"publisher\":{\"@id\":\"https:\/\/www.umlautrecords.com\/fr\/#organization\"},\"potentialAction\":[{\"@type\":\"SearchAction\",\"target\":{\"@type\":\"EntryPoint\",\"urlTemplate\":\"https:\/\/www.umlautrecords.com\/fr\/?s={search_term_string}\"},\"query-input\":{\"@type\":\"PropertyValueSpecification\",\"valueRequired\":true,\"valueName\":\"search_term_string\"}}],\"inLanguage\":\"fr-FR\"},{\"@type\":\"Organization\",\"@id\":\"https:\/\/www.umlautrecords.com\/fr\/#organization\",\"name\":\"Umlaut records\",\"url\":\"https:\/\/www.umlautrecords.com\/fr\/\",\"logo\":{\"@type\":\"ImageObject\",\"inLanguage\":\"fr-FR\",\"@id\":\"https:\/\/www.umlautrecords.com\/fr\/#\/schema\/logo\/image\/\",\"url\":\"\",\"contentUrl\":\"\",\"caption\":\"Umlaut records\"},\"image\":{\"@id\":\"https:\/\/www.umlautrecords.com\/fr\/#\/schema\/logo\/image\/\"},\"sameAs\":[\"https:\/\/www.facebook.com\/umlautrecords\",\"https:\/\/www.instagram.com\/umlaut.records\/\",\"https:\/\/www.linkedin.com\/in\/umlaut-records-label-0678b7a4\/\",\"https:\/\/www.youtube.com\/user\/umsight\"]}]}<\/script>\n<!-- \/ Yoast SEO plugin. -->","yoast_head_json":{"title":"Umlaut Records : Japanese Flower - [ISM]","description":"Un trio inclassable compos\u00e9 de Pat Thomas, Joel Grip et Antonin Gerbal. [ISM] est un nom \u00e9crit \u00e0 l\u2019encre qui veut dire \"le nom\".","robots":{"index":"index","follow":"follow","max-snippet":"max-snippet:-1","max-image-preview":"max-image-preview:large","max-video-preview":"max-video-preview:-1"},"canonical":"https:\/\/www.umlautrecords.com\/fr\/produit\/japanese-flower-umlaut-records\/","og_locale":"fr_FR","og_type":"article","og_title":"Umlaut Records : Japanese Flower - [ISM]","og_description":"Un trio inclassable compos\u00e9 de Pat Thomas, Joel Grip et Antonin Gerbal. [ISM] est un nom \u00e9crit \u00e0 l\u2019encre qui veut dire \"le nom\".","og_url":"https:\/\/www.umlautrecords.com\/fr\/produit\/japanese-flower-umlaut-records\/","og_site_name":"Umlaut records","article_publisher":"https:\/\/www.facebook.com\/umlautrecords","article_modified_time":"2024-06-27T08:44:59+00:00","og_image":[{"width":1526,"height":1526,"url":"https:\/\/www.umlautrecords.com\/wp-content\/uploads\/2021\/05\/umlaut-japanese-flower-japanese-flowers-cover.png","type":"image\/png"}],"twitter_card":"summary_large_image","twitter_misc":{"Dur\u00e9e de lecture estim\u00e9e":"2 minutes"},"schema":{"@context":"https:\/\/schema.org","@graph":[{"@type":"WebPage","@id":"https:\/\/www.umlautrecords.com\/fr\/produit\/japanese-flower-umlaut-records\/","url":"https:\/\/www.umlautrecords.com\/fr\/produit\/japanese-flower-umlaut-records\/","name":"Umlaut Records : Japanese Flower - [ISM]","isPartOf":{"@id":"https:\/\/www.umlautrecords.com\/fr\/#website"},"primaryImageOfPage":{"@id":"https:\/\/www.umlautrecords.com\/fr\/produit\/japanese-flower-umlaut-records\/#primaryimage"},"image":{"@id":"https:\/\/www.umlautrecords.com\/fr\/produit\/japanese-flower-umlaut-records\/#primaryimage"},"thumbnailUrl":"https:\/\/www.umlautrecords.com\/wp-content\/uploads\/2021\/05\/umlaut-japanese-flower-japanese-flowers-cover.png","datePublished":"2021-05-10T14:40:47+00:00","dateModified":"2024-06-27T08:44:59+00:00","description":"Un trio inclassable compos\u00e9 de Pat Thomas, Joel Grip et Antonin Gerbal. [ISM] est un nom \u00e9crit \u00e0 l\u2019encre qui veut dire \"le nom\".","breadcrumb":{"@id":"https:\/\/www.umlautrecords.com\/fr\/produit\/japanese-flower-umlaut-records\/#breadcrumb"},"inLanguage":"fr-FR","potentialAction":[{"@type":"ReadAction","target":["https:\/\/www.umlautrecords.com\/fr\/produit\/japanese-flower-umlaut-records\/"]}]},{"@type":"ImageObject","inLanguage":"fr-FR","@id":"https:\/\/www.umlautrecords.com\/fr\/produit\/japanese-flower-umlaut-records\/#primaryimage","url":"https:\/\/www.umlautrecords.com\/wp-content\/uploads\/2021\/05\/umlaut-japanese-flower-japanese-flowers-cover.png","contentUrl":"https:\/\/www.umlautrecords.com\/wp-content\/uploads\/2021\/05\/umlaut-japanese-flower-japanese-flowers-cover.png","width":1526,"height":1526,"caption":"Japanese Flower"},{"@type":"BreadcrumbList","@id":"https:\/\/www.umlautrecords.com\/fr\/produit\/japanese-flower-umlaut-records\/#breadcrumb","itemListElement":[{"@type":"ListItem","position":1,"name":"Accueil","item":"https:\/\/www.umlautrecords.com\/fr\/"},{"@type":"ListItem","position":2,"name":"Catalogue","item":"https:\/\/www.umlautrecords.com\/fr\/shop\/"},{"@type":"ListItem","position":3,"name":"Japanese Flower (LP)"}]},{"@type":"WebSite","@id":"https:\/\/www.umlautrecords.com\/fr\/#website","url":"https:\/\/www.umlautrecords.com\/fr\/","name":"Umlaut records","description":"transformation of sound","publisher":{"@id":"https:\/\/www.umlautrecords.com\/fr\/#organization"},"potentialAction":[{"@type":"SearchAction","target":{"@type":"EntryPoint","urlTemplate":"https:\/\/www.umlautrecords.com\/fr\/?s={search_term_string}"},"query-input":{"@type":"PropertyValueSpecification","valueRequired":true,"valueName":"search_term_string"}}],"inLanguage":"fr-FR"},{"@type":"Organization","@id":"https:\/\/www.umlautrecords.com\/fr\/#organization","name":"Umlaut records","url":"https:\/\/www.umlautrecords.com\/fr\/","logo":{"@type":"ImageObject","inLanguage":"fr-FR","@id":"https:\/\/www.umlautrecords.com\/fr\/#\/schema\/logo\/image\/","url":"","contentUrl":"","caption":"Umlaut records"},"image":{"@id":"https:\/\/www.umlautrecords.com\/fr\/#\/schema\/logo\/image\/"},"sameAs":["https:\/\/www.facebook.com\/umlautrecords","https:\/\/www.instagram.com\/umlaut.records\/","https:\/\/www.linkedin.com\/in\/umlaut-records-label-0678b7a4\/","https:\/\/www.youtube.com\/user\/umsight"]}]}},"_links":{"self":[{"href":"https:\/\/www.umlautrecords.com\/fr\/wp-json\/wp\/v2\/product\/2772","targetHints":{"allow":["GET"]}}],"collection":[{"href":"https:\/\/www.umlautrecords.com\/fr\/wp-json\/wp\/v2\/product"}],"about":[{"href":"https:\/\/www.umlautrecords.com\/fr\/wp-json\/wp\/v2\/types\/product"}],"wp:featuredmedia":[{"embeddable":true,"href":"https:\/\/www.umlautrecords.com\/fr\/wp-json\/wp\/v2\/media\/2773"}],"wp:attachment":[{"href":"https:\/\/www.umlautrecords.com\/fr\/wp-json\/wp\/v2\/media?parent=2772"}],"wp:term":[{"taxonomy":"product_brand","embeddable":true,"href":"https:\/\/www.umlautrecords.com\/fr\/wp-json\/wp\/v2\/product_brand?post=2772"},{"taxonomy":"product_cat","embeddable":true,"href":"https:\/\/www.umlautrecords.com\/fr\/wp-json\/wp\/v2\/product_cat?post=2772"},{"taxonomy":"product_tag","embeddable":true,"href":"https:\/\/www.umlautrecords.com\/fr\/wp-json\/wp\/v2\/product_tag?post=2772"}],"curies":[{"name":"wp","href":"https:\/\/api.w.org\/{rel}","templated":true}]}}