{"id":2631,"date":"2021-03-17T17:41:47","date_gmt":"2021-03-17T16:41:47","guid":{"rendered":"https:\/\/www.umlautrecords.com\/?post_type=product&#038;p=2631"},"modified":"2024-02-19T17:16:22","modified_gmt":"2024-02-19T16:16:22","slug":"wonder-wander-livre","status":"publish","type":"product","link":"https:\/\/www.umlautrecords.com\/fr\/produit\/wonder-wander-livre\/","title":{"rendered":"Wander &#038; Wonder (livre)"},"content":{"rendered":"<p>De multiples mani\u00e8res, Tristan Honsinger invite le lecteur \u00e0 se lancer dans un voyage pour saisir, poursuivre et changer sa perception de ce qui est possible. Les routines et la sagesse tir\u00e9es de ses 50 ann\u00e9es de vie dans le monde de l&rsquo;imagerie spontan\u00e9e au sein de l&rsquo;expression par le son et par le corps sont transmises de mani\u00e8re \u00e0 la fois lucide et ludique. Ses textes ne sont pas sur la musique \u00e0 proprement parl\u00e9, mais ils sont musicaux dans le sens qu&rsquo;ils vous invitent \u00e0 prendre part \u00e0 l&rsquo;acte myst\u00e9rieux de transformation. Et \u00e0 la fin vous \u00eates mis au d\u00e9fi d&#8217;emmener le voyage ailleurs, en vous basant sur vos propres associations pour \u00eatre l&rsquo;<em>essence du nous<\/em>.<\/p>\n<p>\u00ab\u00a0Ce livre a \u00e9t\u00e9 \u00e9crit au cours du printemps 2020 et contient des dialogues, des aphorismes, des chansons, des po\u00e8mes et des nouvelles, parfois combin\u00e9.e.s. En contrepoint des \u00e9crits de Tristan Honsinger, sont les dessins a\u00e9r\u00e9s, cisel\u00e9s et interrogateurs de Joel Grip. Ces deux individus forment l&rsquo;un des num\u00e9ros d&rsquo;improvisation les plus formidables que je n&rsquo;ai jamais vu.\u00a0 C&rsquo;est un match!\u00a0\u00bb &#8211; Extrait de l&rsquo;introduction par Antonio Borghini.<\/p>\n<p>Compil\u00e9 par Klaus K\u00fcrver, ce livre inclut la discographie compl\u00e8te des enregistrements parus jusqu&rsquo;ici de Tristan Honsinger, 1972-2020 : un r\u00e9pertoire de 15 pages de tr\u00e9sors de l&rsquo;histoire r\u00e9cente de la musique moderne.<\/p>\n<p>Sortie pr\u00e9vue le 03 mai 2021.<\/p>\n","protected":false},"excerpt":{"rendered":"<p>De multiples mani\u00e8res, Tristan Honsinger invite le lecteur \u00e0 se lancer dans un voyage pour saisir, poursuivre et changer sa perception de ce&hellip;<\/p>\n","protected":false},"featured_media":2632,"template":"","meta":{"_acf_changed":false},"product_brand":[],"product_cat":[318],"product_tag":[],"class_list":{"0":"post-2631","1":"product","2":"type-product","3":"status-publish","4":"has-post-thumbnail","6":"product_cat-topsi-series","7":"product_shipping_class-double-cd","9":"first","10":"outofstock","11":"taxable","12":"shipping-taxable","13":"purchasable","14":"product-type-simple"},"acf":[],"yoast_head":"<!-- This site is optimized with the Yoast SEO plugin v27.0 - https:\/\/yoast.com\/product\/yoast-seo-wordpress\/ -->\n<title>Wander &amp; Wonder (livre) - Umlaut records<\/title>\n<meta name=\"robots\" content=\"index, follow, max-snippet:-1, max-image-preview:large, max-video-preview:-1\" \/>\n<link rel=\"canonical\" href=\"https:\/\/www.umlautrecords.com\/fr\/produit\/wonder-wander-livre\/\" \/>\n<meta property=\"og:locale\" content=\"fr_FR\" \/>\n<meta property=\"og:type\" content=\"article\" \/>\n<meta property=\"og:title\" content=\"Wander &amp; Wonder (livre) - Umlaut records\" \/>\n<meta property=\"og:description\" content=\"De multiples mani\u00e8res, Tristan Honsinger invite le lecteur \u00e0 se lancer dans un voyage pour saisir, poursuivre et changer sa perception de ce&hellip;\" \/>\n<meta property=\"og:url\" content=\"https:\/\/www.umlautrecords.com\/fr\/produit\/wonder-wander-livre\/\" \/>\n<meta property=\"og:site_name\" content=\"Umlaut records\" \/>\n<meta property=\"article:publisher\" content=\"https:\/\/www.facebook.com\/umlautrecords\" \/>\n<meta property=\"article:modified_time\" content=\"2024-02-19T16:16:22+00:00\" \/>\n<meta property=\"og:image\" content=\"https:\/\/www.umlautrecords.com\/wp-content\/uploads\/2021\/03\/umlaut-wonder-wander-livre-bookcoverforinternet.jpg\" \/>\n\t<meta property=\"og:image:width\" content=\"1395\" \/>\n\t<meta property=\"og:image:height\" content=\"1862\" \/>\n\t<meta property=\"og:image:type\" content=\"image\/jpeg\" \/>\n<meta name=\"twitter:card\" content=\"summary_large_image\" \/>\n<meta name=\"twitter:label1\" content=\"Dur\u00e9e de lecture estim\u00e9e\" \/>\n\t<meta name=\"twitter:data1\" content=\"1 minute\" \/>\n<script type=\"application\/ld+json\" class=\"yoast-schema-graph\">{\"@context\":\"https:\/\/schema.org\",\"@graph\":[{\"@type\":\"WebPage\",\"@id\":\"https:\/\/www.umlautrecords.com\/fr\/produit\/wonder-wander-livre\/\",\"url\":\"https:\/\/www.umlautrecords.com\/fr\/produit\/wonder-wander-livre\/\",\"name\":\"Wander & Wonder (livre) - Umlaut records\",\"isPartOf\":{\"@id\":\"https:\/\/www.umlautrecords.com\/fr\/#website\"},\"primaryImageOfPage\":{\"@id\":\"https:\/\/www.umlautrecords.com\/fr\/produit\/wonder-wander-livre\/#primaryimage\"},\"image\":{\"@id\":\"https:\/\/www.umlautrecords.com\/fr\/produit\/wonder-wander-livre\/#primaryimage\"},\"thumbnailUrl\":\"https:\/\/www.umlautrecords.com\/wp-content\/uploads\/2021\/03\/umlaut-wonder-wander-livre-bookcoverforinternet.jpg\",\"datePublished\":\"2021-03-17T16:41:47+00:00\",\"dateModified\":\"2024-02-19T16:16:22+00:00\",\"breadcrumb\":{\"@id\":\"https:\/\/www.umlautrecords.com\/fr\/produit\/wonder-wander-livre\/#breadcrumb\"},\"inLanguage\":\"fr-FR\",\"potentialAction\":[{\"@type\":\"ReadAction\",\"target\":[\"https:\/\/www.umlautrecords.com\/fr\/produit\/wonder-wander-livre\/\"]}]},{\"@type\":\"ImageObject\",\"inLanguage\":\"fr-FR\",\"@id\":\"https:\/\/www.umlautrecords.com\/fr\/produit\/wonder-wander-livre\/#primaryimage\",\"url\":\"https:\/\/www.umlautrecords.com\/wp-content\/uploads\/2021\/03\/umlaut-wonder-wander-livre-bookcoverforinternet.jpg\",\"contentUrl\":\"https:\/\/www.umlautrecords.com\/wp-content\/uploads\/2021\/03\/umlaut-wonder-wander-livre-bookcoverforinternet.jpg\",\"width\":1395,\"height\":1862},{\"@type\":\"BreadcrumbList\",\"@id\":\"https:\/\/www.umlautrecords.com\/fr\/produit\/wonder-wander-livre\/#breadcrumb\",\"itemListElement\":[{\"@type\":\"ListItem\",\"position\":1,\"name\":\"Accueil\",\"item\":\"https:\/\/www.umlautrecords.com\/fr\/\"},{\"@type\":\"ListItem\",\"position\":2,\"name\":\"Catalogue\",\"item\":\"https:\/\/www.umlautrecords.com\/fr\/shop\/\"},{\"@type\":\"ListItem\",\"position\":3,\"name\":\"Wander &#038; Wonder (livre)\"}]},{\"@type\":\"WebSite\",\"@id\":\"https:\/\/www.umlautrecords.com\/fr\/#website\",\"url\":\"https:\/\/www.umlautrecords.com\/fr\/\",\"name\":\"Umlaut records\",\"description\":\"transformation of sound\",\"publisher\":{\"@id\":\"https:\/\/www.umlautrecords.com\/fr\/#organization\"},\"potentialAction\":[{\"@type\":\"SearchAction\",\"target\":{\"@type\":\"EntryPoint\",\"urlTemplate\":\"https:\/\/www.umlautrecords.com\/fr\/?s={search_term_string}\"},\"query-input\":{\"@type\":\"PropertyValueSpecification\",\"valueRequired\":true,\"valueName\":\"search_term_string\"}}],\"inLanguage\":\"fr-FR\"},{\"@type\":\"Organization\",\"@id\":\"https:\/\/www.umlautrecords.com\/fr\/#organization\",\"name\":\"Umlaut records\",\"url\":\"https:\/\/www.umlautrecords.com\/fr\/\",\"logo\":{\"@type\":\"ImageObject\",\"inLanguage\":\"fr-FR\",\"@id\":\"https:\/\/www.umlautrecords.com\/fr\/#\/schema\/logo\/image\/\",\"url\":\"\",\"contentUrl\":\"\",\"caption\":\"Umlaut records\"},\"image\":{\"@id\":\"https:\/\/www.umlautrecords.com\/fr\/#\/schema\/logo\/image\/\"},\"sameAs\":[\"https:\/\/www.facebook.com\/umlautrecords\",\"https:\/\/www.instagram.com\/umlaut.records\/\",\"https:\/\/www.linkedin.com\/in\/umlaut-records-label-0678b7a4\/\",\"https:\/\/www.youtube.com\/user\/umsight\"]}]}<\/script>\n<!-- \/ Yoast SEO plugin. -->","yoast_head_json":{"title":"Wander & Wonder (livre) - Umlaut records","robots":{"index":"index","follow":"follow","max-snippet":"max-snippet:-1","max-image-preview":"max-image-preview:large","max-video-preview":"max-video-preview:-1"},"canonical":"https:\/\/www.umlautrecords.com\/fr\/produit\/wonder-wander-livre\/","og_locale":"fr_FR","og_type":"article","og_title":"Wander & Wonder (livre) - Umlaut records","og_description":"De multiples mani\u00e8res, Tristan Honsinger invite le lecteur \u00e0 se lancer dans un voyage pour saisir, poursuivre et changer sa perception de ce&hellip;","og_url":"https:\/\/www.umlautrecords.com\/fr\/produit\/wonder-wander-livre\/","og_site_name":"Umlaut records","article_publisher":"https:\/\/www.facebook.com\/umlautrecords","article_modified_time":"2024-02-19T16:16:22+00:00","og_image":[{"width":1395,"height":1862,"url":"https:\/\/www.umlautrecords.com\/wp-content\/uploads\/2021\/03\/umlaut-wonder-wander-livre-bookcoverforinternet.jpg","type":"image\/jpeg"}],"twitter_card":"summary_large_image","twitter_misc":{"Dur\u00e9e de lecture estim\u00e9e":"1 minute"},"schema":{"@context":"https:\/\/schema.org","@graph":[{"@type":"WebPage","@id":"https:\/\/www.umlautrecords.com\/fr\/produit\/wonder-wander-livre\/","url":"https:\/\/www.umlautrecords.com\/fr\/produit\/wonder-wander-livre\/","name":"Wander & Wonder (livre) - Umlaut records","isPartOf":{"@id":"https:\/\/www.umlautrecords.com\/fr\/#website"},"primaryImageOfPage":{"@id":"https:\/\/www.umlautrecords.com\/fr\/produit\/wonder-wander-livre\/#primaryimage"},"image":{"@id":"https:\/\/www.umlautrecords.com\/fr\/produit\/wonder-wander-livre\/#primaryimage"},"thumbnailUrl":"https:\/\/www.umlautrecords.com\/wp-content\/uploads\/2021\/03\/umlaut-wonder-wander-livre-bookcoverforinternet.jpg","datePublished":"2021-03-17T16:41:47+00:00","dateModified":"2024-02-19T16:16:22+00:00","breadcrumb":{"@id":"https:\/\/www.umlautrecords.com\/fr\/produit\/wonder-wander-livre\/#breadcrumb"},"inLanguage":"fr-FR","potentialAction":[{"@type":"ReadAction","target":["https:\/\/www.umlautrecords.com\/fr\/produit\/wonder-wander-livre\/"]}]},{"@type":"ImageObject","inLanguage":"fr-FR","@id":"https:\/\/www.umlautrecords.com\/fr\/produit\/wonder-wander-livre\/#primaryimage","url":"https:\/\/www.umlautrecords.com\/wp-content\/uploads\/2021\/03\/umlaut-wonder-wander-livre-bookcoverforinternet.jpg","contentUrl":"https:\/\/www.umlautrecords.com\/wp-content\/uploads\/2021\/03\/umlaut-wonder-wander-livre-bookcoverforinternet.jpg","width":1395,"height":1862},{"@type":"BreadcrumbList","@id":"https:\/\/www.umlautrecords.com\/fr\/produit\/wonder-wander-livre\/#breadcrumb","itemListElement":[{"@type":"ListItem","position":1,"name":"Accueil","item":"https:\/\/www.umlautrecords.com\/fr\/"},{"@type":"ListItem","position":2,"name":"Catalogue","item":"https:\/\/www.umlautrecords.com\/fr\/shop\/"},{"@type":"ListItem","position":3,"name":"Wander &#038; Wonder (livre)"}]},{"@type":"WebSite","@id":"https:\/\/www.umlautrecords.com\/fr\/#website","url":"https:\/\/www.umlautrecords.com\/fr\/","name":"Umlaut records","description":"transformation of sound","publisher":{"@id":"https:\/\/www.umlautrecords.com\/fr\/#organization"},"potentialAction":[{"@type":"SearchAction","target":{"@type":"EntryPoint","urlTemplate":"https:\/\/www.umlautrecords.com\/fr\/?s={search_term_string}"},"query-input":{"@type":"PropertyValueSpecification","valueRequired":true,"valueName":"search_term_string"}}],"inLanguage":"fr-FR"},{"@type":"Organization","@id":"https:\/\/www.umlautrecords.com\/fr\/#organization","name":"Umlaut records","url":"https:\/\/www.umlautrecords.com\/fr\/","logo":{"@type":"ImageObject","inLanguage":"fr-FR","@id":"https:\/\/www.umlautrecords.com\/fr\/#\/schema\/logo\/image\/","url":"","contentUrl":"","caption":"Umlaut records"},"image":{"@id":"https:\/\/www.umlautrecords.com\/fr\/#\/schema\/logo\/image\/"},"sameAs":["https:\/\/www.facebook.com\/umlautrecords","https:\/\/www.instagram.com\/umlaut.records\/","https:\/\/www.linkedin.com\/in\/umlaut-records-label-0678b7a4\/","https:\/\/www.youtube.com\/user\/umsight"]}]}},"_links":{"self":[{"href":"https:\/\/www.umlautrecords.com\/fr\/wp-json\/wp\/v2\/product\/2631","targetHints":{"allow":["GET"]}}],"collection":[{"href":"https:\/\/www.umlautrecords.com\/fr\/wp-json\/wp\/v2\/product"}],"about":[{"href":"https:\/\/www.umlautrecords.com\/fr\/wp-json\/wp\/v2\/types\/product"}],"wp:featuredmedia":[{"embeddable":true,"href":"https:\/\/www.umlautrecords.com\/fr\/wp-json\/wp\/v2\/media\/2632"}],"wp:attachment":[{"href":"https:\/\/www.umlautrecords.com\/fr\/wp-json\/wp\/v2\/media?parent=2631"}],"wp:term":[{"taxonomy":"product_brand","embeddable":true,"href":"https:\/\/www.umlautrecords.com\/fr\/wp-json\/wp\/v2\/product_brand?post=2631"},{"taxonomy":"product_cat","embeddable":true,"href":"https:\/\/www.umlautrecords.com\/fr\/wp-json\/wp\/v2\/product_cat?post=2631"},{"taxonomy":"product_tag","embeddable":true,"href":"https:\/\/www.umlautrecords.com\/fr\/wp-json\/wp\/v2\/product_tag?post=2631"}],"curies":[{"name":"wp","href":"https:\/\/api.w.org\/{rel}","templated":true}]}}