{"id":2609,"date":"2021-03-17T13:19:09","date_gmt":"2021-03-17T12:19:09","guid":{"rendered":"https:\/\/www.umlautrecords.com\/?post_type=product&#038;p=2609"},"modified":"2023-11-21T15:42:59","modified_gmt":"2023-11-21T14:42:59","slug":"when-will-never-meet","status":"publish","type":"product","link":"https:\/\/www.umlautrecords.com\/fr\/produit\/when-will-never-meet\/","title":{"rendered":"When Will Never Meet (CD)"},"content":{"rendered":"<p>Version num\u00e9rique disponible sur\u00a0<a href=\"https:\/\/umlautrecords.bandcamp.com\/album\/when-will-never-meet-2\">Bandcamp<\/a>.<\/p>\n<p>\u00ab\u00a0When Will Never Meet\u00a0\u00bb est la bande originale d&rsquo;un film fragment\u00e9 en transformation. Impliquant de nombreux musiciens de la sc\u00e8ne berlinoise, jouant en solo ou en petites formations, cette bande originale est un collage de l&rsquo;impossible, une mosa\u00efque de souhaits et d&rsquo;opportunit\u00e9s perdues, le r\u00eave d&rsquo;un d\u00e9miurge solitaire.<\/p>\n","protected":false},"excerpt":{"rendered":"<p>Version num\u00e9rique disponible sur\u00a0Bandcamp. \u00ab\u00a0When Will Never Meet\u00a0\u00bb est la bande originale d&rsquo;un film fragment\u00e9 en transformation. Impliquant de nombreux musiciens de la&hellip;<\/p>\n","protected":false},"featured_media":2628,"template":"","meta":{"_acf_changed":false},"product_brand":[],"product_cat":[29,318],"product_tag":[],"class_list":{"0":"post-2609","1":"product","2":"type-product","3":"status-publish","4":"has-post-thumbnail","6":"product_cat-album","7":"product_cat-topsi-series","8":"product_shipping_class-cd","10":"first","11":"instock","12":"taxable","13":"shipping-taxable","14":"purchasable","15":"product-type-simple"},"acf":[],"yoast_head":"<!-- This site is optimized with the Yoast SEO plugin v27.0 - https:\/\/yoast.com\/product\/yoast-seo-wordpress\/ -->\n<title>When Will Never Meet (CD) - Umlaut records<\/title>\n<meta name=\"robots\" content=\"index, follow, max-snippet:-1, max-image-preview:large, max-video-preview:-1\" \/>\n<link rel=\"canonical\" href=\"https:\/\/www.umlautrecords.com\/fr\/produit\/when-will-never-meet\/\" \/>\n<meta property=\"og:locale\" content=\"fr_FR\" \/>\n<meta property=\"og:type\" content=\"article\" \/>\n<meta property=\"og:title\" content=\"When Will Never Meet (CD) - Umlaut records\" \/>\n<meta property=\"og:description\" content=\"Version num\u00e9rique disponible sur\u00a0Bandcamp. \u00ab\u00a0When Will Never Meet\u00a0\u00bb est la bande originale d&rsquo;un film fragment\u00e9 en transformation. Impliquant de nombreux musiciens de la&hellip;\" \/>\n<meta property=\"og:url\" content=\"https:\/\/www.umlautrecords.com\/fr\/produit\/when-will-never-meet\/\" \/>\n<meta property=\"og:site_name\" content=\"Umlaut records\" \/>\n<meta property=\"article:publisher\" content=\"https:\/\/www.facebook.com\/umlautrecords\" \/>\n<meta property=\"article:modified_time\" content=\"2023-11-21T14:42:59+00:00\" \/>\n<meta property=\"og:image\" content=\"https:\/\/www.umlautrecords.com\/wp-content\/uploads\/2021\/03\/umlaut-when-will-never-meet-when-will-never-meet-cover.jpg\" \/>\n\t<meta property=\"og:image:width\" content=\"1400\" \/>\n\t<meta property=\"og:image:height\" content=\"1263\" \/>\n\t<meta property=\"og:image:type\" content=\"image\/jpeg\" \/>\n<meta name=\"twitter:card\" content=\"summary_large_image\" \/>\n<script type=\"application\/ld+json\" class=\"yoast-schema-graph\">{\"@context\":\"https:\/\/schema.org\",\"@graph\":[{\"@type\":\"WebPage\",\"@id\":\"https:\/\/www.umlautrecords.com\/fr\/produit\/when-will-never-meet\/\",\"url\":\"https:\/\/www.umlautrecords.com\/fr\/produit\/when-will-never-meet\/\",\"name\":\"When Will Never Meet (CD) - Umlaut records\",\"isPartOf\":{\"@id\":\"https:\/\/www.umlautrecords.com\/fr\/#website\"},\"primaryImageOfPage\":{\"@id\":\"https:\/\/www.umlautrecords.com\/fr\/produit\/when-will-never-meet\/#primaryimage\"},\"image\":{\"@id\":\"https:\/\/www.umlautrecords.com\/fr\/produit\/when-will-never-meet\/#primaryimage\"},\"thumbnailUrl\":\"https:\/\/www.umlautrecords.com\/wp-content\/uploads\/2021\/03\/umlaut-when-will-never-meet-when-will-never-meet-cover.jpg\",\"datePublished\":\"2021-03-17T12:19:09+00:00\",\"dateModified\":\"2023-11-21T14:42:59+00:00\",\"breadcrumb\":{\"@id\":\"https:\/\/www.umlautrecords.com\/fr\/produit\/when-will-never-meet\/#breadcrumb\"},\"inLanguage\":\"fr-FR\",\"potentialAction\":[{\"@type\":\"ReadAction\",\"target\":[\"https:\/\/www.umlautrecords.com\/fr\/produit\/when-will-never-meet\/\"]}]},{\"@type\":\"ImageObject\",\"inLanguage\":\"fr-FR\",\"@id\":\"https:\/\/www.umlautrecords.com\/fr\/produit\/when-will-never-meet\/#primaryimage\",\"url\":\"https:\/\/www.umlautrecords.com\/wp-content\/uploads\/2021\/03\/umlaut-when-will-never-meet-when-will-never-meet-cover.jpg\",\"contentUrl\":\"https:\/\/www.umlautrecords.com\/wp-content\/uploads\/2021\/03\/umlaut-when-will-never-meet-when-will-never-meet-cover.jpg\",\"width\":1400,\"height\":1263},{\"@type\":\"BreadcrumbList\",\"@id\":\"https:\/\/www.umlautrecords.com\/fr\/produit\/when-will-never-meet\/#breadcrumb\",\"itemListElement\":[{\"@type\":\"ListItem\",\"position\":1,\"name\":\"Accueil\",\"item\":\"https:\/\/www.umlautrecords.com\/fr\/\"},{\"@type\":\"ListItem\",\"position\":2,\"name\":\"Catalogue\",\"item\":\"https:\/\/www.umlautrecords.com\/fr\/shop\/\"},{\"@type\":\"ListItem\",\"position\":3,\"name\":\"When Will Never Meet (CD)\"}]},{\"@type\":\"WebSite\",\"@id\":\"https:\/\/www.umlautrecords.com\/fr\/#website\",\"url\":\"https:\/\/www.umlautrecords.com\/fr\/\",\"name\":\"Umlaut records\",\"description\":\"transformation of sound\",\"publisher\":{\"@id\":\"https:\/\/www.umlautrecords.com\/fr\/#organization\"},\"potentialAction\":[{\"@type\":\"SearchAction\",\"target\":{\"@type\":\"EntryPoint\",\"urlTemplate\":\"https:\/\/www.umlautrecords.com\/fr\/?s={search_term_string}\"},\"query-input\":{\"@type\":\"PropertyValueSpecification\",\"valueRequired\":true,\"valueName\":\"search_term_string\"}}],\"inLanguage\":\"fr-FR\"},{\"@type\":\"Organization\",\"@id\":\"https:\/\/www.umlautrecords.com\/fr\/#organization\",\"name\":\"Umlaut records\",\"url\":\"https:\/\/www.umlautrecords.com\/fr\/\",\"logo\":{\"@type\":\"ImageObject\",\"inLanguage\":\"fr-FR\",\"@id\":\"https:\/\/www.umlautrecords.com\/fr\/#\/schema\/logo\/image\/\",\"url\":\"\",\"contentUrl\":\"\",\"caption\":\"Umlaut records\"},\"image\":{\"@id\":\"https:\/\/www.umlautrecords.com\/fr\/#\/schema\/logo\/image\/\"},\"sameAs\":[\"https:\/\/www.facebook.com\/umlautrecords\",\"https:\/\/www.instagram.com\/umlaut.records\/\",\"https:\/\/www.linkedin.com\/in\/umlaut-records-label-0678b7a4\/\",\"https:\/\/www.youtube.com\/user\/umsight\"]}]}<\/script>\n<!-- \/ Yoast SEO plugin. -->","yoast_head_json":{"title":"When Will Never Meet (CD) - Umlaut records","robots":{"index":"index","follow":"follow","max-snippet":"max-snippet:-1","max-image-preview":"max-image-preview:large","max-video-preview":"max-video-preview:-1"},"canonical":"https:\/\/www.umlautrecords.com\/fr\/produit\/when-will-never-meet\/","og_locale":"fr_FR","og_type":"article","og_title":"When Will Never Meet (CD) - Umlaut records","og_description":"Version num\u00e9rique disponible sur\u00a0Bandcamp. \u00ab\u00a0When Will Never Meet\u00a0\u00bb est la bande originale d&rsquo;un film fragment\u00e9 en transformation. Impliquant de nombreux musiciens de la&hellip;","og_url":"https:\/\/www.umlautrecords.com\/fr\/produit\/when-will-never-meet\/","og_site_name":"Umlaut records","article_publisher":"https:\/\/www.facebook.com\/umlautrecords","article_modified_time":"2023-11-21T14:42:59+00:00","og_image":[{"width":1400,"height":1263,"url":"https:\/\/www.umlautrecords.com\/wp-content\/uploads\/2021\/03\/umlaut-when-will-never-meet-when-will-never-meet-cover.jpg","type":"image\/jpeg"}],"twitter_card":"summary_large_image","schema":{"@context":"https:\/\/schema.org","@graph":[{"@type":"WebPage","@id":"https:\/\/www.umlautrecords.com\/fr\/produit\/when-will-never-meet\/","url":"https:\/\/www.umlautrecords.com\/fr\/produit\/when-will-never-meet\/","name":"When Will Never Meet (CD) - Umlaut records","isPartOf":{"@id":"https:\/\/www.umlautrecords.com\/fr\/#website"},"primaryImageOfPage":{"@id":"https:\/\/www.umlautrecords.com\/fr\/produit\/when-will-never-meet\/#primaryimage"},"image":{"@id":"https:\/\/www.umlautrecords.com\/fr\/produit\/when-will-never-meet\/#primaryimage"},"thumbnailUrl":"https:\/\/www.umlautrecords.com\/wp-content\/uploads\/2021\/03\/umlaut-when-will-never-meet-when-will-never-meet-cover.jpg","datePublished":"2021-03-17T12:19:09+00:00","dateModified":"2023-11-21T14:42:59+00:00","breadcrumb":{"@id":"https:\/\/www.umlautrecords.com\/fr\/produit\/when-will-never-meet\/#breadcrumb"},"inLanguage":"fr-FR","potentialAction":[{"@type":"ReadAction","target":["https:\/\/www.umlautrecords.com\/fr\/produit\/when-will-never-meet\/"]}]},{"@type":"ImageObject","inLanguage":"fr-FR","@id":"https:\/\/www.umlautrecords.com\/fr\/produit\/when-will-never-meet\/#primaryimage","url":"https:\/\/www.umlautrecords.com\/wp-content\/uploads\/2021\/03\/umlaut-when-will-never-meet-when-will-never-meet-cover.jpg","contentUrl":"https:\/\/www.umlautrecords.com\/wp-content\/uploads\/2021\/03\/umlaut-when-will-never-meet-when-will-never-meet-cover.jpg","width":1400,"height":1263},{"@type":"BreadcrumbList","@id":"https:\/\/www.umlautrecords.com\/fr\/produit\/when-will-never-meet\/#breadcrumb","itemListElement":[{"@type":"ListItem","position":1,"name":"Accueil","item":"https:\/\/www.umlautrecords.com\/fr\/"},{"@type":"ListItem","position":2,"name":"Catalogue","item":"https:\/\/www.umlautrecords.com\/fr\/shop\/"},{"@type":"ListItem","position":3,"name":"When Will Never Meet (CD)"}]},{"@type":"WebSite","@id":"https:\/\/www.umlautrecords.com\/fr\/#website","url":"https:\/\/www.umlautrecords.com\/fr\/","name":"Umlaut records","description":"transformation of sound","publisher":{"@id":"https:\/\/www.umlautrecords.com\/fr\/#organization"},"potentialAction":[{"@type":"SearchAction","target":{"@type":"EntryPoint","urlTemplate":"https:\/\/www.umlautrecords.com\/fr\/?s={search_term_string}"},"query-input":{"@type":"PropertyValueSpecification","valueRequired":true,"valueName":"search_term_string"}}],"inLanguage":"fr-FR"},{"@type":"Organization","@id":"https:\/\/www.umlautrecords.com\/fr\/#organization","name":"Umlaut records","url":"https:\/\/www.umlautrecords.com\/fr\/","logo":{"@type":"ImageObject","inLanguage":"fr-FR","@id":"https:\/\/www.umlautrecords.com\/fr\/#\/schema\/logo\/image\/","url":"","contentUrl":"","caption":"Umlaut records"},"image":{"@id":"https:\/\/www.umlautrecords.com\/fr\/#\/schema\/logo\/image\/"},"sameAs":["https:\/\/www.facebook.com\/umlautrecords","https:\/\/www.instagram.com\/umlaut.records\/","https:\/\/www.linkedin.com\/in\/umlaut-records-label-0678b7a4\/","https:\/\/www.youtube.com\/user\/umsight"]}]}},"_links":{"self":[{"href":"https:\/\/www.umlautrecords.com\/fr\/wp-json\/wp\/v2\/product\/2609","targetHints":{"allow":["GET"]}}],"collection":[{"href":"https:\/\/www.umlautrecords.com\/fr\/wp-json\/wp\/v2\/product"}],"about":[{"href":"https:\/\/www.umlautrecords.com\/fr\/wp-json\/wp\/v2\/types\/product"}],"wp:featuredmedia":[{"embeddable":true,"href":"https:\/\/www.umlautrecords.com\/fr\/wp-json\/wp\/v2\/media\/2628"}],"wp:attachment":[{"href":"https:\/\/www.umlautrecords.com\/fr\/wp-json\/wp\/v2\/media?parent=2609"}],"wp:term":[{"taxonomy":"product_brand","embeddable":true,"href":"https:\/\/www.umlautrecords.com\/fr\/wp-json\/wp\/v2\/product_brand?post=2609"},{"taxonomy":"product_cat","embeddable":true,"href":"https:\/\/www.umlautrecords.com\/fr\/wp-json\/wp\/v2\/product_cat?post=2609"},{"taxonomy":"product_tag","embeddable":true,"href":"https:\/\/www.umlautrecords.com\/fr\/wp-json\/wp\/v2\/product_tag?post=2609"}],"curies":[{"name":"wp","href":"https:\/\/api.w.org\/{rel}","templated":true}]}}