{"id":2581,"date":"2021-03-11T18:13:34","date_gmt":"2021-03-11T17:13:34","guid":{"rendered":"https:\/\/www.umlautrecords.com\/?post_type=product&#038;p=2581"},"modified":"2023-11-21T15:44:23","modified_gmt":"2023-11-21T14:44:23","slug":"topsi-series-cloud-reading-society-lp","status":"publish","type":"product","link":"https:\/\/www.umlautrecords.com\/fr\/produit\/topsi-series-cloud-reading-society-lp\/","title":{"rendered":"Cloud Reading Society (LP)"},"content":{"rendered":"<p>Version num\u00e9rique disponible sur <a href=\"https:\/\/umlautrecords.bandcamp.com\/album\/cloud-reading-society\">Bandcamp<\/a>.<\/p>\n<p>\u00ab\u00a0Hopscotch\u00a0\u00bb est une compagnie bas\u00e9e \u00e0 Berlin qui constitue les derniers efforts en date de Tristan Honsinger dans sa recherche perp\u00e9tuelle d&rsquo;une unit\u00e9 entre musique, th\u00e9\u00e2tre et po\u00e9sie. Ce vinyle gatefold contient une collection de chansons et de compositions invent\u00e9es au fil des ans pour les performances et pi\u00e8ces de Hopscotch, ainsi que des improvisations et des dialogues.<\/p>\n","protected":false},"excerpt":{"rendered":"<p>Version num\u00e9rique disponible sur Bandcamp. \u00ab\u00a0Hopscotch\u00a0\u00bb est une compagnie bas\u00e9e \u00e0 Berlin qui constitue les derniers efforts en date de Tristan Honsinger dans&hellip;<\/p>\n","protected":false},"featured_media":2590,"template":"","meta":{"_acf_changed":false},"product_brand":[],"product_cat":[29,318],"product_tag":[],"class_list":{"0":"post-2581","1":"product","2":"type-product","3":"status-publish","4":"has-post-thumbnail","6":"product_cat-album","7":"product_cat-topsi-series","8":"product_shipping_class-vinyle","10":"first","11":"instock","12":"taxable","13":"shipping-taxable","14":"purchasable","15":"product-type-simple"},"acf":[],"yoast_head":"<!-- This site is optimized with the Yoast SEO plugin v27.0 - https:\/\/yoast.com\/product\/yoast-seo-wordpress\/ -->\n<title>Cloud Reading Society (LP) - Umlaut records<\/title>\n<meta name=\"robots\" content=\"index, follow, max-snippet:-1, max-image-preview:large, max-video-preview:-1\" \/>\n<link rel=\"canonical\" href=\"https:\/\/www.umlautrecords.com\/fr\/produit\/topsi-series-cloud-reading-society-lp\/\" \/>\n<meta property=\"og:locale\" content=\"fr_FR\" \/>\n<meta property=\"og:type\" content=\"article\" \/>\n<meta property=\"og:title\" content=\"Cloud Reading Society (LP) - Umlaut records\" \/>\n<meta property=\"og:description\" content=\"Version num\u00e9rique disponible sur Bandcamp. \u00ab\u00a0Hopscotch\u00a0\u00bb est une compagnie bas\u00e9e \u00e0 Berlin qui constitue les derniers efforts en date de Tristan Honsinger dans&hellip;\" \/>\n<meta property=\"og:url\" content=\"https:\/\/www.umlautrecords.com\/fr\/produit\/topsi-series-cloud-reading-society-lp\/\" \/>\n<meta property=\"og:site_name\" content=\"Umlaut records\" \/>\n<meta property=\"article:publisher\" content=\"https:\/\/www.facebook.com\/umlautrecords\" \/>\n<meta property=\"article:modified_time\" content=\"2023-11-21T14:44:23+00:00\" \/>\n<meta property=\"og:image\" content=\"https:\/\/www.umlautrecords.com\/wp-content\/uploads\/2021\/03\/umlaut-topsi-series-cloud-reading-society-lp-tslp1-cover.png\" \/>\n\t<meta property=\"og:image:width\" content=\"694\" \/>\n\t<meta property=\"og:image:height\" content=\"709\" \/>\n\t<meta property=\"og:image:type\" content=\"image\/png\" \/>\n<meta name=\"twitter:card\" content=\"summary_large_image\" \/>\n<script type=\"application\/ld+json\" class=\"yoast-schema-graph\">{\"@context\":\"https:\/\/schema.org\",\"@graph\":[{\"@type\":\"WebPage\",\"@id\":\"https:\/\/www.umlautrecords.com\/fr\/produit\/topsi-series-cloud-reading-society-lp\/\",\"url\":\"https:\/\/www.umlautrecords.com\/fr\/produit\/topsi-series-cloud-reading-society-lp\/\",\"name\":\"Cloud Reading Society (LP) - Umlaut records\",\"isPartOf\":{\"@id\":\"https:\/\/www.umlautrecords.com\/fr\/#website\"},\"primaryImageOfPage\":{\"@id\":\"https:\/\/www.umlautrecords.com\/fr\/produit\/topsi-series-cloud-reading-society-lp\/#primaryimage\"},\"image\":{\"@id\":\"https:\/\/www.umlautrecords.com\/fr\/produit\/topsi-series-cloud-reading-society-lp\/#primaryimage\"},\"thumbnailUrl\":\"https:\/\/www.umlautrecords.com\/wp-content\/uploads\/2021\/03\/umlaut-topsi-series-cloud-reading-society-lp-tslp1-cover.png\",\"datePublished\":\"2021-03-11T17:13:34+00:00\",\"dateModified\":\"2023-11-21T14:44:23+00:00\",\"breadcrumb\":{\"@id\":\"https:\/\/www.umlautrecords.com\/fr\/produit\/topsi-series-cloud-reading-society-lp\/#breadcrumb\"},\"inLanguage\":\"fr-FR\",\"potentialAction\":[{\"@type\":\"ReadAction\",\"target\":[\"https:\/\/www.umlautrecords.com\/fr\/produit\/topsi-series-cloud-reading-society-lp\/\"]}]},{\"@type\":\"ImageObject\",\"inLanguage\":\"fr-FR\",\"@id\":\"https:\/\/www.umlautrecords.com\/fr\/produit\/topsi-series-cloud-reading-society-lp\/#primaryimage\",\"url\":\"https:\/\/www.umlautrecords.com\/wp-content\/uploads\/2021\/03\/umlaut-topsi-series-cloud-reading-society-lp-tslp1-cover.png\",\"contentUrl\":\"https:\/\/www.umlautrecords.com\/wp-content\/uploads\/2021\/03\/umlaut-topsi-series-cloud-reading-society-lp-tslp1-cover.png\",\"width\":694,\"height\":709,\"caption\":\"Cloud Reading SOciety\"},{\"@type\":\"BreadcrumbList\",\"@id\":\"https:\/\/www.umlautrecords.com\/fr\/produit\/topsi-series-cloud-reading-society-lp\/#breadcrumb\",\"itemListElement\":[{\"@type\":\"ListItem\",\"position\":1,\"name\":\"Accueil\",\"item\":\"https:\/\/www.umlautrecords.com\/fr\/\"},{\"@type\":\"ListItem\",\"position\":2,\"name\":\"Catalogue\",\"item\":\"https:\/\/www.umlautrecords.com\/fr\/shop\/\"},{\"@type\":\"ListItem\",\"position\":3,\"name\":\"Cloud Reading Society (LP)\"}]},{\"@type\":\"WebSite\",\"@id\":\"https:\/\/www.umlautrecords.com\/fr\/#website\",\"url\":\"https:\/\/www.umlautrecords.com\/fr\/\",\"name\":\"Umlaut records\",\"description\":\"transformation of sound\",\"publisher\":{\"@id\":\"https:\/\/www.umlautrecords.com\/fr\/#organization\"},\"potentialAction\":[{\"@type\":\"SearchAction\",\"target\":{\"@type\":\"EntryPoint\",\"urlTemplate\":\"https:\/\/www.umlautrecords.com\/fr\/?s={search_term_string}\"},\"query-input\":{\"@type\":\"PropertyValueSpecification\",\"valueRequired\":true,\"valueName\":\"search_term_string\"}}],\"inLanguage\":\"fr-FR\"},{\"@type\":\"Organization\",\"@id\":\"https:\/\/www.umlautrecords.com\/fr\/#organization\",\"name\":\"Umlaut records\",\"url\":\"https:\/\/www.umlautrecords.com\/fr\/\",\"logo\":{\"@type\":\"ImageObject\",\"inLanguage\":\"fr-FR\",\"@id\":\"https:\/\/www.umlautrecords.com\/fr\/#\/schema\/logo\/image\/\",\"url\":\"\",\"contentUrl\":\"\",\"caption\":\"Umlaut records\"},\"image\":{\"@id\":\"https:\/\/www.umlautrecords.com\/fr\/#\/schema\/logo\/image\/\"},\"sameAs\":[\"https:\/\/www.facebook.com\/umlautrecords\",\"https:\/\/www.instagram.com\/umlaut.records\/\",\"https:\/\/www.linkedin.com\/in\/umlaut-records-label-0678b7a4\/\",\"https:\/\/www.youtube.com\/user\/umsight\"]}]}<\/script>\n<!-- \/ Yoast SEO plugin. -->","yoast_head_json":{"title":"Cloud Reading Society (LP) - Umlaut records","robots":{"index":"index","follow":"follow","max-snippet":"max-snippet:-1","max-image-preview":"max-image-preview:large","max-video-preview":"max-video-preview:-1"},"canonical":"https:\/\/www.umlautrecords.com\/fr\/produit\/topsi-series-cloud-reading-society-lp\/","og_locale":"fr_FR","og_type":"article","og_title":"Cloud Reading Society (LP) - Umlaut records","og_description":"Version num\u00e9rique disponible sur Bandcamp. \u00ab\u00a0Hopscotch\u00a0\u00bb est une compagnie bas\u00e9e \u00e0 Berlin qui constitue les derniers efforts en date de Tristan Honsinger dans&hellip;","og_url":"https:\/\/www.umlautrecords.com\/fr\/produit\/topsi-series-cloud-reading-society-lp\/","og_site_name":"Umlaut records","article_publisher":"https:\/\/www.facebook.com\/umlautrecords","article_modified_time":"2023-11-21T14:44:23+00:00","og_image":[{"width":694,"height":709,"url":"https:\/\/www.umlautrecords.com\/wp-content\/uploads\/2021\/03\/umlaut-topsi-series-cloud-reading-society-lp-tslp1-cover.png","type":"image\/png"}],"twitter_card":"summary_large_image","schema":{"@context":"https:\/\/schema.org","@graph":[{"@type":"WebPage","@id":"https:\/\/www.umlautrecords.com\/fr\/produit\/topsi-series-cloud-reading-society-lp\/","url":"https:\/\/www.umlautrecords.com\/fr\/produit\/topsi-series-cloud-reading-society-lp\/","name":"Cloud Reading Society (LP) - Umlaut records","isPartOf":{"@id":"https:\/\/www.umlautrecords.com\/fr\/#website"},"primaryImageOfPage":{"@id":"https:\/\/www.umlautrecords.com\/fr\/produit\/topsi-series-cloud-reading-society-lp\/#primaryimage"},"image":{"@id":"https:\/\/www.umlautrecords.com\/fr\/produit\/topsi-series-cloud-reading-society-lp\/#primaryimage"},"thumbnailUrl":"https:\/\/www.umlautrecords.com\/wp-content\/uploads\/2021\/03\/umlaut-topsi-series-cloud-reading-society-lp-tslp1-cover.png","datePublished":"2021-03-11T17:13:34+00:00","dateModified":"2023-11-21T14:44:23+00:00","breadcrumb":{"@id":"https:\/\/www.umlautrecords.com\/fr\/produit\/topsi-series-cloud-reading-society-lp\/#breadcrumb"},"inLanguage":"fr-FR","potentialAction":[{"@type":"ReadAction","target":["https:\/\/www.umlautrecords.com\/fr\/produit\/topsi-series-cloud-reading-society-lp\/"]}]},{"@type":"ImageObject","inLanguage":"fr-FR","@id":"https:\/\/www.umlautrecords.com\/fr\/produit\/topsi-series-cloud-reading-society-lp\/#primaryimage","url":"https:\/\/www.umlautrecords.com\/wp-content\/uploads\/2021\/03\/umlaut-topsi-series-cloud-reading-society-lp-tslp1-cover.png","contentUrl":"https:\/\/www.umlautrecords.com\/wp-content\/uploads\/2021\/03\/umlaut-topsi-series-cloud-reading-society-lp-tslp1-cover.png","width":694,"height":709,"caption":"Cloud Reading SOciety"},{"@type":"BreadcrumbList","@id":"https:\/\/www.umlautrecords.com\/fr\/produit\/topsi-series-cloud-reading-society-lp\/#breadcrumb","itemListElement":[{"@type":"ListItem","position":1,"name":"Accueil","item":"https:\/\/www.umlautrecords.com\/fr\/"},{"@type":"ListItem","position":2,"name":"Catalogue","item":"https:\/\/www.umlautrecords.com\/fr\/shop\/"},{"@type":"ListItem","position":3,"name":"Cloud Reading Society (LP)"}]},{"@type":"WebSite","@id":"https:\/\/www.umlautrecords.com\/fr\/#website","url":"https:\/\/www.umlautrecords.com\/fr\/","name":"Umlaut records","description":"transformation of sound","publisher":{"@id":"https:\/\/www.umlautrecords.com\/fr\/#organization"},"potentialAction":[{"@type":"SearchAction","target":{"@type":"EntryPoint","urlTemplate":"https:\/\/www.umlautrecords.com\/fr\/?s={search_term_string}"},"query-input":{"@type":"PropertyValueSpecification","valueRequired":true,"valueName":"search_term_string"}}],"inLanguage":"fr-FR"},{"@type":"Organization","@id":"https:\/\/www.umlautrecords.com\/fr\/#organization","name":"Umlaut records","url":"https:\/\/www.umlautrecords.com\/fr\/","logo":{"@type":"ImageObject","inLanguage":"fr-FR","@id":"https:\/\/www.umlautrecords.com\/fr\/#\/schema\/logo\/image\/","url":"","contentUrl":"","caption":"Umlaut records"},"image":{"@id":"https:\/\/www.umlautrecords.com\/fr\/#\/schema\/logo\/image\/"},"sameAs":["https:\/\/www.facebook.com\/umlautrecords","https:\/\/www.instagram.com\/umlaut.records\/","https:\/\/www.linkedin.com\/in\/umlaut-records-label-0678b7a4\/","https:\/\/www.youtube.com\/user\/umsight"]}]}},"_links":{"self":[{"href":"https:\/\/www.umlautrecords.com\/fr\/wp-json\/wp\/v2\/product\/2581","targetHints":{"allow":["GET"]}}],"collection":[{"href":"https:\/\/www.umlautrecords.com\/fr\/wp-json\/wp\/v2\/product"}],"about":[{"href":"https:\/\/www.umlautrecords.com\/fr\/wp-json\/wp\/v2\/types\/product"}],"wp:featuredmedia":[{"embeddable":true,"href":"https:\/\/www.umlautrecords.com\/fr\/wp-json\/wp\/v2\/media\/2590"}],"wp:attachment":[{"href":"https:\/\/www.umlautrecords.com\/fr\/wp-json\/wp\/v2\/media?parent=2581"}],"wp:term":[{"taxonomy":"product_brand","embeddable":true,"href":"https:\/\/www.umlautrecords.com\/fr\/wp-json\/wp\/v2\/product_brand?post=2581"},{"taxonomy":"product_cat","embeddable":true,"href":"https:\/\/www.umlautrecords.com\/fr\/wp-json\/wp\/v2\/product_cat?post=2581"},{"taxonomy":"product_tag","embeddable":true,"href":"https:\/\/www.umlautrecords.com\/fr\/wp-json\/wp\/v2\/product_tag?post=2581"}],"curies":[{"name":"wp","href":"https:\/\/api.w.org\/{rel}","templated":true}]}}