{"id":2456,"date":"2012-02-11T15:13:32","date_gmt":"2012-02-11T14:13:32","guid":{"rendered":"https:\/\/www.umlautrecords.com\/?post_type=product&#038;p=2456"},"modified":"2023-06-13T15:48:16","modified_gmt":"2023-06-13T13:48:16","slug":"partition-beethoven-revelation","status":"publish","type":"product","link":"https:\/\/www.umlautrecords.com\/fr\/produit\/partition-beethoven-revelation\/","title":{"rendered":"Beethoven Revelation (Partition)"},"content":{"rendered":"<p>\u00ab\u00a0Ces quatre notes doivent \u00eatre jou\u00e9es \u00abtelles qu&rsquo;\u00e9crites\u00bb (selon la dynamique, l&rsquo;articulation, le tempo, l&rsquo;\u00e9thos, le \u00abstyle\u00bb, etc. &#8211; tout ajout d&rsquo;octave peut \u00eatre fait) et r\u00e9p\u00e9t\u00e9es plusieurs fois. Il doit y avoir un silence toujours plus ou moins de la m\u00eame dur\u00e9e entre chaque r\u00e9p\u00e9tition. A chaque r\u00e9p\u00e9tition, la note finale doit durer un peu plus longtemps que le temps pr\u00e9c\u00e9dent, jusqu&rsquo;\u00e0 ce que cette note finale dure tr\u00e8s longtemps. A chaque r\u00e9p\u00e9tition, les interpr\u00e8tes doivent introduire des variations de ton \u00abdans\u00bb la note finale. Lorsque la note finale commence \u00e0 \u00eatre longue, ils doivent \u00e9tudier diverses possibilit\u00e9s et combinaisons de toutes sortes d&rsquo;alt\u00e9rations spectrales pendant cette note, cr\u00e9ant des \u00absaillies\u00bb sonores, des \u00abprotub\u00e9rances\u00bb, des battements, des d\u00e9corations, etc.\u00a0\u00bb<\/p>\n<p>Sebastien Beliah (octobre 2012) d\u00e9di\u00e9 \u00e0 Philip Corner.<\/p>\n<p class=\"p1\">La partition est t\u00e9l\u00e9chargeable gratuitement en pdf, apr\u00e8s commande !<\/p>\n","protected":false},"excerpt":{"rendered":"<p>\u00ab\u00a0Ces quatre notes doivent \u00eatre jou\u00e9es \u00abtelles qu&rsquo;\u00e9crites\u00bb (selon la dynamique, l&rsquo;articulation, le tempo, l&rsquo;\u00e9thos, le \u00abstyle\u00bb, etc. &#8211; tout ajout d&rsquo;octave peut&hellip;<\/p>\n","protected":false},"featured_media":2463,"template":"","meta":{"_acf_changed":false},"product_brand":[],"product_cat":[30],"product_tag":[],"class_list":{"0":"post-2456","1":"product","2":"type-product","3":"status-publish","4":"has-post-thumbnail","6":"product_cat-partition","8":"first","9":"instock","10":"downloadable","11":"virtual","12":"taxable","13":"purchasable","14":"product-type-simple"},"acf":[],"yoast_head":"<!-- This site is optimized with the Yoast SEO plugin v27.0 - https:\/\/yoast.com\/product\/yoast-seo-wordpress\/ -->\n<title>Beethoven Revelation (Partition) - Umlaut records<\/title>\n<meta name=\"robots\" content=\"index, follow, max-snippet:-1, max-image-preview:large, max-video-preview:-1\" \/>\n<link rel=\"canonical\" href=\"https:\/\/www.umlautrecords.com\/fr\/produit\/partition-beethoven-revelation\/\" \/>\n<meta property=\"og:locale\" content=\"fr_FR\" \/>\n<meta property=\"og:type\" content=\"article\" \/>\n<meta property=\"og:title\" content=\"Beethoven Revelation (Partition) - Umlaut records\" \/>\n<meta property=\"og:description\" content=\"\u00ab\u00a0Ces quatre notes doivent \u00eatre jou\u00e9es \u00abtelles qu&rsquo;\u00e9crites\u00bb (selon la dynamique, l&rsquo;articulation, le tempo, l&rsquo;\u00e9thos, le \u00abstyle\u00bb, etc. &#8211; tout ajout d&rsquo;octave peut&hellip;\" \/>\n<meta property=\"og:url\" content=\"https:\/\/www.umlautrecords.com\/fr\/produit\/partition-beethoven-revelation\/\" \/>\n<meta property=\"og:site_name\" content=\"Umlaut records\" \/>\n<meta property=\"article:publisher\" content=\"https:\/\/www.facebook.com\/umlautrecords\" \/>\n<meta property=\"article:modified_time\" content=\"2023-06-13T13:48:16+00:00\" \/>\n<meta property=\"og:image\" content=\"https:\/\/www.umlautrecords.com\/wp-content\/uploads\/2021\/02\/umlaut-partitions-beethoven-revelation-capture-decran-2021-02-04-a-16.50.12-1.png\" \/>\n\t<meta property=\"og:image:width\" content=\"1000\" \/>\n\t<meta property=\"og:image:height\" content=\"1000\" \/>\n\t<meta property=\"og:image:type\" content=\"image\/png\" \/>\n<meta name=\"twitter:card\" content=\"summary_large_image\" \/>\n<meta name=\"twitter:label1\" content=\"Dur\u00e9e de lecture estim\u00e9e\" \/>\n\t<meta name=\"twitter:data1\" content=\"1 minute\" \/>\n<script type=\"application\/ld+json\" class=\"yoast-schema-graph\">{\"@context\":\"https:\/\/schema.org\",\"@graph\":[{\"@type\":\"WebPage\",\"@id\":\"https:\/\/www.umlautrecords.com\/fr\/produit\/partition-beethoven-revelation\/\",\"url\":\"https:\/\/www.umlautrecords.com\/fr\/produit\/partition-beethoven-revelation\/\",\"name\":\"Beethoven Revelation (Partition) - Umlaut records\",\"isPartOf\":{\"@id\":\"https:\/\/www.umlautrecords.com\/fr\/#website\"},\"primaryImageOfPage\":{\"@id\":\"https:\/\/www.umlautrecords.com\/fr\/produit\/partition-beethoven-revelation\/#primaryimage\"},\"image\":{\"@id\":\"https:\/\/www.umlautrecords.com\/fr\/produit\/partition-beethoven-revelation\/#primaryimage\"},\"thumbnailUrl\":\"https:\/\/www.umlautrecords.com\/wp-content\/uploads\/2021\/02\/umlaut-partitions-beethoven-revelation-capture-decran-2021-02-04-a-16.50.12-1.png\",\"datePublished\":\"2012-02-11T14:13:32+00:00\",\"dateModified\":\"2023-06-13T13:48:16+00:00\",\"breadcrumb\":{\"@id\":\"https:\/\/www.umlautrecords.com\/fr\/produit\/partition-beethoven-revelation\/#breadcrumb\"},\"inLanguage\":\"fr-FR\",\"potentialAction\":[{\"@type\":\"ReadAction\",\"target\":[\"https:\/\/www.umlautrecords.com\/fr\/produit\/partition-beethoven-revelation\/\"]}]},{\"@type\":\"ImageObject\",\"inLanguage\":\"fr-FR\",\"@id\":\"https:\/\/www.umlautrecords.com\/fr\/produit\/partition-beethoven-revelation\/#primaryimage\",\"url\":\"https:\/\/www.umlautrecords.com\/wp-content\/uploads\/2021\/02\/umlaut-partitions-beethoven-revelation-capture-decran-2021-02-04-a-16.50.12-1.png\",\"contentUrl\":\"https:\/\/www.umlautrecords.com\/wp-content\/uploads\/2021\/02\/umlaut-partitions-beethoven-revelation-capture-decran-2021-02-04-a-16.50.12-1.png\",\"width\":1000,\"height\":1000},{\"@type\":\"BreadcrumbList\",\"@id\":\"https:\/\/www.umlautrecords.com\/fr\/produit\/partition-beethoven-revelation\/#breadcrumb\",\"itemListElement\":[{\"@type\":\"ListItem\",\"position\":1,\"name\":\"Accueil\",\"item\":\"https:\/\/www.umlautrecords.com\/fr\/\"},{\"@type\":\"ListItem\",\"position\":2,\"name\":\"Catalogue\",\"item\":\"https:\/\/www.umlautrecords.com\/fr\/shop\/\"},{\"@type\":\"ListItem\",\"position\":3,\"name\":\"Beethoven Revelation (Partition)\"}]},{\"@type\":\"WebSite\",\"@id\":\"https:\/\/www.umlautrecords.com\/fr\/#website\",\"url\":\"https:\/\/www.umlautrecords.com\/fr\/\",\"name\":\"Umlaut records\",\"description\":\"transformation of sound\",\"publisher\":{\"@id\":\"https:\/\/www.umlautrecords.com\/fr\/#organization\"},\"potentialAction\":[{\"@type\":\"SearchAction\",\"target\":{\"@type\":\"EntryPoint\",\"urlTemplate\":\"https:\/\/www.umlautrecords.com\/fr\/?s={search_term_string}\"},\"query-input\":{\"@type\":\"PropertyValueSpecification\",\"valueRequired\":true,\"valueName\":\"search_term_string\"}}],\"inLanguage\":\"fr-FR\"},{\"@type\":\"Organization\",\"@id\":\"https:\/\/www.umlautrecords.com\/fr\/#organization\",\"name\":\"Umlaut records\",\"url\":\"https:\/\/www.umlautrecords.com\/fr\/\",\"logo\":{\"@type\":\"ImageObject\",\"inLanguage\":\"fr-FR\",\"@id\":\"https:\/\/www.umlautrecords.com\/fr\/#\/schema\/logo\/image\/\",\"url\":\"\",\"contentUrl\":\"\",\"caption\":\"Umlaut records\"},\"image\":{\"@id\":\"https:\/\/www.umlautrecords.com\/fr\/#\/schema\/logo\/image\/\"},\"sameAs\":[\"https:\/\/www.facebook.com\/umlautrecords\",\"https:\/\/www.instagram.com\/umlaut.records\/\",\"https:\/\/www.linkedin.com\/in\/umlaut-records-label-0678b7a4\/\",\"https:\/\/www.youtube.com\/user\/umsight\"]}]}<\/script>\n<!-- \/ Yoast SEO plugin. -->","yoast_head_json":{"title":"Beethoven Revelation (Partition) - Umlaut records","robots":{"index":"index","follow":"follow","max-snippet":"max-snippet:-1","max-image-preview":"max-image-preview:large","max-video-preview":"max-video-preview:-1"},"canonical":"https:\/\/www.umlautrecords.com\/fr\/produit\/partition-beethoven-revelation\/","og_locale":"fr_FR","og_type":"article","og_title":"Beethoven Revelation (Partition) - Umlaut records","og_description":"\u00ab\u00a0Ces quatre notes doivent \u00eatre jou\u00e9es \u00abtelles qu&rsquo;\u00e9crites\u00bb (selon la dynamique, l&rsquo;articulation, le tempo, l&rsquo;\u00e9thos, le \u00abstyle\u00bb, etc. &#8211; tout ajout d&rsquo;octave peut&hellip;","og_url":"https:\/\/www.umlautrecords.com\/fr\/produit\/partition-beethoven-revelation\/","og_site_name":"Umlaut records","article_publisher":"https:\/\/www.facebook.com\/umlautrecords","article_modified_time":"2023-06-13T13:48:16+00:00","og_image":[{"width":1000,"height":1000,"url":"https:\/\/www.umlautrecords.com\/wp-content\/uploads\/2021\/02\/umlaut-partitions-beethoven-revelation-capture-decran-2021-02-04-a-16.50.12-1.png","type":"image\/png"}],"twitter_card":"summary_large_image","twitter_misc":{"Dur\u00e9e de lecture estim\u00e9e":"1 minute"},"schema":{"@context":"https:\/\/schema.org","@graph":[{"@type":"WebPage","@id":"https:\/\/www.umlautrecords.com\/fr\/produit\/partition-beethoven-revelation\/","url":"https:\/\/www.umlautrecords.com\/fr\/produit\/partition-beethoven-revelation\/","name":"Beethoven Revelation (Partition) - Umlaut records","isPartOf":{"@id":"https:\/\/www.umlautrecords.com\/fr\/#website"},"primaryImageOfPage":{"@id":"https:\/\/www.umlautrecords.com\/fr\/produit\/partition-beethoven-revelation\/#primaryimage"},"image":{"@id":"https:\/\/www.umlautrecords.com\/fr\/produit\/partition-beethoven-revelation\/#primaryimage"},"thumbnailUrl":"https:\/\/www.umlautrecords.com\/wp-content\/uploads\/2021\/02\/umlaut-partitions-beethoven-revelation-capture-decran-2021-02-04-a-16.50.12-1.png","datePublished":"2012-02-11T14:13:32+00:00","dateModified":"2023-06-13T13:48:16+00:00","breadcrumb":{"@id":"https:\/\/www.umlautrecords.com\/fr\/produit\/partition-beethoven-revelation\/#breadcrumb"},"inLanguage":"fr-FR","potentialAction":[{"@type":"ReadAction","target":["https:\/\/www.umlautrecords.com\/fr\/produit\/partition-beethoven-revelation\/"]}]},{"@type":"ImageObject","inLanguage":"fr-FR","@id":"https:\/\/www.umlautrecords.com\/fr\/produit\/partition-beethoven-revelation\/#primaryimage","url":"https:\/\/www.umlautrecords.com\/wp-content\/uploads\/2021\/02\/umlaut-partitions-beethoven-revelation-capture-decran-2021-02-04-a-16.50.12-1.png","contentUrl":"https:\/\/www.umlautrecords.com\/wp-content\/uploads\/2021\/02\/umlaut-partitions-beethoven-revelation-capture-decran-2021-02-04-a-16.50.12-1.png","width":1000,"height":1000},{"@type":"BreadcrumbList","@id":"https:\/\/www.umlautrecords.com\/fr\/produit\/partition-beethoven-revelation\/#breadcrumb","itemListElement":[{"@type":"ListItem","position":1,"name":"Accueil","item":"https:\/\/www.umlautrecords.com\/fr\/"},{"@type":"ListItem","position":2,"name":"Catalogue","item":"https:\/\/www.umlautrecords.com\/fr\/shop\/"},{"@type":"ListItem","position":3,"name":"Beethoven Revelation (Partition)"}]},{"@type":"WebSite","@id":"https:\/\/www.umlautrecords.com\/fr\/#website","url":"https:\/\/www.umlautrecords.com\/fr\/","name":"Umlaut records","description":"transformation of sound","publisher":{"@id":"https:\/\/www.umlautrecords.com\/fr\/#organization"},"potentialAction":[{"@type":"SearchAction","target":{"@type":"EntryPoint","urlTemplate":"https:\/\/www.umlautrecords.com\/fr\/?s={search_term_string}"},"query-input":{"@type":"PropertyValueSpecification","valueRequired":true,"valueName":"search_term_string"}}],"inLanguage":"fr-FR"},{"@type":"Organization","@id":"https:\/\/www.umlautrecords.com\/fr\/#organization","name":"Umlaut records","url":"https:\/\/www.umlautrecords.com\/fr\/","logo":{"@type":"ImageObject","inLanguage":"fr-FR","@id":"https:\/\/www.umlautrecords.com\/fr\/#\/schema\/logo\/image\/","url":"","contentUrl":"","caption":"Umlaut records"},"image":{"@id":"https:\/\/www.umlautrecords.com\/fr\/#\/schema\/logo\/image\/"},"sameAs":["https:\/\/www.facebook.com\/umlautrecords","https:\/\/www.instagram.com\/umlaut.records\/","https:\/\/www.linkedin.com\/in\/umlaut-records-label-0678b7a4\/","https:\/\/www.youtube.com\/user\/umsight"]}]}},"_links":{"self":[{"href":"https:\/\/www.umlautrecords.com\/fr\/wp-json\/wp\/v2\/product\/2456","targetHints":{"allow":["GET"]}}],"collection":[{"href":"https:\/\/www.umlautrecords.com\/fr\/wp-json\/wp\/v2\/product"}],"about":[{"href":"https:\/\/www.umlautrecords.com\/fr\/wp-json\/wp\/v2\/types\/product"}],"wp:featuredmedia":[{"embeddable":true,"href":"https:\/\/www.umlautrecords.com\/fr\/wp-json\/wp\/v2\/media\/2463"}],"wp:attachment":[{"href":"https:\/\/www.umlautrecords.com\/fr\/wp-json\/wp\/v2\/media?parent=2456"}],"wp:term":[{"taxonomy":"product_brand","embeddable":true,"href":"https:\/\/www.umlautrecords.com\/fr\/wp-json\/wp\/v2\/product_brand?post=2456"},{"taxonomy":"product_cat","embeddable":true,"href":"https:\/\/www.umlautrecords.com\/fr\/wp-json\/wp\/v2\/product_cat?post=2456"},{"taxonomy":"product_tag","embeddable":true,"href":"https:\/\/www.umlautrecords.com\/fr\/wp-json\/wp\/v2\/product_tag?post=2456"}],"curies":[{"name":"wp","href":"https:\/\/api.w.org\/{rel}","templated":true}]}}