{"id":2112,"date":"2014-04-05T12:12:24","date_gmt":"2014-04-05T10:12:24","guid":{"rendered":"https:\/\/www.umlautrecords.com\/?post_type=product&#038;p=2112"},"modified":"2023-06-13T15:46:07","modified_gmt":"2023-06-13T13:46:07","slug":"comme-un-seul-homme","status":"publish","type":"product","link":"https:\/\/www.umlautrecords.com\/fr\/produit\/comme-un-seul-homme\/","title":{"rendered":"Comme un Seul Homme (Partition)"},"content":{"rendered":"<p>Composition de Karl Naegelen pour un percussionniste solo. A Alexandre Esperet.<\/p>\n<p>Cette piece est compos\u00e9e \u00e0 partir d\u2019une phrase de Gustav Mahler, tir\u00e9e de sa correspondance avec son ami Fritz L\u00f6hr. \u00ab L\u2019appel de l\u2019amour rend un son si creux dans ces rochers immobiles, on finit par prendre peur d\u2019entendre sa propre voix. \u00bb (Traduction issue de la biographie de Mahler par Henri-Louis de Lagrange, aux \u00e9ditions Fayard).<br \/>\nLe percussionniste utilise sa voix de multiples fa\u00e7ons, en s\u2019accompagnant d\u2019objets tr\u00e8s simples (pierres, sacs en plastique, hochet, etc.). Cette pi\u00e8ce est d\u00e9di\u00e9e \u00e0 Alexandre Esperet qui la cr\u00e9a au Hermitage Theater de Saint Petersbourgh (Russie).<\/p>\n<p class=\"p1\">La partition est t\u00e9l\u00e9chargeable gratuitement en pdf, apr\u00e8s commande !<\/p>\n","protected":false},"excerpt":{"rendered":"<p>Composition de Karl Naegelen pour un percussionniste solo. A Alexandre Esperet. Cette piece est compos\u00e9e \u00e0 partir d\u2019une phrase de Gustav Mahler, tir\u00e9e&hellip;<\/p>\n","protected":false},"featured_media":2113,"template":"","meta":{"_acf_changed":false},"product_brand":[],"product_cat":[30],"product_tag":[],"class_list":{"0":"post-2112","1":"product","2":"type-product","3":"status-publish","4":"has-post-thumbnail","6":"product_cat-partition","8":"first","9":"instock","10":"downloadable","11":"virtual","12":"taxable","13":"purchasable","14":"product-type-simple"},"acf":[],"yoast_head":"<!-- This site is optimized with the Yoast SEO plugin v27.0 - https:\/\/yoast.com\/product\/yoast-seo-wordpress\/ -->\n<title>Comme un Seul Homme (Partition) - Umlaut records<\/title>\n<meta name=\"robots\" content=\"index, follow, max-snippet:-1, max-image-preview:large, max-video-preview:-1\" \/>\n<link rel=\"canonical\" href=\"https:\/\/www.umlautrecords.com\/fr\/produit\/comme-un-seul-homme\/\" \/>\n<meta property=\"og:locale\" content=\"fr_FR\" \/>\n<meta property=\"og:type\" content=\"article\" \/>\n<meta property=\"og:title\" content=\"Comme un Seul Homme (Partition) - Umlaut records\" \/>\n<meta property=\"og:description\" content=\"Composition de Karl Naegelen pour un percussionniste solo. A Alexandre Esperet. Cette piece est compos\u00e9e \u00e0 partir d\u2019une phrase de Gustav Mahler, tir\u00e9e&hellip;\" \/>\n<meta property=\"og:url\" content=\"https:\/\/www.umlautrecords.com\/fr\/produit\/comme-un-seul-homme\/\" \/>\n<meta property=\"og:site_name\" content=\"Umlaut records\" \/>\n<meta property=\"article:publisher\" content=\"https:\/\/www.facebook.com\/umlautrecords\" \/>\n<meta property=\"article:modified_time\" content=\"2023-06-13T13:46:07+00:00\" \/>\n<meta property=\"og:image\" content=\"https:\/\/www.umlautrecords.com\/wp-content\/uploads\/2020\/10\/umlaut-comme-un-seul-homme-comme-un-homme-seul.png\" \/>\n\t<meta property=\"og:image:width\" content=\"1002\" \/>\n\t<meta property=\"og:image:height\" content=\"1000\" \/>\n\t<meta property=\"og:image:type\" content=\"image\/png\" \/>\n<meta name=\"twitter:card\" content=\"summary_large_image\" \/>\n<meta name=\"twitter:label1\" content=\"Dur\u00e9e de lecture estim\u00e9e\" \/>\n\t<meta name=\"twitter:data1\" content=\"1 minute\" \/>\n<script type=\"application\/ld+json\" class=\"yoast-schema-graph\">{\"@context\":\"https:\/\/schema.org\",\"@graph\":[{\"@type\":\"WebPage\",\"@id\":\"https:\/\/www.umlautrecords.com\/fr\/produit\/comme-un-seul-homme\/\",\"url\":\"https:\/\/www.umlautrecords.com\/fr\/produit\/comme-un-seul-homme\/\",\"name\":\"Comme un Seul Homme (Partition) - Umlaut records\",\"isPartOf\":{\"@id\":\"https:\/\/www.umlautrecords.com\/fr\/#website\"},\"primaryImageOfPage\":{\"@id\":\"https:\/\/www.umlautrecords.com\/fr\/produit\/comme-un-seul-homme\/#primaryimage\"},\"image\":{\"@id\":\"https:\/\/www.umlautrecords.com\/fr\/produit\/comme-un-seul-homme\/#primaryimage\"},\"thumbnailUrl\":\"https:\/\/www.umlautrecords.com\/wp-content\/uploads\/2020\/10\/umlaut-comme-un-seul-homme-comme-un-homme-seul.png\",\"datePublished\":\"2014-04-05T10:12:24+00:00\",\"dateModified\":\"2023-06-13T13:46:07+00:00\",\"breadcrumb\":{\"@id\":\"https:\/\/www.umlautrecords.com\/fr\/produit\/comme-un-seul-homme\/#breadcrumb\"},\"inLanguage\":\"fr-FR\",\"potentialAction\":[{\"@type\":\"ReadAction\",\"target\":[\"https:\/\/www.umlautrecords.com\/fr\/produit\/comme-un-seul-homme\/\"]}]},{\"@type\":\"ImageObject\",\"inLanguage\":\"fr-FR\",\"@id\":\"https:\/\/www.umlautrecords.com\/fr\/produit\/comme-un-seul-homme\/#primaryimage\",\"url\":\"https:\/\/www.umlautrecords.com\/wp-content\/uploads\/2020\/10\/umlaut-comme-un-seul-homme-comme-un-homme-seul.png\",\"contentUrl\":\"https:\/\/www.umlautrecords.com\/wp-content\/uploads\/2020\/10\/umlaut-comme-un-seul-homme-comme-un-homme-seul.png\",\"width\":1002,\"height\":1000},{\"@type\":\"BreadcrumbList\",\"@id\":\"https:\/\/www.umlautrecords.com\/fr\/produit\/comme-un-seul-homme\/#breadcrumb\",\"itemListElement\":[{\"@type\":\"ListItem\",\"position\":1,\"name\":\"Accueil\",\"item\":\"https:\/\/www.umlautrecords.com\/fr\/\"},{\"@type\":\"ListItem\",\"position\":2,\"name\":\"Catalogue\",\"item\":\"https:\/\/www.umlautrecords.com\/fr\/shop\/\"},{\"@type\":\"ListItem\",\"position\":3,\"name\":\"Comme un Seul Homme (Partition)\"}]},{\"@type\":\"WebSite\",\"@id\":\"https:\/\/www.umlautrecords.com\/fr\/#website\",\"url\":\"https:\/\/www.umlautrecords.com\/fr\/\",\"name\":\"Umlaut records\",\"description\":\"transformation of sound\",\"publisher\":{\"@id\":\"https:\/\/www.umlautrecords.com\/fr\/#organization\"},\"potentialAction\":[{\"@type\":\"SearchAction\",\"target\":{\"@type\":\"EntryPoint\",\"urlTemplate\":\"https:\/\/www.umlautrecords.com\/fr\/?s={search_term_string}\"},\"query-input\":{\"@type\":\"PropertyValueSpecification\",\"valueRequired\":true,\"valueName\":\"search_term_string\"}}],\"inLanguage\":\"fr-FR\"},{\"@type\":\"Organization\",\"@id\":\"https:\/\/www.umlautrecords.com\/fr\/#organization\",\"name\":\"Umlaut records\",\"url\":\"https:\/\/www.umlautrecords.com\/fr\/\",\"logo\":{\"@type\":\"ImageObject\",\"inLanguage\":\"fr-FR\",\"@id\":\"https:\/\/www.umlautrecords.com\/fr\/#\/schema\/logo\/image\/\",\"url\":\"\",\"contentUrl\":\"\",\"caption\":\"Umlaut records\"},\"image\":{\"@id\":\"https:\/\/www.umlautrecords.com\/fr\/#\/schema\/logo\/image\/\"},\"sameAs\":[\"https:\/\/www.facebook.com\/umlautrecords\",\"https:\/\/www.instagram.com\/umlaut.records\/\",\"https:\/\/www.linkedin.com\/in\/umlaut-records-label-0678b7a4\/\",\"https:\/\/www.youtube.com\/user\/umsight\"]}]}<\/script>\n<!-- \/ Yoast SEO plugin. -->","yoast_head_json":{"title":"Comme un Seul Homme (Partition) - Umlaut records","robots":{"index":"index","follow":"follow","max-snippet":"max-snippet:-1","max-image-preview":"max-image-preview:large","max-video-preview":"max-video-preview:-1"},"canonical":"https:\/\/www.umlautrecords.com\/fr\/produit\/comme-un-seul-homme\/","og_locale":"fr_FR","og_type":"article","og_title":"Comme un Seul Homme (Partition) - Umlaut records","og_description":"Composition de Karl Naegelen pour un percussionniste solo. A Alexandre Esperet. Cette piece est compos\u00e9e \u00e0 partir d\u2019une phrase de Gustav Mahler, tir\u00e9e&hellip;","og_url":"https:\/\/www.umlautrecords.com\/fr\/produit\/comme-un-seul-homme\/","og_site_name":"Umlaut records","article_publisher":"https:\/\/www.facebook.com\/umlautrecords","article_modified_time":"2023-06-13T13:46:07+00:00","og_image":[{"width":1002,"height":1000,"url":"https:\/\/www.umlautrecords.com\/wp-content\/uploads\/2020\/10\/umlaut-comme-un-seul-homme-comme-un-homme-seul.png","type":"image\/png"}],"twitter_card":"summary_large_image","twitter_misc":{"Dur\u00e9e de lecture estim\u00e9e":"1 minute"},"schema":{"@context":"https:\/\/schema.org","@graph":[{"@type":"WebPage","@id":"https:\/\/www.umlautrecords.com\/fr\/produit\/comme-un-seul-homme\/","url":"https:\/\/www.umlautrecords.com\/fr\/produit\/comme-un-seul-homme\/","name":"Comme un Seul Homme (Partition) - Umlaut records","isPartOf":{"@id":"https:\/\/www.umlautrecords.com\/fr\/#website"},"primaryImageOfPage":{"@id":"https:\/\/www.umlautrecords.com\/fr\/produit\/comme-un-seul-homme\/#primaryimage"},"image":{"@id":"https:\/\/www.umlautrecords.com\/fr\/produit\/comme-un-seul-homme\/#primaryimage"},"thumbnailUrl":"https:\/\/www.umlautrecords.com\/wp-content\/uploads\/2020\/10\/umlaut-comme-un-seul-homme-comme-un-homme-seul.png","datePublished":"2014-04-05T10:12:24+00:00","dateModified":"2023-06-13T13:46:07+00:00","breadcrumb":{"@id":"https:\/\/www.umlautrecords.com\/fr\/produit\/comme-un-seul-homme\/#breadcrumb"},"inLanguage":"fr-FR","potentialAction":[{"@type":"ReadAction","target":["https:\/\/www.umlautrecords.com\/fr\/produit\/comme-un-seul-homme\/"]}]},{"@type":"ImageObject","inLanguage":"fr-FR","@id":"https:\/\/www.umlautrecords.com\/fr\/produit\/comme-un-seul-homme\/#primaryimage","url":"https:\/\/www.umlautrecords.com\/wp-content\/uploads\/2020\/10\/umlaut-comme-un-seul-homme-comme-un-homme-seul.png","contentUrl":"https:\/\/www.umlautrecords.com\/wp-content\/uploads\/2020\/10\/umlaut-comme-un-seul-homme-comme-un-homme-seul.png","width":1002,"height":1000},{"@type":"BreadcrumbList","@id":"https:\/\/www.umlautrecords.com\/fr\/produit\/comme-un-seul-homme\/#breadcrumb","itemListElement":[{"@type":"ListItem","position":1,"name":"Accueil","item":"https:\/\/www.umlautrecords.com\/fr\/"},{"@type":"ListItem","position":2,"name":"Catalogue","item":"https:\/\/www.umlautrecords.com\/fr\/shop\/"},{"@type":"ListItem","position":3,"name":"Comme un Seul Homme (Partition)"}]},{"@type":"WebSite","@id":"https:\/\/www.umlautrecords.com\/fr\/#website","url":"https:\/\/www.umlautrecords.com\/fr\/","name":"Umlaut records","description":"transformation of sound","publisher":{"@id":"https:\/\/www.umlautrecords.com\/fr\/#organization"},"potentialAction":[{"@type":"SearchAction","target":{"@type":"EntryPoint","urlTemplate":"https:\/\/www.umlautrecords.com\/fr\/?s={search_term_string}"},"query-input":{"@type":"PropertyValueSpecification","valueRequired":true,"valueName":"search_term_string"}}],"inLanguage":"fr-FR"},{"@type":"Organization","@id":"https:\/\/www.umlautrecords.com\/fr\/#organization","name":"Umlaut records","url":"https:\/\/www.umlautrecords.com\/fr\/","logo":{"@type":"ImageObject","inLanguage":"fr-FR","@id":"https:\/\/www.umlautrecords.com\/fr\/#\/schema\/logo\/image\/","url":"","contentUrl":"","caption":"Umlaut records"},"image":{"@id":"https:\/\/www.umlautrecords.com\/fr\/#\/schema\/logo\/image\/"},"sameAs":["https:\/\/www.facebook.com\/umlautrecords","https:\/\/www.instagram.com\/umlaut.records\/","https:\/\/www.linkedin.com\/in\/umlaut-records-label-0678b7a4\/","https:\/\/www.youtube.com\/user\/umsight"]}]}},"_links":{"self":[{"href":"https:\/\/www.umlautrecords.com\/fr\/wp-json\/wp\/v2\/product\/2112","targetHints":{"allow":["GET"]}}],"collection":[{"href":"https:\/\/www.umlautrecords.com\/fr\/wp-json\/wp\/v2\/product"}],"about":[{"href":"https:\/\/www.umlautrecords.com\/fr\/wp-json\/wp\/v2\/types\/product"}],"wp:featuredmedia":[{"embeddable":true,"href":"https:\/\/www.umlautrecords.com\/fr\/wp-json\/wp\/v2\/media\/2113"}],"wp:attachment":[{"href":"https:\/\/www.umlautrecords.com\/fr\/wp-json\/wp\/v2\/media?parent=2112"}],"wp:term":[{"taxonomy":"product_brand","embeddable":true,"href":"https:\/\/www.umlautrecords.com\/fr\/wp-json\/wp\/v2\/product_brand?post=2112"},{"taxonomy":"product_cat","embeddable":true,"href":"https:\/\/www.umlautrecords.com\/fr\/wp-json\/wp\/v2\/product_cat?post=2112"},{"taxonomy":"product_tag","embeddable":true,"href":"https:\/\/www.umlautrecords.com\/fr\/wp-json\/wp\/v2\/product_tag?post=2112"}],"curies":[{"name":"wp","href":"https:\/\/api.w.org\/{rel}","templated":true}]}}