{"id":183,"date":"2020-01-28T21:00:14","date_gmt":"2020-01-28T20:00:14","guid":{"rendered":"http:\/\/localhost\/umlaut\/?post_type=product&#038;p=183"},"modified":"2025-07-24T12:12:26","modified_gmt":"2025-07-24T10:12:26","slug":"ornithologie","status":"publish","type":"product","link":"https:\/\/www.umlautrecords.com\/fr\/produit\/ornithologie\/","title":{"rendered":"Ornithologie (CD)"},"content":{"rendered":"<p>Version num\u00e9rique disponible sur <a href=\"https:\/\/umlautrecords.bandcamp.com\/album\/ornithologie\">Bandcamp<\/a>.<\/p>\n<p><span style=\"font-weight: 400;\">Trio fond\u00e9 en 2014, Un Poco Loco continue de (re)visiter son histoire personnelle du jazz, peut-\u00eatre un peu folle mais surtout tr\u00e8s lib\u00e9r\u00e9e. Apr\u00e8s l\u2019\u00e9ponyme Un Poco Loco et Feelin\u2019 Pretty consacr\u00e9 au West Side Story de Leonard Bernstein, Fidel Fourneyron, S\u00e9bastien Beliah et Geoffroy Gesser ont d\u00e9j\u00e0 affirm\u00e9 une identit\u00e9 musicale forte, d\u00e9montrant si besoin que les traditions n\u2019\u00e9taient pas moins honor\u00e9es dans la libert\u00e9. La critique ne s\u2019y est pas tromp\u00e9e (avec notamment une victoire au prestigieux concours Jazz Migration) ; le public encore moins. Pour ce troisi\u00e8me album, le trio remet le couvert avec un nouveau r\u00e9pertoire illustre \u00e0 r\u00e9inventer, celui de Charlie Parker !<\/span><\/p>\n<p><span style=\"font-weight: 400;\">Dans Ornithologie, les compositions de Bird deviennent pour le trio d\u2019abord un h\u00e9ritage : celui des solos l\u00e9gendaires de Parker, leur \u00e9vidence m\u00e9lodique, leur swing \u00e9ternellement actuel. Mais plus qu\u2019un h\u00e9ritage, le r\u00e9pertoire du ma\u00eetre du bebop est le terrain de jeu pour d\u2019innombrables occasions de r\u00e9inventer ces th\u00e8mes dont les possibles n\u2019avaient pas \u00e9t\u00e9 \u00e9puis\u00e9s. \u00c0 la fa\u00e7on des boppers, Un Poco Loco prend un plaisir intens\u00e9ment et musicalement lib\u00e9rateur \u00e0 rediriger ces musiques vers une infinit\u00e9 d\u2019autres directions. Celles qui surgissent \u00e0 chaque d\u00e9tour du r\u00e9pertoire du Bird dans cette ornithologie qui ne se r\u00e9sume pas en mot.<\/span><\/p>\n<p><span style=\"font-weight: 400;\">Tout comme ne se r\u00e9sume pas la complicit\u00e9 communicative d\u2019un trio sachant d\u00e9cid\u00e9ment sonner comme un orchestre ou comme un seul homme. De cette unit\u00e9, ils tirent les ressources d\u2019une musique faisant exploser dans le jeu les potentialit\u00e9s des timbres et des improvisations, obligeant chaque instrumentiste \u00e0 se d\u00e9multiplier dans une infinit\u00e9 de r\u00f4les et de vocabulaires. Sans nostalgie trop obs\u00e9quieuse et au plus pr\u00e8s de l\u2019\u00e2me vibrante de la musique de Bird, Un Poco Loco r\u00e9ussit le pari d\u2019ouvrir ces th\u00e8mes imp\u00e9rissables vers une nouvelle \u00e9coute que personne, sauf eux, n\u2019avait imagin\u00e9e. Elle s\u2019impose pourtant, imm\u00e9diatement, comme une \u00e9vidence.<\/span><\/p>\n","protected":false},"excerpt":{"rendered":"<p>Version num\u00e9rique disponible sur Bandcamp. Trio fond\u00e9 en 2014, Un Poco Loco continue de (re)visiter son histoire personnelle du jazz, peut-\u00eatre un peu&hellip;<\/p>\n","protected":false},"featured_media":184,"template":"","meta":{"_acf_changed":false},"product_brand":[],"product_cat":[29],"product_tag":[],"class_list":{"0":"post-183","1":"product","2":"type-product","3":"status-publish","4":"has-post-thumbnail","6":"product_cat-album","7":"product_shipping_class-cd","9":"first","10":"onbackorder","11":"taxable","12":"shipping-taxable","13":"purchasable","14":"product-type-simple"},"acf":[],"yoast_head":"<!-- This site is optimized with the Yoast SEO plugin v27.0 - https:\/\/yoast.com\/product\/yoast-seo-wordpress\/ -->\n<title>Ornithologie (CD) - Umlaut records<\/title>\n<meta name=\"robots\" content=\"index, follow, max-snippet:-1, max-image-preview:large, max-video-preview:-1\" \/>\n<link rel=\"canonical\" href=\"https:\/\/www.umlautrecords.com\/fr\/produit\/ornithologie\/\" \/>\n<meta property=\"og:locale\" content=\"fr_FR\" \/>\n<meta property=\"og:type\" content=\"article\" \/>\n<meta property=\"og:title\" content=\"Ornithologie (CD) - Umlaut records\" \/>\n<meta property=\"og:description\" content=\"Version num\u00e9rique disponible sur Bandcamp. Trio fond\u00e9 en 2014, Un Poco Loco continue de (re)visiter son histoire personnelle du jazz, peut-\u00eatre un peu&hellip;\" \/>\n<meta property=\"og:url\" content=\"https:\/\/www.umlautrecords.com\/fr\/produit\/ornithologie\/\" \/>\n<meta property=\"og:site_name\" content=\"Umlaut records\" \/>\n<meta property=\"article:publisher\" content=\"https:\/\/www.facebook.com\/umlautrecords\" \/>\n<meta property=\"article:modified_time\" content=\"2025-07-24T10:12:26+00:00\" \/>\n<meta property=\"og:image\" content=\"https:\/\/www.umlautrecords.com\/wp-content\/uploads\/2020\/02\/digi-ornithologie-v4-recto-1024x917.jpg\" \/>\n\t<meta property=\"og:image:width\" content=\"1024\" \/>\n\t<meta property=\"og:image:height\" content=\"917\" \/>\n\t<meta property=\"og:image:type\" content=\"image\/jpeg\" \/>\n<meta name=\"twitter:card\" content=\"summary_large_image\" \/>\n<meta name=\"twitter:label1\" content=\"Dur\u00e9e de lecture estim\u00e9e\" \/>\n\t<meta name=\"twitter:data1\" content=\"2 minutes\" \/>\n<script type=\"application\/ld+json\" class=\"yoast-schema-graph\">{\"@context\":\"https:\/\/schema.org\",\"@graph\":[{\"@type\":\"WebPage\",\"@id\":\"https:\/\/www.umlautrecords.com\/fr\/produit\/ornithologie\/\",\"url\":\"https:\/\/www.umlautrecords.com\/fr\/produit\/ornithologie\/\",\"name\":\"Ornithologie (CD) - Umlaut records\",\"isPartOf\":{\"@id\":\"https:\/\/www.umlautrecords.com\/fr\/#website\"},\"primaryImageOfPage\":{\"@id\":\"https:\/\/www.umlautrecords.com\/fr\/produit\/ornithologie\/#primaryimage\"},\"image\":{\"@id\":\"https:\/\/www.umlautrecords.com\/fr\/produit\/ornithologie\/#primaryimage\"},\"thumbnailUrl\":\"https:\/\/www.umlautrecords.com\/wp-content\/uploads\/2020\/02\/digi-ornithologie-v4-recto-1024x917.jpg\",\"datePublished\":\"2020-01-28T20:00:14+00:00\",\"dateModified\":\"2025-07-24T10:12:26+00:00\",\"breadcrumb\":{\"@id\":\"https:\/\/www.umlautrecords.com\/fr\/produit\/ornithologie\/#breadcrumb\"},\"inLanguage\":\"fr-FR\",\"potentialAction\":[{\"@type\":\"ReadAction\",\"target\":[\"https:\/\/www.umlautrecords.com\/fr\/produit\/ornithologie\/\"]}]},{\"@type\":\"ImageObject\",\"inLanguage\":\"fr-FR\",\"@id\":\"https:\/\/www.umlautrecords.com\/fr\/produit\/ornithologie\/#primaryimage\",\"url\":\"https:\/\/www.umlautrecords.com\/wp-content\/uploads\/2020\/02\/digi-ornithologie-v4-recto-1024x917.jpg\",\"contentUrl\":\"https:\/\/www.umlautrecords.com\/wp-content\/uploads\/2020\/02\/digi-ornithologie-v4-recto-1024x917.jpg\",\"width\":1024,\"height\":917},{\"@type\":\"BreadcrumbList\",\"@id\":\"https:\/\/www.umlautrecords.com\/fr\/produit\/ornithologie\/#breadcrumb\",\"itemListElement\":[{\"@type\":\"ListItem\",\"position\":1,\"name\":\"Accueil\",\"item\":\"https:\/\/www.umlautrecords.com\/fr\/\"},{\"@type\":\"ListItem\",\"position\":2,\"name\":\"Catalogue\",\"item\":\"https:\/\/www.umlautrecords.com\/fr\/shop\/\"},{\"@type\":\"ListItem\",\"position\":3,\"name\":\"Ornithologie (CD)\"}]},{\"@type\":\"WebSite\",\"@id\":\"https:\/\/www.umlautrecords.com\/fr\/#website\",\"url\":\"https:\/\/www.umlautrecords.com\/fr\/\",\"name\":\"Umlaut records\",\"description\":\"transformation of sound\",\"publisher\":{\"@id\":\"https:\/\/www.umlautrecords.com\/fr\/#organization\"},\"potentialAction\":[{\"@type\":\"SearchAction\",\"target\":{\"@type\":\"EntryPoint\",\"urlTemplate\":\"https:\/\/www.umlautrecords.com\/fr\/?s={search_term_string}\"},\"query-input\":{\"@type\":\"PropertyValueSpecification\",\"valueRequired\":true,\"valueName\":\"search_term_string\"}}],\"inLanguage\":\"fr-FR\"},{\"@type\":\"Organization\",\"@id\":\"https:\/\/www.umlautrecords.com\/fr\/#organization\",\"name\":\"Umlaut records\",\"url\":\"https:\/\/www.umlautrecords.com\/fr\/\",\"logo\":{\"@type\":\"ImageObject\",\"inLanguage\":\"fr-FR\",\"@id\":\"https:\/\/www.umlautrecords.com\/fr\/#\/schema\/logo\/image\/\",\"url\":\"\",\"contentUrl\":\"\",\"caption\":\"Umlaut records\"},\"image\":{\"@id\":\"https:\/\/www.umlautrecords.com\/fr\/#\/schema\/logo\/image\/\"},\"sameAs\":[\"https:\/\/www.facebook.com\/umlautrecords\",\"https:\/\/www.instagram.com\/umlaut.records\/\",\"https:\/\/www.linkedin.com\/in\/umlaut-records-label-0678b7a4\/\",\"https:\/\/www.youtube.com\/user\/umsight\"]}]}<\/script>\n<!-- \/ Yoast SEO plugin. -->","yoast_head_json":{"title":"Ornithologie (CD) - Umlaut records","robots":{"index":"index","follow":"follow","max-snippet":"max-snippet:-1","max-image-preview":"max-image-preview:large","max-video-preview":"max-video-preview:-1"},"canonical":"https:\/\/www.umlautrecords.com\/fr\/produit\/ornithologie\/","og_locale":"fr_FR","og_type":"article","og_title":"Ornithologie (CD) - Umlaut records","og_description":"Version num\u00e9rique disponible sur Bandcamp. Trio fond\u00e9 en 2014, Un Poco Loco continue de (re)visiter son histoire personnelle du jazz, peut-\u00eatre un peu&hellip;","og_url":"https:\/\/www.umlautrecords.com\/fr\/produit\/ornithologie\/","og_site_name":"Umlaut records","article_publisher":"https:\/\/www.facebook.com\/umlautrecords","article_modified_time":"2025-07-24T10:12:26+00:00","og_image":[{"width":1024,"height":917,"url":"https:\/\/www.umlautrecords.com\/wp-content\/uploads\/2020\/02\/digi-ornithologie-v4-recto-1024x917.jpg","type":"image\/jpeg"}],"twitter_card":"summary_large_image","twitter_misc":{"Dur\u00e9e de lecture estim\u00e9e":"2 minutes"},"schema":{"@context":"https:\/\/schema.org","@graph":[{"@type":"WebPage","@id":"https:\/\/www.umlautrecords.com\/fr\/produit\/ornithologie\/","url":"https:\/\/www.umlautrecords.com\/fr\/produit\/ornithologie\/","name":"Ornithologie (CD) - Umlaut records","isPartOf":{"@id":"https:\/\/www.umlautrecords.com\/fr\/#website"},"primaryImageOfPage":{"@id":"https:\/\/www.umlautrecords.com\/fr\/produit\/ornithologie\/#primaryimage"},"image":{"@id":"https:\/\/www.umlautrecords.com\/fr\/produit\/ornithologie\/#primaryimage"},"thumbnailUrl":"https:\/\/www.umlautrecords.com\/wp-content\/uploads\/2020\/02\/digi-ornithologie-v4-recto-1024x917.jpg","datePublished":"2020-01-28T20:00:14+00:00","dateModified":"2025-07-24T10:12:26+00:00","breadcrumb":{"@id":"https:\/\/www.umlautrecords.com\/fr\/produit\/ornithologie\/#breadcrumb"},"inLanguage":"fr-FR","potentialAction":[{"@type":"ReadAction","target":["https:\/\/www.umlautrecords.com\/fr\/produit\/ornithologie\/"]}]},{"@type":"ImageObject","inLanguage":"fr-FR","@id":"https:\/\/www.umlautrecords.com\/fr\/produit\/ornithologie\/#primaryimage","url":"https:\/\/www.umlautrecords.com\/wp-content\/uploads\/2020\/02\/digi-ornithologie-v4-recto-1024x917.jpg","contentUrl":"https:\/\/www.umlautrecords.com\/wp-content\/uploads\/2020\/02\/digi-ornithologie-v4-recto-1024x917.jpg","width":1024,"height":917},{"@type":"BreadcrumbList","@id":"https:\/\/www.umlautrecords.com\/fr\/produit\/ornithologie\/#breadcrumb","itemListElement":[{"@type":"ListItem","position":1,"name":"Accueil","item":"https:\/\/www.umlautrecords.com\/fr\/"},{"@type":"ListItem","position":2,"name":"Catalogue","item":"https:\/\/www.umlautrecords.com\/fr\/shop\/"},{"@type":"ListItem","position":3,"name":"Ornithologie (CD)"}]},{"@type":"WebSite","@id":"https:\/\/www.umlautrecords.com\/fr\/#website","url":"https:\/\/www.umlautrecords.com\/fr\/","name":"Umlaut records","description":"transformation of sound","publisher":{"@id":"https:\/\/www.umlautrecords.com\/fr\/#organization"},"potentialAction":[{"@type":"SearchAction","target":{"@type":"EntryPoint","urlTemplate":"https:\/\/www.umlautrecords.com\/fr\/?s={search_term_string}"},"query-input":{"@type":"PropertyValueSpecification","valueRequired":true,"valueName":"search_term_string"}}],"inLanguage":"fr-FR"},{"@type":"Organization","@id":"https:\/\/www.umlautrecords.com\/fr\/#organization","name":"Umlaut records","url":"https:\/\/www.umlautrecords.com\/fr\/","logo":{"@type":"ImageObject","inLanguage":"fr-FR","@id":"https:\/\/www.umlautrecords.com\/fr\/#\/schema\/logo\/image\/","url":"","contentUrl":"","caption":"Umlaut records"},"image":{"@id":"https:\/\/www.umlautrecords.com\/fr\/#\/schema\/logo\/image\/"},"sameAs":["https:\/\/www.facebook.com\/umlautrecords","https:\/\/www.instagram.com\/umlaut.records\/","https:\/\/www.linkedin.com\/in\/umlaut-records-label-0678b7a4\/","https:\/\/www.youtube.com\/user\/umsight"]}]}},"_links":{"self":[{"href":"https:\/\/www.umlautrecords.com\/fr\/wp-json\/wp\/v2\/product\/183","targetHints":{"allow":["GET"]}}],"collection":[{"href":"https:\/\/www.umlautrecords.com\/fr\/wp-json\/wp\/v2\/product"}],"about":[{"href":"https:\/\/www.umlautrecords.com\/fr\/wp-json\/wp\/v2\/types\/product"}],"wp:featuredmedia":[{"embeddable":true,"href":"https:\/\/www.umlautrecords.com\/fr\/wp-json\/wp\/v2\/media\/184"}],"wp:attachment":[{"href":"https:\/\/www.umlautrecords.com\/fr\/wp-json\/wp\/v2\/media?parent=183"}],"wp:term":[{"taxonomy":"product_brand","embeddable":true,"href":"https:\/\/www.umlautrecords.com\/fr\/wp-json\/wp\/v2\/product_brand?post=183"},{"taxonomy":"product_cat","embeddable":true,"href":"https:\/\/www.umlautrecords.com\/fr\/wp-json\/wp\/v2\/product_cat?post=183"},{"taxonomy":"product_tag","embeddable":true,"href":"https:\/\/www.umlautrecords.com\/fr\/wp-json\/wp\/v2\/product_tag?post=183"}],"curies":[{"name":"wp","href":"https:\/\/api.w.org\/{rel}","templated":true}]}}