{"id":3390,"date":"2021-02-01T17:31:43","date_gmt":"2021-02-01T16:31:43","guid":{"rendered":"https:\/\/www.umlautrecords.com\/umlaut-festival-2020\/"},"modified":"2022-03-28T15:04:56","modified_gmt":"2022-03-28T13:04:56","slug":"umlaut-festival-2020","status":"publish","type":"page","link":"https:\/\/www.umlautrecords.com\/fr\/umlaut-festival-2020\/","title":{"rendered":"Umlaut Festival 2020"},"content":{"rendered":"<p><img loading=\"lazy\" decoding=\"async\" class=\"alignnone wp-image-3381\" src=\"https:\/\/www.umlautrecords.com\/wp-content\/uploads\/2022\/02\/umlaut-umlaut-festival-2020-flyer-festival-2020-recto-final-211x300.jpeg\" alt=\"Umlaut Festival 2020\" width=\"400\" height=\"569\" srcset=\"https:\/\/www.umlautrecords.com\/wp-content\/uploads\/2022\/02\/umlaut-umlaut-festival-2020-flyer-festival-2020-recto-final-211x300.jpeg 211w, https:\/\/www.umlautrecords.com\/wp-content\/uploads\/2022\/02\/umlaut-umlaut-festival-2020-flyer-festival-2020-recto-final-790x1123.jpeg 790w, https:\/\/www.umlautrecords.com\/wp-content\/uploads\/2022\/02\/umlaut-umlaut-festival-2020-flyer-festival-2020-recto-final-720x1024.jpeg 720w, https:\/\/www.umlautrecords.com\/wp-content\/uploads\/2022\/02\/umlaut-umlaut-festival-2020-flyer-festival-2020-recto-final-768x1092.jpeg 768w, https:\/\/www.umlautrecords.com\/wp-content\/uploads\/2022\/02\/umlaut-umlaut-festival-2020-flyer-festival-2020-recto-final-1080x1536.jpeg 1080w, https:\/\/www.umlautrecords.com\/wp-content\/uploads\/2022\/02\/umlaut-umlaut-festival-2020-flyer-festival-2020-recto-final-500x711.jpeg 500w, https:\/\/www.umlautrecords.com\/wp-content\/uploads\/2022\/02\/umlaut-umlaut-festival-2020-flyer-festival-2020-recto-final.jpeg 1230w\" sizes=\"auto, (max-width: 400px) 100vw, 400px\" \/>.\u00a0 \u00a0 \u00a0 \u00a0 \u00a0 \u00a0 <img loading=\"lazy\" decoding=\"async\" class=\"alignnone wp-image-3383\" style=\"font-family: Kanit, sans-serif; font-size: 16px;\" src=\"https:\/\/www.umlautrecords.com\/wp-content\/uploads\/2022\/02\/umlaut-umlaut-festival-2020-flyer-festival-2020-verso-final-211x300.jpeg\" alt=\"\" width=\"400\" height=\"570\" srcset=\"https:\/\/www.umlautrecords.com\/wp-content\/uploads\/2022\/02\/umlaut-umlaut-festival-2020-flyer-festival-2020-verso-final-211x300.jpeg 211w, https:\/\/www.umlautrecords.com\/wp-content\/uploads\/2022\/02\/umlaut-umlaut-festival-2020-flyer-festival-2020-verso-final-790x1125.jpeg 790w, https:\/\/www.umlautrecords.com\/wp-content\/uploads\/2022\/02\/umlaut-umlaut-festival-2020-flyer-festival-2020-verso-final-719x1024.jpeg 719w, https:\/\/www.umlautrecords.com\/wp-content\/uploads\/2022\/02\/umlaut-umlaut-festival-2020-flyer-festival-2020-verso-final-768x1093.jpeg 768w, https:\/\/www.umlautrecords.com\/wp-content\/uploads\/2022\/02\/umlaut-umlaut-festival-2020-flyer-festival-2020-verso-final-1079x1536.jpeg 1079w, https:\/\/www.umlautrecords.com\/wp-content\/uploads\/2022\/02\/umlaut-umlaut-festival-2020-flyer-festival-2020-verso-final-500x712.jpeg 500w, https:\/\/www.umlautrecords.com\/wp-content\/uploads\/2022\/02\/umlaut-umlaut-festival-2020-flyer-festival-2020-verso-final.jpeg 1234w\" sizes=\"auto, (max-width: 400px) 100vw, 400px\" \/><\/p>\n<p>En 2020,\u00a0le\u00a0Festival Umlaut, pr\u00e9vu du 24 au 25 avril 2020 au\u00a0Lavoir Moderne Parisien\u00a0(Paris 18),\u00a0s\u2019est\u00a0malheureusement vu dans\u00a0l\u2019obligation d\u2019annuler son \u00e9dition en raison de la crise sanitaire. Ce\u00a0festival devait \u00eatre l\u2019occasion de c\u00e9l\u00e9brer les dix ans du collectif Umlaut, alors pour c\u00e9l\u00e9brer tout de\u00a0m\u00eame cet anniversaire, le festival s\u2019est transform\u00e9 en une s\u00e9rie de podcasts, anim\u00e9s par le\u00a0musicien S\u00e9bastien Beliah.<\/p>\n<h2>Podcast Umlaut : nouvelles d&rsquo;un festival hors-sc\u00e8ne<\/h2>\n<p>&nbsp;<\/p>\n<p><iframe loading=\"lazy\" title=\"Podcast Umlaut : nouvelles d&#039;un festival hors-sc\u00e8ne by Umlaut Records Label\" width=\"900\" height=\"450\" scrolling=\"no\" frameborder=\"no\" src=\"https:\/\/w.soundcloud.com\/player\/?visual=true&#038;url=https%3A%2F%2Fapi.soundcloud.com%2Fplaylists%2F1031659549&#038;show_artwork=true&#038;maxheight=1000&#038;maxwidth=900\"><\/iframe><\/p>\n<p>&nbsp;<\/p>\n<h2><\/h2>\n<p>Article<\/p>\n<p>Chronique \u00a0: \u00ab Umlaut Collective : un dixi\u00e8me anniversaire confin\u00e9 \u00bb, Franck Bergerot, <a href=\"https:\/\/www.jazzmagazine.com\/jazzlive\/umlaut-collective-dixieme-anniversaire-confine\/\">Jazz Magazine<\/a><\/p>\n","protected":false},"excerpt":{"rendered":"<p>.\u00a0 \u00a0 \u00a0 \u00a0 \u00a0 \u00a0 En 2020,\u00a0le\u00a0Festival Umlaut, pr\u00e9vu du 24 au 25 avril 2020 au\u00a0Lavoir Moderne Parisien\u00a0(Paris 18),\u00a0s\u2019est\u00a0malheureusement vu dans\u00a0l\u2019obligation d\u2019annuler&hellip;<\/p>\n","protected":false},"author":5,"featured_media":0,"parent":0,"menu_order":0,"comment_status":"closed","ping_status":"closed","template":"page-templates\/umlaut-festival.php","meta":{"_acf_changed":false,"footnotes":""},"categories":[305],"tags":[],"class_list":["post-3390","page","type-page","status-publish","hentry","category-festival-fr"],"acf":[],"yoast_head":"<!-- This site is optimized with the Yoast SEO plugin v27.0 - https:\/\/yoast.com\/product\/yoast-seo-wordpress\/ -->\n<title>Umlaut Festival 2020 - Umlaut records<\/title>\n<meta name=\"robots\" content=\"index, follow, max-snippet:-1, max-image-preview:large, max-video-preview:-1\" \/>\n<link rel=\"canonical\" href=\"https:\/\/www.umlautrecords.com\/fr\/umlaut-festival-2020\/\" \/>\n<meta property=\"og:locale\" content=\"fr_FR\" \/>\n<meta property=\"og:type\" content=\"article\" \/>\n<meta property=\"og:title\" content=\"Umlaut Festival 2020 - Umlaut records\" \/>\n<meta property=\"og:description\" content=\".\u00a0 \u00a0 \u00a0 \u00a0 \u00a0 \u00a0 En 2020,\u00a0le\u00a0Festival Umlaut, pr\u00e9vu du 24 au 25 avril 2020 au\u00a0Lavoir Moderne Parisien\u00a0(Paris 18),\u00a0s\u2019est\u00a0malheureusement vu dans\u00a0l\u2019obligation d\u2019annuler&hellip;\" \/>\n<meta property=\"og:url\" content=\"https:\/\/www.umlautrecords.com\/fr\/umlaut-festival-2020\/\" \/>\n<meta property=\"og:site_name\" content=\"Umlaut records\" \/>\n<meta property=\"article:publisher\" content=\"https:\/\/www.facebook.com\/umlautrecords\" \/>\n<meta property=\"article:modified_time\" content=\"2022-03-28T13:04:56+00:00\" \/>\n<meta property=\"og:image\" content=\"https:\/\/www.umlautrecords.com\/wp-content\/uploads\/2022\/02\/umlaut-umlaut-festival-2020-flyer-festival-2020-recto-final-211x300.jpeg\" \/>\n<meta name=\"twitter:card\" content=\"summary_large_image\" \/>\n<meta name=\"twitter:label1\" content=\"Dur\u00e9e de lecture estim\u00e9e\" \/>\n\t<meta name=\"twitter:data1\" content=\"1 minute\" \/>\n<script type=\"application\/ld+json\" class=\"yoast-schema-graph\">{\"@context\":\"https:\/\/schema.org\",\"@graph\":[{\"@type\":\"WebPage\",\"@id\":\"https:\/\/www.umlautrecords.com\/fr\/umlaut-festival-2020\/\",\"url\":\"https:\/\/www.umlautrecords.com\/fr\/umlaut-festival-2020\/\",\"name\":\"Umlaut Festival 2020 - Umlaut records\",\"isPartOf\":{\"@id\":\"https:\/\/www.umlautrecords.com\/fr\/#website\"},\"primaryImageOfPage\":{\"@id\":\"https:\/\/www.umlautrecords.com\/fr\/umlaut-festival-2020\/#primaryimage\"},\"image\":{\"@id\":\"https:\/\/www.umlautrecords.com\/fr\/umlaut-festival-2020\/#primaryimage\"},\"thumbnailUrl\":\"https:\/\/www.umlautrecords.com\/wp-content\/uploads\/2022\/02\/umlaut-umlaut-festival-2020-flyer-festival-2020-recto-final-211x300.jpeg\",\"datePublished\":\"2021-02-01T16:31:43+00:00\",\"dateModified\":\"2022-03-28T13:04:56+00:00\",\"breadcrumb\":{\"@id\":\"https:\/\/www.umlautrecords.com\/fr\/umlaut-festival-2020\/#breadcrumb\"},\"inLanguage\":\"fr-FR\",\"potentialAction\":[{\"@type\":\"ReadAction\",\"target\":[\"https:\/\/www.umlautrecords.com\/fr\/umlaut-festival-2020\/\"]}]},{\"@type\":\"ImageObject\",\"inLanguage\":\"fr-FR\",\"@id\":\"https:\/\/www.umlautrecords.com\/fr\/umlaut-festival-2020\/#primaryimage\",\"url\":\"https:\/\/www.umlautrecords.com\/wp-content\/uploads\/2022\/02\/umlaut-umlaut-festival-2020-flyer-festival-2020-recto-final-211x300.jpeg\",\"contentUrl\":\"https:\/\/www.umlautrecords.com\/wp-content\/uploads\/2022\/02\/umlaut-umlaut-festival-2020-flyer-festival-2020-recto-final-211x300.jpeg\"},{\"@type\":\"BreadcrumbList\",\"@id\":\"https:\/\/www.umlautrecords.com\/fr\/umlaut-festival-2020\/#breadcrumb\",\"itemListElement\":[{\"@type\":\"ListItem\",\"position\":1,\"name\":\"Accueil\",\"item\":\"https:\/\/www.umlautrecords.com\/fr\/\"},{\"@type\":\"ListItem\",\"position\":2,\"name\":\"Umlaut Festival 2020\"}]},{\"@type\":\"WebSite\",\"@id\":\"https:\/\/www.umlautrecords.com\/fr\/#website\",\"url\":\"https:\/\/www.umlautrecords.com\/fr\/\",\"name\":\"Umlaut records\",\"description\":\"transformation of sound\",\"publisher\":{\"@id\":\"https:\/\/www.umlautrecords.com\/fr\/#organization\"},\"potentialAction\":[{\"@type\":\"SearchAction\",\"target\":{\"@type\":\"EntryPoint\",\"urlTemplate\":\"https:\/\/www.umlautrecords.com\/fr\/?s={search_term_string}\"},\"query-input\":{\"@type\":\"PropertyValueSpecification\",\"valueRequired\":true,\"valueName\":\"search_term_string\"}}],\"inLanguage\":\"fr-FR\"},{\"@type\":\"Organization\",\"@id\":\"https:\/\/www.umlautrecords.com\/fr\/#organization\",\"name\":\"Umlaut records\",\"url\":\"https:\/\/www.umlautrecords.com\/fr\/\",\"logo\":{\"@type\":\"ImageObject\",\"inLanguage\":\"fr-FR\",\"@id\":\"https:\/\/www.umlautrecords.com\/fr\/#\/schema\/logo\/image\/\",\"url\":\"\",\"contentUrl\":\"\",\"caption\":\"Umlaut records\"},\"image\":{\"@id\":\"https:\/\/www.umlautrecords.com\/fr\/#\/schema\/logo\/image\/\"},\"sameAs\":[\"https:\/\/www.facebook.com\/umlautrecords\",\"https:\/\/www.instagram.com\/umlaut.records\/\",\"https:\/\/www.linkedin.com\/in\/umlaut-records-label-0678b7a4\/\",\"https:\/\/www.youtube.com\/user\/umsight\"]}]}<\/script>\n<!-- \/ Yoast SEO plugin. -->","yoast_head_json":{"title":"Umlaut Festival 2020 - Umlaut records","robots":{"index":"index","follow":"follow","max-snippet":"max-snippet:-1","max-image-preview":"max-image-preview:large","max-video-preview":"max-video-preview:-1"},"canonical":"https:\/\/www.umlautrecords.com\/fr\/umlaut-festival-2020\/","og_locale":"fr_FR","og_type":"article","og_title":"Umlaut Festival 2020 - Umlaut records","og_description":".\u00a0 \u00a0 \u00a0 \u00a0 \u00a0 \u00a0 En 2020,\u00a0le\u00a0Festival Umlaut, pr\u00e9vu du 24 au 25 avril 2020 au\u00a0Lavoir Moderne Parisien\u00a0(Paris 18),\u00a0s\u2019est\u00a0malheureusement vu dans\u00a0l\u2019obligation d\u2019annuler&hellip;","og_url":"https:\/\/www.umlautrecords.com\/fr\/umlaut-festival-2020\/","og_site_name":"Umlaut records","article_publisher":"https:\/\/www.facebook.com\/umlautrecords","article_modified_time":"2022-03-28T13:04:56+00:00","og_image":[{"url":"https:\/\/www.umlautrecords.com\/wp-content\/uploads\/2022\/02\/umlaut-umlaut-festival-2020-flyer-festival-2020-recto-final-211x300.jpeg","type":"","width":"","height":""}],"twitter_card":"summary_large_image","twitter_misc":{"Dur\u00e9e de lecture estim\u00e9e":"1 minute"},"schema":{"@context":"https:\/\/schema.org","@graph":[{"@type":"WebPage","@id":"https:\/\/www.umlautrecords.com\/fr\/umlaut-festival-2020\/","url":"https:\/\/www.umlautrecords.com\/fr\/umlaut-festival-2020\/","name":"Umlaut Festival 2020 - Umlaut records","isPartOf":{"@id":"https:\/\/www.umlautrecords.com\/fr\/#website"},"primaryImageOfPage":{"@id":"https:\/\/www.umlautrecords.com\/fr\/umlaut-festival-2020\/#primaryimage"},"image":{"@id":"https:\/\/www.umlautrecords.com\/fr\/umlaut-festival-2020\/#primaryimage"},"thumbnailUrl":"https:\/\/www.umlautrecords.com\/wp-content\/uploads\/2022\/02\/umlaut-umlaut-festival-2020-flyer-festival-2020-recto-final-211x300.jpeg","datePublished":"2021-02-01T16:31:43+00:00","dateModified":"2022-03-28T13:04:56+00:00","breadcrumb":{"@id":"https:\/\/www.umlautrecords.com\/fr\/umlaut-festival-2020\/#breadcrumb"},"inLanguage":"fr-FR","potentialAction":[{"@type":"ReadAction","target":["https:\/\/www.umlautrecords.com\/fr\/umlaut-festival-2020\/"]}]},{"@type":"ImageObject","inLanguage":"fr-FR","@id":"https:\/\/www.umlautrecords.com\/fr\/umlaut-festival-2020\/#primaryimage","url":"https:\/\/www.umlautrecords.com\/wp-content\/uploads\/2022\/02\/umlaut-umlaut-festival-2020-flyer-festival-2020-recto-final-211x300.jpeg","contentUrl":"https:\/\/www.umlautrecords.com\/wp-content\/uploads\/2022\/02\/umlaut-umlaut-festival-2020-flyer-festival-2020-recto-final-211x300.jpeg"},{"@type":"BreadcrumbList","@id":"https:\/\/www.umlautrecords.com\/fr\/umlaut-festival-2020\/#breadcrumb","itemListElement":[{"@type":"ListItem","position":1,"name":"Accueil","item":"https:\/\/www.umlautrecords.com\/fr\/"},{"@type":"ListItem","position":2,"name":"Umlaut Festival 2020"}]},{"@type":"WebSite","@id":"https:\/\/www.umlautrecords.com\/fr\/#website","url":"https:\/\/www.umlautrecords.com\/fr\/","name":"Umlaut records","description":"transformation of sound","publisher":{"@id":"https:\/\/www.umlautrecords.com\/fr\/#organization"},"potentialAction":[{"@type":"SearchAction","target":{"@type":"EntryPoint","urlTemplate":"https:\/\/www.umlautrecords.com\/fr\/?s={search_term_string}"},"query-input":{"@type":"PropertyValueSpecification","valueRequired":true,"valueName":"search_term_string"}}],"inLanguage":"fr-FR"},{"@type":"Organization","@id":"https:\/\/www.umlautrecords.com\/fr\/#organization","name":"Umlaut records","url":"https:\/\/www.umlautrecords.com\/fr\/","logo":{"@type":"ImageObject","inLanguage":"fr-FR","@id":"https:\/\/www.umlautrecords.com\/fr\/#\/schema\/logo\/image\/","url":"","contentUrl":"","caption":"Umlaut records"},"image":{"@id":"https:\/\/www.umlautrecords.com\/fr\/#\/schema\/logo\/image\/"},"sameAs":["https:\/\/www.facebook.com\/umlautrecords","https:\/\/www.instagram.com\/umlaut.records\/","https:\/\/www.linkedin.com\/in\/umlaut-records-label-0678b7a4\/","https:\/\/www.youtube.com\/user\/umsight"]}]}},"_links":{"self":[{"href":"https:\/\/www.umlautrecords.com\/fr\/wp-json\/wp\/v2\/pages\/3390","targetHints":{"allow":["GET"]}}],"collection":[{"href":"https:\/\/www.umlautrecords.com\/fr\/wp-json\/wp\/v2\/pages"}],"about":[{"href":"https:\/\/www.umlautrecords.com\/fr\/wp-json\/wp\/v2\/types\/page"}],"author":[{"embeddable":true,"href":"https:\/\/www.umlautrecords.com\/fr\/wp-json\/wp\/v2\/users\/5"}],"replies":[{"embeddable":true,"href":"https:\/\/www.umlautrecords.com\/fr\/wp-json\/wp\/v2\/comments?post=3390"}],"version-history":[{"count":7,"href":"https:\/\/www.umlautrecords.com\/fr\/wp-json\/wp\/v2\/pages\/3390\/revisions"}],"predecessor-version":[{"id":3610,"href":"https:\/\/www.umlautrecords.com\/fr\/wp-json\/wp\/v2\/pages\/3390\/revisions\/3610"}],"wp:attachment":[{"href":"https:\/\/www.umlautrecords.com\/fr\/wp-json\/wp\/v2\/media?parent=3390"}],"wp:term":[{"taxonomy":"category","embeddable":true,"href":"https:\/\/www.umlautrecords.com\/fr\/wp-json\/wp\/v2\/categories?post=3390"},{"taxonomy":"post_tag","embeddable":true,"href":"https:\/\/www.umlautrecords.com\/fr\/wp-json\/wp\/v2\/tags?post=3390"}],"curies":[{"name":"wp","href":"https:\/\/api.w.org\/{rel}","templated":true}]}}