{"id":3359,"date":"2020-11-01T16:26:28","date_gmt":"2020-11-01T15:26:28","guid":{"rendered":"https:\/\/www.umlautrecords.com\/umlaut-festival-2019\/"},"modified":"2022-03-28T15:05:07","modified_gmt":"2022-03-28T13:05:07","slug":"umlaut-festival-2019","status":"publish","type":"page","link":"https:\/\/www.umlautrecords.com\/fr\/umlaut-festival-2019\/","title":{"rendered":"Umlaut Festival 2019"},"content":{"rendered":"<p><img loading=\"lazy\" decoding=\"async\" class=\"alignnone wp-image-3352\" src=\"https:\/\/www.umlautrecords.com\/wp-content\/uploads\/2022\/02\/umlaut-umlaut-festival-2019-umlaut-festival-2019.jpg\" alt=\"Umlaut festival 2019\" width=\"1300\" height=\"1747\" srcset=\"https:\/\/www.umlautrecords.com\/wp-content\/uploads\/2022\/02\/umlaut-umlaut-festival-2019-umlaut-festival-2019.jpg 738w, https:\/\/www.umlautrecords.com\/wp-content\/uploads\/2022\/02\/umlaut-umlaut-festival-2019-umlaut-festival-2019-500x672.jpg 500w, https:\/\/www.umlautrecords.com\/wp-content\/uploads\/2022\/02\/umlaut-umlaut-festival-2019-umlaut-festival-2019-223x300.jpg 223w\" sizes=\"auto, (max-width: 1300px) 100vw, 1300px\" \/><\/p>\n<p>L\u2019\u00e9dition 2019 du festival \u00e9tait construite autour du compositeur et pianiste allemand Alexander Von Schlippenbach, invit\u00e9 \u00e0 Paris pour une semaine de r\u00e9sidence avec les musiciens du collectif Umlaut et du <a href=\"https:\/\/www.umlautrecords.com\/groupe\/umlaut-big-band\/\">Umlaut Big Band<\/a>. Ce travail a abouti sur deux repr\u00e9sentations uniques et originales, ainsi qu\u2019un concert solo d\u2019Alexander Von Schlippenbach, qui ont fait office de fil rouge durant tout le festival.<\/p>\n<h2><\/h2>\n<h2>Umlaut Big Band joue Alexander von Schlippenbach<\/h2>\n<p>&nbsp;<\/p>\n<p><iframe loading=\"lazy\" title=\"UMLAUT BIG BAND plays ALEXANDER VON SCHLIPPENBACH (2019)\" width=\"900\" height=\"506\" src=\"https:\/\/www.youtube.com\/embed\/ZmQ0o0-6MTY?feature=oembed\" frameborder=\"0\" allow=\"accelerometer; autoplay; clipboard-write; encrypted-media; gyroscope; picture-in-picture\" allowfullscreen><\/iframe><\/p>\n<p>&nbsp;<\/p>\n<p>Un film documentaire de L\u00e9a Lano\u00eb suit le processus de cr\u00e9ation de cette r\u00e9sidence du Umlaut Festival Paris 2019. Le pionnier de la musique improvis\u00e9e europ\u00e9enne, Alexander von Schlippenbach, rencontre la nouvelle g\u00e9n\u00e9ration du jazz fran\u00e7ais avec le Umlaut Big Band. Son interview et des extraits de concert pr\u00e9sentent le programme <a href=\"https:\/\/www.umlautrecords.com\/groupe\/umlaut-big-band\/\">Umlaut Big Band<\/a> joue Alexander Von Schlippenbach.<br class=\"\" \/><br class=\"\" \/>Cr\u00e9ations, r\u00e9\u00e9critures de pi\u00e8ces pass\u00e9es, et une r\u00e9sidence de 3 jours donnent naissance \u00e0 un\u00a0nouveau programme pour le big band \u00e0 la rencontre du jazz, du contemporain et de\u00a0l\u2019improvisation, avec le musicien allemand au piano !<\/p>\n<p>Avec Alexander Von Schlippenbach, compositions and piano <a href=\"https:\/\/www.umlautrecords.com\/artistes\/pierre-antoine-badaroux\/\">Pierre-Antoine Badaroux<\/a>: direction &amp; saxophone, <a href=\"https:\/\/www.umlautrecords.com\/artistes\/antonin-tri-hoang\/\">Antonin-Tri Hoang<\/a>, <a href=\"https:\/\/www.umlautrecords.com\/artistes\/geoffroy-gesser\/\">Geoffroy Gesser<\/a>, <a href=\"https:\/\/www.umlautrecords.com\/artistes\/pierre-borel\/\">Pierre Borel<\/a>,\u00a0 L\u00e9na-Schroll, Brice Pichard, <a href=\"https:\/\/www.umlautrecords.com\/artistes\/louis-laurain\/\">Louis Laurain<\/a>, Gabriel Levasseur: trompette, Micha\u00ebl Ballue, Alexis Persigan: trombone, Romain Vuillemin: guitare, <a href=\"https:\/\/www.umlautrecords.com\/artistes\/sebastien-beliah\/\">S\u00e9bastien Beliah<\/a>: double-bass,\u00a0 <a href=\"https:\/\/www.umlautrecords.com\/artistes\/antonin-gerbal\/\">Antonin Gerbal<\/a>: batterie<\/p>\n<p>Au Lavoir Moderne Parisien, le 5 avril 2019<br \/>\nEnregistr\u00e9 en direct par Baptiste Chouquet<br \/>\nVideo par L\u00e9a Lano\u00eb<\/p>\n","protected":false},"excerpt":{"rendered":"<p>L\u2019\u00e9dition 2019 du festival \u00e9tait construite autour du compositeur et pianiste allemand Alexander Von Schlippenbach, invit\u00e9 \u00e0 Paris pour une semaine de r\u00e9sidence&hellip;<\/p>\n","protected":false},"author":5,"featured_media":0,"parent":0,"menu_order":0,"comment_status":"closed","ping_status":"closed","template":"page-templates\/umlaut-festival.php","meta":{"_acf_changed":false,"footnotes":""},"categories":[305],"tags":[],"class_list":["post-3359","page","type-page","status-publish","hentry","category-festival-fr"],"acf":[],"yoast_head":"<!-- This site is optimized with the Yoast SEO plugin v27.0 - https:\/\/yoast.com\/product\/yoast-seo-wordpress\/ -->\n<title>Umlaut Festival 2019 - Umlaut records<\/title>\n<meta name=\"robots\" content=\"index, follow, max-snippet:-1, max-image-preview:large, max-video-preview:-1\" \/>\n<link rel=\"canonical\" href=\"https:\/\/www.umlautrecords.com\/fr\/umlaut-festival-2019\/\" \/>\n<meta property=\"og:locale\" content=\"fr_FR\" \/>\n<meta property=\"og:type\" content=\"article\" \/>\n<meta property=\"og:title\" content=\"Umlaut Festival 2019 - Umlaut records\" \/>\n<meta property=\"og:description\" content=\"L\u2019\u00e9dition 2019 du festival \u00e9tait construite autour du compositeur et pianiste allemand Alexander Von Schlippenbach, invit\u00e9 \u00e0 Paris pour une semaine de r\u00e9sidence&hellip;\" \/>\n<meta property=\"og:url\" content=\"https:\/\/www.umlautrecords.com\/fr\/umlaut-festival-2019\/\" \/>\n<meta property=\"og:site_name\" content=\"Umlaut records\" \/>\n<meta property=\"article:publisher\" content=\"https:\/\/www.facebook.com\/umlautrecords\" \/>\n<meta property=\"article:modified_time\" content=\"2022-03-28T13:05:07+00:00\" \/>\n<meta property=\"og:image\" content=\"https:\/\/www.umlautrecords.com\/wp-content\/uploads\/2022\/02\/umlaut-umlaut-festival-2019-umlaut-festival-2019.jpg\" \/>\n<meta name=\"twitter:card\" content=\"summary_large_image\" \/>\n<meta name=\"twitter:label1\" content=\"Dur\u00e9e de lecture estim\u00e9e\" \/>\n\t<meta name=\"twitter:data1\" content=\"2 minutes\" \/>\n<script type=\"application\/ld+json\" class=\"yoast-schema-graph\">{\"@context\":\"https:\/\/schema.org\",\"@graph\":[{\"@type\":\"WebPage\",\"@id\":\"https:\/\/www.umlautrecords.com\/fr\/umlaut-festival-2019\/\",\"url\":\"https:\/\/www.umlautrecords.com\/fr\/umlaut-festival-2019\/\",\"name\":\"Umlaut Festival 2019 - Umlaut records\",\"isPartOf\":{\"@id\":\"https:\/\/www.umlautrecords.com\/fr\/#website\"},\"primaryImageOfPage\":{\"@id\":\"https:\/\/www.umlautrecords.com\/fr\/umlaut-festival-2019\/#primaryimage\"},\"image\":{\"@id\":\"https:\/\/www.umlautrecords.com\/fr\/umlaut-festival-2019\/#primaryimage\"},\"thumbnailUrl\":\"https:\/\/www.umlautrecords.com\/wp-content\/uploads\/2022\/02\/umlaut-umlaut-festival-2019-umlaut-festival-2019.jpg\",\"datePublished\":\"2020-11-01T15:26:28+00:00\",\"dateModified\":\"2022-03-28T13:05:07+00:00\",\"breadcrumb\":{\"@id\":\"https:\/\/www.umlautrecords.com\/fr\/umlaut-festival-2019\/#breadcrumb\"},\"inLanguage\":\"fr-FR\",\"potentialAction\":[{\"@type\":\"ReadAction\",\"target\":[\"https:\/\/www.umlautrecords.com\/fr\/umlaut-festival-2019\/\"]}]},{\"@type\":\"ImageObject\",\"inLanguage\":\"fr-FR\",\"@id\":\"https:\/\/www.umlautrecords.com\/fr\/umlaut-festival-2019\/#primaryimage\",\"url\":\"https:\/\/www.umlautrecords.com\/wp-content\/uploads\/2022\/02\/umlaut-umlaut-festival-2019-umlaut-festival-2019.jpg\",\"contentUrl\":\"https:\/\/www.umlautrecords.com\/wp-content\/uploads\/2022\/02\/umlaut-umlaut-festival-2019-umlaut-festival-2019.jpg\"},{\"@type\":\"BreadcrumbList\",\"@id\":\"https:\/\/www.umlautrecords.com\/fr\/umlaut-festival-2019\/#breadcrumb\",\"itemListElement\":[{\"@type\":\"ListItem\",\"position\":1,\"name\":\"Accueil\",\"item\":\"https:\/\/www.umlautrecords.com\/fr\/\"},{\"@type\":\"ListItem\",\"position\":2,\"name\":\"Umlaut Festival 2019\"}]},{\"@type\":\"WebSite\",\"@id\":\"https:\/\/www.umlautrecords.com\/fr\/#website\",\"url\":\"https:\/\/www.umlautrecords.com\/fr\/\",\"name\":\"Umlaut records\",\"description\":\"transformation of sound\",\"publisher\":{\"@id\":\"https:\/\/www.umlautrecords.com\/fr\/#organization\"},\"potentialAction\":[{\"@type\":\"SearchAction\",\"target\":{\"@type\":\"EntryPoint\",\"urlTemplate\":\"https:\/\/www.umlautrecords.com\/fr\/?s={search_term_string}\"},\"query-input\":{\"@type\":\"PropertyValueSpecification\",\"valueRequired\":true,\"valueName\":\"search_term_string\"}}],\"inLanguage\":\"fr-FR\"},{\"@type\":\"Organization\",\"@id\":\"https:\/\/www.umlautrecords.com\/fr\/#organization\",\"name\":\"Umlaut records\",\"url\":\"https:\/\/www.umlautrecords.com\/fr\/\",\"logo\":{\"@type\":\"ImageObject\",\"inLanguage\":\"fr-FR\",\"@id\":\"https:\/\/www.umlautrecords.com\/fr\/#\/schema\/logo\/image\/\",\"url\":\"\",\"contentUrl\":\"\",\"caption\":\"Umlaut records\"},\"image\":{\"@id\":\"https:\/\/www.umlautrecords.com\/fr\/#\/schema\/logo\/image\/\"},\"sameAs\":[\"https:\/\/www.facebook.com\/umlautrecords\",\"https:\/\/www.instagram.com\/umlaut.records\/\",\"https:\/\/www.linkedin.com\/in\/umlaut-records-label-0678b7a4\/\",\"https:\/\/www.youtube.com\/user\/umsight\"]}]}<\/script>\n<!-- \/ Yoast SEO plugin. -->","yoast_head_json":{"title":"Umlaut Festival 2019 - Umlaut records","robots":{"index":"index","follow":"follow","max-snippet":"max-snippet:-1","max-image-preview":"max-image-preview:large","max-video-preview":"max-video-preview:-1"},"canonical":"https:\/\/www.umlautrecords.com\/fr\/umlaut-festival-2019\/","og_locale":"fr_FR","og_type":"article","og_title":"Umlaut Festival 2019 - Umlaut records","og_description":"L\u2019\u00e9dition 2019 du festival \u00e9tait construite autour du compositeur et pianiste allemand Alexander Von Schlippenbach, invit\u00e9 \u00e0 Paris pour une semaine de r\u00e9sidence&hellip;","og_url":"https:\/\/www.umlautrecords.com\/fr\/umlaut-festival-2019\/","og_site_name":"Umlaut records","article_publisher":"https:\/\/www.facebook.com\/umlautrecords","article_modified_time":"2022-03-28T13:05:07+00:00","og_image":[{"url":"https:\/\/www.umlautrecords.com\/wp-content\/uploads\/2022\/02\/umlaut-umlaut-festival-2019-umlaut-festival-2019.jpg","type":"","width":"","height":""}],"twitter_card":"summary_large_image","twitter_misc":{"Dur\u00e9e de lecture estim\u00e9e":"2 minutes"},"schema":{"@context":"https:\/\/schema.org","@graph":[{"@type":"WebPage","@id":"https:\/\/www.umlautrecords.com\/fr\/umlaut-festival-2019\/","url":"https:\/\/www.umlautrecords.com\/fr\/umlaut-festival-2019\/","name":"Umlaut Festival 2019 - Umlaut records","isPartOf":{"@id":"https:\/\/www.umlautrecords.com\/fr\/#website"},"primaryImageOfPage":{"@id":"https:\/\/www.umlautrecords.com\/fr\/umlaut-festival-2019\/#primaryimage"},"image":{"@id":"https:\/\/www.umlautrecords.com\/fr\/umlaut-festival-2019\/#primaryimage"},"thumbnailUrl":"https:\/\/www.umlautrecords.com\/wp-content\/uploads\/2022\/02\/umlaut-umlaut-festival-2019-umlaut-festival-2019.jpg","datePublished":"2020-11-01T15:26:28+00:00","dateModified":"2022-03-28T13:05:07+00:00","breadcrumb":{"@id":"https:\/\/www.umlautrecords.com\/fr\/umlaut-festival-2019\/#breadcrumb"},"inLanguage":"fr-FR","potentialAction":[{"@type":"ReadAction","target":["https:\/\/www.umlautrecords.com\/fr\/umlaut-festival-2019\/"]}]},{"@type":"ImageObject","inLanguage":"fr-FR","@id":"https:\/\/www.umlautrecords.com\/fr\/umlaut-festival-2019\/#primaryimage","url":"https:\/\/www.umlautrecords.com\/wp-content\/uploads\/2022\/02\/umlaut-umlaut-festival-2019-umlaut-festival-2019.jpg","contentUrl":"https:\/\/www.umlautrecords.com\/wp-content\/uploads\/2022\/02\/umlaut-umlaut-festival-2019-umlaut-festival-2019.jpg"},{"@type":"BreadcrumbList","@id":"https:\/\/www.umlautrecords.com\/fr\/umlaut-festival-2019\/#breadcrumb","itemListElement":[{"@type":"ListItem","position":1,"name":"Accueil","item":"https:\/\/www.umlautrecords.com\/fr\/"},{"@type":"ListItem","position":2,"name":"Umlaut Festival 2019"}]},{"@type":"WebSite","@id":"https:\/\/www.umlautrecords.com\/fr\/#website","url":"https:\/\/www.umlautrecords.com\/fr\/","name":"Umlaut records","description":"transformation of sound","publisher":{"@id":"https:\/\/www.umlautrecords.com\/fr\/#organization"},"potentialAction":[{"@type":"SearchAction","target":{"@type":"EntryPoint","urlTemplate":"https:\/\/www.umlautrecords.com\/fr\/?s={search_term_string}"},"query-input":{"@type":"PropertyValueSpecification","valueRequired":true,"valueName":"search_term_string"}}],"inLanguage":"fr-FR"},{"@type":"Organization","@id":"https:\/\/www.umlautrecords.com\/fr\/#organization","name":"Umlaut records","url":"https:\/\/www.umlautrecords.com\/fr\/","logo":{"@type":"ImageObject","inLanguage":"fr-FR","@id":"https:\/\/www.umlautrecords.com\/fr\/#\/schema\/logo\/image\/","url":"","contentUrl":"","caption":"Umlaut records"},"image":{"@id":"https:\/\/www.umlautrecords.com\/fr\/#\/schema\/logo\/image\/"},"sameAs":["https:\/\/www.facebook.com\/umlautrecords","https:\/\/www.instagram.com\/umlaut.records\/","https:\/\/www.linkedin.com\/in\/umlaut-records-label-0678b7a4\/","https:\/\/www.youtube.com\/user\/umsight"]}]}},"_links":{"self":[{"href":"https:\/\/www.umlautrecords.com\/fr\/wp-json\/wp\/v2\/pages\/3359","targetHints":{"allow":["GET"]}}],"collection":[{"href":"https:\/\/www.umlautrecords.com\/fr\/wp-json\/wp\/v2\/pages"}],"about":[{"href":"https:\/\/www.umlautrecords.com\/fr\/wp-json\/wp\/v2\/types\/page"}],"author":[{"embeddable":true,"href":"https:\/\/www.umlautrecords.com\/fr\/wp-json\/wp\/v2\/users\/5"}],"replies":[{"embeddable":true,"href":"https:\/\/www.umlautrecords.com\/fr\/wp-json\/wp\/v2\/comments?post=3359"}],"version-history":[{"count":7,"href":"https:\/\/www.umlautrecords.com\/fr\/wp-json\/wp\/v2\/pages\/3359\/revisions"}],"predecessor-version":[{"id":3611,"href":"https:\/\/www.umlautrecords.com\/fr\/wp-json\/wp\/v2\/pages\/3359\/revisions\/3611"}],"wp:attachment":[{"href":"https:\/\/www.umlautrecords.com\/fr\/wp-json\/wp\/v2\/media?parent=3359"}],"wp:term":[{"taxonomy":"category","embeddable":true,"href":"https:\/\/www.umlautrecords.com\/fr\/wp-json\/wp\/v2\/categories?post=3359"},{"taxonomy":"post_tag","embeddable":true,"href":"https:\/\/www.umlautrecords.com\/fr\/wp-json\/wp\/v2\/tags?post=3359"}],"curies":[{"name":"wp","href":"https:\/\/api.w.org\/{rel}","templated":true}]}}