{"id":3335,"date":"2021-04-01T15:31:16","date_gmt":"2021-04-01T13:31:16","guid":{"rendered":"https:\/\/www.umlautrecords.com\/umlaut-festival-2021\/"},"modified":"2022-03-28T15:04:46","modified_gmt":"2022-03-28T13:04:46","slug":"umlaut-festival-2021","status":"publish","type":"page","link":"https:\/\/www.umlautrecords.com\/fr\/umlaut-festival-2021\/","title":{"rendered":"Umlaut Festival 2021"},"content":{"rendered":"<p class=\"p1\"><span class=\"s1\">En 2021, \u00a0le Festival Umlaut, pr\u00e9vu du 22 au 24 avril 2021 au Shakirail (Paris 18), s\u2019est malheureusement vu dans l\u2019obligation d\u2019annuler son \u00e9dition en raison de la crise sanitaire. Umlaut France s\u2019est cependant engag\u00e9 sur le maintien de la cr\u00e9ation avec une semaine de r\u00e9sidences pour 3 projets \u00e0 l\u2019initiative des musicien.ne.s du collectif Umlaut. \u00c7a s\u2019est pass\u00e9 au Shakirail (Paris 18), et en direct sur les ondes de <b>Radio Shak<\/b>!<br class=\"\" \/><br class=\"\" \/>Au programme :<br class=\"\" \/>\u2013 Une collaboration in\u00e9dite avec\u00a0<strong>Pascale Criton<\/strong>\u00a0et les musicien.nes du collectif parisien et\u00a0berlinois<br class=\"\" \/>\u2013 \u201cCalques\u201d de Karl Naegelen pour le\u00a0<strong>Quatuor Umlaut<\/strong>\u00a0et le clarinettiste Joris R\u00fchl<br class=\"\" \/>\u2013 La cr\u00e9ation de\u00a0<strong>Brique<\/strong>, le nouveau quartet d\u2019Eve Risser<\/span><\/p>\n<p><img loading=\"lazy\" decoding=\"async\" class=\"alignnone wp-image-3294\" src=\"https:\/\/www.umlautrecords.com\/wp-content\/uploads\/2022\/02\/umlaut-umlaut-festival-2021-visuel-1024x576.png\" alt=\"Umlaut on air 2021\" width=\"1300\" height=\"731\" srcset=\"https:\/\/www.umlautrecords.com\/wp-content\/uploads\/2022\/02\/umlaut-umlaut-festival-2021-visuel-1024x576.png 1024w, https:\/\/www.umlautrecords.com\/wp-content\/uploads\/2022\/02\/umlaut-umlaut-festival-2021-visuel-790x444.png 790w, https:\/\/www.umlautrecords.com\/wp-content\/uploads\/2022\/02\/umlaut-umlaut-festival-2021-visuel-300x169.png 300w, https:\/\/www.umlautrecords.com\/wp-content\/uploads\/2022\/02\/umlaut-umlaut-festival-2021-visuel-768x432.png 768w, https:\/\/www.umlautrecords.com\/wp-content\/uploads\/2022\/02\/umlaut-umlaut-festival-2021-visuel-800x450.png 800w, https:\/\/www.umlautrecords.com\/wp-content\/uploads\/2022\/02\/umlaut-umlaut-festival-2021-visuel-500x281.png 500w, https:\/\/www.umlautrecords.com\/wp-content\/uploads\/2022\/02\/umlaut-umlaut-festival-2021-visuel.png 1200w\" sizes=\"auto, (max-width: 1300px) 100vw, 1300px\" \/><\/p>\n<p>&nbsp;<\/p>\n<h2>Umlaut rencontre Pascale Criton<\/h2>\n<p>&nbsp;<\/p>\n<p><iframe loading=\"lazy\" title=\"Umlaut Collective meets Pascale Criton\" width=\"900\" height=\"506\" src=\"https:\/\/www.youtube.com\/embed\/q1yf23TT5lo?start=2&#038;feature=oembed\" frameborder=\"0\" allow=\"accelerometer; autoplay; clipboard-write; encrypted-media; gyroscope; picture-in-picture\" allowfullscreen><\/iframe><\/p>\n<p class=\"p3\"><span class=\"s1\">Pascale Criton (composition) \/ <a href=\"https:\/\/www.umlautrecords.com\/fr\/artistes\/eve-risser\/\"><span class=\"s2\">Eve Risser<\/span><\/a> (piano) \/ <a href=\"https:\/\/www.umlautrecords.com\/fr\/artistes\/amaryllis-billet\/\"><span class=\"s2\">Amaryllis Billet<\/span><\/a> (violon) \/ <a href=\"https:\/\/www.umlautrecords.com\/fr\/artistes\/joel-grip\/\"><span class=\"s2\">Joel Grip<\/span><\/a> (contrebasse) \/ <a href=\"https:\/\/www.umlautrecords.com\/fr\/artistes\/sebastien-beliah\/\"><span class=\"s2\">S\u00e9bastien Beliah<\/span><\/a> (contrebasse) \/ <a href=\"https:\/\/www.umlautrecords.com\/fr\/artistes\/joris-ruhl\/\"><span class=\"s2\">Joris R\u00fchl<\/span><\/a> (clarinette) \/ <a href=\"https:\/\/www.umlautrecords.com\/fr\/artistes\/pierre-borel\/\"><span class=\"s2\">Pierre Borel<\/span><\/a> (saxophone) \/ <a href=\"https:\/\/www.umlautrecords.com\/fr\/artistes\/antonin-gerbal\/\"><span class=\"s2\">Antonin Gerbal<\/span><\/a> (batterie) \/ <a href=\"https:\/\/www.umlautrecords.com\/fr\/artistes\/hannes-lingens\/\"><span class=\"s2\">Hannes Lingens<\/span><\/a> (percussions)<\/span><\/p>\n<p>C\u2019est \u00e0 la fois avec le plus grand enthousiasme et le plus grand naturel que le collectif\u00a0Umlaut s\u2019est\u00a0tourn\u00e9 vers la compositrice Pascale Criton pour l\u2019inviter \u00e0 travailler ensemble\u00a0en vue d\u2019une cr\u00e9ation\u00a0originale. Le projet a r\u00e9unit pour l\u2019occasion les musicien.ne.s du collectif\u00a0parisien et berlinois.<br class=\"\" \/><br class=\"\" \/>La compositrice de musique contemporaine et musicologue fran\u00e7aise se consacre tout\u00a0particuli\u00e8rement aux \u00e9chelles micro-tonales, qu\u2019elles soient associ\u00e9es \u00e0 des instruments\u00a0traditionnels ou \u00e0 la synth\u00e8se num\u00e9rique. Sa musique se caract\u00e9rise par une approche ductile\u00a0entre hauteur, timbre, bruit et ph\u00e9nom\u00e8nes acoustiques, qui stimule l\u2019\u00e9mergence de sonorit\u00e9s\u00a0inou\u00efes. La compositrice a pour habitude de travailler en \u00e9troite collaboration avec les musicien.ne.s pour qui elle \u00e9crit, ce qui s\u2019inscrit dans l\u2019ADN des \u00abmusiciens-chercheurs\u00bb du\u00a0collectif Umlaut : chercher le son, t\u00e2tonner, exp\u00e9rimenter ensemble\u2026<br class=\"\" \/><br class=\"\" \/>Ces trois jours de cr\u00e9ation ont \u00e9t\u00e9 une v\u00e9ritable rencontre entre la compositrice et les\u00a0musicien.ne.s, qui ont \u00e9chang\u00e9 pour cr\u00e9er ensemble une nouvelle pi\u00e8ce, entre \u00e9criture et\u00a0improvisation.<\/p>\n<h2><\/h2>\n<h2>\u00ab\u00a0Calques\u00a0\u00bb &#8211; Quatuor Umlaut &amp; Joris R\u00fchl<\/h2>\n<p>&nbsp;<\/p>\n<h3 class=\"p1\"><img loading=\"lazy\" decoding=\"async\" class=\"alignnone wp-image-3328\" src=\"https:\/\/www.umlautrecords.com\/wp-content\/uploads\/2022\/02\/umlaut-umlaut-festival-2021-quatuor-umlaut-1-scaled-e1643725594326-300x155.jpeg\" alt=\"Quatuor Umlaut &amp; Joris\" width=\"1300\" height=\"670\" srcset=\"https:\/\/www.umlautrecords.com\/wp-content\/uploads\/2022\/02\/umlaut-umlaut-festival-2021-quatuor-umlaut-1-scaled-e1643725594326-300x155.jpeg 300w, https:\/\/www.umlautrecords.com\/wp-content\/uploads\/2022\/02\/umlaut-umlaut-festival-2021-quatuor-umlaut-1-scaled-e1643725594326-790x407.jpeg 790w, https:\/\/www.umlautrecords.com\/wp-content\/uploads\/2022\/02\/umlaut-umlaut-festival-2021-quatuor-umlaut-1-scaled-e1643725594326-1024x528.jpeg 1024w, https:\/\/www.umlautrecords.com\/wp-content\/uploads\/2022\/02\/umlaut-umlaut-festival-2021-quatuor-umlaut-1-scaled-e1643725594326-768x396.jpeg 768w, https:\/\/www.umlautrecords.com\/wp-content\/uploads\/2022\/02\/umlaut-umlaut-festival-2021-quatuor-umlaut-1-scaled-e1643725594326-1536x792.jpeg 1536w, https:\/\/www.umlautrecords.com\/wp-content\/uploads\/2022\/02\/umlaut-umlaut-festival-2021-quatuor-umlaut-1-scaled-e1643725594326-2048x1056.jpeg 2048w, https:\/\/www.umlautrecords.com\/wp-content\/uploads\/2022\/02\/umlaut-umlaut-festival-2021-quatuor-umlaut-1-scaled-e1643725594326-500x258.jpeg 500w\" sizes=\"auto, (max-width: 1300px) 100vw, 1300px\" \/><\/h3>\n<p class=\"p1\"><span class=\"s2\"><a href=\"https:\/\/www.umlautrecords.com\/fr\/artistes\/amaryllis-billet\/\">Amaryllis Billet<\/a><\/span><span class=\"s1\"> (violon) \/ <a href=\"https:\/\/www.umlautrecords.com\/fr\/artistes\/anna-jalving\/\"><span class=\"s2\">Anna Jalving<\/span><\/a> (violon) \/ Fanny Paccoud (alto) \/ Sarah Ledoux (violoncelle) \/ <a href=\"https:\/\/www.umlautrecords.com\/fr\/artistes\/joris-ruhl\/\"><span class=\"s2\">Joris R\u00fchl<\/span><\/a> (clarinette) \/ <a href=\"https:\/\/www.umlautrecords.com\/fr\/artistes\/karl-naegelen\/\"><span class=\"s2\">Karl Naegelen<\/span><\/a> (composition)<\/span><\/p>\n<p>Le <span class=\"s1\"><a href=\"https:\/\/www.umlautrecords.com\/fr\/groupe\/quatuor\/\"><span class=\"s2\">Quatuor Umlaut<\/span><\/a>,<\/span> est un tout nouvel ensemble \u00e0 l\u2019initiative des violonistes Amaryllis Billet et Anna Jalving auxquelles se joignent l&rsquo;altiste Fanny Paccoud et la violoncelliste Sarah Ledoux. Leur premi\u00e8re cr\u00e9ation, \u00ab Calques \u00bb de Karl Naegelen, est l\u2019occasion de travailler avec Joris R\u00fchl et de constituer un quintette avec clarinette.<br class=\"\" \/><br class=\"\" \/>La pi\u00e8ce est construite autour d\u2019un rapport de zoom entre la partie\u00a0de clarinette et le quatuor.\u00a0Comme si le quatuor s\u2019effor\u00e7ait\u00a0de\u00a0recr\u00e9er \u00ab en grand \u00bb le son de la clarinette, et en particulier de\u00a0multiphoniques \u00e9voluant lentement gr\u00e2ce \u00e0 la respiration\u00a0continue \u2013\u00a0technique approfondie depuis\u00a0plusieurs ann\u00e9es par Joris R\u00fchl.<\/p>\n<h2><\/h2>\n<h2>Brique<\/h2>\n<p>&nbsp;<\/p>\n<p><img loading=\"lazy\" decoding=\"async\" class=\"alignnone wp-image-3296\" src=\"https:\/\/www.umlautrecords.com\/wp-content\/uploads\/2022\/02\/umlaut-umlaut-festival-2021-brique-1024x576.jpg\" alt=\"Brique concert\" width=\"1300\" height=\"731\" srcset=\"https:\/\/www.umlautrecords.com\/wp-content\/uploads\/2022\/02\/umlaut-umlaut-festival-2021-brique-1024x576.jpg 1024w, https:\/\/www.umlautrecords.com\/wp-content\/uploads\/2022\/02\/umlaut-umlaut-festival-2021-brique-scaled-790x444.jpg 790w, https:\/\/www.umlautrecords.com\/wp-content\/uploads\/2022\/02\/umlaut-umlaut-festival-2021-brique-300x169.jpg 300w, https:\/\/www.umlautrecords.com\/wp-content\/uploads\/2022\/02\/umlaut-umlaut-festival-2021-brique-768x432.jpg 768w, https:\/\/www.umlautrecords.com\/wp-content\/uploads\/2022\/02\/umlaut-umlaut-festival-2021-brique-1536x864.jpg 1536w, https:\/\/www.umlautrecords.com\/wp-content\/uploads\/2022\/02\/umlaut-umlaut-festival-2021-brique-2048x1152.jpg 2048w, https:\/\/www.umlautrecords.com\/wp-content\/uploads\/2022\/02\/umlaut-umlaut-festival-2021-brique-1260x709.jpg 1260w, https:\/\/www.umlautrecords.com\/wp-content\/uploads\/2022\/02\/umlaut-umlaut-festival-2021-brique-800x450.jpg 800w, https:\/\/www.umlautrecords.com\/wp-content\/uploads\/2022\/02\/umlaut-umlaut-festival-2021-brique-scaled-500x281.jpg 500w\" sizes=\"auto, (max-width: 1300px) 100vw, 1300px\" \/><span class=\"s1\">Bianca Iannuzzi (voix) \/ <a href=\"https:\/\/www.umlautrecords.com\/fr\/artistes\/eve-risser\/\"><span class=\"s2\">Eve Risser<\/span><\/a> (piano) \/ Luc Ex (basse electro-acoustic) \/ Francesco Pastacaldi (batterie)<\/span><\/p>\n<p>Au milieu de f\u00e9condes gr\u00e8ves, pand\u00e9mies, annulations et faux d\u00e9parts le quatuor <span class=\"s1\"><a href=\"https:\/\/www.umlautrecords.com\/fr\/groupe\/brique\/\"><span class=\"s2\">Brique<\/span><\/a><\/span> se r\u00e9unit pour donner forme \u00e0 une musique multi-r\u00e9f\u00e9rentielle, mais pas trop. Des lignes m\u00e9lodiques en chanson traditionnelle italienne qui sentent la gal\u00e8re mise en po\u00e9sie au tabassage rythmique et verbal en anglais, fran\u00e7ais ou allemand, des phras\u00e9s hip hop, m\u00ealant cadences incisives et fort planantes et \u00e7a fait du bien.<\/p>\n<p>&nbsp;<\/p>\n<h2>Rencontre avec les musiciens Umlaut<\/h2>\n<p>&nbsp;<\/p>\n<p><iframe loading=\"lazy\" title=\"EMISSION UMLAUT by Umlaut Records Label\" width=\"900\" height=\"450\" scrolling=\"no\" frameborder=\"no\" src=\"https:\/\/w.soundcloud.com\/player\/?visual=true&#038;url=https%3A%2F%2Fapi.soundcloud.com%2Fplaylists%2F1274341345&#038;show_artwork=true&#038;maxheight=1000&#038;maxwidth=900\"><\/iframe><\/p>\n","protected":false},"excerpt":{"rendered":"<p>En 2021, \u00a0le Festival Umlaut, pr\u00e9vu du 22 au 24 avril 2021 au Shakirail (Paris 18), s\u2019est malheureusement vu dans l\u2019obligation d\u2019annuler son&hellip;<\/p>\n","protected":false},"author":4,"featured_media":0,"parent":0,"menu_order":0,"comment_status":"closed","ping_status":"closed","template":"page-templates\/umlaut-festival.php","meta":{"_acf_changed":false,"footnotes":""},"categories":[305],"tags":[],"class_list":["post-3335","page","type-page","status-publish","hentry","category-festival-fr"],"acf":[],"yoast_head":"<!-- This site is optimized with the Yoast SEO plugin v27.0 - https:\/\/yoast.com\/product\/yoast-seo-wordpress\/ -->\n<title>Umlaut Festival 2021 - Umlaut records<\/title>\n<meta name=\"robots\" content=\"index, follow, max-snippet:-1, max-image-preview:large, max-video-preview:-1\" \/>\n<link rel=\"canonical\" href=\"https:\/\/www.umlautrecords.com\/fr\/umlaut-festival-2021\/\" \/>\n<meta property=\"og:locale\" content=\"fr_FR\" \/>\n<meta property=\"og:type\" content=\"article\" \/>\n<meta property=\"og:title\" content=\"Umlaut Festival 2021 - Umlaut records\" \/>\n<meta property=\"og:description\" content=\"En 2021, \u00a0le Festival Umlaut, pr\u00e9vu du 22 au 24 avril 2021 au Shakirail (Paris 18), s\u2019est malheureusement vu dans l\u2019obligation d\u2019annuler son&hellip;\" \/>\n<meta property=\"og:url\" content=\"https:\/\/www.umlautrecords.com\/fr\/umlaut-festival-2021\/\" \/>\n<meta property=\"og:site_name\" content=\"Umlaut records\" \/>\n<meta property=\"article:publisher\" content=\"https:\/\/www.facebook.com\/umlautrecords\" \/>\n<meta property=\"article:modified_time\" content=\"2022-03-28T13:04:46+00:00\" \/>\n<meta property=\"og:image\" content=\"https:\/\/www.umlautrecords.com\/wp-content\/uploads\/2022\/02\/umlaut-umlaut-festival-2021-visuel-1024x576.png\" \/>\n<meta name=\"twitter:card\" content=\"summary_large_image\" \/>\n<meta name=\"twitter:label1\" content=\"Dur\u00e9e de lecture estim\u00e9e\" \/>\n\t<meta name=\"twitter:data1\" content=\"4 minutes\" \/>\n<script type=\"application\/ld+json\" class=\"yoast-schema-graph\">{\"@context\":\"https:\/\/schema.org\",\"@graph\":[{\"@type\":\"WebPage\",\"@id\":\"https:\/\/www.umlautrecords.com\/fr\/umlaut-festival-2021\/\",\"url\":\"https:\/\/www.umlautrecords.com\/fr\/umlaut-festival-2021\/\",\"name\":\"Umlaut Festival 2021 - Umlaut records\",\"isPartOf\":{\"@id\":\"https:\/\/www.umlautrecords.com\/fr\/#website\"},\"primaryImageOfPage\":{\"@id\":\"https:\/\/www.umlautrecords.com\/fr\/umlaut-festival-2021\/#primaryimage\"},\"image\":{\"@id\":\"https:\/\/www.umlautrecords.com\/fr\/umlaut-festival-2021\/#primaryimage\"},\"thumbnailUrl\":\"https:\/\/www.umlautrecords.com\/wp-content\/uploads\/2022\/02\/umlaut-umlaut-festival-2021-visuel-1024x576.png\",\"datePublished\":\"2021-04-01T13:31:16+00:00\",\"dateModified\":\"2022-03-28T13:04:46+00:00\",\"breadcrumb\":{\"@id\":\"https:\/\/www.umlautrecords.com\/fr\/umlaut-festival-2021\/#breadcrumb\"},\"inLanguage\":\"fr-FR\",\"potentialAction\":[{\"@type\":\"ReadAction\",\"target\":[\"https:\/\/www.umlautrecords.com\/fr\/umlaut-festival-2021\/\"]}]},{\"@type\":\"ImageObject\",\"inLanguage\":\"fr-FR\",\"@id\":\"https:\/\/www.umlautrecords.com\/fr\/umlaut-festival-2021\/#primaryimage\",\"url\":\"https:\/\/www.umlautrecords.com\/wp-content\/uploads\/2022\/02\/umlaut-umlaut-festival-2021-visuel-1024x576.png\",\"contentUrl\":\"https:\/\/www.umlautrecords.com\/wp-content\/uploads\/2022\/02\/umlaut-umlaut-festival-2021-visuel-1024x576.png\"},{\"@type\":\"BreadcrumbList\",\"@id\":\"https:\/\/www.umlautrecords.com\/fr\/umlaut-festival-2021\/#breadcrumb\",\"itemListElement\":[{\"@type\":\"ListItem\",\"position\":1,\"name\":\"Accueil\",\"item\":\"https:\/\/www.umlautrecords.com\/fr\/\"},{\"@type\":\"ListItem\",\"position\":2,\"name\":\"Umlaut Festival 2021\"}]},{\"@type\":\"WebSite\",\"@id\":\"https:\/\/www.umlautrecords.com\/fr\/#website\",\"url\":\"https:\/\/www.umlautrecords.com\/fr\/\",\"name\":\"Umlaut records\",\"description\":\"transformation of sound\",\"publisher\":{\"@id\":\"https:\/\/www.umlautrecords.com\/fr\/#organization\"},\"potentialAction\":[{\"@type\":\"SearchAction\",\"target\":{\"@type\":\"EntryPoint\",\"urlTemplate\":\"https:\/\/www.umlautrecords.com\/fr\/?s={search_term_string}\"},\"query-input\":{\"@type\":\"PropertyValueSpecification\",\"valueRequired\":true,\"valueName\":\"search_term_string\"}}],\"inLanguage\":\"fr-FR\"},{\"@type\":\"Organization\",\"@id\":\"https:\/\/www.umlautrecords.com\/fr\/#organization\",\"name\":\"Umlaut records\",\"url\":\"https:\/\/www.umlautrecords.com\/fr\/\",\"logo\":{\"@type\":\"ImageObject\",\"inLanguage\":\"fr-FR\",\"@id\":\"https:\/\/www.umlautrecords.com\/fr\/#\/schema\/logo\/image\/\",\"url\":\"\",\"contentUrl\":\"\",\"caption\":\"Umlaut records\"},\"image\":{\"@id\":\"https:\/\/www.umlautrecords.com\/fr\/#\/schema\/logo\/image\/\"},\"sameAs\":[\"https:\/\/www.facebook.com\/umlautrecords\",\"https:\/\/www.instagram.com\/umlaut.records\/\",\"https:\/\/www.linkedin.com\/in\/umlaut-records-label-0678b7a4\/\",\"https:\/\/www.youtube.com\/user\/umsight\"]}]}<\/script>\n<!-- \/ Yoast SEO plugin. -->","yoast_head_json":{"title":"Umlaut Festival 2021 - Umlaut records","robots":{"index":"index","follow":"follow","max-snippet":"max-snippet:-1","max-image-preview":"max-image-preview:large","max-video-preview":"max-video-preview:-1"},"canonical":"https:\/\/www.umlautrecords.com\/fr\/umlaut-festival-2021\/","og_locale":"fr_FR","og_type":"article","og_title":"Umlaut Festival 2021 - Umlaut records","og_description":"En 2021, \u00a0le Festival Umlaut, pr\u00e9vu du 22 au 24 avril 2021 au Shakirail (Paris 18), s\u2019est malheureusement vu dans l\u2019obligation d\u2019annuler son&hellip;","og_url":"https:\/\/www.umlautrecords.com\/fr\/umlaut-festival-2021\/","og_site_name":"Umlaut records","article_publisher":"https:\/\/www.facebook.com\/umlautrecords","article_modified_time":"2022-03-28T13:04:46+00:00","og_image":[{"url":"https:\/\/www.umlautrecords.com\/wp-content\/uploads\/2022\/02\/umlaut-umlaut-festival-2021-visuel-1024x576.png","type":"","width":"","height":""}],"twitter_card":"summary_large_image","twitter_misc":{"Dur\u00e9e de lecture estim\u00e9e":"4 minutes"},"schema":{"@context":"https:\/\/schema.org","@graph":[{"@type":"WebPage","@id":"https:\/\/www.umlautrecords.com\/fr\/umlaut-festival-2021\/","url":"https:\/\/www.umlautrecords.com\/fr\/umlaut-festival-2021\/","name":"Umlaut Festival 2021 - Umlaut records","isPartOf":{"@id":"https:\/\/www.umlautrecords.com\/fr\/#website"},"primaryImageOfPage":{"@id":"https:\/\/www.umlautrecords.com\/fr\/umlaut-festival-2021\/#primaryimage"},"image":{"@id":"https:\/\/www.umlautrecords.com\/fr\/umlaut-festival-2021\/#primaryimage"},"thumbnailUrl":"https:\/\/www.umlautrecords.com\/wp-content\/uploads\/2022\/02\/umlaut-umlaut-festival-2021-visuel-1024x576.png","datePublished":"2021-04-01T13:31:16+00:00","dateModified":"2022-03-28T13:04:46+00:00","breadcrumb":{"@id":"https:\/\/www.umlautrecords.com\/fr\/umlaut-festival-2021\/#breadcrumb"},"inLanguage":"fr-FR","potentialAction":[{"@type":"ReadAction","target":["https:\/\/www.umlautrecords.com\/fr\/umlaut-festival-2021\/"]}]},{"@type":"ImageObject","inLanguage":"fr-FR","@id":"https:\/\/www.umlautrecords.com\/fr\/umlaut-festival-2021\/#primaryimage","url":"https:\/\/www.umlautrecords.com\/wp-content\/uploads\/2022\/02\/umlaut-umlaut-festival-2021-visuel-1024x576.png","contentUrl":"https:\/\/www.umlautrecords.com\/wp-content\/uploads\/2022\/02\/umlaut-umlaut-festival-2021-visuel-1024x576.png"},{"@type":"BreadcrumbList","@id":"https:\/\/www.umlautrecords.com\/fr\/umlaut-festival-2021\/#breadcrumb","itemListElement":[{"@type":"ListItem","position":1,"name":"Accueil","item":"https:\/\/www.umlautrecords.com\/fr\/"},{"@type":"ListItem","position":2,"name":"Umlaut Festival 2021"}]},{"@type":"WebSite","@id":"https:\/\/www.umlautrecords.com\/fr\/#website","url":"https:\/\/www.umlautrecords.com\/fr\/","name":"Umlaut records","description":"transformation of sound","publisher":{"@id":"https:\/\/www.umlautrecords.com\/fr\/#organization"},"potentialAction":[{"@type":"SearchAction","target":{"@type":"EntryPoint","urlTemplate":"https:\/\/www.umlautrecords.com\/fr\/?s={search_term_string}"},"query-input":{"@type":"PropertyValueSpecification","valueRequired":true,"valueName":"search_term_string"}}],"inLanguage":"fr-FR"},{"@type":"Organization","@id":"https:\/\/www.umlautrecords.com\/fr\/#organization","name":"Umlaut records","url":"https:\/\/www.umlautrecords.com\/fr\/","logo":{"@type":"ImageObject","inLanguage":"fr-FR","@id":"https:\/\/www.umlautrecords.com\/fr\/#\/schema\/logo\/image\/","url":"","contentUrl":"","caption":"Umlaut records"},"image":{"@id":"https:\/\/www.umlautrecords.com\/fr\/#\/schema\/logo\/image\/"},"sameAs":["https:\/\/www.facebook.com\/umlautrecords","https:\/\/www.instagram.com\/umlaut.records\/","https:\/\/www.linkedin.com\/in\/umlaut-records-label-0678b7a4\/","https:\/\/www.youtube.com\/user\/umsight"]}]}},"_links":{"self":[{"href":"https:\/\/www.umlautrecords.com\/fr\/wp-json\/wp\/v2\/pages\/3335","targetHints":{"allow":["GET"]}}],"collection":[{"href":"https:\/\/www.umlautrecords.com\/fr\/wp-json\/wp\/v2\/pages"}],"about":[{"href":"https:\/\/www.umlautrecords.com\/fr\/wp-json\/wp\/v2\/types\/page"}],"author":[{"embeddable":true,"href":"https:\/\/www.umlautrecords.com\/fr\/wp-json\/wp\/v2\/users\/4"}],"replies":[{"embeddable":true,"href":"https:\/\/www.umlautrecords.com\/fr\/wp-json\/wp\/v2\/comments?post=3335"}],"version-history":[{"count":7,"href":"https:\/\/www.umlautrecords.com\/fr\/wp-json\/wp\/v2\/pages\/3335\/revisions"}],"predecessor-version":[{"id":3609,"href":"https:\/\/www.umlautrecords.com\/fr\/wp-json\/wp\/v2\/pages\/3335\/revisions\/3609"}],"wp:attachment":[{"href":"https:\/\/www.umlautrecords.com\/fr\/wp-json\/wp\/v2\/media?parent=3335"}],"wp:term":[{"taxonomy":"category","embeddable":true,"href":"https:\/\/www.umlautrecords.com\/fr\/wp-json\/wp\/v2\/categories?post=3335"},{"taxonomy":"post_tag","embeddable":true,"href":"https:\/\/www.umlautrecords.com\/fr\/wp-json\/wp\/v2\/tags?post=3335"}],"curies":[{"name":"wp","href":"https:\/\/api.w.org\/{rel}","templated":true}]}}