{"id":186,"date":"2020-02-26T21:13:55","date_gmt":"2020-02-26T20:13:55","guid":{"rendered":"http:\/\/localhost\/umlaut\/?page_id=186"},"modified":"2023-06-22T16:17:55","modified_gmt":"2023-06-22T14:17:55","slug":"collectif-umlaut","status":"publish","type":"page","link":"https:\/\/www.umlautrecords.com\/fr\/collectif-umlaut\/","title":{"rendered":"Umlaut"},"content":{"rendered":"<p>Umlaut est un collectif de musicien.ne.s cr\u00e9\u00e9 en 2004 \u00e0 Stockholm, dont deux structures cousines se sont ouvertes en 2009 \u00e0 Berlin et \u00e0 Paris. Umlaut rassemble autour de la notion de \u00ab Transformation of sound \u00bb, la transformation du son, des artistes anim\u00e9.es par l\u2019envie de d\u00e9fendre ensemble les musiques cr\u00e9atives d\u2019aujourd\u2019hui, mettant en jeu l\u2019improvisation, les nouvelles formes d\u2019\u00e9criture et la rencontre de diff\u00e9rents idiomes musicaux. Ils et elles manifestent un engagement dans la cr\u00e9ation musicale d\u2019aujourd\u2019hui, riche de l\u2019h\u00e9ritage du jazz, de la musique contemporaine et des musiques improvis\u00e9es.<\/p>\n<p>Leurs collaborations, nombreuses et vari\u00e9es, interviennent tant sur le plan artistique que professionnel et permettent \u00e0 Umlaut de faire valoir son identit\u00e9 esth\u00e9tique singuli\u00e8re au del\u00e0 de leurs fronti\u00e8res respectives.<\/p>\n<p>Les propositions musicales des artistes, qu\u2019ils\/elles soient \u00e0 la programmation, composition, direction, cr\u00e9ation collective, improvisation ou interpr\u00e9tation, s\u2019inscrivent dans une esth\u00e9tique originale parce qu\u2019inclassable, multiple et surprenante. Elles permettent la d\u00e9couverte de musiques trop rarement d\u00e9fendues, et invitent \u00e0 une r\u00e9flexion sur la cr\u00e9ation, l\u2019improvisation, l\u2019\u00e9criture, le d\u00e9cloisonnement.<\/p>\n<p>Les activit\u00e9s du collectif s\u2019organisent autour de 4 axes :<br \/>\n&#8211; Cr\u00e9ation artistique : production et diffusion des diff\u00e9rents projets artistiques des membres du collectif<br \/>\n&#8211; Programmation : le festival Umlaut pr\u00e9sente une programmation qui fait la part belle aux musique cr\u00e9atives d\u2019aujourd\u2019hui tout en favorisant les croisements entre diff\u00e9rentes esth\u00e9tiques.<br \/>\n&#8211; Label : le label Umlaut Records compte plus de 80 r\u00e9f\u00e9rences au catalogue, r\u00e9sultat d\u2019une v\u00e9ritable \u00e9mulation.<br \/>\n&#8211; Recherche et transmission : la question de l\u2019articulation entre \u00e9criture et improvisation est au coeur du travail des musicien.nes du collectif Umlaut, et leurs r\u00e9ponses se r\u00e9v\u00e8lent multiples et innovantes.<\/p>\n","protected":false},"excerpt":{"rendered":"<p>Umlaut est un collectif de musicien.ne.s cr\u00e9\u00e9 en 2004 \u00e0 Stockholm, dont deux structures cousines se sont ouvertes en 2009 \u00e0 Berlin et&hellip;<\/p>\n","protected":false},"author":2,"featured_media":0,"parent":0,"menu_order":0,"comment_status":"closed","ping_status":"closed","template":"page-templates\/umlaut-full-width.php","meta":{"_acf_changed":false,"footnotes":""},"categories":[],"tags":[],"class_list":["post-186","page","type-page","status-publish","hentry"],"acf":[],"yoast_head":"<!-- This site is optimized with the Yoast SEO plugin v27.0 - https:\/\/yoast.com\/product\/yoast-seo-wordpress\/ -->\n<title>Umlaut - Umlaut records<\/title>\n<meta name=\"robots\" content=\"index, follow, max-snippet:-1, max-image-preview:large, max-video-preview:-1\" \/>\n<link rel=\"canonical\" href=\"https:\/\/www.umlautrecords.com\/fr\/collectif-umlaut\/\" \/>\n<meta property=\"og:locale\" content=\"fr_FR\" \/>\n<meta property=\"og:type\" content=\"article\" \/>\n<meta property=\"og:title\" content=\"Umlaut - Umlaut records\" \/>\n<meta property=\"og:description\" content=\"Umlaut est un collectif de musicien.ne.s cr\u00e9\u00e9 en 2004 \u00e0 Stockholm, dont deux structures cousines se sont ouvertes en 2009 \u00e0 Berlin et&hellip;\" \/>\n<meta property=\"og:url\" content=\"https:\/\/www.umlautrecords.com\/fr\/collectif-umlaut\/\" \/>\n<meta property=\"og:site_name\" content=\"Umlaut records\" \/>\n<meta property=\"article:publisher\" content=\"https:\/\/www.facebook.com\/umlautrecords\" \/>\n<meta property=\"article:modified_time\" content=\"2023-06-22T14:17:55+00:00\" \/>\n<meta property=\"og:image\" content=\"https:\/\/www.umlautrecords.com\/wp-content\/uploads\/2020\/03\/cropped-logo_umlaut.png\" \/>\n\t<meta property=\"og:image:width\" content=\"512\" \/>\n\t<meta property=\"og:image:height\" content=\"512\" \/>\n\t<meta property=\"og:image:type\" content=\"image\/png\" \/>\n<meta name=\"twitter:card\" content=\"summary_large_image\" \/>\n<meta name=\"twitter:label1\" content=\"Dur\u00e9e de lecture estim\u00e9e\" \/>\n\t<meta name=\"twitter:data1\" content=\"2 minutes\" \/>\n<script type=\"application\/ld+json\" class=\"yoast-schema-graph\">{\"@context\":\"https:\/\/schema.org\",\"@graph\":[{\"@type\":\"WebPage\",\"@id\":\"https:\/\/www.umlautrecords.com\/fr\/collectif-umlaut\/\",\"url\":\"https:\/\/www.umlautrecords.com\/fr\/collectif-umlaut\/\",\"name\":\"Umlaut - Umlaut records\",\"isPartOf\":{\"@id\":\"https:\/\/www.umlautrecords.com\/fr\/#website\"},\"datePublished\":\"2020-02-26T20:13:55+00:00\",\"dateModified\":\"2023-06-22T14:17:55+00:00\",\"breadcrumb\":{\"@id\":\"https:\/\/www.umlautrecords.com\/fr\/collectif-umlaut\/#breadcrumb\"},\"inLanguage\":\"fr-FR\",\"potentialAction\":[{\"@type\":\"ReadAction\",\"target\":[\"https:\/\/www.umlautrecords.com\/fr\/collectif-umlaut\/\"]}]},{\"@type\":\"BreadcrumbList\",\"@id\":\"https:\/\/www.umlautrecords.com\/fr\/collectif-umlaut\/#breadcrumb\",\"itemListElement\":[{\"@type\":\"ListItem\",\"position\":1,\"name\":\"Accueil\",\"item\":\"https:\/\/www.umlautrecords.com\/fr\/\"},{\"@type\":\"ListItem\",\"position\":2,\"name\":\"Umlaut\"}]},{\"@type\":\"WebSite\",\"@id\":\"https:\/\/www.umlautrecords.com\/fr\/#website\",\"url\":\"https:\/\/www.umlautrecords.com\/fr\/\",\"name\":\"Umlaut records\",\"description\":\"transformation of sound\",\"publisher\":{\"@id\":\"https:\/\/www.umlautrecords.com\/fr\/#organization\"},\"potentialAction\":[{\"@type\":\"SearchAction\",\"target\":{\"@type\":\"EntryPoint\",\"urlTemplate\":\"https:\/\/www.umlautrecords.com\/fr\/?s={search_term_string}\"},\"query-input\":{\"@type\":\"PropertyValueSpecification\",\"valueRequired\":true,\"valueName\":\"search_term_string\"}}],\"inLanguage\":\"fr-FR\"},{\"@type\":\"Organization\",\"@id\":\"https:\/\/www.umlautrecords.com\/fr\/#organization\",\"name\":\"Umlaut records\",\"url\":\"https:\/\/www.umlautrecords.com\/fr\/\",\"logo\":{\"@type\":\"ImageObject\",\"inLanguage\":\"fr-FR\",\"@id\":\"https:\/\/www.umlautrecords.com\/fr\/#\/schema\/logo\/image\/\",\"url\":\"\",\"contentUrl\":\"\",\"caption\":\"Umlaut records\"},\"image\":{\"@id\":\"https:\/\/www.umlautrecords.com\/fr\/#\/schema\/logo\/image\/\"},\"sameAs\":[\"https:\/\/www.facebook.com\/umlautrecords\",\"https:\/\/www.instagram.com\/umlaut.records\/\",\"https:\/\/www.linkedin.com\/in\/umlaut-records-label-0678b7a4\/\",\"https:\/\/www.youtube.com\/user\/umsight\"]}]}<\/script>\n<!-- \/ Yoast SEO plugin. -->","yoast_head_json":{"title":"Umlaut - Umlaut records","robots":{"index":"index","follow":"follow","max-snippet":"max-snippet:-1","max-image-preview":"max-image-preview:large","max-video-preview":"max-video-preview:-1"},"canonical":"https:\/\/www.umlautrecords.com\/fr\/collectif-umlaut\/","og_locale":"fr_FR","og_type":"article","og_title":"Umlaut - Umlaut records","og_description":"Umlaut est un collectif de musicien.ne.s cr\u00e9\u00e9 en 2004 \u00e0 Stockholm, dont deux structures cousines se sont ouvertes en 2009 \u00e0 Berlin et&hellip;","og_url":"https:\/\/www.umlautrecords.com\/fr\/collectif-umlaut\/","og_site_name":"Umlaut records","article_publisher":"https:\/\/www.facebook.com\/umlautrecords","article_modified_time":"2023-06-22T14:17:55+00:00","og_image":[{"width":512,"height":512,"url":"https:\/\/www.umlautrecords.com\/wp-content\/uploads\/2020\/03\/cropped-logo_umlaut.png","type":"image\/png"}],"twitter_card":"summary_large_image","twitter_misc":{"Dur\u00e9e de lecture estim\u00e9e":"2 minutes"},"schema":{"@context":"https:\/\/schema.org","@graph":[{"@type":"WebPage","@id":"https:\/\/www.umlautrecords.com\/fr\/collectif-umlaut\/","url":"https:\/\/www.umlautrecords.com\/fr\/collectif-umlaut\/","name":"Umlaut - Umlaut records","isPartOf":{"@id":"https:\/\/www.umlautrecords.com\/fr\/#website"},"datePublished":"2020-02-26T20:13:55+00:00","dateModified":"2023-06-22T14:17:55+00:00","breadcrumb":{"@id":"https:\/\/www.umlautrecords.com\/fr\/collectif-umlaut\/#breadcrumb"},"inLanguage":"fr-FR","potentialAction":[{"@type":"ReadAction","target":["https:\/\/www.umlautrecords.com\/fr\/collectif-umlaut\/"]}]},{"@type":"BreadcrumbList","@id":"https:\/\/www.umlautrecords.com\/fr\/collectif-umlaut\/#breadcrumb","itemListElement":[{"@type":"ListItem","position":1,"name":"Accueil","item":"https:\/\/www.umlautrecords.com\/fr\/"},{"@type":"ListItem","position":2,"name":"Umlaut"}]},{"@type":"WebSite","@id":"https:\/\/www.umlautrecords.com\/fr\/#website","url":"https:\/\/www.umlautrecords.com\/fr\/","name":"Umlaut records","description":"transformation of sound","publisher":{"@id":"https:\/\/www.umlautrecords.com\/fr\/#organization"},"potentialAction":[{"@type":"SearchAction","target":{"@type":"EntryPoint","urlTemplate":"https:\/\/www.umlautrecords.com\/fr\/?s={search_term_string}"},"query-input":{"@type":"PropertyValueSpecification","valueRequired":true,"valueName":"search_term_string"}}],"inLanguage":"fr-FR"},{"@type":"Organization","@id":"https:\/\/www.umlautrecords.com\/fr\/#organization","name":"Umlaut records","url":"https:\/\/www.umlautrecords.com\/fr\/","logo":{"@type":"ImageObject","inLanguage":"fr-FR","@id":"https:\/\/www.umlautrecords.com\/fr\/#\/schema\/logo\/image\/","url":"","contentUrl":"","caption":"Umlaut records"},"image":{"@id":"https:\/\/www.umlautrecords.com\/fr\/#\/schema\/logo\/image\/"},"sameAs":["https:\/\/www.facebook.com\/umlautrecords","https:\/\/www.instagram.com\/umlaut.records\/","https:\/\/www.linkedin.com\/in\/umlaut-records-label-0678b7a4\/","https:\/\/www.youtube.com\/user\/umsight"]}]}},"_links":{"self":[{"href":"https:\/\/www.umlautrecords.com\/fr\/wp-json\/wp\/v2\/pages\/186","targetHints":{"allow":["GET"]}}],"collection":[{"href":"https:\/\/www.umlautrecords.com\/fr\/wp-json\/wp\/v2\/pages"}],"about":[{"href":"https:\/\/www.umlautrecords.com\/fr\/wp-json\/wp\/v2\/types\/page"}],"author":[{"embeddable":true,"href":"https:\/\/www.umlautrecords.com\/fr\/wp-json\/wp\/v2\/users\/2"}],"replies":[{"embeddable":true,"href":"https:\/\/www.umlautrecords.com\/fr\/wp-json\/wp\/v2\/comments?post=186"}],"version-history":[{"count":10,"href":"https:\/\/www.umlautrecords.com\/fr\/wp-json\/wp\/v2\/pages\/186\/revisions"}],"predecessor-version":[{"id":4603,"href":"https:\/\/www.umlautrecords.com\/fr\/wp-json\/wp\/v2\/pages\/186\/revisions\/4603"}],"wp:attachment":[{"href":"https:\/\/www.umlautrecords.com\/fr\/wp-json\/wp\/v2\/media?parent=186"}],"wp:term":[{"taxonomy":"category","embeddable":true,"href":"https:\/\/www.umlautrecords.com\/fr\/wp-json\/wp\/v2\/categories?post=186"},{"taxonomy":"post_tag","embeddable":true,"href":"https:\/\/www.umlautrecords.com\/fr\/wp-json\/wp\/v2\/tags?post=186"}],"curies":[{"name":"wp","href":"https:\/\/api.w.org\/{rel}","templated":true}]}}